{"id":27415,"date":"2018-07-18T16:02:21","date_gmt":"2018-07-18T16:02:21","guid":{"rendered":"https:\/\/www.sisinternational.com\/?page_id=27415"},"modified":"2026-01-26T17:53:18","modified_gmt":"2026-01-26T22:53:18","slug":"beratung-zu-schonheitsinnovationen","status":"publish","type":"page","link":"https:\/\/www.sisinternational.com\/de\/losungen\/marktforschung-fur-schonheitsprodukte\/beratung-zu-schonheitsinnovationen\/","title":{"rendered":"Beratung zu Sch\u00f6nheitsinnovationen"},"content":{"rendered":"<h1 class=\"wp-block-heading\">Beratung zu Sch\u00f6nheitsinnovationen<\/h1>\n\n\n\n<figure class=\"gb-block-image gb-block-image-85ac4a54\"><img loading=\"lazy\" decoding=\"async\" width=\"1456\" height=\"816\" class=\"gb-image gb-image-85ac4a54\" src=\"https:\/\/www.sisinternational.com\/wp-content\/uploads\/2025\/08\/Personal-care-15.jpg\" alt=\"SIS International Marktforschung &amp; Strategie\" title=\"Personal care (15)\" srcset=\"https:\/\/www.sisinternational.com\/wp-content\/uploads\/2025\/08\/Personal-care-15.jpg 1456w, https:\/\/www.sisinternational.com\/wp-content\/uploads\/2025\/08\/Personal-care-15-300x168.jpg 300w, https:\/\/www.sisinternational.com\/wp-content\/uploads\/2025\/08\/Personal-care-15-1024x574.jpg 1024w, https:\/\/www.sisinternational.com\/wp-content\/uploads\/2025\/08\/Personal-care-15-768x430.jpg 768w, https:\/\/www.sisinternational.com\/wp-content\/uploads\/2025\/08\/Personal-care-15-18x10.jpg 18w\" sizes=\"auto, (max-width: 1456px) 100vw, 1456px\"><\/figure>\n\n\n\n<p><\/p>\n\n\n\n<h2 class=\"wp-block-heading\">SIS startet seine Beauty Innovation Consulting Division f\u00fcr die Sch\u00f6nheits-, Hautpflege- und Haarpflegebranche<\/h2>\n\n\n\n<p><span style=\"font-weight: 400;\">SIS has an existing client base of global beauty companies from its established Market Research division, and announced the expansion of its suite of services to include Innovation, Product Testing, and Trend Consulting solutions. &nbsp;These new services emerged with the growing need for Beauty, Health and Wellness clients to rapidly innovate products amidst a changing Customer Journey and evolving digital landscape. <\/span><\/p>\n\n\n\n<p><span style=\"font-weight: 400;\">Ruth Stanat, CEO and Founder of SIS Beauty Innovation, explained that today\u2019s digital world has led to an explosion of new products, technologies, and new competitors. &nbsp;As a result, SIS Beauty Innovation provides Innovation Consulting, Data, Reports, Insights, Trend Tracking, Influencer Marketing, and Strategic Analysis.<\/span><\/p>\n\n\n\n<h2 class=\"wp-block-heading\"><span style=\"font-weight: 400;\">The full suite of SIS Beauty Innovation solutions includes:<\/span><\/h2>\n\n\n\n<p><strong>Ideengenerierung<\/strong><\/p>\n\n\n\n<ul class=\"wp-block-list\">\n<li><span style=\"font-weight: 400;\">Beratung zu Sch\u00f6nheitsinnovationen<\/span><\/li>\n\n\n\n<li><span style=\"font-weight: 400;\">Trend-Spotting<\/span><\/li>\n<\/ul>\n\n\n\n<p><strong>Produkttests und -validierung<\/strong><\/p>\n\n\n\n<ul class=\"wp-block-list\">\n<li><span style=\"font-weight: 400;\">Beauty Influencer Insights Online-Communitys<\/span><\/li>\n\n\n\n<li><span style=\"font-weight: 400;\">Schwerpunktgruppen<\/span><\/li>\n\n\n\n<li><span style=\"font-weight: 400;\">Produkttests zu Hause<\/span><\/li>\n<\/ul>\n\n\n\n<p><strong>Zur Marktstrategie<\/strong><\/p>\n\n\n\n<ul class=\"wp-block-list\">\n<li><span style=\"font-weight: 400;\">Marktdimensionierung und Prognose<\/span><\/li>\n\n\n\n<li><span style=\"font-weight: 400;\">Wettbewerbsintelligenz<\/span><\/li>\n\n\n\n<li><span style=\"font-weight: 400;\">Beratung, Strategie und Consulting<\/span><\/li>\n<\/ul>\n\n\n\n<p><strong>Beratung<\/strong><\/p>\n\n\n\n<ul class=\"wp-block-list\">\n<li><span style=\"font-weight: 400;\">Veranstaltungsberatung<\/span><\/li>\n\n\n\n<li><span style=\"font-weight: 400;\">Influencer Marketing<\/span><\/li>\n\n\n\n<li><span style=\"font-weight: 400;\">\u00d6ffentliches Reden<\/span><\/li>\n<\/ul>\n\n\n\n<p><span style=\"font-weight: 400;\">The service offering consists of four key solutions: Idea Generation, Product Testing, Go To Market Strategy, and Consulting.<\/span><\/p>\n\n\n\n<h2 class=\"wp-block-heading\">1: Ideenfindung und Marktprognose<\/h2>\n\n\n\n<p><span style=\"font-weight: 400;\">The solutions include identifying consumer trends, patterns, and themes about trending products and behavior. &nbsp;SIS helps companies recommend lists of potential innovation projects. SIS\u2019s team leads agile product development processes to rapidly help clients innovate.<\/span><\/p>\n\n\n\n<h2 class=\"wp-block-heading\">2: Produkttests und -validierung<\/h2>\n\n\n\n<p><span style=\"font-weight: 400;\">SIS tests products and helps companies validate their new product ideas. &nbsp;This is accomplished by building Online Insight Communities, Focus Groups, Consumer Interviews, and In-Home Product Tests.<\/span><\/p>\n\n\n\n<p><strong><span style=\"text-decoration: underline;\">Influencer-Insight-Communitys<\/span><\/strong><\/p>\n\n\n\n<p><span style=\"font-weight: 400;\">SIS builds online communities of trend spotters and beauty influencers including Beauty Conscious Consumers, Cosmetics Artists, Media contacts, Salon owners, Vloggers, Social Media Gurus, and Beauty Bloggers. &nbsp;These influencers provide nuance, candor and feedback on new product concepts, helping Beauty companies to prioritize trends and strategies.<\/span><\/p>\n\n\n\n<p><strong><span style=\"text-decoration: underline;\">Trend-Spotting<\/span><\/strong><\/p>\n\n\n\n<p><span style=\"font-weight: 400;\">SIS announced it has networks of trend spotters in key global cities: New York, Los Angeles, Miami, London, Milan and Shanghai. These trend spotters head to centers of culture to capture and analyze new trends. &nbsp;SIS conducts Online Ethnography research and Social Listening on a variety of social media networks. <\/span><\/p>\n\n\n\n<p><strong><span style=\"text-decoration: underline;\">Fokusgruppen und Kundeninterviews<\/span><\/strong><\/p>\n\n\n\n<p><span style=\"font-weight: 400;\">SIS f\u00fchrt Beauty-Produkttests in eigenen Produkttests durch und <a href=\"https:\/\/www.sisinternational.com\/de\/losungen\/schwerpunktgruppen\/einrichtungen-fur-fokusgruppen-in-nyc\/\">Einrichtung f\u00fcr Fokusgruppen in Manhattan<\/a>, New York City. &nbsp;The company has some of the largest databases of beauty consumers and influencers in New York and across the United States.<\/span><\/p>\n\n\n\n<p><strong><span style=\"text-decoration: underline;\">Anwendungstests zu Hause<\/span><\/strong><\/p>\n\n\n\n<p><span style=\"font-weight: 400;\">SIS f\u00fchrt mit Verbrauchern In-Home-Produkttests durch, um ihnen die M\u00f6glichkeit zu geben, Produkte bequem von zu Hause aus zu testen. <\/span><\/p>\n\n\n\n<h2 class=\"wp-block-heading\">3: Markteinf\u00fchrungsstrategie<\/h2>\n\n\n\n<p><span style=\"font-weight: 400;\">SIS provides Strategic Analysis, <a class=\"wpil_keyword_link\" href=\"https:\/\/www.sisinternational.com\/de\/losungen\/branding-und-kundenforschungslosungen\/omnichannel-marktforschung\/\"   title=\"Omnichannel-Marktforschung\" data-wpil-keyword-link=\"linked\"  data-wpil-monitor-id=\"467\">Omnichannel-Marktforschung<\/a>, Beauty Industry Tracking subscriptions, Monthly competitive products alerts, Quarterly trend analysis, and custom reports.<\/span><\/p>\n\n\n\n<h2 class=\"wp-block-heading\">4: Beratung<\/h2>\n\n\n\n<p><span style=\"font-weight: 400;\">With in-depth access to influencers and beauty-conscious consumers, SIS conducts Event Consulting, Public Speaking and Influencer Marketing. <\/span><\/p>\n\n\n\n<p><span style=\"font-weight: 400;\">SIS hat mit seinem Forschungs- und Beratungsangebot im Bereich Beauty wichtige Differenzierungspunkte identifiziert. &nbsp;<\/span><\/p>\n\n\n\n<ul class=\"wp-block-list\">\n<li><span style=\"font-weight: 400;\">Zugang zu schwer erreichbaren Zielgruppen, darunter verm\u00f6gende Privatpersonen (HNWIs), Beauty-Influencer, Kosmetikk\u00fcnstler und Besitzer von Sch\u00f6nheitssalons. &nbsp;<\/span><\/li>\n\n\n\n<li><span style=\"font-weight: 400;\">Vollst\u00e4ndige Produkttestanlage im Herzen von Manhattan<\/span><\/li>\n\n\n\n<li><span style=\"font-weight: 400;\">SIS verf\u00fcgt \u00fcber f\u00fchrende Abteilungen f\u00fcr Marktforschung und Strategieforschung mit \u00fcber 40 Jahren Erfahrung.<\/span><\/li>\n\n\n\n<li><span style=\"font-weight: 400;\">Globale Abdeckung, Beziehungen und Netzwerke in der Branche<\/span><\/li>\n\n\n\n<li><\/li>\n<\/ul>\n\n\n\n<h2 class=\"wp-block-heading p1\"><span class=\"s1\">\u00dcber SIS Beauty Business Research and Consulting<\/span><\/h2>\n\n\n\n<p class=\"p3\"><span class=\"s1\">Die Sch\u00f6nheits- und Kosmetikbranche ist zweifellos eine der gr\u00f6\u00dften auf globaler Ebene. Sie wird normalerweise in einige Hauptsegmente unterteilt: <\/span><\/p>\n\n\n\n<ul class=\"wp-block-list\">\n<li><span class=\"s1\">Make-up f\u00fcr Augen und Gesicht, Lippenstifte und Glosse sowie Nagellacke<\/span><\/li>\n\n\n\n<li><span class=\"s1\">Hautpflege und Lotionen, mit Produkten f\u00fcr Gesicht, H\u00e4nde und andere K\u00f6rperteile<span class=\"Apple-converted-space\">&nbsp; &nbsp;<\/span><\/span>\n<ul class=\"wp-block-list\">\n<li><span class=\"s1\">Einer der am schnellsten wachsenden Unterbereiche des Premium-Sch\u00f6nheitsmarktes ist die Sonnenschutz-\/Sonnenpflege.&nbsp;<\/span><\/li>\n<\/ul>\n<\/li>\n\n\n\n<li><span class=\"s1\">Haarprodukte wie Shampoos und Sp\u00fclungen, Gele, Sprays und Enthaarungsmittel <\/span><\/li>\n\n\n\n<li><span class=\"s1\"><a href=\"https:\/\/www.sisinternational.com\/de\/losungen\/duftparfummarktforschung\/\" title=\"Parf\u00fcm- und Duftstoffmarktforschung\"  data-wpil-monitor-id=\"6645\">Fragrances and perfumes<\/a>.<\/span><\/li>\n\n\n\n<li><span class=\"s1\">Wenn man Sch\u00f6nheit betrachtet <i>innerhalb<\/i> sowie ohne, dann gibt es Mund- und Atemerfrischer, Zahnpasten und Zahnaufheller, Zahnschienen und Zahnspangen, Sp\u00fclungen und eine Vielzahl einnehmbarer Produkte wie Vitamine, Mineralien und Nahrungserg\u00e4nzungsmittel.<\/span><\/li>\n<\/ul>\n\n\n\n<figure class=\"gb-block-image gb-block-image-93593acd\"><img loading=\"lazy\" decoding=\"async\" width=\"1456\" height=\"816\" class=\"gb-image gb-image-93593acd\" src=\"https:\/\/www.sisinternational.com\/wp-content\/uploads\/2025\/08\/Personal-care-5.jpg\" alt=\"SIS International Marktforschung &amp; Strategie\" title=\"Personal care (5)\" srcset=\"https:\/\/www.sisinternational.com\/wp-content\/uploads\/2025\/08\/Personal-care-5.jpg 1456w, https:\/\/www.sisinternational.com\/wp-content\/uploads\/2025\/08\/Personal-care-5-300x168.jpg 300w, https:\/\/www.sisinternational.com\/wp-content\/uploads\/2025\/08\/Personal-care-5-1024x574.jpg 1024w, https:\/\/www.sisinternational.com\/wp-content\/uploads\/2025\/08\/Personal-care-5-768x430.jpg 768w, https:\/\/www.sisinternational.com\/wp-content\/uploads\/2025\/08\/Personal-care-5-18x10.jpg 18w\" sizes=\"auto, (max-width: 1456px) 100vw, 1456px\"><\/figure>\n\n\n\n<p><\/p>\n\n\n\n<p class=\"p4\"><span class=\"s1\">Recently, consumers have begun to purchase their products online instead of in-store.&nbsp;&nbsp;<\/span>Durch den ausschlie\u00dflichen Online-Verkauf k\u00f6nnen viele neue Unternehmen einen gr\u00f6\u00dferen Verbraucherkreis erreichen, ohne dass die Einrichtung physischer Ladengesch\u00e4fte erforderlich und mit hohen Kosten verbunden ist.<\/p>\n\n\n\n<h2 class=\"wp-block-heading p2\"><span class=\"s1\">Gesch\u00e4ftsm\u00f6glichkeiten im Sch\u00f6nheitsbereich<\/span><\/h2>\n\n\n\n<p class=\"p2\"><span class=\"s1\">Wenn Ihr Unternehmen Produkte oder Dienstleistungen im Sch\u00f6nheitsmarkt anbietet, wissen Sie, dass es mehrere M\u00f6glichkeiten gibt, Ihren Marktanteil und Ihren Gewinn zu steigern.<\/span><\/p>\n\n\n\n<ul class=\"wp-block-list\">\n<li><span class=\"s1\">Entwicklung neuer Produkte und Produkterweiterungen<\/span><\/li>\n\n\n\n<li><span class=\"s1\">Finding and using new distribution channels (online, YouTube, direct to consumer, dedicated retail specialty stores, in-home sales) vs drug stores and department stores<\/span><\/li>\n\n\n\n<li><span class=\"s1\">Globalisierung \u2013 Schwellenm\u00e4rkte (vor allem im Asien-Pazifik-Raum) sind sich einer Vielzahl von Sch\u00f6nheitsprodukten st\u00e4rker bewusst und kaufen diese auch.<\/span><\/li>\n<\/ul>\n\n\n\n<h2 class=\"wp-block-heading p2\"><span class=\"s1\">Herausforderungen im Beauty-Gesch\u00e4ft <\/span><\/h2>\n\n\n\n<p class=\"p2\"><span class=\"s1\">Many issues need to be addressed in terms of what consumers seek from a beauty or cosmetic product. Some areas concern the following features:<\/span><\/p>\n\n\n\n<ul class=\"wp-block-list\">\n<li><span class=\"s1\">Prestige<\/span><\/li>\n\n\n\n<li><span class=\"s1\">Wert<\/span><\/li>\n\n\n\n<li><span class=\"s1\">Hygiene \u2014<span class=\"Apple-converted-space\">&nbsp; <\/span>zB Seifenst\u00fcck vs. Duschgel; Roll-On vs. Deospray<\/span><\/li>\n\n\n\n<li><span class=\"s1\">Geruch \u2013 z. B. subtil oder stark, kr\u00e4uterig oder blumig<\/span><\/li>\n\n\n\n<li><span class=\"s1\">Inhaltsstoffe \u2014 z. B. nicht allergen, sicher, umweltfreundlich<\/span><\/li>\n\n\n\n<li><span class=\"s1\">innovativ \u2013 z. B. neue Farben oder Farbt\u00f6ne, vielseitig einsetzbar, l\u00e4nger haltbar<\/span><\/li>\n\n\n\n<li><span class=\"s1\">in manchen F\u00e4llen strenge Tests, um die Zulassung der FDA oder einer anderen Beh\u00f6rde zu erhalten.<\/span><\/li>\n<\/ul>\n\n\n\n<h2 class=\"wp-block-heading p2\"><span class=\"s1\">Wie Beauty-Marktforschung hilft <\/span><\/h2>\n\n\n\n<p class=\"p2\"><span class=\"s1\">Marktforschung kann Ihnen dabei helfen, besser <i>verstehen<\/i> <i>Ihr aktueller Markt<\/i> sowie <i>Anleitung geben<\/i> <i>\u00fcber die Zukunft<\/i>.&nbsp;&nbsp;<\/span><span class=\"s1\">Zu den Themen und beispielhaften Fragen, die h\u00e4ufig auftreten, geh\u00f6ren:<\/span><\/p>\n\n\n\n<ul class=\"wp-block-list\">\n<li><span class=\"s1\">Ihre Kunden und Interessenten<\/span>\n<ul class=\"wp-block-list\">\n<li><span class=\"s1\">Wie gro\u00df sind die potenziellen Schl\u00fcsselsegmente?<\/span><\/li>\n\n\n\n<li><span class=\"s1\">Wie unterscheiden sie sich hinsichtlich Lebensstil \u2013 Generation, Einkommen, Geschlecht und sexueller Identit\u00e4t?<\/span><\/li>\n\n\n\n<li><span class=\"s1\">Wie werden Sch\u00f6nheitsprodukte global und regional wahrgenommen? <\/span><\/li>\n\n\n\n<li><span class=\"s1\">Welchen Einfluss haben kulturelle und \u00f6kologische Faktoren?&nbsp;<\/span><\/li>\n\n\n\n<li><span class=\"s1\">Rolle von Probierangeboten oder Proben bei zuk\u00fcnftigen K\u00e4ufen\/<\/span><\/li>\n<\/ul>\n<\/li>\n\n\n\n<li><span class=\"s1\">Verpackungs- und Preisstrategien<\/span>\n<ul class=\"wp-block-list\">\n<li><span class=\"s1\">Art und Gr\u00f6\u00dfe k\u00f6nnen sich auf akzeptable Preise auswirken sowie auf die Aufmerksamkeit und in manchen F\u00e4llen auch auf die Funktionalit\u00e4t des Produkts)<\/span><\/li>\n\n\n\n<li><span class=\"s1\">Familiengr\u00f6\u00dfe oder kleiner, leichter zu tragen?<\/span><\/li>\n\n\n\n<li><span class=\"s1\">K\u00f6nnen Passagiere die Sicherheitskontrolle am Flughafen passieren?<\/span><\/li>\n\n\n\n<li><span class=\"s1\">Bereit, f\u00fcr kleinere Produkte zum einmaligen Gebrauch einen Aufpreis zu zahlen?<\/span><\/li>\n\n\n\n<li><span class=\"s1\">Gr\u00fcn oder umweltfreundlich? (nachf\u00fcllbar, recycelbar)<\/span><\/li>\n<\/ul>\n<\/li>\n\n\n\n<li><span class=\"s1\">Ihre Konkurrenz <\/span>\n<ul class=\"wp-block-list\">\n<li><span class=\"s1\">Entwickeln sie neue Produkte, Vertriebsh\u00e4ndler oder M\u00e4rkte?<\/span><\/li>\n<\/ul>\n<\/li>\n\n\n\n<li><span class=\"s1\">\u00dcberwachung und Bewertung aktueller Trends in Ihrem Markt<\/span>\n<ul class=\"wp-block-list\">\n<li><span class=\"s1\">Was \u00e4ndert sich, wo und welche Auswirkungen hat es auf Ihr Unternehmen?<\/span><\/li>\n\n\n\n<li><span class=\"s1\">Vorhersagen, was als n\u00e4chstes kommt<\/span><\/li>\n<\/ul>\n<\/li>\n<\/ul>\n\n\n\n<p class=\"p7\"><span class=\"s1\">Dar\u00fcber hinaus erhalten Sie durch Marktforschung Einblicke in die <i>Kundenreise<\/i> und was den Umsatz in dieser Kategorie antreibt. <\/span><\/p>\n\n\n\n<ul class=\"wp-block-list\">\n<li><span class=\"s1\">Einkaufsverhalten<\/span><\/li>\n\n\n\n<li><span class=\"s1\">Influencer kaufen<\/span><\/li>\n\n\n\n<li><span class=\"s1\">Markenbekanntheit<\/span><\/li>\n\n\n\n<li><span class=\"s1\">Verwendung<\/span><\/li>\n\n\n\n<li><span class=\"s1\">Wahrnehmungen<\/span><\/li>\n\n\n\n<li><span class=\"s1\">Interessant w\u00e4re auch die Untersuchung des Einflusses und der Verwendung der folgenden Punkte w\u00e4hrend des gesamten Kaufprozesses<\/span>\n<ul class=\"wp-block-list\">\n<li><span class=\"s1\">Technologie (Smartphones, Apps)<\/span><\/li>\n\n\n\n<li><span class=\"s1\">soziale Medien (YouTube, Instagram, Facebook, Snapchat, Mundpropaganda)<\/span><\/li>\n<\/ul>\n<\/li>\n<\/ul>\n\n\n\n<p class=\"p2\"><span class=\"s1\">Die Marktforschungsbranche bietet eine Vielzahl von Dienstleistungen an. Sie k\u00f6nnen ein Unternehmen damit beauftragen, Ihre Produkte zu untersuchen und Antworten auf alle Ihre Fragen in den H\u00e4usern der Kunden, in Fokusgruppeneinrichtungen, in Einkaufszentren und in Einzelhandelsgesch\u00e4ften zu erhalten. <\/span><\/p>\n\n\n\n<p class=\"p2\"><span class=\"s1\">Themen, die keinen tats\u00e4chlichen Kontakt mit dem Produkt erfordern (z. B. Konzepte, Preise, Verwendungsanl\u00e4sse), k\u00f6nnen online, telefonisch oder \u00fcber mobile Ger\u00e4te recherchiert werden.<\/span><\/p>\n\n\n\n<h2 class=\"wp-block-heading p6\"><span class=\"s1\">Globale Trends<\/span><\/h2>\n\n\n\n<p class=\"p6\"><span class=\"s1\">Das Sch\u00f6nheitskonzept unterliegt weltweit einem st\u00e4ndigen Wandel. Daher sind Verbraucher auf der Suche nach neuen Produkten und Dienstleistungen mit neuen Eigenschaften und Vorteilen.<\/span><\/p>\n\n\n\n<p class=\"p6\"><span class=\"s1\">Sie erfahren aus vielen neuen Quellen und von Meinungsf\u00fchrern etwas \u00fcber Sch\u00f6nheit und verhalten sich beim Kauf anders als noch vor ein paar Jahren.<\/span><\/p>\n\n\n\n<p class=\"p6\"><span class=\"s1\">Ein versierter Vermarkter muss nicht nur wissen, was gerade im Trend ist, sondern auch in der Lage sein, globale Trends und Erkenntnisse zu nutzen, um die <\/span><span class=\"s6\">Das n\u00e4chste gro\u00dfe Ding<\/span><span class=\"s1\"> (\u201eNBT\u201c).<\/span><\/p>\n\n\n\n<h2 class=\"wp-block-heading\">\u00dcber SIS International Research Inc.<\/h2>\n\n\n\n<p><span style=\"font-weight: 400;\">SIS International Research (<a href=\"https:\/\/www.sisinternational.com\/de\/\">www.sisinternational.com<\/a>) is a leading global full-service Market Research &amp; Strategic Market Intelligence firm providing comprehensive market research solutions in China, Asia, the Americas, Europe and worldwide. The company provides Qualitative Research, Quantitative Data Collection, <a href=\"https:\/\/www.sisinternational.com\/de\/sachverstand\/branchen\/broadway-marktforschung\/\" title=\"Broadway Marktforschung\"  data-wpil-monitor-id=\"6128\">Market Intelligence and Market Strategy Research<\/a>.<\/span><\/p>\n\n\n\n<p><span style=\"font-weight: 400;\">Headquartered in New York City and founded in 1984, the company has key offices in London, Miami, Los Angeles, Paris, and Shanghai. Our coverage is Nationwide US, Europe, the Middle East, Africa, and Asia and we serve over 50 industries. SIS offers many other innovative products and services for our client\u2019s decision-making.&nbsp; We have a <a href=\"https:\/\/www.sisinternational.com\/de\/losungen\/schwerpunktgruppen\/einrichtungen-fur-fokusgruppen-in-nyc\/\">Einrichtung f\u00fcr das Testen von Sch\u00f6nheitsprodukten und Fokusgruppen<\/a> im Herzen von Manhattan.<\/span><\/p>\n\n\n\n<p><\/p>","protected":false},"excerpt":{"rendered":"<p>SIS ist ein f\u00fchrendes Innovationsberatungsunternehmen im Beauty-Bereich, das Ideenfindung, Trendverfolgung, Produkttests und Markteinf\u00fchrungsstrategien anbietet.<\/p>","protected":false},"author":1,"featured_media":62487,"parent":27176,"menu_order":1,"comment_status":"closed","ping_status":"closed","template":"","meta":{"footnotes":""},"class_list":["post-27415","page","type-page","status-publish","has-post-thumbnail"],"_links":{"self":[{"href":"https:\/\/www.sisinternational.com\/de\/wp-json\/wp\/v2\/pages\/27415","targetHints":{"allow":["GET"]}}],"collection":[{"href":"https:\/\/www.sisinternational.com\/de\/wp-json\/wp\/v2\/pages"}],"about":[{"href":"https:\/\/www.sisinternational.com\/de\/wp-json\/wp\/v2\/types\/page"}],"author":[{"embeddable":true,"href":"https:\/\/www.sisinternational.com\/de\/wp-json\/wp\/v2\/users\/1"}],"replies":[{"embeddable":true,"href":"https:\/\/www.sisinternational.com\/de\/wp-json\/wp\/v2\/comments?post=27415"}],"version-history":[{"count":7,"href":"https:\/\/www.sisinternational.com\/de\/wp-json\/wp\/v2\/pages\/27415\/revisions"}],"predecessor-version":[{"id":80225,"href":"https:\/\/www.sisinternational.com\/de\/wp-json\/wp\/v2\/pages\/27415\/revisions\/80225"}],"up":[{"embeddable":true,"href":"https:\/\/www.sisinternational.com\/de\/wp-json\/wp\/v2\/pages\/27176"}],"wp:featuredmedia":[{"embeddable":true,"href":"https:\/\/www.sisinternational.com\/de\/wp-json\/wp\/v2\/media\/62487"}],"wp:attachment":[{"href":"https:\/\/www.sisinternational.com\/de\/wp-json\/wp\/v2\/media?parent=27415"}],"curies":[{"name":"wp","href":"https:\/\/api.w.org\/{rel}","templated":true}]}}