{"id":27363,"date":"2018-07-14T22:43:29","date_gmt":"2018-07-14T22:43:29","guid":{"rendered":"https:\/\/www.sisinternational.com\/?page_id=27363"},"modified":"2026-03-05T23:45:55","modified_gmt":"2026-03-06T04:45:55","slug":"babyboomer-schonheitsmarktforschung","status":"publish","type":"page","link":"https:\/\/www.sisinternational.com\/de\/sachverstand\/babyboomer-schonheitsmarktforschung\/","title":{"rendered":"Baby-Boomer-Beauty-Marktforschung"},"content":{"rendered":"<h1 class=\"wp-block-heading\">Baby-Boomer-Beauty-Marktforschung<\/h1>\n\n\n\n<figure class=\"gb-block-image gb-block-image-83c2f6ee\"><img loading=\"lazy\" decoding=\"async\" width=\"1456\" height=\"816\" class=\"gb-image gb-image-83c2f6ee\" src=\"https:\/\/www.sisinternational.com\/wp-content\/uploads\/2025\/08\/CEO-woman-business-woman-1.jpg\" alt=\"SIS International Marktforschung &amp; Strategie\" title=\"CEO woman business woman (1)\" srcset=\"https:\/\/www.sisinternational.com\/wp-content\/uploads\/2025\/08\/CEO-woman-business-woman-1.jpg 1456w, https:\/\/www.sisinternational.com\/wp-content\/uploads\/2025\/08\/CEO-woman-business-woman-1-300x168.jpg 300w, https:\/\/www.sisinternational.com\/wp-content\/uploads\/2025\/08\/CEO-woman-business-woman-1-1024x574.jpg 1024w, https:\/\/www.sisinternational.com\/wp-content\/uploads\/2025\/08\/CEO-woman-business-woman-1-768x430.jpg 768w, https:\/\/www.sisinternational.com\/wp-content\/uploads\/2025\/08\/CEO-woman-business-woman-1-18x10.jpg 18w\" sizes=\"auto, (max-width: 1456px) 100vw, 1456px\"><\/figure>\n\n\n\n<p><\/p>\n\n\n\n<h2 class=\"wp-block-heading\"><strong>Geburtenstarke Jahrg\u00e4nge<\/strong> sind Erwachsene, die w\u00e4hrend eines 18-j\u00e4hrigen Zeitraums ab 1946 geboren wurden.<\/h2>\n\n\n\n<p>Today, they range in age from their mid-50s to their low 70s. Within this market segment, however, there are differences between the younger to the older group.\u00a0Even before reaching their 50s, most baby boomers have seen their hair turn gray, while their skin becomes looser and develops wrinkles. And weight is more of an issue as maintaining or losing pounds becomes more of a challenge. One result of these changes is an increase in their desire for anti-aging products and services.<\/p>\n\n\n\n<h2 class=\"wp-block-heading\">Frauen sind nicht die einzigen K\u00e4ufer von Beauty- und K\u00f6rperpflegeprodukten.<\/h2>\n\n\n\n<p>Im Gegensatz zur Generation ihrer Eltern, eine \u00fcberraschende und <u>wachsende Zahl von M\u00e4nnern der Babyboomer-Generation <\/u>nehmen sie auch an und konsumieren sie. Bezeichnend ist, dass die Babyboomer als Gruppe zwar etwa gleich gro\u00df sind wie das j\u00fcngere Millennial-Segment, aber mehr Geld und Kaufkraft haben.<\/p>\n\n\n\n<h2 class=\"wp-block-heading\">Die Bedeutung von Sch\u00f6nheit und Hautpflege<\/h2>\n\n\n\n<p>Beauty is a broad term that refers to the entire look that a person presents to the public.&nbsp;&nbsp;Skincare is how one takes <a href=\"https:\/\/www.sisinternational.com\/de\/sachverstand\/branchen\/forschungstests-zur-hautpflege\/\" title=\"Hautpflegeforschung und -tests\"  data-wpil-monitor-id=\"10764\">care of their skin<\/a> to keep it healthy.&nbsp;Cosmetics or makeup is used to <strong>erweitern<\/strong> das Aussehen, oft mit dem Ziel, die Haut glatter, strahlender oder schimmernder zu machen, um sie sch\u00f6ner zu machen. Sch\u00f6nheit hat einen wichtigen Einfluss auf Gesundheit, Selbstwertgef\u00fchl und Gl\u00fcck.<\/p>\n\n\n\n<h2 class=\"wp-block-heading\">Baby-Boomer-Sch\u00f6nheitsmarktlandschaft<\/h2>\n\n\n\n<p>Es gibt eine breite Palette von Produkten, die <strong>angewandt<\/strong> auf alle Teile des K\u00f6rpers \u2013 buchst\u00e4blich <em>von Kopf bis Fu\u00df.\u00a0<\/em>Then some can be <strong>eingenommen<\/strong><u>,<\/u> um die Gesundheit von innen heraus zu f\u00f6rdern. Der folgende Inhalt vermittelt einen Eindruck vom Umfang dieses Marktes und kann Ihnen dabei helfen, dieses gro\u00dfe und wohlhabende Segment zu erreichen.<\/p>\n\n\n\n<h2 class=\"wp-block-heading\">\u00dcbersicht Sch\u00f6nheitsprodukte<\/h2>\n\n\n\n<p>F\u00fcr <strong>Haut<\/strong>Gesicht, Augen und Lippen erhalten normalerweise die meiste Aufmerksamkeit und es gibt viele verschiedene Aspekte, die darauf abzielen, welche Produkte wie aufgetragen werden, um das Aussehen zu optimieren. Im Folgenden finden Sie einige wichtige Produkte, die dabei helfen, dieses Ziel am gesamten K\u00f6rper zu erreichen.<\/p>\n\n\n\n<ul class=\"wp-block-list\">\n<li>Feuchtigkeitscreme<\/li>\n\n\n\n<li>Lotion<\/li>\n\n\n\n<li>Grundierung<\/li>\n\n\n\n<li>Stiftung<\/li>\n\n\n\n<li>Fixierpuder<\/li>\n\n\n\n<li>Textmarker<\/li>\n\n\n\n<li>Lidstrich<\/li>\n\n\n\n<li>Wimpern<\/li>\n\n\n\n<li>Lippenstift<\/li>\n\n\n\n<li>Glanz<\/li>\n<\/ul>\n\n\n\n<p>F\u00fcr <strong>Haar<\/strong>, seine Pflege und sein Aussehen, die Liste umfasst, ist aber nicht beschr\u00e4nkt auf<\/p>\n\n\n\n<ul class=\"wp-block-list\">\n<li>Shampoo<\/li>\n\n\n\n<li>Sp\u00fclung<\/li>\n\n\n\n<li>Farbstoff<\/li>\n\n\n\n<li>Haargl\u00e4tter<\/li>\n\n\n\n<li>Gel<\/li>\n\n\n\n<li>mousse<\/li>\n\n\n\n<li>Wachstumsf\u00f6rderung, Entfernung\/Peeling<\/li>\n\n\n\n<li>Rasierer und Pflegeger\u00e4te<\/li>\n\n\n\n<li>Per\u00fccken<\/li>\n\n\n\n<li>Erweiterungen<\/li>\n<\/ul>\n\n\n\n<p>F\u00fcr <strong>H\u00e4nde und F\u00fc\u00dfe<\/strong> there is nail polish in addition to creams and lotions.&nbsp;For <strong>innen<\/strong> Zur Verbesserung des eigenen K\u00f6rpers gibt es Produkte zur Gewichtsabnahme, spezielle Vitamine, Nahrungserg\u00e4nzungsmittel und Getr\u00e4nke.<\/p>\n\n\n\n<p>Zu den Outdoor-Produkten z\u00e4hlen:<\/p>\n\n\n\n<ul class=\"wp-block-list\">\n<li>Sonnenbrillen zum Schutz der Augen (und als modisches Statement)<\/li>\n\n\n\n<li>Sonnencreme zum Schutz der Haut<\/li>\n\n\n\n<li>Schutzkleidung mit UV-Schutz<\/li>\n<\/ul>\n\n\n\n<h2 class=\"wp-block-heading\">\u00dcbersicht \u00fcber Sch\u00f6nheitsservices<\/h2>\n\n\n\n<p>Es gibt eine Vielzahl von Dienstleistungen, die von ausgebildeten Fachleuten und \u00c4rzten mit vielen verschiedenen Fachgebieten angeboten werden. Medizinische Verfahren werden von plastischen Chirurgen, Dermatologen, Podologen, Ern\u00e4hrungsberatern und anderen angeboten.<\/p>\n\n\n\n<p><strong>Sch\u00f6nheitsmedizinische Verfahren umfassen:<\/strong><\/p>\n\n\n\n<ul class=\"wp-block-list\">\n<li>Lippen, Hals, Kinn, Dehnungsstreifen, schlaffe Oberarme usw.\n<ul class=\"wp-block-list\">\n<li>Biesen oder Verkleinerungen<\/li>\n\n\n\n<li>Verst\u00e4rkungen (Silikon)<\/li>\n<\/ul>\n<\/li>\n\n\n\n<li>Haarwiederherstellung, Implantate<\/li>\n\n\n\n<li>Fettentfernung und Konturierung mittels Fettabsaugung oder CoolSculpting<\/li>\n\n\n\n<li>Entfernung von Altersflecken, Besenreisern, Rosazea und T\u00e4towierungen \u2013 h\u00e4ufig mithilfe von Lasern oder anderen Technologien.<\/li>\n<\/ul>\n\n\n\n<p><strong>Dienstleistungen k\u00f6nnen in Sch\u00f6nheitseinrichtungen wie den folgenden durchgef\u00fchrt werden:<\/strong><\/p>\n\n\n\n<ul class=\"wp-block-list\">\n<li>Yogastudios<\/li>\n\n\n\n<li>Pilates- und \u00e4hnliche \u00dcbungsr\u00e4ume<\/li>\n\n\n\n<li>Fitnessclubs und Fitnessstudios<\/li>\n\n\n\n<li>Spas<\/li>\n\n\n\n<li>Massagestudios<\/li>\n\n\n\n<li>Nagelstudios, in denen sowohl Manik\u00fcre als auch Pedik\u00fcre (\u201eMani-Pedis\u201c) angeboten werden<\/li>\n<\/ul>\n\n\n\n<h2 class=\"wp-block-heading\">Die Babyboomer-Sch\u00f6nheitsmarktchance<\/h2>\n\n\n\n<p>Der <a href=\"https:\/\/www.sisinternational.com\/de\/losungen\/marktforschung-fur-schonheitsprodukte\/babyboomer-wellness-marktforschung\/\" title=\"Baby-Boomer-Wellness-Marktforschung\"  data-wpil-monitor-id=\"10761\">Baby Boomer Beauty market<\/a> represents a large untapped market for beauty companies.&nbsp;Consider the following:<\/p>\n\n\n\n<ul class=\"wp-block-list\">\n<li>In den Vereinigten Staaten gibt es etwa 75 Millionen Babyboomer (51 bis 69 Jahre, geboren zwischen 1946 und 1964).<\/li>\n\n\n\n<li>\u00dcber 501\u00a0T\u00a0Prozent der US-Bev\u00f6lkerung werden dieses Jahr \u00fcber 50\u00a0Jahre alt sein.<\/li>\n\n\n\n<li>Im Laufe der n\u00e4chsten zwanzig Jahre d\u00fcrften die Ausgaben der \u00fcber 50-J\u00e4hrigen um 581 Billionen TP3 auf 1 Billion TP4,74 Billionen steigen.<\/li>\n\n\n\n<li>Im Gegensatz dazu d\u00fcrften die Ausgaben der j\u00fcngeren Amerikaner im Alter zwischen 25 und 50 Jahren nur um etwa 241 TP3B steigen.<\/li>\n\n\n\n<li>Dar\u00fcber hinaus werden die Babyboomer in den n\u00e4chsten 20 Jahren etwa $15 Billionen erben.<\/li>\n<\/ul>\n\n\n\n<p>Ruth Stanat, founder of SIS <a class=\"wpil_keyword_link\" href=\"https:\/\/www.sisinternational.com\/de\/losungen\/marktforschung-fur-schonheitsprodukte\/beratung-zu-schonheitsinnovationen\/\"   title=\"Beratung zu Sch\u00f6nheitsinnovationen\" data-wpil-keyword-link=\"linked\"  data-wpil-monitor-id=\"469\">Beratung zu Sch\u00f6nheitsinnovationen<\/a>, believes Baby Boomers will ignite a consumer spending boom over the next several years.&nbsp; Not only is 70% of U.S. disposable income controlled by Baby Boomers, but they also spend over $3.2 trillion every year. This market is too big to ignore for investors and entrepreneurs alike.<\/p>\n\n\n\n<ul class=\"wp-block-list\">\n<li>Generell m\u00f6chten Frauen aus der Babyboomer-Generation die Zeit nicht mit Anti-Aging-Produkten zur\u00fcckdrehen. Stattdessen w\u00fcnschen sie sich Produkte, die Haut-, Haar- und Gesundheitsprobleme direkt angehen und gleichzeitig Wert darauf legen, dass sie sich gut f\u00fchlen und gut aussehen.<\/li>\n\n\n\n<li>Die meisten suchen nach Produkten mit feuchtigkeitsspendenden Eigenschaften f\u00fcr trockene Haut, w\u00e4hrend nur ein kleinerer Prozentsatz an Anti-Aging-Aussagen interessiert ist.<\/li>\n\n\n\n<li>Im Gegensatz zu den Frauen der Generation Y, die gerne neue Marken und Produkte ausprobieren, verf\u00fcgt die \u00fcberwiegende Mehrheit der Frauen der Babyboomer-Generation bereits \u00fcber eine etablierte Haut- und Haarpflegeroutine.<\/li>\n\n\n\n<li>Impulsk\u00e4ufe kommen bei Frauen der Babyboomer-Generation selten vor, da immer weniger von ihnen angeben, sie w\u00fcrden spontan ein Sch\u00f6nheitsprodukt kaufen.<\/li>\n\n\n\n<li>Ein kleiner Prozentsatz der Frauen aus der Babyboomer-Generation gibt an, dass sie aktiv nach neuen Produkten suchen w\u00fcrden, anstatt nach den Marken, denen sie derzeit vertrauen. Diese Verbraucherinnen sind Marken schon seit langem treu, was f\u00fcr neue Marken eine Herausforderung sein kann.<\/li>\n\n\n\n<li>Brands\/products can focus on the <a href=\"https:\/\/www.sisinternational.com\/de\/mystery-shopping-for-beauty-products\/\" title=\"Mystery Shopping for Beauty Products\"  data-wpil-monitor-id=\"10769\">beauty and health benefits of their products<\/a>, as well as offer free trials touting the health benefits are important to Boomers at this stage of their lives.<\/li>\n<\/ul>\n\n\n\n<p>Baby boomers represent an \u201cuntapped\u201d <a href=\"https:\/\/www.sisinternational.com\/de\/beauty-market-research-in-the-us\/\" title=\"Beauty Market Research in the US\"  data-wpil-monitor-id=\"882\">market for beauty<\/a> companies. Understanding the needs and wants of a <a href=\"https:\/\/www.sisinternational.com\/de\/top-unternehmen-fur-b2b-nachfragegenerierung\/\" title=\"Top-Unternehmen f\u00fcr B2B-Nachfragegenerierung\"  data-wpil-monitor-id=\"10770\">generation can drive advantage for Beauty companies<\/a>.<\/p>\n\n\n\n<h2 class=\"wp-block-heading\">Neue M\u00f6glichkeiten entdecken<\/h2>\n\n\n\n<p>Beauty companies may be limiting their beauty <a href=\"https:\/\/www.sisinternational.com\/de\/\" title=\"Startseite\"  data-wpil-monitor-id=\"10757\">research and strategy<\/a> to consumers between the ages of 21 and 45.\u00a0 \u00a0SIS has also noticed that beauty companies tend to exclude men as potential customers.\u00a0 These segments can be profitable, loyal, and can provide new growth opportunities.\u00a0 Market Research uncovers insights, data and strategies about these segments.<\/p>\n\n\n\n<h2 class=\"wp-block-heading\">\u00dcber Baby Boomer Beauty Market Research<\/h2>\n\n\n\n<p>With the motivation and desire to look younger and healthier, baby boomers are willing to invest their time and money on an increasing number of <a href=\"https:\/\/www.sisinternational.com\/de\/losungen\/geschmackstest\/beauty-product-testing\/\" title=\"Beauty Product Testing\"  data-wpil-monitor-id=\"10766\">beauty and skincare products<\/a> and services, including those that are innovative and often utilize new technologies.<\/p>\n\n\n\n<p>If your business is involved with this <a href=\"https:\/\/www.sisinternational.com\/de\/global-beverage-market\/\" title=\"Global Beverage Market: Market Dynamics, Growth Projections &amp; Consumer Insights\"  data-wpil-monitor-id=\"10762\">dynamic and growing market<\/a>, it is critical to constantly monitor the lifestyles and behaviors of this age group towards their well-being.&nbsp;Across the 18 year range of ages for this group, between genders and other variables, there will be differences worth studying that can inform better marketing decisions.<\/p>\n\n\n\n<p>N\u00fctzliche Marktforschungsmethoden umfassen:<\/p>\n\n\n\n<ul class=\"wp-block-list\">\n<li>Pers\u00f6nliche Fokusgruppen<\/li>\n\n\n\n<li>Verbraucherinterviews<\/li>\n\n\n\n<li>Ethnographie<\/li>\n\n\n\n<li>Telefonische und mobile Umfragen<\/li>\n\n\n\n<li><a href=\"https:\/\/www.sisinternational.com\/de\/losungen\/b2b-online-community-marktforschungsunternehmen\/\" title=\"B2B Online Community Marktforschungsunternehmen\"  data-wpil-monitor-id=\"10768\">Online-Insight-Communitys<\/a><\/li>\n<\/ul>\n\n\n\n<p><\/p>","protected":false},"excerpt":{"rendered":"<p>Die Babyboomer stellen f\u00fcr Kosmetikunternehmen einen unerschlossenen Markt dar. Das Verst\u00e4ndnis f\u00fcr die Bed\u00fcrfnisse und W\u00fcnsche einer Generation kann f\u00fcr Kosmetikunternehmen von Vorteil sein.<\/p>","protected":false},"author":1,"featured_media":64871,"parent":14514,"menu_order":36,"comment_status":"closed","ping_status":"closed","template":"","meta":{"footnotes":""},"class_list":["post-27363","page","type-page","status-publish","has-post-thumbnail"],"_links":{"self":[{"href":"https:\/\/www.sisinternational.com\/de\/wp-json\/wp\/v2\/pages\/27363","targetHints":{"allow":["GET"]}}],"collection":[{"href":"https:\/\/www.sisinternational.com\/de\/wp-json\/wp\/v2\/pages"}],"about":[{"href":"https:\/\/www.sisinternational.com\/de\/wp-json\/wp\/v2\/types\/page"}],"author":[{"embeddable":true,"href":"https:\/\/www.sisinternational.com\/de\/wp-json\/wp\/v2\/users\/1"}],"replies":[{"embeddable":true,"href":"https:\/\/www.sisinternational.com\/de\/wp-json\/wp\/v2\/comments?post=27363"}],"version-history":[{"count":7,"href":"https:\/\/www.sisinternational.com\/de\/wp-json\/wp\/v2\/pages\/27363\/revisions"}],"predecessor-version":[{"id":81764,"href":"https:\/\/www.sisinternational.com\/de\/wp-json\/wp\/v2\/pages\/27363\/revisions\/81764"}],"up":[{"embeddable":true,"href":"https:\/\/www.sisinternational.com\/de\/wp-json\/wp\/v2\/pages\/14514"}],"wp:featuredmedia":[{"embeddable":true,"href":"https:\/\/www.sisinternational.com\/de\/wp-json\/wp\/v2\/media\/64871"}],"wp:attachment":[{"href":"https:\/\/www.sisinternational.com\/de\/wp-json\/wp\/v2\/media?parent=27363"}],"curies":[{"name":"wp","href":"https:\/\/api.w.org\/{rel}","templated":true}]}}