{"id":27312,"date":"2018-07-12T04:20:13","date_gmt":"2018-07-12T04:20:13","guid":{"rendered":"https:\/\/www.sisinternational.com\/?page_id=27312"},"modified":"2026-03-12T13:35:21","modified_gmt":"2026-03-12T17:35:21","slug":"lebensmittel-und-getranketechnologie-marktforschung-lebensmitteltechnologie","status":"publish","type":"page","link":"https:\/\/www.sisinternational.com\/de\/losungen\/marktforschung-fur-die-lebensmittel-und-getrankeindustrie\/lebensmittel-und-getranketechnologie-marktforschung-lebensmitteltechnologie\/","title":{"rendered":"Marktforschung f\u00fcr Lebensmittel- und Getr\u00e4nketechnologie | Food Tech"},"content":{"rendered":"<h1 class=\"wp-block-heading\">Marktforschung f\u00fcr Lebensmittel- und Getr\u00e4nketechnologie<\/h1>\n\n\n\n<figure class=\"gb-block-image gb-block-image-7ea5edf4\"><img loading=\"lazy\" decoding=\"async\" width=\"1456\" height=\"816\" class=\"gb-image gb-image-7ea5edf4\" src=\"https:\/\/www.sisinternational.com\/wp-content\/uploads\/2025\/08\/Food-taste-testing-17.jpg\" alt=\"SIS International Marktforschung &amp; Strategie\" title=\"Food taste testing (17)\" srcset=\"https:\/\/www.sisinternational.com\/wp-content\/uploads\/2025\/08\/Food-taste-testing-17.jpg 1456w, https:\/\/www.sisinternational.com\/wp-content\/uploads\/2025\/08\/Food-taste-testing-17-300x168.jpg 300w, https:\/\/www.sisinternational.com\/wp-content\/uploads\/2025\/08\/Food-taste-testing-17-1024x574.jpg 1024w, https:\/\/www.sisinternational.com\/wp-content\/uploads\/2025\/08\/Food-taste-testing-17-768x430.jpg 768w, https:\/\/www.sisinternational.com\/wp-content\/uploads\/2025\/08\/Food-taste-testing-17-18x10.jpg 18w\" sizes=\"auto, (max-width: 1456px) 100vw, 1456px\"><\/figure>\n\n\n\n<p><\/p>\n\n\n\n<h2 class=\"wp-block-heading\">Digital Tech pr\u00e4sentiert mithilfe der Marktforschung f\u00fcr Lebensmittel- und Getr\u00e4nketechnologie neue M\u00f6glichkeiten zur Kundenbindung und Rentabilit\u00e4t.<\/h2>\n\n\n\n<p><span style=\"font-weight: 400;\">Apps, tools, mobile payments and smartphones are revolutionizing how consumers eat.&nbsp; When examining the impact of technology on the food industry, there is the business perspective as well as the consumer view.<\/span><\/p>\n\n\n\n<h2 class=\"wp-block-heading\">Marktforschung f\u00fcr Lebensmittel- und Getr\u00e4nketechnologie f\u00fcr Lebensmittelunternehmen<\/h2>\n\n\n\n<p><span style=\"font-weight: 400;\">Every part of the food industry has witnessed, and continues to see, the influence of technology. Several ways advances in technology can affect the food industry\u2019s \u201cfood chain<\/span>.\u201d<\/p>\n\n\n\n<ul class=\"wp-block-list\">\n<li><span style=\"font-weight: 400;\">Hierzu z\u00e4hlen der Anbau, die Ernte, die Produktion\/Verarbeitung und die Verpackung von Lebensmitteln.<\/span><\/li>\n\n\n\n<li><span style=\"font-weight: 400;\">Es umfasst au\u00dferdem die Lagerlogistik, den Vertrieb, die Auslieferung und die Nachverfolgung der Verk\u00e4ufe an den Verbraucher.<\/span><\/li>\n\n\n\n<li><span style=\"font-weight: 400;\">Zu den wichtigsten Aspekten geh\u00f6ren Sicherheitspr\u00fcfungen und <\/span><span style=\"font-weight: 400;\">die Notwendigkeit, die Qualit\u00e4t der Lebensmittel zu gew\u00e4hrleisten. <\/span><span style=\"font-weight: 400;\">Often, the only way to <a href=\"https:\/\/www.sisinternational.com\/de\/losungen\/geschmackstest\/marktforschung-fur-lebensmittel-und-getranketests\/\" title=\"Marktforschung f\u00fcr Lebensmittel- und Getr\u00e4nketests\"  data-wpil-monitor-id=\"9620\">test and monitor foods or beverages<\/a> for contaminants and other harmful items is with the use of technology, much of which is now automated.<\/span><\/li>\n\n\n\n<li><a href=\"https:\/\/www.sisinternational.com\/de\/losungen\/fintech-strategieberatung-forschung\/digitale-forschung\/\" title=\"Digitale Marktforschung\"  data-wpil-monitor-id=\"9622\">Digital Disruption may open up new markets<\/a>, but it also allows new market entrants to disrupt industries cost-effectively.\u00a0 Conducting <a href=\"https:\/\/www.sisinternational.com\/de\/so-fuhren-sie-eine-wettbewerbsanalyse-durch\/\" title=\"Wettbewerbsanalyse im Marketing\"  data-wpil-monitor-id=\"9619\">Wettbewerbsanalyse<\/a> and Strategy Consulting can identify ways to limit threats from New Market Entrants and threats to market positioning.<\/li>\n<\/ul>\n\n\n\n<h2 class=\"wp-block-heading\">Technologie f\u00fcr Lebensmittelkonsumenten<\/h2>\n\n\n\n<p><span style=\"font-weight: 400;\">Neben der gesch\u00e4ftlichen Seite beeinflusst die Technologie auch die Art und Weise, wie Verbraucher mit Lebensmitteln und Lebensmitteldienstleistungen interagieren.<\/span><\/p>\n\n\n\n<ul class=\"wp-block-list\">\n<li><i><span style=\"font-weight: 400;\">Zeit sparen<\/span><\/i><span style=\"font-weight: 400;\"> Pendeln, Einkaufen und Essenszubereitung spielen in bestimmten Bev\u00f6lkerungsgruppen, insbesondere bei den Millennials, eine immer wichtigere Rolle.<\/span><\/li>\n\n\n\n<li><span style=\"font-weight: 400;\">Einzelh\u00e4ndler und Restaurants sind also nicht die einzigen Einkaufsquellen. Viele Lebensmittelunternehmen k\u00fchlen, frieren ein, verpacken und liefern Mahlzeiten heute direkt an die Haust\u00fcr.<\/span><\/li>\n<\/ul>\n\n\n\n<h2 class=\"wp-block-heading\">Food-Tech und Liefer-Apps<\/h2>\n\n\n\n<ul class=\"wp-block-list\">\n<li><span style=\"font-weight: 400;\">Die Technologie erleichtert es den Verbrauchern, online Bestellungen f\u00fcr den sofortigen Verzehr aufzugeben (z. B. kann man Pizza \u00fcber die App von Domino&#039;s bestellen und sich diese dann von autonomen Fahrzeugen mit GPS liefern lassen).<\/span><\/li>\n\n\n\n<li><span style=\"font-weight: 400;\">Just like car-sharing services (Uber, Lyft, etc) are being used to deliver \u201cfast food\u201d and other take-out orders, apps such as from Grubhub, Postmates or Doordash allow one to order from online <a href=\"https:\/\/www.sisinternational.com\/de\/sachverstand\/branchen\/marktforschung-fur-fast-casual-restaurants\/\" title=\"Marktforschung f\u00fcr Fast-Casual-Restaurants\"  data-wpil-monitor-id=\"9618\">restaurant menus and get fast casual<\/a> or fast food.<\/span><\/li>\n\n\n\n<li><span style=\"font-weight: 400;\">Verbraucher k\u00f6nnen mit mobilen Zahlungs-Apps auf Smartphones Plastik und Bargeld ersetzen.<\/span><\/li>\n<\/ul>\n\n\n\n<p><span style=\"font-weight: 400;\">We address strategic questions with your companies through Market Research and Consulting.&nbsp; How does your company interface with such apps? What <a href=\"https:\/\/www.sisinternational.com\/de\/sachverstand\/branchen\/datenerhebung-marktforschung\/\" title=\"Datenerhebung Marktforschung\"  data-wpil-monitor-id=\"9621\">data is collected<\/a> that can be used to grow your market and attract new, as well as repeat orders? Is your website and\/or app easy to use?&nbsp; <a href=\"https:\/\/www.sisinternational.com\/de\/\" title=\"Startseite\"  data-wpil-monitor-id=\"9616\">Research and strategy<\/a> provide powerful answers to your most important business questions.<\/span><\/p>\n\n\n\n<h2 class=\"wp-block-heading\">Die Rolle der Marktforschung im Bereich Lebensmittel- und Getr\u00e4nketechnologie<\/h2>\n\n\n\n<p><span style=\"font-weight: 400;\">Wenn Ihr Unternehmen auf dem Lebensmittelmarkt t\u00e4tig ist, gibt es eine enorme Menge an Neuigkeiten und Entwicklungen, die regelm\u00e4\u00dfig beobachtet werden m\u00fcssen.<\/span><\/p>\n\n\n\n<ul class=\"wp-block-list\">\n<li><span style=\"font-weight: 400;\">Um \u00fcber alle neuen Maschinen, Ger\u00e4te und deren Anwendungen auf dem Laufenden zu bleiben, die die Lieferkette effizienter machen, m\u00f6chten Sie diese Aufgabe m\u00f6glicherweise an einen Drittanbieter auslagern, der auf das Scannen, Erfassen, Analysieren und Zusammenfassen der f\u00fcr Sie wichtigen Schl\u00fcsselindikatoren spezialisiert ist.<\/span><\/li>\n\n\n\n<li><span style=\"font-weight: 400;\">Wenn Ihre Fragen Techniken zur Informationsbeschaffung erfordern, die \u00fcber die \u201eSchreibtischforschung\u201c (die Durchf\u00fchrung von Sekund\u00e4rforschung im Internet oder durch die \u00dcberpr\u00fcfung von Printmedien) hinausgehen, m\u00fcssen Sie herausfinden, wen Sie fragen k\u00f6nnen, der m\u00f6glicherweise die Antworten auf Ihre Fragen hat.<\/span><\/li>\n<\/ul>\n\n\n\n<h3 class=\"wp-block-heading\"><span style=\"font-weight: 400;\">Einige wichtige strategische Fragen sind:<\/span><\/h3>\n\n\n\n<ul class=\"wp-block-list\">\n<li><span style=\"font-weight: 400;\">Welchen Einfluss haben diese Trends auf mein Unternehmen und meine Konkurrenz?<\/span><\/li>\n\n\n\n<li><span style=\"font-weight: 400;\">Welche Unternehmen sind f\u00fchrend in der Entwicklung neuer Technologien?<\/span><\/li>\n\n\n\n<li><span style=\"font-weight: 400;\">Which local <a href=\"https:\/\/www.sisinternational.com\/de\/sachverstand\/branchen\/marktforschung-fur-online-dating-apps\/\" title=\"Marktforschung f\u00fcr Online-Dating-Apps\"  data-wpil-monitor-id=\"9623\">markets are using apps<\/a>, and are they being used in other parts of the world? \u00a0<\/span><\/li>\n<\/ul>\n\n\n\n<p><span style=\"font-weight: 400;\">Aber wen fragt man nach den Auswirkungen der Technologie? <\/span><span style=\"font-weight: 400;\">Gesch\u00e4ftswelt<\/span><span style=\"font-weight: 400;\">, unterschiedliche Titel und Funktionen k\u00f6nnen jeweils einen Fragenkatalog beantworten, der f\u00fcr Sie von Interesse ist.<\/span><\/p>\n\n\n\n<h2 class=\"wp-block-heading\">\u00dcber SIS<\/h2>\n\n\n\n<p><span style=\"font-weight: 400;\">SIS kann helfen, indem es Personen kontaktiert und Antworten von ihnen einholt, die eine dieser Funktionen innehaben und die Kaufentscheidungen f\u00fcr Technologie in ihren Organisationen treffen oder beeinflussen.<\/span><\/p>\n\n\n\n<ul class=\"wp-block-list\">\n<li><span style=\"font-weight: 400;\"> \u00a0\u00a0<\/span> <span style=\"font-weight: 400;\">Gesch\u00e4ftsleitung<\/span><\/li>\n\n\n\n<li><span style=\"font-weight: 400;\"> \u00a0\u00a0<\/span> <span style=\"font-weight: 400;\">Forschung &amp; Entwicklung<\/span><\/li>\n\n\n\n<li><span style=\"font-weight: 400;\"> \u00a0\u00a0<\/span> <span style=\"font-weight: 400;\">Einkauf<\/span><\/li>\n\n\n\n<li><span style=\"font-weight: 400;\"> \u00a0\u00a0<\/span> <span style=\"font-weight: 400;\">Operationen<\/span><\/li>\n\n\n\n<li><span style=\"font-weight: 400;\"> \u00a0\u00a0<\/span> <span style=\"font-weight: 400;\">Gesundheit &amp; Sicherheit<\/span><\/li>\n\n\n\n<li><span style=\"font-weight: 400;\"> \u00a0\u00a0<\/span> <span style=\"font-weight: 400;\">Logistik\/Transport<\/span><\/li>\n\n\n\n<li><span style=\"font-weight: 400;\"> \u00a0\u00a0<\/span> <span style=\"font-weight: 400;\">Lagerung<\/span><\/li>\n\n\n\n<li><span style=\"font-weight: 400;\"> \u00a0\u00a0<\/span> <span style=\"font-weight: 400;\">Verteilung<\/span><\/li>\n<\/ul>\n\n\n\n<p><span style=\"font-weight: 400;\">Wenn Sie mehr erfahren m\u00f6chten \u00fcber <\/span><span style=\"font-weight: 400;\">Konsumenten-Verhalten<\/span><span style=\"font-weight: 400;\"> und wie Technologie ihr Leben beeinflusst, m\u00fcssen Sie wiederum die Typen und Eigenschaften der Personen identifizieren, die Sie untersuchen m\u00fcssen. SIS hilft Ihnen dabei, diese Personen gezielt anzusprechen und sie zu kontaktieren, um Fragen zu beantworten, die Ihre wichtigsten Marketingstrategien bestimmen.<\/span><\/p>\n\n\n\n<p>SIS has over 40+ years experience in providing <a href=\"https:\/\/www.sisinternational.com\/de\/nutzung-von-technologie-im-einzelhandel\/\" title=\"Marktforschung im Bereich Einzelhandelstechnologie\"  data-wpil-monitor-id=\"2725\">Market Research and Strategy Consulting to Food<\/a> Technology companies.&nbsp; We have developed a core competency in Digital Innovation and helping companies to understand &#8220;The Human Element&#8221; in technology adoption.&nbsp; We provide the insights, data and strategies to boost sales and outmaneuver competitors.&nbsp; We conduct:<\/p>\n\n\n\n<ul class=\"wp-block-list\">\n<li><a href=\"https:\/\/www.sisinternational.com\/de\/losungen\/b2b-online-community-marktforschungsunternehmen\/\" title=\"B2B Online Community Marktforschungsunternehmen\"  data-wpil-monitor-id=\"9617\">Online-Forschungsgemeinschaften<\/a><\/li>\n\n\n\n<li>Schwerpunktgruppen<\/li>\n\n\n\n<li>Ethnographie<\/li>\n\n\n\n<li>Video-Interviews<\/li>\n\n\n\n<li>Online-Umfragen f\u00fcr Mobilger\u00e4te<\/li>\n\n\n\n<li>Wettbewerbsanalyse<\/li>\n<\/ul>\n\n\n\n<p><\/p>","protected":false},"excerpt":{"rendered":"<p>Digital Tech pr\u00e4sentiert mithilfe der Marktforschung f\u00fcr Lebensmittel- und Getr\u00e4nketechnologie neue M\u00f6glichkeiten zur Kundenbindung und Rentabilit\u00e4t.<\/p>","protected":false},"author":1,"featured_media":64693,"parent":22018,"menu_order":35,"comment_status":"closed","ping_status":"closed","template":"","meta":{"footnotes":""},"class_list":["post-27312","page","type-page","status-publish","has-post-thumbnail"],"_links":{"self":[{"href":"https:\/\/www.sisinternational.com\/de\/wp-json\/wp\/v2\/pages\/27312","targetHints":{"allow":["GET"]}}],"collection":[{"href":"https:\/\/www.sisinternational.com\/de\/wp-json\/wp\/v2\/pages"}],"about":[{"href":"https:\/\/www.sisinternational.com\/de\/wp-json\/wp\/v2\/types\/page"}],"author":[{"embeddable":true,"href":"https:\/\/www.sisinternational.com\/de\/wp-json\/wp\/v2\/users\/1"}],"replies":[{"embeddable":true,"href":"https:\/\/www.sisinternational.com\/de\/wp-json\/wp\/v2\/comments?post=27312"}],"version-history":[{"count":9,"href":"https:\/\/www.sisinternational.com\/de\/wp-json\/wp\/v2\/pages\/27312\/revisions"}],"predecessor-version":[{"id":81604,"href":"https:\/\/www.sisinternational.com\/de\/wp-json\/wp\/v2\/pages\/27312\/revisions\/81604"}],"up":[{"embeddable":true,"href":"https:\/\/www.sisinternational.com\/de\/wp-json\/wp\/v2\/pages\/22018"}],"wp:featuredmedia":[{"embeddable":true,"href":"https:\/\/www.sisinternational.com\/de\/wp-json\/wp\/v2\/media\/64693"}],"wp:attachment":[{"href":"https:\/\/www.sisinternational.com\/de\/wp-json\/wp\/v2\/media?parent=27312"}],"curies":[{"name":"wp","href":"https:\/\/api.w.org\/{rel}","templated":true}]}}