{"id":27300,"date":"2018-07-12T03:17:54","date_gmt":"2018-07-12T03:17:54","guid":{"rendered":"https:\/\/www.sisinternational.com\/?page_id=27300"},"modified":"2025-09-11T19:29:46","modified_gmt":"2025-09-11T23:29:46","slug":"marktforschung-zu-superfood-hautpflege","status":"publish","type":"page","link":"https:\/\/www.sisinternational.com\/de\/losungen\/marktforschung-fur-schonheitsprodukte\/marktforschung-zu-superfood-hautpflege\/","title":{"rendered":"Marktforschung f\u00fcr Superfood-Hautpflege"},"content":{"rendered":"<h1 class=\"wp-block-heading\">Marktforschung f\u00fcr Superfood-Hautpflege<\/h1>\n\n\n\n<figure class=\"gb-block-image gb-block-image-6a53fb24\"><img loading=\"lazy\" decoding=\"async\" width=\"1456\" height=\"816\" class=\"gb-image gb-image-6a53fb24\" src=\"https:\/\/www.sisinternational.com\/wp-content\/uploads\/2025\/08\/Skincare-6-1.jpg\" srcset=\"https:\/\/www.sisinternational.com\/wp-content\/uploads\/2025\/08\/Skincare-6-1.jpg 1456w, https:\/\/www.sisinternational.com\/wp-content\/uploads\/2025\/08\/Skincare-6-1-300x168.jpg 300w, https:\/\/www.sisinternational.com\/wp-content\/uploads\/2025\/08\/Skincare-6-1-1024x574.jpg 1024w, https:\/\/www.sisinternational.com\/wp-content\/uploads\/2025\/08\/Skincare-6-1-768x430.jpg 768w, https:\/\/www.sisinternational.com\/wp-content\/uploads\/2025\/08\/Skincare-6-1-18x10.jpg 18w\" sizes=\"auto, (max-width: 1456px) 100vw, 1456px\" alt=\"SIS International Marktforschung &amp; Strategie\"><\/figure>\n\n\n\n<p><\/p>\n\n\n\n<p><span style=\"font-weight: 400;\">Superfoods bestehen aus Pflanzen, Fisch und Milchprodukten, haben einen hohen N\u00e4hrwert und sind gut f\u00fcr die Gesundheit. Diese Lebensmittel geh\u00f6ren keiner bestimmten Lebensmittelgruppe an. Die Gesundheits- und Wellnessbranche vermarktet sie als n\u00e4hrstoffreiche Lebensmittel mit vielen gesundheitlichen Vorteilen. Superfoods enthalten zus\u00e4tzliche Mengen an Vitaminen und Mineralstoffen. Diese N\u00e4hrstoffe unterst\u00fctzen die nat\u00fcrliche Abwehrf\u00e4higkeit des K\u00f6rpers gegen Krankheiten wie Krebs. Sie helfen auch bei der Bek\u00e4mpfung chronischer Erkrankungen wie Bluthochdruck und Diabetes. Superfoods erm\u00f6glichen den Menschen ein langes und sehr gesundes Leben.<\/span><\/p>\n\n\n\n<p><span style=\"font-weight: 400;\">Zu den begehrten Superfoods z\u00e4hlen Blaubeeren und Kiwis. N\u00fcsse, Samen, Bohnen und Getreide sind ebenfalls Superfoods. Auch dunkelgr\u00fcnes Blattgem\u00fcse wie Gr\u00fcnkohl und Spinat f\u00e4llt in die Kategorie der Superfoods. Ebenfalls enthalten sind an Omega-Fetts\u00e4uren reiche Fische, S\u00fc\u00dfkartoffeln und K\u00fcrbis.<\/span><\/p>\n\n\n\n<p><span style=\"font-weight: 400;\">Other very healthy foods are also beneficial to health. Due to unexplained reasons, the health and wellness <a href=\"https:\/\/www.sisinternational.com\/de\/sachverstand\/branchen\/marktforschung-fur-die-obstindustrie\/\" title=\"Marktforschung f\u00fcr die Obstindustrie\"  data-wpil-monitor-id=\"8476\">industry is not yet touting these fruits<\/a> and vegetables as superfoods. The term &#8220;superfoods&#8221; implies the power and abilities of the foods. Still, people should consume them in moderation like any other food. Too much can prove detrimental to one\u2019s health.<\/span><\/p>\n\n\n\n<h2 class=\"wp-block-heading\">Superfoods f\u00fcr die Haut<\/h2>\n\n\n\n<figure class=\"gb-block-image gb-block-image-61562b35\"><img loading=\"lazy\" decoding=\"async\" width=\"1456\" height=\"816\" class=\"gb-image gb-image-61562b35\" src=\"https:\/\/www.sisinternational.com\/wp-content\/uploads\/2025\/08\/Fruit-7.jpg\" srcset=\"https:\/\/www.sisinternational.com\/wp-content\/uploads\/2025\/08\/Fruit-7.jpg 1456w, https:\/\/www.sisinternational.com\/wp-content\/uploads\/2025\/08\/Fruit-7-300x168.jpg 300w, https:\/\/www.sisinternational.com\/wp-content\/uploads\/2025\/08\/Fruit-7-1024x574.jpg 1024w, https:\/\/www.sisinternational.com\/wp-content\/uploads\/2025\/08\/Fruit-7-768x430.jpg 768w, https:\/\/www.sisinternational.com\/wp-content\/uploads\/2025\/08\/Fruit-7-18x10.jpg 18w\" sizes=\"auto, (max-width: 1456px) 100vw, 1456px\" alt=\"SIS International Marktforschung &amp; Strategie\"><\/figure>\n\n\n\n<p><\/p>\n\n\n\n<p><span style=\"font-weight: 400;\">Cosmetic companies have discovered that superfoods also benefit the skin. These companies are developing skin care products with superfoods as ingredients. Indeed, there has been a shift of focus, so superfoods are now included in skin care regimens.<\/span><\/p>\n\n\n\n<p><span style=\"font-weight: 400;\">Skincare companies are targeting the health and <a href=\"https:\/\/www.sisinternational.com\/de\/losungen\/marktforschung-fur-schonheitsprodukte\/\" title=\"Innovationsberatung und Marktforschung im Bereich Sch\u00f6nheit\"  data-wpil-monitor-id=\"8466\">beauty conscious segment of the market<\/a>. It is happening as the world becomes more health conscious. People are more cautious about what they put inside their bodies. The idea is that if a type of <a href=\"https:\/\/www.sisinternational.com\/de\/sachverstand\/branchen\/marktforschung-fur-lebensmittel-und-getranke-mit-gentechnisch-veranderten-organismen\/\" title=\"Marktforschung f\u00fcr Lebensmittel und Getr\u00e4nke mit gentechnisch ver\u00e4nderten Organismen\"  data-wpil-monitor-id=\"8478\">food is beneficial to the internal organs<\/a>, then it should do wonders for the outward appearance.<\/span><\/p>\n\n\n\n<p><span style=\"font-weight: 400;\">Einige Inhaltsstoffe, die in Hautpflegeprodukten verwendet wurden, erwiesen sich in der Vergangenheit als giftig. Kosmetikunternehmen verwenden ges\u00fcndere Inhaltsstoffe, die reich an Vitaminen und N\u00e4hrstoffen sind. Es wird erwartet, dass Superfood-Inhaltsstoffe in Hautpflegeprodukten zunehmen werden.<\/span><\/p>\n\n\n\n<h2 class=\"wp-block-heading\">&nbsp;<\/h2>\n\n\n\n<p><span style=\"font-weight: 400;\">Aloe is one of the superfoods that promote clear and healthy skin. Other skincare superfoods are blackberries and blueberries. <a href=\"https:\/\/www.sisinternational.com\/de\/losungen\/branding-und-kundenforschungslosungen\/marktforschung-fur-hautpflege\/\" title=\"Marktforschung f\u00fcr Hautpflegeprodukte | Beratung f\u00fcr die Sch\u00f6nheitsindustrie\"  data-wpil-monitor-id=\"8468\">Skincare companies are marketing<\/a> these superfoods, as nutri-cosmetics.<\/span><\/p>\n\n\n\n<h2 class=\"wp-block-heading\"><span style=\"font-weight: 400;\">Superfood-Hautpflegemarken<\/span><\/h2>\n\n\n\n<p><span style=\"font-weight: 400;\">Companies that produce nutri-cosmetics include Avon, Tilvee Super Food Skincare, and Johnson &amp; Johnson. Such companies are now taking a healthier and natural approach to product development. They are selling products at a faster rate with shorter shelf lives, as a result of customer reviews. Even skin capsules are being transformed to include superfoods. Aloe and cucumber skin lotions are a good example. Most of these products smell almost as good, and even better than the actual food from which they are derived.<\/span><\/p>\n\n\n\n<p><span style=\"font-weight: 400;\">Das Unternehmen, das im Bereich der Superfood-Hautpflege hervorsticht, ist Elemis. Dieses Unternehmen bezieht pflanzliche Inhaltsstoffe aus allen Teilen der Welt. Es mischt im Labor hergestellte Inhaltsstoffe mit Superpflanzen. Diese Mischungen ergeben Rezepturen, die gr\u00fcndlichen klinischen und Verbrauchertests unterzogen werden. Die meisten enthalten Superverbindungen wie Antioxidantien und Peptide. Wissenschaftler w\u00e4hlen diese Pflanzen aufgrund ihrer Wirksamkeit aus. Sie sch\u00e4tzen auch ihre Einzigartigkeit, Wirksamkeit und dynamischen Eigenschaften.<\/span><\/p>\n\n\n\n<p><span style=\"font-weight: 400;\">Krave ist eine weitere Marke mit der Philosophie, dass Hautpflege ihre Biologie respektieren sollte. Sie basieren ihre Produkte auf nicht reizenden, parf\u00fcmfreien Formeln. Sie mischen ihre Formeln mit \u201ehautfreundlichen\u201c N\u00e4hrstoffen und Antioxidantien. Krave wird in Korea hergestellt. Die Marke ist sich jedoch dar\u00fcber im Klaren, dass sie nicht Teil des K-Beauty-Wahns sein m\u00f6chte. Krave m\u00f6chte klarstellen, dass ihre Produkte f\u00fcr sich allein stehen k\u00f6nnen.<\/span><\/p>\n\n\n\n<p><span style=\"font-weight: 400;\">Thousands of superfood <a href=\"https:\/\/www.sisinternational.com\/de\/sachverstand\/lebenslaufe\/marktforschung-fur-korperpflegeprodukte\/\" title=\"Marktforschung f\u00fcr K\u00f6rperpflegeprodukte\"  data-wpil-monitor-id=\"8470\">products are already on the market<\/a>. More are under development. The world is becoming health-oriented. The general population is reading labels. People are looking for particular ingredients before buying skin care products. In this age of information, the fine print cannot hide. People are taking better care of their bodies both inside and out.<\/span><\/p>\n\n\n\n<h2 class=\"wp-block-heading\">Kale Hautpflege<\/h2>\n\n\n\n<p><span style=\"font-weight: 400;\">The cosmetic <a href=\"https:\/\/www.sisinternational.com\/de\/top-unternehmen-fur-die-prognose-von-b2b-branchentrends\/\" title=\"F\u00fchrendes Unternehmen f\u00fcr Prognosen von B2B-Branchentrends\"  data-wpil-monitor-id=\"8480\">industry has embraced the superfood trend<\/a>. Kale, which was virtually ignored twenty years ago, is now being consumed in copious quantities. It\u2019s only natural that these kale eaters will also see the benefit of using elements of the plant in their skincare. This segment of the population is easy to market to, and the cosmetic industry is enjoying the benefit of this low hanging fruit.<\/span><\/p>\n\n\n\n<h2 class=\"wp-block-heading\">\u00dcber uns<\/h2>\n\n\n\n<p>SIS has over 40+ years experience in conducting <a href=\"https:\/\/www.sisinternational.com\/de\/\" title=\"Startseite\"  data-wpil-monitor-id=\"8461\">Market Research and Strategy<\/a> Consulting projects for Skincare, Health and Wellness companies.&nbsp; We conduct In-Home <a href=\"https:\/\/www.sisinternational.com\/de\/losungen\/branding-und-kundenforschungslosungen\/produkttests-marktforschung\/\" title=\"Produkttests Marktforschung\"  data-wpil-monitor-id=\"8473\">Product Usage tests<\/a>, Focus Groups, Ethnography, Influencer research and Customer Interviews.<\/p>\n\n\n\n<p><\/p>","protected":false},"excerpt":{"rendered":"<p>Superfoods sind pflanzliche, fisch- und milchhaltige Bestandteile, die nahrhaft sind und sich positiv auf die Haut auswirken. Erfahren Sie mehr \u00fcber die Marktforschung zu Superfood-Hautpflegeprodukten.<\/p>","protected":false},"author":1,"featured_media":64540,"parent":27176,"menu_order":0,"comment_status":"closed","ping_status":"closed","template":"","meta":{"footnotes":""},"class_list":["post-27300","page","type-page","status-publish","has-post-thumbnail"],"_links":{"self":[{"href":"https:\/\/www.sisinternational.com\/de\/wp-json\/wp\/v2\/pages\/27300","targetHints":{"allow":["GET"]}}],"collection":[{"href":"https:\/\/www.sisinternational.com\/de\/wp-json\/wp\/v2\/pages"}],"about":[{"href":"https:\/\/www.sisinternational.com\/de\/wp-json\/wp\/v2\/types\/page"}],"author":[{"embeddable":true,"href":"https:\/\/www.sisinternational.com\/de\/wp-json\/wp\/v2\/users\/1"}],"replies":[{"embeddable":true,"href":"https:\/\/www.sisinternational.com\/de\/wp-json\/wp\/v2\/comments?post=27300"}],"version-history":[{"count":4,"href":"https:\/\/www.sisinternational.com\/de\/wp-json\/wp\/v2\/pages\/27300\/revisions"}],"predecessor-version":[{"id":81423,"href":"https:\/\/www.sisinternational.com\/de\/wp-json\/wp\/v2\/pages\/27300\/revisions\/81423"}],"up":[{"embeddable":true,"href":"https:\/\/www.sisinternational.com\/de\/wp-json\/wp\/v2\/pages\/27176"}],"wp:featuredmedia":[{"embeddable":true,"href":"https:\/\/www.sisinternational.com\/de\/wp-json\/wp\/v2\/media\/64540"}],"wp:attachment":[{"href":"https:\/\/www.sisinternational.com\/de\/wp-json\/wp\/v2\/media?parent=27300"}],"curies":[{"name":"wp","href":"https:\/\/api.w.org\/{rel}","templated":true}]}}