{"id":27296,"date":"2018-07-12T03:02:06","date_gmt":"2018-07-12T03:02:06","guid":{"rendered":"https:\/\/www.sisinternational.com\/?page_id=27296"},"modified":"2026-03-06T19:50:17","modified_gmt":"2026-03-07T00:50:17","slug":"koreanische-schonheitsmarktforschung-k-beauty","status":"publish","type":"page","link":"https:\/\/www.sisinternational.com\/de\/abdeckung\/marktforschung-asien\/koreanische-schonheitsmarktforschung-k-beauty\/","title":{"rendered":"Koreanische Sch\u00f6nheitsmarktforschung | K Beauty"},"content":{"rendered":"<h1 class=\"wp-block-heading\">Koreanische Sch\u00f6nheitsmarktforschung | K Beauty<\/h1>\n\n\n\n<figure class=\"gb-block-image gb-block-image-f5840260\"><img loading=\"lazy\" decoding=\"async\" width=\"1456\" height=\"816\" class=\"gb-image gb-image-f5840260\" src=\"https:\/\/www.sisinternational.com\/wp-content\/uploads\/2025\/08\/K-beauty-korean-3.jpg\" srcset=\"https:\/\/www.sisinternational.com\/wp-content\/uploads\/2025\/08\/K-beauty-korean-3.jpg 1456w, https:\/\/www.sisinternational.com\/wp-content\/uploads\/2025\/08\/K-beauty-korean-3-300x168.jpg 300w, https:\/\/www.sisinternational.com\/wp-content\/uploads\/2025\/08\/K-beauty-korean-3-1024x574.jpg 1024w, https:\/\/www.sisinternational.com\/wp-content\/uploads\/2025\/08\/K-beauty-korean-3-768x430.jpg 768w, https:\/\/www.sisinternational.com\/wp-content\/uploads\/2025\/08\/K-beauty-korean-3-18x10.jpg 18w\" sizes=\"auto, (max-width: 1456px) 100vw, 1456px\" alt=\"SIS International Marktforschung &amp; Strategie\"><\/figure>\n\n\n\n<p><\/p>\n\n\n\n<h2 class=\"wp-block-heading\"><span style=\"font-weight: 400;\">Koreanische Hautpflege- und Sch\u00f6nheitsprodukte haben sich von einem neuen Trend zu einem Ph\u00e4nomen entwickelt. <\/span><\/h2>\n\n\n\n<p><span style=\"font-weight: 400;\">Frauen auf der ganzen Welt versuchen, den strahlenden Glanz zu erreichen, der mit \u201eK-Beauty\u201c assoziiert wird. Einer der Trends, den es seit 2016 gibt, konzentriert sich auf den \u201eGlass Skin\u201c-Look, also einen gesunden Glanz. Die Idee ist, hydratisierte, pigmentfreie Haut zu haben und weniger Make-up zu verwenden.<\/span><\/p>\n\n\n\n<p><span style=\"font-weight: 400;\">Der Trend \u201eCloudless Skin\u201c bezieht sich auf einen klaren, makellosen Teint. Er steht auch im Zusammenhang mit einer gesunden inneren Ausstrahlung. Wie kann man also das Ideal wolkenloser Haut erreichen? K-Beauty-Enthusiasten erreichen wolkenlose Haut durch gesunde Lebensgewohnheiten. Sie verwenden auch erstklassige K-Beauty-Produkte.<\/span><\/p>\n\n\n\n<h2 class=\"wp-block-heading\"><span style=\"font-weight: 400;\">F\u00fchrende koreanische Hautpflegemarken<\/span><\/h2>\n\n\n\n<p><span style=\"font-weight: 400;\">Here\u2019s a list of some of the best K-beauty <a href=\"https:\/\/www.sisinternational.com\/de\/sachverstand\/branchen\/markenmarktforschung\/\" title=\"Markenmarktforschung\"  data-wpil-monitor-id=\"8458\">brands on the market<\/a>:<\/span><\/p>\n\n\n\n<ul class=\"wp-block-list\">\n<li><span style=\"font-weight: 400;\">Atoclassic Real Tonic Soothing Origin Essence: Ginseng, Chrysantheme und Lakritze sind die drei traditionellen Kr\u00e4uter, aus denen diese wirksame, hautberuhigende Essenz besteht.<\/span><\/li>\n\n\n\n<li><span style=\"font-weight: 400;\">April Skin Classic Stone. Dieser \u201eZauberstein\u201c ist in Korea sehr beliebt. Er enth\u00e4lt Kohle, die \u00d6l, Schmutz und andere Unreinheiten aus den Poren entfernt. Au\u00dferdem enth\u00e4lt er Hyalurons\u00e4ure, die die Haut entgiftet und gleichzeitig mit Feuchtigkeit versorgt.<\/span><\/li>\n\n\n\n<li><span style=\"font-weight: 400;\">Klairs: Diese rein nat\u00fcrliche Marke enth\u00e4lt keinen Alkohol, keine Farbstoffe, keine k\u00fcnstlichen Duftstoffe und keine Parabene. Benutzer k\u00f6nnen dunkle Flecken und Aknenarben mit ihrem t\u00e4glichen Serum Freshly Juiced Vitamin Drop verblassen lassen, das au\u00dferdem N\u00e4hrstoffe und Feuchtigkeit liefert.<\/span><\/li>\n\n\n\n<li><span style=\"font-weight: 400;\">Son &amp; Park: strahlende, taufrische Haut ist das, was diese nationale Marke ausmacht. Die Kult-Lieblings-Beauty-Filter-Creme in Glow und der Lip Crayon sind sehr zu empfehlen.<\/span><\/li>\n<\/ul>\n\n\n\n<h2 class=\"wp-block-heading\"><span style=\"font-weight: 400;\">K-Sch\u00f6nheitsroutine<\/span><\/h2>\n\n\n\n<p><span style=\"font-weight: 400;\">Die 10-Schritte-Routine von K-Beauty ist eine der am h\u00e4ufigsten angewandten auf der Welt. Es handelt sich eher um eine \u00c4nderung des Lebensstils, die sich zu einem globalen Ph\u00e4nomen entwickelt hat. Die Routine beginnt mit einer doppelten Reinigung der Haut. Die Benutzer beginnen mit einem \u00f6lbasierten Reinigungsmittel und verwenden anschlie\u00dfend eine wasserbasierte L\u00f6sung. Als n\u00e4chstes folgt ein Peeling, gefolgt von einer Tonisierung.<\/span><\/p>\n\n\n\n<p><span style=\"font-weight: 400;\">Das Herzst\u00fcck der K-Beauty-Routine ist Schritt 5: Essence. Essence ist eine Art Toner\/Serum-Hybrid, der die Zellerneuerung und Hautreparatur unterst\u00fctzt und Feuchtigkeit spendet. Nach Essence folgen Behandlungen, gefolgt von Tuchmasken. Als n\u00e4chstes kommt Augencreme, gefolgt von Feuchtigkeitscreme. Der letzte Schritt ist Sonnenschutz.<\/span><\/p>\n\n\n\n<p><span style=\"font-weight: 400;\">Die Mainstream-Kosmetikbranche nimmt K-Beauty an. Experten sehen darin mehr als nur eine Modeerscheinung. Die Kosmetikverk\u00e4ufe in Korea sind im Vergleich zu 2014 um mehr als 50 Prozent gestiegen. US-Unternehmen wie Bain Capital Equity und Goldman Sachs bekommen ein St\u00fcck vom Kuchen. Beide Unternehmen haben angek\u00fcndigt, eine Mehrheitsbeteiligung an einem gro\u00dfen koreanischen Kosmetikunternehmen zu erwerben. Au\u00dferdem hat Amway sein Beauty Innovation Center in Seoul gebaut.<\/span><\/p>\n\n\n\n<h2 class=\"wp-block-heading\"><span style=\"font-weight: 400;\">K-Beauty Bewertungen<\/span><\/h2>\n\n\n\n<p><span style=\"font-weight: 400;\">Blogger und Hautpflege-Enthusiasten geben K-Beauty begeisterte Kritiken. Mehrere Blogger haben die 10-Schritte-Routine ausprobiert und Vorher-Nachher-Bilder gepostet. Einige dieser Blogger sind Influencer. Ihre Posts generieren neue Enthusiasten. Die Blogger schw\u00e4rmen auch von koreanischen Produkten. Es ist einfach, online Listen mit den 10 besten K-Beauty-Produkten zu finden.<\/span><\/p>\n\n\n\n<h2 class=\"wp-block-heading\"><span style=\"font-weight: 400;\">Die Zukunft der Hautpflege<\/span><\/h2>\n\n\n\n<p><span style=\"font-weight: 400;\">Skincare remains the largest and most profitable <a href=\"https:\/\/www.sisinternational.com\/de\/industry-forecast\/industrial-sector-forecast\/\" title=\"Industrial Sector Forecast\"  data-wpil-monitor-id=\"8460\">sector of the beauty industry<\/a>. South Korea maintains a lofty presence in the field of skin care development. It\u2019s definite that Korea is the future. Western brands are adapting <a href=\"https:\/\/www.sisinternational.com\/de\/sachverstand\/lebenslaufe\/marktforschung-fur-korperpflegeprodukte\/\" title=\"Marktforschung f\u00fcr K\u00f6rperpflegeprodukte\"  data-wpil-monitor-id=\"8463\">products for the Korean market<\/a>. Korea also has the infrastructure to manufacture beauty products. The developers of these <a href=\"https:\/\/www.sisinternational.com\/de\/losungen\/strategieberatung\/marktforschung-fur-minimal-funktionsfahige-produkte\/\" title=\"Marktforschung f\u00fcr minimal funktionsf\u00e4hige Produkte\"  data-wpil-monitor-id=\"8465\">products have influencer and Internet marketing<\/a> in mind. It\u2019s thus no wonder that K-Beauty is having such an impact on the international market.<\/span><\/p>\n\n\n\n<p><\/p>","protected":false},"excerpt":{"rendered":"<p>Koreanische Hautpflege- und Sch\u00f6nheitsprodukte haben sich von einem neuen Trend zu einem Ph\u00e4nomen entwickelt. Frauen auf der ganzen Welt versuchen, den strahlenden Glanz zu erreichen, der mit \u201eK-Beauty\u201c assoziiert wird. <\/p>","protected":false},"author":1,"featured_media":64727,"parent":14508,"menu_order":8,"comment_status":"closed","ping_status":"closed","template":"","meta":{"footnotes":""},"class_list":["post-27296","page","type-page","status-publish","has-post-thumbnail"],"_links":{"self":[{"href":"https:\/\/www.sisinternational.com\/de\/wp-json\/wp\/v2\/pages\/27296","targetHints":{"allow":["GET"]}}],"collection":[{"href":"https:\/\/www.sisinternational.com\/de\/wp-json\/wp\/v2\/pages"}],"about":[{"href":"https:\/\/www.sisinternational.com\/de\/wp-json\/wp\/v2\/types\/page"}],"author":[{"embeddable":true,"href":"https:\/\/www.sisinternational.com\/de\/wp-json\/wp\/v2\/users\/1"}],"replies":[{"embeddable":true,"href":"https:\/\/www.sisinternational.com\/de\/wp-json\/wp\/v2\/comments?post=27296"}],"version-history":[{"count":5,"href":"https:\/\/www.sisinternational.com\/de\/wp-json\/wp\/v2\/pages\/27296\/revisions"}],"predecessor-version":[{"id":81420,"href":"https:\/\/www.sisinternational.com\/de\/wp-json\/wp\/v2\/pages\/27296\/revisions\/81420"}],"up":[{"embeddable":true,"href":"https:\/\/www.sisinternational.com\/de\/wp-json\/wp\/v2\/pages\/14508"}],"wp:featuredmedia":[{"embeddable":true,"href":"https:\/\/www.sisinternational.com\/de\/wp-json\/wp\/v2\/media\/64727"}],"wp:attachment":[{"href":"https:\/\/www.sisinternational.com\/de\/wp-json\/wp\/v2\/media?parent=27296"}],"curies":[{"name":"wp","href":"https:\/\/api.w.org\/{rel}","templated":true}]}}