{"id":27258,"date":"2018-07-11T06:33:40","date_gmt":"2018-07-11T06:33:40","guid":{"rendered":"https:\/\/www.sisinternational.com\/?page_id=27258"},"modified":"2026-03-06T19:50:29","modified_gmt":"2026-03-07T00:50:29","slug":"japanese-beauty-market-research-j-beauty","status":"publish","type":"page","link":"https:\/\/www.sisinternational.com\/de\/coverage\/market-research-asia\/japanese-beauty-market-research-j-beauty\/","title":{"rendered":"Japanische Sch\u00f6nheitsmarktforschung | J Beauty"},"content":{"rendered":"<h1 class=\"wp-block-heading\">Japanische Sch\u00f6nheitsmarktforschung | J Beauty<\/h1>\n\n\n\n<figure class=\"gb-block-image gb-block-image-3ea2d3e4\"><img loading=\"lazy\" decoding=\"async\" width=\"1456\" height=\"816\" class=\"gb-image gb-image-3ea2d3e4\" src=\"https:\/\/www.sisinternational.com\/wp-content\/uploads\/2025\/09\/Japan-4.jpg\" alt=\"SIS International Market Research &amp; Strategy\" title=\"Japan (4)\" srcset=\"https:\/\/www.sisinternational.com\/wp-content\/uploads\/2025\/09\/Japan-4.jpg 1456w, https:\/\/www.sisinternational.com\/wp-content\/uploads\/2025\/09\/Japan-4-300x168.jpg 300w, https:\/\/www.sisinternational.com\/wp-content\/uploads\/2025\/09\/Japan-4-1024x574.jpg 1024w, https:\/\/www.sisinternational.com\/wp-content\/uploads\/2025\/09\/Japan-4-768x430.jpg 768w, https:\/\/www.sisinternational.com\/wp-content\/uploads\/2025\/09\/Japan-4-18x10.jpg 18w\" sizes=\"auto, (max-width: 1456px) 100vw, 1456px\"><\/figure>\n\n\n\n<p><\/p>\n\n\n\n<h2 class=\"wp-block-heading\">Denken Sie an die Kombination aus Wissenschaft und Natur<\/h2>\n\n\n\n<p>Wissenschaft und Natur sind die Urspr\u00fcnge wichtiger Inhaltsstoffe, die seit Jahrhunderten in japanischen Ritualen verwendet werden, aufgewertet durch innovative Technologien und herausragende Forschung und Entwicklung. Sch\u00f6nheit und Wellness sind seit langem wichtige Teile der japanischen Kultur. Japanische Sch\u00f6nheits- und Hautpflegeprodukte bringen diese Inhaltsstoffe zu allen Ethnien und Altersgruppen.&nbsp;<span style=\"font-weight: 400;\">Hier ein Blick auf einige beliebte J-Beauty-Produkte:<\/span><\/p>\n\n\n\n<h2 class=\"wp-block-heading\"><span style=\"font-weight: 400;\">Japanische Sch\u00f6nheitsprodukte<\/span><\/h2>\n\n\n\n<p><b>Shiseido<\/b><\/p>\n\n\n\n<p><span style=\"font-weight: 400;\">Shiseido ist ein multinationales japanisches Unternehmen. Es stellt Haar- und Hautpflegeprodukte, Parf\u00fcms und Kosmetika her. Shiseido wurde 1872 gegr\u00fcndet und ist eines der \u00e4ltesten Kosmetikunternehmen der Welt. Es ist das gr\u00f6\u00dfte Kosmetikunternehmen Japans und das f\u00fcnftgr\u00f6\u00dfte der Welt. Seine Produkte sind nur in ausgew\u00e4hlten Kaufh\u00e4usern erh\u00e4ltlich.<\/span><\/p>\n\n\n\n<p><b>SK-II<\/b><\/p>\n\n\n\n<p><span style=\"font-weight: 400;\">SK-II ist eine J-Beauty-Marke, die 1980 auf den Markt kam. Japanische Wissenschaftler entwickelten die Marke in den 1970er Jahren. Sie erforschten die Verwendung nat\u00fcrlicherer Inhaltsstoffe. P&amp;G erwarb die Marke 1991 zusammen mit dem Kauf von Max Factor. Bald darauf weitete SK-II seinen Vertrieb von Japan auf Korea, Taiwan und Hongkong aus. Die Marke kam im Jahr 2000 in Gro\u00dfbritannien auf den Markt und fand ihren Weg in die USA.<\/span><\/p>\n\n\n\n<h2 class=\"wp-block-heading\">J-Beauty-M\u00f6glichkeiten<\/h2>\n\n\n\n<p><span style=\"font-weight: 400;\">\u201cJ-beauty,\u201d the sleeping giant of the cosmetic industry, has woken up. Its key competitor is \u201cK-beauty\u201d or Korean beauty. The latter has the advantages of efficiency and manufacturing speed. However, K-beauty can\u2019t contend with Japan\u2019s far more elaborate and delicate beauty routines. It also cannot compete with their long-term <a href=\"https:\/\/www.sisinternational.com\/de\/solutions\/fintech-strategy-consulting-research\/investment-technology-market-research\/\" title=\"Marktforschung f\u00fcr Investmenttechnologien\"  data-wpil-monitor-id=\"10755\">investment in technology<\/a>. Japan&#8217;s obsession with beauty also makes it difficult for K-beauty to compete.<\/span><\/p>\n\n\n\n<p><span style=\"font-weight: 400;\">Die japanische Sch\u00f6nheitsindustrie reicht bis ins sechste Jahrhundert zur\u00fcck. Elemente wie die urspr\u00fcnglichen roten Lippen sind japanisch. Ein weiterer japanischer Faktor sind Make-up-Pinsel im Kalligraphie-Stil. Die Verwendung von Reispuder als Mattierungsmittel und Fixiermittel f\u00fcr Make-up ist ebenfalls japanischen Ursprungs. Vieles von dem, was an K-Beauty so spannend ist, stammt aus Japan. Japanische Sch\u00f6nheit schafft es, Altes und Neues mit Leichtigkeit zu verbinden.<\/span><\/p>\n\n\n\n<p><span style=\"font-weight: 400;\">Japan has had a foothold in the US market for decades. The hunger for their products remains. Brands like Shiseido have invested in innovation, and Japan\u2019s R&amp;D is estimated to be two years ahead of that of the US. &nbsp;One of the innovations under development is <a href=\"https:\/\/www.sisinternational.com\/de\/solutions\/ai-market-research-and-strategy-consulting\/technology-industry-automation-artificial-intelligence-consulting\/\" title=\"Beratung zur Automatisierung der Technologiebranche und zu k\u00fcnstlicher Intelligenz\"  data-wpil-monitor-id=\"10758\">artificial skin technology<\/a>. This second skin, made from a durable elastic polymer, sits under makeup or UV. Users dab it on like a lotion, and it makes wrinkles disappear.<\/span><\/p>\n\n\n\n<p><span style=\"font-weight: 400;\">Was also unterscheidet J-Brands von ihren westlichen Konkurrenten? Japanische Wissenschaft und Technologie erm\u00f6glichen die Wirksamkeit ihrer Produkte. Auch ihre Texturen sind von h\u00f6herer Qualit\u00e4t. Dies gilt insbesondere f\u00fcr Cremes, SPF-Produkte und Foundation. Japanische Produkte k\u00f6nnen auch in Kombination mit westlichen Produkten verwendet werden. Sch\u00f6nheitss\u00fcchtige im Westen k\u00f6nnen daher ein oder zwei Produkte aus Japan zu ihrer bestehenden Hautpflegeroutine hinzuf\u00fcgen, wenn sie noch nicht bereit sind, voll auf J-Beauty umzusteigen.<\/span><\/p>\n\n\n\n<h2 class=\"wp-block-heading\">\u00dcber uns<\/h2>\n\n\n\n<p>SIS has in-depth experience in conducting <a href=\"https:\/\/www.sisinternational.com\/de\/beauty-market-research-in-the-us\/\" title=\"Beauty Market Research in the US\"  data-wpil-monitor-id=\"880\">market research and strategy consulting for J<\/a> Beauty brands entering the US American, European and Asian markets.&nbsp; The following are our highlights:<\/p>\n\n\n\n<ul class=\"wp-block-list\">\n<li><a href=\"https:\/\/www.sisinternational.com\/de\/solutions\/focus-groups\/nyc-focus-groups-to-test-products-for-seniors\/\" title=\"Nutzung von NYC-Fokusgruppen zum Testen von Produkten f\u00fcr Senioren \u00a0\"  data-wpil-monitor-id=\"10750\">Focus Group and Product Testing<\/a> center in New York City<\/li>\n\n\n\n<li>Coast-to-Coast Qualitative and Quantitative <a href=\"https:\/\/www.sisinternational.com\/de\/coverage\/the-americas\/usa-coverage\/\" title=\"Marktforschung in den USA\"  data-wpil-monitor-id=\"10752\">Research capabilities in the United States<\/a><\/li>\n\n\n\n<li>Full-Service Research capabilities in the United Kingdom and <a href=\"https:\/\/www.sisinternational.com\/de\/trends-in-wellness-and-health-market-in-europe\/\" title=\"Marktforschung im Gesundheits- und Wellnessbereich in Europa\"  data-wpil-monitor-id=\"10748\">Europa<\/a><\/li>\n\n\n\n<li>Unsere Sch\u00f6nheitsexperten<\/li>\n\n\n\n<li>Zweisprachiges englisch-japanisch sprechendes Personal<\/li>\n\n\n\n<li>Over 40+ years experience in Global <a class=\"wpil_keyword_link\" href=\"https:\/\/www.sisinternational.com\/de\/beauty-market-research-2\/\"   title=\"Beauty Market Research\" data-wpil-keyword-link=\"linked\"  data-wpil-monitor-id=\"471\">Beauty Market Research<\/a><\/li>\n<\/ul>","protected":false},"excerpt":{"rendered":"<p>Japanische Sch\u00f6nheit, bekannt als J Beauty, ist ein wachsender Sektor des globalen Sch\u00f6nheitsmarktes. Erfahren Sie mehr \u00fcber neue Trends und Chancen, die J Beauty Market Research bietet.<\/p>","protected":false},"author":1,"featured_media":65779,"parent":14508,"menu_order":7,"comment_status":"closed","ping_status":"closed","template":"","meta":{"footnotes":""},"class_list":["post-27258","page","type-page","status-publish","has-post-thumbnail"],"_links":{"self":[{"href":"https:\/\/www.sisinternational.com\/de\/wp-json\/wp\/v2\/pages\/27258","targetHints":{"allow":["GET"]}}],"collection":[{"href":"https:\/\/www.sisinternational.com\/de\/wp-json\/wp\/v2\/pages"}],"about":[{"href":"https:\/\/www.sisinternational.com\/de\/wp-json\/wp\/v2\/types\/page"}],"author":[{"embeddable":true,"href":"https:\/\/www.sisinternational.com\/de\/wp-json\/wp\/v2\/users\/1"}],"replies":[{"embeddable":true,"href":"https:\/\/www.sisinternational.com\/de\/wp-json\/wp\/v2\/comments?post=27258"}],"version-history":[{"count":7,"href":"https:\/\/www.sisinternational.com\/de\/wp-json\/wp\/v2\/pages\/27258\/revisions"}],"predecessor-version":[{"id":81761,"href":"https:\/\/www.sisinternational.com\/de\/wp-json\/wp\/v2\/pages\/27258\/revisions\/81761"}],"up":[{"embeddable":true,"href":"https:\/\/www.sisinternational.com\/de\/wp-json\/wp\/v2\/pages\/14508"}],"wp:featuredmedia":[{"embeddable":true,"href":"https:\/\/www.sisinternational.com\/de\/wp-json\/wp\/v2\/media\/65779"}],"wp:attachment":[{"href":"https:\/\/www.sisinternational.com\/de\/wp-json\/wp\/v2\/media?parent=27258"}],"curies":[{"name":"wp","href":"https:\/\/api.w.org\/{rel}","templated":true}]}}