{"id":27253,"date":"2018-07-11T05:44:08","date_gmt":"2018-07-11T05:44:08","guid":{"rendered":"https:\/\/www.sisinternational.com\/?page_id=27253"},"modified":"2025-09-11T18:28:29","modified_gmt":"2025-09-11T22:28:29","slug":"pharmamarktforschung","status":"publish","type":"page","link":"https:\/\/www.sisinternational.com\/de\/sachverstand\/pharmamarktforschung\/","title":{"rendered":"Pharmazeutische Marktforschung"},"content":{"rendered":"<h1 class=\"wp-block-heading\"><span style=\"font-weight: 400;\"><strong>Pharmazeutische Marktforschung<\/strong><\/span><\/h1>\n\n\n\n<figure class=\"gb-block-image gb-block-image-1dcaaec4\"><img loading=\"lazy\" decoding=\"async\" width=\"1456\" height=\"816\" class=\"gb-image gb-image-1dcaaec4\" src=\"https:\/\/www.sisinternational.com\/wp-content\/uploads\/2025\/08\/Pharmaceutical-8.jpg\" alt=\"SIS International Marktforschung &amp; Strategie\" title=\"Pharmaceutical (8)\" srcset=\"https:\/\/www.sisinternational.com\/wp-content\/uploads\/2025\/08\/Pharmaceutical-8.jpg 1456w, https:\/\/www.sisinternational.com\/wp-content\/uploads\/2025\/08\/Pharmaceutical-8-300x168.jpg 300w, https:\/\/www.sisinternational.com\/wp-content\/uploads\/2025\/08\/Pharmaceutical-8-1024x574.jpg 1024w, https:\/\/www.sisinternational.com\/wp-content\/uploads\/2025\/08\/Pharmaceutical-8-768x430.jpg 768w, https:\/\/www.sisinternational.com\/wp-content\/uploads\/2025\/08\/Pharmaceutical-8-18x10.jpg 18w\" sizes=\"auto, (max-width: 1456px) 100vw, 1456px\"><\/figure>\n\n\n\n<p><\/p>\n\n\n\n<h2 class=\"wp-block-heading\"><span style=\"font-weight: 400;\"><strong>Gesundheit und Wohlbefinden sind ein wichtiger Teil des Lebens. \u00a0<\/strong><\/span><\/h2>\n\n\n\n<p><span style=\"font-weight: 400;\">These sectors relate to the development, manufacture, and marketing of medicines. &nbsp;The global revenue of the pharmaceutical industry is more than $1 trillion. Almost half of this figure comes from two countries: the US and Canada. It is by far the most profitable industry of all. The primary and generic pharmaceutical companies lead the way in the industry.<\/span><\/p>\n\n\n\n<p><span style=\"font-weight: 400;\">Einige der Durchbr\u00fcche in der Branche kommen von spezialisierten Pharmaunternehmen. Einige dieser Unternehmen haben weniger Mitarbeiter als eine einzelne Abteilung in einem der gr\u00f6\u00dferen Unternehmen. Diese kleinen Unternehmen haben einen enormen Einfluss auf die Patienten. Sie konzentrieren sich auf Therapiebereiche und Nischenm\u00e4rkte. Diese Unternehmen zeigen, wie ein gezielter Ansatz zu Ergebnissen f\u00fchren kann. Einige Unternehmen konzentrieren sich ausschlie\u00dflich auf eine Krankheit. Andere behandeln Leiden, die nur eine Minderheit der Bev\u00f6lkerung betreffen. <\/span><\/p>\n\n\n\n<p><span style=\"font-weight: 400;\">The US pharmaceutical market dominates the rest of the world. The US is an <a href=\"https:\/\/www.sisinternational.com\/de\/sis-bringt-neue-digitale-forschungslosungen-auf-den-markt\/\" title=\"SIS f\u00fchrt neue Digital Research-L\u00f6sungen ein\"  data-wpil-monitor-id=\"9628\">innovator<\/a> and a booster in the field of medical research and development. Their R&amp;D benefits the international pharmaceutical industry. Still, one of the top conditions affecting US patients is diabetes. Oncology and autoimmune diseases are also the focus of much research in the US. Pfizer, Johnson &amp; Johnson, and Merck &amp; Co. are the largest <a href=\"https:\/\/www.sisinternational.com\/de\/losungen\/reise-tourismus-und-gastgewerbeberatung\/marktforschung-fur-reiseleiterunternehmen\/\" title=\"Marktforschung f\u00fcr Reiseleiterunternehmen\"  data-wpil-monitor-id=\"9634\">companies on the US market<\/a>.<\/span><\/p>\n\n\n\n<h2 class=\"wp-block-heading\">Trends auf dem Pharmamarkt<\/h2>\n\n\n\n<p><span style=\"font-weight: 400;\">Public Relations (PR) and Advertising are powerful for Pharma companies.&nbsp; One of the most prominent is the <a href=\"https:\/\/www.sisinternational.com\/de\/kundenzufriedenheitsanalyse\/\" title=\"8 M\u00f6glichkeiten zur Steigerung der Kundenzufriedenheit im Einzelhandel\"  data-wpil-monitor-id=\"9626\">consumer as customer<\/a>. Biotech stories are starting to proliferate. One such story involves the use of gene therapy to regrow the skin of a little boy.&nbsp; As drugs get personalized, stories such as these are capturing imaginations. They are also piquing people\u2019s interest in the sector.&nbsp;&nbsp;<\/span><\/p>\n\n\n\n<p><span style=\"font-weight: 400;\">Patient stories can be powerful.&nbsp; Negative publicity can also be influential.&nbsp; One pharma company made headline news for charging $1,000 per day to treat hepatitis, creating a slew of negative publicity.&nbsp; It\u2019s a brave \u2013 and complex new world for biotech and pharmaceutical companies.<\/span><\/p>\n\n\n\n<p><span style=\"font-weight: 400;\">There are several challenges in the pharmaceutical industry. These include policy reforms. For example, healthcare officials are likely to overhaul the Affordable Care Act soon. Another problem is the impact of new technologies. Industry players are still doubtful about the effects of these technologies. It is unclear how they will affect drug development and commercialization.&nbsp;&nbsp;Gene therapy and Gene editing are also gaining more headlines on opportunities and challenges in those sectors.<\/span><\/p>\n\n\n\n<h2 class=\"wp-block-heading\">Globale Pharmachancen<\/h2>\n\n\n\n<p><span style=\"font-weight: 400;\">Pharmaceutical sales are the largest in the US and Europe.\u00a0Developed markets for pharmaceuticals comprise the United States and Western <a href=\"https:\/\/www.sisinternational.com\/de\/trends-im-wellness-und-gesundheitsmarkt-in-europa\/\" title=\"Marktforschung im Gesundheits- und Wellnessbereich in Europa\"  data-wpil-monitor-id=\"9630\">Europa<\/a>. Canada, Japan, and Australia are also part of this market.\u00a0 The United States sells approximately 33%, Western Europe, 22%, and China, 10%. Japan accounts for 9% Latin America, 7%, and Russia, 4%. South Korea, India, Indonesia, and Australia are below 3%.\u00a0<\/span><\/p>\n\n\n\n<h2 class=\"wp-block-heading\">Pharma Influencer Marketing<\/h2>\n\n\n\n<p><span style=\"font-weight: 400;\">One of the <a href=\"https:\/\/www.sisinternational.com\/de\/losungen\/fintech-strategieberatung-forschung\/digitale-forschung\/\" title=\"Digitale Marktforschung\"  data-wpil-monitor-id=\"9636\">digital trends in pharma is influencer marketing<\/a>. An influencer is one who is active in one or more of the social channels, with a large follower base. Pharma companies have been using influencers. These influencers have been reporting on their use of certain drugs and devices. They are also influencing people&#8217;s behavior in the area of disease prevention. Influencers can also encourage adherence to treatment protocols.&nbsp; Support groups can be highly influential in treatment and patient behavior.<\/span><\/p>\n\n\n\n<h2 class=\"wp-block-heading\">Alternde Bev\u00f6lkerungen<\/h2>\n\n\n\n<p><span style=\"font-weight: 400;\">Einer der Wachstumstreiber der Pharmaindustrie ist die alternde Bev\u00f6lkerung in den USA und in den meisten Industriel\u00e4ndern. Ein weiterer Wachstumsfaktor ist die Zunahme von Menschen, die einen ungesunden Lebensstil pflegen. Zu diesen schlechten Entscheidungen geh\u00f6ren mangelnde t\u00e4gliche Bewegung und ungesunde Essgewohnheiten. <\/span><\/p>\n\n\n\n<p><span style=\"font-weight: 400;\">The USA and Europe are leaders in pharmaceutical development and use. Other areas like India and China have seen growth in recent years in the <a href=\"https:\/\/www.sisinternational.com\/de\/sachverstand\/branchen\/marktforschung-im-bereich-biowissenschaften\/\" title=\"Marktforschung im Bereich Biowissenschaften\"  data-wpil-monitor-id=\"9632\">life science markets<\/a>. The cause of this growth is an increasing demand for <a href=\"https:\/\/www.sisinternational.com\/de\/losungen\/branding-und-kundenforschungslosungen\/produkttests-marktforschung\/product-testing-for-consumer-products\/medical-device-product-testing-in-nyc\/\" title=\"Medical Device Product Testing in NYC\"  data-wpil-monitor-id=\"9639\">devices and products<\/a>. It is also because of substantial capital opportunities.&nbsp;<\/span><\/p>\n\n\n\n<h2 class=\"wp-block-heading\">L\u00f6sungen f\u00fcr die Pharmamarktforschung<\/h2>\n\n\n\n<p>SIS International Research has over 40+ years of experience in <a href=\"https:\/\/www.sisinternational.com\/de\/sachverstand\/branchen\/pharmamarktforschung-2\/\" title=\"Pharmazeutische Marktforschung\"  data-wpil-monitor-id=\"3453\">Markt<\/a> Research and Strategy Consulting in the Pharmaceutical industry.\u00a0 We conduct research with patients, caretakers, physicians, payors, influencers, regulators, and other stakeholders.<\/p>\n\n\n\n<p>Wir bieten an:<\/p>\n\n\n\n<ul class=\"wp-block-list\">\n<li>Schwerpunktgruppen<\/li>\n\n\n\n<li><a href=\"https:\/\/www.sisinternational.com\/de\/losungen\/b2b-online-community-marktforschungsunternehmen\/\" title=\"B2B Online Community Marktforschungsunternehmen\"  data-wpil-monitor-id=\"9638\">Online-Insight-Communitys<\/a><\/li>\n\n\n\n<li>Tiefgr\u00fcndige Interviews<\/li>\n\n\n\n<li>Online-Umfragen<\/li>\n\n\n\n<li>Mehrl\u00e4nder- und internationale Marktforschung<\/li>\n\n\n\n<li>Market Entry, Sizing, and Opportunity<\/li>\n\n\n\n<li>Strategische und Wettbewerbsanalyse<\/li>\n<\/ul>\n\n\n\n<p><\/p>","protected":false},"excerpt":{"rendered":"<p>Marktforschung bietet Einblicke, Daten und L\u00f6sungen f\u00fcr Pharmaunternehmen. Erfahren Sie mehr \u00fcber Marktforschung im Pharmabereich.<\/p>","protected":false},"author":1,"featured_media":62953,"parent":14514,"menu_order":34,"comment_status":"closed","ping_status":"closed","template":"","meta":{"footnotes":""},"class_list":["post-27253","page","type-page","status-publish","has-post-thumbnail"],"_links":{"self":[{"href":"https:\/\/www.sisinternational.com\/de\/wp-json\/wp\/v2\/pages\/27253","targetHints":{"allow":["GET"]}}],"collection":[{"href":"https:\/\/www.sisinternational.com\/de\/wp-json\/wp\/v2\/pages"}],"about":[{"href":"https:\/\/www.sisinternational.com\/de\/wp-json\/wp\/v2\/types\/page"}],"author":[{"embeddable":true,"href":"https:\/\/www.sisinternational.com\/de\/wp-json\/wp\/v2\/users\/1"}],"replies":[{"embeddable":true,"href":"https:\/\/www.sisinternational.com\/de\/wp-json\/wp\/v2\/comments?post=27253"}],"version-history":[{"count":6,"href":"https:\/\/www.sisinternational.com\/de\/wp-json\/wp\/v2\/pages\/27253\/revisions"}],"predecessor-version":[{"id":81606,"href":"https:\/\/www.sisinternational.com\/de\/wp-json\/wp\/v2\/pages\/27253\/revisions\/81606"}],"up":[{"embeddable":true,"href":"https:\/\/www.sisinternational.com\/de\/wp-json\/wp\/v2\/pages\/14514"}],"wp:featuredmedia":[{"embeddable":true,"href":"https:\/\/www.sisinternational.com\/de\/wp-json\/wp\/v2\/media\/62953"}],"wp:attachment":[{"href":"https:\/\/www.sisinternational.com\/de\/wp-json\/wp\/v2\/media?parent=27253"}],"curies":[{"name":"wp","href":"https:\/\/api.w.org\/{rel}","templated":true}]}}