{"id":26759,"date":"2018-05-28T21:19:28","date_gmt":"2018-05-28T21:19:28","guid":{"rendered":"https:\/\/www.sisinternational.com\/?page_id=26759"},"modified":"2026-01-26T17:31:48","modified_gmt":"2026-01-26T22:31:48","slug":"konsumgutermarktforschung","status":"publish","type":"page","link":"https:\/\/www.sisinternational.com\/de\/sachverstand\/konsumgutermarktforschung\/","title":{"rendered":"Konsumg\u00fctermarktforschung"},"content":{"rendered":"<h1 class=\"wp-block-heading\"><span style=\"font-weight: 400;\"><strong>Konsumg\u00fctermarktforschung<\/strong><\/span><\/h1>\n\n\n\n<figure class=\"gb-block-image gb-block-image-e30db63f\"><img loading=\"lazy\" decoding=\"async\" width=\"1456\" height=\"816\" class=\"gb-image gb-image-e30db63f\" src=\"https:\/\/www.sisinternational.com\/wp-content\/uploads\/2025\/08\/Mystery-shopping-2.jpg\" alt=\"SIS International Marktforschung &amp; Strategie\" title=\"Mystery shopping (2)\" srcset=\"https:\/\/www.sisinternational.com\/wp-content\/uploads\/2025\/08\/Mystery-shopping-2.jpg 1456w, https:\/\/www.sisinternational.com\/wp-content\/uploads\/2025\/08\/Mystery-shopping-2-300x168.jpg 300w, https:\/\/www.sisinternational.com\/wp-content\/uploads\/2025\/08\/Mystery-shopping-2-1024x574.jpg 1024w, https:\/\/www.sisinternational.com\/wp-content\/uploads\/2025\/08\/Mystery-shopping-2-768x430.jpg 768w, https:\/\/www.sisinternational.com\/wp-content\/uploads\/2025\/08\/Mystery-shopping-2-18x10.jpg 18w\" sizes=\"auto, (max-width: 1456px) 100vw, 1456px\"><\/figure>\n\n\n\n<p><\/p>\n\n\n\n<h2 class=\"wp-block-heading\"><span style=\"font-weight: 400;\">Die Entwicklung der Konsumg\u00fcterindustrie war insbesondere durch den Aufstieg der Digitaltechnologie spannend.&nbsp; <\/span><\/h2>\n\n\n\n<p><span style=\"font-weight: 400;\">Businesses are launching innovative products that change how consumers live and interact in their daily lives.&nbsp; Managers are increasingly trying to meet an assortment of human desires and needs.&nbsp; With the rise of Digital Disruption, the global market is likely to produce many winners and losers over the coming decade.<\/span><\/p>\n\n\n\n<h2 class=\"wp-block-heading\">Was sind schnelldrehende Konsumg\u00fcter (FMCG)?<\/h2>\n\n\n\n<p><span style=\"font-weight: 400;\">Fast Moving Consumer Goods (FMCG) are products that are sold, replaced, or entirely used within a year.&nbsp; Another term for these products is Consumer Packaged Goods (CPG). Some examples are razors, toiletries, and breakfast cereal.&nbsp; This sector is facing pressure to find more business efficiencies while delivering against complex consumer demands.<\/span><\/p>\n\n\n\n<p><span style=\"font-weight: 400;\">Price competition in the FMCG sector is often intense, as the products tend to be near identical.&nbsp; Products in the FMCG sector also do well in economic downturns. Consumers usually cut back on luxury items when the economy declines.&nbsp; FMCG retailers operate with low margins. They need large markets, scale and distribution to be successful.<\/span><\/p>\n\n\n\n<p><span style=\"font-weight: 400;\">Some companies look to building advantages in the market through a \u201ccontinuous improvement approach.\u201d&nbsp; Building advantages over time can help companies to defend market share and customer loyalty.&nbsp; Competition posed by smaller, nimbler businesses is a significant challenge.<\/span><\/p>\n\n\n\n<h2 class=\"wp-block-heading\">M\u00f6glichkeiten f\u00fcr Essen und Trinken<\/h2>\n\n\n\n<p><span style=\"font-weight: 400;\">New trends are shaping the FMCG industry. For example, signs are emerging that not everyone considers sugar to be a health villain. Food and beverage manufacturers are rolling out super-indulgent desserts, drinks, and frozen novelties.&nbsp; Another trend is snacks once considered junk food are getting a healthy makeover.&nbsp; Manufacturers are using ingredients such as coconut and avocado oil, and plant-based protein.<\/span><\/p>\n\n\n\n<h2 class=\"wp-block-heading\">E-Commerce-M\u00f6glichkeiten<\/h2>\n\n\n\n<p><span style=\"font-weight: 400;\">Another new trend in the FMCG industry is the growth of online sales.\u00a0 E-commerce is must-have for FMCG marketers.\u00a0 Brands will need better ways to stand out online with the rise of e-commerce.\u00a0 This shift is occurring because there are more online shoppers with less time to shop, better prices available online, or better customer experience.\u00a0 The rise of Omnichannel strategies raises the importance of optimizing all channels to build brands and maximize profit.<\/span><\/p>\n\n\n\n<p><span style=\"font-weight: 400;\">FMCG-Unternehmen haben die M\u00f6glichkeit, ihre Marken zu st\u00e4rken oder sich neu zu erfinden. Sie m\u00fcssen auch die Art und Weise, wie sie im digitalen Zeitalter Verbraucher erreichen, st\u00e4ndig \u00fcberarbeiten. Sie k\u00f6nnen eine verbraucherzentrierte Perspektive einnehmen und Marktforschung hilft Unternehmen dabei. Durch Forschung k\u00f6nnen Unternehmen auch Verbindungen herstellen, die Marken \u00fcber alle verf\u00fcgbaren Kan\u00e4le st\u00e4rken.&nbsp;&nbsp;<\/span><\/p>\n\n\n\n<h2 class=\"wp-block-heading\"><span style=\"font-weight: 400;\"><strong>\u00dcber Consumer Goods Market Research<\/strong><\/span><\/h2>\n\n\n\n<p>Die Konsumg\u00fcterforschung liefert Erkenntnisse zu folgenden Themen:<\/p>\n\n\n\n<ul class=\"wp-block-list\">\n<li><b>Kundenerfahrung:<\/b><span style=\"font-weight: 400;\"> Unternehmen ver\u00e4ndern zunehmend die Erfahrungen, Kontaktpunkte und Interaktionen, die ihre Marken ihren Kunden bieten.&nbsp;<\/span><\/li>\n\n\n\n<li><b> Produktinnovation:<\/b><span style=\"font-weight: 400;\"> Unternehmen stehen zunehmend unter Druck, neue Produkte und L\u00f6sungen zu entwickeln, um Wachstum zu erzielen.<\/span><\/li>\n\n\n\n<li><b>Verhaltensforschung:<\/b><span style=\"font-weight: 400;\"> Unternehmen stehen vor einer sich ver\u00e4ndernden digitalen Customer Journey, die komplexer ist als zuvor.<\/span><\/li>\n\n\n\n<li><b>Verpackungsforschung:<\/b><span style=\"font-weight: 400;\">&nbsp;Verstehen Sie die letzten 10 Sekunden des Einkaufs und erfahren Sie, wie Sie die Verkaufsums\u00e4tze steigern k\u00f6nnen.<\/span><\/li>\n\n\n\n<li><b>Omnichannel-Forschung:<\/b><span style=\"font-weight: 400;\">&nbsp;Understanding the relationships between digital channels and customer behavior can provide numerous opportunities and challenges for brands.<\/span><\/li>\n<\/ul>\n\n\n\n<p><span style=\"font-weight: 400;\">Media attention, shelf impact, and market share are the focus of brand manufacturers. Marketers have less and less control over their brands these days.&nbsp; These developments have direct consequences for marketers and FMCG.&nbsp; For this reason, it is vital to know what influences people to buy and to take action.&nbsp;&nbsp;<\/span><\/p>\n\n\n\n<p><span style=\"font-weight: 400;\">Businesses need to innovate, adapt, and differentiate themselves.&nbsp; New substitutes and competitors in an expanding global economy present numerous threats.&nbsp; &nbsp;Developing bold, new strategies can help companies achieve competitive advantage.<\/span><\/p>\n\n\n\n<h2 class=\"wp-block-heading p1\">How to Conduct Fast-Moving Consumer Goods (FMCG) Market Research<\/h2>\n\n\n\n<p class=\"p3\">Fast Moving Consumer Goods (FMCG) Market Research helps decision makers to gather data and <a href=\"https:\/\/www.sisinternational.com\/de\/mehrere-wahlergruppen-indirekte-einflussnehmer-bei-verbraucherkaufen\/\" title=\"Mehrere Einflussfaktoren beim Verbrauchereinkauf\"  data-wpil-monitor-id=\"2291\">strategies in the consumer<\/a> goods industry. The market <a href=\"https:\/\/www.sisinternational.com\/de\/losungen\/branding-und-kundenforschungslosungen\/verpackungsmarktforschung\/\" title=\"Verpackungsmarktforschung\"  data-wpil-monitor-id=\"6571\">Forschung<\/a> provides insights into the different products in the consumer packaged goods industry and their distribution, market trends, and impact on other related businesses.<\/p>\n\n\n\n<p class=\"p3\">Diese Marktforschung sammelt Daten und Strategien der Fast Moving Consumer Goods-Branche (FMCG) und untersucht, wie bestimmte Unternehmen diese Produkte im Vergleich zu ihren Konkurrenten in Bezug auf Umsatz, Preis und Qualit\u00e4t der Artikel anbieten. Die Daten und Strategien k\u00f6nnen Unternehmen und wichtigen Akteuren bei ihren Entscheidungen helfen und aktuelle Informationen \u00fcber ihre Gesch\u00e4ftslandschaft liefern. In einem st\u00e4ndig wachsenden und hart umk\u00e4mpften Umfeld investieren viele der gr\u00f6\u00dften Unternehmen der Fast Moving Consumer Goods-Branche massiv in Marktforschung, um sich einen Wettbewerbsvorteil gegen\u00fcber ihren Konkurrenten zu verschaffen.<\/p>\n\n\n\n<h2 class=\"wp-block-heading p1\">Understanding the Fast-Moving Consumer Goods (FMCG) Industry<\/h2>\n\n\n\n<p class=\"p3\">Fast Moving Consumer Goods (FMCG) sind Artikel und Produkte, die sich schnell und g\u00fcnstig verkaufen. Diese Artikel werden auch als verpackte Konsumg\u00fcter bezeichnet.<\/p>\n\n\n\n<p class=\"p3\">Aufgrund der starken Verbrauchernachfrage oder Verderblichkeit haben schnelldrehende Konsumg\u00fcter (FMCG) eine kurze Haltbarkeit. Diese Artikel werden h\u00e4ufig gekauft, schnell verbraucht, zu erschwinglichen Preisen angeboten und in gro\u00dfen Mengen verkauft. Dar\u00fcber hinaus haben sie eine hohe Umschlagsrate in den Verkaufsregalen.<\/p>\n\n\n\n<p class=\"p3\">Fast Moving Consumer Goods (FMCG) ist der umfangreichste Mix aus verschiedenen Produktkategorien und -typen. Dazu geh\u00f6ren die folgenden:<\/p>\n\n\n\n<h2 class=\"wp-block-heading p3\">Fast-moving Consumer Goods by Type:<\/h2>\n\n\n\n<p class=\"p3\"><strong>Nahrungsmittel und Getr\u00e4nke<\/strong><\/p>\n\n\n\n<ul class=\"wp-block-list ul1\">\n<li>Verarbeitete oder verpackte Lebensmittel<\/li>\n\n\n\n<li>Verzehrfertige Mahlzeiten<\/li>\n\n\n\n<li>Gebackene Leckereien<\/li>\n\n\n\n<li>Frisches Essen<\/li>\n\n\n\n<li>Gefrorenes Essen<\/li>\n\n\n\n<li>Trocken- und Konservenwaren<\/li>\n\n\n\n<li>Getr\u00e4nke in Flaschen, Kartons oder Dosen<\/li>\n<\/ul>\n\n\n\n<p class=\"p3\"><strong>Produkte f\u00fcr die Gesundheitspflege<\/strong><\/p>\n\n\n\n<ul class=\"wp-block-list ul1\">\n<li>Freiverk\u00e4ufliche Medikamente<\/li>\n\n\n\n<li>Vitamine<\/li>\n\n\n\n<li>Nahrungserg\u00e4nzungsmittel<\/li>\n<\/ul>\n\n\n\n<p class=\"p3\"><strong>Haushalt und K\u00f6rperpflege<\/strong><\/p>\n\n\n\n<ul class=\"wp-block-list ul1\">\n<li>Mundpflege<\/li>\n\n\n\n<li>Haarpflegeprodukte<\/li>\n\n\n\n<li>Damenhygiene<\/li>\n\n\n\n<li>Reinigungsmittel<\/li>\n\n\n\n<li>Kosmetik und Toilettenartikel<\/li>\n<\/ul>\n\n\n\n<h2 class=\"wp-block-heading p1\">Wie wird Marktforschung zu schnelldrehenden Konsumg\u00fctern (FMCG) durchgef\u00fchrt?<\/h2>\n\n\n\n<p class=\"p3\">Fast Moving Consumer Goods (FMCG) Market Research is the process by wherein one can gauge the potential success of a new service, marketing campaign, or product. Research like this helps businesses learn about and evaluate consumer sentiment toward specific products or services they want to focus. While it is possible to do this research in-house, only some companies have the personnel, infrastructure, and sample size necessary to draw meaningful conclusions.<\/p>\n\n\n\n<p class=\"p3\">Companies also have the option to have independent firms do the Fast Moving Consumer Goods (FMCG) Market Research. It is essential to consider that there should be proper access to the necessary data and resources when doing market research. As Market Research provides insights into various aspects of the industry, there are several methods that can be used to gather data and strategies in the Fast Moving <a href=\"https:\/\/www.sisinternational.com\/de\/die-neurobiologischen-grundlagen-der-verbraucherentscheidungen\/\" title=\"Marktforschung f\u00fcr Verbraucher-Neuromarketing\"  data-wpil-monitor-id=\"2674\">Konsumg\u00fctermarktforschung<\/a> industry.<\/p>\n\n\n\n<p class=\"p3\"><b>Zu den verwendeten Methoden geh\u00f6ren unter anderem die folgenden:<\/b><\/p>\n\n\n\n<ul class=\"wp-block-list ul1\">\n<li>Umfragen<\/li>\n\n\n\n<li>Produkttest<\/li>\n\n\n\n<li>Schwerpunktgruppen<\/li>\n\n\n\n<li>ma\u00dfgeschneiderte Forschung<\/li>\n\n\n\n<li>Markenpositionierungsforschung<\/li>\n\n\n\n<li>Markteinsch\u00e4tzung<\/li>\n\n\n\n<li>Wettbewerbsintelligenz<\/li>\n\n\n\n<li>Werbeforschung<\/li>\n\n\n\n<li>Einblicke in den Handel oder das Stakeholder-Engagement<\/li>\n<\/ul>\n\n\n\n<h2 class=\"wp-block-heading p1\">Warum Marktforschung f\u00fcr schnelldrehende Konsumg\u00fcter (FMCG) so wichtig ist<\/h2>\n\n\n\n<p class=\"p3\">Marktforschung ist unerl\u00e4sslich, um fundierte Gesch\u00e4ftsentscheidungen zu treffen und eine starke Marke aufzubauen. Dennoch glauben viele nicht, dass es einen Unterschied macht. Im Folgenden finden Sie die Bedeutung der Marktforschung f\u00fcr schnelldrehende Konsumg\u00fcter (FMCG):<\/p>\n\n\n\n<p class=\"p3\"><b>Wettbewerbsorientierte Marktforschung<\/b><\/p>\n\n\n\n<p class=\"p3\">Entgegen der landl\u00e4ufigen Meinung brauchen Sie auf jeden Fall etwas, das Sie von der Konkurrenz abhebt. Es ist eine schlechte Gesch\u00e4ftsstrategie, nicht explizit zu sagen, was eine bestimmte Marke von der Konkurrenz abhebt. Die Gesch\u00e4ftsmarke geht in der Masse unter, wenn die Botschaft schwach ist, was der Konkurrenz einen gr\u00f6\u00dferen Vorteil verschafft. Wenn es um Gesch\u00e4ftserfolg und Markensichtbarkeit geht, ist Differenzierung der Schl\u00fcssel.<\/p>\n\n\n\n<p class=\"p3\"><b>Schaffen Sie einen fokussierteren und gezielteren Markt<\/b><\/p>\n\n\n\n<p class=\"p3\">Um die Erfolgschancen zu maximieren, muss man wissen, wen man erreichen muss. Der Versuch, \u201enur f\u00fcr den Fall\u201c jeden zu erreichen, ist eine Verschwendung von Ressourcen. Konzentrieren Sie sich auf die Kerngruppe der Verbraucher, die am meisten von einem bestimmten Produkt oder einer bestimmten Dienstleistung profitieren. Die Erforschung der Kundensegmentierung kann Aufschluss \u00fcber den idealen Kunden und die effektivsten Mittel geben, um ihn zu erreichen.<\/p>\n\n\n\n<p class=\"p3\"><b>Richtige Werbebotschaft und Platzierung<\/b><\/p>\n\n\n\n<p class=\"p3\">Was wirklich z\u00e4hlt, ist, was Ihre Kunden \u00fcber ein Unternehmen oder eine Marke denken und sagen und was sie davon halten. Erfolgreiche Werbung und Zielgruppenausrichtung k\u00f6nnen durch gr\u00fcndliche Marktforschung im Bereich schnelldrehender Konsumg\u00fcter (FMCG) entdeckt und verstanden werden. Kunden werden nicht alle dieselben Lebensmittel oder Gesundheitsprodukte verwenden, nur weil sie dasselbe Alter, Geschlecht, dieselbe ethnische Zugeh\u00f6rigkeit, dasselbe Einkommen oder denselben Standort haben.<\/p>\n\n\n\n<p class=\"p3\"><b>Marktforschung gibt Aufschluss dar\u00fcber, wer die potenziellen Kunden sind<\/b><\/p>\n\n\n\n<p class=\"p3\">Man kann die Denkweise und Handlungen der Verbraucher nicht vollst\u00e4ndig vorhersagen. Zeit und Geld in die Forschung zu investieren, ist eine kluge Entscheidung, die jeder wichtige Akteur in der Branche treffen kann. Neben der \u00dcberwachung des Erfolgs von Marketingkampagnen kann spezialisierte Forschung Daten und Strategien in der Fast Moving Consumer Goods (FMCG)-Branche zu einem bestimmten Produkt oder zur Gesch\u00e4ftsmarketinglandschaft liefern.<\/p>\n\n\n\n<p class=\"p3\"><b>Verbesserung der Markenpositionierung<\/b><\/p>\n\n\n\n<p class=\"p3\">Daten und Strategien aus der FMCG-Branche (Fast Moving Consumer Goods) helfen dabei, sicherzustellen, dass die Botschaften Ihrer Marke auf robusten, relevanten und unterscheidbaren S\u00e4ulen basieren. Recherche und Planung k\u00f6nnen Ihnen dabei helfen, das richtige Gleichgewicht zwischen rationalen und emotionalen Vorteilen, der richtigen Verbrauchersprache und dem richtigen Ton, bahnbrechenden Erkenntnissen und Verbraucher-Hot Buttons zu finden. All dies kann in eine \u00fcberarbeitete Markenbotschaftsstrategie integriert werden und zu besseren kommerziellen Ergebnissen f\u00fchren.<\/p>\n\n\n\n<h2 class=\"wp-block-heading p1\">\u00dcber die Marktforschung f\u00fcr schnelldrehende Konsumg\u00fcter (FMCG)<\/h2>\n\n\n\n<p class=\"p3\">Um ihren Marktanteil zu erh\u00f6hen, konzentrieren sich die f\u00fchrenden Unternehmen der FMCG-Branche zunehmend darauf, ihre Angebote an die Bed\u00fcrfnisse einzelner Verbraucher anzupassen. Die gro\u00dfen Akteure auf dem globalen FMCG-Markt konnten ihren Marktanteil durch die Einf\u00fchrung neuer Produkte und durch den Kauf kleinerer Unternehmen steigern.<\/p>\n\n\n\n<p class=\"p3\">Fast-moving consumer Goods (FMCG) market research provides insights into market trends and highlights significance to the said industry. Doing market research is an efficient approach to acquiring original market data relevant to the industry. Staying ahead of the competition and spotting emerging trends are both possible with the help of consumer goods market research.<\/p>\n\n\n\n<p class=\"p3\">Unternehmen und wichtige Akteure k\u00f6nnen die Erkenntnisse aus der Marktforschung zu schnelldrehenden Konsumg\u00fctern (FMCG) nutzen, um ihre Produkte und Dienstleistungen zu verbessern und ihre Ums\u00e4tze in einem zunehmend wettbewerbsorientierten Markt zu steigern.<\/p>\n\n\n\n<p><\/p>","protected":false},"excerpt":{"rendered":"<p>Marktforschung f\u00fcr Konsumg\u00fcter hilft beim Aufbau von Marken und der Steigerung von Gewinnen. Erfahren Sie mehr.<\/p>","protected":false},"author":1,"featured_media":62455,"parent":14514,"menu_order":30,"comment_status":"closed","ping_status":"closed","template":"","meta":{"footnotes":""},"class_list":["post-26759","page","type-page","status-publish","has-post-thumbnail"],"_links":{"self":[{"href":"https:\/\/www.sisinternational.com\/de\/wp-json\/wp\/v2\/pages\/26759","targetHints":{"allow":["GET"]}}],"collection":[{"href":"https:\/\/www.sisinternational.com\/de\/wp-json\/wp\/v2\/pages"}],"about":[{"href":"https:\/\/www.sisinternational.com\/de\/wp-json\/wp\/v2\/types\/page"}],"author":[{"embeddable":true,"href":"https:\/\/www.sisinternational.com\/de\/wp-json\/wp\/v2\/users\/1"}],"replies":[{"embeddable":true,"href":"https:\/\/www.sisinternational.com\/de\/wp-json\/wp\/v2\/comments?post=26759"}],"version-history":[{"count":7,"href":"https:\/\/www.sisinternational.com\/de\/wp-json\/wp\/v2\/pages\/26759\/revisions"}],"predecessor-version":[{"id":80154,"href":"https:\/\/www.sisinternational.com\/de\/wp-json\/wp\/v2\/pages\/26759\/revisions\/80154"}],"up":[{"embeddable":true,"href":"https:\/\/www.sisinternational.com\/de\/wp-json\/wp\/v2\/pages\/14514"}],"wp:featuredmedia":[{"embeddable":true,"href":"https:\/\/www.sisinternational.com\/de\/wp-json\/wp\/v2\/media\/62455"}],"wp:attachment":[{"href":"https:\/\/www.sisinternational.com\/de\/wp-json\/wp\/v2\/media?parent=26759"}],"curies":[{"name":"wp","href":"https:\/\/api.w.org\/{rel}","templated":true}]}}