{"id":26512,"date":"2018-04-29T09:39:35","date_gmt":"2018-04-29T09:39:35","guid":{"rendered":"https:\/\/www.sisinternational.com\/?page_id=26512"},"modified":"2026-01-26T14:18:18","modified_gmt":"2026-01-26T19:18:18","slug":"internationale-verbraucherforschung","status":"publish","type":"page","link":"https:\/\/www.sisinternational.com\/de\/losungen\/internationale-verbraucherforschung\/","title":{"rendered":"Internationale Verbraucherforschung"},"content":{"rendered":"<h1 class=\"wp-block-heading p1\"><span class=\"s1\">Internationale Verbraucherforschung<\/span><\/h1>\n\n\n\n<figure class=\"gb-block-image gb-block-image-78c1b756\"><img loading=\"lazy\" decoding=\"async\" width=\"1456\" height=\"816\" class=\"gb-image gb-image-78c1b756\" src=\"https:\/\/www.sisinternational.com\/wp-content\/uploads\/2025\/08\/Retail-26.jpg\" alt=\"SIS International Marktforschung &amp; Strategie\" title=\"Retail (26)\" srcset=\"https:\/\/www.sisinternational.com\/wp-content\/uploads\/2025\/08\/Retail-26.jpg 1456w, https:\/\/www.sisinternational.com\/wp-content\/uploads\/2025\/08\/Retail-26-300x168.jpg 300w, https:\/\/www.sisinternational.com\/wp-content\/uploads\/2025\/08\/Retail-26-1024x574.jpg 1024w, https:\/\/www.sisinternational.com\/wp-content\/uploads\/2025\/08\/Retail-26-768x430.jpg 768w, https:\/\/www.sisinternational.com\/wp-content\/uploads\/2025\/08\/Retail-26-18x10.jpg 18w\" sizes=\"auto, (max-width: 1456px) 100vw, 1456px\"><\/figure>\n\n\n\n<h2 class=\"wp-block-heading p2\"><span class=\"s1\">Die Weltwirtschaft ver\u00e4ndert sich rasch und bietet Unternehmen neue Chancen.&nbsp; &nbsp;<\/span><\/h2>\n\n\n\n<p class=\"p2\"><span class=\"s1\">With technology and transportation, it is easier than ever to build brands in multiple markets overseas.&nbsp; Emerging markets are growing and providing new customer bases.&nbsp; Yet, challenges exist with language, culture, norms and rules.&nbsp; SIS helps companies understand their strategic opportunities and challenges.&nbsp; &nbsp;<\/span><\/p>\n\n\n\n<h2 class=\"wp-block-heading p4\"><span class=\"s1\">Schwellenl\u00e4nder<\/span><\/h2>\n\n\n\n<p class=\"p2\"><span class=\"s1\">Das Verbraucherverhalten variiert von Markt zu Markt. In den sogenannten \u201eBRIC\u201c-Staaten Brasilien, Russland, Indien und China leben zwei Drittel der Weltbev\u00f6lkerung. Zusammen tragen sie einen betr\u00e4chtlichen Teil zum weltweiten Bruttoinlandsprodukt bei. Auch L\u00e4nder wie Mexiko, S\u00fcdafrika und die T\u00fcrkei geh\u00f6ren zu dieser Gruppe.<\/span><\/p>\n\n\n\n<p class=\"p2\"><span class=\"s1\">Emerging markets have become the engines of economic growth, rapidly gaining share of the world economy. These markets also continue to have fast-growing &#8220;new rich&#8221; sectors existing alongside large &#8220;poor&#8221; populations.&nbsp;&nbsp;Also relevant are the developing and developed <a href=\"https:\/\/www.sisinternational.com\/de\/abdeckung\/marktforschung-afrika\/marktforschung-in-sudafrika\/\" title=\"Marktforschung in S\u00fcdafrika\"  data-wpil-monitor-id=\"5873\">markets such as South<\/a> Korea, Taiwan, Singapore, and those Eastern European nations that recently changed from centrally planned to market economies.&nbsp;&nbsp;<span class=\"s1\">Wir bieten ein umfassendes Verst\u00e4ndnis dieser M\u00e4rkte.&nbsp; <\/span><\/p>\n\n\n\n<p class=\"p2\">When <a href=\"https:\/\/www.sisinternational.com\/de\/abdeckung\/marktforschung-asien\/marktforschung-nauru\/\" title=\"Marktforschung in Nauru\"  data-wpil-monitor-id=\"5731\">researching emerging markets<\/a>, companies gain vital knowledge to ensure they do not waste time \u2013 or worse, make poor decisions based on incorrect analysis or misinformation. Businesses should research and heed the do&#8217;s and don&#8217;ts of every market. Some methodologies that work in certain markets will not work in other markets.&nbsp; We provide that insight.<\/p>\n\n\n\n<h2 class=\"wp-block-heading p4\"><span class=\"s1\">Trends in der Verbraucherforschung<\/span><\/h2>\n\n\n\n<p class=\"p2\"><span class=\"s1\">K\u00fcnstliche Intelligenz (KI) und maschinelles Lernen k\u00f6nnten die Marktforschungsbranche erheblich beeinflussen. Dank Amazon Echo und Google Home ist KI bereits in der Verbraucherlandschaft angekommen. Sie ist ein bahnbrechender Wandel, der Prozesse auf den Kopf stellt und es Forschern erm\u00f6glicht, kosteng\u00fcnstigere und schnellere Erkenntnisse zu liefern.<\/span><\/p>\n\n\n\n<p class=\"p2\"><span class=\"s1\">Die meisten Internetnutzer besitzen bereits ein Smartphone, und es werden immer mehr. Wenn Befragte eine Einladung zur Teilnahme an einer Umfrage erhalten, ist es \u00fcblich, dass sie diese auf einem Smartphone ausf\u00fcllen. Marktforscher m\u00fcssen daher ihren Ansatz auf Smartphones umstellen. Die Alternative, diese Ger\u00e4te von vornherein von der Teilnahme auszuschlie\u00dfen, ist in der Regel nicht w\u00fcnschenswert.<\/span><\/p>\n\n\n\n<p class=\"p6\"><span class=\"s1\">Die Online-Datenerfassung ist mittlerweile zu einem wichtigen Schwerpunkt der Marktforschungsbranche geworden. Online ist in der Regel schneller als alle anderen Methoden der Datenerfassung, insbesondere bei gro\u00dfen Stichproben, da die Befragten Zeit sparen, indem sie die Fragen schnell selbst lesen und beantworten.<\/span><\/p>\n\n\n\n<h2 class=\"wp-block-heading p4\"><span class=\"s1\">Forschungsinstrumente<\/span><\/h2>\n\n\n\n<ul class=\"wp-block-list\">\n<li><span class=\"s1\"><b>Der Aufstieg der Online-Methoden. <\/b>The prominence of the Internet and other, similar technologies, have given us more innovation and flexibility to improve research design, to link up with millions of people, and to communicate with them much faster. <a class=\"wpil_keyword_link\" href=\"https:\/\/www.sisinternational.com\/de\/online-marktforschung\/\"   title=\"Was ist Online-Marktforschung?\" data-wpil-keyword-link=\"linked\"  data-wpil-monitor-id=\"476\">Online market research<\/a> is less expensive than offline analysis. It is also faster than offline, and subject matters are more flexible. <\/span><\/li>\n\n\n\n<li><span class=\"s1\"><b>Der Aufstieg des digitalen Marketings.<\/b> China ist f\u00fchrend bei der Zahl mobiler Internetnutzer, mit mehr als dreimal so vielen wie die USA. Chinesische Verbraucher haben Super-Apps angenommen, die viele Aspekte ihres Lebens auf einer einzigen mobilen Plattform vereinen. Das Wissen \u00fcber diese und \u00e4hnliche Trends bietet Vermarktern einzigartige M\u00f6glichkeiten, verschiedene M\u00e4rkte zu erreichen.<\/span><\/li>\n<\/ul>\n\n\n\n<ul class=\"wp-block-list\">\n<li><span class=\"s1\"><b>New designs for in-store <\/b><a href=\"https:\/\/www.sisinternational.com\/de\/sachverstand\/branchen\/cisco-marktforschung\/\" title=\"CISO-Marktforschung\"  data-wpil-monitor-id=\"5744\">research. In-store market<\/a> research has several benefits, for example, it impacts product placement and that of advertising and promotions, and it provides insights into consumers\u2019 behavior. It also gives the store owner an idea of daily, weekly, or monthly traffic, and it helps determine product pricing.<\/span><\/li>\n\n\n\n<li><strong>Face-to-Face-Methoden.&nbsp;<\/strong>&nbsp;Je nach Markt setzen wir viele weitere Methoden ein, beispielsweise Fokusgruppen, Interviews, Umfragen, Telefoninterviews, Ethnographie und Intercepts.<\/li>\n<\/ul>\n\n\n\n<h2 class=\"wp-block-heading p4\"><span class=\"s1\">Es ist eine globale Wirtschaft<\/span><\/h2>\n\n\n\n<p class=\"p2\"><span class=\"s1\">Unternehmen entscheiden sich oft aus der Not heraus f\u00fcr eine Internationalisierung ihres Unternehmens. Allerdings k\u00f6nnen sie darunter leiden, wenn sie nicht \u00fcber ausreichende Informationen \u00fcber einen Markt verf\u00fcgen oder die Nachfrageprognosen falsch sind. Sie m\u00fcssen ihre eigenen St\u00e4rken und Schw\u00e4chen sowie die ihrer Konkurrenten kennen, um Chancen sorgf\u00e4ltig nutzen und die raschen Ver\u00e4nderungen in der Weltwirtschaft meistern zu k\u00f6nnen.<\/span><\/p>\n\n\n\n<p>SIS is widely recognized as a world leader in International Market Research.&nbsp; We provide over 40+ years experience, extensive market coverage, our best practices and many other advantages.<\/p>\n\n\n\n<h2 class=\"wp-block-heading\">&nbsp;<\/h2>","protected":false},"excerpt":{"rendered":"<p>Die globale Wirtschaft ver\u00e4ndert sich schnell und bietet den Unternehmen viele M\u00f6glichkeiten.  SIS hilft Unternehmen, ihre strategischen Chancen und Herausforderungen weltweit zu verstehen.\u00a0<\/p>","protected":false},"author":1,"featured_media":62501,"parent":14457,"menu_order":15,"comment_status":"closed","ping_status":"closed","template":"","meta":{"footnotes":""},"class_list":["post-26512","page","type-page","status-publish","has-post-thumbnail"],"_links":{"self":[{"href":"https:\/\/www.sisinternational.com\/de\/wp-json\/wp\/v2\/pages\/26512","targetHints":{"allow":["GET"]}}],"collection":[{"href":"https:\/\/www.sisinternational.com\/de\/wp-json\/wp\/v2\/pages"}],"about":[{"href":"https:\/\/www.sisinternational.com\/de\/wp-json\/wp\/v2\/types\/page"}],"author":[{"embeddable":true,"href":"https:\/\/www.sisinternational.com\/de\/wp-json\/wp\/v2\/users\/1"}],"replies":[{"embeddable":true,"href":"https:\/\/www.sisinternational.com\/de\/wp-json\/wp\/v2\/comments?post=26512"}],"version-history":[{"count":7,"href":"https:\/\/www.sisinternational.com\/de\/wp-json\/wp\/v2\/pages\/26512\/revisions"}],"predecessor-version":[{"id":79562,"href":"https:\/\/www.sisinternational.com\/de\/wp-json\/wp\/v2\/pages\/26512\/revisions\/79562"}],"up":[{"embeddable":true,"href":"https:\/\/www.sisinternational.com\/de\/wp-json\/wp\/v2\/pages\/14457"}],"wp:featuredmedia":[{"embeddable":true,"href":"https:\/\/www.sisinternational.com\/de\/wp-json\/wp\/v2\/media\/62501"}],"wp:attachment":[{"href":"https:\/\/www.sisinternational.com\/de\/wp-json\/wp\/v2\/media?parent=26512"}],"curies":[{"name":"wp","href":"https:\/\/api.w.org\/{rel}","templated":true}]}}