{"id":26508,"date":"2018-04-29T09:05:15","date_gmt":"2018-04-29T09:05:15","guid":{"rendered":"https:\/\/www.sisinternational.com\/?page_id=26508"},"modified":"2025-09-13T23:46:22","modified_gmt":"2025-09-14T03:46:22","slug":"marktforschung-zur-ridesharing-branche","status":"publish","type":"page","link":"https:\/\/www.sisinternational.com\/de\/sachverstand\/marktforschung-zur-ridesharing-branche\/","title":{"rendered":"Marktforschung f\u00fcr Mitfahrgelegenheiten"},"content":{"rendered":"<h1 class=\"wp-block-heading p1\"><span class=\"s1\">Marktforschung f\u00fcr Mitfahrgelegenheiten<\/span><\/h1>\n\n\n\n<figure class=\"gb-block-image gb-block-image-7bd8e25b\"><img loading=\"lazy\" decoding=\"async\" width=\"1456\" height=\"816\" class=\"gb-image gb-image-7bd8e25b\" src=\"https:\/\/www.sisinternational.com\/wp-content\/uploads\/2025\/08\/Luxury-car-6.jpg\" alt=\"SIS International Marktforschung &amp; Strategie\" title=\"Luxury car (6)\" srcset=\"https:\/\/www.sisinternational.com\/wp-content\/uploads\/2025\/08\/Luxury-car-6.jpg 1456w, https:\/\/www.sisinternational.com\/wp-content\/uploads\/2025\/08\/Luxury-car-6-300x168.jpg 300w, https:\/\/www.sisinternational.com\/wp-content\/uploads\/2025\/08\/Luxury-car-6-1024x574.jpg 1024w, https:\/\/www.sisinternational.com\/wp-content\/uploads\/2025\/08\/Luxury-car-6-768x430.jpg 768w, https:\/\/www.sisinternational.com\/wp-content\/uploads\/2025\/08\/Luxury-car-6-18x10.jpg 18w\" sizes=\"auto, (max-width: 1456px) 100vw, 1456px\"><\/figure>\n\n\n\n<p class=\"p2\"><span class=\"s1\">Ride Sharing is a transportation model that has become popular in major cities worldwide. Passengers download an app to their smartphone.&nbsp; The passenger then requests a ride, and a nearby driver will accept the request.&nbsp; The transaction is done through an app that manages the fare, payment and tip.&nbsp; Passengers can leave reviews.&nbsp; Ride Sharing apps have gained widespread popularity and have the <a href=\"https:\/\/www.sisinternational.com\/de\/venezuela-oil-mining-industry-potential-strategic-forecast-2026-2036\/\" title=\"Venezuela Oil &amp; Mining Industry Potential: Strategic Forecast 2026-2036\"  data-wpil-monitor-id=\"9647\">potential to disrupt the transport industry<\/a> and consumer daily habits.<\/span><\/p>\n\n\n\n<h2 class=\"wp-block-heading p3\"><span class=\"s1\">Ridesharing boomt<\/span><\/h2>\n\n\n\n<p class=\"p5\"><span class=\"s1\">Ride Sharing hat die Welt im Sturm erobert. Das Konzept stammt aus den 1940er Jahren, als es einen Benzinmangel gab. Es tauchte in den 1970er Jahren w\u00e4hrend der Energie- und \u00d6lkrise wieder auf. Die 21<\/span><span class=\"s2\"><sup>st<\/sup><\/span><span class=\"s1\"> Das Jahrhundert hat Spitzentechnologie hervorgebracht. Diese Innovationen haben unsere Sicht auf Mitfahrgelegenheiten ver\u00e4ndert. Mit Hilfe von Smartphone-Apps ist es heute einfacher geworden, eine Mitfahrgelegenheit zu finden. Beim Mitfahren kommen auch soziale Medien, Onlinedienste und GPS-Navigationstools zum Einsatz.&nbsp;<\/span><\/p>\n\n\n\n<p>The business model innovations that Ridesharing companies developed were a realtime marketplace of riders and drivers that match supply and demand, and an innovative mobile payment system.&nbsp; Companiesmatch supply and demand in real-time, using GPS, mobile apps, payments technologies and passenger reviews.<\/p>\n\n\n\n<p class=\"p5\"><span class=\"s1\">The Ridesharing industry is booming worldwide.&nbsp; The evidence is the explosive growth of rideshare companies over the past few years.&nbsp; The industry has hundreds of thousands of drivers. It also has millions of users and billions in venture capital funding. In big <a href=\"https:\/\/www.sisinternational.com\/de\/losungen\/schwerpunktgruppen\/einrichtungen-fur-fokusgruppen-in-nyc\/\" title=\"Einrichtungen f\u00fcr Fokusgruppen in New York City\"  data-wpil-monitor-id=\"9644\">cities like New York<\/a> and Boston, ridesharing use is causing taxi medallions to drop in price.<\/span><\/p>\n\n\n\n<p class=\"p2\"><span class=\"s1\">Viele Menschen betrachten Lyft, Uber und andere Mitfahrdienste als Alternativen zum Taxi. Es ist etwas v\u00f6llig Neues, das Leben und Kultur ver\u00e4ndert. In manchen St\u00e4dten war es fast unm\u00f6glich, auf der Stra\u00dfe ein Taxi heranzuwinken. Die M\u00f6glichkeit, einen Fahrdienst anzufordern und ihn innerhalb von Minuten verf\u00fcgbar zu haben, ver\u00e4ndert das Leben.<\/span><\/p>\n\n\n\n<h2 class=\"wp-block-heading p6\"><span class=\"s1\">Transformation traditioneller Taxi- und Transportdienste<\/span><\/h2>\n\n\n\n<p class=\"p2\"><span class=\"s1\">Eine breitere Gruppe von Menschen nutzt mittlerweile Mitfahrgelegenheiten. Gro\u00dfst\u00e4dte leiden unter beispiellosen Luftverschmutzungswerten und anderen Arten von Verschmutzung. Viele St\u00e4dte sind zudem mit dem Zerfall der Autobahnstrukturen konfrontiert und immer weniger Menschen nutzen \u00f6ffentliche Verkehrsmittel. Diese Probleme veranlassen Regierungen dazu, mehr zu tun, als sich um Alleinfahrer zu k\u00fcmmern. Die Mitfahrbranche beeinflusst Wirtschaft und Kultur auf der ganzen Welt.<\/span><\/p>\n\n\n\n<p class=\"p2\"><span class=\"s1\">Vehicle ownership may decline in the coming years. Ridesharing will take up a more significant share in the transportation pie.&nbsp; In the US, people may postpone buying a car because they have access to the Uber and Lyft services.&nbsp; As the ridesharing industry grows, spinoffs are likely. Examples include courier <a href=\"https:\/\/www.sisinternational.com\/de\/lebensmittelindustrie\/\" title=\"Spotlight auf die Foodservice-Branche 2011\"  data-wpil-monitor-id=\"9645\">services and food<\/a> delivery. Ridesharing also provides a solution to people who would not have been able to afford to own a car. It&#8217;s also a boon to those who cannot afford to use a taxi <a href=\"https:\/\/www.sisinternational.com\/de\/losungen\/fintech-strategieberatung-forschung\/sourcing-beratung-fur-finanzdienstleistungen-2\/\" title=\"Sourcing-Beratung f\u00fcr Finanzdienstleistungen\"  data-wpil-monitor-id=\"9646\">service as their primary source<\/a> of transport. <\/span><\/p>\n\n\n\n<p class=\"p2\"><span class=\"s1\">Carsharing wird zu einer beliebten Erg\u00e4nzung zum Ridesharing. Carsharing ist f\u00fcr F\u00e4lle gedacht, in denen Menschen kurzfristig ein Auto ben\u00f6tigen. Dieses Modell ist f\u00fcr Stadtbewohner sinnvoll, die ihre Fahrzeuge in der Regel nur etwa vier Prozent der Zeit nutzen. Auch der Planet profitiert davon, da viele Carsharing-Flotten Elektroautos umfassen. Diese Flotten sind au\u00dferdem besser gewartet und neuer als das durchschnittliche Privatfahrzeug. Diese Faktoren reduzieren die Umweltauswirkungen der Sharing Economy weiter.<\/span><\/p>\n\n\n\n<h2 class=\"wp-block-heading p3\"><span class=\"s1\">Ridesharing-Kundenerlebnis<\/span><\/h2>\n\n\n\n<p class=\"p5\"><span class=\"s1\">Ridesharing <a href=\"https:\/\/www.sisinternational.com\/de\/qualitative-research-to-enhance-customer-experience\/\" title=\"Qualitative Research to Enhance Customer Experience\"  data-wpil-monitor-id=\"9642\">enhances the customer experience<\/a> uniquely. After the ride, the customer rates the driver from 1 to 5 stars. The rating then goes on the driver\u2019s record and will show up the next time he or she offers to pick someone up. Lyft drivers with a score of 4.8 or lower are at risk of redundancy. For Uber, this number is 4.6.<\/span><\/p>\n\n\n\n<p class=\"p5\"><span class=\"s1\">Customer experience in ridesharing is relevant. Marketers can apply the lessons learned to other sharing <a href=\"https:\/\/www.sisinternational.com\/de\/organherstellung-mit-3d-druckern\/\" title=\"Marktforschung zur Organherstellung und zum 3D-Druck\"  data-wpil-monitor-id=\"9641\">markets such as healthcare<\/a>. Sharing platforms can also show how people buy and sell goods. Apart from customer experience, ridesharing has tremendous social benefits. This platform enhances mobility in cities everywhere.<\/span><\/p>\n\n\n\n<h2 class=\"wp-block-heading\">Unsere Arbeit<\/h2>\n\n\n\n<p>SIS has conducted many <a href=\"https:\/\/www.sisinternational.com\/de\/fallstudien\/\" title=\"Fallstudien\"  data-wpil-monitor-id=\"9640\">market research studies<\/a>, interviews and Focus Groups with drivers and passengers.&nbsp; We have also conducted numerous market assessments, strategy research and <a href=\"https:\/\/www.sisinternational.com\/de\/losungen\/internationale-unternehmenswachstumsmarktforschung\/\" title=\"Internationale Marktforschung zum Unternehmenswachstum\"  data-wpil-monitor-id=\"9643\">growth<\/a> research studies.<\/p>\n\n\n\n<h2 class=\"wp-block-heading\"><a href=\"https:\/\/www.sisinternational.com\/de\/about-sis\/contact-sis-international-market-research\/\">Kontaktieren Sie uns f\u00fcr Ihr n\u00e4chstes Marktforschungsprojekt zum Thema Ridesharing.<\/a><\/h2>","protected":false},"excerpt":{"rendered":"<p>Ridesharing ist ein Transportmodell, das in Gro\u00dfst\u00e4dten weltweit popul\u00e4r geworden ist. <\/p>","protected":false},"author":1,"featured_media":65031,"parent":14514,"menu_order":27,"comment_status":"closed","ping_status":"closed","template":"","meta":{"footnotes":""},"class_list":["post-26508","page","type-page","status-publish","has-post-thumbnail"],"_links":{"self":[{"href":"https:\/\/www.sisinternational.com\/de\/wp-json\/wp\/v2\/pages\/26508","targetHints":{"allow":["GET"]}}],"collection":[{"href":"https:\/\/www.sisinternational.com\/de\/wp-json\/wp\/v2\/pages"}],"about":[{"href":"https:\/\/www.sisinternational.com\/de\/wp-json\/wp\/v2\/types\/page"}],"author":[{"embeddable":true,"href":"https:\/\/www.sisinternational.com\/de\/wp-json\/wp\/v2\/users\/1"}],"replies":[{"embeddable":true,"href":"https:\/\/www.sisinternational.com\/de\/wp-json\/wp\/v2\/comments?post=26508"}],"version-history":[{"count":5,"href":"https:\/\/www.sisinternational.com\/de\/wp-json\/wp\/v2\/pages\/26508\/revisions"}],"predecessor-version":[{"id":81607,"href":"https:\/\/www.sisinternational.com\/de\/wp-json\/wp\/v2\/pages\/26508\/revisions\/81607"}],"up":[{"embeddable":true,"href":"https:\/\/www.sisinternational.com\/de\/wp-json\/wp\/v2\/pages\/14514"}],"wp:featuredmedia":[{"embeddable":true,"href":"https:\/\/www.sisinternational.com\/de\/wp-json\/wp\/v2\/media\/65031"}],"wp:attachment":[{"href":"https:\/\/www.sisinternational.com\/de\/wp-json\/wp\/v2\/media?parent=26508"}],"curies":[{"name":"wp","href":"https:\/\/api.w.org\/{rel}","templated":true}]}}