{"id":24692,"date":"2018-02-27T05:50:42","date_gmt":"2018-02-27T05:50:42","guid":{"rendered":"https:\/\/www.sisinternational.com\/?page_id=24692"},"modified":"2025-11-15T20:42:32","modified_gmt":"2025-11-16T01:42:32","slug":"marktforschung-in-washington-d-c","status":"publish","type":"page","link":"https:\/\/www.sisinternational.com\/de\/abdeckung\/north-america\/usa-berichterstattung\/marktforschung-in-washington-d-c\/","title":{"rendered":"Marktforschung in Washington DC"},"content":{"rendered":"<h1 class=\"wp-block-heading\">Marktforschung in Washington DC<\/h1>\n\n\n\n<figure class=\"gb-block-image gb-block-image-ed77554f\"><img loading=\"lazy\" decoding=\"async\" width=\"1456\" height=\"816\" class=\"gb-image gb-image-ed77554f\" src=\"https:\/\/www.sisinternational.com\/wp-content\/uploads\/2025\/09\/Washington-DC-4.jpg\" alt=\"SIS International Marktforschung &amp; Strategie\" title=\"Washington DC (4)\" srcset=\"https:\/\/www.sisinternational.com\/wp-content\/uploads\/2025\/09\/Washington-DC-4.jpg 1456w, https:\/\/www.sisinternational.com\/wp-content\/uploads\/2025\/09\/Washington-DC-4-300x168.jpg 300w, https:\/\/www.sisinternational.com\/wp-content\/uploads\/2025\/09\/Washington-DC-4-1024x574.jpg 1024w, https:\/\/www.sisinternational.com\/wp-content\/uploads\/2025\/09\/Washington-DC-4-768x430.jpg 768w, https:\/\/www.sisinternational.com\/wp-content\/uploads\/2025\/09\/Washington-DC-4-18x10.jpg 18w\" sizes=\"auto, (max-width: 1456px) 100vw, 1456px\"><\/figure>\n\n\n\n<p><\/p>\n\n\n\n<h4 class=\"wp-block-heading\">Der Gro\u00dfraum Washington D.C. ist die achtgr\u00f6\u00dfte st\u00e4dtische Volkswirtschaft in den USA.<\/h4>\n\n\n\n<p>The District of Columbia\u2019s 68.3 square miles are sliced out of Maryland and sit across the Potomac River from Virginia. DC is the nation\u2019s capital.\u00a0 The population of its metro area is nearly 5 million people.\u00a0 While the government\u2019s economic impact is enormous, so are the contributions of other sectors, including education, <a href=\"https:\/\/www.sisinternational.com\/de\/losungen\/reise-tourismus-und-gastgewerbeberatung\/\" title=\"Beratung f\u00fcr Reisen, Tourismus und Gastgewerbe\"  data-wpil-monitor-id=\"8885\">hospitality and tourism<\/a>, and more. Market Research in Washington DC helps organizations to serve stakeholder needs better.<\/p>\n\n\n\n<p>Exceptional universities, several with major research capabilities, feed the economy and supply talent for local <a href=\"https:\/\/www.sisinternational.com\/de\/analysis-b2b\/\" title=\"What Business Leaders Need to Know Right Now\"  data-wpil-monitor-id=\"8886\">business and government needs<\/a>.\u00a0Its museums, galleries, aquarium, zoo, monuments, and national treasures attract tourists and conventioneers by the millions. <a href=\"https:\/\/www.sisinternational.com\/de\/sachverstand\/branchen\/select-service-hotel-marktforschung\/\" title=\"Select Service Hotel Marktforschung\"  data-wpil-monitor-id=\"8882\">Hotels and hospitality services<\/a> benefit from traffic at both low- and high-end spending levels.\u00a0 And, as the capital of the United States, a district with its own government structure, it employs tens of thousands creating one of the nation&#8217;s largest metropolitan areas. An efficient subway system and healthy relationships with nearby cities like Arlington keep The District economy vibrant and functioning at a high level.<\/p>\n\n\n\n<h2 class=\"wp-block-heading\">Die Hochschulbranche<\/h2>\n\n\n\n<p>There are a number of major colleges and universities in the District of Columbia, given its limited space. They include the campuses of Georgetown University, American University, Howard University, Gallaudet University, and George Washington University.<\/p>\n\n\n\n<p>Higher education accounts for thousands of jobs and helps The District sustain its highly educated population. Each year, 80,000 students participate in courses at one or more of the member institutions of the D.C. Consortium. The District\u2019s higher education brings $2 billion to the area economy and graduates top lawyers, doctors, and other professionals.&nbsp; Many students stay in DC after graduation.<\/p>\n\n\n\n<h2 class=\"wp-block-heading\">Gastgewerbe und Tourismus<\/h2>\n\n\n\n<p>Washington, D.C. sees over 20 million visitors every year, including over 2 million foreign tourists, who spend over $7 billion. Spending on hotels, retail, <a href=\"https:\/\/www.sisinternational.com\/de\/sachverstand\/lebenslaufe\/nahrungsmittel-und-getranke-im-asien-pazifik-raum\/\" title=\"Lebensmittel- und Getr\u00e4nkemarktforschung in Asien\"  data-wpil-monitor-id=\"8884\">food and beverage<\/a>, and entertainment supports 75,000 jobs in The District.<\/p>\n\n\n\n<p>Es werden 15 Distrikt-weite Kongresse abgehalten, bei denen $278 Millionen ausgegeben werden. \u00dcber 450 Distrikt-Veranstaltungen, darunter das DC Jazz Festival, das j\u00e4hrliche 4<sup>th<\/sup> Die Juli-Feierlichkeiten und mehr f\u00fchren zu \u00fcber $415 Ausgaben der Besucher. Und die vielen Touristenattraktionen mit kostenlosem Eintritt ziehen Besucher an, reduzieren aber die Ausgaben, die sie f\u00fcr andere Zwecke einsetzen k\u00f6nnten.<\/p>\n\n\n\n<p>Despite the lack of a major amusement park, The District\u2019s hotel sector (130 hotels with 30,200 rooms) remains stable and growing at a reliable 60% occupancy. People visit for historic attractions, museums, conventions, lobbying, entertainment, diplomacy, and other government-related business. The hotels\u2019 average daily rate, even though it is restricted by the government per diem limit, exceeds those of Chicago, New York City, and San Francisco.<\/p>\n\n\n\n<h2 class=\"wp-block-heading\">Regierung<\/h2>\n\n\n\n<p>Als Sitz der Exekutive, Legislative und Judikative der Bundesregierung profitiert die Wirtschaft von ihren Teilnehmern, dem Verkehr sowie den direkten und indirekten Ausgaben.<\/p>\n\n\n\n<p>Der Staat war schon immer der gr\u00f6\u00dfte Wirtschaftsfaktor, aber seine Dominanz schwankt je nach politischer Regierung, was immer wieder zu Haushaltsk\u00fcrzungen, Haushaltsstillst\u00e4nden und Haushaltsk\u00fcrzungen f\u00fchrt. Dennoch ist der Einfluss der einzelnen Komponenten erheblich.<\/p>\n\n\n\n<p>Die Exekutive lebt bis zu einem gewissen Grad von der Politik und den Initiativen des amtierenden Pr\u00e4sidenten. Doch \u00fcber 4.000 Personen, darunter Angeh\u00f6rige des Verteidigungsministeriums, des Heimatschutzministeriums, des Finanzministeriums, des Gesundheitsministeriums und anderer Beh\u00f6rden, sind direkt mit der Exekutive verbunden.<\/p>\n\n\n\n<p>Viele der Mitarbeiter der Beh\u00f6rden sind im \u00f6ffentlichen Dienst besch\u00e4ftigt und durch Vorschriften und Gewerkschaften gesch\u00fctzt. Pr\u00e4sidentschaftsinitiativen zur Einstellungssperre werden normalerweise durch eine Ausweitung der Stellen in anderen Bereichen ausgeglichen. Die Gesamtzahl der zivilen Mitarbeiter in den Kabinettsbeh\u00f6rden betr\u00e4gt \u00fcber 170.000. Die gr\u00f6\u00dfte davon ist die Heimatschutzbeh\u00f6rde mit etwa 25.000 Stellen.<\/p>\n\n\n\n<p>Congress populates the Capitol and nearby office buildings with thousands of support staff. It oversees five supporting services: the Congressional Budget Office, the General Accounting Office, the Joint Economic Committee, the Government Printing Office, and the Architect of the Capitol.<\/p>\n\n\n\n<p><strong>Der Oberste Gerichtshof<\/strong> meets in its own building where the nine members are supported by large staffs, some of whom work as <a href=\"https:\/\/www.sisinternational.com\/de\/sis-international-ernennt-duilio-bini-zum-leiter-des-londoner-buros\/\" title=\"SIS International ernennt Duilio Bini zum Leiter des Londoner B\u00fcros\"  data-wpil-monitor-id=\"8887\">interns<\/a> to gain the prestige of the office. The Department of Justice includes almost 24,000 employees.<\/p>\n\n\n\n<p>Etwa 201\u00a0T der Mitarbeiter des Distrikts arbeiten f\u00fcr die Bundesregierung. Viele Regierungsmitarbeiter wohnen auch in der Metropolregion in Virginia und Maryland.<\/p>\n\n\n\n<h2 class=\"wp-block-heading\">Marktforschung in Washington DC<\/h2>\n\n\n\n<p>SIS has extensive experience in <a href=\"https:\/\/www.sisinternational.com\/de\/top-5-benefits-of-conducting-quantitative-market-research\/\" title=\"Top 5 Benefits of Conducting Quantitative Market Research\"  data-wpil-monitor-id=\"8883\">conducting Qualitative fieldwork and Quantitative<\/a> data collection in DC, Norther Virginia and Maryland.\u00a0 Some of our staff are alumni of prominent DC universities and are well-versed in the area.\u00a0 We are seasoned in conducting street intercepts, political <a href=\"https:\/\/www.sisinternational.com\/de\/losungen\/fokusgruppen-marktforschung\/\" title=\"Fokusgruppe Marktforschung\"  data-wpil-monitor-id=\"8881\">Schwerpunktgruppen<\/a>, Focus Groups for financial managers and many other types of research.<\/p>\n\n\n\n<p>For education institutions based in the region, we have conducted <a href=\"https:\/\/www.sisinternational.com\/de\/abdeckung\/marktforschung-asien\/einschatzung-der-marktchancen-in-asien\/\" title=\"Einsch\u00e4tzung der Marktchancen in Asien\"  data-wpil-monitor-id=\"8879\">Marktchance<\/a> &amp; entry assessments to help them assess growth opportunities nationwide and worldwide.\u00a0 We have served healthcare companies and tourism companies based in the area.<\/p>\n\n\n\n<p><\/p>","protected":false},"excerpt":{"rendered":"<p>Der Gro\u00dfraum Washington, DC hat die achtgr\u00f6\u00dfte st\u00e4dtische Wirtschaft in den USA. Erfahren Sie mehr \u00fcber Marktforschung in Washington DC.<\/p>","protected":false},"author":1,"featured_media":66457,"parent":19303,"menu_order":13,"comment_status":"closed","ping_status":"closed","template":"","meta":{"footnotes":""},"class_list":["post-24692","page","type-page","status-publish","has-post-thumbnail"],"_links":{"self":[{"href":"https:\/\/www.sisinternational.com\/de\/wp-json\/wp\/v2\/pages\/24692","targetHints":{"allow":["GET"]}}],"collection":[{"href":"https:\/\/www.sisinternational.com\/de\/wp-json\/wp\/v2\/pages"}],"about":[{"href":"https:\/\/www.sisinternational.com\/de\/wp-json\/wp\/v2\/types\/page"}],"author":[{"embeddable":true,"href":"https:\/\/www.sisinternational.com\/de\/wp-json\/wp\/v2\/users\/1"}],"replies":[{"embeddable":true,"href":"https:\/\/www.sisinternational.com\/de\/wp-json\/wp\/v2\/comments?post=24692"}],"version-history":[{"count":6,"href":"https:\/\/www.sisinternational.com\/de\/wp-json\/wp\/v2\/pages\/24692\/revisions"}],"predecessor-version":[{"id":81489,"href":"https:\/\/www.sisinternational.com\/de\/wp-json\/wp\/v2\/pages\/24692\/revisions\/81489"}],"up":[{"embeddable":true,"href":"https:\/\/www.sisinternational.com\/de\/wp-json\/wp\/v2\/pages\/19303"}],"wp:featuredmedia":[{"embeddable":true,"href":"https:\/\/www.sisinternational.com\/de\/wp-json\/wp\/v2\/media\/66457"}],"wp:attachment":[{"href":"https:\/\/www.sisinternational.com\/de\/wp-json\/wp\/v2\/media?parent=24692"}],"curies":[{"name":"wp","href":"https:\/\/api.w.org\/{rel}","templated":true}]}}