{"id":24364,"date":"2018-02-23T00:46:13","date_gmt":"2018-02-23T00:46:13","guid":{"rendered":"https:\/\/www.sisinternational.com\/?page_id=24364"},"modified":"2026-01-25T19:32:53","modified_gmt":"2026-01-26T00:32:53","slug":"strategie-forschung-unternehmer","status":"publish","type":"page","link":"https:\/\/www.sisinternational.com\/de\/losungen\/strategieberatung\/strategie-forschung-unternehmer\/","title":{"rendered":"Strategieforschung f\u00fcr Unternehmer"},"content":{"rendered":"<h1 class=\"wp-block-heading\">Strategieforschung f\u00fcr Unternehmer<\/h1>\n\n\n\n<figure class=\"gb-block-image gb-block-image-3c823505\"><img loading=\"lazy\" decoding=\"async\" width=\"1456\" height=\"816\" class=\"gb-image gb-image-3c823505\" src=\"https:\/\/www.sisinternational.com\/wp-content\/uploads\/2025\/08\/Strategy-consulting-33.jpg\" alt=\"SIS International Marktforschung &amp; Strategie\" title=\"Strategy consulting (33)\" srcset=\"https:\/\/www.sisinternational.com\/wp-content\/uploads\/2025\/08\/Strategy-consulting-33.jpg 1456w, https:\/\/www.sisinternational.com\/wp-content\/uploads\/2025\/08\/Strategy-consulting-33-300x168.jpg 300w, https:\/\/www.sisinternational.com\/wp-content\/uploads\/2025\/08\/Strategy-consulting-33-1024x574.jpg 1024w, https:\/\/www.sisinternational.com\/wp-content\/uploads\/2025\/08\/Strategy-consulting-33-768x430.jpg 768w, https:\/\/www.sisinternational.com\/wp-content\/uploads\/2025\/08\/Strategy-consulting-33-18x10.jpg 18w\" sizes=\"auto, (max-width: 1456px) 100vw, 1456px\"><\/figure>\n\n\n\n<hr class=\"wp-block-separator has-alpha-channel-opacity is-style-dots\"\/>\n\n\n\n<p>F\u00fcr die Gr\u00fcndung eines neuen Unternehmens sind Kenntnisse \u00fcber Kunden, M\u00e4rkte und Wettbewerber erforderlich.<\/p>\n\n\n\n<p>Many entrepreneurs rely on their networks of family, friends and associates and have followed those networks instead of market opportunities. Some have succeeded, but many have failed. Strategy Research gives <a href=\"https:\/\/www.sisinternational.com\/de\/abdeckung\/marktforschung-asien\/marktforschung-nauru\/\" title=\"Marktforschung in Nauru\"  data-wpil-monitor-id=\"5736\">entrepreneurs<\/a> the incisive insight and data to take advantage of the overlooked opportunities in other markets.<\/p>\n\n\n\n<p><a href=\"https:\/\/www.sisinternational.com\/de\/sachverstand\/branchen\/trainingsdaten-marktforschung\/\" title=\"Marktforschung zu Trainingsdaten\"  data-wpil-monitor-id=\"10684\">Market Research delivers insights and data<\/a> to guide your decision-making and product development.&nbsp; <a href=\"https:\/\/www.sisinternational.com\/de\/losungen\/strategieberatung\/schulung-und-strategie-zur-wettbewerbsanalyse\/\" title=\"Competitive Intelligence-Training und Strategie\"  data-wpil-monitor-id=\"10689\">Strategy and Competitive Intelligence<\/a> allow you to create Competitive Advantages.<\/p>\n\n\n\n<h2 class=\"wp-block-heading\">Forschungs- und Strategiel\u00f6sungen f\u00fcr Unternehmer<\/h2>\n\n\n\n<p><strong><a href=\"https:\/\/www.sisinternational.com\/de\/abdeckung\/marktforschung-asien\/einschatzung-der-marktchancen-in-asien\/\" title=\"Einsch\u00e4tzung der Marktchancen in Asien\"  data-wpil-monitor-id=\"10687\">Markteintritts- und Chancenbewertungen<\/a><\/strong><\/p>\n\n\n\n<p>These assessments include comprehensive insight into the opportunities and threats in entering new markets.&nbsp; Market Sizing data can inspire areas of uncontested opportunity.&nbsp; This research provides the untapped opportunities, the distributors&#8217; partnerships that can be developed, and the competitive threats.<\/p>\n\n\n\n<p><strong>Wettbewerbsanalyse<\/strong><\/p>\n\n\n\n<p>This research provides insights on key players, competitor best practices, <a href=\"https:\/\/www.sisinternational.com\/de\/losungen\/sis-globales-wachstum\/strategische-planungsberatung\/\" title=\"Strategische Planungsberatung\"  data-wpil-monitor-id=\"10699\">planned competitor strategic<\/a> movements, and areas of opportunity.<\/p>\n\n\n\n<p><strong><a class=\"wpil_keyword_link\" href=\"https:\/\/www.sisinternational.com\/de\/losungen\/strategieberatung\/marktforschung-zur-einfuhrung-neuer-produkte\/\"   title=\"Forschung zur Einf\u00fchrung neuer Produkte\" data-wpil-keyword-link=\"linked\"  data-wpil-monitor-id=\"483\">Forschung zur Einf\u00fchrung neuer Produkte<\/a><\/strong><\/p>\n\n\n\n<p>This research assists product developers with agile <a href=\"https:\/\/www.sisinternational.com\/de\/claim-research-for-food-and-beverage-taste-tests-validating-your-product-claims\/\" title=\"Claim Research for Food and Beverage Taste Tests: Validating Your Product Claims\"  data-wpil-monitor-id=\"10694\">Produkttest<\/a> and insights.&nbsp; Entrepreneurs can test <a href=\"https:\/\/www.sisinternational.com\/de\/losungen\/strategieberatung\/marktforschung-fur-minimal-funktionsfahige-produkte\/\" title=\"Marktforschung f\u00fcr minimal funktionsf\u00e4hige Produkte\"  data-wpil-monitor-id=\"10683\">Minimum Viable Products<\/a> (MVPs). The result are findings that can immediately improve products.&nbsp; Some clients prefer to do this research in Agile Sprints.<\/p>\n\n\n\n<p><strong>Kundenforschung<\/strong><\/p>\n\n\n\n<p>This research can be either Qualitative or Quantitative.&nbsp; For example, Focus Groups and In-Depth Interviews can unearth unmet customer needs and pain points.&nbsp; <a href=\"https:\/\/www.sisinternational.com\/de\/sachverstand\/branchen\/quantitative-marktforschung-2\/\" title=\"Quantitative Marktforschung\"  data-wpil-monitor-id=\"10697\">Quantitative Forschung<\/a> can measure a broader sample of the population to uncover customer needs and identify pockets of popularity of your product in different geographical markets.<\/p>\n\n\n\n<p><strong>Produkt-Usability-Tests<\/strong><\/p>\n\n\n\n<p>Das <a href=\"https:\/\/www.sisinternational.com\/de\/losungen\/branding-und-kundenforschungslosungen\/produkttests-marktforschung\/\" title=\"Produkttests Marktforschung\"  data-wpil-monitor-id=\"10692\">research tests the satisfaction of products<\/a> and websites.&nbsp; Products can be tested in-person, office or home.&nbsp; The results help you to make improvements to your product or website.<\/p>\n\n\n\n<p><strong>Pl\u00e4ne f\u00fcr die Markteinf\u00fchrungsstrategie<\/strong><\/p>\n\n\n\n<p>Strategy Research is compiled in a comprehensive plan for getting your products to market.<\/p>\n\n\n\n<p><strong>Marketingberatung<\/strong><\/p>\n\n\n\n<p>We help you to develop ads, websites, translations of marketing material,s and labeling.<\/p>\n\n\n\n<h2 class=\"wp-block-heading\">\u00dcber SIS Research and Strategy<\/h2>\n\n\n\n<p>SIS stellt Ihrem Unternehmen die Informationen zur Verf\u00fcgung, die Sie zur Verbesserung Ihrer Produkte und f\u00fcr eine erfolgreiche Produkteinf\u00fchrung ben\u00f6tigen.<\/p>\n\n\n\n<p>We identify the best markets for your products. We can develop strategies on whether to export your products, open a subsidiary, or form a partnership with another company. We inform you about the competitors already in the market and those who might be planning to approach your position.<\/p>\n\n\n\n<p>Wir zeigen Ihnen die relativen Gr\u00f6\u00dfen der Marktchancen und erkl\u00e4ren, warum der Eintritt in manche M\u00e4rkte schwieriger ist als in andere. Wir k\u00f6nnen potenzielle Partner und Vertriebskan\u00e4le identifizieren. Wir k\u00f6nnen Sie \u00fcber relevante Gesetze und Vorschriften informieren und Ihnen beim Einstieg in neue M\u00e4rkte helfen, auf denen Sie erfolgreich sein k\u00f6nnen.<\/p>\n\n\n\n<h2 class=\"wp-block-heading\">&nbsp;<\/h2>\n\n\n\n<p><\/p>\n\n\n\n<p><\/p>","protected":false},"excerpt":{"rendered":"<p>Wir liefern Unternehmern, die neue Produkte auf den Markt bringen und in neue M\u00e4rkte eintreten, Erkenntnisse und Strategien.<\/p>","protected":false},"author":1,"featured_media":62520,"parent":14567,"menu_order":53,"comment_status":"closed","ping_status":"closed","template":"","meta":{"footnotes":""},"class_list":["post-24364","page","type-page","status-publish","has-post-thumbnail"],"_links":{"self":[{"href":"https:\/\/www.sisinternational.com\/de\/wp-json\/wp\/v2\/pages\/24364","targetHints":{"allow":["GET"]}}],"collection":[{"href":"https:\/\/www.sisinternational.com\/de\/wp-json\/wp\/v2\/pages"}],"about":[{"href":"https:\/\/www.sisinternational.com\/de\/wp-json\/wp\/v2\/types\/page"}],"author":[{"embeddable":true,"href":"https:\/\/www.sisinternational.com\/de\/wp-json\/wp\/v2\/users\/1"}],"replies":[{"embeddable":true,"href":"https:\/\/www.sisinternational.com\/de\/wp-json\/wp\/v2\/comments?post=24364"}],"version-history":[{"count":6,"href":"https:\/\/www.sisinternational.com\/de\/wp-json\/wp\/v2\/pages\/24364\/revisions"}],"predecessor-version":[{"id":81750,"href":"https:\/\/www.sisinternational.com\/de\/wp-json\/wp\/v2\/pages\/24364\/revisions\/81750"}],"up":[{"embeddable":true,"href":"https:\/\/www.sisinternational.com\/de\/wp-json\/wp\/v2\/pages\/14567"}],"wp:featuredmedia":[{"embeddable":true,"href":"https:\/\/www.sisinternational.com\/de\/wp-json\/wp\/v2\/media\/62520"}],"wp:attachment":[{"href":"https:\/\/www.sisinternational.com\/de\/wp-json\/wp\/v2\/media?parent=24364"}],"curies":[{"name":"wp","href":"https:\/\/api.w.org\/{rel}","templated":true}]}}