{"id":24329,"date":"2018-02-22T06:00:57","date_gmt":"2018-02-22T06:00:57","guid":{"rendered":"https:\/\/www.sisinternational.com\/?page_id=24329"},"modified":"2026-01-25T18:23:36","modified_gmt":"2026-01-25T23:23:36","slug":"marktforschung-connecticut","status":"publish","type":"page","link":"https:\/\/www.sisinternational.com\/de\/abdeckung\/north-america\/usa-berichterstattung\/marktforschung-connecticut\/","title":{"rendered":"Marktforschung in Connecticut"},"content":{"rendered":"<h1 class=\"wp-block-heading\">Marktforschung in Connecticut<\/h1>\n\n\n\n<figure class=\"gb-block-image gb-block-image-2e314506\"><img loading=\"lazy\" decoding=\"async\" width=\"1456\" height=\"816\" class=\"gb-image gb-image-2e314506\" src=\"https:\/\/www.sisinternational.com\/wp-content\/uploads\/2025\/09\/Connecticut-1.jpg\" alt=\"SIS International Marktforschung &amp; Strategie\" title=\"Connecticut (1)\" srcset=\"https:\/\/www.sisinternational.com\/wp-content\/uploads\/2025\/09\/Connecticut-1.jpg 1456w, https:\/\/www.sisinternational.com\/wp-content\/uploads\/2025\/09\/Connecticut-1-300x168.jpg 300w, https:\/\/www.sisinternational.com\/wp-content\/uploads\/2025\/09\/Connecticut-1-1024x574.jpg 1024w, https:\/\/www.sisinternational.com\/wp-content\/uploads\/2025\/09\/Connecticut-1-768x430.jpg 768w, https:\/\/www.sisinternational.com\/wp-content\/uploads\/2025\/09\/Connecticut-1-18x10.jpg 18w\" sizes=\"auto, (max-width: 1456px) 100vw, 1456px\"><\/figure>\n\n\n\n<p><\/p>\n\n\n\n<h4 class=\"wp-block-heading\">Connecticut liegt strategisch g\u00fcnstig zwischen Boston und New York City. Als Teil des Boston-Washington-Korridors verf\u00fcgt Connecticut \u00fcber verschiedene wirtschaftliche Vorteile im Nordosten der USA, der als regionales Kraftzentrum der US-Wirtschaft gilt.<\/h4>\n\n\n\n<p><strong>\u00dcberblick<\/strong><\/p>\n\n\n\n<p>Connecticut has a population of over 3.5 million people.&nbsp; Fairfield County is a prosperous area bordering New York City in the West of Connecticut.&nbsp; The area benefits from its proximity to New York City and its railroads, major airports, and highways.&nbsp; New Canaan and Darien are on the top lists of US cities with the highest median income.&nbsp; Extraordinary personal wealth resides within an hour&#8217;s commute to central Manhattan.&nbsp; Many financial services companies are based in Greenwich, Bridgeport, Darien, and Stamford in Fairfield County.<\/p>\n\n\n\n<p>Connecticuts Hauptstadt ist Hartford, im Zentrum des Staates gelegen. In der Hauptstadt gibt es eine gro\u00dfe Anzahl von Versicherungsunternehmen. Der Staat hat auch eine lange K\u00fcste, die Zugang zu Seeh\u00e4fen, Aquarien, kleinen St\u00e4dten und Touristenattraktionen bietet.<\/p>\n\n\n\n<h2 class=\"wp-block-heading\"><span style=\"font-weight: 400;\"><strong>What is Market Research in Connecticut?<\/strong><\/span><\/h2>\n\n\n\n<p><span style=\"font-weight: 400;\">Marktforschung in Connecticut zielt darauf ab, das Verbraucherverhalten, Markttrends und die Wettbewerbsdynamik in Connecticut zu verstehen. Sie erm\u00f6glicht es Unternehmen, Chancen zu erkennen, Risiken zu mindern und ihre Wettbewerbsf\u00e4higkeit zu steigern. In einem Staat, der f\u00fcr seine hohe Lebensqualit\u00e4t und wirtschaftliche Vielfalt bekannt ist, ist es unerl\u00e4sslich, durch Marktforschung auf dem Laufenden zu bleiben.<\/span><\/p>\n\n\n\n<h2 class=\"wp-block-heading\"><span style=\"font-weight: 400;\"><strong>Vorteile der Marktforschung in Connecticut<\/strong><\/span><\/h2>\n\n\n\n<p><span style=\"font-weight: 400;\">Marktforschung in Connecticut bietet zahlreiche Vorteile, die die Gesch\u00e4ftsleistung und strategische Planung erheblich verbessern k\u00f6nnen. Unternehmen k\u00f6nnen ihre Abl\u00e4ufe optimieren und bessere Ergebnisse erzielen, indem sie lokale Erkenntnisse nutzen.<\/span><\/p>\n\n\n\n<ul class=\"wp-block-list\">\n<li><b>Verbesserte Entscheidungsfindung:<\/b><span style=\"font-weight: 400;\"> Marktforschung in Connecticut liefert datengest\u00fctzte Erkenntnisse, die fundierte Entscheidungen unterst\u00fctzen. Dies reduziert das Risiko kostspieliger Fehler und verbessert die Wirksamkeit von Gesch\u00e4ftsstrategien.<\/span><\/li>\n\n\n\n<li><b>Verbessertes Kundenverst\u00e4ndnis:<\/b><span style=\"font-weight: 400;\"> Durch das Verst\u00e4ndnis der Bed\u00fcrfnisse, Vorlieben und Verhaltensweisen der Verbraucher in Connecticut k\u00f6nnen Unternehmen Produkte und Dienstleistungen entwickeln, die den Marktanforderungen besser gerecht werden.&nbsp;<\/span><\/li>\n\n\n\n<li><b>Wettbewerbsvorteil:<\/b><span style=\"font-weight: 400;\"> Marktforschung hilft Unternehmen, der Konkurrenz einen Schritt voraus zu sein, indem sie Einblicke in Markttrends und Wettbewerbsdynamik bietet.<\/span><\/li>\n\n\n\n<li><b>Identifizierung von Marktchancen:<\/b><span style=\"font-weight: 400;\"> Durch eine gr\u00fcndliche Marktanalyse k\u00f6nnen Unternehmen neue Wachstums- und Expansionsm\u00f6glichkeiten in Connecticut erkennen. <\/span><\/li>\n\n\n\n<li><b>Risikominderung:<\/b> Market research helps businesses identify potential risks and challenges. By understanding these factors, companies can develop strategies to mitigate risks and ensure long-term stability.<\/li>\n<\/ul>\n\n\n\n<h2 class=\"wp-block-heading\"><span style=\"font-weight: 400;\"><strong>Wer nutzt in Connecticut Marktforschung?<\/strong><\/span><\/h2>\n\n\n\n<p><b>Biotech-Unternehmen<\/b><span style=\"font-weight: 400;\"> also heavily depend on market research. Companies in biotechnology and <a href=\"https:\/\/www.sisinternational.com\/de\/sachverstand\/branchen\/pharmamarktforschung-2\/\" title=\"Pharmazeutische Marktforschung\"  data-wpil-monitor-id=\"3478\">pharmaceuticals use market research<\/a> to optimize R&amp;D, understand market demand, and stay competitive in local and international markets. Organizations like Alexion Pharmaceuticals and Boehringer Ingelheim play significant roles in this sector.<\/span><\/p>\n\n\n\n<p><b>Bildungsinstitutionen<\/b><span style=\"font-weight: 400;\"> Auch Universit\u00e4ten in Connecticut wie die Yale University und die University of Connecticut verlassen sich auf Marktforschung. Sie nutzen diese, um die Demografie der Studenten, Bildungsbed\u00fcrfnisse und Markttrends zu verstehen und so die Lehrplanentwicklung und das strategische Wachstum zu unterst\u00fctzen.<\/span><\/p>\n\n\n\n<p><b>Fertigungsunternehmen<\/b><span style=\"font-weight: 400;\"> capitalize on market research to tailor their operations and <a href=\"https:\/\/www.sisinternational.com\/de\/hartford-connecticut-stadtentwicklung\/\" title=\"Marktforschung in Hartford, Connecticut\"  data-wpil-monitor-id=\"1752\">Marketing Strategien<\/a> to Connecticut\u2019s diverse consumer base. By understanding local and global trends, manufacturers can effectively engage with their customers and enhance their market presence.<\/span><\/p>\n\n\n\n<p><b>Government agencies and <a href=\"https:\/\/www.sisinternational.com\/de\/sachverstand\/branchen\/non-profit-marktforschung\/\" title=\"Marktforschung f\u00fcr gemeinn\u00fctzige Organisationen\"  data-wpil-monitor-id=\"4817\">nonprofit organizations utilize market research<\/a> to inform policy decisions and develop community programs. These insights help address local needs, allocate resources efficiently, and measure the impact of their initiatives.<\/span><\/p>\n\n\n\n<h2 class=\"wp-block-heading\"><span style=\"font-weight: 400;\"><strong>Wann sollte man in Connecticut Marktforschung betreiben?<\/strong><\/span><\/h2>\n\n\n\n<p><span style=\"font-weight: 400;\">Die Durchf\u00fchrung von Marktforschung in Connecticut sollte ein kontinuierlicher Prozess sein, aber es gibt bestimmte Zeiten, in denen sie besonders wichtig ist. Vor der Einf\u00fchrung eines neuen Produkts oder einer neuen Dienstleistung m\u00fcssen Unternehmen gr\u00fcndliche Marktforschung betreiben, um die Nachfrage zu verstehen, Zielgruppen zu identifizieren und wirksame Marketingstrategien zu entwickeln. Dadurch wird sichergestellt, dass das Produkt oder die Dienstleistung den Bed\u00fcrfnissen und Pr\u00e4ferenzen des Marktes entspricht.<\/span><\/p>\n\n\n\n<p><span style=\"font-weight: 400;\">Wenn Unternehmen zum ersten Mal in den Markt von Connecticut eintreten, m\u00fcssen sie umfassende Recherchen durchf\u00fchren, um die lokale Landschaft zu verstehen. Dazu geh\u00f6rt die Analyse der Konkurrenz, die Identifizierung potenzieller Partner und das Verst\u00e4ndnis der beh\u00f6rdlichen Vorschriften. Marktforschung liefert das grundlegende Wissen, das erforderlich ist, um sich in dieser neuen Umgebung erfolgreich zurechtzufinden.<\/span><\/p>\n\n\n\n<p><span style=\"font-weight: 400;\">Auch die Erweiterung bestehender Betriebe oder die Er\u00f6ffnung neuer Standorte in Connecticut erfordert Marktforschung. Unternehmen m\u00fcssen die lokalen Marktbedingungen, das Verbraucherverhalten und potenzielle Herausforderungen verstehen, um fundierte Expansionsentscheidungen treffen zu k\u00f6nnen. Dies hilft bei der Auswahl optimaler Standorte und der Entwicklung von Strategien, die auf den lokalen Markt zugeschnitten sind.<\/span><\/p>\n\n\n\n<h2 class=\"wp-block-heading\"><span style=\"font-weight: 400;\"><strong>Unser aktueller Markt\u00fcberblick und unsere Empfehlungen<\/strong><\/span><\/h2>\n\n\n\n<p><span style=\"font-weight: 400;\">Wir sind davon \u00fcberzeugt, dass Connecticut in mehreren Schl\u00fcsselsektoren, insbesondere im Finanz-, Gesundheits- und Biotechnologiesektor, ein Wachstum verzeichnet. Die Bem\u00fchungen des Staates, Unternehmen anzuziehen und Innovationen zu f\u00f6rdern, beginnen sich auszuzahlen und schaffen einen fruchtbaren Boden f\u00fcr die Entwicklung und Expansion von Unternehmen.<\/span><\/p>\n\n\n\n<p><span style=\"font-weight: 400;\">Folglich ist die potenzielle Kapitalrendite in Connecticut f\u00fcr Unternehmen, die die Dynamik des lokalen Marktes effektiv steuern k\u00f6nnen, betr\u00e4chtlich. Marktforschung liefert wichtige Erkenntnisse, um Strategien zu optimieren, Risiken zu reduzieren und Chancen zu nutzen. Unternehmen, die in Connecticut investieren, k\u00f6nnen mit erheblichen Gewinnen rechnen, wenn sie ihre Gesch\u00e4ftst\u00e4tigkeit auf die Wachstumskurve des Staates ausrichten.<\/span><\/p>\n\n\n\n<h2 class=\"wp-block-heading\"><span style=\"font-weight: 400;\"><strong>Erwartete Ergebnisse der SIS-Marktforschung in Connecticut<\/strong><\/span><\/h2>\n\n\n\n<p><b>Verbesserte Entscheidungsfindung<\/b><span style=\"font-weight: 400;\">&nbsp;<\/span><\/p>\n\n\n\n<p><span style=\"font-weight: 400;\">Marktforschung in Connecticut liefert Unternehmen die Daten und Erkenntnisse, die sie f\u00fcr fundierte Entscheidungen ben\u00f6tigen. Durch das Verst\u00e4ndnis von Markttrends, Verbraucherverhalten und Wettbewerbsdynamik k\u00f6nnen Unternehmen effektive und effiziente Strategien entwickeln.<\/span><\/p>\n\n\n\n<p><b>Verbesserte Kundenansprache<\/b><span style=\"font-weight: 400;\">&nbsp;<\/span><\/p>\n\n\n\n<p><span style=\"font-weight: 400;\">Durch eine detaillierte Analyse der lokalen Demografie und der Verbraucherpr\u00e4ferenzen k\u00f6nnen Unternehmen ihre Marketingbem\u00fchungen gezielter ausrichten. Dies f\u00fchrt zu einem h\u00f6heren Engagement und verbesserten Konversionsraten, was letztlich zu h\u00f6heren Ums\u00e4tzen und Ertr\u00e4gen f\u00fchrt.<\/span><\/p>\n\n\n\n<p><b>Erh\u00f6hter Wettbewerbsvorteil<\/b><span style=\"font-weight: 400;\">&nbsp;<\/span><\/p>\n\n\n\n<p><span style=\"font-weight: 400;\">Marktforschung in Connecticut liefert Einblicke in die St\u00e4rken und Schw\u00e4chen der Konkurrenz. Durch die Nutzung dieser Informationen k\u00f6nnen Unternehmen Strategien entwickeln, die Marktchancen nutzen und sich von der Konkurrenz abheben.<\/span><\/p>\n\n\n\n<p><b>Optimierte Produktentwicklung<\/b><span style=\"font-weight: 400;\">&nbsp;<\/span><\/p>\n\n\n\n<p><span style=\"font-weight: 400;\">Wenn Unternehmen die Bed\u00fcrfnisse und Vorlieben der Verbraucher in Connecticut verstehen, k\u00f6nnen sie Produkte und Dienstleistungen entwickeln, die den Marktanforderungen besser entsprechen. Dies erh\u00f6ht die Wahrscheinlichkeit des Produkterfolgs und der Kundenzufriedenheit.<\/span><\/p>\n\n\n\n<p><b>Risikominimierung<\/b><span style=\"font-weight: 400;\">&nbsp;<\/span><\/p>\n\n\n\n<p><a href=\"https:\/\/www.linkedin.com\/company\/sisinternationalresearch\/\" target=\"_blank\" rel=\"noopener\"><span style=\"font-weight: 400;\">SIS International<\/span><\/a><span style=\"font-weight: 400;\"> erm\u00f6glicht es Unternehmen, Strategien zur Minderung dieser Risiken zu entwickeln. Dieser proaktive Ansatz tr\u00e4gt dazu bei, langfristige Stabilit\u00e4t und Erfolg sicherzustellen.<\/span><\/p>\n\n\n\n<h2 class=\"wp-block-heading\"><span style=\"font-weight: 400;\"><strong>Schl\u00fcsselindustrien in Connecticut<\/strong><\/span><\/h2>\n\n\n\n<figure class=\"gb-block-image gb-block-image-40d7ae70\"><img loading=\"lazy\" decoding=\"async\" width=\"1456\" height=\"816\" class=\"gb-image gb-image-40d7ae70\" src=\"https:\/\/www.sisinternational.com\/wp-content\/uploads\/2025\/09\/Connecticut-3.jpg\" alt=\"SIS International Marktforschung &amp; Strategie\" title=\"Connecticut (3)\" srcset=\"https:\/\/www.sisinternational.com\/wp-content\/uploads\/2025\/09\/Connecticut-3.jpg 1456w, https:\/\/www.sisinternational.com\/wp-content\/uploads\/2025\/09\/Connecticut-3-300x168.jpg 300w, https:\/\/www.sisinternational.com\/wp-content\/uploads\/2025\/09\/Connecticut-3-1024x574.jpg 1024w, https:\/\/www.sisinternational.com\/wp-content\/uploads\/2025\/09\/Connecticut-3-768x430.jpg 768w, https:\/\/www.sisinternational.com\/wp-content\/uploads\/2025\/09\/Connecticut-3-18x10.jpg 18w\" sizes=\"auto, (max-width: 1456px) 100vw, 1456px\"><\/figure>\n\n\n\n<p><\/p>\n\n\n\n<p><span style=\"font-weight: 400;\">Die Wirtschaft Connecticuts wird von mehreren Schl\u00fcsselindustrien getragen, die jeweils erheblich zum Wachstum und zur Entwicklung des Staates beitragen.<\/span><\/p>\n\n\n\n<p><b>\u2022 Finanzierung und versicherung:<\/b><span style=\"font-weight: 400;\"> Connecticut ist als \u201eVersicherungshauptstadt der Welt\u201c bekannt. Gro\u00dfe Unternehmen wie Aetna, The Hartford und Travelers haben ihren Hauptsitz im Bundesstaat. Der Finanz- und Versicherungssektor ist ein Eckpfeiler der Wirtschaft von Connecticut, bietet Arbeitspl\u00e4tze und treibt die Wirtschaftst\u00e4tigkeit an.<\/span><\/p>\n\n\n\n<p><b>\u2022 Biotechnologie und Pharmazeutika:<\/b><span style=\"font-weight: 400;\"> Biotechnologie und Pharmazeutika sind in Connecticut schnell wachsende Branchen. Unternehmen wie Alexion Pharmaceuticals und Boehringer Ingelheim sind f\u00fchrend in Innovation und Forschung, unterst\u00fctzt durch ein starkes Netzwerk aus Universit\u00e4ten und Forschungseinrichtungen.<\/span><\/p>\n\n\n\n<p><b>\u2022 Herstellung:<\/b><span style=\"font-weight: 400;\"> Die moderne Fertigung, insbesondere in den Bereichen Luft- und Raumfahrt, Verteidigung und Pr\u00e4zisionsinstrumente, ist nach wie vor eine wichtige Branche in Connecticut. Unternehmen wie Pratt &amp; Whitney und Sikorsky Aircraft spielen eine entscheidende Rolle bei der Aufrechterhaltung der industriellen St\u00e4rke des Staates.<\/span><\/p>\n\n\n\n<p><b>\u2022 Ausbildung:<\/b><span style=\"font-weight: 400;\"> Connecticuts Bildungssektor ist robust und verf\u00fcgt \u00fcber renommierte Einrichtungen wie die Yale University und die University of Connecticut. Diese Universit\u00e4ten bieten qualitativ hochwertige Bildung und f\u00f6rdern Forschung und Innovation in verschiedenen Bereichen, was einen erheblichen Beitrag zur lokalen Wirtschaft leistet.<\/span><\/p>\n\n\n\n<p><b>\u2022 Gesundheitspflege:<\/b><span style=\"font-weight: 400;\"> Das Gesundheitswesen ist in Connecticut eine wichtige Branche. Zahlreiche Krankenh\u00e4user, Kliniken und Forschungseinrichtungen bieten Dienstleistungen an und betreiben fortschrittliche medizinische Forschung. Institutionen wie Hartford HealthCare und Yale New Haven Health sind wichtige Arbeitgeber und tragen zur Wirtschaft des Staates bei.<\/span><\/p>\n\n\n\n<h2 class=\"wp-block-heading\"><span style=\"font-weight: 400;\"><strong>F\u00fchrende Akteure auf dem Markt in Connecticut<\/strong><\/span><\/h2>\n\n\n\n<p><span style=\"font-weight: 400;\">Connecticut ist die Heimat zahlreicher f\u00fchrender Unternehmen aus unterschiedlichen Branchen, die alle zum dynamischen Gesch\u00e4ftsumfeld des Staates beitragen.<\/span><\/p>\n\n\n\n<p><b>\u2022 Pratt &amp; Whitney<\/b><span style=\"font-weight: 400;\"> ist ein weltweit f\u00fchrendes Unternehmen in der Luft- und Raumfahrtindustrie. Das Unternehmen mit Sitz in East Hartford ist auf die Entwicklung und Herstellung von Flugzeugtriebwerken spezialisiert. Die fortschrittlichen Fertigungskapazit\u00e4ten und erheblichen Investitionen von Pratt &amp; Whitney in Forschung und Entwicklung treiben den technologischen Fortschritt und das Wirtschaftswachstum in Connecticut voran.<\/span><\/p>\n\n\n\n<p><b>\u2022 Yale Universit\u00e4t<\/b><span style=\"font-weight: 400;\"> ist eine bedeutende Bildungs- und Forschungseinrichtung in Connecticut. Yale hat seinen Sitz in New Haven und sein Einfluss geht \u00fcber die akademische Welt hinaus. Durch Forschungsinitiativen, Partnerschaften mit der Industrie und die Ausbildung hochqualifizierter Arbeitskr\u00e4fte f\u00f6rdert es das Wirtschaftswachstum.<\/span><\/p>\n\n\n\n<p><b>\u2022 Das Hartford<\/b><span style=\"font-weight: 400;\"> ist ein weiterer wichtiger Akteur in der Versicherungsbranche. Als eines der \u00e4ltesten und gr\u00f6\u00dften Versicherungsunternehmen der USA bietet The Hartford verschiedene Versicherungsprodukte und -dienstleistungen an und unterst\u00fctzt Privatpersonen und Unternehmen in Connecticut und dar\u00fcber hinaus.<\/span><\/p>\n\n\n\n<h2 class=\"wp-block-heading\"><span style=\"font-weight: 400;\"><strong>Wichtigste Touristenattraktionen in Connecticut<\/strong><\/span><\/h2>\n\n\n\n<p><span style=\"font-weight: 400;\">Connecticut ist f\u00fcr seine reiche Geschichte, seine lebendige Kultur und seine atemberaubende Natursch\u00f6nheit bekannt und daher ein beliebtes Reiseziel f\u00fcr Touristen aus aller Welt.&nbsp;<\/span><\/p>\n\n\n\n<ul class=\"wp-block-list\">\n<li><b> Mystischer Seehafen<\/b><span style=\"font-weight: 400;\"> ist das f\u00fchrende Schifffahrtsmuseum des Landes und bietet einen Einblick in die amerikanische Seefahrervergangenheit. Besucher k\u00f6nnen historische Schiffe, maritime Exponate und ein nachgebautes Seefahrerdorf aus dem 19. Jahrhundert erkunden, was es zu einem faszinierenden Ausflugsziel f\u00fcr Geschichtsinteressierte und Familien macht.<\/span><\/li>\n\n\n\n<li><b> Kunstgalerie der Yale University<\/b><span style=\"font-weight: 400;\"> beherbergt eine umfangreiche Kunstsammlung aus verschiedenen Epochen und Kulturen. Die vielf\u00e4ltigen Ausstellungen und Bildungsprogramme des Museums machen es zu einem kulturellen Zentrum in Connecticut.<\/span><\/li>\n\n\n\n<li><b> Gillette Castle State Park<\/b><span style=\"font-weight: 400;\"> Hier befindet sich das im mittelalterlichen Stil erbaute Gillette Castle, das vom Schauspieler William Gillette erbaut wurde. Der Park bietet malerische Wanderwege, Picknickpl\u00e4tze und einen atemberaubenden Blick auf den Connecticut River und ist daher ein beliebter Ort f\u00fcr Outdoor-Fans.<\/span><\/li>\n\n\n\n<li><b> Mark Twain Haus &amp; Museum<\/b><span style=\"font-weight: 400;\"> bietet F\u00fchrungen und Ausstellungen \u00fcber Twains Leben und Werk an. Das wundersch\u00f6n restaurierte Haus und seine historische Bedeutung ziehen Literaturliebhaber aus aller Welt an.<\/span><\/li>\n<\/ul>\n\n\n\n<h2 class=\"wp-block-heading\"><span style=\"font-weight: 400;\"><strong>Chancen f\u00fcr Unternehmen in Connecticut<\/strong><\/span><\/h2>\n\n\n\n<p><span style=\"font-weight: 400;\">Connecticut bietet zahlreiche M\u00f6glichkeiten f\u00fcr Unternehmen, die ihre Pr\u00e4senz in diesem dynamischen Markt aufbauen oder ausbauen m\u00f6chten. Unternehmen k\u00f6nnen durch das Erkennen und Nutzen dieser M\u00f6glichkeiten signifikantes Wachstum und Erfolg erzielen.<\/span><\/p>\n\n\n\n<ul class=\"wp-block-list\">\n<li><b>Strategischer Ort:<\/b><span style=\"font-weight: 400;\"> Connecticuts Lage im Nordosten der USA bietet einfachen Zugang zu gro\u00dfen M\u00e4rkten wie New York City und Boston. Diese strategische Position steigert die logistische Effizienz und bietet Zugang zu einer gro\u00dfen Verbraucherbasis.<\/span><\/li>\n\n\n\n<li><b>Facharbeiter:<\/b><span style=\"font-weight: 400;\"> Connecticut verf\u00fcgt \u00fcber eine gut ausgebildete und qualifizierte Belegschaft und eine hohe Konzentration an Universit\u00e4ten und Hochschulen. Unternehmen k\u00f6nnen diesen Talentpool nutzen, um Innovation und Produktivit\u00e4t voranzutreiben.<\/span><\/li>\n\n\n\n<li><b>Technologie und Innovation:<\/b><span style=\"font-weight: 400;\"> Connecticuts Technologiesektor w\u00e4chst und bietet M\u00f6glichkeiten in den Bereichen Biotechnologie, Cybersicherheit und Softwareentwicklung. Das unterst\u00fctzende \u00d6kosystem des Staates f\u00fcr Startups und Unternehmer bietet zahlreiche Ressourcen, damit Technologieunternehmen erfolgreich sein k\u00f6nnen.<\/span><\/li>\n\n\n\n<li><b>Wachstum im Gesundheitswesen:<\/b><span style=\"font-weight: 400;\"> Kontinuierliche Investitionen in das Gesundheitswesen bieten zahlreiche Gesch\u00e4ftsm\u00f6glichkeiten in den Bereichen Medizin und Biowissenschaften. Die Gesundheitsinfrastruktur des Staates unterst\u00fctzt Forschung und Patientenversorgung und macht ihn zu einem attraktiven Markt f\u00fcr Innovationen im Gesundheitswesen.<\/span><\/li>\n\n\n\n<li><b>Finanzdienstleistungen:<\/b> Connecticuts robuster Finanz- und Versicherungssektor bietet Chancen f\u00fcr Unternehmen, die in den Bereichen Finanzdienstleistungen, Fintech und Versicherungen t\u00e4tig sind. Die etablierten Finanzinstitute und das regulatorische Umfeld des Staates unterst\u00fctzen das Wachstum des Sektors.<\/li>\n<\/ul>\n\n\n\n<h2 class=\"wp-block-heading\"><span style=\"font-weight: 400;\"><strong>Marktforschung in Connecticut: Porters F\u00fcnf-Kr\u00e4fte-Analyse des Connecticut-Marktes<\/strong><\/span><\/h2>\n\n\n\n<p><span style=\"font-weight: 400;\">Durch die Durchf\u00fchrung der F\u00fcnf-Kr\u00e4fte-Analyse nach Porter k\u00f6nnen Unternehmen die Wettbewerbskr\u00e4fte verstehen, die den Markt in Connecticut pr\u00e4gen, und erhalten einen umfassenden \u00dcberblick f\u00fcr die strategische Planung.<\/span><\/p>\n\n\n\n<p><b>Bedrohung durch Neueinsteiger<\/b><\/p>\n\n\n\n<p><span style=\"font-weight: 400;\">Die Bedrohung durch neue Marktteilnehmer auf dem Markt in Connecticut ist je nach Branche unterschiedlich. Hohe Markteintrittsbarrieren wie beh\u00f6rdliche Vorschriften, erhebliche Kapitalinvestitionen und etablierte Wettbewerber k\u00f6nnen neue Marktteilnehmer abschrecken, insbesondere in den Bereichen Finanzen, Gesundheitswesen und Fertigung.<\/span><\/p>\n\n\n\n<p><b>Verhandlungsmacht der Lieferanten<\/b><\/p>\n\n\n\n<p><span style=\"font-weight: 400;\">Die Verhandlungsmacht der Lieferanten in Connecticut kann je nach Branche mittel bis hoch sein. Lieferanten, die spezialisierte Materialien oder Dienstleistungen anbieten, k\u00f6nnen in Sektoren wie Fertigung und Gesundheitswesen einen erheblichen Einfluss haben. Unternehmen schw\u00e4chen diese Macht jedoch h\u00e4ufig ab, indem sie ihre Lieferantenbasis diversifizieren oder vertikal integrieren.<\/span><\/p>\n\n\n\n<p><b>Verhandlungsmacht der K\u00e4ufer<\/b><\/p>\n\n\n\n<p><span style=\"font-weight: 400;\">K\u00e4ufer in Connecticut verf\u00fcgen oft \u00fcber eine betr\u00e4chtliche Verhandlungsmacht, insbesondere in wettbewerbsintensiven M\u00e4rkten mit vielen Alternativen. So k\u00f6nnen Verbraucher im Einzelhandel und im Dienstleistungssektor beispielsweise problemlos zwischen Anbietern wechseln, was die Unternehmen dazu veranlasst, bessere Leistungen und einen besseren Preis anzubieten, um die Kunden zu halten.<\/span><\/p>\n\n\n\n<p><b>Bedrohung durch Ersatzprodukte<\/b><\/p>\n\n\n\n<p><span style=\"font-weight: 400;\">Die Gefahr von Substitutionsprodukten ist in Connecticut je nach Branche sehr unterschiedlich. Im Technologie- und Konsumg\u00fcterbereich kann das schnelle Innovationstempo zu hohen Substitutionsrisiken f\u00fchren. Unternehmen m\u00fcssen kontinuierlich innovativ sein, um relevant zu bleiben und ihren Wettbewerbsvorteil zu wahren.<\/span><\/p>\n\n\n\n<p><b>Konkurrenzkampf<\/b><\/p>\n\n\n\n<p><span style=\"font-weight: 400;\">In Connecticut herrscht allgemein ein hoher Wettbewerbsdruck, der durch zahlreiche etablierte Unternehmen und ein dynamisches Marktumfeld angetrieben wird. Branchen wie Finanzen, Versicherungen und Bildung sind einem intensiven Wettbewerb ausgesetzt, der Unternehmen dazu zwingt, sich durch Innovation, Qualit\u00e4t und Kundenservice zu differenzieren.<\/span><\/p>\n\n\n\n<h2 class=\"wp-block-heading\">Unser Marktforschungsteam in Connecticut<\/h2>\n\n\n\n<p>SIS f\u00fchrt qualitative Feldforschung, quantitative Datenerhebung und Strategieforschung in Connecticut durch. Unser Team profitiert von unseren globalen Best Practices, der effizienten Projektabwicklung vor Ort und der rund um die Uhr verf\u00fcgbaren Kundenbetreuung. Viele unserer Teammitglieder leben in Connecticut und bringen lokales Wissen mit, um Ergebnisse zu analysieren und Empfehlungen abzugeben.<\/p>\n\n\n\n<p><\/p>","protected":false},"excerpt":{"rendered":"<p>Connecticut liegt strategisch g\u00fcnstig zwischen Boston und New York City und hat eine Bev\u00f6lkerung von 3,5 Millionen Menschen. Erfahren Sie mehr \u00fcber unsere Kapazit\u00e4ten in CT.<\/p>","protected":false},"author":1,"featured_media":66522,"parent":19303,"menu_order":10,"comment_status":"closed","ping_status":"closed","template":"","meta":{"footnotes":""},"class_list":["post-24329","page","type-page","status-publish","has-post-thumbnail"],"_links":{"self":[{"href":"https:\/\/www.sisinternational.com\/de\/wp-json\/wp\/v2\/pages\/24329","targetHints":{"allow":["GET"]}}],"collection":[{"href":"https:\/\/www.sisinternational.com\/de\/wp-json\/wp\/v2\/pages"}],"about":[{"href":"https:\/\/www.sisinternational.com\/de\/wp-json\/wp\/v2\/types\/page"}],"author":[{"embeddable":true,"href":"https:\/\/www.sisinternational.com\/de\/wp-json\/wp\/v2\/users\/1"}],"replies":[{"embeddable":true,"href":"https:\/\/www.sisinternational.com\/de\/wp-json\/wp\/v2\/comments?post=24329"}],"version-history":[{"count":18,"href":"https:\/\/www.sisinternational.com\/de\/wp-json\/wp\/v2\/pages\/24329\/revisions"}],"predecessor-version":[{"id":78774,"href":"https:\/\/www.sisinternational.com\/de\/wp-json\/wp\/v2\/pages\/24329\/revisions\/78774"}],"up":[{"embeddable":true,"href":"https:\/\/www.sisinternational.com\/de\/wp-json\/wp\/v2\/pages\/19303"}],"wp:featuredmedia":[{"embeddable":true,"href":"https:\/\/www.sisinternational.com\/de\/wp-json\/wp\/v2\/media\/66522"}],"wp:attachment":[{"href":"https:\/\/www.sisinternational.com\/de\/wp-json\/wp\/v2\/media?parent=24329"}],"curies":[{"name":"wp","href":"https:\/\/api.w.org\/{rel}","templated":true}]}}