{"id":24277,"date":"2018-02-23T04:40:47","date_gmt":"2018-02-23T04:40:47","guid":{"rendered":"https:\/\/www.sisinternational.com\/?page_id=24277"},"modified":"2025-09-10T18:40:00","modified_gmt":"2025-09-10T22:40:00","slug":"wachstumsberatung","status":"publish","type":"page","link":"https:\/\/www.sisinternational.com\/de\/losungen\/sis-globales-wachstum\/wachstumsberatung\/","title":{"rendered":"Wachstumsberatung"},"content":{"rendered":"<h1 class=\"wp-block-heading\">Wachstumsberatung<\/h1>\n\n\n\n<figure class=\"gb-block-image gb-block-image-475b955b\"><img loading=\"lazy\" decoding=\"async\" width=\"1456\" height=\"816\" class=\"gb-image gb-image-475b955b\" src=\"https:\/\/www.sisinternational.com\/wp-content\/uploads\/2025\/08\/Sustainability-7.jpg\" alt=\"SIS International Marktforschung &amp; Strategie\" title=\"Sustainability (7)\" srcset=\"https:\/\/www.sisinternational.com\/wp-content\/uploads\/2025\/08\/Sustainability-7.jpg 1456w, https:\/\/www.sisinternational.com\/wp-content\/uploads\/2025\/08\/Sustainability-7-300x168.jpg 300w, https:\/\/www.sisinternational.com\/wp-content\/uploads\/2025\/08\/Sustainability-7-1024x574.jpg 1024w, https:\/\/www.sisinternational.com\/wp-content\/uploads\/2025\/08\/Sustainability-7-768x430.jpg 768w, https:\/\/www.sisinternational.com\/wp-content\/uploads\/2025\/08\/Sustainability-7-18x10.jpg 18w\" sizes=\"auto, (max-width: 1456px) 100vw, 1456px\"><\/figure>\n\n\n\n<p><\/p>\n\n\n\n<h2 class=\"wp-block-heading\">Bei der Wachstumsberatung stehen die Kernaspekte eines Unternehmens im Mittelpunkt, beispielsweise Vertrieb und Marketing, F\u00fchrung und Strategie. Wachstumsberatungsfirmen reagieren auch auf die Realit\u00e4ten des Marktes und die Art des heutigen Gesch\u00e4ftsumfelds.<\/h2>\n\n\n\n<hr class=\"wp-block-separator has-alpha-channel-opacity is-style-dots\"\/>\n\n\n\n<p>Die meisten Kundenunternehmen k\u00f6nnen von einer Kombination aus drei Ressourcen profitieren, die Wachstumsberatungsfirmen anbieten:<\/p>\n\n\n\n<ul class=\"wp-block-list\">\n<li><strong>Wachstumsberatung: <\/strong>Dabei geht es im Wesentlichen darum, Unternehmen aus einer externen Perspektive zu bewerten und Empfehlungen und strategische Erkenntnisse zu liefern, die zur Verbesserung des Gesch\u00e4fts genutzt werden k\u00f6nnen.<\/li>\n\n\n\n<li><strong>Wachstumscoaching:<\/strong> members of the executive team can benefit significantly from this service. Here the <a href=\"https:\/\/www.sisinternational.com\/de\/losungen\/ai-marktforschung-und-strategieberatung\/automatisierung-von-korperpflegeprodukten-ki-beratung\/\" title=\"Automatisierung von K\u00f6rperpflegeprodukten und KI-Beratung\"  data-wpil-monitor-id=\"10999\">consulting firm gets intimate and personal<\/a> with company heads, providing training and upgrading their leadership and communication skills.<\/li>\n\n\n\n<li><strong>Vertragsabschluss:<\/strong> Hier erbringen Wachstumsberatungsfirmen Subunternehmerleistungen, die es den Unternehmen erm\u00f6glichen, schnell zu wachsen, ohne dass sie zahlreiche Vollzeitmitarbeiter einstellen m\u00fcssen, um ihr Wachstum anzukurbeln.<\/li>\n<\/ul>\n\n\n\n<h2 class=\"wp-block-heading\">Beratung<\/h2>\n\n\n\n<p>Der <a href=\"https:\/\/www.sisinternational.com\/de\/losungen\/reise-tourismus-und-gastgewerbeberatung\/beratung-zur-neugestaltung-des-markenauftritts-von-geschaftshotels\/\" title=\"Beratung zur Neugestaltung des Markenauftritts von Gesch\u00e4ftshotels\"  data-wpil-monitor-id=\"10997\">consulting function is critical to business<\/a> success and includes assignments such as identifying growth opportunities, advising on growth challenges, and developing new business models. Consulting firms also work with clients to make <a href=\"https:\/\/www.sisinternational.com\/de\/losungen\/sis-globales-wachstum\/strategische-planungsberatung\/\" title=\"Strategische Planungsberatung\"  data-wpil-monitor-id=\"10998\">strategic<\/a> decisions and make detailed action plans, and they will recommend alternative approaches as well.<\/p>\n\n\n\n<p>Wachstumsberatungsfirmen sind sich aufgrund ihrer Kontakte und Verbindungen zu verschiedenen Organisationen im Allgemeinen der \u201eBest Practices\u201c der Branche bewusst und k\u00f6nnen ihre Kundenunternehmen entsprechend beraten.<\/p>\n\n\n\n<p>When selecting a growth consulting firm, clients usually use specific selection criteria. These criteria include the firm&#8217;s knowledge of the client company&#8217;s <a href=\"https:\/\/www.sisinternational.com\/de\/losungen\/branding-und-kundenforschungslosungen\/marktforschung-fur-hautpflege\/\" title=\"Marktforschung f\u00fcr Hautpflegeprodukte | Beratung f\u00fcr die Sch\u00f6nheitsindustrie\"  data-wpil-monitor-id=\"10993\">industry and the expertise of the consulting<\/a> team. They look for companies that know about their pain points, nuances of their industries, trends, strengths, weaknesses and opportunities for growth.<\/p>\n\n\n\n<h2 class=\"wp-block-heading\">Coaching<\/h2>\n\n\n\n<p>Managers are all too often thrown into the deep end and left to sink or swim, with no plan for their development. &nbsp;Growth Consulting firms solve that problem by offering developmental sessions that are tailored to be relevant and appropriate to the industries with which they work. Some firms also provide courses to team leaders and supervisors.<\/p>\n\n\n\n<p>Neben Schulungen f\u00fcr Top-F\u00fchrungskr\u00e4fte und mittleres Management arbeitet ein Wachstumsberatungsunternehmen auch mit Vertriebsmitarbeitern und anderen Mitarbeitern zusammen, um sicherzustellen, dass alle Mitarbeiter die Marke und Unternehmenskultur ihres Unternehmens verstehen. Cross-Selling und Upselling bilden oft einen wesentlichen Teil dieser Schulung, wodurch die F\u00f6rderung der Marke des Kundenunternehmens gew\u00e4hrleistet wird.<\/p>\n\n\n\n<h2 class=\"wp-block-heading\">Vertragsabschluss<\/h2>\n\n\n\n<p>Eine weitere M\u00f6glichkeit, wie Wachstumsberatungsfirmen Unternehmen unterst\u00fctzen, ist die Auftragsvergabe in Bereichen wie Informationstechnologie und damit verbundenen Dienstleistungen sowie Marketing. Durch die Auftragsvergabe werden die Kosten erheblich gesenkt, da die Kundenunternehmen diese Dienstleistungen nur dann bezahlen k\u00f6nnen, wenn sie ben\u00f6tigt werden, anstatt einen Mitarbeiter einzustellen und diesem ein monatliches oder w\u00f6chentliches Gehalt zahlen zu m\u00fcssen.<\/p>\n\n\n\n<p>Ein weiterer Vorteil des Outsourcings bestimmter Aufgaben ist, dass dadurch eine hohe Arbeitsqualit\u00e4t gew\u00e4hrleistet wird. Wachstumsberatungsfirmen haben in der Regel Zugang zu hervorragenden Ressourcen und spezialisierten Vertragspartnern. Kundenunternehmen profitieren auch dann von der Auftragsvergabe, wenn sie eine Arbeit erledigen lassen m\u00fcssen, die Fachwissen oder spezielle Werkzeuge erfordert.<\/p>\n\n\n\n<h2 class=\"wp-block-heading\">Wie Growth Consulting Mehrwert schafft<\/h2>\n\n\n\n<p>Large companies employ in-house analysts to perform the functions traditionally carried out by consulting firms. Midsize and small companies realize the value in building strategic advantages and rapidly scaling up <a href=\"https:\/\/www.sisinternational.com\/de\/losungen\/b2b-unternehmensvertriebsmarktforschung\/\" title=\"B2B Enterprise Sales Marktforschung\"  data-wpil-monitor-id=\"10996\">sales and marketing<\/a> initiatives .&nbsp; As businesses recognize the importance of this service, more and more small companies are opting to hire these firms.<\/p>\n\n\n\n<p>Growth Consulting firms are essential because they make processes more efficient and profitable.&nbsp; They streamline workflows and increase productivity.&nbsp; Efficient sales, <a href=\"https:\/\/www.sisinternational.com\/de\/sachverstand\/branchen\/marktforschung-zu-naturlichen-ressourcen\/\" title=\"Marktforschung f\u00fcr nat\u00fcrliche Ressourcen\"  data-wpil-monitor-id=\"10995\">marketing and operations allow resources<\/a> to be deployed to high value priorities.&nbsp; They provide much-needed business analysis services, which are critical for <a href=\"https:\/\/www.sisinternational.com\/de\/sachverstand\/lebenslaufe\/marktforschung-fur-korperpflegeprodukte\/\" title=\"Marktforschung f\u00fcr K\u00f6rperpflegeprodukte\"  data-wpil-monitor-id=\"10994\">product development and directing marketing<\/a> efforts.<\/p>\n\n\n<h2>Unser Standort in New York<\/h2>\n<p><iframe loading=\"lazy\" src=\"https:\/\/www.google.com\/maps\/embed?pb=!1m18!1m12!1m3!1d3022.976188376966!2d-73.99130312499956!3d40.740549471389315!2m3!1f0!2f0!3f0!3m2!1i1024!2i768!4f13.1!3m3!1m2!1s0x89c259a15798c731%3A0xd695d09bdd495f25!2s11%20E%2022nd%20St%20FL%202%2C%20New%20York%2C%20NY%2010010%2C%20USA!5e0!3m2!1sen!2spe!4v1726171763526!5m2!1sen!2spe\" width=\"600\" height=\"450\" allowfullscreen=\"allowfullscreen\" data-mce-fragment=\"1\"><\/iframe><\/p>\n<h3 class=\"wp-block-heading\">11 E 22nd Street, Floor 2, New York, NY 10010 T: +1(212) 505-6805<\/h3>\n<hr \/>\n<h2><span style=\"font-weight: 400;\">\u00dcber SIS International<\/span><\/h2>\n<p><a href=\"https:\/\/www.sisinternational.com\/de\/\"><span style=\"font-weight: 400;\">SIS International<\/span><\/a><span style=\"font-weight: 400;\">\u00a0offers Quantitative, Qualitative, and Strategy Research. We provide data, tools, strategies, reports, and insights for decision-making. We also conduct interviews, surveys, focus groups, and other <a href=\"https:\/\/www.sisinternational.com\/de\/quantitative-market-research-methods-and-techniques\/\" title=\"Quantitative Market Research Methods and Techniques\"  data-wpil-monitor-id=\"10992\">Market Research methods<\/a> and approaches.<\/span><a href=\"https:\/\/www.sisinternational.com\/de\/uber-sis-international-research\/contact-sis-international-market-research\/\"><span style=\"font-weight: 400;\">\u00a0Kontakt<\/span><\/a><span style=\"font-weight: 400;\">\u00a0f\u00fcr Ihr n\u00e4chstes Marktforschungsprojekt.<\/span><\/p>\n<\/p>\n\n\n<p><\/p>","protected":false},"excerpt":{"rendered":"<p>SIS International bietet Wachstumsberatungsl\u00f6sungen. Wir bieten Vertriebs- und Marketingl\u00f6sungen. Erfahren Sie mehr dar\u00fcber, wie Sie neue Wachstumschancen entdecken.<\/p>","protected":false},"author":1,"featured_media":62861,"parent":22092,"menu_order":7,"comment_status":"closed","ping_status":"closed","template":"","meta":{"footnotes":""},"class_list":["post-24277","page","type-page","status-publish","has-post-thumbnail"],"_links":{"self":[{"href":"https:\/\/www.sisinternational.com\/de\/wp-json\/wp\/v2\/pages\/24277","targetHints":{"allow":["GET"]}}],"collection":[{"href":"https:\/\/www.sisinternational.com\/de\/wp-json\/wp\/v2\/pages"}],"about":[{"href":"https:\/\/www.sisinternational.com\/de\/wp-json\/wp\/v2\/types\/page"}],"author":[{"embeddable":true,"href":"https:\/\/www.sisinternational.com\/de\/wp-json\/wp\/v2\/users\/1"}],"replies":[{"embeddable":true,"href":"https:\/\/www.sisinternational.com\/de\/wp-json\/wp\/v2\/comments?post=24277"}],"version-history":[{"count":4,"href":"https:\/\/www.sisinternational.com\/de\/wp-json\/wp\/v2\/pages\/24277\/revisions"}],"predecessor-version":[{"id":81800,"href":"https:\/\/www.sisinternational.com\/de\/wp-json\/wp\/v2\/pages\/24277\/revisions\/81800"}],"up":[{"embeddable":true,"href":"https:\/\/www.sisinternational.com\/de\/wp-json\/wp\/v2\/pages\/22092"}],"wp:featuredmedia":[{"embeddable":true,"href":"https:\/\/www.sisinternational.com\/de\/wp-json\/wp\/v2\/media\/62861"}],"wp:attachment":[{"href":"https:\/\/www.sisinternational.com\/de\/wp-json\/wp\/v2\/media?parent=24277"}],"curies":[{"name":"wp","href":"https:\/\/api.w.org\/{rel}","templated":true}]}}