{"id":24125,"date":"2018-02-18T05:23:24","date_gmt":"2018-02-18T05:23:24","guid":{"rendered":"https:\/\/www.sisinternational.com\/?page_id=24125"},"modified":"2025-09-10T18:56:00","modified_gmt":"2025-09-10T22:56:00","slug":"einblicke-in-die-flugreise-neue-konzepte-fur-die-flugzeugkabine","status":"publish","type":"page","link":"https:\/\/www.sisinternational.com\/de\/veroffentlichungen\/einblicke-in-die-flugreise-neue-konzepte-fur-die-flugzeugkabine\/","title":{"rendered":"Marktforschung f\u00fcr Flugreisen: Die Flugzeugkabine neu denken"},"content":{"rendered":"<h1 class=\"wp-block-heading\">Marktforschung f\u00fcr Flugreisen: Die Flugzeugkabine neu denken<\/h1>\n\n\n\n<p><\/p>\n\n\n\n<figure class=\"gb-block-image gb-block-image-377e9e54\"><img loading=\"lazy\" decoding=\"async\" width=\"1024\" height=\"574\" class=\"gb-image gb-image-377e9e54\" src=\"https:\/\/www.sisinternational.com\/wp-content\/uploads\/2025\/08\/Airline-aviation-airplane-6-1024x574.jpg\" alt=\"SIS International Marktforschung &amp; Strategie\" title=\"Airline aviation airplane (6)\" srcset=\"https:\/\/www.sisinternational.com\/wp-content\/uploads\/2025\/08\/Airline-aviation-airplane-6-1024x574.jpg 1024w, https:\/\/www.sisinternational.com\/wp-content\/uploads\/2025\/08\/Airline-aviation-airplane-6-300x168.jpg 300w, https:\/\/www.sisinternational.com\/wp-content\/uploads\/2025\/08\/Airline-aviation-airplane-6-768x430.jpg 768w, https:\/\/www.sisinternational.com\/wp-content\/uploads\/2025\/08\/Airline-aviation-airplane-6-18x10.jpg 18w, https:\/\/www.sisinternational.com\/wp-content\/uploads\/2025\/08\/Airline-aviation-airplane-6.jpg 1456w\" sizes=\"auto, (max-width: 1024px) 100vw, 1024px\"><\/figure>\n\n\n\n<p><\/p>\n\n\n\n<hr class=\"wp-block-separator has-alpha-channel-opacity is-style-dots\"\/>\n\n\n\n<h2 class=\"wp-block-heading\">Airlines are increasingly interested in enhancing the in-cabin experience.&nbsp; Increasing loyalty and consumption on aircraft can be profitable.&nbsp; Designing cabins and services can meaningfully build strong customer relationships.<\/h2>\n\n\n\n<p>SIS has conducted extensive research with travelers over the past 40+ years.\u00a0 This article discusses general opinions and attitudes, as well as some consumers thoughts on improvements.\u00a0 Having conducted an extensive number of Focus Groups worldwide, we wanted to provide an inquisitive look at how people view the airplane cabin and identify some ways to improve it.<\/p>\n\n\n\n<h3 class=\"wp-block-heading\">In-Cabin Experience:&nbsp; American Perspectives<\/h3>\n\n\n\n<p>The United States has long had a fascination with flight.&nbsp; Air travel fits well in the American cultural experience and history.&nbsp; Consider the following:<\/p>\n\n\n\n<ul class=\"wp-block-list\">\n<li>Immigrants have been traveling by land, sea, and air to reach the United States.<\/li>\n\n\n\n<li>Die Wahrscheinlichkeit, dass Amerikaner umziehen oder ihren Wohnsitz verlegen, ist viel h\u00f6her als bei Menschen in anderen Teilen der Welt.<\/li>\n\n\n\n<li>Air travel has long been associated with freedom, free movement, and independence.<\/li>\n\n\n\n<li>Die Erfindung des Flugs durch die Gebr\u00fcder Wright erf\u00fcllt die Amerikaner mit Stolz.<\/li>\n\n\n\n<li>National history has often been made with U.S. presidents standing in front of Air Force One.<\/li>\n\n\n\n<li>Pivotal turning points in history have involved aviation: Pearl Harbor bombing, 9\/11, and the Hindenburg crash.<\/li>\n\n\n\n<li>In beliebten Filmen und Fernsehsendungen wie \u201eWings\u201c, \u201e24\u201c, \u201eFlight Plan\u201c, \u201eLost\u201c, \u201eUp in the Air\u201c, \u201eSex and the City\u201c und anderen Reality-Shows kommt es h\u00e4ufig zu Flugreisen.<\/li>\n\n\n\n<li>Die amerikanische Kultur legt Wert auf Freiheit, Individualismus und Unabh\u00e4ngigkeit.<\/li>\n\n\n\n<li>Im Vergleich zu anderen Kulturen ist die amerikanische Gesellschaft neuen Produkten gegen\u00fcber eher aufgeschlossen und lehnt Autorit\u00e4ten in kontrollierten Umgebungen wie Flugzeugen eher ab.<\/li>\n<\/ul>\n\n\n\n<h3 class=\"wp-block-heading\">\u00c4nderungen in den Vereinigten Staaten mit Auswirkungen auf den Flugverkehr<\/h3>\n\n\n\n<p>The United States is also undergoing demographic and technological change.\u00a0 An aging American population faces different vision, mobility, hearing, limb extremity, and back-pain challenges on aircraft.\u00a0 New security procedures have been added amid recent terror fears.\u00a0 Delays and storms continue to disrupt travel plans.\u00a0 Rising fuel <a href=\"https:\/\/www.sisinternational.com\/de\/billigflieger-in-der-luftfahrtindustrie\/\" title=\"Marktforschung f\u00fcr Billigflieger\"  data-wpil-monitor-id=\"10671\">costs strain airline<\/a> profitability, encouraging cuts in service and additional charges.\u00a0 Charges for checking bags have tended to cause passengers to stow more heavy luggage in overhead bins.\u00a0 New\u00a0charges exist for previously-complimentary services (e.g. headsets, meals, etc), which impact the customer experience inside Air Cabins.<\/p>\n\n\n\n<p>Airlines are integrating technology such as social media, mobile ticketing and Wi-Fi into their business models and cabins.&nbsp;&nbsp;The widespread adoption of <a href=\"https:\/\/www.sisinternational.com\/de\/marktforschung-fur-intelligente-mobilitat\/\" title=\"Marktforschung f\u00fcr intelligente Mobilit\u00e4t\"  data-wpil-monitor-id=\"10674\">smart phone and mobile<\/a> devices are impacting how people fly and behave on aircraft.<\/p>\n\n\n\n<h3 class=\"wp-block-heading\">Was Amerikaner \u00fcber Flugzeugkabinen sagen<\/h3>\n\n\n\n<p>When asked about in-cabin experience, people largely have negative perceptions of the flight experience.\u00a0 Stories can range from humorous stories to horror stories.<\/p>\n\n\n\n<p><span style=\"text-decoration: underline;\">Die wichtigsten Schwachstellen beim Kundenerlebnis:<\/span><\/p>\n\n\n\n<ul class=\"wp-block-list\">\n<li>Discomfort in the cabin<\/li>\n\n\n\n<li>Geb\u00fchren f\u00fcr Gep\u00e4ck und Kleinteile wie Kopfh\u00f6rer<\/li>\n\n\n\n<li>Service an Bord<\/li>\n\n\n\n<li>Mitreisende<\/li>\n<\/ul>\n\n\n\n<p>We probe deeper, and discover that people have strong emotional reactions to Air travel.&nbsp; They often remark that they believe the current state of airline travel is personally insulting and invasive.&nbsp; Some of the people we spoke with traveled internationally and believed air travel in the USA was significantly worse.<\/p>\n\n\n\n<h3 class=\"wp-block-heading\"><span style=\"color: #003366;\">People said that given what they paid for air travel, they felt they deserved more.&nbsp; In some cases, people felt the decline in the positive experience in air travel signified a decline in something more profound such as the state of the nation, economic competitiveness, etc.<\/span><\/h3>\n\n\n\n<p>In one study, respondents contrasted today\u2019s in-cabin experience with nostalgic recollections to the perceived grandeur of 1960s air travel.&nbsp; &nbsp;They were nostalgic for these qualities of air travel circa 1960:<\/p>\n\n\n\n<ul class=\"wp-block-list\">\n<li>Personalisierte Betreuung<\/li>\n\n\n\n<li>Wahrgenommener Luxus<\/li>\n\n\n\n<li>Eleganz an Bord<\/li>\n\n\n\n<li>Wahrgenommene Sauberkeit<\/li>\n\n\n\n<li>Aufmerksamkeit f\u00fcrs Detail<\/li>\n<\/ul>\n\n\n\n<p>People desired to enjoy flight again (as in past decades).&nbsp;&nbsp;They mentioned positive experiences meaningful to them. Some <a href=\"https:\/\/www.sisinternational.com\/de\/schlusselfaktoren-fur-den-erfolg-in-der-automobilmarktforschung\/\" title=\"Erfolgsfaktoren in der Automobilmarktforschung\"  data-wpil-monitor-id=\"10677\">factors that made those experiences successful<\/a>:<\/p>\n\n\n\n<ul class=\"wp-block-list\">\n<li>Hatte identifizierbare \u201eErfahrungen\u201c (z. B. Spa\u00df, Unterhaltung, Gastfreundschaft in asiatischen Fluggesellschaften, alle Erfahrungen in der Business-Klasse)<\/li>\n\n\n\n<li>Hochwertige Materialien<\/li>\n\n\n\n<li>Anpassbare Erlebnisse (z. B. Fernsehger\u00e4te, WLAN)<\/li>\n\n\n\n<li>Mehr Platz und Annehmlichkeiten<\/li>\n\n\n\n<li>Begeisternde Beleuchtung<\/li>\n<\/ul>\n\n\n\n<h3 class=\"wp-block-heading\"><span style=\"color: #003366;\">People become passionate when asked about the in-cabin experience.&nbsp;They recall vivid experiences and have strong recommendations for improvements.&nbsp; This means there is an opportunity to build an <em><strong><span style=\"text-decoration: underline;\">Emotionale Verbindung<\/span><\/strong><\/em>&nbsp;mit der Reisemarke durch positive Erlebnisse, Kabinenaufteilung, Ausstattung und Materialdesign.<\/span><\/h3>\n\n\n\n<h2 class=\"wp-block-heading\">Gelegenheiten zur Verbesserung<\/h2>\n\n\n\n<figure class=\"gb-block-image gb-block-image-38cd54f7\"><img loading=\"lazy\" decoding=\"async\" width=\"1456\" height=\"816\" class=\"gb-image gb-image-38cd54f7\" src=\"https:\/\/www.sisinternational.com\/wp-content\/uploads\/2025\/08\/Airline-aviation-airplane-5.jpg\" alt=\"SIS International Marktforschung &amp; Strategie\" title=\"Airline aviation airplane (5)\" srcset=\"https:\/\/www.sisinternational.com\/wp-content\/uploads\/2025\/08\/Airline-aviation-airplane-5.jpg 1456w, https:\/\/www.sisinternational.com\/wp-content\/uploads\/2025\/08\/Airline-aviation-airplane-5-300x168.jpg 300w, https:\/\/www.sisinternational.com\/wp-content\/uploads\/2025\/08\/Airline-aviation-airplane-5-1024x574.jpg 1024w, https:\/\/www.sisinternational.com\/wp-content\/uploads\/2025\/08\/Airline-aviation-airplane-5-768x430.jpg 768w, https:\/\/www.sisinternational.com\/wp-content\/uploads\/2025\/08\/Airline-aviation-airplane-5-18x10.jpg 18w\" sizes=\"auto, (max-width: 1456px) 100vw, 1456px\"><\/figure>\n\n\n\n<p><\/p>\n\n\n\n<p>Numerous opportunities exist for improvements in the Air Cabin design, layout and experience.&nbsp; The potential for emotional connection through an <a href=\"https:\/\/www.sisinternational.com\/de\/sachverstand\/branchen\/digitale-kundenerfahrung-cx-marktforschung\/\" title=\"Marktforschung zur digitalen Kundenerfahrung (CX)\"  data-wpil-monitor-id=\"10664\">experience and custom<\/a> cabin design may provide an competitive advantage for airlines and air cabin manufacturers.<\/p>\n\n\n\n<h3 class=\"wp-block-heading\">Eine emotionale Verbindung aufbauen<\/h3>\n\n\n\n<p>People seek experiences and positive emotional connections when they travel.&nbsp; They believe these can help build those connections:<\/p>\n\n\n\n<ul class=\"wp-block-list\">\n<li>Hervorragende Servicebereitstellung (z. B. P\u00fcnktlichkeit, Authentizit\u00e4t, Einf\u00fchlungsverm\u00f6gen usw.)<\/li>\n\n\n\n<li>N\u00fctzliche Funktionen und Technologien (z. B. Stecker f\u00fcr Mobilger\u00e4te, WLAN usw.)<\/li>\n<\/ul>\n\n\n\n<h3 class=\"wp-block-heading\">Erfahrungen<\/h3>\n\n\n\n<ul class=\"wp-block-list\">\n<li>Menschen genie\u00dfen einzigartige Reiseerlebnisse wie das Fliegen mit erlebnisorientierten asiatischen Fluggesellschaften<\/li>\n\n\n\n<li>Die Leute m\u00f6gen angesagte Fluggesellschaften wie Virgin<\/li>\n\n\n\n<li>People prefer <a href=\"https:\/\/www.sisinternational.com\/de\/sachverstand\/branchen\/marktforschung-zum-kundenerlebnis-im-restaurant\/\" title=\"Marktforschung zum Kundenerlebnis im Restaurantbereich\"  data-wpil-monitor-id=\"10668\">customization of experience<\/a> (e.g. movies, food menus, seating choices)<\/li>\n<\/ul>\n\n\n\n<h3 class=\"wp-block-heading\">Bereitstellung konsistenter Vorteile<\/h3>\n\n\n\n<ul class=\"wp-block-list\">\n<li>Die Befragten w\u00fcnschen sich eine zuverl\u00e4ssige Leistungserbringung entsprechend ihren Erwartungen.<\/li>\n\n\n\n<li>Bei gleichen Kosten w\u00e4ren mehr Annehmlichkeiten w\u00fcnschenswert gewesen<\/li>\n\n\n\n<li>Sie hatten das Gef\u00fchl, dass sie bei Fluggesellschaften wie Jet Blue und Virgin America Mehrqualit\u00e4t zum gleichen oder einem niedrigeren Preis bekamen.<\/li>\n\n\n\n<li>Eine M\u00f6glichkeit, dies zu tun, bestand darin, ein Erlebnis zu schaffen und Kabinen zu bauen, die diese priorisierten<\/li>\n<\/ul>\n\n\n\n<h3 class=\"wp-block-heading\">Zukunftsperspektiven f\u00fcr Fluggesellschaften<\/h3>\n\n\n\n<ul class=\"wp-block-list\">\n<li>Design Denken<\/li>\n\n\n\n<li><a href=\"https:\/\/www.sisinternational.com\/de\/losungen\/geschmackstest\/produkttestdienste-in-new-york\/\" title=\"Produkttestdienste in New York\"  data-wpil-monitor-id=\"10679\">Product and Service<\/a> Gemeinsame Kreation<\/li>\n\n\n\n<li>Online-Communitys und Online-Kundenengagement<\/li>\n\n\n\n<li>Empfohlene Vorgehensweise <a href=\"https:\/\/www.sisinternational.com\/de\/sachverstand\/branchen\/trainingsdaten-marktforschung\/\" title=\"Marktforschung zu Trainingsdaten\"  data-wpil-monitor-id=\"10678\">Research and Training<\/a><\/li>\n<\/ul>\n\n\n<h2>Unser Standort in New York<\/h2>\n<p><!-- \/wp:post-content --> <!-- wp:html --> <iframe loading=\"lazy\" src=\"https:\/\/www.google.com\/maps\/embed?pb=!1m18!1m12!1m3!1d3022.976188376966!2d-73.99130312499956!3d40.740549471389315!2m3!1f0!2f0!3f0!3m2!1i1024!2i768!4f13.1!3m3!1m2!1s0x89c259a15798c731%3A0xd695d09bdd495f25!2s11%20E%2022nd%20St%20FL%202%2C%20New%20York%2C%20NY%2010010%2C%20USA!5e0!3m2!1sen!2spe!4v1726171763526!5m2!1sen!2spe\" width=\"600\" height=\"450\" allowfullscreen=\"allowfullscreen\" data-mce-fragment=\"1\"><\/iframe> <!-- \/wp:html --> <!-- wp:paragraph --><\/p>\n<h3 class=\"wp-block-heading\">11 E 22nd Street, Floor 2, New York, NY 10010 T: +1(212) 505-6805<\/h3>\n<hr \/>\n<h2><span style=\"font-weight: 400;\">\u00dcber SIS International<\/span><\/h2>\n<p><a href=\"https:\/\/www.sisinternational.com\/de\/\"><span style=\"font-weight: 400;\">SIS International<\/span><\/a><span style=\"font-weight: 400;\"> offers Quantitative, Qualitative, and Strategy Research. We provide data, tools, strategies, reports, and insights for decision-making. We also conduct interviews, surveys, focus groups, and other <a href=\"https:\/\/www.sisinternational.com\/de\/quantitative-market-research-methods-and-techniques\/\" title=\"Quantitative Market Research Methods and Techniques\"  data-wpil-monitor-id=\"10661\">Market Research methods<\/a> and approaches.<\/span><a href=\"https:\/\/www.sisinternational.com\/de\/uber-sis-international-research\/contact-sis-international-market-research\/\"><span style=\"font-weight: 400;\"> Kontakt<\/span><\/a><span style=\"font-weight: 400;\"> f\u00fcr Ihr n\u00e4chstes Marktforschungsprojekt.<\/span><\/p>\n<p><!-- wp:heading --><\/p>\n<h2 id=\"about-sis-international\" class=\"wp-block-heading\">\u00a0<\/h2>\n<\/p>\n<p><!-- wp:heading {\"align\":\"center\"} --><\/p>\n<h2 class=\"wp-block-heading\">&nbsp;<\/h2>\n<p><!-- \/wp:heading --><\/p>\n<p><!-- wp:paragraph --><\/p>\n<p><!-- \/wp:paragraph --><!-- \/wp:heading --><\/p>","protected":false},"excerpt":{"rendered":"<p>Fluggesellschaften sind zunehmend daran interessiert, das Flugerlebnis zu verbessern. Marktforschung im Flugverkehr kann Unternehmen dabei helfen, ihre Profitabilit\u00e4t zu steigern. Erfahren Sie mehr.<\/p>","protected":false},"author":1,"featured_media":64978,"parent":20148,"menu_order":9,"comment_status":"closed","ping_status":"closed","template":"","meta":{"footnotes":""},"class_list":["post-24125","page","type-page","status-publish","has-post-thumbnail"],"_links":{"self":[{"href":"https:\/\/www.sisinternational.com\/de\/wp-json\/wp\/v2\/pages\/24125","targetHints":{"allow":["GET"]}}],"collection":[{"href":"https:\/\/www.sisinternational.com\/de\/wp-json\/wp\/v2\/pages"}],"about":[{"href":"https:\/\/www.sisinternational.com\/de\/wp-json\/wp\/v2\/types\/page"}],"author":[{"embeddable":true,"href":"https:\/\/www.sisinternational.com\/de\/wp-json\/wp\/v2\/users\/1"}],"replies":[{"embeddable":true,"href":"https:\/\/www.sisinternational.com\/de\/wp-json\/wp\/v2\/comments?post=24125"}],"version-history":[{"count":5,"href":"https:\/\/www.sisinternational.com\/de\/wp-json\/wp\/v2\/pages\/24125\/revisions"}],"predecessor-version":[{"id":81747,"href":"https:\/\/www.sisinternational.com\/de\/wp-json\/wp\/v2\/pages\/24125\/revisions\/81747"}],"up":[{"embeddable":true,"href":"https:\/\/www.sisinternational.com\/de\/wp-json\/wp\/v2\/pages\/20148"}],"wp:featuredmedia":[{"embeddable":true,"href":"https:\/\/www.sisinternational.com\/de\/wp-json\/wp\/v2\/media\/64978"}],"wp:attachment":[{"href":"https:\/\/www.sisinternational.com\/de\/wp-json\/wp\/v2\/media?parent=24125"}],"curies":[{"name":"wp","href":"https:\/\/api.w.org\/{rel}","templated":true}]}}