{"id":24010,"date":"2018-02-17T21:19:28","date_gmt":"2018-02-17T21:19:28","guid":{"rendered":"https:\/\/www.sisinternational.com\/?page_id=24010"},"modified":"2026-01-25T16:52:27","modified_gmt":"2026-01-25T21:52:27","slug":"marktforschung-in-new-jersey","status":"publish","type":"page","link":"https:\/\/www.sisinternational.com\/de\/abdeckung\/north-america\/usa-berichterstattung\/marktforschung-in-new-jersey\/","title":{"rendered":"Marktforschung in New Jersey"},"content":{"rendered":"<h1 class=\"wp-block-heading\">Marktforschung in New Jersey<\/h1>\n\n\n\n<figure class=\"gb-block-image gb-block-image-954f35b5\"><img loading=\"lazy\" decoding=\"async\" width=\"1456\" height=\"816\" class=\"gb-image gb-image-954f35b5\" src=\"https:\/\/www.sisinternational.com\/wp-content\/uploads\/2025\/09\/New-Jersey-2.jpg\" alt=\"SIS International Marktforschung &amp; Strategie\" title=\"New Jersey (2)\" srcset=\"https:\/\/www.sisinternational.com\/wp-content\/uploads\/2025\/09\/New-Jersey-2.jpg 1456w, https:\/\/www.sisinternational.com\/wp-content\/uploads\/2025\/09\/New-Jersey-2-300x168.jpg 300w, https:\/\/www.sisinternational.com\/wp-content\/uploads\/2025\/09\/New-Jersey-2-1024x574.jpg 1024w, https:\/\/www.sisinternational.com\/wp-content\/uploads\/2025\/09\/New-Jersey-2-768x430.jpg 768w, https:\/\/www.sisinternational.com\/wp-content\/uploads\/2025\/09\/New-Jersey-2-18x10.jpg 18w\" sizes=\"auto, (max-width: 1456px) 100vw, 1456px\"><\/figure>\n\n\n\n<p><\/p>\n\n\n\n<hr class=\"wp-block-separator has-alpha-channel-opacity is-style-dots\"\/>\n\n\n\n<h2 class=\"wp-block-heading\"><span style=\"font-weight: 400;\">Marktforschung ist in New Jersey ein wichtiges Instrument f\u00fcr Unternehmen, die sich in diesem Wettbewerbsumfeld zurechtfinden, Chancen erkennen und Wachstum vorantreiben m\u00f6chten. <\/span><\/h2>\n\n\n\n<p><span style=\"font-weight: 400;\">Marktforschung in New Jersey ist ein entscheidender Bestandteil jeder Gesch\u00e4ftsstrategie. Aber was genau beinhaltet sie und warum ist sie so wichtig? Unternehmen k\u00f6nnen umsetzbare Erkenntnisse gewinnen, die ihre Strategien verbessern und das Wachstum vorantreiben, indem sie den lokalen Markt verstehen, einschlie\u00dflich Verbraucherpr\u00e4ferenzen, Kaufverhalten und Wettbewerbsumfeld.<\/span><span style=\"font-weight: 400;\">&nbsp;<\/span><\/p>\n\n\n\n<h2 class=\"wp-block-heading\"><span style=\"font-weight: 400;\">Was ist Marktforschung in New Jersey? Warum ist sie wichtig?<\/span><\/h2>\n\n\n\n<p><span style=\"font-weight: 400;\"><a href=\"https:\/\/www.sisinternational.com\/de\/abdeckung\/europa\/marktforschung-jersey-europa\/\" title=\"Marktforschung in Jersey, Europa\"  data-wpil-monitor-id=\"3764\">Marktforschung in New Jersey<\/a> encompasses a range of methodologies and strategies aimed at understanding the unique dynamics of the state&#8217;s diverse market. This process involves collecting and analyzing data about consumer behaviors, market trends, and competitive landscapes. <\/span><\/p>\n\n\n\n<h2 class=\"wp-block-heading\"><span style=\"font-weight: 400;\">Vorteile der Marktforschung in New Jersey<\/span><\/h2>\n\n\n\n<p><span style=\"font-weight: 400;\">Marktforschung in New Jersey bietet zahlreiche Vorteile, die den Erfolg eines Unternehmens erheblich beeinflussen k\u00f6nnen. Bevor wir uns mit den spezifischen Vorteilen befassen, ist es wichtig zu verstehen, dass diese Vorteile auf den umfassenden Erkenntnissen und der strategischen Beratung der Marktforschung beruhen.<\/span><\/p>\n\n\n\n<ul class=\"wp-block-list\">\n<li><b>Informierte Entscheidungsfindung:<\/b><span style=\"font-weight: 400;\"> Durch Marktforschung in New Jersey erhalten Unternehmen datengest\u00fctzte Erkenntnisse, die es ihnen erm\u00f6glichen, fundierte Entscheidungen hinsichtlich ihrer Strategien und Betriebsabl\u00e4ufe zu treffen.<\/span><\/li>\n\n\n\n<li><b>Wettbewerbsvorteil:<\/b><span style=\"font-weight: 400;\"> Durch das Verst\u00e4ndnis des Wettbewerbsumfelds k\u00f6nnen Unternehmen Strategien entwickeln, die sie von ihren Mitbewerbern abheben.<\/span><\/li>\n\n\n\n<li><b>Einblicke der Kunden:<\/b><span style=\"font-weight: 400;\"> Durch Marktforschung in New Jersey werden detaillierte Informationen zu Kundenpr\u00e4ferenzen und -verhalten gewonnen, die Unternehmen dabei helfen, ihre Angebote an die Marktnachfrage anzupassen.<\/span><\/li>\n\n\n\n<li><b>Risikominderung:<\/b><span style=\"font-weight: 400;\"> Durch die Analyse von Markttrends und potenziellen Risiken k\u00f6nnen Unternehmen Strategien entwickeln, um diese Risiken zu mindern und kostspielige Fehler zu vermeiden.<\/span><\/li>\n\n\n\n<li><b>Marktchancen:<\/b> Durch das Erkennen neuer Trends und Chancen k\u00f6nnen Unternehmen neue Marktsegmente erschlie\u00dfen und ihr Wachstum vorantreiben.<\/li>\n<\/ul>\n\n\n\n<h2 class=\"wp-block-heading\"><span style=\"font-weight: 400;\">Wer nutzt in New Jersey Marktforschung?<\/span><\/h2>\n\n\n\n<p><b>Gro\u00dfe Unternehmen<\/b><span style=\"font-weight: 400;\"> verlassen sich h\u00e4ufig auf Marktforschung, um Erkenntnisse \u00fcber das Verbraucherverhalten, die Wettbewerbsdynamik und aufkommende Trends zu gewinnen und so der Konkurrenz immer einen Schritt voraus zu sein.&nbsp;<\/span><\/p>\n\n\n\n<p><b>Kleine und mittlere Unternehmen (KMU)<\/b><span style=\"font-weight: 400;\"> profitieren ebenfalls stark von der Marktforschung in New Jersey. Diese Unternehmen erhalten durch die Marktforschung wichtige Daten, die ihnen helfen, ihre Zielgruppe zu verstehen, ihre Marketingbem\u00fchungen zu optimieren und neue Wachstumschancen zu erkennen.<\/span><\/p>\n\n\n\n<p><b>Gemeinn\u00fctzige Organisationen<\/b><span style=\"font-weight: 400;\"> Und <\/span><b>Regierungsbeh\u00f6rden<\/b><span style=\"font-weight: 400;\"> in New Jersey nutzen Marktforschung, um die von ihnen betreuten Gemeinschaften besser zu verstehen und um Programme und Strategien zu entwickeln, die den Bed\u00fcrfnissen und Vorlieben ihrer Zielgruppen gerecht werden.&nbsp;<\/span><\/p>\n\n\n\n<h2 class=\"wp-block-heading\"><span style=\"font-weight: 400;\">Unser aktueller Markt\u00fcberblick und unsere Empfehlungen<\/span><\/h2>\n\n\n\n<p><span style=\"font-weight: 400;\">We believe that New Jersey&#8217;s market is rapidly evolving. Trends such as the increasing adoption of technology, changing consumer preferences, and the rise of e-commerce are shaping the business landscape.\u00a0<\/span><\/p>\n\n\n\n<p><span style=\"font-weight: 400;\">Die Zukunftsaussichten f\u00fcr den Markt in New Jersey sind vielversprechend. Es wird mit anhaltendem Wirtschaftswachstum und Innovationen gerechnet. Unternehmen, die in das Verst\u00e4ndnis der Marktdynamik und die Anpassung an Ver\u00e4nderungen investieren, haben gute Chancen, erfolgreich zu sein. Wir erwarten einen verst\u00e4rkten Wettbewerb, weshalb es f\u00fcr Unternehmen von entscheidender Bedeutung ist, sich durch innovative Produkte und Dienstleistungen von der Konkurrenz abzuheben.<\/span><\/p>\n\n\n\n<h2 class=\"wp-block-heading\"><span style=\"font-weight: 400;\">Erwartete Ergebnisse der SIS-Marktforschung in New Jersey<\/span><\/h2>\n\n\n\n<figure class=\"gb-block-image gb-block-image-06debd50\"><img loading=\"lazy\" decoding=\"async\" width=\"1456\" height=\"816\" class=\"gb-image gb-image-06debd50\" src=\"https:\/\/www.sisinternational.com\/wp-content\/uploads\/2025\/09\/New-Jersey-3.jpg\" alt=\"SIS International Marktforschung &amp; Strategie\" title=\"New Jersey (3)\" srcset=\"https:\/\/www.sisinternational.com\/wp-content\/uploads\/2025\/09\/New-Jersey-3.jpg 1456w, https:\/\/www.sisinternational.com\/wp-content\/uploads\/2025\/09\/New-Jersey-3-300x168.jpg 300w, https:\/\/www.sisinternational.com\/wp-content\/uploads\/2025\/09\/New-Jersey-3-1024x574.jpg 1024w, https:\/\/www.sisinternational.com\/wp-content\/uploads\/2025\/09\/New-Jersey-3-768x430.jpg 768w, https:\/\/www.sisinternational.com\/wp-content\/uploads\/2025\/09\/New-Jersey-3-18x10.jpg 18w\" sizes=\"auto, (max-width: 1456px) 100vw, 1456px\"><\/figure>\n\n\n\n<p><\/p>\n\n\n\n<p><span style=\"font-weight: 400;\">Durch die Teilnahme an Marktforschung mit SIS International ergeben sich mehrere wichtige Vorteile, darunter:<\/span><\/p>\n\n\n\n<ul class=\"wp-block-list\">\n<li><b>Verbesserte Entscheidungsfindung:<\/b><span style=\"font-weight: 400;\"> Marktforschung in New Jersey liefert Unternehmen zuverl\u00e4ssige Daten und Erkenntnisse, die es ihnen erm\u00f6glichen, fundierte Entscheidungen zu treffen.<\/span><\/li>\n\n\n\n<li><b>Verbesserte Wettbewerbsposition:<\/b><span style=\"font-weight: 400;\"> Durch das Verst\u00e4ndnis des Wettbewerbsumfelds k\u00f6nnen Unternehmen Strategien entwickeln, die sie von der Konkurrenz abheben.<\/span><\/li>\n\n\n\n<li><b>H\u00f6here Kundenzufriedenheit:<\/b><span style=\"font-weight: 400;\"> Durch Einblicke in die Vorlieben und Verhaltensweisen der Kunden k\u00f6nnen Unternehmen ihre Angebote an die Marktnachfrage anpassen.<\/span><\/li>\n\n\n\n<li><b>Risikomanagement:<\/b><span style=\"font-weight: 400;\"> Durch die Identifizierung potenzieller Risiken und Herausforderungen k\u00f6nnen Unternehmen Strategien entwickeln, um diese wirksam zu mindern.<\/span><\/li>\n\n\n\n<li><b>Markterweiterung:<\/b><span style=\"font-weight: 400;\"> Durch das Verst\u00e4ndnis von Markttrends und -chancen k\u00f6nnen Unternehmen neue Marktsegmente erschlie\u00dfen und das Wachstum vorantreiben.<\/span><\/li>\n\n\n\n<li><b>Innovation:<\/b><span style=\"font-weight: 400;\"> Marktforschung f\u00f6rdert Innovationen, indem sie unerf\u00fcllte Bed\u00fcrfnisse und aufkommende Trends aufzeigt und so die Entwicklung neuer Produkte und Dienstleistungen steuert.<\/span><\/li>\n<\/ul>\n\n\n\n<h2 class=\"wp-block-heading\"><span style=\"font-weight: 400;\">Wichtigste Touristenattraktionen in New Jersey<\/span><\/h2>\n\n\n\n<p><span style=\"font-weight: 400;\">New Jersey hat zahlreiche Touristenattraktionen, die Besucher aus aller Welt anziehen. Diese Attraktionen unterstreichen die reiche Geschichte und das kulturelle Erbe des Staates und tragen wesentlich zu seiner Wirtschaft bei.<\/span><\/p>\n\n\n\n<ul class=\"wp-block-list\">\n<li><b>Atlantische Stadt:<\/b><span style=\"font-weight: 400;\"> Atlantic City ist f\u00fcr seine belebte Strandpromenade, sein pulsierendes Nachtleben und seine Weltklasse-Casinos bekannt und ist ein wichtiges Touristenziel mit einem breiten Unterhaltungs- und Freizeitangebot.<\/span><\/li>\n\n\n\n<li><b>Liberty State Park:<\/b><span style=\"font-weight: 400;\"> Dieser Park in Jersey City bietet einen atemberaubenden Blick auf die Freiheitsstatue und Ellis Island. Es ist ein beliebter Ort f\u00fcr Picknicks, Angeln und die Erkundung historischer Sehensw\u00fcrdigkeiten.<\/span><\/li>\n\n\n\n<li><b>Kapstadt:<\/b><span style=\"font-weight: 400;\"> Diese K\u00fcstenstadt ist ber\u00fchmt f\u00fcr ihre viktorianische Architektur, unber\u00fchrten Str\u00e4nde und ihre lebendige Kunstszene. Mit ihrer einzigartigen Mischung aus Geschichte und nat\u00fcrlicher Sch\u00f6nheit zieht sie das ganze Jahr \u00fcber Besucher an.<\/span><\/li>\n\n\n\n<li><b>Gro\u00dfes Abenteuer in Six Flags:<\/b><span style=\"font-weight: 400;\"> Dieser Vergn\u00fcgungspark in Jackson bietet aufregende Fahrgesch\u00e4fte, einen Safaripark und familienfreundliche Attraktionen und ist damit ein beliebtes Ziel f\u00fcr Abenteuerlustige.<\/span><\/li>\n\n\n\n<li><b>Princeton Universit\u00e4t:<\/b><span style=\"font-weight: 400;\"> Als eine der \u00e4ltesten und renommiertesten Universit\u00e4ten der USA bietet die Princeton University F\u00fchrungen durch ihren historischen Campus an, einschlie\u00dflich der ber\u00fchmten Nassau Hall und des Princeton University Art Museum.<\/span><\/li>\n<\/ul>\n\n\n\n<h2 class=\"wp-block-heading\"><span style=\"font-weight: 400;\">Marktf\u00fchrer<\/span><\/h2>\n\n\n\n<p><span style=\"font-weight: 400;\">Einer der wichtigsten Markttreiber in New Jersey ist die <\/span><b>strategischer Ort<\/b><span style=\"font-weight: 400;\">. Die N\u00e4he zu gro\u00dfen Metropolen wie New York City und Philadelphia bietet Unternehmen Zugang zu gro\u00dfen Verbraucherm\u00e4rkten, qualifizierten Arbeitskr\u00e4ften und einer hervorragenden Verkehrsinfrastruktur. Diese vorteilhafte Lage f\u00f6rdert die Wirtschaftst\u00e4tigkeit und zieht Investitionen an.<\/span><\/p>\n\n\n\n<p><span style=\"font-weight: 400;\">Ein weiterer wichtiger Treiber ist <\/span><b>Innovation und Technologie<\/b><span style=\"font-weight: 400;\">. New Jersey verf\u00fcgt \u00fcber zahlreiche Technologiezentren und Forschungseinrichtungen, die Fortschritte in verschiedenen Sektoren vorantreiben, darunter Pharmazeutik, Biotechnologie und Informationstechnologie. Unternehmen, die diese Innovationen nutzen, k\u00f6nnen sich einen Wettbewerbsvorteil verschaffen und das Wachstum vorantreiben.<\/span><\/p>\n\n\n\n<p><b>Eine vielf\u00e4ltige und qualifizierte Belegschaft<\/b><span style=\"font-weight: 400;\"> ist ebenfalls ein wichtiger Markttreiber. Die Arbeitskr\u00e4fte in New Jersey sind f\u00fcr ihr hohes Bildungsniveau und ihre Fachkompetenz in verschiedenen Branchen bekannt. Dieser Talentpool erm\u00f6glicht es den Unternehmen, hohe Produktivit\u00e4ts- und Innovationsstandards aufrechtzuerhalten.<\/span><\/p>\n\n\n\n<p><span style=\"font-weight: 400;\">Endlich, <\/span><b>staatliche Anreize und Unterst\u00fctzung<\/b><span style=\"font-weight: 400;\"> sind entscheidend f\u00fcr den Markterfolg. New Jersey bietet verschiedene Steueranreize, Zusch\u00fcsse und F\u00f6rderprogramme, um Unternehmen anzuziehen und zu halten. Diese Anreize tragen zur Senkung der Betriebskosten bei und f\u00f6rdern das Unternehmenswachstum und die Expansion.<\/span><\/p>\n\n\n\n<h2 class=\"wp-block-heading\"><span style=\"font-weight: 400;\">Marktbeschr\u00e4nkungen<\/span><\/h2>\n\n\n\n<p><span style=\"font-weight: 400;\">Der <\/span><b>hohe Lebenshaltungskosten und Gesch\u00e4ftskosten stellen eine Einschr\u00e4nkung dar. <\/b>Die N\u00e4he des Staates zu gro\u00dfen Ballungsr\u00e4umen tr\u00e4gt zu einer h\u00f6heren <span style=\"font-weight: 400;\">Immobilien-, Personal- und andere Betriebskosten. Unternehmen m\u00fcssen ihre Ressourcen sorgf\u00e4ltig verwalten und ihre Abl\u00e4ufe optimieren, um trotz dieser h\u00f6heren Kosten wettbewerbsf\u00e4hig zu bleiben.<\/span><\/p>\n\n\n\n<p><b>Regulatorische Herausforderungen<\/b><span style=\"font-weight: 400;\"> stellen ebenfalls eine Einschr\u00e4nkung f\u00fcr Unternehmen in New Jersey dar. Der Staat verf\u00fcgt \u00fcber ein komplexes regulatorisches Umfeld mit verschiedenen Gesetzen und Vorschriften, die Unternehmen einhalten m\u00fcssen. Die Einhaltung dieser Vorschriften kann zeitaufw\u00e4ndig und kostspielig sein, insbesondere f\u00fcr kleinere Unternehmen, denen m\u00f6glicherweise die Ressourcen fehlen, um umfangreiche Compliance-Anforderungen zu erf\u00fcllen.<\/span><\/p>\n\n\n\n<p><b>Wettbewerb<\/b><span style=\"font-weight: 400;\"> ist ein weiteres gro\u00dfes Hindernis. New Jerseys strategische Lage und wirtschaftliche M\u00f6glichkeiten ziehen viele Unternehmen an, was zu einem \u00e4u\u00dferst wettbewerbsintensiven Markt f\u00fchrt.<\/span><\/p>\n\n\n\n<h2 class=\"wp-block-heading\"><span style=\"font-weight: 400;\">Marktforschung in New Jersey: SWOT-Analyse&nbsp;<\/span><\/h2>\n\n\n\n<figure class=\"gb-block-image gb-block-image-849fcc4c\"><img loading=\"lazy\" decoding=\"async\" width=\"1456\" height=\"816\" class=\"gb-image gb-image-849fcc4c\" src=\"https:\/\/www.sisinternational.com\/wp-content\/uploads\/2025\/09\/New-Jersey-1.jpg\" alt=\"SIS International Marktforschung &amp; Strategie\" title=\"New Jersey (1)\" srcset=\"https:\/\/www.sisinternational.com\/wp-content\/uploads\/2025\/09\/New-Jersey-1.jpg 1456w, https:\/\/www.sisinternational.com\/wp-content\/uploads\/2025\/09\/New-Jersey-1-300x168.jpg 300w, https:\/\/www.sisinternational.com\/wp-content\/uploads\/2025\/09\/New-Jersey-1-1024x574.jpg 1024w, https:\/\/www.sisinternational.com\/wp-content\/uploads\/2025\/09\/New-Jersey-1-768x430.jpg 768w, https:\/\/www.sisinternational.com\/wp-content\/uploads\/2025\/09\/New-Jersey-1-18x10.jpg 18w\" sizes=\"auto, (max-width: 1456px) 100vw, 1456px\"><\/figure>\n\n\n\n<p><\/p>\n\n\n\n<p><span style=\"font-weight: 400;\">Die Durchf\u00fchrung einer SWOT-Analyse hilft Unternehmen dabei, die Attraktivit\u00e4t des Marktes in New Jersey zu bewerten, indem ihre St\u00e4rken, Schw\u00e4chen, Chancen und Risiken identifiziert werden. Diese Analyse bietet einen umfassenden \u00dcberblick \u00fcber das Marktumfeld und dient als Orientierung f\u00fcr die strategische Planung.<\/span><\/p>\n\n\n\n<p><strong>St\u00e4rken:<\/strong><\/p>\n\n\n\n<p><span style=\"font-weight: 400;\">New Jerseys strategische Lage, qualifizierte Arbeitskr\u00e4fte und robuste Infrastruktur sind wesentliche St\u00e4rken, die den Markt f\u00fcr Unternehmen attraktiv machen. Die N\u00e4he des Staates zu Gro\u00dfst\u00e4dten, ausgedehnte Verkehrsnetze und der Zugang zu einem vielf\u00e4ltigen Talentpool verschaffen Unternehmen einen Wettbewerbsvorteil. Dar\u00fcber hinaus treiben New Jerseys Innovationszentren und Forschungseinrichtungen den technologischen Fortschritt voran und f\u00f6rdern eine Innovationskultur.<\/span><\/p>\n\n\n\n<p><strong>Schw\u00e4chen:<\/strong><\/p>\n\n\n\n<p><span style=\"font-weight: 400;\">The high cost of living and doing business, and regulatory challenges are notable weaknesses. These factors can increase operational costs and create barriers to entry for new businesses. Companies must develop strategies to manage these costs and navigate the regulatory landscape effectively.<\/span><\/p>\n\n\n\n<p><strong>Gelegenheiten:<\/strong><\/p>\n\n\n\n<p><span style=\"font-weight: 400;\">New Jersey bietet zahlreiche Wachstumsm\u00f6glichkeiten, insbesondere in den Bereichen Technologie, Gesundheitswesen und Pharmazeutik. Neue Trends in diesen Branchen schaffen in Verbindung mit staatlichen Anreizen und F\u00f6rderprogrammen ein g\u00fcnstiges Umfeld f\u00fcr Gesch\u00e4ftsexpansion und Innovation. Unternehmen k\u00f6nnen auch neue Marktsegmente erschlie\u00dfen und die vielf\u00e4ltige Verbraucherbasis des Staates nutzen, um ihr Wachstum voranzutreiben.<\/span><\/p>\n\n\n\n<p><strong>Bedrohungen:<\/strong><\/p>\n\n\n\n<p><span style=\"font-weight: 400;\">Intensiver Wettbewerb und Konjunkturschwankungen stellen f\u00fcr Unternehmen in New Jersey eine erhebliche Bedrohung dar. Unternehmen m\u00fcssen wachsam und anpassungsf\u00e4hig bleiben, um der Konkurrenz einen Schritt voraus zu sein und die Auswirkungen wirtschaftlicher Abschw\u00fcnge abzumildern. Dar\u00fcber hinaus k\u00f6nnen regulatorische \u00c4nderungen und sich ver\u00e4ndernde Marktbedingungen Unsicherheiten und Herausforderungen schaffen, die Unternehmen bew\u00e4ltigen m\u00fcssen.<\/span><\/p>\n\n\n\n<h2 class=\"wp-block-heading\"><span style=\"font-weight: 400;\">Wie die Marktforschung von SIS International in New Jersey Unternehmen hilft<\/span><\/h2>\n\n\n\n<p><span style=\"font-weight: 400;\">Die Marktforschungsdienste von SIS International in New Jersey bieten Unternehmen umfassende Unterst\u00fctzung und helfen ihnen, die Komplexit\u00e4t des Marktes in New Jersey zu meistern und ihre strategischen Ziele zu erreichen. Unsere Expertise in der Marktforschung liefert Unternehmen wertvolle Erkenntnisse, die Wachstum und Innovation f\u00f6rdern.<\/span><\/p>\n\n\n\n<p><b>Risikominderung:<\/b><span style=\"font-weight: 400;\">&nbsp;<\/span><\/p>\n\n\n\n<p><span style=\"font-weight: 400;\">Durchf\u00fchrung einer gr\u00fcndlichen Marktforschung, <\/span><a href=\"https:\/\/twitter.com\/SISIntlResearch\" target=\"_blank\" rel=\"noopener\"><span style=\"font-weight: 400;\">SIS<\/span><\/a><span style=\"font-weight: 400;\"> hilft Unternehmen, potenzielle Risiken zu erkennen und Minderungsstrategien zu entwickeln. Das Verst\u00e4ndnis der Marktdynamik und des Verbraucherverhaltens erm\u00f6glicht es Unternehmen, fundierte Entscheidungen zu treffen, die Unsicherheiten minimieren und die Stabilit\u00e4t erh\u00f6hen.<\/span><\/p>\n\n\n\n<p><b>Umsatzsteigerung:<\/b><span style=\"font-weight: 400;\">&nbsp;<\/span><\/p>\n\n\n\n<p><span style=\"font-weight: 400;\">Unsere Marktforschungsdienste in New Jersey erm\u00f6glichen es Unternehmen, neue M\u00f6glichkeiten zu entdecken und ihre Strategien zur Umsatzsteigerung zu optimieren. Durch die Analyse von Markttrends und Kundenpr\u00e4ferenzen liefern wir umsetzbare Erkenntnisse, die Unternehmen dabei helfen, Produkte und Dienstleistungen zu entwickeln, die der Marktnachfrage entsprechen.<\/span><\/p>\n\n\n\n<p><b>Einsparma\u00dfnahmen:<\/b><span style=\"font-weight: 400;\">&nbsp;<\/span><\/p>\n\n\n\n<p><span style=\"font-weight: 400;\">Marktforschung hilft Unternehmen, ihre Betriebsabl\u00e4ufe zu rationalisieren und Ressourcen effizienter einzusetzen. Durch das Verst\u00e4ndnis der Marktbedingungen und der Wettbewerbsdynamik k\u00f6nnen Unternehmen kostspielige Fehler vermeiden und sich auf wirkungsvolle Initiativen konzentrieren, die das Wachstum vorantreiben.<\/span><\/p>\n\n\n\n<p><b>Zeitersparnis:<\/b><span style=\"font-weight: 400;\">&nbsp;<\/span><\/p>\n\n\n\n<p><span style=\"font-weight: 400;\"><a href=\"https:\/\/www.linkedin.com\/company\/sisinternationalresearch\/\" target=\"_blank\" rel=\"noopener\">SIS International<\/a>Die Expertise und Ressourcen von erm\u00f6glichen es Unternehmen, Marktforschung effizienter durchzuf\u00fchren. Unsere umfassenden Analysen und strategischen Empfehlungen sparen Unternehmen Zeit und Aufwand, sodass sie sich auf ihr Kerngesch\u00e4ft und ihre strategischen Initiativen konzentrieren k\u00f6nnen.<\/span><\/p>\n\n\n\n<p><b>Beschleunigtes Wachstum und Innovation:<\/b><span style=\"font-weight: 400;\">&nbsp;<\/span><\/p>\n\n\n\n<p><span style=\"font-weight: 400;\">Durch die Nutzung unserer Marktforschungsdienste k\u00f6nnen Unternehmen Markttrends voraus sein und Innovationen vorantreiben. Unsere Erkenntnisse \u00fcber neue Chancen und Verbraucherbed\u00fcrfnisse leiten die Entwicklung neuer Produkte und Dienstleistungen, die das Wachstum ankurbeln und die Wettbewerbsf\u00e4higkeit steigern.<\/span><\/p>\n\n\n\n<p><b>Verbesserter ROI:<\/b><span style=\"font-weight: 400;\">&nbsp;<\/span><\/p>\n\n\n\n<p><span style=\"font-weight: 400;\">Wir bieten Unternehmen eine hohe Kapitalrendite, indem wir umsetzbare Erkenntnisse liefern, die strategische Entscheidungen vorantreiben. Unternehmen k\u00f6nnen ihre Marketing-, Produktentwicklungs- und Betriebsstrategien optimieren, um bessere Ergebnisse und eine h\u00f6here Rentabilit\u00e4t zu erzielen.<\/span><\/p>\n\n\n\n<h2 class=\"wp-block-heading\"><span style=\"font-weight: 400;\">\u00dcber SIS International<\/span><\/h2>\n\n\n\n<p><a href=\"https:\/\/www.sisinternational.com\/de\/\"><span style=\"font-weight: 400;\">SIS International<\/span><\/a><span style=\"font-weight: 400;\"> bietet quantitative, qualitative und strategische Forschung an. Wir liefern Daten, Tools, Strategien, Berichte und Erkenntnisse zur Entscheidungsfindung. Wir f\u00fchren auch Interviews, Umfragen, Fokusgruppen und andere Methoden und Ans\u00e4tze der Marktforschung durch.<\/span><a href=\"https:\/\/www.sisinternational.com\/de\/uber-sis-international-research\/contact-sis-international-market-research\/\"><span style=\"font-weight: 400;\"> Kontakt<\/span><\/a><span style=\"font-weight: 400;\"> f\u00fcr Ihr n\u00e4chstes Marktforschungsprojekt.<\/span><\/p>\n\n\n\n<h2 class=\"wp-block-heading\">&nbsp;<\/h2>","protected":false},"excerpt":{"rendered":"<p>SIS stellt f\u00fcr Marktforschung und Fokusgruppen in New Jersey ein leistungsstarkes Team f\u00fcr Feldarbeit und Datenerfassung sowie Einrichtungen und Ressourcen bereit.<\/p>","protected":false},"author":1,"featured_media":66952,"parent":19303,"menu_order":6,"comment_status":"closed","ping_status":"closed","template":"","meta":{"footnotes":""},"class_list":["post-24010","page","type-page","status-publish","has-post-thumbnail"],"_links":{"self":[{"href":"https:\/\/www.sisinternational.com\/de\/wp-json\/wp\/v2\/pages\/24010","targetHints":{"allow":["GET"]}}],"collection":[{"href":"https:\/\/www.sisinternational.com\/de\/wp-json\/wp\/v2\/pages"}],"about":[{"href":"https:\/\/www.sisinternational.com\/de\/wp-json\/wp\/v2\/types\/page"}],"author":[{"embeddable":true,"href":"https:\/\/www.sisinternational.com\/de\/wp-json\/wp\/v2\/users\/1"}],"replies":[{"embeddable":true,"href":"https:\/\/www.sisinternational.com\/de\/wp-json\/wp\/v2\/comments?post=24010"}],"version-history":[{"count":26,"href":"https:\/\/www.sisinternational.com\/de\/wp-json\/wp\/v2\/pages\/24010\/revisions"}],"predecessor-version":[{"id":77956,"href":"https:\/\/www.sisinternational.com\/de\/wp-json\/wp\/v2\/pages\/24010\/revisions\/77956"}],"up":[{"embeddable":true,"href":"https:\/\/www.sisinternational.com\/de\/wp-json\/wp\/v2\/pages\/19303"}],"wp:featuredmedia":[{"embeddable":true,"href":"https:\/\/www.sisinternational.com\/de\/wp-json\/wp\/v2\/media\/66952"}],"wp:attachment":[{"href":"https:\/\/www.sisinternational.com\/de\/wp-json\/wp\/v2\/media?parent=24010"}],"curies":[{"name":"wp","href":"https:\/\/api.w.org\/{rel}","templated":true}]}}