{"id":24000,"date":"2018-02-17T20:35:28","date_gmt":"2018-02-17T20:35:28","guid":{"rendered":"https:\/\/www.sisinternational.com\/?page_id=24000"},"modified":"2026-01-27T15:20:10","modified_gmt":"2026-01-27T20:20:10","slug":"preis-und-wettbewerbsanalyse-im-einzelhandel","status":"publish","type":"page","link":"https:\/\/www.sisinternational.com\/de\/sachverstand\/preis-und-wettbewerbsanalyse-im-einzelhandel\/","title":{"rendered":"Einzelhandelspreise und Wettbewerbsanalyse"},"content":{"rendered":"<h1 class=\"wp-block-heading\"><span style=\"font-weight: 400;\">Preis- und Wettbewerbsanalyse im Einzelhandel<\/span><\/h1>\n\n\n\n<figure class=\"gb-block-image gb-block-image-e14217f6\"><img loading=\"lazy\" decoding=\"async\" width=\"1456\" height=\"816\" class=\"gb-image gb-image-e14217f6\" src=\"https:\/\/www.sisinternational.com\/wp-content\/uploads\/2025\/08\/Retail-7.jpg\" alt=\"SIS International Marktforschung &amp; Strategie\" title=\"Retail (7)\" srcset=\"https:\/\/www.sisinternational.com\/wp-content\/uploads\/2025\/08\/Retail-7.jpg 1456w, https:\/\/www.sisinternational.com\/wp-content\/uploads\/2025\/08\/Retail-7-300x168.jpg 300w, https:\/\/www.sisinternational.com\/wp-content\/uploads\/2025\/08\/Retail-7-1024x574.jpg 1024w, https:\/\/www.sisinternational.com\/wp-content\/uploads\/2025\/08\/Retail-7-768x430.jpg 768w, https:\/\/www.sisinternational.com\/wp-content\/uploads\/2025\/08\/Retail-7-18x10.jpg 18w\" sizes=\"auto, (max-width: 1456px) 100vw, 1456px\"><\/figure>\n\n\n\n<p><\/p>\n\n\n\n<h3 class=\"wp-block-heading\"><span style=\"font-weight: 400;\">SIS provides comprehensive retail pricing and competitive analysis and strategy to understand the pricing and brand perceptions consumers hold. &nbsp;A core purpose of our retail research projects is to understand where in the minds of consumers do competing brands stand at various price points. \u200b<\/span><\/h3>\n\n\n\n<h3 class=\"wp-block-heading\">Erkundete Gebiete\u200b<\/h3>\n\n\n\n<ul class=\"wp-block-list\">\n<li>Wie sind die Preise der verschiedenen Marken in den untersuchten M\u00e4rkten?\u200b<\/li>\n\n\n\n<li>Wo stehen Marken im Vergleich zu Konkurrenzmarken?\u200b<\/li>\n\n\n\n<li>Welche Markenattribute selbst sollten bei der Preisgestaltung ber\u00fccksichtigt werden?\u200b<\/li>\n\n\n\n<li>Wie ist die Psychodemografie von Kunden und Nicht-Kunden?\u200b<\/li>\n\n\n\n<li>Welche Motivationen, Verhaltensweisen und Einstellungen der Kunden werden bestimmten demografischen Profilen (z. B. Alter, Einkommen, Geschlecht) zugeschrieben?<\/li>\n\n\n\n<li>What is the market and psychological environment of stores (i.e., what other stores exist in close proximity that may impact purchasing decisions by customers?\u200b<\/li>\n\n\n\n<li>Welche potenziellen M\u00f6glichkeiten gibt es bei der Markenpositionierung sowohl f\u00fcr die untersuchten M\u00e4rkte als auch f\u00fcr zus\u00e4tzliche M\u00e4rkte, in denen ihre Franchise-Marken zu finden sind?\u200b<\/li>\n\n\n\n<li>Welche zus\u00e4tzlichen Strategien stehen zur Positionierung ihrer Marken zur Verf\u00fcgung?\u200b<\/li>\n<\/ul>\n\n\n\n<p><span style=\"font-weight: 400;\">With these and other questions explored, SIS often develops key pricing, positioning, brand-related, and competitive-recommended positions. \u00a0We help our clients to develop a robust and accurate pricing strategy for their brands. \u00a0<\/span><\/p>\n\n\n\n<h3 class=\"wp-block-heading\"><span style=\"font-weight: 400;\"><strong>Die Auswirkungen betreffen jeden Aspekt einer typischen Preisstrategie:<\/strong> <\/span><\/h3>\n\n\n\n<div class=\"table-1\">\n<table>\n<tbody>\n<tr>\n<td width=\"399\"><strong>Develop <\/strong><a href=\"https:\/\/www.sisinternational.com\/de\/so-fuhren-sie-eine-wettbewerbsanalyse-durch\/\" title=\"Wettbewerbsanalyse im Marketing\"  data-wpil-monitor-id=\"7280\">Marketing Strategy \u200bMarketing Analysis<\/a>, Consumer Segmentation, Consumer Targeting and Brand Positioning. \u200b<\/td>\n<td width=\"399\"><em>SIS f\u00fchrt eine psychografische Segmentierung der Verbraucher durch und positioniert Marken \u00fcber eine Reihe spezifischer Preispunkte<\/em>\u200b<\/td>\n<\/tr>\n<tr>\n<td width=\"399\"><strong>Treffen Sie Entscheidungen zum Marketing-Mix <\/strong>\u200bDefinieren Sie das Produkt, den Vertrieb und die Werbetaktiken \u200b<\/td>\n<td width=\"399\"><em>SIS bietet Einblick in die Markenattribute bestimmter Marken in der Denkweise der Verbraucher, insbesondere in <\/em>\u200b<em>ein stark wettbewerbsorientiertes Umfeld, in dem konkurrierende Marken dicht beieinander agieren<\/em>\u200b<\/td>\n<\/tr>\n<tr>\n<td width=\"399\"><strong>Estimate the <a href=\"https:\/\/www.sisinternational.com\/de\/losungen\/qualitative-quantitative-forschungslosungen\/pricing-and-demand-analysis\/\" title=\"Pricing and Demand Analysis\"  data-wpil-monitor-id=\"977\">Demand Curve\u200bUnderstand how quantity demanded varies with price<\/a><\/td>\n<td width=\"399\"><em>Durch die Verkn\u00fcpfung einer quantitativeren Preisstrategie mit psychografischen Profilen der Verbraucher sind wir in der Lage, eine Nachfrageelastizit\u00e4tskurve f\u00fcr die verschiedenen Marken zu entwickeln.<\/em>\u200b<\/td>\n<\/tr>\n<tr>\n<td width=\"399\"><strong>Umweltfaktoren verstehen<\/strong>\u200bBewerten Sie wahrscheinliche Aktionen der Konkurrenz, verstehen Sie rechtliche Einschr\u00e4nkungen usw.\u200b<\/td>\n<td width=\"399\"><em>Fotografische und tagebuchbasierte Erfassung von Umgebungsfaktoren wie Gesch\u00e4ften in der N\u00e4he und ethnographische Forschung einschlie\u00dflich der Profilerstellung von Konsumenten in bestimmten Gesch\u00e4ften (z. B. Geschlecht, Alter usw.)]<\/em>\u200b<\/td>\n<\/tr>\n<tr>\n<td width=\"399\"><strong>Preise festlegen <\/strong>\u200bW\u00e4hlen Sie anhand der in den obigen Schritten gesammelten Informationen eine Preismethode aus, entwickeln Sie die Preisstruktur und legen Sie Rabatte fest.\u200b<\/td>\n<td width=\"399\"><em>Mit diesen ausgew\u00e4hlten Informationen m\u00f6chte SIS vorl\u00e4ufige Preisempfehlungen f\u00fcr verschiedene untersuchte Marken erstellen.<\/em>\u200b<\/td>\n<\/tr>\n<\/tbody>\n<\/table>\n<\/div>\n\n\n\n<p><span style=\"font-weight: 400;\"><br>Ein m\u00f6glicher Rahmen, den wir verwenden k\u00f6nnten, ist der folgende:<\/span><\/p>\n\n\n\n<h3 class=\"wp-block-heading\"><b>Phase 1 &nbsp;Secondary Research <\/b><\/h3>\n\n\n\n<p><span style=\"font-weight: 400;\">SIS conducts secondary research to uncover trends and the reasons behind certain trends. \u00a0The secondary desk research can achieve the following:<\/span><\/p>\n\n\n\n<ul class=\"wp-block-list\">\n<li><span style=\"font-weight: 400;\"> \u00a0\u00a0\u00a0\u00a0\u00a0\u00a0\u00a0\u00a0<\/span><span style=\"font-weight: 400;\">Identifizieren und quantifizieren Sie die Gr\u00f6\u00dfe des Marktes<\/span><\/li>\n\n\n\n<li><span style=\"font-weight: 400;\"> \u00a0\u00a0\u00a0\u00a0\u00a0\u00a0\u00a0\u00a0<\/span><span style=\"font-weight: 400;\">J\u00e4hrliche Wachstumsrate \/ Wachstumspotenzial ermitteln?<\/span><\/li>\n\n\n\n<li><span style=\"font-weight: 400;\"> \u00a0\u00a0\u00a0\u00a0\u00a0\u00a0\u00a0\u00a0<\/span><span style=\"font-weight: 400;\">Identifizieren Sie die Marktsegmentierung<\/span><\/li>\n\n\n\n<li><span style=\"font-weight: 400;\"> \u00a0\u00a0\u00a0\u00a0\u00a0\u00a0\u00a0\u00a0<\/span><span style=\"font-weight: 400;\">Identifizieren Sie die aktuellen Spieler\/Konkurrenten, das Vertriebsmodell der Wettbewerber,<\/span><\/li>\n\n\n\n<li><span style=\"font-weight: 400;\"> \u00a0\u00a0\u00a0\u00a0\u00a0\u00a0\u00a0\u00a0<\/span><span style=\"font-weight: 400;\">F\u00fchren Sie eine SWOT-Analyse des gesamten Baumarktmarktes durch <\/span><\/li>\n\n\n\n<li><span style=\"font-weight: 400;\"> \u00a0\u00a0\u00a0\u00a0\u00a0\u00a0\u00a0\u00a0<\/span><span style=\"font-weight: 400;\">Nachfragetrend und Gebietsbeschreibung (Nachfragemodell)<\/span><\/li>\n\n\n\n<li><span style=\"font-weight: 400;\"> \u00a0\u00a0\u00a0\u00a0\u00a0\u00a0\u00a0\u00a0<\/span><span style=\"font-weight: 400;\">Versorgungsstatus \u2013 Einzelhandel (Versorgungsmodell)<\/span><\/li>\n\n\n\n<li><span style=\"font-weight: 400;\"> \u00a0\u00a0\u00a0\u00a0\u00a0\u00a0\u00a0\u00a0<\/span><span style=\"font-weight: 400;\">Ermittlung der Netto-Effektivnachfrage (Integration des Angebots-Nachfragemodells)<\/span><\/li>\n\n\n\n<li><span style=\"font-weight: 400;\"> \u00a0\u00a0\u00a0\u00a0\u00a0\u00a0\u00a0\u00a0<\/span><span style=\"font-weight: 400;\">Nachfrageprognosen (basierend auf zuk\u00fcnftigen Markttrends)<\/span><\/li>\n\n\n\n<li><span style=\"font-weight: 400;\"> \u00a0\u00a0\u00a0\u00a0\u00a0\u00a0\u00a0\u00a0<\/span><span style=\"font-weight: 400;\">Einzelhandelsvertriebsmodell \u2013 Einzelh\u00e4ndler f\u00fcr Baumaterialien\/-produkte.<\/span><\/li>\n\n\n\n<li><span style=\"font-weight: 400;\"> \u00a0\u00a0\u00a0\u00a0\u00a0\u00a0\u00a0\u00a0<\/span><span style=\"font-weight: 400;\">Sch\u00e4tzen Sie die L\u00fccke oder den \u00dcberschuss<\/span><\/li>\n\n\n\n<li><span style=\"font-weight: 400;\"> \u00a0\u00a0\u00a0\u00a0\u00a0\u00a0\u00a0\u00a0<\/span><span style=\"font-weight: 400;\">F\u00fchren Sie eine Risiko- und Minderungsanalyse durch<\/span><\/li>\n<\/ul>\n\n\n\n<h3 class=\"wp-block-heading\"><b>Phase II &nbsp;Qualitative Research<\/b><\/h3>\n\n\n\n<p><span style=\"font-weight: 400;\">Consumer Interviews can be done virtually or in-person. &nbsp;Another popular Qualitative research method is Focus Groups. &nbsp;This phase provides depth of knowledge into unmet customer needs and potential competitive threats. &nbsp;B2B experts can also be interviewed for insights into sales, distribution, expertise and forecasts. &nbsp;We collaborate with our clients during each process, and this can be an iterative process.<\/span><\/p>\n\n\n\n<h3 class=\"wp-block-heading\"><b>Phase III &nbsp;Quantitative Intercepts<\/b><\/h3>\n\n\n\n<p><span style=\"font-weight: 400;\">SIS may develop a questionnaire in collaboration with our clients to understand the perceptions, behaviors and purchase decision-making process of consumers in the local markets. The surveys quantify consumer insights and allow the study to understand the prevalence of these insights. \u00a0\u00a0<\/span><\/p>\n\n\n\n<p><b>Allgemeine Ziele<\/b><span style=\"font-weight: 400;\">\u200b<\/span><\/p>\n\n\n\n<ul class=\"wp-block-list\">\n<li><span style=\"font-weight: 400;\">Psychografik der Verbraucher<\/span><\/li>\n\n\n\n<li><span style=\"font-weight: 400;\">Nicht-Konsumenten-Psychografie\u200b<\/span><\/li>\n\n\n\n<li><span style=\"font-weight: 400;\">Markenwahrnehmung-Kundenprofil\u200b<\/span><\/li>\n\n\n\n<li><span style=\"font-weight: 400;\">Non-brand Perception Non-Customer profile\u200b<\/span><\/li>\n\n\n\n<li><span style=\"font-weight: 400;\">Markenwahrnehmung durch Verbraucher<\/span><\/li>\n\n\n\n<li><span style=\"font-weight: 400;\">Consumer Behaviors and purchase decision making process\u200b<\/span><\/li>\n\n\n\n<li><span style=\"font-weight: 400;\">Vom Verbraucher bevorzugte Markenattribute im Verh\u00e4ltnis zum Preis\u200b<\/span><\/li>\n<\/ul>\n\n\n\n<p><strong>Diese quantitative Phase liefert wertvolle Daten und Messungen zu: &nbsp;<\/strong><\/p>\n\n\n\n<ul class=\"wp-block-list\">\n<li><span style=\"font-weight: 400;\">Markenpreispunkte<\/span><\/li>\n\n\n\n<li><span style=\"font-weight: 400;\">Differences in pricing by malls, shopping centers, and other retail locations<\/span><\/li>\n\n\n\n<li><span style=\"font-weight: 400;\">Vergleichen Sie die Markenpreise mit internen Marken und Marken der Konkurrenz.<\/span><\/li>\n\n\n\n<li><span style=\"font-weight: 400;\">Unterschiede zwischen Kundensegmenten<\/span><\/li>\n<\/ul>\n\n\n\n<h3 class=\"wp-block-heading\"><b>Phase IV &nbsp;&nbsp;Pricing &amp; Strategic Analysis<\/b><\/h3>\n\n\n\n<p><span style=\"font-weight: 400;\">The last phase synthesizes the data collected from Phase I &#8211; III\u200b. \u00a0The core objective of this phase is to synthesize all research completed (primary and secondary) and position intelligence within a clear metrics-based framework. \u00a0Benchmarks are a key part of SIS\u2019s intelligence gathering and analysis, as this can be further leveraged for additional analysis (e.g., in future years and\/or across other countries).\u200b \u00a0<\/span><\/p>\n\n\n\n<h2 class=\"wp-block-heading\"><a href=\"https:\/\/www.sisinternational.com\/de\/about-sis\/contact-sis-international-market-research\/\">Kontaktieren Sie uns, um zu erfahren, wie wir Ihrem Unternehmen beim Wachstum helfen k\u00f6nnen.<\/a><\/h2>\n\n\n\n<p><\/p>","protected":false},"excerpt":{"rendered":"<p>SIS bietet umfassende Analysen und Strategien zu Einzelhandelspreisen und der Konkurrenz, um die Preis- und Markenwahrnehmung der Verbraucher zu verstehen. \u00a0<\/p>","protected":false},"author":1,"featured_media":62510,"parent":14514,"menu_order":22,"comment_status":"closed","ping_status":"closed","template":"","meta":{"footnotes":""},"class_list":["post-24000","page","type-page","status-publish","has-post-thumbnail"],"_links":{"self":[{"href":"https:\/\/www.sisinternational.com\/de\/wp-json\/wp\/v2\/pages\/24000","targetHints":{"allow":["GET"]}}],"collection":[{"href":"https:\/\/www.sisinternational.com\/de\/wp-json\/wp\/v2\/pages"}],"about":[{"href":"https:\/\/www.sisinternational.com\/de\/wp-json\/wp\/v2\/types\/page"}],"author":[{"embeddable":true,"href":"https:\/\/www.sisinternational.com\/de\/wp-json\/wp\/v2\/users\/1"}],"replies":[{"embeddable":true,"href":"https:\/\/www.sisinternational.com\/de\/wp-json\/wp\/v2\/comments?post=24000"}],"version-history":[{"count":5,"href":"https:\/\/www.sisinternational.com\/de\/wp-json\/wp\/v2\/pages\/24000\/revisions"}],"predecessor-version":[{"id":80928,"href":"https:\/\/www.sisinternational.com\/de\/wp-json\/wp\/v2\/pages\/24000\/revisions\/80928"}],"up":[{"embeddable":true,"href":"https:\/\/www.sisinternational.com\/de\/wp-json\/wp\/v2\/pages\/14514"}],"wp:featuredmedia":[{"embeddable":true,"href":"https:\/\/www.sisinternational.com\/de\/wp-json\/wp\/v2\/media\/62510"}],"wp:attachment":[{"href":"https:\/\/www.sisinternational.com\/de\/wp-json\/wp\/v2\/media?parent=24000"}],"curies":[{"name":"wp","href":"https:\/\/api.w.org\/{rel}","templated":true}]}}