{"id":22531,"date":"2019-07-06T18:23:19","date_gmt":"2019-07-06T18:23:19","guid":{"rendered":"https:\/\/www.sisinternational.com\/?p=22531"},"modified":"2026-01-26T18:08:32","modified_gmt":"2026-01-26T23:08:32","slug":"ki-kunstliche-intelligenz","status":"publish","type":"page","link":"https:\/\/www.sisinternational.com\/de\/losungen\/ai-marktforschung-und-strategieberatung\/ki-kunstliche-intelligenz\/","title":{"rendered":"Marktforschung f\u00fcr k\u00fcnstliche Intelligenz"},"content":{"rendered":"<h1 class=\"wp-block-heading\">Marktforschung f\u00fcr k\u00fcnstliche Intelligenz<\/h1>\n\n\n\n<figure class=\"gb-block-image gb-block-image-9d14d326\"><img loading=\"lazy\" decoding=\"async\" width=\"1456\" height=\"816\" class=\"gb-image gb-image-9d14d326\" src=\"https:\/\/www.sisinternational.com\/wp-content\/uploads\/2025\/08\/AI-11.jpg\" alt=\"SIS International Marktforschung &amp; Strategie\" title=\"AI (11)\" srcset=\"https:\/\/www.sisinternational.com\/wp-content\/uploads\/2025\/08\/AI-11.jpg 1456w, https:\/\/www.sisinternational.com\/wp-content\/uploads\/2025\/08\/AI-11-300x168.jpg 300w, https:\/\/www.sisinternational.com\/wp-content\/uploads\/2025\/08\/AI-11-1024x574.jpg 1024w, https:\/\/www.sisinternational.com\/wp-content\/uploads\/2025\/08\/AI-11-768x430.jpg 768w, https:\/\/www.sisinternational.com\/wp-content\/uploads\/2025\/08\/AI-11-18x10.jpg 18w\" sizes=\"auto, (max-width: 1456px) 100vw, 1456px\"><\/figure>\n\n\n\n<p><\/p>\n\n\n\n<h2 class=\"wp-block-heading p3\"><span class=\"s1\">K\u00fcnstliche Intelligenz ist derzeit ein hei\u00df diskutiertes Thema, aber es ist nichts Neues.<\/span><\/h2>\n\n\n\n<p class=\"p3\"><span class=\"s1\">Die Popkultur spiegelt unsere Faszination f\u00fcr KI seit Jahren in Filmen wie 2001: Odyssee im Weltraum, I, Robot und, logischerweise, AI wider.<span class=\"Apple-converted-space\">&nbsp; <\/span>Was also ist k\u00fcnstliche Intelligenz genau? Sie ist da, sie ist die Zukunft, und manche Menschen finden sie ein wenig be\u00e4ngstigend.<\/span><\/p>\n\n\n\n<h2 class=\"wp-block-heading\">Die Entstehung der KI<\/h2>\n\n\n\n<p class=\"p3\"><span class=\"s1\">John McCarthy war ein hoch angesehener Wissenschaftler in Stanford und am MIT. Er erfand 1955 den Namen \u201eK\u00fcnstliche Intelligenz\u201c und definierte sie als \u201edie Wissenschaft und Technik der Herstellung intelligenter Maschinen\u201c.<\/span><\/p>\n\n\n\n<p class=\"p4\"><span class=\"s3\">Die Urspr\u00fcnge unserer Faszination f\u00fcr k\u00fcnstliche Intelligenz reichen weit \u00fcber das Aufkommen des modernen Computerzeitalters hinaus. Um 2500 v. Chr. befragten die alten \u00c4gypter manchmal Statuen, um Erkenntnisse aus ihrer vermeintlich \u00fcbernat\u00fcrlichen Weisheit zu gewinnen. Heute steht eine riesige B\u00fcste von <i>Wieder Harmakis<\/i> in einem Museum in Kairo, \u201e<\/span><span class=\"s4\">enth\u00fcllt das Geheimnis seines Genies: eine \u00d6ffnung im Nacken, die gerade gro\u00df genug ist, um einen Priester aufzunehmen.\u201c<\/span><\/p>\n\n\n\n<p class=\"p5\"><span class=\"s1\">Andere revolution\u00e4re Erfindungen wie Charles Babbages Analytical Engine im Jahr 1833 ebneten den Weg f\u00fcr die moderne Computertechnik und das, was heute als k\u00fcnstliche Intelligenz bekannt ist. 1948, zu Beginn des digitalen Zeitalters, schien die B\u00fchne f\u00fcr die rasante Weiterentwicklung der KI bereitet. Der britische Computerwissenschaftler Alan Turing sorgte mit seinem Aufsatz \u201eIntelligent Machinery\u201c in der Wissenschaftsgemeinde und dar\u00fcber hinaus f\u00fcr Aufsehen, denn er \u201esah keine Einw\u00e4nde gegen eine funktionierende, denkende Maschine bis zum Ende des Jahrhunderts\u201c.<\/span><\/p>\n\n\n\n<p class=\"p5\"><span class=\"s1\">Fr\u00fche, klobige Computer wie der UNIVAC 1 wurden durch andere ersetzt, wie den IBM <i>Tiefes Blau<\/i>, das erste Computerschachprogramm, das praktisch auf alle menschlichen Herausforderer verzichtete.&nbsp;<\/span><\/p>\n\n\n\n<h2 class=\"wp-block-heading\">KI heute<\/h2>\n\n\n\n<p class=\"p5\"><span class=\"s1\">Heute haben gro\u00dfe Unternehmen wie Microsoft, Amazon und Google bereits massiv in KI investiert, um die Suchmaschinentechnologie zu verbessern und den Menschen brauchbare Cyber-Assistenten zur Verf\u00fcgung zu stellen. Nat\u00fcrlich wird k\u00fcnstliche Intelligenz auch in Bereichen wie der Gesundheitsf\u00fcrsorge f\u00fcr n\u00fctzliche Zwecke eingesetzt, da Anbieter \u201eneue Technologien nutzen, um die Ergebnisse zu verbessern und die Kosten zu senken, da billigere und leistungsst\u00e4rkere Computer verf\u00fcgbar sind\u201c.<\/span><\/p>\n\n\n\n<p class=\"p5\"><span class=\"s1\"><i>Watson<\/i> ist ein Computer, der speziell daf\u00fcr entwickelt wurde, Fragen in einfacher Sprache zu beantworten. Watson ist ein Produkt des Deep QA-Projekts von IBM und wurde entwickelt, um in der beliebten Fernsehshow mitzuspielen. <i>Gefahr!<\/i> gegen zwei ehemalige Champions. Letztlich setzte sich Watson durch und gewann den Wettbewerb, mit ein wenig Hilfe von den \u201e200 Millionen Seiten strukturierter und unstrukturierter Inhalte, die vier <a href=\"https:\/\/en.wikipedia.org\/wiki\/Terabyte\" target=\"_blank\" rel=\"noopener\"><span class=\"s6\">Terabyte<\/span><\/a> von <a href=\"https:\/\/en.wikipedia.org\/wiki\/Disk_storage\" target=\"_blank\" rel=\"noopener\"><span class=\"s6\">Festplattenspeicher<\/span><\/a> einschlie\u00dflich des vollst\u00e4ndigen Textes von <a href=\"https:\/\/en.wikipedia.org\/wiki\/Wikipedia\" target=\"_blank\" rel=\"noopener\"><span class=\"s6\">Wikipedia<\/span><\/a> zur Verf\u00fcgung.\u201c<\/span><\/p>\n\n\n\n<p class=\"p5\"><span class=\"s1\">IBM nutzte die neue \u00f6ffentliche Wahrnehmung der F\u00e4higkeiten von Watson und f\u00fchrte Watson als kommerzielles Produkt im Gesundheitssektor ein. So wurde es beispielsweise von den Krankenschwestern des Memorial Sloan Kettering Cancer Center zur Unterst\u00fctzung wichtiger Entscheidungen bez\u00fcglich der Behandlung von Lungenkrebs eingesetzt.<\/span><\/p>\n\n\n\n<h2 class=\"wp-block-heading\">Was ist Marktforschung zur k\u00fcnstlichen Intelligenz?<\/h2>\n\n\n\n<p><span style=\"font-weight: 400;\">Die Marktforschung f\u00fcr k\u00fcnstliche Intelligenz umfasst eine umfassende Analyse der globalen Marktdynamik rund um k\u00fcnstliche Intelligenz (KI). Sie umfasst die Bewertung der Marktgr\u00f6\u00dfe, Wachstumstrends, Branchenanwendungsf\u00e4lle, Wettbewerbslandschaft und Aussichten von KI-Technologien.<\/span><\/p>\n\n\n\n<p><span style=\"font-weight: 400;\">In \u00e4hnlicher Weise umfasst die Marktforschung f\u00fcr k\u00fcnstliche Intelligenz auch die Untersuchung der Endverbrauchsbranchen, die erheblich von KI-Anwendungen profitieren. Dazu geh\u00f6ren unter anderem das Gesundheitswesen, die Automobilindustrie, der Finanzsektor, der Einzelhandel und die Fertigung. Die Forschung zielt darauf ab, Erkenntnisse dar\u00fcber zu liefern, wie KI diese Branchen ver\u00e4ndert, Abl\u00e4ufe optimiert, das Kundenerlebnis verbessert und Innovationen vorantreibt.<\/span><\/p>\n\n\n\n<p><span style=\"font-weight: 400;\">Ein weiterer wichtiger Aspekt der Marktforschung im Bereich k\u00fcnstliche Intelligenz ist das Verst\u00e4ndnis der Herausforderungen und Grenzen der KI, einschlie\u00dflich ethischer \u00dcberlegungen, Datenschutzfragen und der m\u00f6glichen Auswirkungen auf die Besch\u00e4ftigung. Au\u00dferdem werden die Investitionslandschaft, Finanzierungsmuster und strategischen Initiativen der wichtigsten Marktteilnehmer im KI-Bereich untersucht.<\/span><\/p>\n\n\n\n<h2 class=\"wp-block-heading\">Einsatz von KI in Unternehmen<\/h2>\n\n\n\n<figure class=\"gb-block-image gb-block-image-24a30049\"><img loading=\"lazy\" decoding=\"async\" width=\"1456\" height=\"816\" class=\"gb-image gb-image-24a30049\" src=\"https:\/\/www.sisinternational.com\/wp-content\/uploads\/2025\/08\/AI-6.jpg\" alt=\"SIS International Marktforschung &amp; Strategie\" title=\"AI (6)\" srcset=\"https:\/\/www.sisinternational.com\/wp-content\/uploads\/2025\/08\/AI-6.jpg 1456w, https:\/\/www.sisinternational.com\/wp-content\/uploads\/2025\/08\/AI-6-300x168.jpg 300w, https:\/\/www.sisinternational.com\/wp-content\/uploads\/2025\/08\/AI-6-1024x574.jpg 1024w, https:\/\/www.sisinternational.com\/wp-content\/uploads\/2025\/08\/AI-6-768x430.jpg 768w, https:\/\/www.sisinternational.com\/wp-content\/uploads\/2025\/08\/AI-6-18x10.jpg 18w\" sizes=\"auto, (max-width: 1456px) 100vw, 1456px\"><\/figure>\n\n\n\n<p><\/p>\n\n\n\n<p class=\"p5\"><span class=\"s1\">Au\u00dferhalb des medizinischen Bereichs wird KI inzwischen auch in anderen Bereichen eingesetzt, etwa in der Strafverfolgung, im Aktienhandel, in der wissenschaftlichen Forschung und in der Spielwarenindustrie. Nick Bostrum von der Universit\u00e4t Oxford stellt fest: \u201eViele tausende KI-Anwendungen sind tief in der Infrastruktur jeder Branche eingebettet.\u201c<\/span><\/p>\n\n\n\n<p class=\"p5\"><span class=\"s1\">K\u00fcnstliche Intelligenz hat auch ihre Kritiker. Der angesehene englische theoretische Physiker Stephen Hawking hat \u00f6ffentlich erkl\u00e4rt: \u201eK\u00fcnstliche Intelligenz k\u00f6nnte in nicht allzu ferner Zukunft eine echte Gefahr darstellen.\u201c Er glaubt, dass ein Roboter eines Tages \u201eVerbesserungen an sich selbst entwickeln und uns alle \u00fcberlisten k\u00f6nnte.\u201c<\/span><\/p>\n\n\n\n<p class=\"p6\"><span class=\"s4\">Der Physiker Louis Del Monte, Autor von <i>Die Revolution der k\u00fcnstlichen Intelligenz, <\/i>machte k\u00fcrzlich diese alarmierende Vorhersage hinsichtlich der rasanten Weiterentwicklung der KI. <\/span><span class=\"s1\">\u201eZwischen 2040 und 2045 werden wir eine oder mehrere Maschinen entwickelt haben, die nicht nur dem menschlichen Verstand ebenb\u00fcrtig, sondern intelligenter sind als die gesamte Menschheit zusammen.\u201c<\/span><\/p>\n\n\n\n<h2 class=\"wp-block-heading\">Bedeutung der Marktforschung zur k\u00fcnstlichen Intelligenz<\/h2>\n\n\n\n<p><span style=\"font-weight: 400;\">Marktforschung im Bereich k\u00fcnstliche Intelligenz ist entscheidend, um mit den rasanten technologischen Fortschritten im Bereich der KI Schritt zu halten. Der Bereich der KI ist vielf\u00e4ltig und entwickelt sich rasch weiter, wobei neue Entwicklungen in rasantem Tempo entstehen. Daher ist es f\u00fcr Unternehmen und Organisationen unerl\u00e4sslich, \u00fcber diese Ver\u00e4nderungen auf dem Laufenden zu bleiben, um wettbewerbsf\u00e4hig und innovativ zu bleiben.<\/span><\/p>\n\n\n\n<p><span style=\"font-weight: 400;\">Dar\u00fcber hinaus spielt diese Forschung eine Schl\u00fcsselrolle bei der Identifizierung neuer Trends und Anwendungen von KI in allen Branchen. Sie hilft Unternehmen zu verstehen, wie KI zur Verbesserung ihrer Betriebsabl\u00e4ufe eingesetzt werden kann, von der Automatisierung routinem\u00e4\u00dfiger Aufgaben bis hin zur Bereitstellung anspruchsvoller Datenanalysen und Erkenntnisse. Die Marktforschung zur k\u00fcnstlichen Intelligenz hilft auch dabei, die mit KI verbundenen Herausforderungen und potenziellen Risiken zu verstehen, wie etwa ethische \u00dcberlegungen, Voreingenommenheit in KI-Algorithmen und Bedrohungen der Cybersicherheit.&nbsp;<\/span><\/p>\n\n\n\n<p><span style=\"font-weight: 400;\">Es bietet jedoch noch viele weitere Vorteile, darunter:&nbsp;<\/span><\/p>\n\n\n\n<p><b>\u2022 Identifizierung neuer Gesch\u00e4ftsm\u00f6glichkeiten: <\/b><span style=\"font-weight: 400;\">Diese Forschung hilft dabei, neue M\u00f6glichkeiten zu identifizieren, bei denen KI zur Wertsch\u00f6pfung eingesetzt werden kann. Unternehmen k\u00f6nnen unerschlossene M\u00e4rkte oder innovative KI-Anwendungen entdecken, die zu Gesch\u00e4ftswachstum und Diversifizierung f\u00fchren k\u00f6nnen.<\/span><\/p>\n\n\n\n<p><b>\u2022 Risikomanagement und -minimierung: <\/b><span style=\"font-weight: 400;\">Die Marktforschung zur k\u00fcnstlichen Intelligenz bietet Einblicke in die potenziellen Risiken und Herausforderungen im Zusammenhang mit KI, einschlie\u00dflich ethischer \u00dcberlegungen, Voreingenommenheit und Bedenken hinsichtlich der Datensicherheit.&nbsp;<\/span><\/p>\n\n\n\n<p><b>\u2022 Verbesserte Produktentwicklung: <\/b>For technology developers and providers, artificial intelligence <a href=\"https:\/\/www.sisinternational.com\/de\/die-notwendigkeit-von-wettbewerbsinformationen-in-dieser-rezession\/\" title=\"Die Notwendigkeit von Competitive Intelligence in einer Rezession\" data-wpil-monitor-id=\"7225\">Marktforschung<\/a> is crucial for creating products that meet market needs. It assists in understanding customer requirements and technological gaps, guiding the development of more effective AI solutions.<\/span><\/p>\n\n\n\n<p><b>\u2022 Richtlinienentwicklung und Einhaltung gesetzlicher Vorschriften: <\/b><span style=\"font-weight: 400;\">F\u00fcr Regulierungsbeh\u00f6rden und politische Entscheidungstr\u00e4ger ist das Verst\u00e4ndnis des KI-Marktes der Schl\u00fcssel zur Entwicklung wirksamer Richtlinien und Vorschriften f\u00fcr KI-Technologien, um eine verantwortungsvolle und ethische Nutzung zu gew\u00e4hrleisten.<\/span><\/p>\n\n\n\n<p><b>\u2022 Einblicke in Investitionen und Finanzierungen: <\/b><span style=\"font-weight: 400;\">Diese Forschung ist f\u00fcr Investoren und Risikokapitalgeber von Nutzen. Sie bietet Einblicke in die vielversprechendsten Bereiche f\u00fcr Investitionen in KI und hilft ihnen, fundierte Entscheidungen \u00fcber die Zuweisung von Mitteln zu treffen.<\/span><\/p>\n\n\n\n<h2 class=\"wp-block-heading\">Chancen auf dem Markt f\u00fcr k\u00fcnstliche Intelligenz f\u00fcr Unternehmen<\/h2>\n\n\n\n<p><span style=\"font-weight: 400;\">Der <a href=\"https:\/\/www.sisinternational.com\/de\/einfuhrung-von-kunstlicher-intelligenz-in-kleinen-unternehmen\/\" title=\"Einf\u00fchrung von K\u00fcnstlicher Intelligenz (KI) in kleinen Unternehmen\" data-wpil-monitor-id=\"2796\">artificial intelligence market<\/a> presents a wealth of opportunities for businesses across a wide range of industries \u2013 and here are some key opportunities for businesses:<\/span><\/p>\n\n\n\n<p><b>\u2022 Betriebsabl\u00e4ufe rationalisieren und Kosten senken: <\/b><span style=\"font-weight: 400;\">KI-Technologien k\u00f6nnen verschiedene Gesch\u00e4ftsprozesse automatisieren und optimieren, vom Supply Chain Management bis zum Kundenservice. Diese Automatisierung rationalisiert nicht nur die Abl\u00e4ufe, sondern senkt auch die Betriebskosten erheblich.<\/span><\/p>\n\n\n\n<p><b>\u2022 Verbesserung der Datenanalyse und Entscheidungsfindung: <\/b><span style=\"font-weight: 400;\">Die F\u00e4higkeit der KI, gro\u00dfe Datenmengen zu verarbeiten und zu analysieren, kann Unternehmen wertvolle Erkenntnisse liefern und so fundiertere und strategischere Entscheidungen erm\u00f6glichen. Dies kann insbesondere in Bereichen wie Marktforschung, Finanzanalyse und Kundenverhaltensanalyse von Vorteil sein.<\/span><\/p>\n\n\n\n<p><b>\u2022 Verbesserung des Kundenerlebnisses: <\/b><span style=\"font-weight: 400;\">KI kann Kundeninteraktionen personalisieren und den Kundenservice verbessern, von Chatbots, die sofortigen Kundensupport bieten, bis hin zur KI-gesteuerten Personalisierung im E-Commerce.&nbsp;<\/span><\/p>\n\n\n\n<p><b>\u2022 Expansion in neue M\u00e4rkte: <\/b><span style=\"font-weight: 400;\">KI kann Unternehmen die Expansion in neue M\u00e4rkte, auch globale M\u00e4rkte, erm\u00f6glichen, indem sie Sprachbarrieren \u00fcberwindet, Markttrends vorhersagt und das lokale Verbraucherverhalten versteht.<\/span><\/p>\n\n\n\n<p><b>\u2022 Verbesserung der Sicherheit: <\/b><span style=\"font-weight: 400;\">KI kann die Sicherheit erheblich verbessern, von Cybersicherheitsl\u00f6sungen, die vor komplexen Cyberbedrohungen sch\u00fctzen, bis hin zu physischen Sicherheitssystemen, die KI-gest\u00fctzte \u00dcberwachung nutzen.<\/span><\/p>\n\n\n\n<p><b>\u2022 F\u00f6rderung nachhaltiger Praktiken: <\/b><span style=\"font-weight: 400;\">KI kann auch zur F\u00f6rderung der Nachhaltigkeit im Gesch\u00e4ftsbetrieb eingesetzt werden, etwa durch die Optimierung des Energieverbrauchs in der Produktion oder die Verbesserung der Abfallbewirtschaftung.<\/span><\/p>\n\n\n\n<h2 class=\"wp-block-heading\">Die Zukunft der KI<\/h2>\n\n\n\n<p class=\"p7\"><span class=\"s1\">Tats\u00e4chlich k\u00f6nnte uns KI bei der Anwendung von Daten auf eine Weise unterst\u00fctzen, die sich Menschen nicht einmal vorstellen k\u00f6nnen. Die M\u00f6glichkeiten erweitern sich, wenn man die laufende Zusammenarbeit zwischen Instrumenten der k\u00fcnstlichen Intelligenz und den Menschen, die sie geschaffen haben, ber\u00fccksichtigt. W\u00e4hrend sich diese Systeme weiterentwickeln und verbessern, wird KI weiterhin \u201ein die Struktur unseres t\u00e4glichen Lebens eingebunden sein und uns bei allem helfen, von der grundlegenden Entscheidungsfindung bis zum Autofahren\u201c.<\/span> <span class=\"s1\">Durch die Nutzung dieser enormen Quelle wachsenden Wissens wird die Science-Fiction der Vergangenheit schnell zur aufregenden Realit\u00e4t von heute.<\/span><\/p>\n\n\n\n<h2 class=\"wp-block-heading\">Wie Marktforschung hilft<\/h2>\n\n\n\n<h3 class=\"wp-block-heading\">Durch Marktforschung gewinnen wir Erkenntnisse zu folgenden Themen:<\/h3>\n\n\n\n<ul class=\"wp-block-list\">\n<li>Kunden<\/li>\n\n\n\n<li>Firmen<\/li>\n\n\n\n<li>Wettbewerber<\/li>\n\n\n\n<li>Lieferketten<\/li>\n\n\n\n<li>M\u00e4rkte, Branchen &amp; L\u00e4nder<\/li>\n<\/ul>\n\n\n\n<p>As AI is in the early stages of adoption in many industries, many clients prefer to conduct Customer Research, Product Testing, and <a href=\"https:\/\/www.sisinternational.com\/de\/abdeckung\/die-amerikaner\/usa-berichterstattung\/marktforschung-tampa-florida\/\" title=\"Marktforschung in Tampa, Florida\" data-wpil-monitor-id=\"4147\">Marktchancenforschung<\/a>.<\/p>\n\n\n\n<h2 class=\"wp-block-heading\">SIS Solutions: Marktforschung zu k\u00fcnstlicher Intelligenz<\/h2>\n\n\n\n<h4 class=\"wp-block-heading\">SIS nutzt einen umfassenden, integrierten Ansatz in der k\u00fcnstlichen Intelligenz<\/h4>\n\n\n\n<p>We provide insights into global market dynamics, including market size assessments, growth trends, and competitive landscapes. Our researchers conduct strategic analyses to turn information into actionable insights, helping clients consider artificial <a href=\"https:\/\/www.sisinternational.com\/de\/losungen\/strategieberatung\/marktintelligenz\/\" title=\"Marktintelligenz\" data-wpil-monitor-id=\"6755\">intelligence with a full market<\/a> view. Our solutions include:<\/p>\n\n\n\n<ul class=\"wp-block-list\">\n<li>Kundenforschung<\/li>\n\n\n\n<li>Wettbewerbsanalyse<\/li>\n\n\n\n<li>Produkt- und Usability-Forschung (UX)<\/li>\n\n\n\n<li>Marktchancen-, Machbarkeits-, Markteintritts- und Gr\u00f6\u00dfenbeurteilungen<\/li>\n\n\n\n<li>Monatliche Branchen-Trackingberichte<\/li>\n<\/ul>\n\n\n\n<p>Unsere Zusammenarbeit mit Branchenspezialisten erm\u00f6glicht es SIS, tief in die k\u00fcnstliche Intelligenz einzutauchen. Das SIS-Strategieteam bleibt \u00fcber die neuesten Entwicklungen im Bereich der KI auf dem Laufenden und arbeitet eng mit unseren lokalen Niederlassungen weltweit zusammen.<\/p>\n\n\n\n<h3 class=\"wp-block-heading\"><span style=\"font-weight: 400;\">Machen Sie SIS International Research in dieser Zeit unglaublicher M\u00f6glichkeiten zu Ihrer Br\u00fccke zu besseren Gesch\u00e4ften.<\/span><\/h3>\n\n\n\n<h2 class=\"wp-block-heading\">\u00dcber unsere Arbeit in der KI-Marktforschung<\/h2>\n\n\n\n<p>SIS often works with Technology companies developing new AI products and services.&nbsp; Our clients include Education Technology or other Technology companies exploring new applications of AI, Machine Learning and Deep Learning.&nbsp; Other clients include Financial Services companies innovating new products and services to improve their customer experience.&nbsp; SIS also does a significant amount of work in Shipping and Logistics and major organizations seeking to adopt cutting-edge technologies.&nbsp; We provide Qualitative, Quantitative, and Strategy Market Research. We provide the &#8220;Human Element&#8221; behind AI adoption and transformation.&nbsp; Our solutions include:<\/p>\n\n\n\n<ul class=\"wp-block-list\">\n<li>Kundenforschung<\/li>\n\n\n\n<li>Wettbewerbsanalyse<\/li>\n\n\n\n<li>Produkt- und Usability-Forschung (UX)<\/li>\n\n\n\n<li>Marktchancen-, Machbarkeits-, Markteintritts- und Gr\u00f6\u00dfenbeurteilungen<\/li>\n\n\n\n<li>Monatliche Branchen-Trackingberichte<\/li>\n<\/ul>\n\n\n\n<h3 class=\"wp-block-heading title-heading-left\">You&nbsp;may also be interested in\u2026<\/h3>\n\n\n\n<p><\/p>","protected":false},"excerpt":{"rendered":"<p>K\u00fcnstliche Intelligenz ver\u00e4ndert unsere Lebens- und Arbeitsweise. Entdecken Sie M\u00f6glichkeiten, das Wachstum mithilfe der Marktforschung zur k\u00fcnstlichen Intelligenz anzukurbeln.<\/p>","protected":false},"author":1,"featured_media":62603,"parent":44406,"menu_order":0,"comment_status":"closed","ping_status":"open","template":"","meta":{"footnotes":""},"class_list":["post-22531","page","type-page","status-publish","has-post-thumbnail"],"_links":{"self":[{"href":"https:\/\/www.sisinternational.com\/de\/wp-json\/wp\/v2\/pages\/22531","targetHints":{"allow":["GET"]}}],"collection":[{"href":"https:\/\/www.sisinternational.com\/de\/wp-json\/wp\/v2\/pages"}],"about":[{"href":"https:\/\/www.sisinternational.com\/de\/wp-json\/wp\/v2\/types\/page"}],"author":[{"embeddable":true,"href":"https:\/\/www.sisinternational.com\/de\/wp-json\/wp\/v2\/users\/1"}],"replies":[{"embeddable":true,"href":"https:\/\/www.sisinternational.com\/de\/wp-json\/wp\/v2\/comments?post=22531"}],"version-history":[{"count":11,"href":"https:\/\/www.sisinternational.com\/de\/wp-json\/wp\/v2\/pages\/22531\/revisions"}],"predecessor-version":[{"id":80873,"href":"https:\/\/www.sisinternational.com\/de\/wp-json\/wp\/v2\/pages\/22531\/revisions\/80873"}],"up":[{"embeddable":true,"href":"https:\/\/www.sisinternational.com\/de\/wp-json\/wp\/v2\/pages\/44406"}],"wp:featuredmedia":[{"embeddable":true,"href":"https:\/\/www.sisinternational.com\/de\/wp-json\/wp\/v2\/media\/62603"}],"wp:attachment":[{"href":"https:\/\/www.sisinternational.com\/de\/wp-json\/wp\/v2\/media?parent=22531"}],"curies":[{"name":"wp","href":"https:\/\/api.w.org\/{rel}","templated":true}]}}