{"id":22440,"date":"2017-04-09T20:13:36","date_gmt":"2017-04-09T20:13:36","guid":{"rendered":"https:\/\/www.sisinternational.com\/?page_id=22440"},"modified":"2025-09-10T22:14:03","modified_gmt":"2025-09-11T02:14:03","slug":"fokusgruppen-manila-philippinen","status":"publish","type":"page","link":"https:\/\/www.sisinternational.com\/de\/abdeckung\/marktforschung-asien\/fokusgruppen-manila-philippinen\/","title":{"rendered":"Fokusgruppen in Manila"},"content":{"rendered":"<h1 class=\"wp-block-heading p1\">Fokusgruppen in Manila<\/h1>\n\n\n\n<p><\/p>\n\n\n\n<figure class=\"gb-block-image gb-block-image-76ef5850\"><img loading=\"lazy\" decoding=\"async\" width=\"1456\" height=\"816\" class=\"gb-image gb-image-76ef5850\" src=\"https:\/\/www.sisinternational.com\/wp-content\/uploads\/2025\/09\/Manila-3.jpg\" alt=\"SIS International Marktforschung &amp; Strategie\" title=\"Manila (3)\" srcset=\"https:\/\/www.sisinternational.com\/wp-content\/uploads\/2025\/09\/Manila-3.jpg 1456w, https:\/\/www.sisinternational.com\/wp-content\/uploads\/2025\/09\/Manila-3-300x168.jpg 300w, https:\/\/www.sisinternational.com\/wp-content\/uploads\/2025\/09\/Manila-3-1024x574.jpg 1024w, https:\/\/www.sisinternational.com\/wp-content\/uploads\/2025\/09\/Manila-3-768x430.jpg 768w, https:\/\/www.sisinternational.com\/wp-content\/uploads\/2025\/09\/Manila-3-18x10.jpg 18w\" sizes=\"auto, (max-width: 1456px) 100vw, 1456px\"><\/figure>\n\n\n\n<p><\/p>\n\n\n\n<h2 class=\"wp-block-heading p1\"><span class=\"s1\">SIS International Research verwendet bew\u00e4hrte, ergebnisorientierte Methoden der Prim\u00e4r- und Sekund\u00e4rforschung in vielen Regionen der Philippinen, einschlie\u00dflich Manila.<\/span><\/h2>\n\n\n\n<p>How can businesses in Manila truly understand the needs and preferences of their target audience? Focus groups in Manila provide a powerful way to gather in-depth insights into consumer behavior, preferences, and motivations. <\/p>\n\n\n\n<h2 class=\"wp-block-heading\">Was sind Fokusgruppen in Manila?<\/h2>\n\n\n\n<p>Bei Fokusgruppen in Manila kommt eine vielf\u00e4ltige Gruppe von Teilnehmern zusammen, um in einem moderierten Rahmen \u00fcber ein bestimmtes Produkt, eine bestimmte Dienstleistung oder ein bestimmtes Thema zu diskutieren. Diese Diskussionen liefern Unternehmen direkte Verbrauchereinblicke, die bei der Entscheidungsfindung und Strategiegestaltung helfen.&nbsp;<\/p>\n\n\n\n<h2 class=\"wp-block-heading\">Warum brauchen Unternehmen Fokusgruppen in Manila?<\/h2>\n\n\n\n<p>Businesses can determine the specific needs, expectations, and pain points of their target audience, enabling them to create products and services that resonate with consumers. Moreover, focus groups help businesses validate their ideas before launching new products or services. <\/p>\n\n\n\n<p>In Manila&#8217;s competitive landscape, understanding consumer preferences is key to staying ahead of the competition, and focus groups provide the insights needed to do just that.<\/p>\n\n\n\n<h2 class=\"wp-block-heading\">Unsere aktuellen Erkenntnisse und Empfehlungen aus der Fokusgruppe<\/h2>\n\n\n\n<p><\/p>\n\n\n\n<figure class=\"gb-block-image gb-block-image-56374647\"><img loading=\"lazy\" decoding=\"async\" width=\"1456\" height=\"816\" class=\"gb-image gb-image-56374647\" src=\"https:\/\/www.sisinternational.com\/wp-content\/uploads\/2025\/09\/Manila-2.jpg\" alt=\"SIS International Marktforschung &amp; Strategie\" title=\"Manila (2)\" srcset=\"https:\/\/www.sisinternational.com\/wp-content\/uploads\/2025\/09\/Manila-2.jpg 1456w, https:\/\/www.sisinternational.com\/wp-content\/uploads\/2025\/09\/Manila-2-300x168.jpg 300w, https:\/\/www.sisinternational.com\/wp-content\/uploads\/2025\/09\/Manila-2-1024x574.jpg 1024w, https:\/\/www.sisinternational.com\/wp-content\/uploads\/2025\/09\/Manila-2-768x430.jpg 768w, https:\/\/www.sisinternational.com\/wp-content\/uploads\/2025\/09\/Manila-2-18x10.jpg 18w\" sizes=\"auto, (max-width: 1456px) 100vw, 1456px\"><\/figure>\n\n\n\n<p><\/p>\n\n\n\n<p>Wir glauben, dass Fokusgruppen in Manila die Motivationen und Emotionen aufdecken, die das Verbraucherverhalten bestimmen. Durch die direkte Ansprache der Verbraucher k\u00f6nnen Unternehmen die zugrunde liegenden Faktoren aufdecken, die Kaufentscheidungen und Markentreue beeinflussen. Dar\u00fcber hinaus halten wir es f\u00fcr wichtig, dass Unternehmen regelm\u00e4\u00dfig Fokusgruppen durchf\u00fchren, um \u00fcber sich \u00e4ndernde Verbrauchertrends und -pr\u00e4ferenzen auf dem Laufenden zu bleiben.<\/p>\n\n\n\n<p>Our analysis shows that companies that invest in understanding their customers through focus groups are better positioned to create meaningful connections and achieve sustained success in the Manila market.<\/p>\n\n\n\n<h2 class=\"wp-block-heading\">Wie werden Fokusgruppen in Manila durchgef\u00fchrt?<\/h2>\n\n\n\n<p class=\"p1\"><span class=\"s2\">Fokusgruppen in Manila auf den Philippinen bestehen normalerweise aus 6 bis 12 Personen mit \u00e4hnlichen demografischen Merkmalen (z. B. Autok\u00e4ufer, Diabetespatienten, junge M\u00fctter), die zu einer Diskussion \u00fcber ein \u201efokussiertes\u201c Thema zusammengebracht werden. Solche Gruppen werden immer von einem geschulten Moderator geleitet, der einem Leitfaden folgt, um sicherzustellen, dass bestimmte Fragen zu einem Produkt oder einer Dienstleistung gestellt werden. Der Schl\u00fcssel zu dieser qualitativen Technik ist der offene Dialog und die dynamische Interaktion zwischen den Teilnehmern.<\/span><\/p>\n\n\n\n<p class=\"p1\"><span class=\"s1\"><span style=\"background-color: var(--base-3); color: var(--contrast-2);\">Die Feldarbeit in Manila wird von unserem regionalen B\u00fcro f\u00fcr S\u00fcdostasien in der Region Ortigas durchgef\u00fchrt, von unserem&nbsp;<\/span><a style=\"background-color: var(--base-3);\" href=\"https:\/\/www.sisinternational.com\/de\/about-sis\/contact-sis-international-market-research\/\" target=\"_blank\" rel=\"noopener\">Regionalhauptsitz im Geb\u00e4ude der Asiatischen Entwicklungsbank<\/a><span style=\"background-color: var(--base-3); color: var(--contrast-2);\">. Mit einem starken und qualifizierten Team von Marktforschern, die \u00fcber <\/span>Mithilfe seines Wissens und seiner Erfahrung mit bew\u00e4hrten Vorgehensweisen weltweit kann SIS durch das SEA-B\u00fcro unerschlossene Gebiete und Bev\u00f6lkerungsgruppen auf den Philippinen erreichen, die \u00fcber herk\u00f6mmliche Online-Mittel nur schwer zug\u00e4nglich sind.<\/span><\/p>\n\n\n\n<h2 class=\"wp-block-heading\">M\u00f6glichkeiten f\u00fcr Fokusgruppen in Manila<\/h2>\n\n\n\n<p>Fokusgruppen in Manila bieten Unternehmen zahlreiche M\u00f6glichkeiten, ihre Kunden besser zu verstehen, ihre Strategien zu verfeinern und das Wachstum voranzutreiben. Durch die Durchf\u00fchrung von Fokusgruppen k\u00f6nnen Unternehmen die folgenden M\u00f6glichkeiten nutzen:<\/p>\n\n\n\n<ul class=\"wp-block-list\">\n<li><p><strong>Produktentwicklung<\/strong>: Fokusgruppen liefern wertvolles Feedback, das zur Entwicklung von Produkten genutzt werden kann, die den spezifischen Bed\u00fcrfnissen und Vorlieben der vielf\u00e4ltigen Bev\u00f6lkerung Manilas gerecht werden.<\/p><\/li>\n\n\n\n<li><p><strong>Markenpositionierung<\/strong>: Unternehmen k\u00f6nnen Fokusgruppen nutzen, um zu verstehen, wie ihre Marke auf dem Markt wahrgenommen wird, und M\u00f6glichkeiten zur Verbesserung ihrer Markenpositionierung und -botschaft erkennen.<\/p><\/li>\n\n\n\n<li><p><strong>Marketing-Kampagnen<\/strong>: Fokusgruppen bieten Einblicke in die Reaktionen der Verbraucher auf Marketingbotschaften und helfen Unternehmen dabei, ihre Kampagnen zu verfeinern, um bei ihrer Zielgruppe besser Anklang zu finden.<\/p><\/li>\n\n\n\n<li><p><strong>Verbesserung der Kundenerfahrung<\/strong>: Wenn Unternehmen die Probleme und Erwartungen ihrer Kunden verstehen, k\u00f6nnen sie fundierte Entscheidungen treffen, um das allgemeine Kundenerlebnis zu verbessern.<\/p><\/li>\n\n\n\n<li><p><strong>Neuer Markteintritt<\/strong>: Unternehmen, die in den Manila-Markt eintreten m\u00f6chten, k\u00f6nnen Fokusgruppen nutzen, um Erkenntnisse \u00fcber die Vorlieben und Verhaltensweisen der lokalen Verbraucher zu gewinnen und so einen reibungsloseren Markteintritt zu gew\u00e4hrleisten.<\/p><\/li>\n\n\n\n<li><p><strong>Analyse des Verbraucherverhaltens<\/strong>: Fokusgruppen erm\u00f6glichen es Unternehmen, die Motivationen, Einstellungen und Verhaltensweisen ihrer Zielgruppe zu erforschen und so ein tieferes Verst\u00e4ndnis daf\u00fcr zu entwickeln, was die Kaufentscheidungen der Verbraucher beeinflusst.<\/p><\/li>\n\n\n\n<li><p><strong>Wettbewerbseinblicke<\/strong>: Durch die Durchf\u00fchrung von Fokusgruppen k\u00f6nnen Unternehmen Erkenntnisse dar\u00fcber gewinnen, wie Verbraucher ihre Konkurrenten wahrnehmen, und so M\u00f6glichkeiten zur Differenzierung und Verbesserung erkennen.<\/p><\/li>\n<\/ul>\n\n\n\n<h2 class=\"wp-block-heading\">Herausforderungen bei der Durchf\u00fchrung von Fokusgruppen in Manila<\/h2>\n\n\n\n<p><\/p>\n\n\n\n<p>Fokusgruppen bieten Unternehmen in Manila zwar erhebliche Vorteile, bringen aber auch gewisse Herausforderungen mit sich. Das Verst\u00e4ndnis dieser Herausforderungen ist entscheidend, um effektive Fokusgruppensitzungen durchzuf\u00fchren und zuverl\u00e4ssige Erkenntnisse zu gewinnen.<\/p>\n\n\n\n<ul class=\"wp-block-list\">\n<li><p><strong>Rekrutierung der Teilnehmer<\/strong>: Die richtigen Teilnehmer f\u00fcr Fokusgruppen in Manila zu finden, kann eine Herausforderung sein, insbesondere wenn bestimmte demografische Gruppen oder Nischenm\u00e4rkte angesprochen werden.\u00a0<\/p><\/li>\n\n\n\n<li><p><strong>Kulturelle sensibilit\u00e4t<\/strong>: Aufgrund der vielf\u00e4ltigen Bev\u00f6lkerung Manilas k\u00f6nnen kulturelle Faktoren die Reaktionen der Teilnehmer in Fokusgruppen beeinflussen.\u00a0<\/p><\/li>\n\n\n\n<li><p><strong>Logistische Herausforderungen<\/strong>: Die Organisation von Fokusgruppen erfordert eine sorgf\u00e4ltige Planung, einschlie\u00dflich der Auswahl eines geeigneten Veranstaltungsortes, der Planung von Sitzungen und der Sicherstellung der Verf\u00fcgbarkeit der Teilnehmer.\u00a0<\/p><\/li>\n\n\n\n<li><p><strong>Voreingenommenheit und Gruppendynamik<\/strong>: Diskussionen in Fokusgruppen k\u00f6nnen durch dominante Teilnehmer beeinflusst werden, was zu verzerrten Ergebnissen f\u00fchrt. Um die Gruppendynamik zu steuern und sicherzustellen, dass alle Teilnehmer die M\u00f6glichkeit haben, ihre Ansichten zu \u00e4u\u00dfern, ist eine kompetente Moderation erforderlich.<\/p><\/li>\n\n\n\n<li><strong>Dateninterpretation<\/strong>: Die Analyse qualitativer Daten aus Fokusgruppen kann komplex sein, da sie die Interpretation der Antworten der Teilnehmer und die Identifizierung zentraler Themen erfordert.&nbsp;<\/li>\n<\/ul>\n\n\n\n<h2 class=\"wp-block-heading p1\"><span class=\"s1\">Warum sollten Sie sich f\u00fcr SIS f\u00fcr Fokusgruppen in Manila, Philippinen, entscheiden?<\/span><\/h2>\n\n\n\n<ul class=\"wp-block-list ul1\">\n<li><span class=\"s1\">Die Philippinen sind eine schnell wachsende Wirtschaft<\/span><\/li>\n\n\n\n<li><span class=\"s1\">Zugang zu einer gro\u00dfen Verbraucherbasis (\u00fcber 98 Millionen Einwohner!)<\/span><\/li>\n\n\n\n<li><span class=\"s1\">Englischsprachige Verbraucherbasis wird oft \u00fcbersehen<\/span><\/li>\n\n\n\n<li><span class=\"s1\">Heimat einer breiten Palette von Branchen: Automobil, Lebensversicherung, Finanzen und mehr!<\/span><\/li>\n<\/ul>\n\n\n\n<p class=\"p1\"><span class=\"s1\"> Pers\u00f6nliche Interviews und Studien sind der effektivste Weg, um Befragte zu erreichen und Trends bei den Interessen der Verbraucher zu ermitteln. Die pers\u00f6nliche Interaktion ist auf den Philippinen ein gesch\u00e4tzter kultureller Wert und schafft Vertrauen und Respekt zwischen den Teilnehmern.<\/span><\/p>\n\n\n\n<p class=\"p1\"><span class=\"s1\">Das SIS SEA-Team hat eine nachgewiesene Erfolgsbilanz bei der Verwaltung hervorragender lokalisierter Projekte in einer Vielzahl von Branchenstudien, darunter die von japanischen Automobilunternehmen, Western Union Global Banking, X und anderen Smartphone-Technologien, da die Bev\u00f6lkerung vom Festnetz auf die immer weiter verbreitete Nutzung von Mobiltelefonen umsteigt. SIS Southeast Asia Regional nutzt sowohl seine Expertise in <a href=\"https:\/\/www.linkedin.com\/pulse\/how-market-research-enables-growth-ruth-stanat-phekf\/\" target=\"_blank\" rel=\"noopener\"><span style=\"font-weight: 400;\">Marktforschung<\/span><\/a> und Gesch\u00e4ftsentwicklung und seine genaue Vertrautheit mit der lokalen Kultur, um hochwertige strategische Einblicke in Gesch\u00e4ftsstrategie und -wachstum zu bieten.<\/span><\/p>\n\n\n\n<p><\/p>\n\n\n\n<h2 class=\"wp-block-heading\">\u00dcber SIS International<\/h2>\n\n\n\n<p><a href=\"https:\/\/www.sisinternational.com\/de\/\">SIS International<\/a> bietet quantitative, qualitative und strategische Forschung an. Wir liefern Daten, Tools, Strategien, Berichte und Erkenntnisse zur Entscheidungsfindung. Wir f\u00fchren auch Interviews, Umfragen, Fokusgruppen und andere Methoden und Ans\u00e4tze der Marktforschung durch.<a href=\"https:\/\/www.sisinternational.com\/de\/uber-sis-international-research\/contact-sis-international-market-research\/\"> Kontakt<\/a> f\u00fcr Ihr n\u00e4chstes Marktforschungsprojekt.<\/p>\n\n\n\n<p><\/p>","protected":false},"excerpt":{"rendered":"<p>Fokusgruppen in Manila, Philippinen: SIS International Research verwendet bew\u00e4hrte, ergebnisorientierte Methoden der Prim\u00e4r- und Sekund\u00e4rforschung.<\/p>","protected":false},"author":1,"featured_media":65703,"parent":14508,"menu_order":5,"comment_status":"closed","ping_status":"closed","template":"","meta":{"footnotes":""},"class_list":["post-22440","page","type-page","status-publish","has-post-thumbnail"],"_links":{"self":[{"href":"https:\/\/www.sisinternational.com\/de\/wp-json\/wp\/v2\/pages\/22440","targetHints":{"allow":["GET"]}}],"collection":[{"href":"https:\/\/www.sisinternational.com\/de\/wp-json\/wp\/v2\/pages"}],"about":[{"href":"https:\/\/www.sisinternational.com\/de\/wp-json\/wp\/v2\/types\/page"}],"author":[{"embeddable":true,"href":"https:\/\/www.sisinternational.com\/de\/wp-json\/wp\/v2\/users\/1"}],"replies":[{"embeddable":true,"href":"https:\/\/www.sisinternational.com\/de\/wp-json\/wp\/v2\/comments?post=22440"}],"version-history":[{"count":5,"href":"https:\/\/www.sisinternational.com\/de\/wp-json\/wp\/v2\/pages\/22440\/revisions"}],"predecessor-version":[{"id":67781,"href":"https:\/\/www.sisinternational.com\/de\/wp-json\/wp\/v2\/pages\/22440\/revisions\/67781"}],"up":[{"embeddable":true,"href":"https:\/\/www.sisinternational.com\/de\/wp-json\/wp\/v2\/pages\/14508"}],"wp:featuredmedia":[{"embeddable":true,"href":"https:\/\/www.sisinternational.com\/de\/wp-json\/wp\/v2\/media\/65703"}],"wp:attachment":[{"href":"https:\/\/www.sisinternational.com\/de\/wp-json\/wp\/v2\/media?parent=22440"}],"curies":[{"name":"wp","href":"https:\/\/api.w.org\/{rel}","templated":true}]}}