{"id":22149,"date":"2017-02-28T00:34:11","date_gmt":"2017-02-28T00:34:11","guid":{"rendered":"https:\/\/www.sisinternational.com\/?page_id=22149"},"modified":"2025-09-10T22:58:22","modified_gmt":"2025-09-11T02:58:22","slug":"strategische-beschaffung-2","status":"publish","type":"page","link":"https:\/\/www.sisinternational.com\/de\/losungen\/sis-globales-wachstum\/strategische-beschaffung-2\/","title":{"rendered":"Fachm\u00e4nnische Beschaffungsl\u00f6sungen"},"content":{"rendered":"<h1 class=\"wp-block-heading p1\">Fachm\u00e4nnische Beschaffungsl\u00f6sungen<\/h1>\n\n\n\n<figure class=\"gb-block-image gb-block-image-c0abd4a4\"><img loading=\"lazy\" decoding=\"async\" width=\"1024\" height=\"574\" class=\"gb-image gb-image-c0abd4a4\" src=\"https:\/\/www.sisinternational.com\/wp-content\/uploads\/2025\/08\/Focus-group-meeting-10-1024x574.jpg\" alt=\"SIS International Marktforschung &amp; Strategie\" title=\"Focus group &amp; meeting (10)\" srcset=\"https:\/\/www.sisinternational.com\/wp-content\/uploads\/2025\/08\/Focus-group-meeting-10-1024x574.jpg 1024w, https:\/\/www.sisinternational.com\/wp-content\/uploads\/2025\/08\/Focus-group-meeting-10-300x168.jpg 300w, https:\/\/www.sisinternational.com\/wp-content\/uploads\/2025\/08\/Focus-group-meeting-10-768x430.jpg 768w, https:\/\/www.sisinternational.com\/wp-content\/uploads\/2025\/08\/Focus-group-meeting-10-18x10.jpg 18w, https:\/\/www.sisinternational.com\/wp-content\/uploads\/2025\/08\/Focus-group-meeting-10.jpg 1456w\" sizes=\"auto, (max-width: 1024px) 100vw, 1024px\"><\/figure>\n\n\n\n<p><\/p>\n\n\n\n<hr class=\"wp-block-separator has-alpha-channel-opacity is-style-dots\"\/>\n\n\n\n<p>SIS Global Growth provides businesses access to experts, analysts, consultants, opinion leaders and thought-leaders for corporate growth, management, change, and strategy. Technical expertise, best practices and specialized experts are often unique competitive advantages for companies. Businesses can encounter challenges that fall outside their traditional purview. <a href=\"https:\/\/www.sisinternational.com\/de\/losungen\/sis-globales-wachstum\/\" title=\"SIS Global Growth Consulting\"  data-wpil-monitor-id=\"10480\">SIS Globales Wachstum<\/a> provides our clients a global platform of rapidly accessible experts, analysts, consultants and thought-leaders with highly specialized expertise and skill sets. With SIS Global Growth Strategic Sourcing and Procurement solutions, companies gain advantage in accessing <a href=\"https:\/\/www.sisinternational.com\/de\/losungen\/branding-und-kundenforschungslosungen\/marktforschung-fur-hautpflege\/\" title=\"Marktforschung f\u00fcr Hautpflegeprodukte | Beratung f\u00fcr die Sch\u00f6nheitsindustrie\"  data-wpil-monitor-id=\"10487\">industry experts and consultants<\/a> worldwide.<\/p>\n\n\n\n<h2 class=\"wp-block-heading\">Fachkundige Beschaffungs- und Branchenanalysten auf Abruf<\/h2>\n\n\n\n<p>SIS verbindet Ihr Unternehmen mit Experten auf der ganzen Welt, die Folgendes k\u00f6nnen:<\/p>\n\n\n\n<ul class=\"wp-block-list\">\n<li><span class=\"s2\">Consult on operations, sales, marketing, department development,&nbsp;management, competitive strategy, new product development, supply chain, and&nbsp;other business functions.<\/span><\/li>\n\n\n\n<li><span class=\"s2\">Advise on <a href=\"https:\/\/www.sisinternational.com\/de\/top-unternehmen-fur-die-prognose-von-b2b-branchentrends\/\" title=\"F\u00fchrendes Unternehmen f\u00fcr Prognosen von B2B-Branchentrends\"  data-wpil-monitor-id=\"10497\">industry changes and trends<\/a><\/span><\/li>\n\n\n\n<li><span class=\"s2\">Initiate <a href=\"https:\/\/www.sisinternational.com\/de\/losungen\/sis-globales-wachstum\/strategieberatung-fur-schwellenmarkte\/\" title=\"Strategieberatung f\u00fcr Schwellenm\u00e4rkte\"  data-wpil-monitor-id=\"10490\">strategies for entering new markets<\/a><\/span><\/li>\n\n\n\n<li><span class=\"s2\"><a href=\"https:\/\/www.sisinternational.com\/de\/losungen\/sis-globales-wachstum\/globales-projektmanagement\/\" title=\"Globale Projektmanagementberatung\"  data-wpil-monitor-id=\"10493\">Strategische Initiativen und Projekte managen<\/a><\/span><\/li>\n\n\n\n<li><span class=\"s2\">Unterst\u00fctzen Sie Prozess- und Produktentwicklungs\u00e4nderungen<\/span><\/li>\n\n\n\n<li><span class=\"s2\">Implementieren Sie bew\u00e4hrte Methoden<\/span><\/li>\n\n\n\n<li><span class=\"s2\">Inspirieren Sie Innovation und neues Denken<\/span><\/li>\n\n\n\n<li><span class=\"s2\">Bereitstellung strategischer Analysen<\/span><\/li>\n\n\n\n<li><span class=\"s2\">Beheben Sie organisatorische Probleme<\/span><\/li>\n\n\n\n<li><span class=\"s2\">Befassen Sie sich mit Themen wie Produktivit\u00e4t und Rentabilit\u00e4t<\/span><\/li>\n\n\n\n<li><span class=\"s2\">Unterst\u00fctzen Sie das Personal dabei, fundierte und zeitnahe Entscheidungen zu treffen<\/span><\/li>\n<\/ul>\n\n\n\n<h2 class=\"wp-block-heading p1\"><span class=\"s1\">Globale Key Opinion Leader Beschaffungsl\u00f6sungen<\/span><\/h2>\n\n\n\n<p class=\"p1\"><span class=\"s1\">SIS provides a global <a href=\"https:\/\/www.sisinternational.com\/de\/losungen\/strategieberatung\/expertennetzwerk-marktforschung\/\" title=\"Experten-Netzwerk Marktforschung\"  data-wpil-monitor-id=\"10495\">network of experts<\/a> distinguished by their influence and profile in&nbsp;their respective industry, professional expertise, published books, white papers, and&nbsp;thought leadership. These thought leaders are established in a specific field and have&nbsp;industry-specific expertise.<\/span><\/p>\n\n\n\n<h3 class=\"wp-block-heading p1\"><span class=\"s1\">Beispiel-Experten:<\/span><\/h3>\n\n\n\n<ul class=\"wp-block-list\">\n<li><span class=\"s2\"><strong>Professional Leaders:<\/strong> C-Level \u2013 Industry leaders \u2013 Decision Makers \u2013 Corporate&nbsp;alumni \u2013 Market Entry experts<\/span><\/li>\n\n\n\n<li><span class=\"s2\"><strong>Technical Leaders<\/strong>: Attorneys \u2013 Engineers \u2013 Project Managers \u2013 Designers \u2013&nbsp;Physicians \u2013 Administrators \u2013 Hydrologists \u2013 <a href=\"https:\/\/www.sisinternational.com\/de\/sachverstand\/branchen\/ol-und-gasmarktforschung\/\" title=\"\u00d6l- und Gasmarktforschung\"  data-wpil-monitor-id=\"10499\">\u00d6l und Gas<\/a> Experts \u2013 Import \/ Export&nbsp;\u2013 IT experts<\/span><\/li>\n\n\n\n<li><span class=\"s2\">Softwareentwickler \u2013 Forensik-Experten<\/span><\/li>\n\n\n\n<li><span class=\"s2\"><strong>Thought Leaders<\/strong>: Authors \u2013 Writers \u2013 Online influencers \u2013 Activists<\/span><\/li>\n\n\n\n<li><span class=\"s2\">Bloggers \u2013 Group Leaders \u2013 Community Leader<\/span><\/li>\n\n\n\n<li>Medienfachleute \u2013 Journalisten, Filmproduzenten und -regisseure sowie Medienmanager<\/li>\n<\/ul>\n\n\n\n<h2 class=\"wp-block-heading p1\"><span class=\"s1\">Vorteile von SIS Global Growth Strategic Sourcing and Procurement:<\/span><\/h2>\n\n\n\n<ul class=\"wp-block-list\">\n<li><span class=\"s2\">Procurement of the highest-quality experts worldwide<\/span><\/li>\n\n\n\n<li><span class=\"s2\">\u00dcber 30 Jahre Erfahrung in der Betreuung vieler weltweit f\u00fchrender Organisationen<\/span><\/li>\n<\/ul>\n\n\n\n<p><span class=\"s2\">Strenge Qualit\u00e4tsverfahren und -\u00fcberwachung<\/span><\/p>\n\n\n\n<p><span class=\"s2\">Ability to assemble high-performance teams of experts<\/span><\/p>\n\n\n\n<p><span class=\"s2\">Schnelle Antwort<\/span><\/p>\n\n\n<h2>Unser Standort in New York<\/h2>\n<p><iframe loading=\"lazy\" src=\"https:\/\/www.google.com\/maps\/embed?pb=!1m18!1m12!1m3!1d3022.976188376966!2d-73.99130312499956!3d40.740549471389315!2m3!1f0!2f0!3f0!3m2!1i1024!2i768!4f13.1!3m3!1m2!1s0x89c259a15798c731%3A0xd695d09bdd495f25!2s11%20E%2022nd%20St%20FL%202%2C%20New%20York%2C%20NY%2010010%2C%20USA!5e0!3m2!1sen!2spe!4v1726171763526!5m2!1sen!2spe\" width=\"600\" height=\"450\" allowfullscreen=\"allowfullscreen\" data-mce-fragment=\"1\"><\/iframe><\/p>\n<h3 class=\"wp-block-heading\">11 E 22nd Street, Floor 2, New York, NY 10010 T: +1(212) 505-6805<\/h3>\n<hr \/>\n<h2><span style=\"font-weight: 400;\">\u00dcber SIS International<\/span><\/h2>\n<p><a href=\"https:\/\/www.sisinternational.com\/de\/\"><span style=\"font-weight: 400;\">SIS International<\/span><\/a><span style=\"font-weight: 400;\">\u00a0offers Quantitative, Qualitative, and Strategy Research. We provide data, tools, strategies, reports, and insights for decision-making. We also conduct interviews, surveys, focus groups, and other <a href=\"https:\/\/www.sisinternational.com\/de\/quantitative-market-research-methods-and-techniques\/\" title=\"Quantitative Market Research Methods and Techniques\"  data-wpil-monitor-id=\"10484\">Market Research methods<\/a> and approaches.<\/span><a href=\"https:\/\/www.sisinternational.com\/de\/uber-sis-international-research\/contact-sis-international-market-research\/\"><span style=\"font-weight: 400;\">\u00a0Kontakt<\/span><\/a><span style=\"font-weight: 400;\">\u00a0f\u00fcr Ihr n\u00e4chstes Marktforschungsprojekt.<\/span><\/p>\n<\/p>\n\n\n<p><\/p>","protected":false},"excerpt":{"rendered":"<p>SIS ist ein f\u00fchrendes globales Strategieunternehmen. Wir stellen Experten, Autoren, Berater, wichtige Meinungsf\u00fchrer und Vordenker f\u00fcr das Unternehmenswachstum zur Verf\u00fcgung.<\/p>","protected":false},"author":1,"featured_media":62672,"parent":22092,"menu_order":2,"comment_status":"closed","ping_status":"closed","template":"","meta":{"footnotes":""},"class_list":["post-22149","page","type-page","status-publish","has-post-thumbnail"],"_links":{"self":[{"href":"https:\/\/www.sisinternational.com\/de\/wp-json\/wp\/v2\/pages\/22149","targetHints":{"allow":["GET"]}}],"collection":[{"href":"https:\/\/www.sisinternational.com\/de\/wp-json\/wp\/v2\/pages"}],"about":[{"href":"https:\/\/www.sisinternational.com\/de\/wp-json\/wp\/v2\/types\/page"}],"author":[{"embeddable":true,"href":"https:\/\/www.sisinternational.com\/de\/wp-json\/wp\/v2\/users\/1"}],"replies":[{"embeddable":true,"href":"https:\/\/www.sisinternational.com\/de\/wp-json\/wp\/v2\/comments?post=22149"}],"version-history":[{"count":6,"href":"https:\/\/www.sisinternational.com\/de\/wp-json\/wp\/v2\/pages\/22149\/revisions"}],"predecessor-version":[{"id":81725,"href":"https:\/\/www.sisinternational.com\/de\/wp-json\/wp\/v2\/pages\/22149\/revisions\/81725"}],"up":[{"embeddable":true,"href":"https:\/\/www.sisinternational.com\/de\/wp-json\/wp\/v2\/pages\/22092"}],"wp:featuredmedia":[{"embeddable":true,"href":"https:\/\/www.sisinternational.com\/de\/wp-json\/wp\/v2\/media\/62672"}],"wp:attachment":[{"href":"https:\/\/www.sisinternational.com\/de\/wp-json\/wp\/v2\/media?parent=22149"}],"curies":[{"name":"wp","href":"https:\/\/api.w.org\/{rel}","templated":true}]}}