{"id":22030,"date":"2017-02-06T23:26:00","date_gmt":"2017-02-06T23:26:00","guid":{"rendered":"https:\/\/www.sisinternational.com\/?page_id=22030"},"modified":"2026-01-26T17:01:54","modified_gmt":"2026-01-26T22:01:54","slug":"marktforschung-auf-c-niveau","status":"publish","type":"page","link":"https:\/\/www.sisinternational.com\/de\/losungen\/marktforschung-auf-c-niveau\/","title":{"rendered":"Marktforschung auf C-Ebene"},"content":{"rendered":"<h1 class=\"wp-block-heading p1\">Marktforschung auf C-Ebene<\/h1>\n\n\n\n<figure class=\"gb-block-image gb-block-image-0587d26d\"><img loading=\"lazy\" decoding=\"async\" width=\"1456\" height=\"816\" class=\"gb-image gb-image-0587d26d\" src=\"https:\/\/www.sisinternational.com\/wp-content\/uploads\/2025\/08\/CEO-CIO-manager-4.jpg\" alt=\"SIS International Marktforschung &amp; Strategie\" title=\"CEO CIO manager (4)\" srcset=\"https:\/\/www.sisinternational.com\/wp-content\/uploads\/2025\/08\/CEO-CIO-manager-4.jpg 1456w, https:\/\/www.sisinternational.com\/wp-content\/uploads\/2025\/08\/CEO-CIO-manager-4-300x168.jpg 300w, https:\/\/www.sisinternational.com\/wp-content\/uploads\/2025\/08\/CEO-CIO-manager-4-1024x574.jpg 1024w, https:\/\/www.sisinternational.com\/wp-content\/uploads\/2025\/08\/CEO-CIO-manager-4-768x430.jpg 768w, https:\/\/www.sisinternational.com\/wp-content\/uploads\/2025\/08\/CEO-CIO-manager-4-18x10.jpg 18w\" sizes=\"auto, (max-width: 1456px) 100vw, 1456px\"><\/figure>\n\n\n\n<p><\/p>\n\n\n\n<hr class=\"wp-block-separator has-alpha-channel-opacity is-style-dots\"\/>\n\n\n\n<p><span style=\"font-weight: 400;\">Haben Sie sich schon einmal gefragt, wie F\u00fchrungskr\u00e4fte fundierte Entscheidungen treffen, die die Zukunft ihres Unternehmens bestimmen? Marktforschung auf C-Level ist eines der wichtigsten Instrumente, die diese wichtigen Entscheidungen steuern.&nbsp;<\/span><\/p>\n\n\n\n<p><span style=\"font-weight: 400;\">This specialized form of research is about understanding the nuances of the market, the competition, and consumer behavior from a strategic viewpoint of CEOs, CFOs, COOs, and others.<\/span><\/p>\n\n\n\n<h2 class=\"wp-block-heading\"><span style=\"font-weight: 400;\"><strong>Was ist C-Level-Marktforschung?<\/strong><\/span><\/h2>\n\n\n\n<p><span style=\"font-weight: 400;\">C-Level-Marktforschung ist ein anspruchsvoller, hochrangiger Ansatz zum Verst\u00e4ndnis von Marktdynamik, Verbraucherverhalten und Branchentrends. Im Gegensatz zur herk\u00f6mmlichen Marktforschung bietet C-Level-Marktforschung F\u00fchrungskr\u00e4ften jedoch die strategischen Erkenntnisse, die sie ben\u00f6tigen, um fundierte Entscheidungen zu treffen, die sich auf die gesamte Organisation auswirken.<\/span><\/p>\n\n\n\n<p><span style=\"font-weight: 400;\">Bei dieser Art der Forschung werden die Strategien der Konkurrenz analysiert, Markttrends beobachtet, technologische Fortschritte bewertet und wirtschaftliche Ver\u00e4nderungen verstanden. Ziel ist es, F\u00fchrungskr\u00e4ften auf C-Ebene ein umfassendes Verst\u00e4ndnis der externen und internen Faktoren zu vermitteln, die ihr Gesch\u00e4ft beeinflussen.&nbsp;<\/span><\/p>\n\n\n\n<p><span style=\"font-weight: 400;\">Marktforschung auf C-Level beinhaltet h\u00e4ufig eine Kombination aus qualitativen und quantitativen Methoden. Qualitative Forschung kann Interviews mit Branchenexperten, Fokusgruppen mit wichtigen Interessenvertretern und die Analyse von Fallstudien umfassen. Quantitative Forschung hingegen umfasst die Sammlung und Analyse numerischer Daten wie Marktgr\u00f6\u00dfe, Verbraucherdemografie und Verkaufszahlen.<\/span><\/p>\n\n\n\n<h2 class=\"wp-block-heading\">Ausarbeitung wirksamer Screener: Identifizierung und Profilierung der idealen Entscheidungstr\u00e4ger auf C-Level f\u00fcr strategisches Engagement<\/h2>\n\n\n\n<figure class=\"gb-block-image gb-block-image-df089ce7\"><img loading=\"lazy\" decoding=\"async\" width=\"1456\" height=\"816\" class=\"gb-image gb-image-df089ce7\" src=\"https:\/\/www.sisinternational.com\/wp-content\/uploads\/2025\/08\/Business-27.jpg\" alt=\"SIS International Marktforschung &amp; Strategie\" title=\"Business (27)\" srcset=\"https:\/\/www.sisinternational.com\/wp-content\/uploads\/2025\/08\/Business-27.jpg 1456w, https:\/\/www.sisinternational.com\/wp-content\/uploads\/2025\/08\/Business-27-300x168.jpg 300w, https:\/\/www.sisinternational.com\/wp-content\/uploads\/2025\/08\/Business-27-1024x574.jpg 1024w, https:\/\/www.sisinternational.com\/wp-content\/uploads\/2025\/08\/Business-27-768x430.jpg 768w, https:\/\/www.sisinternational.com\/wp-content\/uploads\/2025\/08\/Business-27-18x10.jpg 18w\" sizes=\"auto, (max-width: 1456px) 100vw, 1456px\"><\/figure>\n\n\n\n<p><\/p>\n\n\n\n<p>Haben Sie schon einmal dar\u00fcber nachgedacht, was eine erfolgreiche Zusammenarbeit mit einem C-Level-Manager von einer verpassten Chance unterscheidet? F\u00fcr Unternehmen, die k\u00fcrzlich an die B\u00f6rse gegangen sind oder kurz davor stehen, ist die F\u00e4higkeit, die richtigen C-Level-Entscheidungstr\u00e4ger zu identifizieren und zu profilieren, nicht nur ein taktischer Schachzug \u2013 es ist ein strategisches Gebot. Im komplexen Tanz des Unternehmensengagements kann das Wissen, wen man wann und mit welchem Angebot anspricht, den Unterschied ausmachen, ob man eine wertvolle Verbindung kn\u00fcpft oder einfach nur Teil des L\u00e4rms ist.<\/p>\n\n\n\n<h2 class=\"wp-block-heading\"><span style=\"font-weight: 400;\"><strong>Die zentrale Bedeutung der Marktforschung auf C-Level<\/strong><\/span><\/h2>\n\n\n\n<p><span style=\"font-weight: 400;\">Marktforschung auf C-Level ist unerl\u00e4sslich, da sie einen ganzheitlichen Blick auf den Markt bietet. F\u00fchrungskr\u00e4fte k\u00f6nnen ihre Position im Vergleich zu den Wettbewerbern besser verstehen, aufkommende Trends erkennen und unerf\u00fcllte Bed\u00fcrfnisse im Markt identifizieren. Diese umfassende Perspektive ist entscheidend f\u00fcr die Entwicklung von Strategien und die proaktive Antizipation k\u00fcnftiger Ver\u00e4nderungen.<\/span><\/p>\n\n\n\n<p><span style=\"font-weight: 400;\">Dar\u00fcber hinaus ist Marktforschung auf F\u00fchrungsebene f\u00fcr das Risikomanagement von entscheidender Bedeutung, da F\u00fchrungskr\u00e4fte durch die Analyse von Markttrends, Verbraucherverhalten und Wirtschaftsindikatoren potenzielle Risiken und Herausforderungen identifizieren k\u00f6nnen, die sich auf das Gesch\u00e4ft auswirken k\u00f6nnten. Diese Vorausschau erm\u00f6glicht die Entwicklung von Notfallpl\u00e4nen und Strategien zur Risikominderung und stellt sicher, dass das Unternehmen angesichts der Unsicherheit widerstandsf\u00e4hig bleibt.<\/span><\/p>\n\n\n\n<p><span style=\"font-weight: 400;\">Ein weiterer wichtiger Aspekt der Marktforschung auf C-Level ist ihr Beitrag zu Innovation und Wachstum. Durch eine detaillierte Analyse von Marktdaten k\u00f6nnen Unternehmen neue M\u00f6glichkeiten f\u00fcr Produktentwicklung, Markterweiterung und Kundenbindung erkennen. <\/span><\/p>\n\n\n\n<h2 class=\"wp-block-heading\">Gespr\u00e4che mit F\u00fchrungskr\u00e4ften der obersten F\u00fchrungsebene<\/h2>\n\n\n\n<p class=\"p1\"><span class=\"s1\">Durch die Rekrutierung von Forschungsteilnehmern mit umfassenden Branchenkenntnissen und Fachkenntnissen k\u00f6nnen wir topaktuelle Erkenntnisse liefern, die unseren Kunden bei der Formulierung umfassender Strategien und L\u00f6sungen helfen. <a href=\"https:\/\/www.investopedia.com\/terms\/c\/c-suite.asp\" target=\"_blank\" rel=\"noopener\">Branchenexperten auf h\u00f6chstem Niveau<\/a> Geben Sie in ihren jeweiligen Bereichen Expertenmeinungen zu Gesch\u00e4ftsstrategien und Trends ab.<span class=\"Apple-converted-space\">&nbsp; <\/span>Sie verf\u00fcgen au\u00dferdem \u00fcber eine unsch\u00e4tzbar wertvolle Perspektive auf den globalen Markt, Marktbewegungen sowie Wettbewerbschancen und -risiken. Bei SIS m\u00f6chten wir diese Perspektive zum Nutzen unserer Kunden nutzen.<\/span><\/p>\n\n\n\n<p><strong><span class=\"s1\">Hocherfahrene F\u00fchrungskr\u00e4fte liefern wichtige gesch\u00e4ftliche Einblicke in:<\/span><\/strong><\/p>\n\n\n\n<ul class=\"wp-block-list\">\n<li><span class=\"s1\">Branchentrends<\/span><\/li>\n\n\n\n<li><span class=\"s1\">Verkaufsstrategie<\/span><\/li>\n\n\n\n<li><span class=\"s1\">Einkaufsprozesse<\/span><\/li>\n\n\n\n<li><span class=\"s1\">Anlagem\u00f6glichkeiten<\/span><\/li>\n\n\n\n<li><span class=\"s1\">Wettbewerbsbedrohungen<\/span><\/li>\n\n\n\n<li><span class=\"s1\">Management- und Organisationseinblicke<\/span><\/li>\n\n\n\n<li>Empfohlene Vorgehensweise<\/li>\n<\/ul>\n\n\n\n<h2 class=\"wp-block-heading\">L\u00f6sungen f\u00fcr die Personalbeschaffung<\/h2>\n\n\n\n<p class=\"p1\"><span class=\"s1\">Als f\u00fchrender Anbieter f\u00fcr globale Marktforschung und Strategie mit \u00fcber 40 Jahren Erfahrung verf\u00fcgt SIS \u00fcber eine Erfolgsbilanz bei der Bereitstellung der umsetzbaren Ergebnisse, die Kunden von einer leistungsstarken Agentur erwarten.<span class=\"Apple-converted-space\">&nbsp; <\/span><\/span><\/p>\n\n\n\n<p class=\"p1\"><span class=\"s1\">SIS f\u00fchrt Fokusgruppen, ausf\u00fchrliche Interviews, Analysen und umfassende Berichte durch.<span class=\"Apple-converted-space\">&nbsp; <\/span>Mit unseren F\u00e4higkeiten, unserem Ansatz, unserem Personal und unserer Expertise bieten wir einen beispiellosen Forschungszugang zu den Meinungen, Erkenntnissen und Erfahrungen von F\u00fchrungskr\u00e4ften der obersten Ebene.&nbsp;<\/span><\/p>\n\n\n\n<p class=\"p1\"><span class=\"s1\">Da es sich bei den Top-F\u00fchrungskr\u00e4ften auf C-Ebene um vielbesch\u00e4ftigte und finanziell unabh\u00e4ngige Fachleute handelt, sind sie eine hoch gesch\u00e4tzte Zielgruppe f\u00fcr ausf\u00fchrliche Interviews und Brancheneinblicke. Wir verwenden eine geeignete Methodik, Herangehensweise, Interviewl\u00e4nge und Anreiz.<span class=\"Apple-converted-space\">&nbsp; We communicate the importance of the <a href=\"https:\/\/www.sisinternational.com\/de\/abdeckung\/die-amerikaner\/marktforschung-in-lateinamerika-2\/marktforschung-uruguay\/\" title=\"Marktforschung in Uruguay\" data-wpil-monitor-id=\"5076\">Forschung<\/a> and the value of participating in Market Research.<span class=\"Apple-converted-space\">&nbsp; <\/span>Wir stellen sicher, dass unser Ansatz, unsere Methodik, unsere Einrichtungen, unsere Personalvermittler und Moderatoren die Qualit\u00e4tserwartungen, Qualifikationen und Erfahrungen erf\u00fcllen, die f\u00fcr Interviews und Recherchen auf C-Level angemessen sind.<\/span><\/p>\n\n\n\n<h2 class=\"wp-block-heading\">Forschungsmethoden<\/h2>\n\n\n\n<p>Durch die Kombination qualitativer und quantitativer Forschung k\u00f6nnen Unternehmen ein mehrdimensionales Profil dieser F\u00fchrungskr\u00e4fte erstellen. Qualitative Forschung bietet tiefgreifende Einblicke in die Gesch\u00e4ftsphilosophie, den F\u00fchrungsstil und die Entscheidungskriterien der F\u00fchrungskraft. Quantitative Forschung bietet einen breiteren Kontext ihrer Rolle im Marktumfeld, der Leistung ihres Unternehmens und der Branchenbenchmarks.<\/p>\n\n\n\n<p>Dieser duale Ansatz erm\u00f6glicht es Unternehmen, \u00fcber oberfl\u00e4chliche Merkmale hinauszugehen und die Antriebskr\u00e4fte, Motivationen und Priorit\u00e4ten dieser Spitzenfachkr\u00e4fte zu verstehen. Er hilft dabei, eine Kommunikation zu gestalten, die direkt auf die Herausforderungen eingeht, denen sie gegen\u00fcberstehen, und die Ziele, die sie erreichen m\u00f6chten. Er erm\u00f6glicht einen personalisierten Ansatz, der ihre Aufmerksamkeit fesseln und eine Reaktion hervorrufen kann.<\/p>\n\n\n\n<h2 class=\"wp-block-heading\"><span style=\"font-weight: 400;\"><strong>Wann sollte eine Marktforschung auf C-Level durchgef\u00fchrt werden?<\/strong><\/span><\/h2>\n\n\n\n<figure class=\"gb-block-image gb-block-image-4b960d29\"><img loading=\"lazy\" decoding=\"async\" width=\"1456\" height=\"816\" class=\"gb-image gb-image-4b960d29\" src=\"https:\/\/www.sisinternational.com\/wp-content\/uploads\/2025\/08\/Business-17.jpg\" alt=\"SIS International Marktforschung &amp; Strategie\" title=\"Business (17)\" srcset=\"https:\/\/www.sisinternational.com\/wp-content\/uploads\/2025\/08\/Business-17.jpg 1456w, https:\/\/www.sisinternational.com\/wp-content\/uploads\/2025\/08\/Business-17-300x168.jpg 300w, https:\/\/www.sisinternational.com\/wp-content\/uploads\/2025\/08\/Business-17-1024x574.jpg 1024w, https:\/\/www.sisinternational.com\/wp-content\/uploads\/2025\/08\/Business-17-768x430.jpg 768w, https:\/\/www.sisinternational.com\/wp-content\/uploads\/2025\/08\/Business-17-18x10.jpg 18w\" sizes=\"auto, (max-width: 1456px) 100vw, 1456px\"><\/figure>\n\n\n\n<p><\/p>\n\n\n\n<p><span style=\"font-weight: 400;\">Determining the optimal timing for conducting C-level market research is crucial for maximizing its benefits. This strategic research should be aligned with the company&#8217;s key decision-making processes and business cycles. There are specific scenarios and stages in a business\u2019s <a href=\"https:\/\/www.sisinternational.com\/de\/losungen\/branding-und-kundenforschungslosungen\/lebenszyklusverwaltung\/\" title=\"Lebenszyklus-Marktforschung\" data-wpil-monitor-id=\"2985\">lifecycle when C-level market research<\/a> becomes particularly valuable.<\/span><\/p>\n\n\n\n<p><b>\u2022 Vor strategischen Planungssitzungen: <\/b><span style=\"font-weight: 400;\">Vor wichtigen strategischen Planungssitzungen sollte eine Marktforschung auf C-Level durchgef\u00fchrt werden. Diese Forschung liefert die notwendigen Erkenntnisse, um realistische Ziele zu setzen, neue M\u00f6glichkeiten zu erkennen und wirksame Strategien zu formulieren.<\/span><\/p>\n\n\n\n<p><b>\u2022 Vor der Einf\u00fchrung neuer Produkte oder Dienstleistungen: <\/b><span style=\"font-weight: 400;\">Bevor man ein neues Produkt oder eine neue Dienstleistung auf den Markt bringt, ist es wichtig, die Marktnachfrage, den Wettbewerb und die Kundenpr\u00e4ferenzen zu verstehen. Marktforschung auf F\u00fchrungsebene liefert diese wichtigen Informationen und stellt sicher, dass neue Angebote gut f\u00fcr den Erfolg positioniert sind.<\/span><\/p>\n\n\n\n<p><b>\u2022 Beim Eintritt in neue M\u00e4rkte:<\/b><span style=\"font-weight: 400;\"> Die Durchf\u00fchrung von Marktforschung auf C-Level hilft dabei, die Rentabilit\u00e4t des neuen Marktes einzusch\u00e4tzen, das lokale Verbraucherverhalten zu verstehen und potenzielle Markteintrittsbarrieren zu identifizieren.<\/span><\/p>\n\n\n\n<p><b>\u2022 Bei stagnierendem Wachstum oder R\u00fcckgang: <\/b><span style=\"font-weight: 400;\">Wenn ein Unternehmen mit Stagnation oder R\u00fcckgang konfrontiert ist, kann eine Marktforschung auf F\u00fchrungsebene die zugrunde liegenden Ursachen identifizieren und bei der Formulierung einer Turnaround-Strategie helfen.<\/span><\/p>\n\n\n\n<p><b>\u2022 Nach der Fusion oder \u00dcbernahme:<\/b><span style=\"font-weight: 400;\"> Nach einer Fusion oder \u00dcbernahme ist die Durchf\u00fchrung einer Marktforschung auf F\u00fchrungsebene von entscheidender Bedeutung, um die gemeinsame Marktposition, potenzielle Synergien sowie \u00dcberschneidungs- oder Konfliktbereiche zu verstehen.<\/span><\/p>\n\n\n\n<p><b>\u2022 Als Reaktion auf Bewegungen der Konkurrenz:<\/b><span style=\"font-weight: 400;\"> Wenn Wettbewerber neue Produkte auf den Markt bringen, ihre Strategien \u00e4ndern oder bedeutende Ver\u00e4nderungen durchlaufen, ist es wichtig, Marktforschung auf F\u00fchrungsebene durchzuf\u00fchren, um die Auswirkungen auf Ihr Unternehmen zu verstehen und Ihre Strategie nach Bedarf anzupassen.<\/span><\/p>\n\n\n\n<h2 class=\"wp-block-heading\">So erstellen Sie wirksame Screener<\/h2>\n\n\n\n<p>Die Erstellung effektiver Screening-Tools ist ein entscheidender Schritt bei der Identifizierung und Ansprache der idealen Entscheidungstr\u00e4ger auf C-Ebene. Screening-Tools sind die Tools, mit denen Unternehmen sich auf diejenigen Personen konzentrieren k\u00f6nnen, die am besten zu ihren strategischen Zielen passen. Aber wie erstellt man ein Screening-Tool, das sowohl effektiv als auch effizient ist, insbesondere wenn es auf die differenzierte und gesch\u00e4ftige Welt der C-Ebene-F\u00fchrungskr\u00e4fte abzielt, beispielsweise auf Experten im Finanzdienstleistungsbereich?<\/p>\n\n\n\n<p><strong><b>- <\/b>Identifizieren Sie wichtige Eigenschaften und Qualifikationen:<\/strong> Bestimmen Sie die unverzichtbaren Eigenschaften, Erfahrungen und Qualifikationen, die mit den Gesch\u00e4ftszielen \u00fcbereinstimmen. F\u00fcr F\u00fchrungskr\u00e4fte der obersten Ebene kann dies Branchenerfahrung, Fachgebiete und Einfluss innerhalb ihrer Organisation umfassen.<\/p>\n\n\n\n<p><strong><b>- <\/b>Nutzen Sie Brancheneinblicke:<\/strong> Nutzung von Branchenkenntnissen zur Information des Screeners. Dies k\u00f6nnte Trends, Herausforderungen und Chancen im Finanzdienstleistungssektor beinhalten, die nur einem Experten bekannt sind.<\/p>\n\n\n\n<p><strong><b>- <\/b>Setzen Sie ein Punktesystem ein:<\/strong> Implementierung eines Punktesystems zur Bewertung der Antworten. Mithilfe dieses quantitativen Ma\u00dfstabs k\u00f6nnen Unternehmen objektiv beurteilen, welche F\u00fchrungskr\u00e4fte der obersten F\u00fchrungsebene ihre Kriterien erf\u00fcllen und in welchem Umfang.<\/p>\n\n\n\n<p><strong><b>- <\/b>Sicherstellung der Einhaltung von Compliance- und Ethikstandards:<\/strong> Bei der Erstellung von Screenern muss insbesondere im Finanzdienstleistungsbereich unbedingt sichergestellt werden, dass die Methoden den Branchenvorschriften und ethischen Standards entsprechen.<\/p>\n\n\n\n<h2 class=\"wp-block-heading\">Vorteile der Identifizierung und Profilierung der idealen C-Level-Entscheidungstr\u00e4ger f\u00fcr strategisches Engagement<\/h2>\n\n\n\n<p>Einer der gr\u00f6\u00dften Vorteile ist die Pr\u00e4zision, die es der strategischen Planung verleiht. Wenn Unternehmen die Entscheidungstr\u00e4ger kennen, k\u00f6nnen sie gezielte Ans\u00e4tze entwickeln, die auf die spezifischen Interessen und Gesch\u00e4ftsanforderungen dieser F\u00fchrungskr\u00e4fte eingehen. Diese Pr\u00e4zision erh\u00f6ht nicht nur die Wahrscheinlichkeit eines Engagements, sondern schafft auch die Grundlage f\u00fcr Diskussionen, die relevant, wirkungsvoll und handlungsorientiert sind.<\/p>\n\n\n\n<p>Wenn Unternehmen die Landschaft auf F\u00fchrungsebene verstehen, k\u00f6nnen sie die allgemeine, oft wirkungslose Ansprache umgehen und ihre Ressourcen stattdessen effektiver nutzen, indem sie ihre Bem\u00fchungen auf die Personen richten, die am ehesten f\u00fcr ihre Botschaft empf\u00e4nglich sind. Diese Effizienz spart nicht nur Zeit und Geld, sondern steigert auch den Return on Investment von Marketing- und Engagement-Initiativen.<\/p>\n\n\n\n<p>Dar\u00fcber hinaus k\u00f6nnen Unternehmen durch die Zusammenarbeit mit gr\u00fcndlich gepr\u00fcften Entscheidungstr\u00e4gern auf C-Ebene Glaubw\u00fcrdigkeit und Vertrauen aufbauen. Diese Beziehungen f\u00fchren oft zu l\u00e4ngerfristigen Partnerschaften, Folgeauftr\u00e4gen und Empfehlungen, die f\u00fcr Unternehmen, die ihre Position auf dem Markt festigen m\u00f6chten, von unsch\u00e4tzbarem Wert sind.<\/p>\n\n\n\n<p>Und schlie\u00dflich verschaffen die Beziehungen zu diesen Schl\u00fcsselspielern oft einen Wettbewerbsvorteil. In M\u00e4rkten, in denen Differenzierung schwierig ist, kann ein direkter Draht zur Spitze den Unterschied zwischen Marktf\u00fchrerschaft und Mitl\u00e4uferstatus ausmachen.<\/p>\n\n\n\n<h2 class=\"wp-block-heading\"><span style=\"font-weight: 400;\"><strong>M\u00f6glichkeiten in der C-Level-Marktforschung&nbsp;<\/strong><\/span><\/h2>\n\n\n\n<p><span style=\"font-weight: 400;\">Die Landschaft der Marktforschung auf C-Level ist voller Chancen f\u00fcr Unternehmen, die bereit sind, tief in die strategische Analyse einzutauchen \u2013 und diese Art der Forschung \u00f6ffnet T\u00fcren zu zahlreichen M\u00f6glichkeiten f\u00fcr Wachstum, Innovation und Wettbewerbsvorteile.<\/span><\/p>\n\n\n\n<p><b>\u2022 Innovation vorantreiben:<\/b><span style=\"font-weight: 400;\"> Marktforschung auf F\u00fchrungsebene kann der Katalysator f\u00fcr Innovationen in einem Unternehmen sein. Durch das Aufdecken neuer Trends, latenter Kundenbed\u00fcrfnisse und Marktl\u00fccken k\u00f6nnen Unternehmen neue Produkte, Dienstleistungen oder Gesch\u00e4ftsmodelle entwickeln, die sie von ihren Mitbewerbern abheben.<\/span><\/p>\n\n\n\n<p><b>\u2022 Identifizierung neuer Marktsegmente: <\/b><span style=\"font-weight: 400;\">Eine detaillierte Marktanalyse hilft dabei, unerschlossene oder unterversorgte Marktsegmente zu identifizieren. Unternehmen k\u00f6nnen diese Erkenntnisse nutzen, um neue Kundengruppen anzusprechen, ihren Marktanteil zu vergr\u00f6\u00dfern und ihren Kundenstamm zu diversifizieren.<\/span><\/p>\n\n\n\n<p><b>\u2022 Verbesserung des Kundenerlebnisses:<\/b><span style=\"font-weight: 400;\"> Understanding the nuances of customer behavior and preferences is a key outcome of <a href=\"https:\/\/www.sisinternational.com\/de\/sachverstand\/lebenslaufe\/lebenslauf-mit-erfahrungen-im-bereich-ethnographie\/\" title=\"Ethnographie Marktforschung Erfahrung\" data-wpil-monitor-id=\"6360\">C-level market research<\/a>. This knowledge enables businesses to tailor their offerings and customer engagement strategies, leading to enhanced customer satisfaction and loyalty.<\/span><\/p>\n\n\n\n<p><b>\u2022 Strategische Partnerschaften und Kooperationen:<\/b><span style=\"font-weight: 400;\"> Erkenntnisse aus der Marktforschung auf F\u00fchrungsebene k\u00f6nnen potenzielle M\u00f6glichkeiten f\u00fcr strategische Partnerschaften oder Kooperationen aufzeigen.&nbsp;<\/span><\/p>\n\n\n\n<p><b>\u2022 Globale Expansionsm\u00f6glichkeiten: <\/b><span style=\"font-weight: 400;\">Marktforschung auf C-Level liefert wichtige Einblicke in internationale M\u00e4rkte, kulturelle Nuancen, regulatorische Rahmenbedingungen und Wettbewerbslandschaften und erleichtert so die Strategieentwicklung und Umsetzung globaler Expansionspl\u00e4ne.<\/span><\/p>\n\n\n\n<p><b>\u2022 Aufbau einer datengesteuerten Kultur:<\/b><span style=\"font-weight: 400;\"> Incorporating <a href=\"https:\/\/www.sisinternational.com\/de\/sachverstand\/branchen\/marktforschung-zu-umweltfreundlichen-baumaterialien\/\" title=\"Marktforschung zu umweltfreundlichen Baumaterialien\" data-wpil-monitor-id=\"3356\">C-level market research<\/a> into the decision-making process fosters a data-driven culture within the organization. This culture empowers employees at all levels to base their decisions on solid data and insights.<\/span><\/p>\n\n\n\n<h2 class=\"wp-block-heading\"><span style=\"font-weight: 400;\"><strong>Herausforderungen der C-Level-Marktforschung f\u00fcr Unternehmen<\/strong><\/span><\/h2>\n\n\n\n<p><span style=\"font-weight: 400;\">Mit der Marktforschung auf F\u00fchrungsebene gehen auch einige Herausforderungen einher, die sich auf die Effektivit\u00e4t der Forschung und die auf den Erkenntnissen basierenden Entscheidungen auswirken k\u00f6nnen.<\/span><\/p>\n\n\n\n<p><b>\u2022 Objektivit\u00e4t wahren: <\/b><span style=\"font-weight: 400;\">Bei Marktforschung besteht das Risiko einer Voreingenommenheit, insbesondere wenn sie sich zu sehr an vorgefassten Meinungen oder gew\u00fcnschten Ergebnissen orientiert. Um zuverl\u00e4ssige Ergebnisse zu erzielen, ist es wichtig, Objektivit\u00e4t zu wahren und sicherzustellen, dass die Forschung unvoreingenommen und genau ist.<\/span><\/p>\n\n\n\n<p><b>\u2022 Integration unterschiedlicher Datenquellen:<\/b><span style=\"font-weight: 400;\"> Marktforschung auf C-Level beinhaltet in der Regel die Integration von Daten aus verschiedenen Quellen, was eine Herausforderung sein kann. Die Gew\u00e4hrleistung der Datenkompatibilit\u00e4t, -genauigkeit und -zuverl\u00e4ssigkeit \u00fcber verschiedene Quellen hinweg ist f\u00fcr g\u00fcltige Ergebnisse von entscheidender Bedeutung.<\/span><\/p>\n\n\n\n<p><b>\u2022 Forschung in die Tat umsetzen: <\/b><span style=\"font-weight: 400;\">Eine weitere Herausforderung besteht darin, die Erkenntnisse aus der Marktforschung auf F\u00fchrungsebene effektiv in umsetzbare Strategien umzusetzen. Dies erfordert nicht nur F\u00e4higkeiten zur Datenanalyse, sondern auch strategisches Denken und Entscheidungskompetenz.<\/span><\/p>\n\n\n<h2>Unser Standort in New York<\/h2>\n<p><!-- \/wp:post-content --> <!-- wp:html --> <iframe loading=\"lazy\" src=\"https:\/\/www.google.com\/maps\/embed?pb=!1m18!1m12!1m3!1d3022.976188376966!2d-73.99130312499956!3d40.740549471389315!2m3!1f0!2f0!3f0!3m2!1i1024!2i768!4f13.1!3m3!1m2!1s0x89c259a15798c731%3A0xd695d09bdd495f25!2s11%20E%2022nd%20St%20FL%202%2C%20New%20York%2C%20NY%2010010%2C%20USA!5e0!3m2!1sen!2spe!4v1726171763526!5m2!1sen!2spe\" width=\"600\" height=\"450\" allowfullscreen=\"allowfullscreen\" data-mce-fragment=\"1\"><\/iframe> <!-- \/wp:html --> <!-- wp:paragraph --><\/p>\n<h3 class=\"wp-block-heading\">11 E 22nd Street, Floor 2, New York, NY 10010 T: +1(212) 505-6805<\/h3>\n<hr \/>\n<h2><span style=\"font-weight: 400;\">\u00dcber SIS International<\/span><\/h2>\n<p><a href=\"https:\/\/www.sisinternational.com\/de\/\"><span style=\"font-weight: 400;\">SIS International<\/span><\/a><span style=\"font-weight: 400;\"> bietet quantitative, qualitative und strategische Forschung an. Wir liefern Daten, Tools, Strategien, Berichte und Erkenntnisse zur Entscheidungsfindung. Wir f\u00fchren auch Interviews, Umfragen, Fokusgruppen und andere Methoden und Ans\u00e4tze der Marktforschung durch.<\/span><a href=\"https:\/\/www.sisinternational.com\/de\/uber-sis-international-research\/contact-sis-international-market-research\/\"><span style=\"font-weight: 400;\"> Kontakt<\/span><\/a><span style=\"font-weight: 400;\"> f\u00fcr Ihr n\u00e4chstes Marktforschungsprojekt.<\/span><\/p>\n<\/p>\n\n<!-- wp:paragraph -->\n<p><\/p>\n<!-- \/wp:paragraph -->","protected":false},"excerpt":{"rendered":"<p>Wir f\u00fchren Forschungsinterviews mit C-Level-F\u00fchrungskr\u00e4ften wie CEOs, CFOs, CMOs, CTOs und CIOs durch. Erfahren Sie mehr.<\/p>","protected":false},"author":1,"featured_media":64026,"parent":14457,"menu_order":12,"comment_status":"closed","ping_status":"closed","template":"","meta":{"footnotes":""},"class_list":["post-22030","page","type-page","status-publish","has-post-thumbnail"],"_links":{"self":[{"href":"https:\/\/www.sisinternational.com\/de\/wp-json\/wp\/v2\/pages\/22030","targetHints":{"allow":["GET"]}}],"collection":[{"href":"https:\/\/www.sisinternational.com\/de\/wp-json\/wp\/v2\/pages"}],"about":[{"href":"https:\/\/www.sisinternational.com\/de\/wp-json\/wp\/v2\/types\/page"}],"author":[{"embeddable":true,"href":"https:\/\/www.sisinternational.com\/de\/wp-json\/wp\/v2\/users\/1"}],"replies":[{"embeddable":true,"href":"https:\/\/www.sisinternational.com\/de\/wp-json\/wp\/v2\/comments?post=22030"}],"version-history":[{"count":10,"href":"https:\/\/www.sisinternational.com\/de\/wp-json\/wp\/v2\/pages\/22030\/revisions"}],"predecessor-version":[{"id":79943,"href":"https:\/\/www.sisinternational.com\/de\/wp-json\/wp\/v2\/pages\/22030\/revisions\/79943"}],"up":[{"embeddable":true,"href":"https:\/\/www.sisinternational.com\/de\/wp-json\/wp\/v2\/pages\/14457"}],"wp:featuredmedia":[{"embeddable":true,"href":"https:\/\/www.sisinternational.com\/de\/wp-json\/wp\/v2\/media\/64026"}],"wp:attachment":[{"href":"https:\/\/www.sisinternational.com\/de\/wp-json\/wp\/v2\/media?parent=22030"}],"curies":[{"name":"wp","href":"https:\/\/api.w.org\/{rel}","templated":true}]}}