{"id":20021,"date":"2016-03-08T01:16:26","date_gmt":"2016-03-08T01:16:26","guid":{"rendered":"https:\/\/www.sisinternational.com\/?p=20021"},"modified":"2026-01-25T18:41:39","modified_gmt":"2026-01-25T23:41:39","slug":"channel-intelligence-marktforschung","status":"publish","type":"page","link":"https:\/\/www.sisinternational.com\/de\/veroffentlichungen\/channel-intelligence-marktforschung\/","title":{"rendered":"Channel Intelligence-Marktforschung"},"content":{"rendered":"<h1 class=\"wp-block-heading\">Channel Intelligence-Marktforschung<\/h1>\n\n\n\n<figure class=\"gb-block-image gb-block-image-5b175b3b\"><img loading=\"lazy\" decoding=\"async\" width=\"1456\" height=\"816\" class=\"gb-image gb-image-5b175b3b\" src=\"https:\/\/www.sisinternational.com\/wp-content\/uploads\/2025\/08\/Logisticv-7.jpg\" alt=\"SIS International Marktforschung &amp; Strategie\" title=\"Logisticv (7)\" srcset=\"https:\/\/www.sisinternational.com\/wp-content\/uploads\/2025\/08\/Logisticv-7.jpg 1456w, https:\/\/www.sisinternational.com\/wp-content\/uploads\/2025\/08\/Logisticv-7-300x168.jpg 300w, https:\/\/www.sisinternational.com\/wp-content\/uploads\/2025\/08\/Logisticv-7-1024x574.jpg 1024w, https:\/\/www.sisinternational.com\/wp-content\/uploads\/2025\/08\/Logisticv-7-768x430.jpg 768w, https:\/\/www.sisinternational.com\/wp-content\/uploads\/2025\/08\/Logisticv-7-18x10.jpg 18w\" sizes=\"auto, (max-width: 1456px) 100vw, 1456px\"><\/figure>\n\n\n\n<p class=\"has-text-align-center\"><\/p>\n\n\n\n<hr class=\"wp-block-separator has-alpha-channel-opacity is-style-dots\"\/>\n\n\n\n<h2 class=\"wp-block-heading\">SIS International Research nutzt seit \u00fcber 40 Jahren Channel Intelligence Market Research. In den letzten 20 Jahren haben wir die folgenden traditionellen Methoden verwendet:<\/h2>\n\n\n\n<ul class=\"wp-block-list\">\n<li><h3>Schreibtischforschung zur Identifizierung der Vertriebspartner, Distributoren, OEMs usw.<\/h3><\/li>\n\n\n\n<li><h3>Teilnahme an Messen und Konferenzen zur Identifizierung wichtiger F\u00fchrungskr\u00e4fte<\/h3><\/li>\n\n\n\n<li><h3>Einkaufslisten f\u00fcr CEO, CMO, leitende F&amp;E-Mitarbeiter und Betriebsleiter<\/h3><\/li>\n\n\n\n<li><h3>Nutzung von Empfehlungstelefonaten<\/h3><\/li>\n<\/ul>\n\n\n\n<h2 class=\"wp-block-heading\">Neue Methoden der Channel Intelligence Marktforschung<\/h2>\n\n\n\n<p>In den letzten 5-7 Jahren <a href=\"https:\/\/www.sisinternational.com\/de\/welche-trends-gibt-es-in-der-marktforschungsbranche\/\" target=\"_blank\" rel=\"noopener\">Soziale Medien und Mobilit\u00e4t<\/a> sind effektivere Methoden, um diese Befragten zu erreichen. Dar\u00fcber hinaus sind mindestens 40-50% dieser Bev\u00f6lkerung Millennials, die nur mobil erreichbar sind, also \u00fcber ihr Handy oder Mobiltelefon. Zweitens ist die Zeit dieser j\u00fcngeren Generation sehr kostbar und es ist schwierig, ein Interview von h\u00f6chstens 15 bis 20 Minuten zu f\u00fchren. Mobilit\u00e4t und Technologie haben auch traditionelle Kan\u00e4le in den Bereichen Transport, Fertigung und anderen Gesch\u00e4ftsbereichen beeinflusst. <a href=\"https:\/\/smallbusiness.chron.com\/difference-between-marketing-research-marketing-intelligence-25562.html\" target=\"_blank\" rel=\"noopener\">Teamleiter und Arbeitgeber sind auf schnelle, genaue Daten angewiesen<\/a> f\u00fcr ihre Kan\u00e4le, um sicherzustellen, dass ihr Gesch\u00e4ft an der Spitze bleibt.<\/p>\n\n\n\n<p>Ein fester Channel Intelligence Research-Plan hilft Unternehmen, ihre Kunden zu verstehen und erfolgreich Merchandising und Werbeaktionen zu gestalten. Sie k\u00f6nnen Management und Marketing besser priorisieren, wenn sie die Fakten und Gewohnheiten ihrer Befragten kennen. Auch Lieferanten profitieren von einer Strategie, um zu verstehen, wonach K\u00e4ufer suchen und wie sich ihre Kunden im Vergleich zu denen der Konkurrenz verhalten.<\/p>\n\n\n\n<h2 class=\"wp-block-heading\">Warum ist Channel Intelligence Research so wichtig?<\/h2>\n\n\n\n<p>If you are a manufacturer and sell products either B2B or B2C through distributors, OEMs, sales agents, you are removed from the ultimate customer. This \u201carms-length\u201d distance from the customer can cause you to \u201cmiss the market\u201d and ignore customer needs and \u201cpain points.\u201d <a href=\"https:\/\/www.sisinternational.com\/de\/abdeckung\/die-amerikaner\/marktforschung-in-lateinamerika-2\/marktforschung-uruguay\/\" title=\"Marktforschung in Uruguay\" data-wpil-monitor-id=\"5080\">Forschung<\/a> throughout the channel is important to deliver the following market intelligence:<\/p>\n\n\n\n<p>Durch die Untersuchung Ihrer gesamten Kanalpipeline werden die St\u00e4rken und Schw\u00e4chen Ihrer Projekte aufgedeckt und wertvolle Wettbewerbsinformationen gewonnen. Aufgrund unserer Erfahrung mit B2B- und B2C-Kan\u00e4len empfehlen wir die folgenden Untersuchungsmethoden f\u00fcr Kanalinformationen:<\/p>\n\n\n\n<p>Qualitative Forschung: Diese bietet die wertvollsten Kanalinformationen, da sie \u201edie Stimme des Kunden\u201c und die Schwachstellen im Kanal liefert.<\/p>\n\n\n\n<h3 class=\"wp-block-heading\">Forschungsmethoden:<\/h3>\n\n\n\n<h3 class=\"wp-block-heading\">Um Ihre Channel Intelligence zu maximieren, empfehlen wir eine Kombination dieser 3 Methoden. Hier k\u00f6nnen Sie die Channel-Landschaft, die \u201eStimme Ihrer Channel-Mitglieder\u201c und die Quantifizierung der Ergebnisse f\u00fcr ein vollst\u00e4ndiges Bild Ihrer Channel-Landschaft erreichen. Weitere Informationen zu Channel Intelligence-Forschungsmethoden erhalten Sie unter: <a href=\"mailto:Research@sisinternational.com\">Research@sisinternational.com<\/a>.<\/h3>\n\n\n<h2>Unser Standort in New York<\/h2>\n<p><!-- \/wp:post-content --> <!-- wp:html --> <iframe loading=\"lazy\" src=\"https:\/\/www.google.com\/maps\/embed?pb=!1m18!1m12!1m3!1d3022.976188376966!2d-73.99130312499956!3d40.740549471389315!2m3!1f0!2f0!3f0!3m2!1i1024!2i768!4f13.1!3m3!1m2!1s0x89c259a15798c731%3A0xd695d09bdd495f25!2s11%20E%2022nd%20St%20FL%202%2C%20New%20York%2C%20NY%2010010%2C%20USA!5e0!3m2!1sen!2spe!4v1726171763526!5m2!1sen!2spe\" width=\"600\" height=\"450\" allowfullscreen=\"allowfullscreen\" data-mce-fragment=\"1\"><\/iframe> <!-- \/wp:html --> <!-- wp:paragraph --><\/p>\n<h3 class=\"wp-block-heading\">11 E 22nd Street, Floor 2, New York, NY 10010 T: +1(212) 505-6805<\/h3>\n<hr \/>\n<h2><span style=\"font-weight: 400;\">\u00dcber SIS International<\/span><\/h2>\n<p><a href=\"https:\/\/www.sisinternational.com\/de\/\"><span style=\"font-weight: 400;\">SIS International<\/span><\/a><span style=\"font-weight: 400;\"> bietet quantitative, qualitative und strategische Forschung an. Wir liefern Daten, Tools, Strategien, Berichte und Erkenntnisse zur Entscheidungsfindung. Wir f\u00fchren auch Interviews, Umfragen, Fokusgruppen und andere Methoden und Ans\u00e4tze der Marktforschung durch.<\/span><a href=\"https:\/\/www.sisinternational.com\/de\/uber-sis-international-research\/contact-sis-international-market-research\/\"><span style=\"font-weight: 400;\"> Kontakt<\/span><\/a><span style=\"font-weight: 400;\"> f\u00fcr Ihr n\u00e4chstes Marktforschungsprojekt.<\/span><\/p>\n<\/p>\n\n<!-- wp:paragraph -->\n<p><\/p>\n<!-- \/wp:paragraph -->","protected":false},"excerpt":{"rendered":"<p>Entdecken Sie, wie sich Channel Intelligence weiterentwickelt und wie Ihnen neue Methoden Vorteile verschaffen k\u00f6nnen.<\/p>","protected":false},"author":1,"featured_media":63706,"parent":20148,"menu_order":0,"comment_status":"closed","ping_status":"open","template":"","meta":{"footnotes":""},"class_list":["post-20021","page","type-page","status-publish","has-post-thumbnail"],"_links":{"self":[{"href":"https:\/\/www.sisinternational.com\/de\/wp-json\/wp\/v2\/pages\/20021","targetHints":{"allow":["GET"]}}],"collection":[{"href":"https:\/\/www.sisinternational.com\/de\/wp-json\/wp\/v2\/pages"}],"about":[{"href":"https:\/\/www.sisinternational.com\/de\/wp-json\/wp\/v2\/types\/page"}],"author":[{"embeddable":true,"href":"https:\/\/www.sisinternational.com\/de\/wp-json\/wp\/v2\/users\/1"}],"replies":[{"embeddable":true,"href":"https:\/\/www.sisinternational.com\/de\/wp-json\/wp\/v2\/comments?post=20021"}],"version-history":[{"count":6,"href":"https:\/\/www.sisinternational.com\/de\/wp-json\/wp\/v2\/pages\/20021\/revisions"}],"predecessor-version":[{"id":78973,"href":"https:\/\/www.sisinternational.com\/de\/wp-json\/wp\/v2\/pages\/20021\/revisions\/78973"}],"up":[{"embeddable":true,"href":"https:\/\/www.sisinternational.com\/de\/wp-json\/wp\/v2\/pages\/20148"}],"wp:featuredmedia":[{"embeddable":true,"href":"https:\/\/www.sisinternational.com\/de\/wp-json\/wp\/v2\/media\/63706"}],"wp:attachment":[{"href":"https:\/\/www.sisinternational.com\/de\/wp-json\/wp\/v2\/media?parent=20021"}],"curies":[{"name":"wp","href":"https:\/\/api.w.org\/{rel}","templated":true}]}}