{"id":19200,"date":"2015-10-27T03:55:01","date_gmt":"2015-10-27T03:55:01","guid":{"rendered":"https:\/\/www.sisinternational.com\/?page_id=19200"},"modified":"2026-01-26T18:32:20","modified_gmt":"2026-01-26T23:32:20","slug":"lebenslauf-mit-erfahrungen-im-bereich-haushaltsgerate-und-produkte","status":"publish","type":"page","link":"https:\/\/www.sisinternational.com\/de\/sachverstand\/lebenslaufe\/lebenslauf-mit-erfahrungen-im-bereich-haushaltsgerate-und-produkte\/","title":{"rendered":"Erfahrung in der Marktforschung f\u00fcr Haushaltsger\u00e4te"},"content":{"rendered":"<h1 class=\"wp-block-heading\">Erfahrung in der Marktforschung f\u00fcr Haushaltsger\u00e4te<\/h1>\n\n\n\n<figure class=\"gb-block-image gb-block-image-4d683a22\"><img loading=\"lazy\" decoding=\"async\" width=\"1456\" height=\"816\" class=\"gb-image gb-image-4d683a22\" src=\"https:\/\/www.sisinternational.com\/wp-content\/uploads\/2025\/08\/Vacuum-4.jpg\" alt=\"SIS International Marktforschung &amp; Strategie\" title=\"Vacuum (4)\" srcset=\"https:\/\/www.sisinternational.com\/wp-content\/uploads\/2025\/08\/Vacuum-4.jpg 1456w, https:\/\/www.sisinternational.com\/wp-content\/uploads\/2025\/08\/Vacuum-4-300x168.jpg 300w, https:\/\/www.sisinternational.com\/wp-content\/uploads\/2025\/08\/Vacuum-4-1024x574.jpg 1024w, https:\/\/www.sisinternational.com\/wp-content\/uploads\/2025\/08\/Vacuum-4-768x430.jpg 768w, https:\/\/www.sisinternational.com\/wp-content\/uploads\/2025\/08\/Vacuum-4-18x10.jpg 18w\" sizes=\"auto, (max-width: 1456px) 100vw, 1456px\"><\/figure>\n\n\n\n<p><\/p>\n\n\n\n<ul class=\"wp-block-list\">\n<li>Laufende Wettbewerbsbeobachtung f\u00fcr einen Hersteller und H\u00e4ndler einer breiten Palette von Haushaltsprodukten.<\/li>\n\n\n\n<li>F\u00fchrte Interviews und machte Hausbesuche bei Neuk\u00e4ufern beutelloser Staubsauger in den USA.<\/li>\n\n\n\n<li>Forschungs- und Entwicklungsstudie f\u00fcr neue Produktideen f\u00fcr K\u00fcche und Bad<\/li>\n\n\n\n<li>Markt- und Wettbewerbsanalysen zu Trends bei der Renovierung und Dekoration von Eigenheimen.<\/li>\n\n\n\n<li>Analyse des Zimmerpflanzenmarktes.<\/li>\n\n\n\n<li><a href=\"https:\/\/www.sisinternational.com\/de\/sachverstand\/branchen\/marktforschung-fur-elektronische-schaltungen\/\" title=\"Marktforschung f\u00fcr elektronische Schaltungen\"  data-wpil-monitor-id=\"6919\">Market feasibility study for household electronic<\/a> air fresheners and insecticides in Germany and Brazil.<\/li>\n\n\n\n<li>Fokusgruppen f\u00fcr Verbraucher zu ihrer Einstellung gegen\u00fcber einer neuen Generation von Mixern in Gro\u00dfbritannien, Frankreich und Deutschland.<\/li>\n\n\n\n<li><a href=\"https:\/\/www.sisinternational.com\/de\/sachverstand\/branchen\/marktforschung-fur-haushaltsgerate\/\" title=\"Marktforschung f\u00fcr Haushaltsger\u00e4te\"  data-wpil-monitor-id=\"6594\">Market study in the US for home<\/a> furnishings.<\/li>\n\n\n\n<li>Marktstudie in den USA f\u00fcr Tischsets.<\/li>\n\n\n\n<li>Durchgef\u00fchrte Postabfangaktionen f\u00fcr eine Studie zu Klimaanlagen und Luftentfeuchtern in den USA.<\/li>\n\n\n\n<li>Conducted a coffee maker market study in Japan, Germany, Spain, and the UK.<\/li>\n\n\n\n<li>Durchf\u00fchrung einer Besteckstudie in Europa, Asien und Lateinamerika.<\/li>\n\n\n\n<li>Conducted a study for a home security system company<\/li>\n\n\n\n<li><a href=\"https:\/\/www.sisinternational.com\/de\/abdeckung\/die-amerikaner\/marktforschung-in-der-karibik\/marktforschung-bahamas\/\" title=\"Marktforschung auf den Bahamas\"  data-wpil-monitor-id=\"4180\">Market Quantitative research<\/a> study on 100 cutlery customers as well as 100 non-customers in Korea to evaluate the expansion of a US company.<\/li>\n\n\n\n<li>Marktstudie zu Klimaanlagen in Korea.<\/li>\n\n\n\n<li>Conducted triad focus groups to test positioning statements for a cutlery study in Korea.<\/li>\n\n\n\n<li>Marktintelligenzstudie, um Erkenntnisse von High-End-Verbrauchern \u00fcber das Aussehen und Design verschiedener Unterhaltungselektronik zu gewinnen.<\/li>\n\n\n\n<li>Durchgef\u00fchrte Marktstudie, um Informationen zur Entwicklung neuer Konzepte und Ideen f\u00fcr K\u00fchlschr\u00e4nke zu erhalten.<\/li>\n\n\n\n<li>Durchf\u00fchrung von Hausbesuchen bei Personen, die Frontlader-Waschmaschinen und French-Door-K\u00fchlschr\u00e4nke besitzen<\/li>\n\n\n\n<li>Market potential study for garbage disposals in Russia using in-depth interviews with wholesalers.<\/li>\n\n\n\n<li>Durchgef\u00fchrte Markttrend- und Marktreaktionsumfrage zu Haushaltsprodukten wie nat\u00fcrlichem Insektenvernichtungsmittel und Anstrichmaterial.<\/li>\n\n\n\n<li>Conducted in-depth interviews to assess consumer brand awareness for a home furniture firm.<\/li>\n\n\n\n<li>Durchgef\u00fchrte Studie \u00fcber die Einstellung russischer Verbraucher gegen\u00fcber M\u00fcllentsorgungsprodukten und -marken.<\/li>\n\n\n\n<li>Durchf\u00fchrung einer Markenbekanntheitsstudie auf dem nordamerikanischen M\u00f6belmarkt.<\/li>\n\n\n\n<li>Durchf\u00fchrung von Fokusgruppen zu Verbraucherbed\u00fcrfnissen und Kundenzufriedenheit mit Premium-K\u00fchlschr\u00e4nken.<\/li>\n\n\n\n<li>Conducted desk <a href=\"https:\/\/www.sisinternational.com\/de\/abdeckung\/europa\/marktforschung-san-marino-europa\/\" title=\"Marktforschung in San Marino, Europa\"  data-wpil-monitor-id=\"4206\">research on market<\/a> trends and major competitor trends, in-depth interviews, and focus groups for a market entry of a towel manufacturer.<\/li>\n\n\n\n<li>Durchgef\u00fchrte Feldarbeit f\u00fcr eine Studie \u00fcber OTR-Mikrowellen.<\/li>\n\n\n\n<li>Durchf\u00fchrung von Gruppenumfragen zur Vorbereitung der Markteinf\u00fchrung eines Waschmaschinenprodukts in Nordamerika.<\/li>\n\n\n\n<li>Durchgef\u00fchrte Marktreaktionsstudie f\u00fcr K\u00fchlschr\u00e4nke<\/li>\n\n\n\n<li>Conducted research study for the absorption chiller-heater study<\/li>\n\n\n\n<li>Durchf\u00fchrung einer Forschungsstudie zum amerikanischen Lebensstil und Staubsaugern<\/li>\n\n\n\n<li>Conducted a Refrigerator <a class=\"wpil_keyword_link\" href=\"https:\/\/www.sisinternational.com\/de\/abdeckung\/die-amerikaner\/usa-berichterstattung\/focus-group-in-new-york\/\"   title=\"Focus Group in New York\" data-wpil-keyword-link=\"linked\"  data-wpil-monitor-id=\"783\">focus group in New York<\/a><\/li>\n\n\n\n<li>Durchf\u00fchrung einer Waschmaschinenstudie<\/li>\n\n\n\n<li>Marktpotentialstudie f\u00fcr Inhouse-Shredder<\/li>\n\n\n\n<li>Durchf\u00fchrung einer Designstudie f\u00fcr eingebaute K\u00fcchenger\u00e4te<\/li>\n<\/ul>\n\n\n\n<h2 class=\"wp-block-heading\">Kundenbeispiele aus der Haushaltsger\u00e4tebranche<\/h2>\n\n\n\n<ul class=\"wp-block-list\">\n<li>Cutco<\/li>\n\n\n\n<li>EC21<\/li>\n\n\n\n<li>Ekornes<\/li>\n\n\n\n<li>GfK AG<\/li>\n\n\n\n<li>LG Electronics<\/li>\n\n\n\n<li>Stressfrei<\/li>\n\n\n\n<li>Samsung<\/li>\n<\/ul>\n\n\n\n<p><\/p>","protected":false},"excerpt":{"rendered":"<p>Ausgew\u00e4hlte Erfahrungen in der Haushaltsger\u00e4te- und Produktindustrie<\/p>","protected":false},"author":1,"featured_media":63615,"parent":15106,"menu_order":9,"comment_status":"closed","ping_status":"closed","template":"","meta":{"footnotes":""},"class_list":["post-19200","page","type-page","status-publish","has-post-thumbnail"],"_links":{"self":[{"href":"https:\/\/www.sisinternational.com\/de\/wp-json\/wp\/v2\/pages\/19200","targetHints":{"allow":["GET"]}}],"collection":[{"href":"https:\/\/www.sisinternational.com\/de\/wp-json\/wp\/v2\/pages"}],"about":[{"href":"https:\/\/www.sisinternational.com\/de\/wp-json\/wp\/v2\/types\/page"}],"author":[{"embeddable":true,"href":"https:\/\/www.sisinternational.com\/de\/wp-json\/wp\/v2\/users\/1"}],"replies":[{"embeddable":true,"href":"https:\/\/www.sisinternational.com\/de\/wp-json\/wp\/v2\/comments?post=19200"}],"version-history":[{"count":8,"href":"https:\/\/www.sisinternational.com\/de\/wp-json\/wp\/v2\/pages\/19200\/revisions"}],"predecessor-version":[{"id":80488,"href":"https:\/\/www.sisinternational.com\/de\/wp-json\/wp\/v2\/pages\/19200\/revisions\/80488"}],"up":[{"embeddable":true,"href":"https:\/\/www.sisinternational.com\/de\/wp-json\/wp\/v2\/pages\/15106"}],"wp:featuredmedia":[{"embeddable":true,"href":"https:\/\/www.sisinternational.com\/de\/wp-json\/wp\/v2\/media\/63615"}],"wp:attachment":[{"href":"https:\/\/www.sisinternational.com\/de\/wp-json\/wp\/v2\/media?parent=19200"}],"curies":[{"name":"wp","href":"https:\/\/api.w.org\/{rel}","templated":true}]}}