{"id":19184,"date":"2015-10-26T20:54:09","date_gmt":"2015-10-26T20:54:09","guid":{"rendered":"https:\/\/www.sisinternational.com\/?page_id=19184"},"modified":"2025-09-16T17:31:44","modified_gmt":"2025-09-16T21:31:44","slug":"lebenslauf-mit-erfahrungen-im-bereich-ethnographie","status":"publish","type":"page","link":"https:\/\/www.sisinternational.com\/de\/sachverstand\/lebenslaufe\/lebenslauf-mit-erfahrungen-im-bereich-ethnographie\/","title":{"rendered":"Ethnographie Marktforschung Erfahrung"},"content":{"rendered":"<h1 class=\"wp-block-heading\">Ethnographie Marktforschung Erfahrung<\/h1>\n\n\n\n<figure class=\"gb-block-image gb-block-image-3c4b090e\"><img loading=\"lazy\" decoding=\"async\" width=\"1456\" height=\"816\" class=\"gb-image gb-image-3c4b090e\" src=\"https:\/\/www.sisinternational.com\/wp-content\/uploads\/2025\/09\/Nordic-market-research-4.jpg\" alt=\"SIS International Marktforschung &amp; Strategie\" title=\"Nordic market research (4)\" srcset=\"https:\/\/www.sisinternational.com\/wp-content\/uploads\/2025\/09\/Nordic-market-research-4.jpg 1456w, https:\/\/www.sisinternational.com\/wp-content\/uploads\/2025\/09\/Nordic-market-research-4-300x168.jpg 300w, https:\/\/www.sisinternational.com\/wp-content\/uploads\/2025\/09\/Nordic-market-research-4-1024x574.jpg 1024w, https:\/\/www.sisinternational.com\/wp-content\/uploads\/2025\/09\/Nordic-market-research-4-768x430.jpg 768w, https:\/\/www.sisinternational.com\/wp-content\/uploads\/2025\/09\/Nordic-market-research-4-18x10.jpg 18w\" sizes=\"auto, (max-width: 1456px) 100vw, 1456px\"><\/figure>\n\n\n\n<p><\/p>\n\n\n\n<ul class=\"wp-block-list\">\n<li>Durchf\u00fchrung von Dutzenden von Hausbesuchsstudien zu Unterhaltungselektronik und Haushaltsger\u00e4ten bei Verbrauchern im Gro\u00dfraum New York City.<\/li>\n\n\n\n<li>Rekrutierte F\u00fchrungskr\u00e4fte im IT-Bereich f\u00fcr eine ethnographische Studie in ihrem B\u00fcroumfeld.<\/li>\n\n\n\n<li>Durchgef\u00fchrte Ethnographie in der Praxis unter Krankenhausverwaltern im ganzen Land der USA.<\/li>\n\n\n\n<li>Durchf\u00fchrung einer ethnographischen Untersuchung mit geringer Inzidenz von B\u00fcrobesuchen unter Entscheidungstr\u00e4gern, die \u00fcber die Beschaffung von B\u00fcrom\u00f6beln entscheiden.<\/li>\n\n\n\n<li>Recruited ethnography <a href=\"https:\/\/www.sisinternational.com\/de\/verbraucheranalyse-hypothetische-fallstudie-von-eharmony\/\" title=\"Verbraucheranalyse: Hypothetische Fallstudie von eHarmony\"  data-wpil-monitor-id=\"8616\">study for US consumers<\/a> to profile their living habits in their homes \u2013 consumers had to agree to be video taped in their home setting.<\/li>\n\n\n\n<li>Besitzer von Waschmaschinen wurden rekrutiert und interviewt, um ihr Verhalten im Umgang mit der Waschmaschine zu Hause zu beobachten.<\/li>\n\n\n\n<li><a href=\"https:\/\/www.sisinternational.com\/de\/how-to-conduct-in-depth-interviews-for-market-insights\/\" title=\"So f\u00fchren Sie ausf\u00fchrliche Interviews durch, um Markteinblicke zu gewinnen\"  data-wpil-monitor-id=\"8619\">Conducted low incidence office visit ethnographic interviews<\/a> among many hospitality and education professionals about their attitudes and behaviors in renovation and new construction.<\/li>\n\n\n\n<li>Recruited people who have high cholesterol and use drugs to treat their condition, professionals involved in cholesterol and heart health issues and those who lead extreme or analogous lifestyles governed by routine and ritual for an ethnography study about lifestyle, health and wellbeing.&nbsp; This study was conducted in Houston, Seattle, and St. Louis.<\/li>\n\n\n\n<li>Besitzer beutelloser Staubsauger wurden angeworben, um ihr Staubsaugen und Reinigungsverhalten zu Hause zu beobachten<\/li>\n\n\n\n<li>Habe viele Hausbesuche bei Leuten durchgef\u00fchrt, die Frontlader-Waschmaschinen und French-Door-K\u00fchlschr\u00e4nke besitzen<\/li>\n\n\n\n<li>Conducted the recruitment of ethnography studies for a <a href=\"https:\/\/www.sisinternational.com\/de\/losungen\/strategieberatung\/techniken-zur-lead-generierung\/\" title=\"Unternehmen zur Lead-Generierung\"  data-wpil-monitor-id=\"8617\">leading advertising firm<\/a><\/li>\n\n\n\n<li>Durchf\u00fchrung von Hausbesuchen, um Einblicke in die Biertrinkgewohnheiten, Einstellungen zum Biertrinken zu Hause und zum Fassbier zu gewinnen<\/li>\n\n\n\n<li>Durchgef\u00fchrte Praxisbesuche\/ausf\u00fchrliche Interviews mit medizinischem Fachpersonal in Boston und New York.<\/li>\n\n\n\n<li>Conducted one-on-one interviews, focus groups, ethnographic <a href=\"https:\/\/www.sisinternational.com\/de\/sachverstand\/branchen\/computergestutzte-telefoninterviews-zur-marktforschung\/\" title=\"Computergest\u00fctzte telefonische Befragung Marktforschung\"  data-wpil-monitor-id=\"8618\">interviews among drivers in a parking assistance<\/a> technology study in the NYC metro area.<\/li>\n\n\n\n<li>Durchf\u00fchrung ethnographischer Interviews mit Alzheimer-Pflegekr\u00e4ften.<\/li>\n\n\n\n<li>Conducted a major household electronics concept <a href=\"https:\/\/www.sisinternational.com\/de\/north-carolina-state-university-campus-exportanalyse\/\" title=\"Fallstudie zum globalen Markteintritt einer Universit\u00e4t\"  data-wpil-monitor-id=\"8620\">study for a global<\/a> manufacturer via home visits in several US cities.&nbsp; The challenge was that there were strict recruitment criteria, re-recruitment requirements to reschedule consecutive home visits and schedules.<\/li>\n<\/ul>\n\n\n\n<h2 class=\"wp-block-heading\">&nbsp;<\/h2>","protected":false},"excerpt":{"rendered":"<p>Ausgew\u00e4hlte Erfahrungen in ethnographischen Studien mit ausf\u00fchrlichen Interviews.<\/p>","protected":false},"author":1,"featured_media":65952,"parent":15106,"menu_order":6,"comment_status":"closed","ping_status":"closed","template":"","meta":{"footnotes":""},"class_list":["post-19184","page","type-page","status-publish","has-post-thumbnail"],"_links":{"self":[{"href":"https:\/\/www.sisinternational.com\/de\/wp-json\/wp\/v2\/pages\/19184","targetHints":{"allow":["GET"]}}],"collection":[{"href":"https:\/\/www.sisinternational.com\/de\/wp-json\/wp\/v2\/pages"}],"about":[{"href":"https:\/\/www.sisinternational.com\/de\/wp-json\/wp\/v2\/types\/page"}],"author":[{"embeddable":true,"href":"https:\/\/www.sisinternational.com\/de\/wp-json\/wp\/v2\/users\/1"}],"replies":[{"embeddable":true,"href":"https:\/\/www.sisinternational.com\/de\/wp-json\/wp\/v2\/comments?post=19184"}],"version-history":[{"count":4,"href":"https:\/\/www.sisinternational.com\/de\/wp-json\/wp\/v2\/pages\/19184\/revisions"}],"predecessor-version":[{"id":81444,"href":"https:\/\/www.sisinternational.com\/de\/wp-json\/wp\/v2\/pages\/19184\/revisions\/81444"}],"up":[{"embeddable":true,"href":"https:\/\/www.sisinternational.com\/de\/wp-json\/wp\/v2\/pages\/15106"}],"wp:featuredmedia":[{"embeddable":true,"href":"https:\/\/www.sisinternational.com\/de\/wp-json\/wp\/v2\/media\/65952"}],"wp:attachment":[{"href":"https:\/\/www.sisinternational.com\/de\/wp-json\/wp\/v2\/media?parent=19184"}],"curies":[{"name":"wp","href":"https:\/\/api.w.org\/{rel}","templated":true}]}}