{"id":19165,"date":"2015-10-26T03:05:34","date_gmt":"2015-10-26T03:05:34","guid":{"rendered":"https:\/\/www.sisinternational.com\/?page_id=19165"},"modified":"2026-03-13T00:58:26","modified_gmt":"2026-03-13T04:58:26","slug":"lebenslauf-mit-erfahrungen-im-bereich-konsum-und-verpackte-guter","status":"publish","type":"page","link":"https:\/\/www.sisinternational.com\/de\/consumer-market-research-page\/lebenslauf-mit-erfahrungen-im-bereich-konsum-und-verpackte-guter\/","title":{"rendered":"Marktforschung f\u00fcr Konsumg\u00fcter und verpackte Waren"},"content":{"rendered":"<h1 class=\"wp-block-heading\">Marktforschungserfahrung in der Konsumg\u00fcterindustrie<\/h1>\n\n\n\n<figure class=\"gb-block-image gb-block-image-619cfc43\"><img loading=\"lazy\" decoding=\"async\" width=\"1456\" height=\"816\" class=\"gb-image gb-image-619cfc43\" src=\"https:\/\/www.sisinternational.com\/wp-content\/uploads\/2025\/08\/Food-packaging-1.jpg\" alt=\"SIS International Marktforschung &amp; Strategie\" title=\"Food packaging (1)\" srcset=\"https:\/\/www.sisinternational.com\/wp-content\/uploads\/2025\/08\/Food-packaging-1.jpg 1456w, https:\/\/www.sisinternational.com\/wp-content\/uploads\/2025\/08\/Food-packaging-1-300x168.jpg 300w, https:\/\/www.sisinternational.com\/wp-content\/uploads\/2025\/08\/Food-packaging-1-1024x574.jpg 1024w, https:\/\/www.sisinternational.com\/wp-content\/uploads\/2025\/08\/Food-packaging-1-768x430.jpg 768w, https:\/\/www.sisinternational.com\/wp-content\/uploads\/2025\/08\/Food-packaging-1-18x10.jpg 18w\" sizes=\"auto, (max-width: 1456px) 100vw, 1456px\"><\/figure>\n\n\n\n<p><\/p>\n\n\n\n<h3 class=\"wp-block-heading\">Werbung<\/h3>\n\n\n\n<p>Ausf\u00fchrliche Interviews mit F\u00fchrungskr\u00e4ften, die in Asien, Lateinamerika und Europa Werbung kaufen. Mit einer Bewertung, wie sie ihre Werbebudgets ausgeben und welchen Medienbedarf sie haben.<\/p>\n\n\n\n<h3 class=\"wp-block-heading\">Bekleidung<\/h3>\n\n\n\n<ul class=\"wp-block-list\">\n<li>Quantitative Studie zum Bekleidungssektor in Gro\u00dfbritannien und Deutschland.<\/li>\n\n\n\n<li>Marktstudie f\u00fcr Damenbekleidung in den USA.<\/li>\n\n\n\n<li>Marktstudie in den USA f\u00fcr Babybekleidung.<\/li>\n\n\n\n<li>Marktstudie in den USA f\u00fcr Bademode.<\/li>\n\n\n\n<li>Marktstudie in den USA f\u00fcr Herrenmode.<\/li>\n\n\n\n<li>Marktstudie in den USA f\u00fcr Stoffe.<\/li>\n\n\n\n<li><a href=\"https:\/\/www.sisinternational.com\/de\/sachverstand\/branchen\/marktforschung-fur-regenbekleidung\/\" title=\"Marktforschung f\u00fcr Regenbekleidung\"  data-wpil-monitor-id=\"6839\">Market study for upscale women\u2019s apparel<\/a> and accessories.<\/li>\n\n\n\n<li>Marktstudie f\u00fcr Sneaker in Japan.<\/li>\n\n\n\n<li>Intercept-Studie zu Bekleidungsgesch\u00e4ften mittlerer Preisklasse in Frankreich, Spanien und S\u00fcdkorea<\/li>\n\n\n\n<li>Automobilindustrie<\/li>\n<\/ul>\n\n\n\n<p>Global qualitative <a href=\"https:\/\/www.sisinternational.com\/de\/verbraucheranalyse-hypothetische-fallstudie-von-eharmony\/\" title=\"Verbraucheranalyse: Hypothetische Fallstudie von eHarmony\"  data-wpil-monitor-id=\"4334\">study of automobile drivers and consumers<\/a> in Argentina, Brazil, France, Germany, Hong Kong, Italy, Japan, Malaysia, Netherlands, Norway, Puerto Rico, Singapore, Thailand, and the UK.<\/p>\n\n\n\n<p>US-Umfrage unter Verbrauchern zur Ermittlung ihrer Einstellung zur Verwendung von Superbenzin.<\/p>\n\n\n\n<p>Durchf\u00fchrung von Fokusgruppen mit Verbrauchern, die Luxusautos gekauft haben.<\/p>\n\n\n\n<h3 class=\"wp-block-heading\">Beverage&nbsp; &#8211; Non Alcoholic<\/h3>\n\n\n\n<ul class=\"wp-block-list\">\n<li>Analyse des Marktes f\u00fcr japanische Kaffeemaschinen.<\/li>\n\n\n\n<li>F\u00fcr einen Safthersteller eine Diskussionsrunde mit M\u00fcttern und Alleinstehenden organisiert.<\/li>\n\n\n\n<li>Conducted <a href=\"https:\/\/www.sisinternational.com\/de\/losungen\/schwerpunktgruppen\/fokusgruppen-zum-thema-alkohol\/\" title=\"Fokusgruppen zum Thema Alkohol: Alkoholische und alkoholfreie Getr\u00e4nke\u00a0\"  data-wpil-monitor-id=\"1602\">focus groups for global beverage<\/a> company.<\/li>\n\n\n\n<li>Marktintelligenzumfrage zur Ermittlung der Marktgr\u00f6\u00dfe, des Potenzials und der optimalen Verteilung eines Getr\u00e4nkeprodukts von Mexiko nach Indien.<\/li>\n<\/ul>\n\n\n\n<h3 class=\"wp-block-heading\">Getr\u00e4nke \u2013 Alkoholisch<\/h3>\n\n\n\n<ul class=\"wp-block-list\">\n<li>Leitung von Fokusgruppen f\u00fcr eine neue Bierdose in den USA.<\/li>\n\n\n\n<li>Quantitative Studie f\u00fcr ein neues Produktkonzept f\u00fcr Bier in den USA.<\/li>\n\n\n\n<li>Durchf\u00fchrung von Fokusgruppen f\u00fcr Wodka in den USA.<\/li>\n<\/ul>\n\n\n\n<h3 class=\"wp-block-heading\">Kreditkarten<\/h3>\n\n\n\n<p>Durchf\u00fchrung einer globalen quantitativen Studie zur Kreditkartennutzung durch Verbraucher in Europa, S\u00fcdafrika, dem Nahen Osten, Asien und Lateinamerika.<\/p>\n\n\n\n<h3 class=\"wp-block-heading\">Studien zu Verbraucherpr\u00e4ferenzen<\/h3>\n\n\n\n<ul class=\"wp-block-list\">\n<li>Quantitative Studie zur Ermittlung der Verbraucherpr\u00e4ferenzen hinsichtlich bildgebender Ger\u00e4te.<\/li>\n\n\n\n<li>Befragte wohlhabende Frauen, um ihr Ausgabeverhalten zu untersuchen.<\/li>\n\n\n\n<li>Es wurde eine Studie durchgef\u00fchrt, um zu ermitteln, ob das Gesch\u00e4ft einer bestimmten Marke ihrer allgemeinen Markenidentit\u00e4t entspricht oder nicht.<\/li>\n<\/ul>\n\n\n\n<h3 class=\"wp-block-heading\">Studien zum Verbraucher-Leserverhalten<\/h3>\n\n\n\n<p>Auswertung der Lesetrends f\u00fcr Ver\u00f6ffentlichungen in Lateinamerika. Ermittlung der Leserschaft ausgew\u00e4hlter Zeitschriften sowie ihrer Einstellungen und Nutzungsintensit\u00e4t.<\/p>\n\n\n\n<h3 class=\"wp-block-heading\">Wettbewerbsanalysen<\/h3>\n\n\n\n<ul class=\"wp-block-list\">\n<li>Quantitative Studie \u00fcber die USA, Puerto Rico und die Dominikanische Republik, um festzustellen, welche wettbewerbsf\u00e4higen Produkte in diesen L\u00e4ndern hergestellt werden und wie sie beworben werden.<\/li>\n\n\n\n<li>Business-Intelligence-Studie zum Wettbewerbsumfeld des Besteckmarktes in Europa und Lateinamerika.<\/li>\n\n\n\n<li>Feldforschung zur Lokalisierung und zum Kauf wettbewerbsf\u00e4higer Kaffeemaschinenprodukte in Gro\u00dfbritannien, Spanien und Deutschland.<\/li>\n\n\n\n<li>Bewertung wettbewerbsf\u00e4higer Luftfiltersysteme f\u00fcr Verbraucher in Italien, Frankreich, Deutschland, Gro\u00dfbritannien und Spanien.<\/li>\n\n\n\n<li>Wettbewerbsbewertung von Luftaufbereitungsprodukten und Filtersystemen.<\/li>\n\n\n\n<li>Wettbewerbsprofile gro\u00dfer Konsumg\u00fcterunternehmen: ihre globale Strategie, Globalisierung wichtiger Produkte, globale Markenerfolge und -misserfolge.<\/li>\n\n\n\n<li>Wettbewerbsanalyse der Forschungs- und Entwicklungsabteilungen gro\u00dfer Konsumg\u00fcterunternehmen.<\/li>\n\n\n\n<li><a href=\"https:\/\/www.sisinternational.com\/de\/sachverstand\/branchen\/modemarktforschung\/\" title=\"Marktforschung f\u00fcr Mode und Bekleidung\"  data-wpil-monitor-id=\"7116\">Market intelligence study covering apparel<\/a> and infant wear offerings of mass merchandisers in the retail industry.<\/li>\n\n\n\n<li>Erstellte ein Wettbewerbsprofil f\u00fcr ein gro\u00dfes Konsumg\u00fcterunternehmen.<\/li>\n\n\n\n<li>Global strategy competitive assessment for <a href=\"https:\/\/www.sisinternational.com\/de\/losungen\/strategieberatung\/verpackungsintelligenz\/\" title=\"Consumer Packaging Strategy Solutions\"  data-wpil-monitor-id=\"6760\">Verbraucher<\/a> goods and packaged foods supplier.<\/li>\n\n\n\n<li>Analyse der Reorganisation eines gro\u00dfen Akteurs in der Konsumg\u00fcterindustrie und ihrer Auswirkungen auf das Unternehmen.<\/li>\n\n\n\n<li>Interviews mit Gesch\u00e4ftsinhabern in Chinatown, New York.<\/li>\n\n\n\n<li>Competitive Intelligence-Studie zum Markt f\u00fcr Kontaktlinsen und Kontaktlinsenl\u00f6sungen in den USA<\/li>\n\n\n\n<li>Durchf\u00fchrung einer Wettbewerbsanalyse auf den M\u00e4rkten f\u00fcr Aromapflege und Insektenvernichtungsmittel in den USA.<\/li>\n<\/ul>\n\n\n\n<h3 class=\"wp-block-heading\">Elektronik<\/h3>\n\n\n\n<ul class=\"wp-block-list\">\n<li>Durchf\u00fchrung von Verbraucherumfragen zur Ermittlung der Pr\u00e4ferenzen f\u00fcr elektronische Ger\u00e4te im Verbraucherbereich.<\/li>\n\n\n\n<li>Conducted <a href=\"https:\/\/www.sisinternational.com\/de\/sachverstand\/branchen\/konsumgutermarktforschung\/\" title=\"Konsumg\u00fctermarktforschung\"  data-wpil-monitor-id=\"6283\">consumer surveys in the digital camera market<\/a>.<\/li>\n\n\n\n<li>Durchf\u00fchrung von Fokusgruppen f\u00fcr US-Verbraucher zum Testen neuer Verbraucherprodukte auf dem Digitalkameramarkt.<\/li>\n\n\n\n<li>Durchf\u00fchrung nationaler und internationaler Marktstudien zu Plasma- und LCD-Flachbildfernsehern.<\/li>\n\n\n\n<li>Durchf\u00fchrung von Verbraucher-Fokusgruppen zur Analyse, welche Faktoren die Attraktivit\u00e4t der in einem Gesch\u00e4ft angezeigten Demoinhalte f\u00fcr Kunden bestimmen.<\/li>\n\n\n\n<li>Durchgef\u00fchrte ausf\u00fchrliche Interviews mit H\u00e4ndlern, um zu verstehen, wie H\u00e4ndler Demoinhalte zur Verkaufsf\u00f6rderung verwenden.<\/li>\n\n\n\n<li>Durchf\u00fchrung einer internationalen quantitativen TV-Studie zur Ermittlung der Einstellungen und Nutzungsgewohnheiten von Fernsehkunden in Indien, China, Gro\u00dfbritannien und den USA.<\/li>\n\n\n\n<li>Durchf\u00fchrung von Fokusgruppen zur MP3-Nutzung.<\/li>\n\n\n\n<li>Marktstudie zu TV-Callbacks.<\/li>\n\n\n\n<li>Durchf\u00fchrung einer Studie zur Verbraucherabfangung in einem gro\u00dfen Kongresszentrum in New York.<\/li>\n\n\n\n<li>Durchgef\u00fchrte Studie, um zu verstehen, wie Menschen ein bestimmtes Computerprogramm verwenden und wie die Kaufentscheidung in Unternehmen unterschiedlicher Gr\u00f6\u00dfe beeinflusst und getroffen wird.<\/li>\n\n\n\n<li>Durchgef\u00fchrte Forschungsstudie zu Benutzern des Mac-Betriebssystems.<\/li>\n\n\n\n<li>Durchf\u00fchrung von Fokusgruppen von Mobiltelefonnutzern, die die Marktanteile der Top-Marken widerspiegelten.<\/li>\n\n\n\n<li>Conducted research study to understand <a href=\"https:\/\/www.sisinternational.com\/de\/die-neurobiologischen-grundlagen-der-verbraucherentscheidungen\/\" title=\"Marktforschung f\u00fcr Verbraucher-Neuromarketing\"  data-wpil-monitor-id=\"2682\">market<\/a> response to the existing Blu-ray player and to examine consumer needs and attitude towards the player.<\/li>\n\n\n\n<li>Durchgef\u00fchrte Machbarkeitsstudie zur Bewertung der Markteinf\u00fchrung von AV-Produkten auf verschiedenen asiatischen M\u00e4rkten.<\/li>\n\n\n\n<li>Durchf\u00fchrung von Interviews in Israel und S\u00fcdafrika mit Entscheidungstr\u00e4gern f\u00fcr den Kauf von Fernsehger\u00e4ten, die k\u00fcrzlich einen LCD-Fernseher gekauft hatten<\/li>\n\n\n\n<li>Durchf\u00fchrung einer qualitativen Studie zum Thema Heimkino.<\/li>\n\n\n\n<li>Conducted focus groups and qualitative <a href=\"https:\/\/www.sisinternational.com\/de\/sachverstand\/branchen\/verpackungsdesign-marktforschung\/\" title=\"Marktforschung f\u00fcr Verpackungsdesign\"  data-wpil-monitor-id=\"6193\">research on a new headphone packaging<\/a> program.<\/li>\n<\/ul>\n\n\n\n<h3 class=\"wp-block-heading\">Schnelldrehende Konsumg\u00fcter<\/h3>\n\n\n\n<ul class=\"wp-block-list\">\n<li>Bewertung der weltweit f\u00fchrenden Unternehmen f\u00fcr verpackte Waren auf regionaler Basis.<\/li>\n\n\n\n<li>Wir haben CEOs mittelgro\u00dfer Konsumg\u00fcterunternehmen interviewt, um die strategischen Probleme ihrer Unternehmen zu ermitteln.<\/li>\n\n\n\n<li>Durchf\u00fchrung von CATI-Interviews mit normalen Verbrauchern, die in verschiedenen Superm\u00e4rkten im Gro\u00dfraum London eingekauft haben, um ihr Einkaufserlebnis und ihre Bed\u00fcrfnisse zu bewerten.<\/li>\n<\/ul>\n\n\n\n<h3 class=\"wp-block-heading\">Fitness<\/h3>\n\n\n\n<ul class=\"wp-block-list\">\n<li>Leitete Fokusgruppen in Fitnessstudios in Chicago und Los Angeles durch, um eine neue Uhr zu testen.<\/li>\n\n\n\n<li>Durchf\u00fchrung einer Studie zur Einstellung der US-Verbraucher zur k\u00f6rperlichen Fitness.<\/li>\n\n\n\n<li>Durchf\u00fchrung von Fokusgruppen mit Verbrauchern in San Francisco bez\u00fcglich ihrer Akzeptanz eines neuen allgemeinen Ern\u00e4hrungsprodukts.<\/li>\n\n\n\n<li>Bewertung des Fitnessmarktes in Europa.<\/li>\n\n\n\n<li>Durchgef\u00fchrter Werbe-Vortest f\u00fcr Werbung f\u00fcr Fitnessprodukte f\u00fcr Verbraucher in den USA.<\/li>\n<\/ul>\n\n\n\n<h3 class=\"wp-block-heading\">Haushaltsger\u00e4te und -produkte<\/h3>\n\n\n\n<ul class=\"wp-block-list\">\n<li>Laufende Wettbewerbsbeobachtung f\u00fcr einen Hersteller und H\u00e4ndler einer breiten Palette von Haushaltsprodukten.<\/li>\n\n\n\n<li>F\u00fchrte Interviews und machte Hausbesuche bei Neuk\u00e4ufern beutelloser Staubsauger in den USA.<\/li>\n\n\n\n<li>Forschungs- und Entwicklungsstudie f\u00fcr neue Produktideen f\u00fcr K\u00fcche und Bad<\/li>\n\n\n\n<li>Markt- und Wettbewerbsanalysen zu Trends bei der Renovierung und Dekoration von Eigenheimen.<\/li>\n\n\n\n<li>Analyse des Zimmerpflanzenmarktes.<\/li>\n\n\n\n<li><a href=\"https:\/\/www.sisinternational.com\/de\/sachverstand\/branchen\/marktforschung-fur-elektronische-schaltungen\/\" title=\"Marktforschung f\u00fcr elektronische Schaltungen\"  data-wpil-monitor-id=\"6925\">Market feasibility study for household electronic<\/a> air fresheners and insecticides in Germany and Brazil.<\/li>\n\n\n\n<li>Fokusgruppen f\u00fcr Verbraucher zu ihrer Einstellung gegen\u00fcber einer neuen Generation von Mixern in Gro\u00dfbritannien, Frankreich und Deutschland.<\/li>\n\n\n\n<li>Marktstudie in den USA f\u00fcr Wohneinrichtungen.<\/li>\n\n\n\n<li>Marktstudie in den USA f\u00fcr Tischsets.<\/li>\n\n\n\n<li>Durchgef\u00fchrte Postabfangaktionen f\u00fcr eine Studie zu Klimaanlagen und Luftentfeuchtern in den USA.<\/li>\n\n\n\n<li>Durchf\u00fchrung einer Marktstudie zu Kaffeemaschinen in Japan, Deutschland, Spanien und Gro\u00dfbritannien.<\/li>\n\n\n\n<li>Durchf\u00fchrung einer Besteckstudie in Europa, Asien und Lateinamerika.<\/li>\n\n\n\n<li>Durchgef\u00fchrte Studie, um Erkenntnisse von High-End-Verbrauchern \u00fcber das Aussehen und Design verschiedener Unterhaltungselektronik zu gewinnen.<\/li>\n\n\n\n<li>Durchgef\u00fchrte Marktstudie, um Informationen zur Entwicklung neuer Konzepte und Ideen f\u00fcr K\u00fchlschr\u00e4nke zu erhalten.<\/li>\n\n\n\n<li>Durchgef\u00fchrte Studie f\u00fcr ein Unternehmen f\u00fcr Heimsicherheitssysteme<\/li>\n\n\n\n<li>Durchf\u00fchrung von Hausbesuchen bei Personen, die Frontlader-Waschmaschinen und French-Door-K\u00fchlschr\u00e4nke besitzen<\/li>\n\n\n\n<li>Durchf\u00fchrung von Fokusgruppen f\u00fcr Verbraucher zu ihrer Meinung zu zuk\u00fcnftigen Konzepten von Kaffeemaschinen<\/li>\n<\/ul>\n\n\n\n<h3 class=\"wp-block-heading\">IC-Recorder<\/h3>\n\n\n\n<p>Marktstudie f\u00fcr IC-Recorder in den USA mit Untersuchung des Produktangebots im Einzelhandel.<\/p>\n\n\n\n<h3 class=\"wp-block-heading\">Jugendlich<\/h3>\n\n\n\n<ul class=\"wp-block-list\">\n<li>Marktbewertung des Marktes f\u00fcr jugendlichen Lebensstil.<\/li>\n\n\n\n<li>Durchgef\u00fchrte Umfrage zur Handynutzung von Teenagern.<\/li>\n\n\n\n<li>Durchf\u00fchrung von Fokusgruppen in Japan und Gro\u00dfbritannien, um Konkurrenten einer beliebten Kinderbuchreihe zu ermitteln, die \u00fcber einen gro\u00dfen Buchh\u00e4ndler verkauft wird.<\/li>\n\n\n\n<li>F\u00fchrte ausf\u00fchrliche Interviews zum Thema Windelgebrauch durch.<\/li>\n\n\n\n<li>Durchgef\u00fchrte Rekrutierung und Entwicklung eines Screeners f\u00fcr IDIs von M\u00fcttern mit Kleinkindern.<\/li>\n<\/ul>\n\n\n\n<h3 class=\"wp-block-heading\">Luxusg\u00fcter<\/h3>\n\n\n\n<p>Durchf\u00fchrung einer Schmuckstudie f\u00fcr ein High-End-Unternehmen.<\/p>\n\n\n\n<h3 class=\"wp-block-heading\">Studien zur Marktneupositionierung<\/h3>\n\n\n\n<p>Durchgef\u00fchrte Studie zum franz\u00f6sischsprachigen Kanada zur Ermittlung der Konkurrenzliteratur und Neupositionierung von Konsumg\u00fctern.<\/p>\n\n\n\n<h3 class=\"wp-block-heading\">Marktsegmentierungsstudien<\/h3>\n\n\n\n<ul class=\"wp-block-list\">\n<li>Evaluation of the market size, segmentation, distribution, wholesale, retail pricing, and potential acquisition candidates for the mattress <a href=\"https:\/\/www.sisinternational.com\/de\/marktforschung-tijuana-mexiko\/\" title=\"Marktforschung in Tijuana, Mexiko\"  data-wpil-monitor-id=\"6924\">market in Mexico<\/a>.<\/li>\n\n\n\n<li>Studien zur Verfolgung von Wettbewerbern und Marktsegmenten in den Bereichen K\u00f6rperpflege und Haushaltsprodukte, um Marktchancen in etablierten und aufstrebenden M\u00e4rkten zu ermitteln.<\/li>\n<\/ul>\n\n\n\n<h3 class=\"wp-block-heading\">Rasierer f\u00fcr Herren<\/h3>\n\n\n\n<ul class=\"wp-block-list\">\n<li>Europ\u00e4ische quantitative Studie zu einem neuen Rasiererprodukt f\u00fcr M\u00e4nner.<\/li>\n\n\n\n<li>Interviewed barbers and African American men who shave their heads and\/or faces with razors to analyze a variety of facial care and shaving products.<\/li>\n<\/ul>\n\n\n\n<h3 class=\"wp-block-heading\">Verpackung<\/h3>\n\n\n\n<ul class=\"wp-block-list\">\n<li>Umfrage zu kindersicheren Verpackungen in den USA zur Einstellung der Kunden gegen\u00fcber Verpackungen mit herk\u00f6mmlichem Verschluss im Vergleich zu Blisterpackungen.<\/li>\n\n\n\n<li>Conducted recruitment and moderation of high-end headphone users for packaging design study.<\/li>\n<\/ul>\n\n\n\n<h3 class=\"wp-block-heading\">Psychografische Studien<\/h3>\n\n\n\n<ul class=\"wp-block-list\">\n<li>Leitung mehrerer Fokusgruppen zum Lebensstandard der hispanischen und asiatischen Bev\u00f6lkerungsgruppen.<\/li>\n\n\n\n<li>Durchf\u00fchrung von Fokusgruppen zur Analyse der Einstellungen verschiedener ethnischer Gruppen gegen\u00fcber unterschiedlichen Musikarten.<\/li>\n\n\n\n<li>Durchf\u00fchrung von Tiefeninterviews f\u00fcr eine qualitative Studie zum Verst\u00e4ndnis der Assoziationen der Verbraucher mit neuen und bestehenden Markennamen.<\/li>\n<\/ul>\n\n\n\n<h3 class=\"wp-block-heading\">Uhren<\/h3>\n\n\n\n<p>Verwendung von Verbraucheruhren in den USA: Demografie, Einstellungen und Preisgestaltung zur Marktpositionierung.<\/p>\n\n\n\n<h2 class=\"wp-block-heading\">Beispiele unserer fr\u00fcheren und gegenw\u00e4rtigen Kunden<\/h2>\n\n\n\n<h2 class=\"wp-block-heading\">&nbsp;<\/h2>\n\n\n\n<ul class=\"wp-block-list\">\n<li>Werbung Age International<\/li>\n\n\n\n<li>Amerikanische Haushaltsprodukte<\/li>\n\n\n\n<li>Amway Corporation<\/li>\n\n\n\n<li>Apfel<\/li>\n\n\n\n<li>Bausch &amp; Lomb<\/li>\n\n\n\n<li>Biomist-Technologie<\/li>\n\n\n\n<li>Cartier<\/li>\n\n\n\n<li>Citizen Watch Corporation<\/li>\n\n\n\n<li>Verband der Verschlusshersteller<\/li>\n\n\n\n<li>Colgate-Palmolive-Unternehmen<\/li>\n\n\n\n<li>Coors<\/li>\n\n\n\n<li>Dekko Heiztechnik<\/li>\n\n\n\n<li>Eastman Kodak Company<\/li>\n\n\n\n<li>Estee Lauder<\/li>\n\n\n\n<li>Farallon-Hauptstadt<\/li>\n\n\n\n<li>Ford Motor Company<\/li>\n\n\n\n<li>Globaler Fokus<\/li>\n\n\n\n<li>Grolsch<\/li>\n\n\n\n<li>Heineken<\/li>\n\n\n\n<li>Infocomm. International<\/li>\n\n\n\n<li>IPS<\/li>\n\n\n\n<li>Jacob Javits<\/li>\n\n\n\n<li>LG<\/li>\n<\/ul>\n\n\n\n<ul class=\"wp-block-list\">\n<li>Life Fitness<\/li>\n\n\n\n<li>Mars<\/li>\n\n\n\n<li>Mastercard International<\/li>\n\n\n\n<li>Philip morris<\/li>\n\n\n\n<li>Polaroid<\/li>\n\n\n\n<li>Procter &amp; Gamble<\/li>\n\n\n\n<li>Runder Tisch Forschung<\/li>\n\n\n\n<li>Samsung<\/li>\n\n\n\n<li>SC Johnson Wachs<\/li>\n\n\n\n<li>Seegramme<\/li>\n\n\n\n<li>Sennheiser<\/li>\n\n\n\n<li>Sonnenstern<\/li>\n\n\n\n<li>Synovat<\/li>\n\n\n\n<li>Tesco<\/li>\n\n\n\n<li>Die Dial Corporation<\/li>\n\n\n\n<li>Die Gillette Company<\/li>\n\n\n\n<li>Zeit International<\/li>\n\n\n\n<li>Spielzeug R Us<\/li>\n\n\n\n<li>Unilever<\/li>\n\n\n\n<li>Visa International<\/li>\n\n\n\n<li>Warner Lambert Chicle Gruppe<\/li>\n\n\n\n<li>Whirlpool Corporation<\/li>\n\n\n\n<li>Wyeth Ern\u00e4hrung<\/li>\n<\/ul>\n\n\n\n<h2 class=\"wp-block-heading\"><a href=\"https:\/\/www.sisinternational.com\/de\/about-sis\/contact-sis-international-market-research\/\">Kontaktieren Sie uns f\u00fcr Ihr n\u00e4chstes Verbrauchermarktforschungsprojekt.<\/a><\/h2>","protected":false},"excerpt":{"rendered":"<p>Ausgew\u00e4hlte Erfahrungen in der Konsumg\u00fcterindustrie<\/p>","protected":false},"author":1,"featured_media":63800,"parent":84529,"menu_order":5,"comment_status":"closed","ping_status":"closed","template":"","meta":{"footnotes":""},"class_list":["post-19165","page","type-page","status-publish","has-post-thumbnail"],"_links":{"self":[{"href":"https:\/\/www.sisinternational.com\/de\/wp-json\/wp\/v2\/pages\/19165","targetHints":{"allow":["GET"]}}],"collection":[{"href":"https:\/\/www.sisinternational.com\/de\/wp-json\/wp\/v2\/pages"}],"about":[{"href":"https:\/\/www.sisinternational.com\/de\/wp-json\/wp\/v2\/types\/page"}],"author":[{"embeddable":true,"href":"https:\/\/www.sisinternational.com\/de\/wp-json\/wp\/v2\/users\/1"}],"replies":[{"embeddable":true,"href":"https:\/\/www.sisinternational.com\/de\/wp-json\/wp\/v2\/comments?post=19165"}],"version-history":[{"count":12,"href":"https:\/\/www.sisinternational.com\/de\/wp-json\/wp\/v2\/pages\/19165\/revisions"}],"predecessor-version":[{"id":80680,"href":"https:\/\/www.sisinternational.com\/de\/wp-json\/wp\/v2\/pages\/19165\/revisions\/80680"}],"up":[{"embeddable":true,"href":"https:\/\/www.sisinternational.com\/de\/wp-json\/wp\/v2\/pages\/84529"}],"wp:featuredmedia":[{"embeddable":true,"href":"https:\/\/www.sisinternational.com\/de\/wp-json\/wp\/v2\/media\/63800"}],"wp:attachment":[{"href":"https:\/\/www.sisinternational.com\/de\/wp-json\/wp\/v2\/media?parent=19165"}],"curies":[{"name":"wp","href":"https:\/\/api.w.org\/{rel}","templated":true}]}}