{"id":19154,"date":"2015-10-26T02:11:22","date_gmt":"2015-10-26T02:11:22","guid":{"rendered":"https:\/\/www.sisinternational.com\/?page_id=19154"},"modified":"2026-01-26T18:50:41","modified_gmt":"2026-01-26T23:50:41","slug":"lebenslauf-erfahrung-in-der-markenforschung","status":"publish","type":"page","link":"https:\/\/www.sisinternational.com\/de\/sachverstand\/lebenslaufe\/lebenslauf-erfahrung-in-der-markenforschung\/","title":{"rendered":"Marken-Marktforschungsunternehmen"},"content":{"rendered":"<h1 class=\"wp-block-heading\">Erfahrung in der Markenmarktforschung<\/h1>\n\n\n\n<p><\/p>\n\n\n\n<figure class=\"gb-block-image gb-block-image-89bc12b1\"><img loading=\"lazy\" decoding=\"async\" width=\"1456\" height=\"816\" class=\"gb-image gb-image-89bc12b1\" src=\"https:\/\/www.sisinternational.com\/wp-content\/uploads\/2025\/09\/Branding-6.jpg\" alt=\"SIS International Marktforschung &amp; Strategie\" title=\"Branding (6)\" srcset=\"https:\/\/www.sisinternational.com\/wp-content\/uploads\/2025\/09\/Branding-6.jpg 1456w, https:\/\/www.sisinternational.com\/wp-content\/uploads\/2025\/09\/Branding-6-300x168.jpg 300w, https:\/\/www.sisinternational.com\/wp-content\/uploads\/2025\/09\/Branding-6-1024x574.jpg 1024w, https:\/\/www.sisinternational.com\/wp-content\/uploads\/2025\/09\/Branding-6-768x430.jpg 768w, https:\/\/www.sisinternational.com\/wp-content\/uploads\/2025\/09\/Branding-6-18x10.jpg 18w\" sizes=\"auto, (max-width: 1456px) 100vw, 1456px\"><\/figure>\n\n\n\n<p><\/p>\n\n\n\n<h2 class=\"wp-block-heading\">Erfahrung in der Markenmarktforschung<\/h2>\n\n\n\n<p><strong>SIS ist ein f\u00fchrendes Unternehmen f\u00fcr Markenmarktforschung und Strategieberatung. Profitieren Sie von unserer Erfahrung im Bereich Business Branding.<\/strong><\/p>\n\n\n\n<h3 class=\"wp-block-heading\">Markenzeichen<\/h3>\n\n\n\n<ul class=\"wp-block-list\">\n<li>Brand image study for a major airline conducted via CATI in US and the UK.&nbsp; Respondents were international leisure and business travelers.<\/li>\n\n\n\n<li>Conducted mall intercepts in US on consumers&#8217; attitudes toward retail clothing store brand names.<\/li>\n\n\n\n<li>Conducted focus groups for brand-name items.<\/li>\n\n\n\n<li>Quantitativ <a href=\"https:\/\/www.sisinternational.com\/de\/sachverstand\/branchen\/markenmarktforschung\/\" title=\"Markenmarktforschung\"  data-wpil-monitor-id=\"7077\">Marke<\/a> Image Study for the US and Europe for Industrial Cleaning products by end-use Market Segments.<\/li>\n\n\n\n<li>Quantitative Umfrage zum Markenimage von Glasherstellern in den USA.<\/li>\n\n\n\n<li>Quantitative Markenimage-Umfrage f\u00fcr einen Glashersteller.<\/li>\n\n\n\n<li>Conducted an intercept study on <a href=\"https:\/\/www.sisinternational.com\/de\/sachverstand\/lebenslaufe\/markenforschung\/\" title=\"Markenforschungsunternehmen\"  data-wpil-monitor-id=\"6299\">brand image for food companies<\/a><\/li>\n\n\n\n<li>Durchf\u00fchrung einer Markenimage- und Wirksamkeitsstudie f\u00fcr ein M\u00f6belunternehmen<\/li>\n<\/ul>\n\n\n\n<h3 class=\"wp-block-heading\">Markenwert<\/h3>\n\n\n\n<ul class=\"wp-block-list\">\n<li>Globale Markenstudie f\u00fcr S\u00fc\u00dfwarenunternehmen f\u00fcr ein asiatisches Werbeunternehmen.<\/li>\n\n\n\n<li>Completed a brand awareness tracking study for a global manufacturer of a multi-purpose power tool in Australia, Chile, and Argentina.&nbsp; We conducted a pre and post wave of telephone interviews discussing these media campaigns.<\/li>\n\n\n\n<li>Durchf\u00fchrung einer Studie zum Markenwert und zur Markenbekanntheit auf dem nordamerikanischen M\u00f6belmarkt.<\/li>\n\n\n\n<li>Conducted a brand equity and brand research <a href=\"https:\/\/www.sisinternational.com\/de\/grosforschung-fur-kleine-unternehmen\/\" title=\"Gro\u00dfforschung f\u00fcr kleine Unternehmen\"  data-wpil-monitor-id=\"2334\">strategy study for a major aerospace company<\/a> in the North American market.\u00a0 In 2009, we conducted a comprehensive, multi-phase global brand equity study for a major global aircraft engine manufacturer. We followed this with one-on-one interviews with key industry executives regarding current and anticipated industry issues. We surveyed airlines, appraisers, bankers, lessors, cargo companies and MROs including everyone from procurement and finance people to fleet managers and company executives. Our client used this <a href=\"https:\/\/www.sisinternational.com\/de\/abdeckung\/die-amerikaner\/marktforschung-in-der-karibik\/marktforschung-bahamas\/\" title=\"Marktforschung auf den Bahamas\"  data-wpil-monitor-id=\"4196\">research to refine their marketing<\/a> strategies and to inform next-generation aircraft engine initiatives.<\/li>\n\n\n\n<li>F\u00fcr einen quantitativen Online-Fragebogen habe ich eine Untersuchung zur Markentreue durchgef\u00fchrt.<\/li>\n<\/ul>\n\n\n\n<h3 class=\"wp-block-heading\">Markenidentit\u00e4t<\/h3>\n\n\n\n<ul class=\"wp-block-list\">\n<li>In Einkaufszentren in den USA wurden Befragungen zur Einstellung der Verbraucher gegen\u00fcber Markennamen in Bekleidungsgesch\u00e4ften durchgef\u00fchrt.<\/li>\n\n\n\n<li>Durchf\u00fchrung einer Studie zur Ermittlung der Marken- und Funktionsnamen eines neuen Betriebssystems in Japan und Deutschland unter PC-Benutzern.<\/li>\n\n\n\n<li>Durchf\u00fchrung von IDIs mit Journalisten und Analysten bez\u00fcglich ihrer Markenidentit\u00e4t\/Bekanntheit f\u00fcr Solarmodule<\/li>\n<\/ul>\n\n\n\n<h3 class=\"wp-block-heading\">Markenstrategie<\/h3>\n\n\n\n<ul class=\"wp-block-list\">\n<li>Produkte, globale Markenerfolge und -misserfolge.<\/li>\n\n\n\n<li>Durchf\u00fchrung einer europ\u00e4ischen Markenl\u00f6sungsstudie mit Radiologen.<\/li>\n\n\n\n<li>Qualitative Studie unter \u00c4rzten und M\u00fcttern zu deren Reaktion auf das Konzept einer kompletten Linie von Ern\u00e4hrungsprodukten unter einem einzigen globalen Markennamen und deren Positionierung.<\/li>\n\n\n\n<li>Erfolgreiche Markenmanagementtechniken im US-Einzelhandel.<\/li>\n\n\n\n<li>Neupositionierung der Markenstrategie eines Kunden aus der Fensterherstellung zur Ansprache professioneller Bauunternehmer.<\/li>\n\n\n\n<li>Durchf\u00fchrung einer IDIS zur Bewertung der Corporate-Markenslogans eines gro\u00dfen Mobiltelefonherstellers<\/li>\n<\/ul>\n\n\n\n<h2 class=\"wp-block-heading\"><a href=\"https:\/\/www.sisinternational.com\/de\/about-sis\/contact-sis-international-market-research\/\">Kontaktieren Sie uns f\u00fcr Ihr n\u00e4chstes Markenmarktforschungs- und -strategieprojekt.<\/a><\/h2>","protected":false},"excerpt":{"rendered":"<p>Profitieren Sie von unserer Erfahrung im Business Branding und in der Markenforschung.<\/p>","protected":false},"author":1,"featured_media":69135,"parent":15106,"menu_order":3,"comment_status":"closed","ping_status":"closed","template":"","meta":{"footnotes":""},"class_list":["post-19154","page","type-page","status-publish","has-post-thumbnail"],"_links":{"self":[{"href":"https:\/\/www.sisinternational.com\/de\/wp-json\/wp\/v2\/pages\/19154","targetHints":{"allow":["GET"]}}],"collection":[{"href":"https:\/\/www.sisinternational.com\/de\/wp-json\/wp\/v2\/pages"}],"about":[{"href":"https:\/\/www.sisinternational.com\/de\/wp-json\/wp\/v2\/types\/page"}],"author":[{"embeddable":true,"href":"https:\/\/www.sisinternational.com\/de\/wp-json\/wp\/v2\/users\/1"}],"replies":[{"embeddable":true,"href":"https:\/\/www.sisinternational.com\/de\/wp-json\/wp\/v2\/comments?post=19154"}],"version-history":[{"count":8,"href":"https:\/\/www.sisinternational.com\/de\/wp-json\/wp\/v2\/pages\/19154\/revisions"}],"predecessor-version":[{"id":80641,"href":"https:\/\/www.sisinternational.com\/de\/wp-json\/wp\/v2\/pages\/19154\/revisions\/80641"}],"up":[{"embeddable":true,"href":"https:\/\/www.sisinternational.com\/de\/wp-json\/wp\/v2\/pages\/15106"}],"wp:featuredmedia":[{"embeddable":true,"href":"https:\/\/www.sisinternational.com\/de\/wp-json\/wp\/v2\/media\/69135"}],"wp:attachment":[{"href":"https:\/\/www.sisinternational.com\/de\/wp-json\/wp\/v2\/media?parent=19154"}],"curies":[{"name":"wp","href":"https:\/\/api.w.org\/{rel}","templated":true}]}}