{"id":19150,"date":"2015-10-25T18:45:27","date_gmt":"2015-10-25T18:45:27","guid":{"rendered":"https:\/\/www.sisinternational.com\/?page_id=19150"},"modified":"2026-03-05T23:41:27","modified_gmt":"2026-03-06T04:41:27","slug":"b2b-marktforschungsunternehmen","status":"publish","type":"page","link":"https:\/\/www.sisinternational.com\/de\/losungen\/b2b-marktforschung\/b2b-marktforschungsunternehmen\/","title":{"rendered":"Top-Unternehmen f\u00fcr B2B-Marktforschung"},"content":{"rendered":"<h1 class=\"wp-block-heading\">Top-Unternehmen f\u00fcr B2B-Marktforschung<\/h1>\n\n\n\n<p><\/p>\n\n\n\n<figure class=\"gb-block-image gb-block-image-a61a8d9b\"><img loading=\"lazy\" decoding=\"async\" width=\"1456\" height=\"816\" class=\"gb-image gb-image-a61a8d9b\" src=\"https:\/\/www.sisinternational.com\/wp-content\/uploads\/2025\/08\/B2Bjpg-4.jpg\" alt=\"SIS International Marktforschung &amp; Strategie\" title=\"B2Bjpg (4)\" srcset=\"https:\/\/www.sisinternational.com\/wp-content\/uploads\/2025\/08\/B2Bjpg-4.jpg 1456w, https:\/\/www.sisinternational.com\/wp-content\/uploads\/2025\/08\/B2Bjpg-4-300x168.jpg 300w, https:\/\/www.sisinternational.com\/wp-content\/uploads\/2025\/08\/B2Bjpg-4-1024x574.jpg 1024w, https:\/\/www.sisinternational.com\/wp-content\/uploads\/2025\/08\/B2Bjpg-4-768x430.jpg 768w, https:\/\/www.sisinternational.com\/wp-content\/uploads\/2025\/08\/B2Bjpg-4-18x10.jpg 18w\" sizes=\"auto, (max-width: 1456px) 100vw, 1456px\"><\/figure>\n\n\n\n<hr class=\"wp-block-separator has-alpha-channel-opacity is-style-dots\"\/>\n\n\n\n<h3 class=\"wp-block-heading\"><span style=\"font-weight: 400;\">Jede gute Gesch\u00e4ftsentscheidung beginnt mit den richtigen Erkenntnissen \u2013 und genau diese liefert ein f\u00fchrendes B2B-Marktforschungsunternehmen.<\/span><\/h3>\n\n\n\n<p><span style=\"font-weight: 400;\">Ein f\u00fchrendes B2B-Marktforschungsunternehmen schlie\u00dft die L\u00fccke zwischen Daten und Ma\u00dfnahmen und stellt sicher, dass Ihre Entscheidungen den Marktanforderungen entsprechen. Von der Erforschung von Kundenpr\u00e4ferenzen bis zur Analyse von Branchentrends statten diese Unternehmen Unternehmen mit dem Wissen aus, um Wachstum voranzutreiben, Risiken zu reduzieren und langfristigen Erfolg zu erzielen.<\/span><\/p>\n\n\n\n<h2 class=\"wp-block-heading\"><strong>Was ist ein Top-B2B-Marktforschungsunternehmen?<\/strong><\/h2>\n\n\n\n<p><span style=\"font-weight: 400;\">A top B2B market research company delivers key insights and data-driven strategies tailored to the unique needs of business-to-business markets. These <a href=\"https:\/\/www.sisinternational.com\/de\/top-unternehmen-fur-die-prognose-von-b2b-branchentrends\/\" title=\"F\u00fchrendes Unternehmen f\u00fcr Prognosen von B2B-Branchentrends\"  data-wpil-monitor-id=\"1634\">companies conduct in-depth analyses to uncover trends<\/a>, identify opportunities, and address challenges within specific industries. Their services include gathering qualitative and quantitative data through surveys, focus groups, interviews, and data analytics.&nbsp;<\/span><\/p>\n\n\n\n<p><span style=\"font-weight: 400;\">For instance, a top <a class=\"wpil_keyword_link\" href=\"https:\/\/www.sisinternational.com\/de\/losungen\/b2b-marktforschung\/\"   title=\"B2B-Marktforschung\" data-wpil-keyword-link=\"linked\"  data-wpil-monitor-id=\"785\">B2B-Marktforschung<\/a> company might help a logistics firm analyze regional demand for supply chain solutions or assist a software company in understanding the needs of enterprise clients for a new SaaS product.&nbsp;<\/span><\/p>\n\n\n\n<h2 class=\"wp-block-heading\"><strong>Warum brauchen Unternehmen ein B2B-Marktforschungsunternehmen?<\/strong><\/h2>\n\n\n\n<p><\/p>\n\n\n\n<figure class=\"gb-block-image gb-block-image-f8cab8e1\"><img loading=\"lazy\" decoding=\"async\" width=\"1456\" height=\"816\" class=\"gb-image gb-image-f8cab8e1\" src=\"https:\/\/www.sisinternational.com\/wp-content\/uploads\/2025\/08\/B2B-2-4.jpg\" alt=\"SIS International Marktforschung &amp; Strategie\" title=\"B2B 2 (4)\" srcset=\"https:\/\/www.sisinternational.com\/wp-content\/uploads\/2025\/08\/B2B-2-4.jpg 1456w, https:\/\/www.sisinternational.com\/wp-content\/uploads\/2025\/08\/B2B-2-4-300x168.jpg 300w, https:\/\/www.sisinternational.com\/wp-content\/uploads\/2025\/08\/B2B-2-4-1024x574.jpg 1024w, https:\/\/www.sisinternational.com\/wp-content\/uploads\/2025\/08\/B2B-2-4-768x430.jpg 768w, https:\/\/www.sisinternational.com\/wp-content\/uploads\/2025\/08\/B2B-2-4-18x10.jpg 18w\" sizes=\"auto, (max-width: 1456px) 100vw, 1456px\"><\/figure>\n\n\n\n<p><\/p>\n\n\n\n<p><span style=\"font-weight: 400;\"><a href=\"https:\/\/www.sisinternational.com\/de\/losungen\/b2b-marktforschung\/best-practices-for-b2b-market-research\/\" title=\"Best Practices for B2B Market Research\"  data-wpil-monitor-id=\"1790\">B2B-Marktforschung<\/a> firms provide the expertise and tools necessary to address these complexities, enabling organizations to make data-driven decisions and stay ahead in competitive industries. Here\u2019s why businesses need the support of a <a href=\"https:\/\/www.sisinternational.com\/de\/losungen\/legal-market-research\/scheinjury-marktforschung-3\/\" title=\"Top-Unternehmen f\u00fcr Scheinjury-Marktforschung\"  data-wpil-monitor-id=\"912\">top B2B market research company<\/a>:<\/span><\/p>\n\n\n\n<h4 class=\"wp-block-heading\"><b>Komplexe Kaufzyklen verstehen<\/b><\/h4>\n\n\n\n<p><span style=\"font-weight: 400;\">Multiple stakeholders, longer sales cycles, and intricate approval processes typically influence B2B purchasing decisions. A <a href=\"https:\/\/www.sisinternational.com\/de\/top-unternehmen-fur-marketingstrategien\/\" title=\"Top-Unternehmen f\u00fcr Marketingstrategien\"  data-wpil-monitor-id=\"998\">top B2B market research company<\/a> helps businesses map out these decision-making journeys, uncovering critical factors influencing buyer behavior.&nbsp;<\/span><\/p>\n\n\n\n<h4 class=\"wp-block-heading\"><b>Marktchancen erkennen<\/b><\/h4>\n\n\n\n<p><span style=\"font-weight: 400;\"><a href=\"https:\/\/www.sisinternational.com\/de\/fuhrendes-unternehmen-zur-uberwachung-von-b2b-markttrends\/\" title=\"F\u00fchrendes Unternehmen zur \u00dcberwachung von B2B-Markttrends\"  data-wpil-monitor-id=\"1224\">B2B market research companies<\/a> conduct thorough market analyses to identify demand, assess competition, and evaluate entry barriers. This ensures businesses can confidently pursue growth opportunities while mitigating potential challenges.&nbsp;<\/span><\/p>\n\n\n\n<h4 class=\"wp-block-heading\"><b>Optimierung von Marketing- und Verkaufsstrategien<\/b><\/h4>\n\n\n\n<p><span style=\"font-weight: 400;\">A <a href=\"https:\/\/www.sisinternational.com\/de\/b2b-leadgenerierung-marktforschung\/\" title=\"Marktforschung zur B2B-Leadgenerierung\"  data-wpil-monitor-id=\"1339\">leading B2B market research<\/a> company helps businesses refine their messaging, identify the most effective marketing channels, and tailor their value propositions to resonate with target audiences.&nbsp;<\/span><\/p>\n\n\n\n<h4 class=\"wp-block-heading\"><b>Verbesserung der Kundenbindung<\/b><\/h4>\n\n\n\n<p><span style=\"font-weight: 400;\">Understanding client pain points, satisfaction levels, and future needs is crucial for maintaining these relationships. A <a href=\"https:\/\/www.sisinternational.com\/de\/weltweit-fuhrendes-unternehmen-fur-qualitative-forschung\/\" title=\"Weltweit f\u00fchrendes Unternehmen f\u00fcr qualitative Forschung\"  data-wpil-monitor-id=\"1025\">top B2B market research company<\/a> conducts customer satisfaction studies and retention analyses to help businesses strengthen their client base.<\/span><\/p>\n\n\n\n<h2 class=\"wp-block-heading\"><strong>M\u00f6glichkeiten in der B2B-Marktforschung<\/strong><\/h2>\n\n\n\n<p><span style=\"font-weight: 400;\">The evolving business landscape presents several opportunities for <a href=\"https:\/\/www.sisinternational.com\/de\/top-unternehmen-fur-b2b-nachfragegenerierung\/\" title=\"Top-Unternehmen f\u00fcr B2B-Nachfragegenerierung\"  data-wpil-monitor-id=\"1393\">companies<\/a> to leverage the insights of a B2B market research company. Below are some critical opportunities for businesses to explore through <a href=\"https:\/\/www.sisinternational.com\/de\/losungen\/b2b-markenbekanntheitsmarktforschung\/\" title=\"B2B-Marktforschung zur Markenbekanntheit\"  data-wpil-monitor-id=\"2318\">B2B-Marktforschung<\/a>:<\/span><\/p>\n\n\n\n<h4 class=\"wp-block-heading\"><b>1. Expansion in Schwellenm\u00e4rkte<\/b><\/h4>\n\n\n\n<p><span style=\"font-weight: 400;\">Rapid economic growth in Southeast Asia, Africa, and Latin America presents untapped opportunities. <a href=\"https:\/\/www.sisinternational.com\/de\/losungen\/b2b-online-community-marktforschungsunternehmen\/\" title=\"B2B Online Community Marktforschungsunternehmen\"  data-wpil-monitor-id=\"2378\">B2B-Marktforschung<\/a> can identify high-potential markets, cultural nuances, and local regulatory requirements, enabling businesses to tailor their strategies effectively.<\/span><\/p>\n\n\n\n<h4 class=\"wp-block-heading\"><b>2. Digitale Transformation nutzen<\/b><\/h4>\n\n\n\n<p><span style=\"font-weight: 400;\"><a href=\"https:\/\/www.sisinternational.com\/de\/top-unternehmen-fur-b2b-markteinfuhrungsstrategien\/\" title=\"F\u00fchrendes Unternehmen f\u00fcr B2B-Markteinf\u00fchrungsstrategien\"  data-wpil-monitor-id=\"1367\">Companies can use B2B market<\/a> research to assess how AI, machine learning, and blockchain impact their markets, helping them integrate these innovations to enhance operations and customer experiences.<\/span><\/p>\n\n\n\n<h4 class=\"wp-block-heading\"><b>3. ESG und Nachhaltigkeitsausrichtung<\/b><\/h4>\n\n\n\n<p><span style=\"font-weight: 400;\">Da Umwelt-, Sozial- und Governance-Kriterien (ESG) immer mehr an Bedeutung gewinnen, k\u00f6nnen sich Unternehmen als Vorreiter in Sachen Nachhaltigkeit positionieren. Diese Marktforschung hilft dabei, die Priorit\u00e4ten der Kunden in Bezug auf umweltfreundliche Praktiken und Compliance zu identifizieren, sodass Unternehmen ihre Angebote entsprechend ausrichten k\u00f6nnen.<\/span><\/p>\n\n\n\n<h4 class=\"wp-block-heading\"><b>4. Anpassung und Personalisierung<\/b><\/h4>\n\n\n\n<p><span style=\"font-weight: 400;\">Durch Marktforschung erh\u00e4lt man Einblicke in spezifische Kundenbed\u00fcrfnisse und kann so Unternehmen ma\u00dfgeschneiderte Produkte, Dienstleistungen und Erfahrungen bereitstellen.<\/span><\/p>\n\n\n\n<h4 class=\"wp-block-heading\"><b>5. Innovation in der Produkt- und Serviceentwicklung<\/b><\/h4>\n\n\n\n<p><span style=\"font-weight: 400;\">A <a href=\"https:\/\/www.sisinternational.com\/de\/top-unternehmen-fur-b2b-verkaufsoptimierung\/\" title=\"Top-Unternehmen f\u00fcr B2B-Verkaufsoptimierung\"  data-wpil-monitor-id=\"1661\">B2B market research company<\/a> helps businesses identify unmet needs, test new ideas, and refine product offerings to resonate with their target audience.<\/span><\/p>\n\n\n\n<h3 class=\"wp-block-heading p12\"><b>Eine Auswahl unserer fr\u00fcheren und gegenw\u00e4rtigen Kunden<\/b><\/h3>\n\n\n\n<p><\/p>\n\n\n\n<figure class=\"gb-block-image gb-block-image-a0ad1b08\"><img loading=\"lazy\" decoding=\"async\" width=\"1456\" height=\"816\" class=\"gb-image gb-image-a0ad1b08\" src=\"https:\/\/www.sisinternational.com\/wp-content\/uploads\/2025\/08\/B2Bjpg-3.jpg\" alt=\"SIS International Marktforschung &amp; Strategie\" title=\"B2Bjpg (3)\" srcset=\"https:\/\/www.sisinternational.com\/wp-content\/uploads\/2025\/08\/B2Bjpg-3.jpg 1456w, https:\/\/www.sisinternational.com\/wp-content\/uploads\/2025\/08\/B2Bjpg-3-300x168.jpg 300w, https:\/\/www.sisinternational.com\/wp-content\/uploads\/2025\/08\/B2Bjpg-3-1024x574.jpg 1024w, https:\/\/www.sisinternational.com\/wp-content\/uploads\/2025\/08\/B2Bjpg-3-768x430.jpg 768w, https:\/\/www.sisinternational.com\/wp-content\/uploads\/2025\/08\/B2Bjpg-3-18x10.jpg 18w\" sizes=\"auto, (max-width: 1456px) 100vw, 1456px\"><\/figure>\n\n\n\n<p><\/p>\n\n\n\n<ul class=\"wp-block-list\">\n<li>3M Materialien zur Verkehrskontrolle<\/li>\n\n\n\n<li>Acer<\/li>\n\n\n\n<li>Alphabet Company<\/li>\n\n\n\n<li>Amway<\/li>\n\n\n\n<li>Apfel<\/li>\n\n\n\n<li>Angewandte Materialien<\/li>\n\n\n\n<li>AT&amp;T<\/li>\n\n\n\n<li>Avery Dennison<\/li>\n\n\n\n<li>Bain &amp; Co.<\/li>\n\n\n\n<li>Bell S\u00fcd<\/li>\n\n\n\n<li>Bellcore<\/li>\n\n\n\n<li>Brady Corp<\/li>\n\n\n\n<li>Cisco<\/li>\n\n\n\n<li>Verband der Verschlusshersteller<\/li>\n\n\n\n<li>Connect Teleservices, LLC<\/li>\n\n\n\n<li>Covidien-L\u00f6sungen f\u00fcr Atmung und \u00dcberwachung<\/li>\n\n\n\n<li>Kontinuum<\/li>\n\n\n\n<li>Cummins<\/li>\n\n\n\n<li>Daimler<\/li>\n\n\n\n<li>Digital Equipment Corporation<\/li>\n\n\n\n<li>Diversit\u00e4tshebel<\/li>\n\n\n\n<li>Dremel<\/li>\n\n\n\n<li>Eastman Kodak<\/li>\n\n\n\n<li>EC21<\/li>\n\n\n\n<li>Elektronische Datensysteme<\/li>\n\n\n\n<li>Elf Aquitanien<\/li>\n\n\n\n<li>Exxon-Mobil<\/li>\n\n\n\n<li>Fasson \u2013 Rollenabteilung<\/li>\n\n\n\n<li>F\u00fcnf Zw\u00f6lf Gruppe<\/li>\n\n\n\n<li>Fleischmann Hillard<\/li>\n\n\n\n<li>Ford Motor Company<\/li>\n\n\n\n<li>Genecor<\/li>\n\n\n\n<li>Allgemeine Elektrik<\/li>\n\n\n\n<li>General Motors<\/li>\n\n\n\n<li>Grainger<\/li>\n\n\n\n<li>GTE Informationsdienste<\/li>\n\n\n\n<li>Hewlett Packard<\/li>\n\n\n\n<li>Hill-Rom<\/li>\n\n\n\n<li>IBM<\/li>\n\n\n\n<li>In-Sink-Erator<\/li>\n\n\n\n<li>Itvasline<\/li>\n\n\n\n<li>Johnson Controls<\/li>\n\n\n\n<li>Kohler<\/li>\n\n\n\n<li>Milliken und Compan<\/li>\n\n\n\n<li>Motorola<\/li>\n\n\n\n<li>MTS<\/li>\n\n\n\n<li>Nicholson Kovac, Inc.<\/li>\n\n\n\n<li>Nikkei<\/li>\n\n\n\n<li>Nissan<\/li>\n\n\n\n<li>Nokia<\/li>\n\n\n\n<li>Nortel<\/li>\n\n\n\n<li>Pazifische Glocke<\/li>\n\n\n\n<li>Parsons Brinckerhoff<\/li>\n\n\n\n<li>Pitney Bowes<\/li>\n\n\n\n<li>Pohl-Boskamp<\/li>\n\n\n\n<li>Polaroid Corporation<\/li>\n\n\n\n<li>Vertrauen Elektro<\/li>\n\n\n\n<li>Rexam-Grafiken<\/li>\n\n\n\n<li>Rinnai<\/li>\n\n\n\n<li>Samsung<\/li>\n\n\n\n<li>SC Johnson Wachs<\/li>\n\n\n\n<li>Seaquist-Verschl\u00fcsse<\/li>\n\n\n\n<li>Sensormatic Electronics Corporation<\/li>\n\n\n\n<li>H\u00fclse<\/li>\n\n\n\n<li>Siemens<\/li>\n\n\n\n<li>Simplex Corporation<\/li>\n\n\n\n<li>S\u00fcdwestliche Glocke<\/li>\n\n\n\n<li>Springer-Verlag<\/li>\n\n\n\n<li>Stanley-Werke<\/li>\n\n\n\n<li>Stahlgeh\u00e4use<\/li>\n\n\n\n<li>Teikoku-Datenbank Amerika<\/li>\n\n\n\n<li>Thomas Publishing<\/li>\n\n\n\n<li>Toyota<\/li>\n\n\n\n<li>Union Pacific<\/li>\n\n\n\n<li>Unisys<\/li>\n\n\n\n<li>Vereinigte Technologie<\/li>\n\n\n\n<li>Volvo North America Corp.<\/li>\n\n\n\n<li>WR Grace &amp; Company<\/li>\n\n\n\n<li>Whirlpool Corporation<\/li>\n\n\n\n<li>Wirelution<\/li>\n<\/ul>\n\n\n\n<h2 class=\"wp-block-heading\"><strong>Was SIS International zu einem Top-Unternehmen f\u00fcr B2B-Marktforschung macht<\/strong><\/h2>\n\n\n\n<p><a href=\"https:\/\/www.linkedin.com\/company\/sisinternationalresearch\/\" target=\"_blank\" rel=\"noopener\"><span style=\"font-weight: 400;\">SIS International<\/span><\/a><span style=\"font-weight: 400;\"> liefert Unternehmen aus unterschiedlichsten Branchen hochwertige Erkenntnisse und umsetzbare Strategien. Mit einer nachweislichen Erfolgsbilanz kombiniert das Unternehmen umfassendes Fachwissen, innovative Methoden und einen kundenorientierten Ansatz, um Unternehmen dabei zu unterst\u00fctzen, datengesteuerte Entscheidungen zu treffen.<\/span><\/p>\n\n\n\n<p><b>Umfassende Marktexpertise<\/b><b><br><\/b><b><br><\/b><a href=\"https:\/\/twitter.com\/SISIntlResearch\" target=\"_blank\" rel=\"noopener\"><span style=\"font-weight: 400;\">SIS<\/span><\/a><span style=\"font-weight: 400;\"> ist auf B2B-M\u00e4rkte spezialisiert und bietet beispiellose Einblicke in komplexe Branchen wie Technologie, Gesundheitswesen, Fertigung und Finanzdienstleistungen. Unser Expertenteam bringt jahrelange Erfahrung und ein differenziertes Verst\u00e4ndnis branchenspezifischer Herausforderungen mit.<\/span><\/p>\n\n\n\n<p><b>Globale Reichweite mit lokaler Expertise<\/b><b><br><\/b><b><br><\/b><span style=\"font-weight: 400;\">We provide businesses with a global perspective and localized insights. It ensures clients receive strategies tailored to their specific markets, whether they\u2019re navigating regional regulations or cultural dynamics.<\/span><\/p>\n\n\n\n<p><b>Innovative Forschungsmethoden<\/b><b><br><\/b><b><br><\/b><a href=\"https:\/\/medium.com\/@sisinternational\/sis-international-c17160da8fac\" target=\"_blank\" rel=\"noopener\"><span style=\"font-weight: 400;\">SIS<\/span><\/a><span style=\"font-weight: 400;\"> nutzt modernste Methoden, darunter fortschrittliche Datenanalyse, pr\u00e4diktive Modellierung und digitale Tools. Das Unternehmen liefert zuverl\u00e4ssige und zukunftsweisende Erkenntnisse durch die Integration traditioneller und moderner Forschungstechniken.<\/span><\/p>\n\n\n\n<p><b>Engagement f\u00fcr umsetzbare Erkenntnisse<\/b><b><br><\/b><b><br><\/b><span style=\"font-weight: 400;\">Unser Team geht \u00fcber die blo\u00dfe Datenerfassung hinaus und wandelt Rohdaten in umsetzbare Strategien um. Kunden profitieren von klaren, praktischen Empfehlungen, die auf ihre Gesch\u00e4ftsziele abgestimmt sind und messbare Ergebnisse erzielen.<\/span><\/p>\n\n\n\n<p><b>Von Branchenf\u00fchrern vertraut<\/b><b><br><\/b><b><br><\/b><span style=\"font-weight: 400;\">SIS International arbeitet mit f\u00fchrenden Unternehmen aus verschiedenen Branchen zusammen und hat sich einen Ruf f\u00fcr Exzellenz, Zuverl\u00e4ssigkeit und Wert erworben. Die Kunden vertrauen darauf, dass das Unternehmen Erkenntnisse liefert, die es ihnen erm\u00f6glichen, fundierte und wirkungsvolle Entscheidungen zu treffen.<\/span><\/p>\n\n\n\n<h3 class=\"wp-block-heading\"><b>Der Vorteil von SIS International<\/b><\/h3>\n\n\n\n<p><span style=\"font-weight: 400;\">SIS International is more than just a research provider\u2014it\u2019s a strategic partner dedicated to helping businesses navigate complex markets and achieve sustainable growth. As a <a href=\"https:\/\/www.sisinternational.com\/de\/weltweit-fuhrendes-unternehmen-fur-quantitative-marktforschung\/\" title=\"Weltweit f\u00fchrendes Unternehmen f\u00fcr quantitative Marktforschung\" data-wpil-monitor-id=\"1047\">top B2B market research company<\/a>, SIS International combines expertise, innovation, and client-centricity to deliver unparalleled value.<\/span><\/p>\n\n\n\n<h2 class=\"wp-block-heading\">Unser Standort in New York<\/h2>\n\n\n\n<p>\n\n\n\n<iframe loading=\"lazy\" src=\"https:\/\/www.google.com\/maps\/embed?pb=!1m18!1m12!1m3!1d3022.976188376966!2d-73.99130312499956!3d40.740549471389315!2m3!1f0!2f0!3f0!3m2!1i1024!2i768!4f13.1!3m3!1m2!1s0x89c259a15798c731%3A0xd695d09bdd495f25!2s11%20E%2022nd%20St%20FL%202%2C%20New%20York%2C%20NY%2010010%2C%20USA!5e0!3m2!1sen!2spe!4v1726171763526!5m2!1sen!2spe\" width=\"600\" height=\"450\" allowfullscreen=\"allowfullscreen\" data-mce-fragment=\"1\"><\/iframe>\n\n\n\n<\/p>\n\n\n\n<h3 class=\"wp-block-heading\">11 E 22nd Street, Floor 2, New York, NY 10010 T: +1(212) 505-6805<\/h3>\n\n\n\n<hr class=\"wp-block-separator has-alpha-channel-opacity\"\/>\n\n\n\n<h2 class=\"wp-block-heading\"><span style=\"font-weight: 400;\">\u00dcber SIS International<\/span><\/h2>\n\n\n\n<p><a href=\"https:\/\/www.sisinternational.com\/de\/\"><span style=\"font-weight: 400;\">SIS International<\/span><\/a><span style=\"font-weight: 400;\"> bietet quantitative, qualitative und strategische Forschung an. Wir liefern Daten, Tools, Strategien, Berichte und Erkenntnisse zur Entscheidungsfindung. Wir f\u00fchren auch Interviews, Umfragen, Fokusgruppen und andere Methoden und Ans\u00e4tze der Marktforschung durch.<\/span><a href=\"https:\/\/www.sisinternational.com\/de\/uber-sis-international-research\/contact-sis-international-market-research\/\"><span style=\"font-weight: 400;\"> Kontakt<\/span><\/a><span style=\"font-weight: 400;\"> f\u00fcr Ihr n\u00e4chstes Marktforschungsprojekt.<\/span><\/p>\n\n\n\n<p><\/p>","protected":false},"excerpt":{"rendered":"<p>Profitieren Sie von unserer globalen B2B-Branchenerfahrung.<\/p>","protected":false},"author":1,"featured_media":62382,"parent":11292,"menu_order":0,"comment_status":"closed","ping_status":"closed","template":"","meta":{"footnotes":""},"class_list":["post-19150","page","type-page","status-publish","has-post-thumbnail"],"_links":{"self":[{"href":"https:\/\/www.sisinternational.com\/de\/wp-json\/wp\/v2\/pages\/19150","targetHints":{"allow":["GET"]}}],"collection":[{"href":"https:\/\/www.sisinternational.com\/de\/wp-json\/wp\/v2\/pages"}],"about":[{"href":"https:\/\/www.sisinternational.com\/de\/wp-json\/wp\/v2\/types\/page"}],"author":[{"embeddable":true,"href":"https:\/\/www.sisinternational.com\/de\/wp-json\/wp\/v2\/users\/1"}],"replies":[{"embeddable":true,"href":"https:\/\/www.sisinternational.com\/de\/wp-json\/wp\/v2\/comments?post=19150"}],"version-history":[{"count":20,"href":"https:\/\/www.sisinternational.com\/de\/wp-json\/wp\/v2\/pages\/19150\/revisions"}],"predecessor-version":[{"id":76726,"href":"https:\/\/www.sisinternational.com\/de\/wp-json\/wp\/v2\/pages\/19150\/revisions\/76726"}],"up":[{"embeddable":true,"href":"https:\/\/www.sisinternational.com\/de\/wp-json\/wp\/v2\/pages\/11292"}],"wp:featuredmedia":[{"embeddable":true,"href":"https:\/\/www.sisinternational.com\/de\/wp-json\/wp\/v2\/media\/62382"}],"wp:attachment":[{"href":"https:\/\/www.sisinternational.com\/de\/wp-json\/wp\/v2\/media?parent=19150"}],"curies":[{"name":"wp","href":"https:\/\/api.w.org\/{rel}","templated":true}]}}