{"id":19141,"date":"2015-10-25T18:13:12","date_gmt":"2015-10-25T18:13:12","guid":{"rendered":"https:\/\/www.sisinternational.com\/?page_id=19141"},"modified":"2026-03-12T11:54:24","modified_gmt":"2026-03-12T15:54:24","slug":"lebenslauf-mit-erfahrungen-in-der-automobilindustrie","status":"publish","type":"page","link":"https:\/\/www.sisinternational.com\/de\/sachverstand\/automobilmarktforschung\/lebenslauf-mit-erfahrungen-in-der-automobilindustrie\/","title":{"rendered":"Marktforschungsunternehmen f\u00fcr die Automobilindustrie"},"content":{"rendered":"<h1 class=\"wp-block-heading\">Erfahrung in der Marktforschung der Automobilindustrie<\/h1>\n\n\n\n<p><\/p>\n\n\n\n<figure class=\"gb-block-image gb-block-image-bda5eeb9\"><img loading=\"lazy\" decoding=\"async\" width=\"1456\" height=\"816\" class=\"gb-image gb-image-bda5eeb9\" src=\"https:\/\/www.sisinternational.com\/wp-content\/uploads\/2025\/09\/Automotive-Market-Research-in-Europe-1.jpg\" alt=\"SIS International Marktforschung &amp; Strategie\" title=\"Automotive Market Research in Europe (1)\" srcset=\"https:\/\/www.sisinternational.com\/wp-content\/uploads\/2025\/09\/Automotive-Market-Research-in-Europe-1.jpg 1456w, https:\/\/www.sisinternational.com\/wp-content\/uploads\/2025\/09\/Automotive-Market-Research-in-Europe-1-300x168.jpg 300w, https:\/\/www.sisinternational.com\/wp-content\/uploads\/2025\/09\/Automotive-Market-Research-in-Europe-1-1024x574.jpg 1024w, https:\/\/www.sisinternational.com\/wp-content\/uploads\/2025\/09\/Automotive-Market-Research-in-Europe-1-768x430.jpg 768w, https:\/\/www.sisinternational.com\/wp-content\/uploads\/2025\/09\/Automotive-Market-Research-in-Europe-1-18x10.jpg 18w\" sizes=\"auto, (max-width: 1456px) 100vw, 1456px\"><\/figure>\n\n\n\n<p><\/p>\n\n\n\n<h2 class=\"wp-block-heading\">Unsere Marktforschungserfahrung in der Automobilindustrie<\/h2>\n\n\n\n<p><strong>SIS ist ein f\u00fchrendes globales Unternehmen f\u00fcr Marktforschung und Strategie im Automobilbereich. Profitieren Sie von unserer Erfahrung in der Automobilindustrie.<\/strong><\/p>\n\n\n\n<ul class=\"wp-block-list\">\n<li>Durchf\u00fchrung einer quantitativen und qualitativen Studie \u00fcber die Meinung der Verbraucher zum Ausstattungspreis und zur Notwendigkeit der einzelnen Optionen, zum erwarteten Preis, zu Pr\u00e4ferenzen und Ideen f\u00fcr neue Optionen\/Funktionen.<\/li>\n\n\n\n<li>Durchgef\u00fchrte ethnografische Studien zu Lufterfrischern in Brasilien und China.<\/li>\n\n\n\n<li>Durchf\u00fchrung eines gro\u00dfen Auto-Sprechs in New York zum Thema Parksensor-Technologie.<\/li>\n\n\n\n<li>Conducted an in-depth <a href=\"https:\/\/www.sisinternational.com\/de\/losungen\/schwerpunktgruppen\/fokusgruppen-in-new-york-testen-produkte-fur-senioren\/\" title=\"Nutzung von NYC-Fokusgruppen zum Testen von Produkten f\u00fcr Senioren \u00a0\"  data-wpil-monitor-id=\"10537\">focus group and ethnographic study in NYC<\/a>, LA and Seattle among Generation Y about their attitudes towards a new car concept.<\/li>\n\n\n\n<li><a href=\"https:\/\/www.sisinternational.com\/de\/losungen\/fokusgruppen-marktforschung\/wie-man-eine-fokusgruppe-leitet\/\" title=\"So leiten Sie eine Fokusgruppe\"  data-wpil-monitor-id=\"10534\">Conducted focus groups<\/a> of very low-incidence car owners in the Los Angeles area<\/li>\n\n\n\n<li>Durchf\u00fchrung einer Studie \u00fcber BMW-K\u00e4ufer und Nicht-K\u00e4ufer, um Informationen \u00fcber Bed\u00fcrfnisse und Vorlieben zu sammeln<\/li>\n\n\n\n<li>Durchf\u00fchrung einer globalen Studie zu Hybrid-Elektrofahrzeugen (HEV), mit besonderem Schwerpunkt auf Argentinien, Brasilien, Chile, Mexiko, Australien und Neuseeland<\/li>\n\n\n\n<li><a href=\"https:\/\/www.sisinternational.com\/de\/how-to-conduct-effective-desk-research\/\" title=\"How to Conduct Effective Desk Research\"  data-wpil-monitor-id=\"10541\">Conducted advertising effectiveness research<\/a> and CAWI interviews in NYC among high income, low incidence European automobile drivers.<\/li>\n\n\n\n<li>Durchf\u00fchrung qualitativer Diskussionsgruppen zum Thema Erfahrungen von Luxusautobesitzern mit Luxusautos<\/li>\n\n\n\n<li>Durchf\u00fchrung einer gro\u00dfen Studie zu Luxusautos mit geringer Inzidenz (F2F, CATI) in Washington DC.<\/li>\n\n\n\n<li>Durchf\u00fchrung von Rekrutierung und Feldarbeit bei einer gro\u00dfen Autoklinik in Los Angeles f\u00fcr einen gro\u00dfen europ\u00e4ischen Autohersteller<\/li>\n\n\n\n<li>Habe eine Untersuchung verschiedener Verkaufsliteratur zu einem europ\u00e4ischen Luxusautomobilunternehmen aus der Sicht eines Kunden durchgef\u00fchrt.<\/li>\n\n\n\n<li>Durchf\u00fchrung einer Wettbewerbsstudie zu zwei gro\u00dfen OEM-Konkurrenten, die Automobilkomponenten vertreiben.<\/li>\n\n\n\n<li>Conducted worldwide study of auto drives.&nbsp; Conducted focus groups in the following countries: Argentina, Brazil, France, Germany, Hong Kong, Italy, Japan, Malaysia, Netherlands, Norway, Puerto Rico, Singapore, Thailand, and the UK.<\/li>\n\n\n\n<li>Durchf\u00fchrung einer Business-Intelligence-Studie zur Untersuchung der Wettbewerbsbewertung der zweiten Fertigungsstufe von Automobilunternehmen.<\/li>\n\n\n\n<li><a href=\"https:\/\/www.sisinternational.com\/de\/how-to-conduct-in-depth-interviews-for-market-insights\/\" title=\"So f\u00fchren Sie ausf\u00fchrliche Interviews durch, um Markteinblicke zu gewinnen\"  data-wpil-monitor-id=\"10530\">Conducted in-depth interviews<\/a> on new advertising slogans for a high-end car.<\/li>\n\n\n\n<li>Imagestudie zur Unternehmenswerbung in den USA f\u00fcr einen gro\u00dfen europ\u00e4ischen Automobilhersteller.<\/li>\n\n\n\n<li>Qualitative Studie f\u00fcr junge Amerikaner zum Thema Automobilstudien in den USA.<\/li>\n\n\n\n<li>Conducted study in Asia for the <a href=\"https:\/\/www.sisinternational.com\/de\/produktmeinung-kulturelle-einblicke-markteintritt-von-asien-nach-europa\/\" title=\"Markteintrittsforschung f\u00fcr die Automobilindustrie | Fallstudie\"  data-wpil-monitor-id=\"6669\">Automobilindustrie<\/a> testing equipment market.<\/li>\n\n\n\n<li>Durchf\u00fchrung eines Image-Awareness-Werbeprogramms f\u00fcr einen globalen Automobilhersteller.<\/li>\n\n\n\n<li>Wettbewerbsbeurteilung eines gro\u00dfen Automobilunternehmens in Thailand.<\/li>\n\n\n\n<li>Qualitative Tiefeninterviews mit Nutzern neuer SUV-Modelle.<\/li>\n\n\n\n<li>Identifizierte Kauftrends und Autopr\u00e4ferenzen von Singles in den USA<\/li>\n\n\n\n<li>Durchgef\u00fchrte Studie zur Analyse der aktuellen Parkbedingungen auf Einzelparkpl\u00e4tzen, st\u00e4dtischen Grundst\u00fccken und Parkuhren in New York City.<\/li>\n\n\n\n<li>Durchgef\u00fchrte, tiefgehende Feldforschung zur Zufriedenheit mit dem Kfz-Service mittels einer umfassenden CATI-Studie.<\/li>\n\n\n\n<li>Durchgef\u00fchrte Studie \u00fcber Autobesitzer und -h\u00e4ndler. Ziel dieser Studie war es, die Erfahrungen, Verhaltensweisen und allgemeine Zufriedenheit von Autok\u00e4ufern und Autoh\u00e4ndlern in Bezug auf die Finanzierung von Autokrediten zu untersuchen.<\/li>\n\n\n\n<li>Auf der NY Auto Show wurden Vor-Ort-Interviews durchgef\u00fchrt, um Feedback zum Markeninteresse f\u00fcr die zuk\u00fcnftige Planung zu erhalten.<\/li>\n\n\n\n<li>Durchf\u00fchrung von Fokusgruppen und Hausbesuchen, um Erkenntnisse zur Rolle eines Autos im Haushalt, zu Kundenprofilen sowie zum Kauf- und Entscheidungsprozess zu gewinnen.<\/li>\n\n\n\n<li>Conducted focus <a href=\"https:\/\/www.sisinternational.com\/de\/sachverstand\/branchen\/marktforschung-fur-fokusgruppen-im-automobilbereich\/\" title=\"Marktforschung f\u00fcr Fokusgruppen im Automobilbereich\"  data-wpil-monitor-id=\"10536\">groups in the consumer and automotive<\/a> industry with focus in the tires category regarding emotional values linked to functional benefits.<\/li>\n\n\n\n<li>Durchgef\u00fchrte Online-Umfrage zur Analyse der Einstellung von Autobesitzern zu ihren Fahrzeugen in Gro\u00dfbritannien, Deutschland, Russland und Australien.<\/li>\n\n\n\n<li>Consumer research (purchase decision, car strengths and weaknesses, image and brand perception) in New <a href=\"https:\/\/www.sisinternational.com\/de\/losungen\/schwerpunktgruppen\/einrichtungen-fur-fokusgruppen-in-nyc\/\" title=\"Einrichtungen f\u00fcr Fokusgruppen in New York City\"  data-wpil-monitor-id=\"10531\">York City using focus groups<\/a>.<\/li>\n\n\n\n<li>Testen von Automobilkonzepten in China mithilfe ausf\u00fchrlicher Interviews.<\/li>\n\n\n\n<li>Car Clinic in den USA zur Erprobung neuer Fahrzeugkonzepte im Luxussegment.<\/li>\n\n\n\n<li>Durchgef\u00fchrte Marktintelligenzstudie zum Markt f\u00fcr Aluminiumr\u00e4der in den USA.<\/li>\n\n\n\n<li>Erstellte Marktanalyse des Marktes f\u00fcr Elektroautos in Amerika.<\/li>\n\n\n\n<li>Durchgef\u00fchrter Usability-Test f\u00fcr Parksensoren von Mietwagen.<\/li>\n\n\n\n<li>Conducted study to gain insight in <a href=\"https:\/\/www.sisinternational.com\/de\/financial-services-consulting\/financial-services-customer-satisfaction\/\" title=\"Financial Services Customer Satisfaction\"  data-wpil-monitor-id=\"10539\">customer satisfaction with car repair services<\/a>.<\/li>\n\n\n\n<li>F\u00fchrte Interviews mit Autoh\u00e4ndlern in den USA.<\/li>\n\n\n\n<li>Durchf\u00fchrung von Fokusgruppen f\u00fcr Besitzer\/potenzielle Kunden von Yamaha-Motoren<\/li>\n\n\n\n<li>Durchf\u00fchrung einer Studie zu chinesischen Autoh\u00e4ndlern<\/li>\n\n\n\n<li>Durchgef\u00fchrte Forschungsstudie zum Testen von Autos und Autokonzepten.<\/li>\n\n\n\n<li>Conducted a steering wheel report study in the US<\/li>\n\n\n\n<li>Conducted a <a href=\"https:\/\/www.sisinternational.com\/de\/sachverstand\/branchen\/marktforschung-fur-elektrofahrzeuge\/\" title=\"Marktforschung f\u00fcr Elektrofahrzeuge\"  data-wpil-monitor-id=\"10543\">research study regarding Electric Vehicles<\/a> in the US<\/li>\n\n\n\n<li>Durchf\u00fchrung einer Benchmarking-Studie zum Volvo Penta<\/li>\n\n\n\n<li>Durchf\u00fchrung einer Forschungsstudie zum Ford Gen IV-Motor<\/li>\n\n\n\n<li>Conducted an online and telephone research for machines and small engines<\/li>\n\n\n\n<li>Durchf\u00fchrung einer Website-Usability-Studie f\u00fcr einen gro\u00dfen Automobilhersteller<\/li>\n<\/ul>\n\n\n\n<h3 class=\"wp-block-heading\"><b>Eine Auswahl unserer aktuellen und fr\u00fcheren Kunden<\/b><\/h3>\n\n\n\n<ul class=\"wp-block-list\">\n<li>Daimler<\/li>\n\n\n\n<li>Ford Motor Company<\/li>\n\n\n\n<li>General Motors<\/li>\n\n\n\n<li>Honda<\/li>\n\n\n\n<li>MINI<\/li>\n\n\n\n<li>MTS<\/li>\n\n\n\n<li>Nissan<\/li>\n\n\n\n<li>Hyundai<\/li>\n\n\n\n<li>Jaguar<\/li>\n\n\n\n<li>Rheoschmiede<\/li>\n\n\n\n<li>H\u00fclse<\/li>\n\n\n\n<li>Toyota<\/li>\n\n\n\n<li>Volvo Nordamerika<\/li>\n\n\n\n<li>Yamaha<\/li>\n\n\n\n<li>GMS Net<\/li>\n\n\n\n<li>Porche<\/li>\n\n\n\n<li>BMW<\/li>\n<\/ul>\n\n\n\n<h2 class=\"wp-block-heading\"><a href=\"https:\/\/www.sisinternational.com\/de\/about-sis\/contact-sis-international-market-research\/\">Kontaktieren Sie uns f\u00fcr Ihr n\u00e4chstes Marktforschungsprojekt im Automobilbereich.<\/a><\/h2>\n\n\n\n<p><\/p>","protected":false},"excerpt":{"rendered":"<p>Profitieren Sie von unserer Erfahrung in der Automobilindustrie.<\/p>","protected":false},"author":1,"featured_media":66388,"parent":11155,"menu_order":2,"comment_status":"closed","ping_status":"closed","template":"","meta":{"footnotes":""},"class_list":["post-19141","page","type-page","status-publish","has-post-thumbnail"],"_links":{"self":[{"href":"https:\/\/www.sisinternational.com\/de\/wp-json\/wp\/v2\/pages\/19141","targetHints":{"allow":["GET"]}}],"collection":[{"href":"https:\/\/www.sisinternational.com\/de\/wp-json\/wp\/v2\/pages"}],"about":[{"href":"https:\/\/www.sisinternational.com\/de\/wp-json\/wp\/v2\/types\/page"}],"author":[{"embeddable":true,"href":"https:\/\/www.sisinternational.com\/de\/wp-json\/wp\/v2\/users\/1"}],"replies":[{"embeddable":true,"href":"https:\/\/www.sisinternational.com\/de\/wp-json\/wp\/v2\/comments?post=19141"}],"version-history":[{"count":5,"href":"https:\/\/www.sisinternational.com\/de\/wp-json\/wp\/v2\/pages\/19141\/revisions"}],"predecessor-version":[{"id":81731,"href":"https:\/\/www.sisinternational.com\/de\/wp-json\/wp\/v2\/pages\/19141\/revisions\/81731"}],"up":[{"embeddable":true,"href":"https:\/\/www.sisinternational.com\/de\/wp-json\/wp\/v2\/pages\/11155"}],"wp:featuredmedia":[{"embeddable":true,"href":"https:\/\/www.sisinternational.com\/de\/wp-json\/wp\/v2\/media\/66388"}],"wp:attachment":[{"href":"https:\/\/www.sisinternational.com\/de\/wp-json\/wp\/v2\/media?parent=19141"}],"curies":[{"name":"wp","href":"https:\/\/api.w.org\/{rel}","templated":true}]}}