{"id":18900,"date":"2015-09-21T23:57:09","date_gmt":"2015-09-21T23:57:09","guid":{"rendered":"https:\/\/www.sisinternational.com\/?page_id=18900"},"modified":"2026-03-12T21:25:27","modified_gmt":"2026-03-13T01:25:27","slug":"usability-tests-benutzer-ux-forschung","status":"publish","type":"page","link":"https:\/\/www.sisinternational.com\/de\/sachverstand\/produkttests-marktforschung\/usability-tests-benutzer-ux-forschung\/","title":{"rendered":"Benutzermarktforschung und Usability-Tests"},"content":{"rendered":"<h1 class=\"wp-block-heading p1\">Benutzermarktforschung und Usability-Tests<\/h1>\n\n\n\n<p><\/p>\n\n\n\n<figure class=\"gb-block-image gb-block-image-ceedab54\"><img loading=\"lazy\" decoding=\"async\" width=\"1456\" height=\"816\" class=\"gb-image gb-image-ceedab54\" src=\"https:\/\/www.sisinternational.com\/wp-content\/uploads\/2025\/08\/Tech-6.jpg\" alt=\"SIS International Marktforschung &amp; Strategie\" title=\"Tech (6)\" srcset=\"https:\/\/www.sisinternational.com\/wp-content\/uploads\/2025\/08\/Tech-6.jpg 1456w, https:\/\/www.sisinternational.com\/wp-content\/uploads\/2025\/08\/Tech-6-300x168.jpg 300w, https:\/\/www.sisinternational.com\/wp-content\/uploads\/2025\/08\/Tech-6-1024x574.jpg 1024w, https:\/\/www.sisinternational.com\/wp-content\/uploads\/2025\/08\/Tech-6-768x430.jpg 768w, https:\/\/www.sisinternational.com\/wp-content\/uploads\/2025\/08\/Tech-6-18x10.jpg 18w\" sizes=\"auto, (max-width: 1456px) 100vw, 1456px\"><\/figure>\n\n\n\n<p><\/p>\n\n\n\n<h2 class=\"wp-block-heading p1\"><span class=\"s1\">Was ist Usability-Testing?<\/span><\/h2>\n\n\n\n<p class=\"p2\"><span class=\"s1\"><b>Usability-Tests<\/b>&nbsp;ist eine qualitative Forschungstechnik, die die direkte Beobachtung und Befragung von Personen bei der Verwendung eines Produkts umfasst, um zu beurteilen, ob es f\u00fcr den beabsichtigten Zweck verwendet werden kann.<\/span><\/p>\n\n\n\n<p class=\"p4\"><span class=\"s1\">Im Allgemeinen werden die Probanden gebeten, ein Produkt zu verwenden oder ein Problem damit zu l\u00f6sen und dann laut zu sagen, was sie denken und tun und warum, Schritt f\u00fcr Schritt. Dieser Prozess kann etwaige Schwierigkeiten beim Verst\u00e4ndnis oder bei der Verwendung des Produkts aufdecken. <\/span><\/p>\n\n\n\n<h2 class=\"wp-block-heading p1\"><span class=\"s1\">Wann Sie Usability-Tests durchf\u00fchren sollten<\/span><\/h2>\n\n\n\n<p class=\"p2\"><span class=\"s1\">Wenn Sie ein Unternehmen haben oder \u00fcberarbeiten <\/span><span class=\"s2\">Webseite<\/span><span class=\"s1\">, sollte ein Interesse daran bestehen, das allgemeine Benutzererlebnis zu ermitteln, einschlie\u00dflich Benutzerfreundlichkeit, Anzahl der Klicks und Zeitaufwand f\u00fcr die Suche nach Informationen.&nbsp;<\/span><span class=\"s3\">Es ist wichtig zu wissen, ob die Besucher Ihrer Website Folgendes ausf\u00fchren k\u00f6nnen:<\/span><\/p>\n\n\n\n<ul class=\"wp-block-list\">\n<li><span class=\"s1\">Navigieren Sie von Bildschirm zu Bildschirm und auf jedem Bildschirm<\/span><\/li>\n\n\n\n<li><span class=\"s1\">Entdecken Sie erwartete Inhalte<\/span><\/li>\n\n\n\n<li><span class=\"s1\">Produktspezifikationen suchen<\/span><\/li>\n\n\n\n<li><span class=\"s1\">Bilder oder Videos verstehen\/nutzen<\/span><\/li>\n\n\n\n<li><span class=\"s1\">Ein Problem l\u00f6sen<\/span><\/li>\n\n\n\n<li><span class=\"s1\">Preis anfordern <\/span><\/li>\n\n\n\n<li><span class=\"s1\">Zum Unternehmensprofil<\/span><\/li>\n\n\n\n<li><span class=\"s1\">Kontaktieren Sie das Unternehmen, um\u2026<\/span>\n<ul class=\"wp-block-list\">\n<li><span class=\"s1\">Angebot anfordern&nbsp;<\/span><\/li>\n\n\n\n<li><span class=\"s1\">Einen Kauf t\u00e4tigen<\/span><\/li>\n\n\n\n<li><span class=\"s1\">Sprechen Sie mit dem Kundenservice<\/span><\/li>\n<\/ul>\n<\/li>\n<\/ul>\n\n\n\n<h2 class=\"wp-block-heading\">Erkenntnisse zur Benutzererfahrung gewinnen<\/h2>\n\n\n\n<p class=\"p1\"><span class=\"s1\">Wenn Sie verkaufen ein <\/span><span class=\"s2\">Produkt<\/span><span class=\"s1\">&nbsp;Ob eine gedruckte Anleitung dabei ist oder nicht, l\u00e4sst sich nicht nur feststellen, ob der Verbraucher mit der Bedienung vertraut ist, sondern auch, wie einfach die Bedienung ist und inwieweit sie den Erwartungen entspricht. Beispiele hierf\u00fcr sind:<\/span><\/p>\n\n\n\n<ul class=\"wp-block-list\">\n<li><span class=\"s1\">Lebensmittel, die zubereitet werden m\u00fcssen<\/span><\/li>\n\n\n\n<li><span class=\"s1\">Gesundheits- und Sch\u00f6nheitshilfen<\/span><\/li>\n\n\n\n<li><span class=\"s1\">Armaturenbretter f\u00fcr Kraftfahrzeuge<\/span><\/li>\n\n\n\n<li><span class=\"s1\">Entertainmentsysteme<\/span><\/li>\n\n\n\n<li><span class=\"s1\">Elektrische und elektronische Ger\u00e4te oder Werkzeuge<\/span><\/li>\n\n\n\n<li><span class=\"s1\">Ein Produkt, das zusammengebaut werden muss<\/span><\/li>\n<\/ul>\n\n\n\n<h2 class=\"wp-block-heading p1\"><span class=\"s1\">Wie werden Usability-Tests durchgef\u00fchrt?<\/span><\/h2>\n\n\n\n<p class=\"p2\"><span class=\"s1\">Test subjects are generally recruited based on a set of screening questions and then invited to a <a href=\"https:\/\/www.sisinternational.com\/de\/losungen\/branding-und-kundenforschungslosungen\/produkttests-marktforschung\/\" title=\"Produkttests Marktforschung\"  data-wpil-monitor-id=\"9659\">Forschung<\/a> facility which is set up with the product to be tested. Alternatively, some videoconferencing capability (e.g. Skype, FaceTime, Zoom) may be set up to enable an interviewer to see and be seen by a respondent. <\/span><\/p>\n\n\n\n<ul class=\"wp-block-list\">\n<li><span class=\"s1\">In den meisten F\u00e4llen wird eine finanzielle Entsch\u00e4digung, eine sogenannte <strong>Anreiz<\/strong>, wird f\u00fcr die Mitarbeit an der Forschung angeboten, in manchen F\u00e4llen bekommen die Teilnehmer das Produkt aber auch einfach zum Behalten.<\/span><\/li>\n\n\n\n<li><span class=\"s1\">Eine typische Sitzung dauert zwischen einer Stunde und 90 Minuten.<\/span><\/li>\n<\/ul>\n\n\n\n<p class=\"p2\"><span class=\"s1\">Mit Hilfe des Kunden erstellt der Forscher\/Interviewer einen Aufgaben- und Fragenkatalog f\u00fcr die Bearbeitung. <\/span><\/p>\n\n\n\n<ul class=\"wp-block-list\">\n<li><span class=\"s1\">Im Laufe des Projekts empfiehlt es sich, die Aufgaben nach M\u00f6glichkeit rotieren zu lassen, um etwaige Voreingenommenheiten einer Person gegen\u00fcber einer anderen zu vermeiden.<\/span><\/li>\n\n\n\n<li><span class=\"s1\">Der Interviewer sollte keinerlei Hilfestellung geben (au\u00dfer zu erkl\u00e4ren, was zu tun ist) und jedem Teilnehmer die Aufgabe auf genau dieselbe Weise pr\u00e4sentieren.&nbsp;<\/span><\/li>\n\n\n\n<li><span class=\"s1\">Wenn die Aufgabe nicht abgeschlossen werden kann, werden die Gr\u00fcnde daf\u00fcr ermittelt und der Kunde wird bei der Durchf\u00fchrung der erforderlichen Anpassungen am Produkt oder an der Website unterst\u00fctzt.<\/span><\/li>\n\n\n\n<li><span class=\"s1\">Durch die aufmerksame Beobachtung jedes Benutzers kann der Forscher auch die K\u00f6rpersprache oder verbalen Ausdr\u00fccke (die auf Frustration, Verwirrung, Unzufriedenheit oder Anzeichen von Freude oder Zufriedenheit hinweisen) erfassen. All dies kann in einen Abschlussbericht und Empfehlungen einflie\u00dfen.<\/span><\/li>\n<\/ul>\n\n\n\n<p class=\"p1\"><span class=\"s1\">Auch bei einer \u00fcberschaubaren Anzahl an Probanden laufen viele Ergebnisse und Stellungnahmen schnell zusammen und machen deutlich, ob in bestimmten Bereichen Verbesserungsbedarf besteht.<\/span><\/p>\n\n\n\n<p class=\"p1\"><span class=\"s1\">Es empfiehlt sich, in regelm\u00e4\u00dfigen Abst\u00e4nden Usability-Tests durchzuf\u00fchren, um sicherzustellen, dass neue Benutzer die Aufgaben mit Ihrem Produkt oder Ihrer Website problemlos erledigen k\u00f6nnen, und um festzustellen, ob etwaige \u00c4nderungen einen Unterschied bewirkt haben.<\/span><\/p>\n\n\n\n<h2 class=\"wp-block-heading\">\u00dcber Website-Usability-Tests<\/h2>\n\n\n\n<p>Testing a website can be critical.&nbsp; Most people in both B2C and <a href=\"https:\/\/www.sisinternational.com\/de\/sachverstand\/lebenslaufe\/b2b-marktforschungsunternehmen\/\" title=\"Top-Unternehmen f\u00fcr B2B-Marktforschung\"  data-wpil-monitor-id=\"9660\">B2B examine a company&#8217;s<\/a> website before doing business with your company.&nbsp; Therefore Website Usability can have a direct and immediate impact on your bottom line profitability.<\/p>\n\n\n\n<p>Website Usability is a robust <a href=\"https:\/\/www.sisinternational.com\/de\/losungen\/stimme-des-kunden\/\" title=\"Stimme der Kundenforschung\"  data-wpil-monitor-id=\"9655\">research methodology to understand customer<\/a> likes, dislikes and purchasing processes. It examines what customers first see, what bothers them, and what motivates them to purchase.&nbsp; Data can also be provided in terms of conversion metrics, willingness to purchase, and heat map data.&nbsp; <a href=\"https:\/\/www.sisinternational.com\/de\/losungen\/qualitative-quantitative-forschungslosungen\/qualitative-forschung-rekrutierung\/\" title=\"Qualitative Forschung Rekrutierung\"  data-wpil-monitor-id=\"9656\">Qualitative und Quantitative Forschung<\/a> can be gathered to provide strategies and modifications to your company&#8217;s website.<\/p>\n\n\n\n<p><strong>Die Website-Usability-Forschung kann Folgendes bieten:<\/strong><\/p>\n\n\n\n<ul class=\"wp-block-list\">\n<li>Bessere Nachrichten\u00fcbermittlung und Design<\/li>\n\n\n\n<li>H\u00f6here Konvertierungsmetriken<\/li>\n\n\n\n<li>H\u00f6here Profitabilit\u00e4t, Umsatz und Absatz<\/li>\n\n\n\n<li>Bessere Branding-Leistung<\/li>\n\n\n\n<li>Bessere Suchmaschinenoptimierung (SEO)<\/li>\n\n\n\n<li>Erweiterte Omnichannel-Strategie<\/li>\n\n\n\n<li>Wettbewerbsvorteil<\/li>\n<\/ul>\n\n\n\n<h2 class=\"wp-block-heading\">Methoden der Nutzermarktforschung<\/h2>\n\n\n\n<p>Many UX <a href=\"https:\/\/www.sisinternational.com\/de\/quantitative-market-research-methods-and-techniques\/\" title=\"Quantitative Market Research Methods and Techniques\"  data-wpil-monitor-id=\"9654\">Market Research methods<\/a> can help achieve different objectives.&nbsp; We conduct:<\/p>\n\n\n\n<ul class=\"wp-block-list\">\n<li><a href=\"https:\/\/www.sisinternational.com\/de\/losungen\/b2b-online-community-marktforschungsunternehmen\/\" title=\"B2B Online Community Marktforschungsunternehmen\"  data-wpil-monitor-id=\"9658\">Online-Insight-Communitys<\/a><\/li>\n\n\n\n<li><a href=\"https:\/\/www.sisinternational.com\/de\/losungen\/branding-und-kundenforschungslosungen\/videoethnographieforschung\/\" title=\"Video-Ethnographie-Forschung\"  data-wpil-monitor-id=\"6797\">Video- und Mobilethnographie<\/a><\/li>\n\n\n\n<li>Online-Zoom-Interviews<\/li>\n\n\n\n<li>Co-Creation-Sitzungen<\/li>\n\n\n\n<li>Schwerpunktgruppen<\/li>\n\n\n\n<li>Tiefgr\u00fcndige Interviews<\/li>\n\n\n\n<li>Agile <a href=\"https:\/\/www.sisinternational.com\/de\/losungen\/geschmackstest\/how-quantitative-sensory-testing-helps-businesses-improve-product-appeal\/\" title=\"Sensory Testing Research\"  data-wpil-monitor-id=\"9657\">Research and Testing<\/a><\/li>\n\n\n\n<li>Website-Usability-Tests<\/li>\n<\/ul>\n\n\n\n<h2 class=\"wp-block-heading\">Vorteile der Nutzermarktforschung<\/h2>\n\n\n\n<p>Die Nutzermarktforschung liefert Erkenntnisse, Daten und Strategien, die Folgendes erm\u00f6glichen:<\/p>\n\n\n\n<ul class=\"wp-block-list\">\n<li>H\u00f6here Kundenbindung<\/li>\n\n\n\n<li>H\u00f6here Profitabilit\u00e4t<\/li>\n\n\n\n<li>Bessere Gesch\u00e4ftsleistung<\/li>\n\n\n\n<li>Effektivere Nachrichten\u00fcbermittlung<\/li>\n\n\n\n<li><a href=\"https:\/\/www.sisinternational.com\/de\/sachverstand\/branchen\/marktforschung-im-hochschulbereich\/\" title=\"Marktforschung im Hochschulbereich\"  data-wpil-monitor-id=\"9661\">Higher efficiency in marketing<\/a> and operations<\/li>\n\n\n\n<li>Geringere Marketingbudgets<\/li>\n<\/ul>","protected":false},"excerpt":{"rendered":"<p>Wir bieten Benutzerforschung und UX-Tests f\u00fcr Wettbewerbsvorteile.<\/p>","protected":false},"author":1,"featured_media":62723,"parent":12926,"menu_order":6,"comment_status":"closed","ping_status":"closed","template":"","meta":{"footnotes":""},"class_list":["post-18900","page","type-page","status-publish","has-post-thumbnail"],"_links":{"self":[{"href":"https:\/\/www.sisinternational.com\/de\/wp-json\/wp\/v2\/pages\/18900","targetHints":{"allow":["GET"]}}],"collection":[{"href":"https:\/\/www.sisinternational.com\/de\/wp-json\/wp\/v2\/pages"}],"about":[{"href":"https:\/\/www.sisinternational.com\/de\/wp-json\/wp\/v2\/types\/page"}],"author":[{"embeddable":true,"href":"https:\/\/www.sisinternational.com\/de\/wp-json\/wp\/v2\/users\/1"}],"replies":[{"embeddable":true,"href":"https:\/\/www.sisinternational.com\/de\/wp-json\/wp\/v2\/comments?post=18900"}],"version-history":[{"count":6,"href":"https:\/\/www.sisinternational.com\/de\/wp-json\/wp\/v2\/pages\/18900\/revisions"}],"predecessor-version":[{"id":81610,"href":"https:\/\/www.sisinternational.com\/de\/wp-json\/wp\/v2\/pages\/18900\/revisions\/81610"}],"up":[{"embeddable":true,"href":"https:\/\/www.sisinternational.com\/de\/wp-json\/wp\/v2\/pages\/12926"}],"wp:featuredmedia":[{"embeddable":true,"href":"https:\/\/www.sisinternational.com\/de\/wp-json\/wp\/v2\/media\/62723"}],"wp:attachment":[{"href":"https:\/\/www.sisinternational.com\/de\/wp-json\/wp\/v2\/media?parent=18900"}],"curies":[{"name":"wp","href":"https:\/\/api.w.org\/{rel}","templated":true}]}}