{"id":18880,"date":"2015-09-19T21:12:32","date_gmt":"2015-09-19T21:12:32","guid":{"rendered":"https:\/\/www.sisinternational.com\/?page_id=18880"},"modified":"2025-09-16T17:58:52","modified_gmt":"2025-09-16T21:58:52","slug":"ideenfindungs-workshops","status":"publish","type":"page","link":"https:\/\/www.sisinternational.com\/de\/losungen\/innovation\/ideenfindungs-workshops\/","title":{"rendered":"Ideenforschung"},"content":{"rendered":"<h1 class=\"wp-block-heading\">Ideenforschung<\/h1>\n\n\n\n<p><\/p>\n\n\n\n<figure class=\"gb-block-image gb-block-image-59b8f966\"><img loading=\"lazy\" decoding=\"async\" width=\"1456\" height=\"816\" class=\"gb-image gb-image-59b8f966\" src=\"https:\/\/www.sisinternational.com\/wp-content\/uploads\/2025\/08\/Desk-research-3.jpg\" alt=\"SIS International Marktforschung &amp; Strategie\" title=\"Desk research (3)\" srcset=\"https:\/\/www.sisinternational.com\/wp-content\/uploads\/2025\/08\/Desk-research-3.jpg 1456w, https:\/\/www.sisinternational.com\/wp-content\/uploads\/2025\/08\/Desk-research-3-300x168.jpg 300w, https:\/\/www.sisinternational.com\/wp-content\/uploads\/2025\/08\/Desk-research-3-1024x574.jpg 1024w, https:\/\/www.sisinternational.com\/wp-content\/uploads\/2025\/08\/Desk-research-3-768x430.jpg 768w, https:\/\/www.sisinternational.com\/wp-content\/uploads\/2025\/08\/Desk-research-3-18x10.jpg 18w\" sizes=\"auto, (max-width: 1456px) 100vw, 1456px\"><\/figure>\n\n\n\n<p><\/p>\n\n\n\n<h2 class=\"wp-block-heading p1\"><span class=\"s1\">Was ist Ideenfindung?<\/span><\/h2>\n\n\n\n<p class=\"p2\"><span class=\"s1\">Sowohl auf dem Verbraucher- als auch auf dem B2B-Markt besteht das Ziel der Ideenfindung (oder des Ideenfindungsprozesses) nicht nur darin, Ideen zu generieren. Stattdessen sollte es sich darauf konzentrieren, wie man alle <\/span><span class=\"s2\">unmet&nbsp;needs of your <span class=\"s3\">Kunden<\/span><\/span><span class=\"s4\">.<\/span><span class=\"s1\">&nbsp; Ein Ideenfindungsworkshop ist ein kreativer Prozess, um diese Herausforderung anzugehen. In vielerlei Hinsicht \u00e4hnelt er dem, was oft als Brainstorming-Sitzung bezeichnet wird. Im Idealfall f\u00fchrt er zur Entwicklung verbesserter oder bisher ungeahnter neuer Produkte oder Produkterweiterungen.<\/span><\/p>\n\n\n\n<p>Markt <a href=\"https:\/\/www.sisinternational.com\/de\/sachverstand\/lebenslaufe\/lebenslauf-mit-erfahrungen-im-bereich-konsum-und-verpackte-guter\/\" title=\"Marktforschung f\u00fcr Konsumg\u00fcter und verpackte Waren\"  data-wpil-monitor-id=\"8534\">Forschung<\/a> can be used as a preliminary step to learn what consumers need or desire to do easier, faster, cheaper, or more effectively. Personal interviews, focus groups, <a href=\"https:\/\/www.sisinternational.com\/de\/losungen\/marktforschungsunternehmen-mit-online-umfragen\/\" title=\"Online Umfrage Sampling Marktforschungsunternehmen\"  data-wpil-monitor-id=\"8532\">online or telephone surveys<\/a> are just a few methods that can help to uncover some of these needs. The gist of the questions would revolve around \u201cwhat else would you like\u2026?\u201d<\/p>\n\n\n\n<h2 class=\"wp-block-heading p1\"><span class=\"s1\">Wie f\u00fchrt man einen Ideenfindungsworkshop durch?<\/span><\/h2>\n\n\n\n<p class=\"p1\"><span class=\"s1\">Eine der ersten Aufgaben besteht darin, einen qualifizierten Moderator zu finden \u2013 fast immer einen Profi von au\u00dferhalb Ihres Unternehmens, der Erfahrung mit der Durchf\u00fchrung solcher \u00dcbungen hat. Als n\u00e4chstes sollten zwischen 8 und 12 Mitglieder aus Ihrem Unternehmen zur Teilnahme eingeladen werden, um ein m\u00f6glichst breites Feedback zu erhalten. Sie sollten \u00fcber unterschiedliche Merkmale oder Eigenschaften verf\u00fcgen, z. B. Geschlecht, Altersgruppe, Managementebene, Berufsfunktion. Im Workshop sollten alle Personen und ihre Ideen gleich behandelt werden. <\/span><span style=\"text-decoration: underline;\"><span class=\"s2\">ohne Urteil oder Voreingenommenheit<\/span><\/span><span class=\"s1\">. Die Teilnehmer kennen sich untereinander m\u00f6glicherweise nicht und ben\u00f6tigen au\u00dfer ihrem Vornamen keine weiteren Ausweisdokumente.<\/span><\/p>\n\n\n\n<ul class=\"wp-block-list\">\n<li><span class=\"s1\">Es gibt eine Reihe von h\u00e4ufig verwendeten Pers\u00f6nlichkeitstests, die dabei helfen, Menschen in bestimmte Kategorien einzuordnen. Der Myers-Briggs-Test beispielsweise stellt eine Reihe von Fragen, nach denen die Menschen einem von 16 Pers\u00f6nlichkeitstypen zugeordnet werden, von denen einige eher introvertiert, extrovertiert, intuitiv, analytisch oder kreativ sein k\u00f6nnen. <\/span><\/li>\n<\/ul>\n\n\n\n<p class=\"p1\"><span class=\"s1\">Es k\u00f6nnen Regeln oder Einschr\u00e4nkungen aufgestellt werden, um Menschen zu zwingen, auf neue und andere Weise zu denken. Zum Beispiel:<\/span><\/p>\n\n\n\n<ul class=\"wp-block-list\">\n<li><span class=\"s1\">Was w\u00e4re, wenn Sie aufgrund von Engp\u00e4ssen oder Preiserh\u00f6hungen bestimmte Zutaten oder Materialien zur Herstellung eines Produkts nicht verwenden k\u00f6nnten? <\/span><\/li>\n\n\n\n<li><span class=\"s1\">Wie k\u00f6nnten Sie eine Aufgabe in der H\u00e4lfte der Zeit oder zu der H\u00e4lfte der Kosten erledigen? <\/span><\/li>\n\n\n\n<li><span class=\"s1\">How would a <a href=\"https:\/\/www.sisinternational.com\/de\/sachverstand\/lebenslaufe\/lebenslauf-mit-erfahrungen-in-der-automobilindustrie\/\" title=\"Marktforschungsunternehmen f\u00fcr die Automobilindustrie\"  data-wpil-monitor-id=\"8535\">company in another industry<\/a> address the problem?<\/span><\/li>\n<\/ul>\n\n\n\n<p><span class=\"s1\">Der Sitzungsleiter wird im Allgemeinen bestimmte Gegenst\u00e4nde im Besprechungsraum zur Verf\u00fcgung haben:<\/span><\/p>\n\n\n\n<ul class=\"wp-block-list\">\n<li><span class=\"s1\">Haftnotizen in verschiedenen Farben und Gr\u00f6\u00dfen<\/span><\/li>\n\n\n\n<li><span class=\"s1\">Flipcharts<\/span><\/li>\n\n\n\n<li><span class=\"s1\">Wei\u00dfe Tafeln<\/span><\/li>\n\n\n\n<li><span class=\"s1\">Marker in verschiedenen Farben<\/span><\/li>\n\n\n\n<li><span class=\"s1\">Spielzeug, Gegenst\u00e4nde oder Spiele, um Spannungen abzubauen, eine angenehme Atmosph\u00e4re zu schaffen und unkonventionelles Denken anzuregen<\/span><\/li>\n<\/ul>\n\n\n\n<p class=\"p1\"><span class=\"s1\">Participants may be asked to co-create or create drawings or simple sketches and place them around the room for others to see and react to. This co-creation dives deep below the surface to uncover intuitive insight.&nbsp; Diagrams may be used to connect and rearrange words, pictures, ideas and concepts. It is important to hear from everyone in an environment where there are no wrong answers or statements.<b> <\/b><\/span><\/p>\n\n\n\n<p class=\"p1\"><\/p>\n\n\n\n<h2 class=\"wp-block-heading p1\"><span class=\"s1\">Was sind die Vorteile eines Ideenfindungs-Workshops?<\/span><\/h2>\n\n\n\n<p class=\"p1\"><span class=\"s1\">Irgendwann, normalerweise nach einer Stunde bis 90 Minuten, sind viele Ideen entstanden und das Tempo neuer Ideen l\u00e4sst nach. Es sollte m\u00f6glich sein, sie zu gruppieren, zu diskutieren und sie dann nach intern vereinbarten Kriterien zu bewerten und zu ordnen (z. B. l\u00f6st sie ein allgemeines Benutzerproblem, ist machbar und kann innerhalb eines angemessenen Zeit- oder Kostenrahmens umgesetzt werden). <\/span><\/p>\n\n\n\n<p class=\"p1\"><span class=\"s1\">Since the goal is to fulfill unmet customer needs and desires, there is really no limit to how many options should be pursued. But from a practical point of view, perhaps just a handful should be further explored in terms of resources required and potential <a href=\"https:\/\/www.sisinternational.com\/de\/return-on-investment-in-der-marktforschung\/\" title=\"Return on Investment in der Marktforschung\"  data-wpil-monitor-id=\"8536\">return on investment<\/a>.<\/span><\/p>\n\n\n\n<p class=\"p1\"><span class=\"s1\">Ultimately, terrific ideas for innovative new products or <a href=\"https:\/\/www.sisinternational.com\/de\/losungen\/fintech-strategieberatung-forschung\/beratung-zur-kundengewinnung-im-finanzdienstleistungsbereich\/\" title=\"Beratung zur Kundengewinnung im Finanzdienstleistungsbereich\"  data-wpil-monitor-id=\"8533\">services that solve problems for your customers<\/a> will be the outcome.<\/span><\/p>\n\n\n\n<p><\/p>","protected":false},"excerpt":{"rendered":"<p>Ideenforschung f\u00fchrt zur Entwicklung verbesserter und bisher ungeahnter neuer Produkte. Die Teilnehmer liefern bahnbrechende Erkenntnisse.<\/p>","protected":false},"author":1,"featured_media":62800,"parent":14459,"menu_order":1,"comment_status":"open","ping_status":"open","template":"","meta":{"footnotes":""},"class_list":["post-18880","page","type-page","status-publish","has-post-thumbnail"],"_links":{"self":[{"href":"https:\/\/www.sisinternational.com\/de\/wp-json\/wp\/v2\/pages\/18880","targetHints":{"allow":["GET"]}}],"collection":[{"href":"https:\/\/www.sisinternational.com\/de\/wp-json\/wp\/v2\/pages"}],"about":[{"href":"https:\/\/www.sisinternational.com\/de\/wp-json\/wp\/v2\/types\/page"}],"author":[{"embeddable":true,"href":"https:\/\/www.sisinternational.com\/de\/wp-json\/wp\/v2\/users\/1"}],"replies":[{"embeddable":true,"href":"https:\/\/www.sisinternational.com\/de\/wp-json\/wp\/v2\/comments?post=18880"}],"version-history":[{"count":5,"href":"https:\/\/www.sisinternational.com\/de\/wp-json\/wp\/v2\/pages\/18880\/revisions"}],"predecessor-version":[{"id":81431,"href":"https:\/\/www.sisinternational.com\/de\/wp-json\/wp\/v2\/pages\/18880\/revisions\/81431"}],"up":[{"embeddable":true,"href":"https:\/\/www.sisinternational.com\/de\/wp-json\/wp\/v2\/pages\/14459"}],"wp:featuredmedia":[{"embeddable":true,"href":"https:\/\/www.sisinternational.com\/de\/wp-json\/wp\/v2\/media\/62800"}],"wp:attachment":[{"href":"https:\/\/www.sisinternational.com\/de\/wp-json\/wp\/v2\/media?parent=18880"}],"curies":[{"name":"wp","href":"https:\/\/api.w.org\/{rel}","templated":true}]}}