{"id":17025,"date":"2015-06-30T21:28:58","date_gmt":"2015-06-30T21:28:58","guid":{"rendered":"https:\/\/www.sisinternational.com\/?page_id=17025"},"modified":"2025-09-08T13:08:41","modified_gmt":"2025-09-08T17:08:41","slug":"marktforschung-in-schweden","status":"publish","type":"page","link":"https:\/\/www.sisinternational.com\/de\/abdeckung\/europa\/marktforschung-in-schweden\/","title":{"rendered":"Marktforschung in Schweden"},"content":{"rendered":"<h1 class=\"gb-headline gb-headline-7b3668c6 gb-headline-text\">Marktforschung in Schweden<\/h1>\n\n\n\n<figure class=\"gb-block-image gb-block-image-d4e33358\"><img loading=\"lazy\" decoding=\"async\" width=\"1456\" height=\"816\" class=\"gb-image gb-image-d4e33358\" src=\"https:\/\/www.sisinternational.com\/wp-content\/uploads\/2025\/09\/Sweden-2.jpg\" alt=\"SIS International Marktforschung &amp; Strategie\" title=\"Sweden (2)\" srcset=\"https:\/\/www.sisinternational.com\/wp-content\/uploads\/2025\/09\/Sweden-2.jpg 1456w, https:\/\/www.sisinternational.com\/wp-content\/uploads\/2025\/09\/Sweden-2-300x168.jpg 300w, https:\/\/www.sisinternational.com\/wp-content\/uploads\/2025\/09\/Sweden-2-1024x574.jpg 1024w, https:\/\/www.sisinternational.com\/wp-content\/uploads\/2025\/09\/Sweden-2-768x430.jpg 768w, https:\/\/www.sisinternational.com\/wp-content\/uploads\/2025\/09\/Sweden-2-18x10.jpg 18w\" sizes=\"auto, (max-width: 1456px) 100vw, 1456px\"><\/figure>\n\n\n\n<hr class=\"wp-block-separator has-alpha-channel-opacity is-style-dots\"\/>\n\n\n\n<p>Can market research in Sweden unlock unparalleled opportunities for your business? As the market dynamics evolve in this country, staying ahead requires a keen understanding of consumer behavior, industry trends, and competitive landscapes.<\/p>\n\n\n\n<p>That&#8217;s why this market research is crucial before investing in Sweden or exploring the market opportunities.<\/p>\n\n\n\n<h2 class=\"wp-block-heading\">Was ist Marktforschung in Schweden?<\/h2>\n\n\n\n<p>Market research in Sweden provides businesses with actionable insights to make informed strategic decisions. Understanding consumer behavior and market trends is crucial for businesses aiming to establish or expand their presence in this Scandinavian nation.<\/p>\n\n\n\n<p>This market research informs product development and marketing strategies and assists in identifying untapped market niches and mitigating risks associated with market entry and expansion.<\/p>\n\n\n\n<p>Market research in Sweden also helps businesses answer critical questions such as:<\/p>\n\n\n\n<ul class=\"wp-block-list\">\n<li>Welche Verbraucherpr\u00e4ferenzen und Kaufverhalten herrschen in Schweden vor?<\/li>\n\n\n\n<li>Welchen Einfluss haben kulturelle Nuancen auf die Verbraucherentscheidungen in diesem Markt?<\/li>\n\n\n\n<li>Welche neuen Trends und Innovationen pr\u00e4gen die schwedische Industrie?<\/li>\n\n\n\n<li>Wer sind die Hauptkonkurrenten und welche Strategien verfolgen sie?<\/li>\n<\/ul>\n\n\n\n<h2 class=\"wp-block-heading\">Welche weiteren Vorteile bietet die Marktforschung in Schweden?<\/h2>\n\n\n\n<figure class=\"gb-block-image gb-block-image-7f406393\"><img loading=\"lazy\" decoding=\"async\" width=\"1456\" height=\"816\" class=\"gb-image gb-image-7f406393\" src=\"https:\/\/www.sisinternational.com\/wp-content\/uploads\/2025\/09\/Sweden-3.jpg\" srcset=\"https:\/\/www.sisinternational.com\/wp-content\/uploads\/2025\/09\/Sweden-3.jpg 1456w, https:\/\/www.sisinternational.com\/wp-content\/uploads\/2025\/09\/Sweden-3-300x168.jpg 300w, https:\/\/www.sisinternational.com\/wp-content\/uploads\/2025\/09\/Sweden-3-1024x574.jpg 1024w, https:\/\/www.sisinternational.com\/wp-content\/uploads\/2025\/09\/Sweden-3-768x430.jpg 768w, https:\/\/www.sisinternational.com\/wp-content\/uploads\/2025\/09\/Sweden-3-18x10.jpg 18w\" sizes=\"auto, (max-width: 1456px) 100vw, 1456px\" alt=\"SIS International Marktforschung &amp; Strategie\"><\/figure>\n\n\n\n<p><\/p>\n\n\n\n<p>Es validiert Gesch\u00e4ftsideen, Produktkonzepte und Marketingstrategien vor der Umsetzung und reduziert so das Risiko kostspieliger Fehltritte. Marktforschung in Schweden hilft bei der Optimierung der Ressourcenzuweisung und der Priorisierung von Gesch\u00e4ftsinitiativen auf der Grundlage identifizierter Marktchancen.<\/p>\n\n\n\n<p>Additionally, businesses can identify gaps in the market and capitalize on underserved segments or areas where competitors fall short. This market research also&nbsp;helps identify potential risks and challenges associated with entering or operating in the Swedish market, allowing businesses to proactively address these factors.<\/p>\n\n\n\n<h2 class=\"wp-block-heading\">Wann sollte man in Schweden Marktforschung betreiben?<\/h2>\n\n\n\n<p>Unternehmen sollten Marktforschung betreiben, um die Marktreife zu beurteilen, Verbraucherpr\u00e4ferenzen zu verstehen und Wettbewerbslandschaften zu bewerten <strong>vor dem Eintritt in den schwedischen Markt<\/strong> oder den Betrieb auszuweiten.<\/p>\n\n\n\n<p>\u00c4hnlich, <strong>vor dem Start von Marketingkampagnen in Schweden<\/strong>, sollten Unternehmen Marktforschung betreiben, um Nachrichten, Kan\u00e4le und Positionierungsstrategien anzupassen, die bei der Zielgruppe Anklang finden. Dar\u00fcber hinaus ist regelm\u00e4\u00dfige Marktforschung in Schweden unerl\u00e4sslich f\u00fcr <strong>\u00dcberwachung der Aktivit\u00e4ten der Wettbewerber, Verfolgung von Markttrends und Identifizierung neuer Bedrohungen oder Chancen auf dem schwedischen Markt<\/strong>.<\/p>\n\n\n\n<h2 class=\"wp-block-heading\">Unser aktueller Markt\u00fcberblick und unsere Empfehlungen<\/h2>\n\n\n\n<p>Wir sind uns der Dynamik des schwedischen Marktes bewusst und der einzigartigen M\u00f6glichkeiten, die er Unternehmen bietet, die expandieren oder eine Pr\u00e4senz aufbauen m\u00f6chten. Tats\u00e4chlich ist Schweden bei der digitalen Innovation f\u00fchrend, mit einer hohen Internetdurchdringung und technisch versierten Verbrauchern. Unternehmen sollten digitale Plattformen und Technologien nutzen, um effektiv mit schwedischen Verbrauchern in Kontakt zu treten.<\/p>\n\n\n\n<p>Dar\u00fcber hinaus legen schwedische Verbraucher Wert auf nachhaltige Produkte und umweltfreundliche Praktiken. Unternehmen k\u00f6nnen von diesem Trend profitieren, indem sie Nachhaltigkeit in ihre Angebote und Marketingstrategien integrieren.<\/p>\n\n\n\n<p>Der schwedische Markt ist jedoch durch starken Wettbewerb in verschiedenen Branchen gekennzeichnet, insbesondere in den Bereichen Technologie, Gesundheitswesen und Konsumg\u00fcter. F\u00fcr den Erfolg ist es entscheidend, die Strategien und Marktpositionierung der Konkurrenz zu verstehen.<\/p>\n\n\n\n<p><strong>Empfehlungen f\u00fcr den Markteintritt<\/strong><\/p>\n\n\n\n<ul class=\"wp-block-list\">\n<li>Wir empfehlen Unternehmen, die in den schwedischen Markt eintreten, umfassende Marktforschung durchzuf\u00fchren, um die lokalen Vorlieben, das Verbraucherverhalten und die regulatorischen Rahmenbedingungen zu verstehen.<\/li>\n\n\n\n<li>Passen Sie Produkte\/Dienstleistungen an, damit sie mit schwedischen Werten und Vorlieben im Einklang stehen, darunter Nachhaltigkeit, Qualit\u00e4t und Innovation.<\/li>\n\n\n\n<li>Entwickeln Sie lokalisierte Marketingstrategien, die beim schwedischen Publikum Anklang finden und Markenvertrauen und -treue aufbauen.<\/li>\n<\/ul>\n\n\n\n<h2 class=\"wp-block-heading\">Erwartete Ergebnisse der Dienstleistungen von SIS International<\/h2>\n\n\n\n<p>Bei <a href=\"https:\/\/www.linkedin.com\/company\/sisinternationalresearch\/\" target=\"_blank\" rel=\"noopener\"><span style=\"font-weight: 400;\">SIS International<\/span><\/a>, our comprehensive market research and consulting services are designed to deliver tangible results and drive business success in the Swedish market. Here are the expected outcomes businesses can anticipate from partnering with us:<\/p>\n\n\n\n<p><strong>Informierte Entscheidungsfindung<\/strong><\/p>\n\n\n\n<p>Unsere Marktforschung liefert Unternehmen umsetzbare Erkenntnisse und datengesteuerte Empfehlungen, die eine fundierte Entscheidungsfindung f\u00fcr Markteintritt, Expansion, Produktentwicklung und Marketingstrategien in Schweden erm\u00f6glichen.<\/p>\n\n\n\n<p><strong>Risikominimierung und Chancenerkennung<\/strong><\/p>\n\n\n\n<p>Durch die Durchf\u00fchrung gr\u00fcndlicher Marktanalysen helfen wir Unternehmen, potenzielle Risiken und Chancen auf dem schwedischen Markt zu erkennen und erm\u00f6glichen so ein proaktives Risikomanagement und eine strategische Planung.<\/p>\n\n\n\n<p><strong>Verbesserte Wettbewerbsf\u00e4higkeit<\/strong><\/p>\n\n\n\n<p>Durch das Verst\u00e4ndnis der Strategien der Konkurrenz und der Marktdynamik k\u00f6nnen Unternehmen in Schweden ihre Wettbewerbsposition verbessern und sich wirksam von der Konkurrenz abheben.<\/p>\n\n\n\n<p><strong>Verbesserte Kundenbindung<\/strong><\/p>\n\n\n\n<p>Einblicke in die Vorlieben und Verhaltensweisen schwedischer Verbraucher erm\u00f6glichen es Unternehmen, ihre Angebote und Kundenerlebnisse anzupassen und so ein st\u00e4rkeres Engagement und eine st\u00e4rkere Loyalit\u00e4t schwedischer Verbraucher zu f\u00f6rdern.<\/p>\n\n\n\n<p><strong>ROI-Optimierung<\/strong><\/p>\n\n\n\n<p>Unsere strategischen Empfehlungen zielen darauf ab, den Return on Investment (ROI) zu optimieren, indem wir Gesch\u00e4ftsstrategien an die Marktanforderungen und Wachstumschancen in Schweden anpassen.<\/p>\n\n\n\n<p><strong>Innovation und Wachstumsbeschleunigung<\/strong><\/p>\n\n\n\n<p>Wir erkennen neue Trends und Chancen, die es Unternehmen erm\u00f6glichen, Innovationen zu entwickeln und sich schnell an ver\u00e4nderte Marktbedingungen anzupassen, wodurch Wachstum und Marktdurchdringung in Schweden beschleunigt werden.<\/p>\n\n\n\n<p><strong>Ma\u00dfgeschneiderte L\u00f6sungen<\/strong><\/p>\n\n\n\n<p>Unsere Dienstleistungen sind auf die Erf\u00fcllung spezifischer Gesch\u00e4ftsziele zugeschnitten und stellen sicher, dass jedes Forschungsprojekt auf die individuellen Bed\u00fcrfnisse und Herausforderungen unserer Kunden auf dem schwedischen Markt eingeht.<\/p>\n\n\n\n<h2 class=\"wp-block-heading\">Schl\u00fcsselindustrien in Schweden<\/h2>\n\n\n\n<figure class=\"gb-block-image gb-block-image-447d2c97\"><img loading=\"lazy\" decoding=\"async\" width=\"1456\" height=\"816\" class=\"gb-image gb-image-447d2c97\" src=\"https:\/\/www.sisinternational.com\/wp-content\/uploads\/2025\/09\/Sweden-3.jpg\" alt=\"SIS International Marktforschung &amp; Strategie\" title=\"Sweden (3)\" srcset=\"https:\/\/www.sisinternational.com\/wp-content\/uploads\/2025\/09\/Sweden-3.jpg 1456w, https:\/\/www.sisinternational.com\/wp-content\/uploads\/2025\/09\/Sweden-3-300x168.jpg 300w, https:\/\/www.sisinternational.com\/wp-content\/uploads\/2025\/09\/Sweden-3-1024x574.jpg 1024w, https:\/\/www.sisinternational.com\/wp-content\/uploads\/2025\/09\/Sweden-3-768x430.jpg 768w, https:\/\/www.sisinternational.com\/wp-content\/uploads\/2025\/09\/Sweden-3-18x10.jpg 18w\" sizes=\"auto, (max-width: 1456px) 100vw, 1456px\"><\/figure>\n\n\n\n<p><\/p>\n\n\n\n<p>Schweden verf\u00fcgt \u00fcber eine vielf\u00e4ltige Wirtschaft mit mehreren wichtigen Branchen, die Wachstum und Innovation vorantreiben. F\u00fcr Unternehmen, die auf dem schwedischen Markt erfolgreich sein wollen, ist es wichtig, diese Branchen zu verstehen. Hier sind einige wichtige Branchen:<\/p>\n\n\n\n<ol class=\"wp-block-list\">\n<li><strong>Technologie und Innovation<\/strong>\n<ul class=\"wp-block-list\">\n<li>Schweden ist f\u00fcr seinen florierenden Technologiesektor mit f\u00fchrenden Unternehmen in den Bereichen Telekommunikation, Informationstechnologie und saubere Technologien (Cleantech) bekannt. Stockholm, oft als \u201eTech-Hauptstadt Europas\u201c bezeichnet, ist die Heimat zahlreicher Startups und Technologiegiganten wie Ericsson, Spotify und Klarna.<\/li>\n<\/ul>\n<\/li>\n\n\n\n<li><strong>Gesundheitswesen und Biowissenschaften<\/strong>\n<ul class=\"wp-block-list\">\n<li>Die schwedische Gesundheitsbranche ist hochentwickelt und umfasst forschungsorientierte Pharmaunternehmen, Medizintechnikfirmen und innovative Biotech-Startups. Das Land legt Wert auf Qualit\u00e4t und Innovation im Gesundheitswesen und ist daher ein attraktiver Markt f\u00fcr medizinische Fortschritte.<\/li>\n<\/ul>\n<\/li>\n\n\n\n<li><strong>Fertigung und Engineering<\/strong>\n<ul class=\"wp-block-list\">\n<li>Schweden verf\u00fcgt \u00fcber eine solide Produktionsbasis, insbesondere in den Bereichen Automobil, Maschinenbau und Luft- und Raumfahrt. Unternehmen wie Volvo, Scania und ABB sind wichtige Akteure in diesen Branchen und bekannt f\u00fcr ihr Engagement f\u00fcr Nachhaltigkeit und Qualit\u00e4t.<\/li>\n<\/ul>\n<\/li>\n\n\n\n<li><strong>Konsumg\u00fcter und Handel<\/strong>\n<ul class=\"wp-block-list\">\n<li>Nachhaltigkeitstrends und die Vorliebe f\u00fcr hochwertige Produkte beeinflussen den Konsumg\u00fctermarkt in Schweden. Der Einzelhandel entwickelt sich rasant und verlagert sich in Richtung E-Commerce und Omnichannel-Einkaufserlebnisse.<\/li>\n<\/ul>\n<\/li>\n\n\n\n<li><strong>Finanzen und Fintech<\/strong>\n<ul class=\"wp-block-list\">\n<li>Schweden ist ein Zentrum f\u00fcr Innovationen im Bereich der Finanztechnologie (Fintech) mit einem gut entwickelten Bankensektor und einem wachsenden \u00d6kosystem von Fintech-Startups. Das fortschrittliche Regulierungsumfeld des Landes f\u00f6rdert das Wachstum von Fintech und digitale Bankdienstleistungen.<\/li>\n<\/ul>\n<\/li>\n<\/ol>\n\n\n\n<h2 class=\"wp-block-heading\">Handels- und Infrastrukturchancen<\/h2>\n\n\n\n<p>Schweden exportiert Kraftfahrzeuge, Maschinen, Chemikalien, Zellstoff und Holz, Papierprodukte sowie Eisen- und Stahlprodukte. Weitere wichtige Industriezweige sind Pharmazeutika, Telekommunikation, Pr\u00e4zisionsger\u00e4te, Industriemaschinen, Haushaltswaren und Haushaltsger\u00e4te. Zu den Importen z\u00e4hlen Erd\u00f6l und Erd\u00f6lprodukte, Maschinen, Kraftfahrzeuge, Chemikalien, Eisen und Stahl sowie Bekleidung.<\/p>\n\n\n\n<figure class=\"gb-block-image gb-block-image-5f2c6b24\"><img decoding=\"async\" class=\"gb-image gb-image-5f2c6b24\" src=\"https:\/\/www.sisinternational.com\/wp-content\/uploads\/2015\/06\/Sweden.jpg\" alt=\"SIS International Marktforschung &amp; Strategie\"><\/figure>\n\n\n\n<p><\/p>\n\n\n\n<p>Germany is Sweden\u2019s most important trading partner, followed by the other European countries.&nbsp; Imports from rapidly-developing Asian countries have been relatively high over the last few decades, with textiles as the main import product.<\/p>\n\n\n\n<p>Angesichts der Einhaltung der Importprotokolle der Europ\u00e4ischen Union und der Aufnahme einer Niedrigkostenproduktion in osteurop\u00e4ischen und baltischen L\u00e4ndern ist in Zukunft mit einem R\u00fcckgang des Handels mit Asien zu rechnen.<\/p>\n\n\n\n<p>Schweden hat mehrere gro\u00dfe St\u00e4dte, darunter G\u00f6teborg, Malm\u00f6, Uppsala Kalmar und Stockholm, die Hauptstadt.<\/p>\n\n\n\n<p>Schweden hat 82 H\u00e4fen. Die wichtigsten sind der Hafen von G\u00e4vle, der Hafen von G\u00f6teborg, der Hafen von Helsingborg, der Hafen von Kopenhagen-Malm\u00f6, der Hafen von Walhamn und die H\u00e4fen von Stockholm.<\/p>\n\n\n\n<p>Wichtige Flugh\u00e4fen sind der Flughafen Stockholm-Arlanda, der Flughafen Borl\u00e4nge, der Flughafen G\u00f6teborg-Landvetter und der Flughafen Stockholm-Bromma.<\/p>\n\n\n\n<h2 class=\"wp-block-heading\">F\u00fchrende Akteure auf dem schwedischen Markt<\/h2>\n\n\n\n<p>Schweden ist die Heimat mehrerer einflussreicher Marken und Unternehmen aus verschiedenen Branchen. Hier sind einige namhafte Akteure in Schl\u00fcsselsektoren:<\/p>\n\n\n\n<p><strong>Technologie und Innovation<\/strong><\/p>\n\n\n\n<ul class=\"wp-block-list\">\n<li>\n<ul class=\"wp-block-list\">\n<li><strong>Ericsson<\/strong>: Ein weltweit f\u00fchrendes Unternehmen f\u00fcr Telekommunikationsger\u00e4te und -dienste, bahnbrechende 5G-Technologie und Netzwerkl\u00f6sungen.<\/li>\n\n\n\n<li><strong>Spotify<\/strong>: Die weltweit gr\u00f6\u00dfte Musik-Streaming-Plattform, in Schweden gegr\u00fcndet und bekannt f\u00fcr ihren innovativen Ansatz zur digitalen Musikverbreitung.<\/li>\n\n\n\n<li><strong>Klarna<\/strong>: Ein Fintech-Einhorn, das Online-Zahlungsl\u00f6sungen und \u201eJetzt kaufen, sp\u00e4ter bezahlen\u201c-Dienste anbietet und die E-Commerce-Landschaft neu gestaltet.<\/li>\n<\/ul>\n<\/li>\n<\/ul>\n\n\n\n<p><strong>Gesundheitswesen und Biowissenschaften<\/strong><\/p>\n\n\n\n<ul class=\"wp-block-list\">\n<li>\n<ul class=\"wp-block-list\">\n<li><strong>AstraZeneca<\/strong>: Ein multinationales Pharmaunternehmen mit bedeutender Pr\u00e4senz in Schweden, das sich auf die Forschung und Entwicklung innovativer Medikamente konzentriert.<\/li>\n\n\n\n<li><strong>Getinge<\/strong>: Spezialisiert auf Medizintechnik und -ger\u00e4te und bietet L\u00f6sungen f\u00fcr die Chirurgie, Intensivpflege und Infektionskontrolle.<\/li>\n<\/ul>\n<\/li>\n<\/ul>\n\n\n\n<p><strong>Fertigung und Engineering<\/strong><\/p>\n\n\n\n<ul class=\"wp-block-list\">\n<li>\n<ul class=\"wp-block-list\">\n<li><strong>Volvo-Gruppe<\/strong>: Ein f\u00fchrender Hersteller von Lkws, Bussen, Baumaschinen sowie Schiffs- und Industriemotoren, bekannt f\u00fcr sein Engagement f\u00fcr Nachhaltigkeit.<\/li>\n\n\n\n<li><strong>Sandvik<\/strong>: Produziert Werkzeuge und Ausr\u00fcstung f\u00fcr die Bergbau-, Bau- und Metallverarbeitungsindustrie und hat einen Ruf f\u00fcr Innovation und Qualit\u00e4t.<\/li>\n<\/ul>\n<\/li>\n\n\n\n<li>&nbsp;<\/li>\n<\/ul>\n\n\n\n<p><strong>Konsumg\u00fcter und Handel<\/strong><\/p>\n\n\n\n<ul class=\"wp-block-list\">\n<li>\n<ul class=\"wp-block-list\">\n<li><strong>H&amp;M (Hennes &amp; Mauritz)<\/strong>: Ein globaler Modeh\u00e4ndler, der f\u00fcr seine erschwingliche und trendige Kleidung bekannt ist und in zahlreichen L\u00e4ndern weltweit t\u00e4tig ist.<\/li>\n\n\n\n<li><strong>IKEA<\/strong>: Der weltweit gr\u00f6\u00dfte M\u00f6belh\u00e4ndler, ber\u00fchmt f\u00fcr seine Bausatzm\u00f6bel und innovativen Wohneinrichtungen.<\/li>\n<\/ul>\n<\/li>\n\n\n\n<li>&nbsp;<\/li>\n<\/ul>\n\n\n\n<h2 class=\"wp-block-heading\">Regionale Einblicke in Schweden<\/h2>\n\n\n\n<p>Schweden zeichnet sich durch vielf\u00e4ltige Regionen mit einzigartigen Wirtschaftsmotoren, kulturellen Besonderheiten und Gesch\u00e4ftslandschaften aus. Das Verst\u00e4ndnis regionaler Unterschiede ist f\u00fcr Unternehmen, die einen Markteintritt oder eine Expansion in Schweden in Erw\u00e4gung ziehen, von entscheidender Bedeutung. Hier sind einige wichtige Einblicke in bemerkenswerte Regionen:<\/p>\n\n\n\n<ol class=\"wp-block-list\">\n<li><strong>Stockholm Region<\/strong>\n<ul class=\"wp-block-list\">\n<li><strong>Wirtschaftszentrum<\/strong>: Stockholm ist Schwedens Hauptstadt und gr\u00f6\u00dfte Stadt und dient als bedeutendes Wirtschafts- und Kulturzentrum mit einer Konzentration der Technologie-, Finanz- und Kreativwirtschaft.<\/li>\n\n\n\n<li><strong>Startup-\u00d6kosystem<\/strong>: Die Region Stockholm ist f\u00fcr ihr lebendiges Startup-\u00d6kosystem bekannt, das Innovation und Unternehmertum durch zahlreiche Inkubatoren, Beschleuniger und Technologie-Events f\u00f6rdert.<\/li>\n<\/ul>\n<\/li>\n\n\n\n<li><strong>Metropolregion G\u00f6teborg<\/strong>\n<ul class=\"wp-block-list\">\n<li><strong>Industrielles Erbe<\/strong>: G\u00f6teborg verf\u00fcgt \u00fcber eine starke industrielle Tradition, insbesondere im Fertigungs- und Maschinenbausektor, mit Schwerpunkt auf Nachhaltigkeit und Innovation.<\/li>\n\n\n\n<li><strong>Hafenstadt<\/strong>: Als Schwedens gr\u00f6\u00dfter Hafen spielt G\u00f6teborg eine entscheidende Rolle im internationalen Handel und in der Logistik und zieht Unternehmen der Schifffahrts- und Seefahrtsbranche an.<\/li>\n<\/ul>\n<\/li>\n\n\n\n<li><strong>Region Sk\u00e5ne (S\u00fcdschweden)<\/strong>\n<ul class=\"wp-block-list\">\n<li><strong>Agrarindustrie und Biowissenschaften<\/strong>: Sk\u00e5ne ist f\u00fcr seine Landwirtschaft und Lebensmittelindustrie sowie eine wachsende Zahl von Biowissenschaftsunternehmen und Forschungseinrichtungen bekannt.<\/li>\n\n\n\n<li><strong>Kulturelle Vielfalt<\/strong>: Die N\u00e4he Sk\u00e5nes zu D\u00e4nemark tr\u00e4gt zur kulturellen Vielfalt und grenz\u00fcberschreitenden Zusammenarbeit bei und macht die Stadt zu einem attraktiven Wirtschaftsstandort.<\/li>\n<\/ul>\n<\/li>\n<\/ol>\n\n\n\n<h2 class=\"wp-block-heading\">Markttreiber in Schweden<\/h2>\n\n\n\n<p>Mehrere Schl\u00fcsselfaktoren tragen zum Wachstum und zur Entwicklung verschiedener Marktsegmente in Schweden bei. Das Verst\u00e4ndnis dieser Markttreiber ist f\u00fcr Unternehmen, die auf dem schwedischen Markt nach M\u00f6glichkeiten suchen, von entscheidender Bedeutung. Hier sind einige wichtige Treiber:<\/p>\n\n\n\n<ol class=\"wp-block-list\">\n<li><strong>Innovation und Technologieeinf\u00fchrung<\/strong>\n<ul class=\"wp-block-list\">\n<li>Staatliche Innovationsf\u00f6rderung, die Schaffung qualifizierter Arbeitskr\u00e4fte und ein kollaboratives \u00d6kosystem treiben den technologischen Fortschritt in allen Sektoren voran.<\/li>\n<\/ul>\n<\/li>\n\n\n\n<li><strong>Nachhaltigkeit und Umweltbewusstsein<\/strong>\n<ul class=\"wp-block-list\">\n<li>Schweden legt gro\u00dfen Wert auf Nachhaltigkeit und Umweltverantwortung und beeinflusst so die Vorlieben der Verbraucher und die Gesch\u00e4ftsstrategien.<\/li>\n<\/ul>\n<\/li>\n\n\n\n<li><strong>Digitale Transformation<\/strong>\n<ul class=\"wp-block-list\">\n<li>The widespread adoption of digital technologies in Sweden accelerates business transformation and changes in consumer behavior.<\/li>\n<\/ul>\n<\/li>\n\n\n\n<li><strong>Globalisierung und Handel<\/strong>\n<ul class=\"wp-block-list\">\n<li>Schwedens offene Wirtschaft und seine Teilnahme am Welthandel tragen zur Marktexpansion und internationalen Zusammenarbeit bei.<\/li>\n<\/ul>\n<\/li>\n<\/ol>\n\n\n\n<h2 class=\"wp-block-heading\">Marktbeschr\u00e4nkungen in Schweden<\/h2>\n\n\n\n<p>Schweden bietet zwar zahlreiche M\u00f6glichkeiten f\u00fcr Unternehmenswachstum und Innovation, doch verschiedene Marktbeschr\u00e4nkungen und -herausforderungen k\u00f6nnen sich auf den Gesch\u00e4ftsbetrieb auswirken. Hier sind einige wichtige Faktoren, die Sie ber\u00fccksichtigen sollten:<\/p>\n\n\n\n<ol class=\"wp-block-list\">\n<li><strong>Hohe Lebenshaltungskosten und Gesch\u00e4ftskosten<\/strong>\n<ul class=\"wp-block-list\">\n<li>Schweden ist f\u00fcr seine relativ hohen Lebenshaltungskosten und Gesch\u00e4ftskosten bekannt, einschlie\u00dflich Arbeitskosten, Steuern und gesetzlicher Vorschriften.<\/li>\n<\/ul>\n<\/li>\n\n\n\n<li><strong>Arbeitsmarktregulierung<\/strong>\n<ul class=\"wp-block-list\">\n<li>Schwedens <a href=\"https:\/\/www.sisinternational.com\/de\/sachverstand\/branchen\/arbeitsmarktforschung\/\">Arbeitsmarktregulierung<\/a>, darunter strenge Arbeitsgesetze und hohe Arbeitskosten, k\u00f6nnen f\u00fcr Unternehmen eine Herausforderung darstellen, insbesondere im Hinblick auf die Einstellung von Mitarbeitern und die Verwaltung der Belegschaft.<\/li>\n<\/ul>\n<\/li>\n\n\n\n<li><strong>Begrenzte Gr\u00f6\u00dfe des Inlandsmarktes<\/strong>\n<ul class=\"wp-block-list\">\n<li>Schwedens Binnenmarkt ist im Vergleich zu gr\u00f6\u00dferen Volkswirtschaften relativ klein. Dadurch k\u00f6nnen die Wachstumschancen f\u00fcr Unternehmen, die sich ausschlie\u00dflich auf den lokalen Vertrieb konzentrieren, eingeschr\u00e4nkt sein.<\/li>\n<\/ul>\n<\/li>\n\n\n\n<li><strong>Wettbewerb und Branchenkonsolidierung<\/strong>\n<ul class=\"wp-block-list\">\n<li>Bestimmte Branchen in Schweden, wie etwa Telekommunikation, Einzelhandel und Finanzen, werden von etablierten Akteuren mit bedeutenden Marktanteilen dominiert.<\/li>\n<\/ul>\n<\/li>\n<\/ol>\n\n\n\n<h2 class=\"wp-block-heading\">Effiziente Unternehmenskultur<\/h2>\n\n\n\n<p>Egalitarismus ist der zentrale soziale Wert in Schweden. Verhandlungen und Konsens sind im Gesch\u00e4fts- und Sozialleben tief verwurzelt. Es gibt einen deutlichen Mangel an \u00e4u\u00dferen Zeichen von Hierarchie und Status, wie sie in den meisten anderen L\u00e4ndern \u00fcblich sind. Schweden kn\u00fcpfen Gesch\u00e4ftsbeziehungen gerne auf informeller Ebene. Pers\u00f6nlicher Freiraum wird gesch\u00e4tzt und Schweden halten bei Gespr\u00e4chen mehr Abstand als die meisten anderen Nationalit\u00e4ten.<\/p>\n\n\n\n<p>Investitionen in Schweden bieten viele Vorteile, darunter eine hervorragende externe und interne Kommunikation, ein modernes Vertriebssystem und qualifizierte Arbeitskr\u00e4fte.<\/p>\n\n\n\n<h2 class=\"wp-block-heading\">Unser Standort in New York<\/h2>\n\n\n\n<p>\n\n\n\n<iframe loading=\"lazy\" src=\"https:\/\/www.google.com\/maps\/embed?pb=!1m18!1m12!1m3!1d3022.976188376966!2d-73.99130312499956!3d40.740549471389315!2m3!1f0!2f0!3f0!3m2!1i1024!2i768!4f13.1!3m3!1m2!1s0x89c259a15798c731%3A0xd695d09bdd495f25!2s11%20E%2022nd%20St%20FL%202%2C%20New%20York%2C%20NY%2010010%2C%20USA!5e0!3m2!1sen!2spe!4v1726171763526!5m2!1sen!2spe\" width=\"600\" height=\"450\" allowfullscreen=\"allowfullscreen\" data-mce-fragment=\"1\"><\/iframe>\n\n\n\n<\/p>\n\n\n\n<h3 class=\"wp-block-heading\">11 E 22nd Street, Floor 2, New York, NY 10010 T: +1(212) 505-6805<\/h3>\n\n\n\n<hr class=\"wp-block-separator has-alpha-channel-opacity\"\/>\n\n\n\n<h2 class=\"wp-block-heading\"><span style=\"font-weight: 400;\">\u00dcber SIS International<\/span><\/h2>\n\n\n\n<p><a href=\"https:\/\/www.sisinternational.com\/de\/\"><span style=\"font-weight: 400;\">SIS International<\/span><\/a><span style=\"font-weight: 400;\"> bietet quantitative, qualitative und strategische Forschung an. Wir liefern Daten, Tools, Strategien, Berichte und Erkenntnisse zur Entscheidungsfindung. Wir f\u00fchren auch Interviews, Umfragen, Fokusgruppen und andere Methoden und Ans\u00e4tze der Marktforschung durch.<\/span><a href=\"https:\/\/www.sisinternational.com\/de\/uber-sis-international-research\/contact-sis-international-market-research\/\"><span style=\"font-weight: 400;\"> Kontakt<\/span><\/a><span style=\"font-weight: 400;\"> f\u00fcr Ihr n\u00e4chstes Marktforschungsprojekt.<\/span><\/p>","protected":false},"excerpt":{"rendered":"<p>Die Expansion Ihres Unternehmens in Schweden mit seinen qualifizierten Arbeitskr\u00e4ften bietet viele Vorteile. Erfahren Sie mehr \u00fcber Marktforschung in Schweden.<\/p>","protected":false},"author":1,"featured_media":66069,"parent":14510,"menu_order":16,"comment_status":"closed","ping_status":"open","template":"","meta":{"footnotes":""},"class_list":["post-17025","page","type-page","status-publish","has-post-thumbnail"],"_links":{"self":[{"href":"https:\/\/www.sisinternational.com\/de\/wp-json\/wp\/v2\/pages\/17025","targetHints":{"allow":["GET"]}}],"collection":[{"href":"https:\/\/www.sisinternational.com\/de\/wp-json\/wp\/v2\/pages"}],"about":[{"href":"https:\/\/www.sisinternational.com\/de\/wp-json\/wp\/v2\/types\/page"}],"author":[{"embeddable":true,"href":"https:\/\/www.sisinternational.com\/de\/wp-json\/wp\/v2\/users\/1"}],"replies":[{"embeddable":true,"href":"https:\/\/www.sisinternational.com\/de\/wp-json\/wp\/v2\/comments?post=17025"}],"version-history":[{"count":10,"href":"https:\/\/www.sisinternational.com\/de\/wp-json\/wp\/v2\/pages\/17025\/revisions"}],"predecessor-version":[{"id":67583,"href":"https:\/\/www.sisinternational.com\/de\/wp-json\/wp\/v2\/pages\/17025\/revisions\/67583"}],"up":[{"embeddable":true,"href":"https:\/\/www.sisinternational.com\/de\/wp-json\/wp\/v2\/pages\/14510"}],"wp:featuredmedia":[{"embeddable":true,"href":"https:\/\/www.sisinternational.com\/de\/wp-json\/wp\/v2\/media\/66069"}],"wp:attachment":[{"href":"https:\/\/www.sisinternational.com\/de\/wp-json\/wp\/v2\/media?parent=17025"}],"curies":[{"name":"wp","href":"https:\/\/api.w.org\/{rel}","templated":true}]}}