{"id":17008,"date":"2015-06-30T18:22:59","date_gmt":"2015-06-30T18:22:59","guid":{"rendered":"https:\/\/www.sisinternational.com\/?page_id=17008"},"modified":"2026-01-26T18:17:58","modified_gmt":"2026-01-26T23:17:58","slug":"marktforschung-in-slowenien","status":"publish","type":"page","link":"https:\/\/www.sisinternational.com\/de\/abdeckung\/europa\/marktforschung-in-slowenien\/","title":{"rendered":"Marktforschung in Slowenien"},"content":{"rendered":"<h1 class=\"wp-block-heading\">Marktforschung in Slowenien<\/h1>\n\n\n\n<figure class=\"gb-block-image gb-block-image-766794fa\"><img loading=\"lazy\" decoding=\"async\" width=\"1456\" height=\"816\" class=\"gb-image gb-image-766794fa\" src=\"https:\/\/www.sisinternational.com\/wp-content\/uploads\/2025\/09\/Slovenia-2.jpg\" alt=\"SIS International Marktforschung &amp; Strategie\" title=\"Slovenia (2)\" srcset=\"https:\/\/www.sisinternational.com\/wp-content\/uploads\/2025\/09\/Slovenia-2.jpg 1456w, https:\/\/www.sisinternational.com\/wp-content\/uploads\/2025\/09\/Slovenia-2-300x168.jpg 300w, https:\/\/www.sisinternational.com\/wp-content\/uploads\/2025\/09\/Slovenia-2-1024x574.jpg 1024w, https:\/\/www.sisinternational.com\/wp-content\/uploads\/2025\/09\/Slovenia-2-768x430.jpg 768w, https:\/\/www.sisinternational.com\/wp-content\/uploads\/2025\/09\/Slovenia-2-18x10.jpg 18w\" sizes=\"auto, (max-width: 1456px) 100vw, 1456px\"><\/figure>\n\n\n\n<h1 class=\"wp-block-heading smallTitleB\">&nbsp;<\/h1>\n\n\n\n<p>Mit seiner strategischen Lage, den aufstrebenden Industrien und dem g\u00fcnstigen Gesch\u00e4ftsumfeld ist Slowenien ein vielversprechendes Ziel f\u00fcr Markterkundung und -wachstum. Deshalb ist Marktforschung in Slowenien ein wichtiges Instrument zum Verst\u00e4ndnis dieses Marktes.<\/p>\n\n\n\n<h2 class=\"wp-block-heading\">Was ist Marktforschung in Slowenien? Warum ist sie wichtig?<\/h2>\n\n\n\n<p>Market research in Slovenia analyzes consumer behavior, industry trends, and competitive dynamics within the Slovenian market. It helps businesses gain actionable insights into market opportunities and challenges.<\/p>\n\n\n\n<p>This market research enables businesses to understand Slovenian consumers&#8217; needs, preferences, and behaviors. Companies can tailor their products, services, and marketing strategies to effectively resonate with the local audience by gaining insights into consumer trends, buying patterns, and cultural nuances.<\/p>\n\n\n\n<p>Moreover, it helps businesses to mitigate risks and uncertainties associated with market entry and expansion into Slovenia. Market research in Slovenia also empowers businesses to identify emerging opportunities and trends in the Slovenian market.&nbsp;<\/p>\n\n\n\n<h2 class=\"wp-block-heading\">Wann sollte man in Slowenien Marktforschung betreiben?<\/h2>\n\n\n\n<figure class=\"gb-block-image gb-block-image-fe3b953e\"><img loading=\"lazy\" decoding=\"async\" width=\"1456\" height=\"816\" class=\"gb-image gb-image-fe3b953e\" src=\"https:\/\/www.sisinternational.com\/wp-content\/uploads\/2025\/09\/Slovakia-3.jpg\" srcset=\"https:\/\/www.sisinternational.com\/wp-content\/uploads\/2025\/09\/Slovakia-3.jpg 1456w, https:\/\/www.sisinternational.com\/wp-content\/uploads\/2025\/09\/Slovakia-3-300x168.jpg 300w, https:\/\/www.sisinternational.com\/wp-content\/uploads\/2025\/09\/Slovakia-3-1024x574.jpg 1024w, https:\/\/www.sisinternational.com\/wp-content\/uploads\/2025\/09\/Slovakia-3-768x430.jpg 768w, https:\/\/www.sisinternational.com\/wp-content\/uploads\/2025\/09\/Slovakia-3-18x10.jpg 18w\" sizes=\"auto, (max-width: 1456px) 100vw, 1456px\" alt=\"SIS International Marktforschung &amp; Strategie\"><\/figure>\n\n\n\n<p><\/p>\n\n\n\n<p>Vor dem Betreten des <span class=\"removed_link\" title=\"https:\/\/www.sisinternational.com\/slovenias-economy\/\">Slowenischer Markt<\/span>, businesses should conduct preliminary market research to assess market feasibility, identify market opportunities and challenges, understand regulatory requirements, and evaluate the competitive landscape.<\/p>\n\n\n\n<p>As businesses expand their presence in Slovenia, ongoing market research is essential to monitor market trends, track competitor activities, gather customer feedback, and adapt strategies to changing market dynamics, ensuring sustained growth and competitiveness.<\/p>\n\n\n\n<p>Ebenso sollten Unternehmen vor der Einf\u00fchrung neuer Produkte oder Dienstleistungen auf dem slowenischen Markt Marktforschung betreiben, um die Akzeptanz bei den Verbrauchern einzusch\u00e4tzen, Produktkonzepte zu testen, die Preissensibilit\u00e4t einzusch\u00e4tzen und Marketingstrategien zu verfeinern, um den Produkterfolg und die Marktdurchdringung zu maximieren.<\/p>\n\n\n\n<h2 class=\"wp-block-heading\">Unser aktueller Markt\u00fcberblick<\/h2>\n\n\n\n<p>Wir sind \u00fcberzeugt, dass Slowenien aufgrund der fortschreitenden Entwicklung der Infrastruktur, Investitionen in Forschung und Entwicklung sowie einer qualifizierten Belegschaft weiterhin auf Wirtschaftswachstum und Diversifizierung vorbereitet ist. Die Initiativen der Regierung zur F\u00f6rderung von Unternehmertum, Innovation und Auslandsinvestitionen d\u00fcrften die Wettbewerbsposition des Landes und seine Attraktivit\u00e4t f\u00fcr Unternehmen, die in der Region nach Expansionsm\u00f6glichkeiten suchen, weiter st\u00e4rken.<\/p>\n\n\n\n<p>Trotz seiner relativ geringen Gr\u00f6\u00dfe bietet Slowenien Unternehmen zahlreiche M\u00f6glichkeiten, durch strategischen Markteintritt und Expansion einen g\u00fcnstigen ROI zu erzielen. Mit seinem stabilen politischen Umfeld, qualifizierten Arbeitskr\u00e4ften und Zugang zu europ\u00e4ischen M\u00e4rkten ist Slowenien ein Tor f\u00fcr Unternehmen, die auf dem erweiterten Markt der Europ\u00e4ischen Union (EU) pr\u00e4sent sein m\u00f6chten. Um auf dem slowenischen Markt erfolgreich zu sein, ist jedoch ein differenziertes Verst\u00e4ndnis der lokalen Marktdynamik, des Verbraucherverhaltens und der regulatorischen Anforderungen erforderlich.<\/p>\n\n\n\n<h2 class=\"wp-block-heading\">Wirtschaftsfreundliches politisches Klima<\/h2>\n\n\n\n<figure class=\"gb-block-image gb-block-image-308b9ce2\"><img loading=\"lazy\" decoding=\"async\" width=\"1456\" height=\"816\" class=\"gb-image gb-image-308b9ce2\" src=\"https:\/\/www.sisinternational.com\/wp-content\/uploads\/2025\/09\/Slovenia-4.jpg\" srcset=\"https:\/\/www.sisinternational.com\/wp-content\/uploads\/2025\/09\/Slovenia-4.jpg 1456w, https:\/\/www.sisinternational.com\/wp-content\/uploads\/2025\/09\/Slovenia-4-300x168.jpg 300w, https:\/\/www.sisinternational.com\/wp-content\/uploads\/2025\/09\/Slovenia-4-1024x574.jpg 1024w, https:\/\/www.sisinternational.com\/wp-content\/uploads\/2025\/09\/Slovenia-4-768x430.jpg 768w, https:\/\/www.sisinternational.com\/wp-content\/uploads\/2025\/09\/Slovenia-4-18x10.jpg 18w\" sizes=\"auto, (max-width: 1456px) 100vw, 1456px\" alt=\"SIS International Marktforschung &amp; Strategie\"><\/figure>\n\n\n\n<p><\/p>\n\n\n\n<p>Das neu etablierte politische System Sloweniens skizzierte mehrere neue Strategien. Diese Strategien haben es Slowenien erm\u00f6glicht, eine starke Marktwirtschaft zu entwickeln:<\/p>\n\n\n\n<ul class=\"wp-block-list\">\n<li>Liberalen Handel begr\u00fc\u00dfen<\/li>\n\n\n\n<li>Lohnendes Unternehmen<\/li>\n\n\n\n<li>Dem Rechtsstaat folgen<\/li>\n\n\n\n<li>Integration in interkontinentale und westliche Organisationen<\/li>\n\n\n\n<li>Beitritt zu Freihandels- und bilateralen Organisationen<\/li>\n\n\n\n<li>Ausweitung des Handels nach Westen<\/li>\n\n\n\n<li>Beschleunigung der Privatisierung<\/li>\n<\/ul>\n\n\n\n<h2 class=\"wp-block-heading\">Vielf\u00e4ltige und stabile Wirtschaft<\/h2>\n\n\n\n<p>Die wichtigsten Exportg\u00fcter sind Stra\u00dfenfahrzeuge, Elektromaschinen, chemische Produkte, M\u00f6bel, Schuhe, Zigaretten und Lebensmittel. Auch der Tourismus spielt eine wichtige Rolle bei der Einkommenserzeugung. Zu den Importg\u00fctern Sloweniens z\u00e4hlen unter anderem Transportausr\u00fcstung, Maschinen, Industrieg\u00fcter, Lebensmittel und Brennstoffe. Die slowenische Wirtschaft ist stark vom internationalen Handel abh\u00e4ngig.<\/p>\n\n\n\n<p>Confronted with the collapse of communications and transport networks to south-eastern Europe and the <a href=\"https:\/\/www.sisinternational.com\/de\/sachverstand\/branchen\/marktforschung-zu-horverlust\/\" title=\"Marktforschung zum Thema H\u00f6rverlust\u00a0 \u00a0\"  data-wpil-monitor-id=\"6820\">loss of Yugoslav markets<\/a> in the early 1990s, Slovenia reoriented trade towards the European Union and associated countries; these now represent over two-thirds of the country\u2019s imports and exports. Other trade partners include the Russian Federation, Serbia, and Bosnia Herzegovina.<\/p>\n\n\n\n<p>Dar\u00fcber hinaus verf\u00fcgt Slowenien \u00fcber eine vielf\u00e4ltige Wirtschaft mit mehreren Schl\u00fcsselindustrien, die Wachstum und Innovation vorantreiben:<\/p>\n\n\n\n<ol class=\"wp-block-list\">\n<li><strong>Herstellung<\/strong>: Der Fertigungssektor ist ein Eckpfeiler der slowenischen Wirtschaft und umfasst die Automobil-, Maschinenbau-, Elektronik- und Pharmaindustrie. Zu den namhaften Unternehmen z\u00e4hlen Gorenje (Haushaltsger\u00e4te), Revoz (Automobile) und Krka (Pharmazie).<\/li>\n\n\n\n<li><strong>Tourismus<\/strong>: Sloweniens Natursch\u00f6nheiten, sein kulturelles Erbe und seine Outdoor-Aktivit\u00e4ten ziehen Touristen aus aller Welt an. Zu den Hauptattraktionen z\u00e4hlen der Bleder See, die H\u00f6hle von Postojna und die Hauptstadt Ljubljana. Gastgewerbe, Beherbergung und Abenteuertourismus sind in Slowenien florierende Branchen.<\/li>\n\n\n\n<li><strong>Nahrungsmittel und Getr\u00e4nke<\/strong>: Slowenien ist f\u00fcr seine hochwertigen Weine, kulinarischen K\u00f6stlichkeiten und traditionellen Lebensmittel bekannt. Die Lebensmittel- und Getr\u00e4nkeindustrie umfasst Weinherstellung, Milchprodukte, S\u00fc\u00dfwaren und \u00f6kologische Landwirtschaft und exportiert auf europ\u00e4ische und globale M\u00e4rkte.<\/li>\n<\/ol>\n\n\n\n<h2 class=\"wp-block-heading\">St\u00e4dte und Sehensw\u00fcrdigkeiten<\/h2>\n\n\n\n<figure class=\"gb-block-image gb-block-image-58b3909c\"><img loading=\"lazy\" decoding=\"async\" width=\"1456\" height=\"816\" class=\"gb-image gb-image-58b3909c\" src=\"https:\/\/www.sisinternational.com\/wp-content\/uploads\/2025\/09\/Slovakia-4.jpg\" srcset=\"https:\/\/www.sisinternational.com\/wp-content\/uploads\/2025\/09\/Slovakia-4.jpg 1456w, https:\/\/www.sisinternational.com\/wp-content\/uploads\/2025\/09\/Slovakia-4-300x168.jpg 300w, https:\/\/www.sisinternational.com\/wp-content\/uploads\/2025\/09\/Slovakia-4-1024x574.jpg 1024w, https:\/\/www.sisinternational.com\/wp-content\/uploads\/2025\/09\/Slovakia-4-768x430.jpg 768w, https:\/\/www.sisinternational.com\/wp-content\/uploads\/2025\/09\/Slovakia-4-18x10.jpg 18w\" sizes=\"auto, (max-width: 1456px) 100vw, 1456px\" alt=\"SIS International Marktforschung &amp; Strategie\"><\/figure>\n\n\n\n<p><\/p>\n\n\n\n<p>Die gr\u00f6\u00dften St\u00e4dte Sloweniens sind Ljubljana (die Hauptstadt), Maribor, Celje, Kranj und Velenje. Kleinere, aber bedeutende St\u00e4dte sind Jesenice, Koper, Murska Sobota, Nova Gorica, Novo Mesto und Trbovlje. Slowenien hat eine sehr kurze K\u00fcstenlinie und ist nahezu vollst\u00e4ndig von Land umschlossen. Das Land hat drei gro\u00dfe H\u00e4fen: den Hafen von Izola, den Hafen von Koper und den Hafen von Piran. Die wichtigsten Flugh\u00e4fen sind der Flughafen Jo\u017ee Pu\u010dnik in Ljubljana, der Flughafen Edvard Rusjan in Maribor und der Flughafen Portoro\u017e.<\/p>\n\n\n\n<p>Slowenien verf\u00fcgt \u00fcber eine F\u00fclle nat\u00fcrlicher und kultureller Attraktionen, die Touristen aus aller Welt anziehen. Hier sind sieben der wichtigsten Touristenattraktionen:<\/p>\n\n\n\n<ol class=\"wp-block-list\">\n<li><strong>Bleder See<\/strong>: Der Bleder See ist bekannt f\u00fcr seine malerische Lage, sein kristallklares Wasser und seine ikonische Insel mit einer Kirche. Besucher k\u00f6nnen den See mit traditionellen Holzbooten, sogenannten Pletnas, erkunden, zur Burg von Bled wandern und dort den Panoramablick genie\u00dfen oder die ber\u00fchmte Bleder Cremetorte probieren.<\/li>\n\n\n\n<li><strong>H\u00f6hle von Postojna<\/strong>: Die H\u00f6hle von Postojna ist eines der ausgedehntesten H\u00f6hlensysteme Europas und bietet ein faszinierendes unterirdisches Erlebnis. Besucher k\u00f6nnen an einer F\u00fchrung durch die labyrinthartigen G\u00e4nge teilnehmen, die atemberaubenden Felsformationen bewundern und einzigartigen H\u00f6hlenbewohnern wie dem Grottenolm begegnen, der auch als \u201eMenschenfisch\u201c bekannt ist.<\/li>\n\n\n\n<li><strong>Ljubljana<\/strong>: Sloweniens charmante Hauptstadt Ljubljana strahlt historischen Charme, architektonische Sch\u00f6nheit und ein pulsierendes kulturelles Leben aus. Spazieren Sie entlang des malerischen Flusses Ljubljanica, erkunden Sie die mittelalterliche Altstadt mit ihren gepflasterten Stra\u00dfen und farbenfrohen Fassaden und besuchen Sie Sehensw\u00fcrdigkeiten wie die Burg von Ljubljana, den Preseren-Platz und die Drei Br\u00fccken.<\/li>\n\n\n\n<li><strong>Die H\u00f6hlenburg Predjama<\/strong>: Die Burg Predjama thront dramatisch auf einer Felswand und ist ein mittelalterliches Wunder voller Geschichte und Legenden. Die in einem H\u00f6hleneingang erbaute Burg bietet einen atemberaubenden Blick auf die umliegende Landschaft und gew\u00e4hrt Einblicke in Sloweniens reiches mittelalterliches Erbe.<\/li>\n\n\n\n<li><strong>Die H\u00f6hlen von \u0160kocjan<\/strong>: Die zum UNESCO-Weltkulturerbe erkl\u00e4rten H\u00f6hlen von \u0160kocjan sind ein geologisches Wunderland mit riesigen unterirdischen Kammern, majest\u00e4tischen Stalaktiten und Stalagmiten sowie einem unterirdischen Flusscanyon. Gef\u00fchrte Touren f\u00fchren Besucher durch dieses Meisterwerk der Natur und zeigen seine beeindruckende Sch\u00f6nheit und wissenschaftliche Bedeutung.<\/li>\n<\/ol>\n\n\n\n<iframe loading=\"lazy\" src=\"https:\/\/www.google.com\/maps\/embed?pb=!1m18!1m12!1m3!1d3022.976188376966!2d-73.99130312499956!3d40.740549471389315!2m3!1f0!2f0!3f0!3m2!1i1024!2i768!4f13.1!3m3!1m2!1s0x89c259a15798c731%3A0xd695d09bdd495f25!2s11%20E%2022nd%20St%20FL%202%2C%20New%20York%2C%20NY%2010010%2C%20USA!5e0!3m2!1sen!2spe!4v1726171763526!5m2!1sen!2spe\" width=\"600\" height=\"450\" allowfullscreen=\"allowfullscreen\" data-mce-fragment=\"1\"><\/iframe>\n\n\n\n<\/p>\n<h3 class=\"wp-block-heading\">11 E 22nd Street, Floor 2, New York, NY 10010 T: +1(212) 505-6805<\/h3>\n<hr>\n<h2><span style=\"font-weight: 400;\">\u00dcber SIS International<\/span><\/h2>\n<p><a href=\"https:\/\/www.sisinternational.com\/de\/\"><span style=\"font-weight: 400;\">SIS International<\/span><\/a><span style=\"font-weight: 400;\"> bietet quantitative, qualitative und strategische Forschung an. Wir liefern Daten, Tools, Strategien, Berichte und Erkenntnisse zur Entscheidungsfindung. Wir f\u00fchren auch Interviews, Umfragen, Fokusgruppen und andere Methoden und Ans\u00e4tze der Marktforschung durch.<\/span><a href=\"https:\/\/www.sisinternational.com\/de\/uber-sis-international-research\/contact-sis-international-market-research\/\"><span style=\"font-weight: 400;\"> Kontakt<\/span><\/a><span style=\"font-weight: 400;\"> f\u00fcr Ihr n\u00e4chstes Marktforschungsprojekt.<\/span><\/p>\n<hr><\/div>\n\n\n\n<h2 class=\"wp-block-heading\">&nbsp;<\/h2>","protected":false},"excerpt":{"rendered":"<p>Slowenien ist mit seinem hohen Pro-Kopf-Einkommen ein wohlhabendes, stabiles Industrieland. <\/p>","protected":false},"author":1,"featured_media":66065,"parent":14510,"menu_order":14,"comment_status":"closed","ping_status":"open","template":"","meta":{"footnotes":""},"class_list":["post-17008","page","type-page","status-publish","has-post-thumbnail"],"_links":{"self":[{"href":"https:\/\/www.sisinternational.com\/de\/wp-json\/wp\/v2\/pages\/17008","targetHints":{"allow":["GET"]}}],"collection":[{"href":"https:\/\/www.sisinternational.com\/de\/wp-json\/wp\/v2\/pages"}],"about":[{"href":"https:\/\/www.sisinternational.com\/de\/wp-json\/wp\/v2\/types\/page"}],"author":[{"embeddable":true,"href":"https:\/\/www.sisinternational.com\/de\/wp-json\/wp\/v2\/users\/1"}],"replies":[{"embeddable":true,"href":"https:\/\/www.sisinternational.com\/de\/wp-json\/wp\/v2\/comments?post=17008"}],"version-history":[{"count":10,"href":"https:\/\/www.sisinternational.com\/de\/wp-json\/wp\/v2\/pages\/17008\/revisions"}],"predecessor-version":[{"id":80395,"href":"https:\/\/www.sisinternational.com\/de\/wp-json\/wp\/v2\/pages\/17008\/revisions\/80395"}],"up":[{"embeddable":true,"href":"https:\/\/www.sisinternational.com\/de\/wp-json\/wp\/v2\/pages\/14510"}],"wp:featuredmedia":[{"embeddable":true,"href":"https:\/\/www.sisinternational.com\/de\/wp-json\/wp\/v2\/media\/66065"}],"wp:attachment":[{"href":"https:\/\/www.sisinternational.com\/de\/wp-json\/wp\/v2\/media?parent=17008"}],"curies":[{"name":"wp","href":"https:\/\/api.w.org\/{rel}","templated":true}]}}