{"id":16895,"date":"2015-06-30T03:43:48","date_gmt":"2015-06-30T03:43:48","guid":{"rendered":"https:\/\/www.sisinternational.com\/?page_id=16895"},"modified":"2026-04-01T13:50:11","modified_gmt":"2026-04-01T17:50:11","slug":"marktforschung-in-osterreich","status":"publish","type":"page","link":"https:\/\/www.sisinternational.com\/de\/abdeckung\/europa\/marktforschung-in-osterreich\/","title":{"rendered":"Marktforschung in \u00d6sterreich"},"content":{"rendered":"<h1 class=\"gb-headline gb-headline-edf75a4c gb-headline-text\">Marktforschung in \u00d6sterreich<\/h1>\n\n\n\n<figure class=\"gb-block-image gb-block-image-8cb53b4c\"><img loading=\"lazy\" decoding=\"async\" width=\"1408\" height=\"768\" class=\"gb-image gb-image-8cb53b4c\" src=\"https:\/\/www.sisinternational.com\/wp-content\/uploads\/2026\/04\/Austria.jpg\" alt=\"SIS International Marktforschung &amp; Strategie\" title=\"\u00d6sterreich\" srcset=\"https:\/\/www.sisinternational.com\/wp-content\/uploads\/2026\/04\/Austria.jpg 1408w, https:\/\/www.sisinternational.com\/wp-content\/uploads\/2026\/04\/Austria-300x164.jpg 300w, https:\/\/www.sisinternational.com\/wp-content\/uploads\/2026\/04\/Austria-1024x559.jpg 1024w, https:\/\/www.sisinternational.com\/wp-content\/uploads\/2026\/04\/Austria-768x419.jpg 768w, https:\/\/www.sisinternational.com\/wp-content\/uploads\/2026\/04\/Austria-18x10.jpg 18w\" sizes=\"auto, (max-width: 1408px) 100vw, 1408px\"><\/figure>\n\n\n\n<p><\/p>\n\n\n\n<hr class=\"wp-block-separator has-alpha-channel-opacity is-style-dots\"\/>\n\n\n\n<h3 class=\"wp-block-heading\">Bis in die 1980er Jahre waren mehrere bedeutende Industrieunternehmen \u00d6sterreichs in Staatsbesitz, doch in den letzten Jahren wurden die staatlichen Verm\u00f6genswerte durch Privatisierungen auf ein Niveau reduziert, das mit dem anderer europ\u00e4ischer Volkswirtschaften vergleichbar ist. \u00d6sterreich ist jedoch anf\u00e4llig f\u00fcr Ver\u00e4nderungen in der deutschen Wirtschaft, da Deutschland \u00d6sterreichs wichtigster Handelspartner ist.<\/h3>\n\n\n\n<p>Market research in Austria is not just a strategic option but a fundamental necessity for businesses aiming to succeed in this dynamic European market. Austria&#8217;s unique blend of economic stability, technological advancement, and cultural diversity makes it an attractive destination for domestic and international businesses. However, to harness this market&#8217;s full potential, companies must invest in comprehensive market research.<\/p>\n\n\n\n<h2 class=\"wp-block-heading\">Was ist Marktforschung in \u00d6sterreich? Warum ist sie wichtig?<\/h2>\n\n\n\n<p>Marktforschung in \u00d6sterreich umfasst das Sammeln und Analysieren von Daten, um Marktgr\u00f6\u00dfe, Verbraucherpr\u00e4ferenzen, Kaufgewohnheiten und neue Chancen zu verstehen. Diese umfassende Analyse erm\u00f6glicht es Unternehmen, strategische Entscheidungen zu treffen, die auf das \u00f6sterreichische Marktumfeld zugeschnitten sind.<\/p>\n\n\n\n<p>Marktforschung in \u00d6sterreich ist f\u00fcr Unternehmen, die sich im Land fest etablieren oder ihre Gesch\u00e4ftst\u00e4tigkeit ausweiten m\u00f6chten, unerl\u00e4sslich. Unternehmen k\u00f6nnen unerschlossene Marktsegmente identifizieren, die Verbraucherstimmung gegen\u00fcber ihren Produkten oder Dienstleistungen bewerten und Markttrends vorhersehen. Das Verst\u00e4ndnis lokaler Vorlieben und kultureller Nuancen durch effektive Marktforschung erm\u00f6glicht es Unternehmen, ihre Angebote und Marketingstrategien f\u00fcr maximale Wirkung und Resonanz anzupassen.<\/p>\n\n\n\n<p>Marktforschung in \u00d6sterreich bietet handfeste Vorteile, die den Gesch\u00e4ftserfolg ma\u00dfgeblich beeinflussen k\u00f6nnen:<\/p>\n\n\n\n<ul class=\"wp-block-list\">\n<li><strong>Marktvalidierung<\/strong>: <a href=\"https:\/\/www.sisinternational.com\/de\/abdeckung\/die-amerikaner\/usa-berichterstattung\/marktforschung-guam\/\" title=\"Marktforschung in Guam\" data-wpil-monitor-id=\"4237\">Research validates market<\/a> opportunities and helps assess the viability of product launches or expansions.<\/li>\n\n\n\n<li><strong>Verbrauchereinblicke<\/strong>: Das Verst\u00e4ndnis der Vorlieben und des Verhaltens der Verbraucher erm\u00f6glicht gezielte Marketingbem\u00fchungen und Produktentwicklung.<\/li>\n\n\n\n<li><strong>Optimierte Marketingstrategien<\/strong>: Datengesteuerte Erkenntnisse helfen bei der Ausarbeitung effektiver Marketingkampagnen, die beim \u00f6sterreichischen Publikum Anklang finden.<\/li>\n\n\n\n<li><strong>Verbesserte Kundenbindung<\/strong>: Unternehmen k\u00f6nnen st\u00e4rkere Kundenbeziehungen aufbauen, indem sie ihre Angebote an lokale Vorlieben anpassen.<\/li>\n\n\n\n<li><strong>Ressourcenzuweisung<\/strong>: Forschung hilft bei der Optimierung der Ressourcenzuweisung, indem Investitionen auf Marktsegmente mit hohem Potenzial konzentriert werden.<\/li>\n\n\n\n<li><strong>Anpassung an das regulatorische Umfeld<\/strong>: Die Kenntnis lokaler Vorschriften und Compliance-Anforderungen ist f\u00fcr den Gesch\u00e4ftsbetrieb von entscheidender Bedeutung.<\/li>\n<\/ul>\n\n\n\n<h2 class=\"wp-block-heading\">Internationale Partnerschaften<\/h2>\n\n\n\n<figure class=\"gb-block-image gb-block-image-3b3c54f9\"><img loading=\"lazy\" decoding=\"async\" width=\"1456\" height=\"816\" class=\"gb-image gb-image-3b3c54f9\" src=\"https:\/\/www.sisinternational.com\/wp-content\/uploads\/2025\/09\/Austin-Texas-4-3.jpg\" srcset=\"https:\/\/www.sisinternational.com\/wp-content\/uploads\/2025\/09\/Austin-Texas-4-3.jpg 1456w, https:\/\/www.sisinternational.com\/wp-content\/uploads\/2025\/09\/Austin-Texas-4-3-300x168.jpg 300w, https:\/\/www.sisinternational.com\/wp-content\/uploads\/2025\/09\/Austin-Texas-4-3-1024x574.jpg 1024w, https:\/\/www.sisinternational.com\/wp-content\/uploads\/2025\/09\/Austin-Texas-4-3-768x430.jpg 768w, https:\/\/www.sisinternational.com\/wp-content\/uploads\/2025\/09\/Austin-Texas-4-3-18x10.jpg 18w\" sizes=\"auto, (max-width: 1456px) 100vw, 1456px\" alt=\"SIS International Marktforschung &amp; Strategie\"><\/figure>\n\n\n\n<p> &nbsp;<\/p>\n\n\n\n<p>Metallurgische Produkte, Maschinen und Textilien sind f\u00fcr \u00d6sterreichs starke Wirtschaft besonders wichtig. Weitere wichtige Exportg\u00fcter sind Kraftfahrzeuge und -teile, Maschinen und Ger\u00e4te, Metallwaren, Papier und Pappe, Eisen und Stahl, Chemikalien, Lebensmittel und Textilien. Obwohl \u00d6sterreich nur ein kleines Weinbauland ist, hat es sich unter Branchenkennern einen hervorragenden Ruf f\u00fcr die Herstellung einiger Weine mit Top-Bewertungen erworben.<\/p>\n\n\n\n<p>\u00d6sterreichs wichtigste Handelspartner sind die Mitgliedsl\u00e4nder der Europ\u00e4ischen Union, China, die Vereinigten Staaten und die Schweiz. Seit dem Fall des Eisernen Vorhangs haben \u00d6sterreichs Finanziers und private Gesch\u00e4ftsleute in seinen ehemaligen imperialen Territorien \u2013 insbesondere in Ungarn, der Slowakei, der Tschechischen Republik, Kroatien, Slowenien und in geringerem Ma\u00dfe in Norditalien \u2013 ein neues Feld f\u00fcr ausl\u00e4ndische Investitionen gefunden.<\/p>\n\n\n\n<p>\u00d6sterreich verf\u00fcgt jedoch \u00fcber eine vielf\u00e4ltige Wirtschaft mit mehreren wichtigen Industriezweigen, die das Wachstum und die wirtschaftliche Entwicklung vorantreiben, wie zum Beispiel:<\/p>\n\n\n\n<ol class=\"wp-block-list\">\n<li><strong>Automobilindustrie<\/strong>: \u00d6sterreich ist f\u00fcr seine Automobilindustrie bekannt, mit Unternehmen wie BMW, Magna Steyr und AVL List, die in den Bereichen Fertigung und Innovation f\u00fchrend sind.<\/li>\n\n\n\n<li><strong>Tourismus und Gastronomie<\/strong>: Die Tourismusbranche tr\u00e4gt wesentlich zur \u00f6sterreichischen Wirtschaft bei und ber\u00fchmte Reiseziele wie Wien, Salzburg und Innsbruck ziehen j\u00e4hrlich Millionen von Besuchern an.<\/li>\n\n\n\n<li><strong>Technologie und Innovation<\/strong>: \u00d6sterreich entwickelt sich zu einem Zentrum f\u00fcr Technologie und Innovation mit einem Schwerpunkt auf Start-ups, Forschung und Entwicklung in Sektoren wie IT, Biotechnologie und erneuerbare Energien.<\/li>\n\n\n\n<li><strong>Finanzdienstleistungen<\/strong>: Wien dient als Finanzzentrum mit f\u00fchrenden Banken und Finanzinstituten, die Unternehmen und Privatpersonen vielf\u00e4ltige Dienstleistungen anbieten.<\/li>\n\n\n\n<li><strong>Nahrungsmittel und Getr\u00e4nke<\/strong>: \u00d6sterreich ist f\u00fcr seine kulinarischen K\u00f6stlichkeiten bekannt und die Lebensmittel- und Getr\u00e4nkeindustrie floriert mit lokalen Spezialit\u00e4ten wie Wiener Schnitzel, Sachertorte und \u00f6sterreichischen Weinen.<\/li>\n<\/ol>\n\n\n\n<h2 class=\"wp-block-heading\">Demographische Merkmale<\/h2>\n\n\n\n<h3 class=\"wp-block-heading\">Die Verkehrssprache und Amtssprache \u00d6sterreichs ist Deutsch, einige Staatsangeh\u00f6rige sprechen jedoch auch \u00d6sterreichisch-Bairisch, die f\u00fchrende Sprache au\u00dferhalb Vorarlbergs, Alemannisch, die Hauptsprache in Vorarlberg, und einige Minderheitensprachen. Serbisch ist die am weitesten verbreitete Minderheitensprache, gefolgt von T\u00fcrkisch.<\/h3>\n\n\n\n<p>Obwohl vier Jahrzehnte starker Einwanderung die Bev\u00f6lkerung \u00d6sterreichs erheblich ver\u00e4ndert haben, ist das Land immer noch eine homogene Nation. Es gibt nur drei bedeutende ethnische Gruppen: Ungarn im Burgenland, K\u00e4rntner Slowenen im \u00f6sterreichischen K\u00e4rnten und Kroaten. Fast ein Zehntel der Gesamtbev\u00f6lkerung sind Ausl\u00e4nder, was eine der h\u00f6chsten Quoten in Europa darstellt. Die meisten dieser ausl\u00e4ndischen Einwohner kommen aus der T\u00fcrkei und dem ehemaligen Jugoslawien.<\/p>\n\n\n\n<h2 class=\"wp-block-heading\">Wichtigste Touristenattraktionen in \u00d6sterreich<\/h2>\n\n\n\n<figure class=\"gb-block-image gb-block-image-ebaddc73\"><img loading=\"lazy\" decoding=\"async\" width=\"1456\" height=\"816\" class=\"gb-image gb-image-ebaddc73\" src=\"https:\/\/www.sisinternational.com\/wp-content\/uploads\/2025\/09\/Austria-3.jpg\" srcset=\"https:\/\/www.sisinternational.com\/wp-content\/uploads\/2025\/09\/Austria-3.jpg 1456w, https:\/\/www.sisinternational.com\/wp-content\/uploads\/2025\/09\/Austria-3-300x168.jpg 300w, https:\/\/www.sisinternational.com\/wp-content\/uploads\/2025\/09\/Austria-3-1024x574.jpg 1024w, https:\/\/www.sisinternational.com\/wp-content\/uploads\/2025\/09\/Austria-3-768x430.jpg 768w, https:\/\/www.sisinternational.com\/wp-content\/uploads\/2025\/09\/Austria-3-18x10.jpg 18w\" sizes=\"auto, (max-width: 1456px) 100vw, 1456px\" alt=\"SIS International Marktforschung &amp; Strategie\"><\/figure>\n\n\n\n<p><\/p>\n\n\n\n<p>\u00d6sterreich ist f\u00fcr seine malerischen Landschaften, sein reiches kulturelles Erbe und seine historischen Sehensw\u00fcrdigkeiten bekannt und ist daher ein beliebtes Reiseziel. Hier sind sieben der wichtigsten Touristenattraktionen \u00d6sterreichs:<\/p>\n\n\n\n<ol class=\"wp-block-list\">\n<li><strong>Wien<\/strong>: Die Hauptstadt \u00d6sterreichs, bekannt f\u00fcr ihre kaiserlichen Pal\u00e4ste, Museen (wie das Kunsthistorische Museum und Belvedere) und ihr klassisches Musikerbe.<\/li>\n\n\n\n<li><strong>Salzburg<\/strong>: Salzburg, Geburtsort Mozarts und ber\u00fchmt f\u00fcr seine barocke Architektur, ist ein UNESCO-Weltkulturerbe mit Sehensw\u00fcrdigkeiten wie der Festung Hohensalzburg und dem Schloss Mirabell.<\/li>\n\n\n\n<li><strong>Innsbruck<\/strong>: Eingebettet in die \u00f6sterreichischen Alpen bietet Innsbruck einen atemberaubenden Blick auf die Berge und ist ein beliebtes Ziel zum Skifahren, Wandern und zur Erkundung historischer St\u00e4tten wie dem Goldenen Dachl.<\/li>\n\n\n\n<li><strong>Hallstatt<\/strong>: Hallstatt, ein charmantes Dorf an einem malerischen See, ist ber\u00fchmt f\u00fcr seine historischen Salzbergwerke und seine idyllische Landschaft.<\/li>\n\n\n\n<li><strong>Schloss Sch\u00f6nbrunn<\/strong>: Dieser beeindruckende Kaiserpalast in Wien und seine G\u00e4rten geh\u00f6ren zum UNESCO-Weltkulturerbe und sind eine Sehensw\u00fcrdigkeit, die man unbedingt besuchen muss.<\/li>\n\n\n\n<li><strong>Gro\u00dfglockner Alpenstra\u00dfe<\/strong>: Diese malerische Fahrt durch die \u00f6sterreichischen Alpen bietet atemberaubende Ausblicke auf Berggipfel und Gletscher.<\/li>\n\n\n\n<li><strong>Festung Hohensalzburg<\/strong>: Eine majest\u00e4tische mittelalterliche Festung hoch \u00fcber Salzburg, die einen Panoramablick auf die Stadt und die umliegende Landschaft bietet.<\/li>\n<\/ol>\n\n\n\n<h2 class=\"wp-block-heading\">Markttreiber in \u00d6sterreich<\/h2>\n\n\n\n<p>Mehrere Schl\u00fcsselfaktoren treiben das Marktwachstum und die Marktchancen in \u00d6sterreich voran:<\/p>\n\n\n\n<ul class=\"wp-block-list\">\n<li><strong>Stabile Wirtschaft<\/strong>: \u00d6sterreichs stabile Wirtschaft, die durch niedrige Arbeitslosenquoten und starkes BIP-Wachstum gekennzeichnet ist, bietet ein g\u00fcnstiges Umfeld f\u00fcr Unternehmensexpansion und Investitionen.<\/li>\n\n\n\n<li><strong>Innovation und Technologieeinf\u00fchrung<\/strong>: Der Fokus des Landes auf Innovation, Forschung und Entwicklung f\u00f6rdert den technologischen Fortschritt und zieht Investitionen in aufstrebende Sektoren wie IT und erneuerbare Energien an.<\/li>\n\n\n\n<li><strong>Strategischer Ort<\/strong>: \u00d6sterreichs zentrale Lage in Europa macht das Land zu einem strategischen Zentrum f\u00fcr Handel und Gewerbe und erleichtert den Zugang zu gr\u00f6\u00dferen europ\u00e4ischen M\u00e4rkten.<\/li>\n\n\n\n<li><strong>Robuste Infrastruktur<\/strong>: Eine gut ausgebaute Infrastruktur, einschlie\u00dflich Verkehrsnetzen und digitaler Konnektivit\u00e4t, unterst\u00fctzt den Gesch\u00e4ftsbetrieb und die Logistikeffizienz.<\/li>\n\n\n\n<li><strong>Wachstum im Tourismus und Gastgewerbe<\/strong>: Das Wachstum der \u00f6sterreichischen Tourismusbranche tr\u00e4gt zum wirtschaftlichen Wohlstand bei und schafft Gesch\u00e4ftsm\u00f6glichkeiten in verwandten Sektoren.<\/li>\n<\/ul>\n\n\n\n<h2 class=\"wp-block-heading\">Marktbeschr\u00e4nkungen in \u00d6sterreich<\/h2>\n\n\n\n<figure class=\"gb-block-image gb-block-image-c6c145a0\"><img loading=\"lazy\" decoding=\"async\" width=\"1456\" height=\"816\" class=\"gb-image gb-image-c6c145a0\" src=\"https:\/\/www.sisinternational.com\/wp-content\/uploads\/2025\/09\/Austria-4.jpg\" srcset=\"https:\/\/www.sisinternational.com\/wp-content\/uploads\/2025\/09\/Austria-4.jpg 1456w, https:\/\/www.sisinternational.com\/wp-content\/uploads\/2025\/09\/Austria-4-300x168.jpg 300w, https:\/\/www.sisinternational.com\/wp-content\/uploads\/2025\/09\/Austria-4-1024x574.jpg 1024w, https:\/\/www.sisinternational.com\/wp-content\/uploads\/2025\/09\/Austria-4-768x430.jpg 768w, https:\/\/www.sisinternational.com\/wp-content\/uploads\/2025\/09\/Austria-4-18x10.jpg 18w\" sizes=\"auto, (max-width: 1456px) 100vw, 1456px\" alt=\"SIS International Marktforschung &amp; Strategie\"><\/figure>\n\n\n\n<p><\/p>\n\n\n\n<p>Trotz der Chancen bestehen auf dem \u00f6sterreichischen Markt gewisse Herausforderungen und Einschr\u00e4nkungen:<\/p>\n\n\n\n<ul class=\"wp-block-list\">\n<li><strong>Regulatorische Komplexit\u00e4t<\/strong>: Die Bew\u00e4ltigung gesetzlicher Anforderungen und die Einhaltung von Vorschriften kann komplex sein, insbesondere f\u00fcr ausl\u00e4ndische Unternehmen, die auf den Markt kommen.<\/li>\n\n\n\n<li><strong>Wettbewerb<\/strong>: Der intensive Wettbewerb in Schl\u00fcsselsektoren erfordert von den Unternehmen eine Differenzierung und kontinuierliche Innovation.<\/li>\n\n\n\n<li><strong>Lebenskosten<\/strong>: Die relativ hohen Lebenshaltungskosten und Betriebskosten in \u00d6sterreich k\u00f6nnen sich auf die Rentabilit\u00e4t und Nachhaltigkeit eines Unternehmens auswirken.<\/li>\n\n\n\n<li><strong>Marktfragmentierung<\/strong>: Aufgrund der Gr\u00f6\u00dfe \u00d6sterreichs und seiner regionalen Unterschiede sind ma\u00dfgeschneiderte Ans\u00e4tze erforderlich, um den unterschiedlichen Vorlieben und Verhaltensweisen der Verbraucher Rechnung zu tragen.<\/li>\n<\/ul>\n\n\n\n<h2 class=\"wp-block-heading\">Branchenattraktivit\u00e4t: SWOT-Analyse des \u00f6sterreichischen Marktes<\/h2>\n\n\n\n<p>Die Durchf\u00fchrung einer SWOT-Analyse (St\u00e4rken, Schw\u00e4chen, Chancen, Risiken) des \u00f6sterreichischen Marktes kann f\u00fcr Unternehmen wertvolle Erkenntnisse liefern:<\/p>\n\n\n\n<p><strong>St\u00e4rken:<\/strong><\/p>\n\n\n\n<ul class=\"wp-block-list\">\n<li>\n<ul class=\"wp-block-list\">\n<li>Stabile und diversifizierte Wirtschaft<\/li>\n\n\n\n<li>Starker Fokus auf Innovation und Technologie<\/li>\n\n\n\n<li>Strategische geografische Lage in Europa<\/li>\n\n\n\n<li>Gut ausgebaute Infrastruktur und Verkehrsnetze<\/li>\n\n\n\n<li>Reiches kulturelles Erbe und touristische Attraktivit\u00e4t<\/li>\n<\/ul>\n<\/li>\n<\/ul>\n\n\n\n<p><strong>Schw\u00e4chen:<\/strong><\/p>\n\n\n\n<ul class=\"wp-block-list\">\n<li>\n<ul class=\"wp-block-list\">\n<li>Regulatorische Komplexit\u00e4t, insbesondere f\u00fcr ausl\u00e4ndische Unternehmen<\/li>\n\n\n\n<li>Fachkr\u00e4ftemangel in bestimmten Branchen<\/li>\n\n\n\n<li>Relativ hohe Lebenshaltungskosten und Betriebskosten<\/li>\n\n\n\n<li>Marktfragmentierung und regionale Unterschiede<\/li>\n\n\n\n<li>Begrenzte Marktgr\u00f6\u00dfe im Vergleich zu gr\u00f6\u00dferen europ\u00e4ischen Volkswirtschaften<\/li>\n<\/ul>\n<\/li>\n<\/ul>\n\n\n\n<p><strong>Gelegenheiten:<\/strong><\/p>\n\n\n\n<ul class=\"wp-block-list\">\n<li>\n<ul class=\"wp-block-list\">\n<li>Wachsende Sektoren wie Technologie, erneuerbare Energien und Gesundheitswesen<\/li>\n\n\n\n<li>Steigende Nachfrage nach nachhaltigen Produkten und Dienstleistungen<\/li>\n\n\n\n<li>Potenzial f\u00fcr Marktexpansion und internationale Partnerschaften<\/li>\n\n\n\n<li>Neue Trends im E-Commerce und der digitalen Transformation<\/li>\n\n\n\n<li>Staatliche Unterst\u00fctzung f\u00fcr Unternehmertum und Innovation<\/li>\n<\/ul>\n<\/li>\n<\/ul>\n\n\n\n<p><strong>Bedrohungen:<\/strong><\/p>\n\n\n\n<ul class=\"wp-block-list\">\n<li>\n<ul class=\"wp-block-list\">\n<li>Intensiver Wettbewerb in Schl\u00fcsselindustrien<\/li>\n\n\n\n<li>Wirtschaftliche Unsicherheit und globale Marktschwankungen<\/li>\n\n\n\n<li>Regulatorische \u00c4nderungen mit Auswirkungen auf den Gesch\u00e4ftsbetrieb<\/li>\n\n\n\n<li>St\u00f6rungen durch externe Faktoren wie geopolitische Ereignisse oder Pandemien<\/li>\n\n\n\n<li>Verbraucherpr\u00e4ferenzen und -verhalten entwickeln sich rasch<\/li>\n<\/ul>\n<\/li>\n<\/ul>\n\n\n\n<h2 class=\"wp-block-heading\">Wie die Marktforschung von SIS International in \u00d6sterreich Unternehmen hilft<\/h2>\n\n\n\n<p><\/p>\n\n\n\n<p><a href=\"https:\/\/www.linkedin.com\/company\/sisinternationalresearch\/\" target=\"_blank\" rel=\"noopener\"><span style=\"font-weight: 400;\">SIS International<\/span><\/a>&nbsp;bietet umfassende Marktforschungs- und Beratungsdienstleistungen an, die auf die spezifischen Bed\u00fcrfnisse in \u00d6sterreich t\u00e4tiger Unternehmen zugeschnitten sind:<\/p>\n\n\n\n<p><strong>Detaillierte Markteinblicke<\/strong>:<\/p>\n\n\n\n<p>SIS International f\u00fchrt in \u00d6sterreich gr\u00fcndliche Marktanalysen durch, um umsetzbare Erkenntnisse zum Verbraucherverhalten, zu Markttrends und zur Wettbewerbsdynamik zu liefern.<\/p>\n\n\n\n<p><strong>Strategische Empfehlungen<\/strong>:<\/p>\n\n\n\n<p>Basierend auf Forschungsergebnissen liefert SIS International strategische Empfehlungen zur Optimierung von Markteintrittsstrategien, Produktpositionierung und Marketingkampagnen.<\/p>\n\n\n\n<p><strong>Ma\u00dfgeschneiderte Forschungsmethoden<\/strong>:<\/p>\n\n\n\n<p><a href=\"https:\/\/twitter.com\/SISIntlResearch\" target=\"_blank\" rel=\"noopener\"><span style=\"font-weight: 400;\">SIS<\/span><\/a> entwickelt ma\u00dfgeschneiderte Forschungsmethoden, um einzigartige gesch\u00e4ftliche Herausforderungen und Ziele auf dem \u00f6sterreichischen Markt anzugehen.<\/p>\n\n\n\n<p><strong>Strategien zur Risikominderung<\/strong>:<\/p>\n\n\n\n<p>Durch die Identifizierung von Marktrisiken und Herausforderungen unterst\u00fctzt SIS International Unternehmen bei der Entwicklung proaktiver Risikominderungsstrategien f\u00fcr einen nachhaltigen Betrieb.<\/p>\n\n\n\n<p><strong>Verbesserte Entscheidungsfindung<\/strong>:<\/p>\n\n\n\n<p>Die Erkenntnisse von SIS International versetzen Unternehmen in die Lage, fundierte Entscheidungen zu treffen, die Wachstum, Innovation und Rentabilit\u00e4t in \u00d6sterreich f\u00f6rdern.<\/p>\n\n\n\n<p><strong>ROI-Optimierung<\/strong>:<\/p>\n\n\n\n<p>Die Dienstleistungen von SIS International zielen darauf ab, den Return on Investment (ROI) durch die Anpassung der Strategien an die Marktrealit\u00e4ten und Verbraucheranforderungen zu optimieren.<\/p>\n\n\n\n<h2 class=\"wp-block-heading\">Unser Standort in New York<\/h2>\n\n\n\n<p>\n\n\n\n<iframe loading=\"lazy\" src=\"https:\/\/www.google.com\/maps\/embed?pb=!1m18!1m12!1m3!1d3022.976188376966!2d-73.99130312499956!3d40.740549471389315!2m3!1f0!2f0!3f0!3m2!1i1024!2i768!4f13.1!3m3!1m2!1s0x89c259a15798c731%3A0xd695d09bdd495f25!2s11%20E%2022nd%20St%20FL%202%2C%20New%20York%2C%20NY%2010010%2C%20USA!5e0!3m2!1sen!2spe!4v1726171763526!5m2!1sen!2spe\" width=\"600\" height=\"450\" allowfullscreen=\"allowfullscreen\" data-mce-fragment=\"1\"><\/iframe>\n\n\n\n<\/p>\n\n\n\n<h3 class=\"wp-block-heading\">11 E 22nd Street, Floor 2, New York, NY 10010 T: +1(212) 505-6805<\/h3>\n\n\n\n<hr class=\"wp-block-separator has-alpha-channel-opacity is-style-dots\"\/>\n\n\n\n<h2 class=\"wp-block-heading\"><strong>\u00dcber SIS International<\/strong><\/h2>\n\n\n\n<p><a href=\"https:\/\/www.sisinternational.com\/de\/\"><span style=\"font-weight: 400;\">SIS International<\/span><\/a><span style=\"font-weight: 400;\"> bietet quantitative, qualitative und strategische Forschung an. Wir liefern Daten, Tools, Strategien, Berichte und Erkenntnisse zur Entscheidungsfindung. Wir f\u00fchren auch Interviews, Umfragen, Fokusgruppen und andere Methoden und Ans\u00e4tze der Marktforschung durch.<\/span><a href=\"https:\/\/www.sisinternational.com\/de\/uber-sis-international-research\/contact-sis-international-market-research\/\"><span style=\"font-weight: 400;\"> Kontakt<\/span><\/a><span style=\"font-weight: 400;\"> f\u00fcr Ihr n\u00e4chstes Marktforschungsprojekt.<\/span><\/p>\n\n\n\n<h2 class=\"wp-block-heading\">&nbsp;<\/h2>\n\n\n\n<h2 class=\"wp-block-heading\">&nbsp;<\/h2>","protected":false},"excerpt":{"rendered":"<p>Die Einbindung \u00d6sterreichs in die Weltwirtschaft hat im letzten Jahrzehnt einen Quantensprung gemacht. <\/p>","protected":false},"author":1,"featured_media":85239,"parent":14510,"menu_order":2,"comment_status":"closed","ping_status":"open","template":"","meta":{"footnotes":""},"class_list":["post-16895","page","type-page","status-publish","has-post-thumbnail"],"_links":{"self":[{"href":"https:\/\/www.sisinternational.com\/de\/wp-json\/wp\/v2\/pages\/16895","targetHints":{"allow":["GET"]}}],"collection":[{"href":"https:\/\/www.sisinternational.com\/de\/wp-json\/wp\/v2\/pages"}],"about":[{"href":"https:\/\/www.sisinternational.com\/de\/wp-json\/wp\/v2\/types\/page"}],"author":[{"embeddable":true,"href":"https:\/\/www.sisinternational.com\/de\/wp-json\/wp\/v2\/users\/1"}],"replies":[{"embeddable":true,"href":"https:\/\/www.sisinternational.com\/de\/wp-json\/wp\/v2\/comments?post=16895"}],"version-history":[{"count":9,"href":"https:\/\/www.sisinternational.com\/de\/wp-json\/wp\/v2\/pages\/16895\/revisions"}],"predecessor-version":[{"id":85240,"href":"https:\/\/www.sisinternational.com\/de\/wp-json\/wp\/v2\/pages\/16895\/revisions\/85240"}],"up":[{"embeddable":true,"href":"https:\/\/www.sisinternational.com\/de\/wp-json\/wp\/v2\/pages\/14510"}],"wp:featuredmedia":[{"embeddable":true,"href":"https:\/\/www.sisinternational.com\/de\/wp-json\/wp\/v2\/media\/85239"}],"wp:attachment":[{"href":"https:\/\/www.sisinternational.com\/de\/wp-json\/wp\/v2\/media?parent=16895"}],"curies":[{"name":"wp","href":"https:\/\/api.w.org\/{rel}","templated":true}]}}