{"id":16599,"date":"2015-06-14T04:01:01","date_gmt":"2015-06-14T04:01:01","guid":{"rendered":"https:\/\/www.sisinternational.com\/?page_id=16599"},"modified":"2026-01-24T19:13:12","modified_gmt":"2026-01-25T00:13:12","slug":"bric-marktforschung","status":"publish","type":"page","link":"https:\/\/www.sisinternational.com\/de\/sachverstand\/bric-marktforschung\/","title":{"rendered":"BRIC-Marktforschung (Brasilien, Russland, Indien und China)"},"content":{"rendered":"<div style=\"height:35px\" aria-hidden=\"true\" class=\"wp-block-spacer\"><\/div>\n\n\n\n<!DOCTYPE html>\n<html lang=\"en\">\n<head>\n    <meta charset=\"UTF-8\">\n    <meta name=\"viewport\" content=\"width=device-width, initial-scale=1.0\">\n    <title>Gradient Heading<\/title>\n<\/head>\n<body>\n    <h2 style=\"background: linear-gradient(to right, #001f3f 0%, #003d7a 30%, #1e90ff 70%, #74c0fc 100%); background: -webkit-linear-gradient(left, #001f3f 0%, #003d7a 30%, #1e90ff 70%, #74c0fc 100%); -webkit-background-clip: text; -webkit-text-fill-color: transparent; background-clip: text; font-size: 2.5rem; font-weight: 700; line-height: 1.2; display: inline-block; margin: 0 0 0 20px;\">BRIC Market Research<\/h2>\n<\/body>\n<\/html>\n\n\n\n<div style=\"height:38px\" aria-hidden=\"true\" class=\"wp-block-spacer\"><\/div>\n\n\n\n<figure class=\"gb-block-image gb-block-image-e195bdb2\"><img loading=\"lazy\" decoding=\"async\" width=\"1456\" height=\"816\" class=\"gb-image gb-image-e195bdb2\" src=\"https:\/\/www.sisinternational.com\/wp-content\/uploads\/2025\/09\/Brazil-4.jpg\" alt=\"SIS International Marktforschung &amp; Strategie\" title=\"Brazil (4)\" srcset=\"https:\/\/www.sisinternational.com\/wp-content\/uploads\/2025\/09\/Brazil-4.jpg 1456w, https:\/\/www.sisinternational.com\/wp-content\/uploads\/2025\/09\/Brazil-4-300x168.jpg 300w, https:\/\/www.sisinternational.com\/wp-content\/uploads\/2025\/09\/Brazil-4-1024x574.jpg 1024w, https:\/\/www.sisinternational.com\/wp-content\/uploads\/2025\/09\/Brazil-4-768x430.jpg 768w, https:\/\/www.sisinternational.com\/wp-content\/uploads\/2025\/09\/Brazil-4-18x10.jpg 18w\" sizes=\"auto, (max-width: 1456px) 100vw, 1456px\"><\/figure>\n\n\n\n<hr class=\"wp-block-separator has-alpha-channel-opacity is-style-dots\"\/>\n\n\n<div class=\"gb-container gb-container-2a916115\">\n\n<p>Schwellenl\u00e4nder wie Brasilien, China, Indien und Russland \u2013 die sogenannten BRIC-Staaten \u2013 stehen dabei h\u00e4ufig im Mittelpunkt, da sie das gr\u00f6\u00dfte Potenzial f\u00fcr eine k\u00fcnftige Expansion bieten.<\/p>\n\n\n\n<blockquote class=\"wp-block-quote is-layout-flow wp-block-quote-is-layout-flow\">\n<p>Das heutige Gesch\u00e4ftsumfeld ist global. Mit dem rasanten technologischen Fortschritt und der wirtschaftlichen Entwicklung beginnen Unternehmen, international zu agieren, um globale Wachstumschancen zu nutzen.<\/p>\n<\/blockquote>\n\n\n\n<h1 class=\"gb-headline gb-headline-a428afc0 gb-headline-text\"><strong>Was ist BRIC-Marktforschung?<\/strong><\/h1>\n\n\n\n<p>Die BRIC-Marktforschung befasst sich mit der Untersuchung und Analyse der Volkswirtschaften und M\u00e4rkte der vier gr\u00f6\u00dften Schwellenl\u00e4nder: Brasilien, Russland, Indien und China. Diese L\u00e4nder werden zusammenfassend als BRIC bezeichnet. Dieser Begriff wurde 2001 von Goldman Sachs gepr\u00e4gt, um ihr Potenzial als bedeutende globale Wirtschaftsakteure hervorzuheben.<\/p>\n\n\n\n<blockquote class=\"wp-block-quote is-layout-flow wp-block-quote-is-layout-flow\">\n<p>Schwellenm\u00e4rkte k\u00f6nnen f\u00fcr Unternehmen, die sich mit den ausl\u00e4ndischen M\u00e4rkten und ihren ausl\u00e4ndischen Kunden auskennen, potenziell enorme Gewinne bieten.<\/p>\n<\/blockquote>\n\n\n\n<p>Es bestehen jedoch unterschiedliche Herausforderungen im Zusammenhang mit unterschiedlichen politischen, rechtlichen, wirtschaftlichen, kulturellen und infrastrukturellen Bedingungen.<\/p>\n\n\n\n<p>These challenges have significant impact upon the whole research process and methodology, as well as significant cost implications which usually turn out to be much higher due to unpredictability of conducting <a href=\"https:\/\/www.sisinternational.com\/de\/millennial-marktforschung-in-china\/\" title=\"Millennial-Marktforschung in China\"  data-wpil-monitor-id=\"2546\">research in foreign markets<\/a>. In some markets, information is not readily available while access to strategic information can be a competitive advantage.<\/p>\n\n\n\n<p>SIS hilft, diese Herausforderungen zu meistern und diesen Vorteil zu erzielen. Mit \u00fcber 30 Jahren Erfahrung, effizientem Projektmanagement und mehrsprachigen Ressourcen vor Ort verkn\u00fcpft SIS den BRIC-Marktforschungsprozess und schafft damit Mehrwert f\u00fcr die Kunden.<\/p>\n\n\n\n<h2 class=\"gb-headline gb-headline-8946c37c gb-headline-text\"><strong><strong>Kunden verstehen<\/strong><\/strong><\/h2>\n\n\n\n<p>W\u00e4hrend internationale Kundenforschung f\u00fcr Unternehmen wichtige Erkenntnisse liefern kann, stellt sie f\u00fcr Marktforscher auch erhebliche Hindernisse dar. Kundenbed\u00fcrfnisse sind dynamisch, \u00e4ndern sich schnell und sind f\u00fcr viele Manager schwer vorherzusagen. Noch schwieriger ist es, diese Bed\u00fcrfnisse von Kunden am anderen Ende der Welt mit v\u00f6llig anderen kulturellen Werten zu identifizieren.<\/p>\n\n\n\n<p>Untersuchungen zum K\u00e4uferverhalten, zu Markenpr\u00e4ferenzen, Einstellungen, zur Markenbekanntheit, zum Kaufverhalten und zur Verbrauchersegmentierung sind Beispiele f\u00fcr Studien im Rahmen der Kundenforschung, die durchgef\u00fchrt werden k\u00f6nnten, um die Bed\u00fcrfnisse ausl\u00e4ndischer Kunden besser zu verstehen.<\/p>\n\n\n\n<p>SIS International with its global customer research knowledge has offices worldwide including the emerging continents <a href=\"https:\/\/www.sisinternational.com\/de\/b2b-marketing-china\/\" title=\"B2B-Marketing in China\"  data-wpil-monitor-id=\"2589\">Asia and South America offering these BRIC<\/a> Market Research services. This local presence also means that SIS adapts and customizes their global customer research solutions specifically to each locality or culture in which the research is conducted.<\/p>\n\n\n\n<figure class=\"gb-block-image gb-block-image-70b41726\"><img loading=\"lazy\" decoding=\"async\" width=\"1456\" height=\"816\" class=\"gb-image gb-image-70b41726\" src=\"https:\/\/www.sisinternational.com\/wp-content\/uploads\/2025\/08\/Global-8.jpg\" alt=\"SIS International Marktforschung &amp; Strategie\" title=\"Global (8)\" srcset=\"https:\/\/www.sisinternational.com\/wp-content\/uploads\/2025\/08\/Global-8.jpg 1456w, https:\/\/www.sisinternational.com\/wp-content\/uploads\/2025\/08\/Global-8-300x168.jpg 300w, https:\/\/www.sisinternational.com\/wp-content\/uploads\/2025\/08\/Global-8-1024x574.jpg 1024w, https:\/\/www.sisinternational.com\/wp-content\/uploads\/2025\/08\/Global-8-768x430.jpg 768w, https:\/\/www.sisinternational.com\/wp-content\/uploads\/2025\/08\/Global-8-18x10.jpg 18w\" sizes=\"auto, (max-width: 1456px) 100vw, 1456px\"><\/figure>\n\n\n\n<p><\/p>\n\n\n\n<h2 class=\"gb-headline gb-headline-47756c1f gb-headline-text\"><strong><strong><strong>Organisationen und Branchen verstehen<\/strong><\/strong><\/strong><\/h2>\n\n\n\n<p>Die Dynamik von Organisationen kann komplex sein. Unternehmen, ihre Systeme und Prozesse k\u00f6nnen jedoch die Quelle von Wettbewerbsvorteilen sein. Durch die gezielte Informationsbeschaffung k\u00f6nnen Unternehmen Vorteile entwickeln, die nur wenige nachahmen k\u00f6nnen.<\/p>\n\n\n\n<p>Das Sammeln dieser Informationen \u00fcber ausl\u00e4ndische Unternehmen ist nicht so einfach. Informationen \u00fcber ausl\u00e4ndische M\u00e4rkte k\u00f6nnen aufgrund unterschiedlicher Erwartungen hinsichtlich der Menge und\/oder H\u00e4ufigkeit der Ver\u00f6ffentlichung \u00f6ffentlich zug\u00e4nglicher Informationen eingeschr\u00e4nkt sein. Weitere Hindernisse k\u00f6nnen staatliche Vorschriften zur Ver\u00f6ffentlichung von Unternehmensinformationen und Sprachbarrieren sein.<\/p>\n\n\n\n<h3 class=\"gb-headline gb-headline-39f0d57a gb-headline-text\"><strong><strong><strong><strong>SIS nutzt sein weltweites Netzwerk mit \u00fcber 40 Jahren Erfahrung.<\/strong><\/strong><\/strong><\/strong><\/h3>\n\n\n\n<p>Wir f\u00fchren internationales Wettbewerbsbenchmarking, BRIC-Marktforschung, Business Intelligence- und Competitive Intelligence-Dienste sowie Schulungen zur Wettbewerbsanalyse durch, um die internationalen Barrieren, mit denen einzelne Unternehmen konfrontiert sein k\u00f6nnen, erfolgreich zu \u00fcberwinden.<\/p>\n\n\n\n<p>Diese Dienste helfen Unternehmen, ihre F\u00e4higkeiten beim Sammeln und Analysieren der richtigen Informationen \u00fcber ausl\u00e4ndische M\u00e4rkte sowie beim Verstehen von Best Practices und Wettbewerbsbewegungen zu entwickeln. SIS nutzt au\u00dferdem seinen integrierten Forschungsansatz, der mehrere Ebenen von Einblicken f\u00fcr eine vollst\u00e4ndige Marktansicht und einen auf Marktstrategien basierenden Unternehmenshintergrund nutzt, um Unternehmen \u00fcber die St\u00e4rken und Schw\u00e4chen ihrer Konkurrenten sowie ihre Absichten und ihre Position im Vergleich zu Ihrem Unternehmen zu beraten, selbst in M\u00e4rkten, in denen BRIC-Marktforschung schwierig ist.<\/p>\n\n\n\n<h4 class=\"gb-headline gb-headline-4c3c9864 gb-headline-text\"><strong><strong><strong><strong><strong>Wachstum in neuen M\u00e4rkten: Markteintritts- und Opportunit\u00e4tsforschung<\/strong><\/strong><\/strong><\/strong><\/strong><\/h4>\n\n\n\n<p>Volkswirtschaften wie Brasilien, China, Indien und Russland entwickeln sich und Prognosen gehen davon aus, dass diese M\u00e4rkte innerhalb weniger Jahre eine Machtverschiebung weg von den etablierteren Volkswirtschaften bewirken werden. Diese M\u00e4rkte \u201eboomen\u201c und bieten Unternehmen, die international expandieren m\u00f6chten, viele globale Wachstumschancen.<\/p>\n\n\n\n<p>Schwellenm\u00e4rkte sind oft durch politische Instabilit\u00e4t, kulturelle Barrieren, technologische L\u00fccken, ungenaue Informationen und inkonsistente Daten aus verschiedenen Quellen gekennzeichnet. Um die meisten Schwellenm\u00e4rkte zu verstehen, sind Fachwissen und das Verst\u00e4ndnis der Kunden im Wandel erforderlich.<\/p>\n\n\n\n<p>Dar\u00fcber hinaus kann der Eintritt in Industriel\u00e4nder auch eine Herausforderung sein. Rezession, ges\u00e4ttigte M\u00e4rkte, Preisverfall, schnelle technologische Entwicklung und wechselnde Kunden haben es schwieriger gemacht, mit Produkten\/Dienstleistungen, die das Potenzial haben, erfolgreich zu werden, in einen entwickelten Markt einzutreten.<\/p>\n\n\n\n<blockquote class=\"wp-block-quote is-layout-flow wp-block-quote-is-layout-flow\">\n<p><a class=\"wpil_keyword_link\" href=\"https:\/\/www.sisinternational.com\/de\/losungen\/strategieberatung\/markteintrittschancenforschung\/\"   title=\"Markteintritts- und Opportunit\u00e4tsforschung\" data-wpil-keyword-link=\"linked\"  data-wpil-monitor-id=\"789\">Market Entry and Opportunity research<\/a> delivers critical insight and strategy on Branding, Pricing and Competition.<\/p>\n<\/blockquote>\n\n\n\n<p>Our BRIC Market Research services include market tracking, intellectual property research and risk analysis.&nbsp; Additionally our&nbsp;integrated approach allows for flexibility and creativity and nuances cultural differences which is vital for conducting this type of research and provide you with an extensive strategic report on adaption, customer value and cultural imperatives and other strategic issues guiding you to a successful foreign market entry.<\/p>\n\n\n\n<h4 class=\"gb-headline gb-headline-08ea1942 gb-headline-text\"><strong><strong><strong><strong><strong>\u00dcber 40 Jahre au\u00dfergew\u00f6hnliche Expertise in der BRIC-Marktforschung<\/strong><\/strong><\/strong><\/strong><\/strong><\/h4>\n\n\n\n<p>SIS bietet umfassende Marktforschung und Marktinformationen in Schwellenm\u00e4rkten. Mit seiner starken Pr\u00e4senz in Brasilien, China, Indien und Russland hat das Unternehmen Zugang zu den vier attraktivsten M\u00e4rkten f\u00fcr Expansionen.<\/p>\n\n<\/div>","protected":false},"excerpt":{"rendered":"<p>SIS ist ein weltweit f\u00fchrendes Unternehmen im Bereich der internationalen Marktforschung. SIS f\u00fchrt qualitative und quantitative globale Marktforschung durch. Erfahren Sie mehr.<\/p>","protected":false},"author":1,"featured_media":66218,"parent":14514,"menu_order":21,"comment_status":"closed","ping_status":"open","template":"","meta":{"_uag_custom_page_level_css":"","footnotes":""},"class_list":["post-16599","page","type-page","status-publish","has-post-thumbnail"],"uagb_featured_image_src":{"full":["https:\/\/www.sisinternational.com\/wp-content\/uploads\/2025\/09\/Brazil-4.jpg",1456,816,false],"thumbnail":["https:\/\/www.sisinternational.com\/wp-content\/uploads\/2025\/09\/Brazil-4-150x150.jpg",150,150,true],"medium":["https:\/\/www.sisinternational.com\/wp-content\/uploads\/2025\/09\/Brazil-4-300x168.jpg",300,168,true],"medium_large":["https:\/\/www.sisinternational.com\/wp-content\/uploads\/2025\/09\/Brazil-4-768x430.jpg",768,430,true],"large":["https:\/\/www.sisinternational.com\/wp-content\/uploads\/2025\/09\/Brazil-4-1024x574.jpg",1024,574,true],"1536x1536":["https:\/\/www.sisinternational.com\/wp-content\/uploads\/2025\/09\/Brazil-4.jpg",1456,816,false],"2048x2048":["https:\/\/www.sisinternational.com\/wp-content\/uploads\/2025\/09\/Brazil-4.jpg",1456,816,false],"trp-custom-language-flag":["https:\/\/www.sisinternational.com\/wp-content\/uploads\/2025\/09\/Brazil-4-18x10.jpg",18,10,true]},"uagb_author_info":{"display_name":"Ruth Stanat","author_link":"https:\/\/www.sisinternational.com\/de\/author\/expert\/"},"uagb_comment_info":0,"uagb_excerpt":"SIS is a World Leader in International Market Research. SIS conducts Qualitative & Quantitative Global Market Research. Learn more.","_links":{"self":[{"href":"https:\/\/www.sisinternational.com\/de\/wp-json\/wp\/v2\/pages\/16599","targetHints":{"allow":["GET"]}}],"collection":[{"href":"https:\/\/www.sisinternational.com\/de\/wp-json\/wp\/v2\/pages"}],"about":[{"href":"https:\/\/www.sisinternational.com\/de\/wp-json\/wp\/v2\/types\/page"}],"author":[{"embeddable":true,"href":"https:\/\/www.sisinternational.com\/de\/wp-json\/wp\/v2\/users\/1"}],"replies":[{"embeddable":true,"href":"https:\/\/www.sisinternational.com\/de\/wp-json\/wp\/v2\/comments?post=16599"}],"version-history":[{"count":22,"href":"https:\/\/www.sisinternational.com\/de\/wp-json\/wp\/v2\/pages\/16599\/revisions"}],"predecessor-version":[{"id":76940,"href":"https:\/\/www.sisinternational.com\/de\/wp-json\/wp\/v2\/pages\/16599\/revisions\/76940"}],"up":[{"embeddable":true,"href":"https:\/\/www.sisinternational.com\/de\/wp-json\/wp\/v2\/pages\/14514"}],"wp:featuredmedia":[{"embeddable":true,"href":"https:\/\/www.sisinternational.com\/de\/wp-json\/wp\/v2\/media\/66218"}],"wp:attachment":[{"href":"https:\/\/www.sisinternational.com\/de\/wp-json\/wp\/v2\/media?parent=16599"}],"curies":[{"name":"wp","href":"https:\/\/api.w.org\/{rel}","templated":true}]}}