{"id":16527,"date":"2015-06-13T18:35:24","date_gmt":"2015-06-13T18:35:24","guid":{"rendered":"https:\/\/www.sisinternational.com\/?page_id=16527"},"modified":"2025-09-08T12:55:19","modified_gmt":"2025-09-08T16:55:19","slug":"hispanische-marktforschung","status":"publish","type":"page","link":"https:\/\/www.sisinternational.com\/de\/abdeckung\/latin-america\/marktforschung-in-lateinamerika-2\/hispanische-marktforschung\/","title":{"rendered":"Hispanische Marktforschung"},"content":{"rendered":"<h1 class=\"wp-block-heading\">Hispanische Marktforschung<\/h1>\n\n\n\n<figure class=\"gb-block-image gb-block-image-7ecd1b15\"><img loading=\"lazy\" decoding=\"async\" width=\"1456\" height=\"816\" class=\"gb-image gb-image-7ecd1b15\" src=\"https:\/\/www.sisinternational.com\/wp-content\/uploads\/2025\/08\/Non-profit-4.jpg\" srcset=\"https:\/\/www.sisinternational.com\/wp-content\/uploads\/2025\/08\/Non-profit-4.jpg 1456w, https:\/\/www.sisinternational.com\/wp-content\/uploads\/2025\/08\/Non-profit-4-300x168.jpg 300w, https:\/\/www.sisinternational.com\/wp-content\/uploads\/2025\/08\/Non-profit-4-1024x574.jpg 1024w, https:\/\/www.sisinternational.com\/wp-content\/uploads\/2025\/08\/Non-profit-4-768x430.jpg 768w, https:\/\/www.sisinternational.com\/wp-content\/uploads\/2025\/08\/Non-profit-4-18x10.jpg 18w\" sizes=\"auto, (max-width: 1456px) 100vw, 1456px\" alt=\"SIS International Marktforschung &amp; Strategie\"><\/figure>\n\n\n\n<p><\/p>\n\n\n\n<h2 class=\"wp-block-heading\">Der aufstrebende hispanische Markt<\/h2>\n\n\n\n<p>Es ist nicht \u00fcberraschend, dass einer der gr\u00f6\u00dften Schwellenm\u00e4rkte der Welt heute einer wachsenden hispanischen Bev\u00f6lkerung geh\u00f6rt. In den letzten Jahren ist die Kaufkraft dieser Gruppe dramatisch gestiegen und wird dies auch weiterhin tun. Steigender Wohlstand und bessere Bildungsm\u00f6glichkeiten bescheren der zweitgr\u00f6\u00dften ethnischen Gruppe der USA eine starke und nachhaltige Marktwirkung.<\/p>\n\n\n\n<p>Au\u00dferhalb der USA erleben mehrere lateinamerikanische L\u00e4nder einen deutlichen wirtschaftlichen Aufschwung. Verbesserte Einzelhandelsums\u00e4tze und eine gesteigerte Produktion von Konsumg\u00fctern haben sich dramatisch positiv auf die Wirtschaftsaussichten in den hispanischen M\u00e4rkten ausgewirkt.<\/p>\n\n\n\n<p>In der Vergangenheit haben Gesch\u00e4ftsinteressen der Sprache selbst gro\u00dfe Aufmerksamkeit geschenkt, um diese begehrten M\u00e4rkte zu durchdringen. Hispanics in Amerika bevorzugen es, Fernsehen zu schauen, in dem \u00fcberwiegend Spanisch gesprochen wird. Dar\u00fcber hinaus sprechen die meisten Hispanics zu Hause lieber Spanisch.<\/p>\n\n\n\n<p>Im Gegensatz zum englischsprachigen Fernsehen, das auf zahlreichen Kan\u00e4len verf\u00fcgbar ist, konzentriert sich das spanischsprachige Fernsehen auf weniger Sender und wird daher von hispanischen Zuschauern intensiver verfolgt.<\/p>\n\n\n\n<p>Dies macht spanischsprachige Medien zu einer effektiven Wahl f\u00fcr Werbetreibende, die versuchen, mit diesem wachsenden Zielmarkt zu kommunizieren. Zumindest werden Unternehmen zus\u00e4tzlich zu den traditionellen englischsprachigen Anzeigen ma\u00dfgeschneiderte Botschaften f\u00fcr diese spanischsprachigen Medien entwickeln.<\/p>\n\n\n\n<p>Hispanische Verbraucher neigen in manchen F\u00e4llen dazu, bestimmten Marken treuer zu sein als ihre Pendants anderer Ethnien. Sie gehen zwar nicht ganz so oft einkaufen, aber wenn sie doch mal ausgehen, geben Hispanics mehr aus.<\/p>\n\n\n\n<p>Sie besuchen auch mehr Fast-Food-Restaurants und haben dabei Kinder dabei, was sich letztlich auf die Kaufentscheidungen der Eltern auswirkt. Hispanics kaufen historisch gesehen mehr Getr\u00e4nke, was dazu f\u00fchrt, dass die langfristigen Prognosen f\u00fcr den Getr\u00e4nkeabsatz in den kommenden Jahren f\u00fcr den hispanischen Markt h\u00f6her ausfallen als f\u00fcr kaukasische Verbraucher. Sowohl qualitative als auch quantitative Forschungsmethoden k\u00f6nnen M\u00f6glichkeiten aufdecken, die Leistung Ihres Unternehmens zu steigern.<\/p>\n\n\n\n<h2 class=\"wp-block-heading\">Durchf\u00fchrung hispanischer Marktforschung<\/h2>\n\n\n\n<p>Die hispanische Bev\u00f6lkerung in den USA stellt den gr\u00f6\u00dften Minderheitenanteil dar und wird auch weiterhin schnell wachsen; die Zukunft der US-Wirtschaft und wichtiger Industriezweige h\u00e4ngt vom hispanischen Markt ab.<\/p>\n\n\n\n<p>Dar\u00fcber hinaus kommen Hispanics aus einer Vielzahl von Herkunftsl\u00e4ndern. Forschung, die sich auf hispanische Bev\u00f6lkerungen konzentriert, muss ihren geografischen Standort, ihre kulturelle Demografie, ihre Sprachen, ihre Akkulturation, ihre wirtschaftliche Schicht und ihr Bildungsniveau ber\u00fccksichtigen. Diese Demografie wird bei jeder Bev\u00f6lkerungsgruppe unterschiedlich sein, abh\u00e4ngig von einer Reihe von Faktoren.<\/p>\n\n\n\n<p>Unter \u201eAkkulturation\u201c versteht man den Prozess der \u00dcbernahme kultureller Merkmale oder sozialer Muster einer bestimmten Gruppe. Marktforscher d\u00fcrfen nicht davon ausgehen, dass alle Hispanics in einem bestimmten geografischen Gebiet oder einer anderen Bev\u00f6lkerungsgruppe den gleichen Akkulturationsgrad aufweisen. Beispielsweise weisen viele Hispanics in den USA einen niedrigeren Akkulturationsgrad auf als die in lateinamerikanischen L\u00e4ndern, und viele sprechen weder in der \u00d6ffentlichkeit noch zu Hause oder \u00fcberhaupt regelm\u00e4\u00dfig Spanisch. Um Zugang zu den hispanischen Bev\u00f6lkerungsgruppen zu erhalten, reicht es nicht aus, einfach eine Umfrage\u00fcbersetzung ins Spanische anzubieten. Der Forschungsprozess, der Umfragematerialien, Frageb\u00f6gen und pers\u00f6nliche Interviews umfasst, muss nicht nur die bevorzugte Sprache der Personen im Zielmarkt, sondern auch ihre individuelle kulturelle Identit\u00e4t ber\u00fccksichtigen.<\/p>\n\n\n\n<p>Angesichts des Wachstums der hispanischen Bev\u00f6lkerung, insbesondere in den USA, ist es f\u00fcr die Entwicklung wichtiger Branchen und Unternehmen von entscheidender Bedeutung, die Gr\u00f6\u00dfe, Vielfalt, Einzigartigkeit und den Gesamtwert des hispanischen Marktes als florierende Verbraucherbasis mit ausgepr\u00e4gter Kaufkraft zu verstehen. Die hispanische Bev\u00f6lkerung weist zudem einzigartige Technologie- und Mediennutzungsmuster, Konsummuster und K\u00e4uferpsychologien auf, die sich vom Massenmarkt unterscheiden. Ihr zuk\u00fcnftiges Konsumwachstum wird voraussichtlich deutlich h\u00f6her ausfallen als das der Nicht-Hispanics, und kulturelle und wirtschaftliche Ver\u00e4nderungen in den USA werden weitgehend von diesem Wachstum bestimmt.<\/p>\n\n\n\n<h2 class=\"wp-block-heading\">Marktforschung in Lateinamerika<\/h2>\n\n\n\n<figure class=\"gb-block-image gb-block-image-45d04967\"><img loading=\"lazy\" decoding=\"async\" width=\"1456\" height=\"816\" class=\"gb-image gb-image-45d04967\" src=\"https:\/\/www.sisinternational.com\/wp-content\/uploads\/2025\/09\/Hispanic-5.jpg\" alt=\"SIS International Marktforschung &amp; Strategie\" title=\"Hispanic (5)\" srcset=\"https:\/\/www.sisinternational.com\/wp-content\/uploads\/2025\/09\/Hispanic-5.jpg 1456w, https:\/\/www.sisinternational.com\/wp-content\/uploads\/2025\/09\/Hispanic-5-300x168.jpg 300w, https:\/\/www.sisinternational.com\/wp-content\/uploads\/2025\/09\/Hispanic-5-1024x574.jpg 1024w, https:\/\/www.sisinternational.com\/wp-content\/uploads\/2025\/09\/Hispanic-5-768x430.jpg 768w, https:\/\/www.sisinternational.com\/wp-content\/uploads\/2025\/09\/Hispanic-5-18x10.jpg 18w\" sizes=\"auto, (max-width: 1456px) 100vw, 1456px\"><\/figure>\n\n\n\n<p><\/p>\n\n\n\n<p>Jedes lateinamerikanische Land hat seine eigenen, unverwechselbaren Einstellungen, Sitten, Vorlieben, Eigenheiten und besonderen Merkmale.<\/p>\n\n\n\n<p>Es w\u00e4re ein Fehler, diesen Bereich von gro\u00dfer historischer und kultureller Bedeutung mit einer Decke der Gleichheit zu \u00fcberziehen. Hier wird die Bedeutung erfahrener internationaler Marktforschung f\u00fcr Erstberatungen und die Nutzung etablierter Methoden unabdingbar, die einem die beste Gelegenheit bieten, diese aufstrebenden Nationen und Kulturen zu verstehen und von diesem Verst\u00e4ndnis zu profitieren.<\/p>\n\n\n\n<h2 class=\"wp-block-heading\">Was man bei der Marktforschung f\u00fcr Hispanics tun und lassen sollte<\/h2>\n\n\n\n<h3 class=\"wp-block-heading\">DOS<\/h3>\n\n\n\n<ul class=\"wp-block-list\">\n<li>Kennen Sie die hispanische Bev\u00f6lkerung, die Sie ansprechen m\u00f6chten\n<ul class=\"wp-block-list\">\n<li>Demografie<\/li>\n\n\n\n<li>Geografische Verteilung<\/li>\n\n\n\n<li>Akkulturationsebenen<\/li>\n<\/ul>\n<\/li>\n\n\n\n<li>Beziehen Sie akkulturierte, bikulturelle UND unakkulturierte Hispanics ein\n<ul class=\"wp-block-list\">\n<li>Verwenden Sie eine Stichprobe, die diese Unterschiede w\u00e4hrend der Rekrutierungsphase ber\u00fccksichtigt<\/li>\n<\/ul>\n<\/li>\n\n\n\n<li>Verwenden Sie eine Frageformulierung, die wirtschaftliche, bildungsbezogene und sozio\u00f6konomische Informationen ber\u00fccksichtigt<\/li>\n\n\n\n<li>Erkennen Sie Unterschiede in den Spanischkenntnissen auch unter der hispanischen Bev\u00f6lkerung\n<ul class=\"wp-block-list\">\n<li>Spanisch sprechende Befragte zu haben bedeutet nicht, dass es Befragte mit hispanischer Identit\u00e4t gibt<\/li>\n<\/ul>\n<\/li>\n\n\n\n<li>Bedenken Sie, dass Hispanics keine gro\u00dfe homogene Gruppe sind\n<ul class=\"wp-block-list\">\n<li>Hispanics kommen aus vielen verschiedenen Herkunftsl\u00e4ndern<\/li>\n\n\n\n<li>Hispanics geh\u00f6ren vielen verschiedenen sozialen Klassen an<\/li>\n\n\n\n<li>Hispanics haben unterschiedliche Akkulturationsgrade<\/li>\n<\/ul>\n<\/li>\n\n\n\n<li>Bereiten Sie sich darauf vor, dass Umfragen auf Spanisch l\u00e4nger dauern als auf Englisch<\/li>\n\n\n\n<li>Bereiten Sie sich darauf vor, dass die Fragen der Umfrage differenzierter und kultureller sein m\u00fcssen<\/li>\n\n\n\n<li>Ein zweisprachiges Umfrageinstrument, das Spanisch- und Englischsprachige ber\u00fccksichtigt<\/li>\n\n\n\n<li>Ber\u00fccksichtigen Sie das Verbraucherverhalten bestimmter L\u00e4nder und geografischer Gebiete<\/li>\n<\/ul>\n\n\n\n<h3 class=\"wp-block-heading\">Was Sie nicht tun sollten<\/h3>\n\n\n\n<ul class=\"wp-block-list\">\n<li>Einer bestimmten Kultur eine \u201eAllgemeinmarkt\u201c-Denkweise aufzwingen\n<ul class=\"wp-block-list\">\n<li>Ber\u00fccksichtigen Sie Umfragestile<\/li>\n\n\n\n<li>Seien Sie vorsichtig, wenn Sie Fragen zur Sympathie stellen und nach Bewertungen auf einer Skala fragen<\/li>\n<\/ul>\n<\/li>\n\n\n\n<li>Gehen Sie davon aus, dass alle hispanischen M\u00e4rkte spanischsprachig und vollst\u00e4ndig akkulturiert sind<\/li>\n\n\n\n<li>Gehen Sie davon aus, dass alle Hispanics auf dem gleichen Bildungs- oder sozio\u00f6konomischen Niveau leben<\/li>\n\n\n\n<li>\u00dcbersetzen Sie englische Materialien einfach ins Spanische, ohne kulturelle Nuancen zu ber\u00fccksichtigen<\/li>\n\n\n\n<li>Verwenden Sie komplizierte Bewertungsskalen hinsichtlich Sympathie oder Vertr\u00e4glichkeit<\/li>\n<\/ul>\n\n\n\n<p>Der Zugang zum hispanischen Markt h\u00e4ngt weitgehend von den Strategien ab, die in Bezug auf Sprache, Medienkonsum und Technologie eingesetzt werden. Forschungsstudien sollten unter Ber\u00fccksichtigung unterschiedlicher Technologieanpassungs- und Mediennutzungsgrade sowie sprachlicher Nuancen konzipiert werden. Personen aller sozio\u00f6konomischen Schichten k\u00f6nnen loyale und reaktionsschnelle Kunden sein und sollten als solche behandelt werden, wobei ihre Meinungen und individuellen Bed\u00fcrfnisse ber\u00fccksichtigt werden sollten.<\/p>\n\n\n\n<h2 class=\"wp-block-heading\">Mit \u00fcber 40 Jahren Erfahrung in der globalen Marktforschung bietet SIS eine Reihe von Dienstleistungen, darunter qualitative, quantitative und strategische Forschung.<\/h2>\n\n\n\n<h2 class=\"wp-block-heading p1\"><a href=\"https:\/\/www.sisinternational.com\/de\/about-sis\/contact-sis-international-market-research\/\"><span class=\"s1\">Kontaktieren Sie uns f\u00fcr Ihr n\u00e4chstes hispanisches Marktforschungsprojekt.<\/span><\/a><\/h2>\n\n\n\n<h3 class=\"wp-block-heading title-heading-left\">You&nbsp;may also be interested in\u2026<\/h3>\n\n\n\n<p><\/p>\n\n\n\n<!-- Page-list plugin v.5.9 wordpress.org\/plugins\/page-list\/ -->\n<div class=\"page-list page-list-ext\">\n<div class=\"page-list-ext-item\"><div class=\"page-list-ext-image\"><a href=\"https:\/\/www.sisinternational.com\/de\/abdeckung\/latin-america\/marktforschung-in-lateinamerika-2\/\" title=\"Marktforschung in Lateinamerika\"><img decoding=\"async\" src=\"https:\/\/www.sisinternational.com\/wp-content\/uploads\/2025\/08\/Global-7-150x150.jpg\" width=\"150\" alt=\"Marktforschung in Lateinamerika\" \/><\/a><\/div> <h3 class=\"page-list-ext-title\"><a href=\"https:\/\/www.sisinternational.com\/de\/abdeckung\/latin-america\/marktforschung-in-lateinamerika-2\/\" title=\"Marktforschung in Lateinamerika\">Marktforschung in Lateinamerika<\/a><\/h3><div class=\"page-list-ext-item-content\">Erfahren Sie mehr \u00fcber die Marktforschung in Lateinamerika.<\/div><\/div>\n\n<\/div>\n\n\n\n<!-- Page-list plugin v.5.9 wordpress.org\/plugins\/page-list\/ -->\n<div class=\"page-list page-list-ext\">\n<div class=\"page-list-ext-item\"><div class=\"page-list-ext-image\"><a href=\"https:\/\/www.sisinternational.com\/de\/abdeckung\/latin-america\/marktforschung-in-lateinamerika-2\/marktforschung-in-mexiko\/\" title=\"Marktforschung in Mexiko\"><img decoding=\"async\" src=\"https:\/\/www.sisinternational.com\/wp-content\/uploads\/2025\/09\/Mexico-City-4-150x150.jpg\" width=\"150\" alt=\"Marktforschung in Mexiko\" \/><\/a><\/div> <h3 class=\"page-list-ext-title\"><a href=\"https:\/\/www.sisinternational.com\/de\/abdeckung\/latin-america\/marktforschung-in-lateinamerika-2\/marktforschung-in-mexiko\/\" title=\"Marktforschung in Mexiko\">Marktforschung in Mexiko<\/a><\/h3><div class=\"page-list-ext-item-content\">SIS verf\u00fcgt \u00fcber mehr als 30 Jahre Erfahrung in der globalen Marktforschung und verf\u00fcgt \u00fcber umfassende Ressourcen und Fachwissen f\u00fcr den mexikanischen Markt. <\/div><\/div>\n\n<\/div>","protected":false},"excerpt":{"rendered":"<p>Wir bieten Daten, Erkenntnisse und Strategien zur hispanischen Marktforschung. Erfahren Sie mehr dar\u00fcber, wie Sie lateinamerikanische Verbraucher erreichen.<\/p>","protected":false},"author":1,"featured_media":62996,"parent":14351,"menu_order":2,"comment_status":"closed","ping_status":"open","template":"","meta":{"footnotes":""},"class_list":["post-16527","page","type-page","status-publish","has-post-thumbnail"],"_links":{"self":[{"href":"https:\/\/www.sisinternational.com\/de\/wp-json\/wp\/v2\/pages\/16527","targetHints":{"allow":["GET"]}}],"collection":[{"href":"https:\/\/www.sisinternational.com\/de\/wp-json\/wp\/v2\/pages"}],"about":[{"href":"https:\/\/www.sisinternational.com\/de\/wp-json\/wp\/v2\/types\/page"}],"author":[{"embeddable":true,"href":"https:\/\/www.sisinternational.com\/de\/wp-json\/wp\/v2\/users\/1"}],"replies":[{"embeddable":true,"href":"https:\/\/www.sisinternational.com\/de\/wp-json\/wp\/v2\/comments?post=16527"}],"version-history":[{"count":4,"href":"https:\/\/www.sisinternational.com\/de\/wp-json\/wp\/v2\/pages\/16527\/revisions"}],"predecessor-version":[{"id":67572,"href":"https:\/\/www.sisinternational.com\/de\/wp-json\/wp\/v2\/pages\/16527\/revisions\/67572"}],"up":[{"embeddable":true,"href":"https:\/\/www.sisinternational.com\/de\/wp-json\/wp\/v2\/pages\/14351"}],"wp:featuredmedia":[{"embeddable":true,"href":"https:\/\/www.sisinternational.com\/de\/wp-json\/wp\/v2\/media\/62996"}],"wp:attachment":[{"href":"https:\/\/www.sisinternational.com\/de\/wp-json\/wp\/v2\/media?parent=16527"}],"curies":[{"name":"wp","href":"https:\/\/api.w.org\/{rel}","templated":true}]}}