{"id":16467,"date":"2015-06-11T16:48:49","date_gmt":"2015-06-11T16:48:49","guid":{"rendered":"https:\/\/www.sisinternational.com\/?page_id=16467"},"modified":"2026-01-25T17:30:17","modified_gmt":"2026-01-25T22:30:17","slug":"marktforschung-boston","status":"publish","type":"page","link":"https:\/\/www.sisinternational.com\/de\/abdeckung\/north-america\/usa-berichterstattung\/marktforschung-boston\/","title":{"rendered":"Marktforschung in Boston"},"content":{"rendered":"<h1 class=\"wp-block-heading\">Marktforschung in Boston<\/h1>\n\n\n\n<figure class=\"gb-block-image gb-block-image-28758123\"><img loading=\"lazy\" decoding=\"async\" width=\"1456\" height=\"816\" class=\"gb-image gb-image-28758123\" src=\"https:\/\/www.sisinternational.com\/wp-content\/uploads\/2025\/09\/Massachussets-Boston-1.jpg\" srcset=\"https:\/\/www.sisinternational.com\/wp-content\/uploads\/2025\/09\/Massachussets-Boston-1.jpg 1456w, https:\/\/www.sisinternational.com\/wp-content\/uploads\/2025\/09\/Massachussets-Boston-1-300x168.jpg 300w, https:\/\/www.sisinternational.com\/wp-content\/uploads\/2025\/09\/Massachussets-Boston-1-1024x574.jpg 1024w, https:\/\/www.sisinternational.com\/wp-content\/uploads\/2025\/09\/Massachussets-Boston-1-768x430.jpg 768w, https:\/\/www.sisinternational.com\/wp-content\/uploads\/2025\/09\/Massachussets-Boston-1-18x10.jpg 18w\" sizes=\"auto, (max-width: 1456px) 100vw, 1456px\" alt=\"SIS International Marktforschung &amp; Strategie\"><\/figure>\n\n\n\n<p><\/p>\n\n\n\n<hr class=\"wp-block-separator has-alpha-channel-opacity is-style-dots\"\/>\n\n\n\n<h3 class=\"wp-block-heading\">Dank seiner zahlreichen Universit\u00e4ten und Hochschulen ist Boston zu einem globalen Zentrum der Medizin und der Hochschulbildung geworden. Dar\u00fcber hinaus gilt die Stadt als weltweit f\u00fchrend in puncto Innovation.<\/h3>\n\n\n\n<p><span style=\"font-weight: 400;\">Was macht Boston, eine Stadt voller Geschichte und Innovation, zu einem so attraktiven Markt f\u00fcr Unternehmen? Bei der Marktforschung in Boston geht es darum, das Zusammenspiel zwischen dem reichen kulturellen Erbe und zukunftsorientierten Branchen zu verstehen. Durch die Vertiefung in die Marktforschung k\u00f6nnen Unternehmen die Erfolgsgeheimnisse dieser dynamischen und sich st\u00e4ndig weiterentwickelnden Stadt entschl\u00fcsseln.<\/span><\/p>\n\n\n\n<h2 class=\"wp-block-heading\"><strong>Was ist Marktforschung in Boston?<\/strong><\/h2>\n\n\n\n<p><span style=\"font-weight: 400;\">Marktforschung in Boston hilft Unternehmen, fundierte Entscheidungen zu treffen, die ihre Strategien und Abl\u00e4ufe verbessern. Sie bietet lokalisierte Einblicke, die Unternehmen dabei helfen, ihre Produkte und Dienstleistungen an die spezifischen Bed\u00fcrfnisse ihrer Zielgruppe anzupassen. Sie bietet ein umfassendes Verst\u00e4ndnis der Wettbewerbslandschaft und hilft Unternehmen dabei, die Durchf\u00fchrbarkeit ihrer Markteintrittsstrategien zu beurteilen und die besten Wachstumschancen zu identifizieren.<\/span><\/p>\n\n\n\n<h2 class=\"wp-block-heading\"><strong>Warum brauchen Unternehmen Marktforschung in Boston?<\/strong><\/h2>\n\n\n\n<p><span style=\"font-weight: 400;\">Marktforschung in Boston hilft Unternehmen, neue Trends und Ver\u00e4nderungen im Verbraucherverhalten zu erkennen. Da die Stadt gro\u00dfen Wert auf Innovation und Technologie legt, ist es unerl\u00e4sslich, \u00fcber diese Ver\u00e4nderungen auf dem Laufenden zu bleiben, um relevant zu bleiben und neue Chancen zu nutzen.&nbsp;<\/span><\/p>\n\n\n\n<p><span style=\"font-weight: 400;\">Diese Marktforschung hilft Unternehmen auch dabei, Risiken zu minimieren. Durch die Analyse von Marktdaten und Trends k\u00f6nnen Unternehmen potenzielle Herausforderungen erkennen und Strategien entwickeln, um diese effektiv anzugehen. Dieser Aspekt des Risikomanagements durch Marktforschung ist f\u00fcr Unternehmen, die in neue Unternehmungen investieren oder ihre Gesch\u00e4ftst\u00e4tigkeit ausweiten m\u00f6chten, von gro\u00dfem Wert und bietet eine solide Grundlage f\u00fcr fundierte Entscheidungen.<\/span><\/p>\n\n\n\n<p><span style=\"font-weight: 400;\">Dar\u00fcber hinaus bietet Marktforschung in Boston wichtige Einblicke in die lokalen Marktbedingungen und die Wettbewerbslandschaft f\u00fcr Unternehmen, die nach Boston expandieren m\u00f6chten. Das Verst\u00e4ndnis der St\u00e4rken und Schw\u00e4chen wichtiger Wettbewerber und das Identifizieren von Marktl\u00fccken kann die Erfolgschancen eines Unternehmens erheblich steigern.&nbsp;<\/span><\/p>\n\n\n\n<h2 class=\"wp-block-heading\"><strong>Wer nutzt in Boston Marktforschung?<\/strong><\/h2>\n\n\n\n<p><b>Gro\u00dfe Unternehmen<\/b><span style=\"font-weight: 400;\"> verlassen sich h\u00e4ufig auf Marktforschung in Boston, um Einblicke in das Verbraucherverhalten, die Wettbewerbsdynamik und aufkommende Trends zu erhalten. Dadurch bleiben sie der Konkurrenz immer einen Schritt voraus und k\u00f6nnen Produktentwicklung, Marketingstrategien und Gesch\u00e4ftserweiterungspl\u00e4ne vorantreiben.<\/span><\/p>\n\n\n\n<p><b>Kleine und mittlere Unternehmen (KMU)<\/b><span style=\"font-weight: 400;\"> profitieren ebenfalls stark von der Marktforschung in Boston. Diese Unternehmen erhalten durch die Marktforschung wichtige Daten, die ihnen helfen, ihre Zielgruppe zu verstehen, ihre Marketingbem\u00fchungen zu optimieren und neue Wachstumschancen zu erkennen.&nbsp;<\/span><\/p>\n\n\n\n<p><b>Gemeinn\u00fctzige Organisationen<\/b><span style=\"font-weight: 400;\"> Und <\/span><b>Regierungsbeh\u00f6rden<\/b><span style=\"font-weight: 400;\"> in Boston nutzen Marktforschung, um die von ihnen betreuten Gemeinden besser zu verstehen und Programme und Richtlinien zu entwickeln, die den Bed\u00fcrfnissen und Vorlieben ihrer Zielgruppen entsprechen. Marktforschung hilft diesen Organisationen, Ressourcen effektiv zu verteilen, die Auswirkungen ihrer Initiativen zu messen und datengesteuerte Entscheidungen zu treffen, die ihre Wirksamkeit und Reichweite steigern.<\/span><\/p>\n\n\n\n<h2 class=\"wp-block-heading\"><strong>Unser aktueller Markt\u00fcberblick und unsere Empfehlungen<\/strong><\/h2>\n\n\n\n<p><span style=\"font-weight: 400;\">Wir glauben, dass Boston in den Bereichen Technologie und Gesundheitswesen ein erhebliches Wachstum verzeichnet. Der Ruf der Stadt als Zentrum f\u00fcr Innovation und Forschung zieht weiterhin Top-Talente und Investitionen an und treibt so den Fortschritt in diesen Branchen voran. Dar\u00fcber hinaus bleibt der Immobilienmarkt robust, mit einer hohen Nachfrage nach Wohn- und Gewerbeimmobilien, die durch Bev\u00f6lkerungswachstum und wirtschaftliche Entwicklung angetrieben wird.<\/span><\/p>\n\n\n\n<p><span style=\"font-weight: 400;\">Die Zukunftsaussichten f\u00fcr den Bostoner Markt bleiben positiv, wobei in den Bereichen Bildung, Biotechnologie und Finanzdienstleistungen weiteres Wachstum erwartet wird. Unternehmen, die in das Verst\u00e4ndnis der Marktdynamik und die Anpassung an Ver\u00e4nderungen investieren, haben gute Chancen, erfolgreich zu sein. Wir sehen zunehmende Chancen in den Bereichen Biotech-Startups, Bildungsdienstleistungen und Finanztechnologie.<\/span><\/p>\n\n\n\n<h2 class=\"wp-block-heading\"><strong>Erwartete Ergebnisse der SIS-Marktforschung in Boston<\/strong><\/h2>\n\n\n\n<p><a href=\"https:\/\/twitter.com\/SISIntlResearch\" target=\"_blank\" rel=\"noopener\"><span style=\"font-weight: 400;\">SIS<\/span><\/a><span style=\"font-weight: 400;\"> f\u00f6rdert den Gesch\u00e4ftserfolg in Boston durch die Bereitstellung von Gesch\u00e4ftsvorteilen wie:&nbsp;<\/span><\/p>\n\n\n\n<p><b>Verbesserte Entscheidungsfindung:<\/b><span style=\"font-weight: 400;\">&nbsp;<\/span><\/p>\n\n\n\n<p><span style=\"font-weight: 400;\">Unsere Marktforschung in Boston liefert Unternehmen solide Daten und Erkenntnisse, die es ihnen erm\u00f6glichen, fundierte Entscheidungen zu treffen.<\/span><\/p>\n\n\n\n<p><b>Verbesserte Wettbewerbsposition:<\/b><span style=\"font-weight: 400;\">&nbsp;<\/span><\/p>\n\n\n\n<p><span style=\"font-weight: 400;\">Durch das Verst\u00e4ndnis des Wettbewerbsumfelds k\u00f6nnen Unternehmen Strategien entwickeln, die sie von der Konkurrenz abheben.<\/span><\/p>\n\n\n\n<p><b>H\u00f6here Kundenzufriedenheit:<\/b><span style=\"font-weight: 400;\">&nbsp;<\/span><\/p>\n\n\n\n<p><span style=\"font-weight: 400;\">Durch Einblicke in die Vorlieben und Verhaltensweisen der Kunden k\u00f6nnen Unternehmen ihre Angebote an die Marktnachfrage anpassen.<\/span><\/p>\n\n\n\n<p><b>Risikomanagement:<\/b><span style=\"font-weight: 400;\">&nbsp;<\/span><\/p>\n\n\n\n<p><span style=\"font-weight: 400;\">Durch die Identifizierung potenzieller Risiken und Herausforderungen k\u00f6nnen Unternehmen Strategien entwickeln, um diese wirksam zu mindern.<\/span><\/p>\n\n\n\n<p><b>Markterweiterung:<\/b><span style=\"font-weight: 400;\">&nbsp;<\/span><\/p>\n\n\n\n<p><span style=\"font-weight: 400;\">Durch das Verst\u00e4ndnis von Markttrends und -chancen k\u00f6nnen Unternehmen neue Marktsegmente erschlie\u00dfen und das Wachstum vorantreiben.<\/span><\/p>\n\n\n\n<p><b>Innovation:<\/b><span style=\"font-weight: 400;\">&nbsp;<\/span><\/p>\n\n\n\n<p><span style=\"font-weight: 400;\">Die Marktforschung in Boston f\u00f6rdert Innovationen, indem sie ungedeckte Bed\u00fcrfnisse und aufkommende Trends aufzeigt und so die Entwicklung neuer Produkte und Dienstleistungen steuert, die das Wachstum f\u00f6rdern und die Wettbewerbsf\u00e4higkeit steigern.<\/span><\/p>\n\n\n\n<p><b>Verbesserter ROI:<\/b><span style=\"font-weight: 400;\">&nbsp;<\/span><\/p>\n\n\n\n<p><span style=\"font-weight: 400;\">Unsere Marktforschungsdienste bieten Unternehmen eine hohe Kapitalrendite, indem sie umsetzbare Erkenntnisse liefern, die strategische Entscheidungen vorantreiben. Unternehmen k\u00f6nnen ihre Marketing-, Produktentwicklungs- und Betriebsstrategien optimieren, um bessere Ergebnisse und eine h\u00f6here Rentabilit\u00e4t zu erzielen.<\/span><\/p>\n\n\n\n<h2 class=\"wp-block-heading\"><strong>Schl\u00fcsselindustrien in Boston<\/strong><\/h2>\n\n\n\n<p><span style=\"font-weight: 400;\">Boston ist Heimat mehrerer Schl\u00fcsselindustrien, die das Wirtschaftswachstum und die Innovation vorantreiben. Diese Industrien zeichnen sich durch ihre Dynamik und ihren bedeutenden Beitrag zur lokalen und globalen Wirtschaft aus.<\/span><\/p>\n\n\n\n<p><b>\u2022 Technologie:<\/b><span style=\"font-weight: 400;\"> Bostons Technologiesektor w\u00e4chst rasant und konzentriert sich auf Softwareentwicklung, Cybersicherheit und Datenanalyse. Unternehmen wie <\/span><b>Google<\/b><span style=\"font-weight: 400;\"> Und <\/span><b>Microsoft<\/b><span style=\"font-weight: 400;\"> sind in der Stadt in bedeutendem Umfang vertreten, treiben den technologischen Fortschritt voran und entwickeln innovative L\u00f6sungen, die der Wirtschaft des Staates Auftrieb verleihen.<\/span><\/p>\n\n\n\n<p><b>\u2022 Gesundheitswesen und Biotechnologie:<\/b><span style=\"font-weight: 400;\"> Bostons Gesundheits- und Biotechsektor ist prominent, mit Institutionen wie <\/span><b>Massachusetts General Hospital<\/b><span style=\"font-weight: 400;\"> Und <\/span><b>Biogen<\/b><span style=\"font-weight: 400;\"> an vorderster Front. Diese Branchen konzentrieren sich auf medizinische Forschung, pharmazeutische Entwicklung und fortschrittliche Gesundheitsl\u00f6sungen und tragen wesentlich zur Wirtschaft des Staates und zu Fortschritten im Bereich der \u00f6ffentlichen Gesundheit bei.<\/span><\/p>\n\n\n\n<p><b>\u2022 Ausbildung:<\/b><span style=\"font-weight: 400;\"> Boston ist bekannt f\u00fcr seine erstklassigen Bildungseinrichtungen, darunter <\/span><b>Harvard Universit\u00e4t<\/b><span style=\"font-weight: 400;\"> Und <\/span><b>MIT<\/b><span style=\"font-weight: 400;\">. Diese Einrichtungen bieten Bildung an und f\u00f6rdern Forschung und Innovation in verschiedenen Bereichen, was erhebliche Auswirkungen auf die lokale Wirtschaft hat.<\/span><\/p>\n\n\n\n<p><b>\u2022 Finanzdienstleistungen:<\/b><span style=\"font-weight: 400;\"> Bostons Finanzdienstleistungssektor ist robust, mit bedeutenden Akteuren wie <\/span><b>Fidelity Investments<\/b><span style=\"font-weight: 400;\"> Und <\/span><b>State Street Corporation<\/b><span style=\"font-weight: 400;\"> f\u00fchrend. Diese Unternehmen bieten verschiedene Finanzdienstleistungen an und tragen so zur wirtschaftlichen Stabilit\u00e4t und zum Wachstum des Staates bei.<\/span><\/p>\n\n\n\n<p><b>\u2022 Tourismus und Gastronomie:<\/b><span style=\"font-weight: 400;\"> Der Tourismus ist eine wichtige Branche in Boston und zieht jedes Jahr Millionen von Besuchern zu den historischen St\u00e4tten und kulturellen Attraktionen. Unternehmen wie <\/span><b>Marriott International<\/b><span style=\"font-weight: 400;\"> Und <\/span><b>Hilton<\/b><span style=\"font-weight: 400;\"> bieten luxuri\u00f6se Unterk\u00fcnfte, w\u00e4hrend zahlreiche lokale Unternehmen einzigartige Erlebnisse f\u00fcr Touristen anbieten.<\/span><\/p>\n\n\n\n<h2 class=\"wp-block-heading\"><strong>Haupttouristenattraktionen in Boston<\/strong><\/h2>\n\n\n\n<p><span style=\"font-weight: 400;\">Boston ist f\u00fcr seine reiche Geschichte, sein kulturelles Erbe und seine lebendigen Attraktionen bekannt und daher ein beliebtes Touristenziel. Diese Attraktionen zeigen den einzigartigen Charme der Stadt und tragen erheblich zu ihrer Wirtschaft bei.<\/span><\/p>\n\n\n\n<ul class=\"wp-block-list\">\n<li><b>Freiheitspfad:<\/b><span style=\"font-weight: 400;\"> Dieser 4 km lange Weg durch die Innenstadt von Boston f\u00fchrt an 16 bedeutenden historischen St\u00e4tten vorbei, darunter Paul Reveres Haus und der Boston Common. Er bietet eine faszinierende Reise durch die Geschichte der Stadt w\u00e4hrend des Unabh\u00e4ngigkeitskriegs.<\/span><\/li>\n\n\n\n<li><b>Fenway Park:<\/b><span style=\"font-weight: 400;\"> Fenway Park, Heimat der Boston Red Sox, ist das \u00e4lteste noch genutzte Major League Baseball-Stadion. Es ist ein Muss f\u00fcr Sportfans und bietet F\u00fchrungen an, die Einblicke in die Geschichte des Stadions geben.<\/span><\/li>\n\n\n\n<li><b>Museum der Sch\u00f6nen K\u00fcnste:<\/b><span style=\"font-weight: 400;\"> Als eines der gr\u00f6\u00dften Museen der USA beherbergt das Museum of Fine Arts eine umfangreiche Sammlung von Kunstwerken aus aller Welt. Die vielf\u00e4ltigen Ausstellungen des Museums ziehen Kunstliebhaber und Kulturinteressierte an.<\/span><\/li>\n\n\n\n<li><b>New England Aquarium:<\/b><span style=\"font-weight: 400;\"> Das New England Aquarium bietet eine gro\u00dfe Vielfalt an Meereslebewesen, darunter ein riesiges Meeresbecken und ein IMAX-Kino. Es ist eine beliebte Attraktion f\u00fcr Familien und Meeresbiologen.<\/span><\/li>\n\n\n\n<li><b>\u00d6ffentlicher Garten Boston:<\/b><span style=\"font-weight: 400;\"> Der Boston Public Garden, Amerikas erster \u00f6ffentlicher botanischer Garten, ist f\u00fcr seine wundersch\u00f6nen Landschaften, Schwanenboote und saisonalen Blumenbeete bekannt. Es ist ein ruhiger R\u00fcckzugsort im Herzen der Stadt.<\/span><\/li>\n\n\n\n<li><b>Boston Tea Party Schiffe und Museum:<\/b><span style=\"font-weight: 400;\"> Dieses interaktive Museum erz\u00e4hlt die Geschichte der Boston Tea Party anhand von Live-Nachstellungen, Multimedia-Ausstellungen und historischen Artefakten. Es bietet Geschichtsinteressierten und Besuchern jeden Alters ein spannendes Erlebnis.<\/span><\/li>\n\n\n\n<li><b>Quincy-Markt:<\/b><span style=\"font-weight: 400;\"> Quincy Market ist ein gesch\u00e4ftiges Zentrum f\u00fcr Essen, Einkaufen und Unterhaltung. Seine vielf\u00e4ltigen Essensst\u00e4nde und einzigartigen Gesch\u00e4fte machen ihn zu einem beliebten Treffpunkt f\u00fcr Einheimische und Touristen.<\/span><\/li>\n<\/ul>\n\n\n\n<figure class=\"gb-block-image gb-block-image-cf2c49fd\"><img loading=\"lazy\" decoding=\"async\" width=\"1456\" height=\"816\" class=\"gb-image gb-image-cf2c49fd\" src=\"https:\/\/www.sisinternational.com\/wp-content\/uploads\/2025\/09\/Massachussets-Boston-4.jpg\" srcset=\"https:\/\/www.sisinternational.com\/wp-content\/uploads\/2025\/09\/Massachussets-Boston-4.jpg 1456w, https:\/\/www.sisinternational.com\/wp-content\/uploads\/2025\/09\/Massachussets-Boston-4-300x168.jpg 300w, https:\/\/www.sisinternational.com\/wp-content\/uploads\/2025\/09\/Massachussets-Boston-4-1024x574.jpg 1024w, https:\/\/www.sisinternational.com\/wp-content\/uploads\/2025\/09\/Massachussets-Boston-4-768x430.jpg 768w, https:\/\/www.sisinternational.com\/wp-content\/uploads\/2025\/09\/Massachussets-Boston-4-18x10.jpg 18w\" sizes=\"auto, (max-width: 1456px) 100vw, 1456px\" alt=\"SIS International Marktforschung &amp; Strategie\"><\/figure>\n\n\n\n<p><\/p>\n\n\n\n<h3 class=\"wp-block-heading\">Der wichtigste Seehafen ist der Hafen von Boston, der an die Stadt angrenzt und im Bostoner Hafen liegt.<\/h3>\n\n\n\n<p>Die wichtigsten G\u00fcterumschlaganlagen befinden sich heute in den Bostoner Stadtteilen East und South Boston, Charlestown und der Nachbarstadt Everett.<\/p>\n\n\n\n<p>Boston ist der \u00e4lteste, durchgehend aktive Hafen Amerikas.<\/p>\n\n\n\n<p>Der Hauptflughafen der Stadt ist Logan International, aber auch der Beverly Municipal Airport, der Worcester Regional Airport, der Norwood Memorial Airport und Bedford Hanscom Field bieten Anbindungen dorthin.<\/p>\n\n\n\n<h3 class=\"wp-block-heading\">Boston ist multikulturell<\/h3>\n\n\n\n<p>\u00dcber ein Drittel der Einwohner der Stadt sprechen zu Hause eine andere Sprache als Englisch.<\/p>\n\n\n\n<p>Die am h\u00e4ufigsten gesprochene Fremdsprache ist Spanisch. Weitere h\u00e4ufig gesprochene Sprachen sind asiatische Sprachen wie Portugiesisch, Franz\u00f6sisch und franz\u00f6sisches Kreolisch.<\/p>\n\n\n\n<p>Bostons Bev\u00f6lkerung ist in den letzten Jahrzehnten gewachsen, von einem Tiefstand von 563.000 im Jahr 1980 auf rund 600.000. Sie ist st\u00e4rker gewachsen als die mehrerer anderer Gro\u00dfst\u00e4dte, darunter New York und San Francisco. Boston ist eine junge und vielf\u00e4ltige Stadt mit einer der am besten ausgebildeten Bev\u00f6lkerungen unter den gro\u00dfen amerikanischen St\u00e4dten.<\/p>\n\n\n\n<h3 class=\"wp-block-heading\">Boston wird aufgrund seines florierenden Technologiesektors und seiner Wirtschaft als Weltstadt bezeichnet.<\/h3>\n\n\n\n<p>Aufmerksamen Gesch\u00e4ftsleuten wird schnell bewusst, dass sie lukrative Gesch\u00e4ftsabschl\u00fcsse verpassen, wenn sie die Macht des Internets nicht f\u00fcr ihre Werbung nutzen. Trotzdem sind Zeitschriften und Zeitungen in Sachen Werbung in Boston immer noch die Gewinner.<\/p>\n\n\n\n<p>Die Wirtschaft in den Vororten ist auf Verteidigung und Hochtechnologie spezialisiert, w\u00e4hrend sich die Wirtschaft in den St\u00e4dten auf gesch\u00e4ftliche und professionelle Dienstleistungen, Medizin, Bildung und Finanzen konzentriert.<\/p>\n\n\n\n<h2 class=\"wp-block-heading\"><strong>Chancen f\u00fcr Unternehmen in Boston<\/strong><\/h2>\n\n\n\n<p><span style=\"font-weight: 400;\">Marktforschung in Boston deckt zahlreiche Chancen f\u00fcr Unternehmen in verschiedenen Branchen auf. Das Verst\u00e4ndnis dieser Chancen kann Unternehmen dabei helfen, Strategien zu entwickeln und das dynamische Marktumfeld der Stadt zu nutzen.<\/span><\/p>\n\n\n\n<ul class=\"wp-block-list\">\n<li><span style=\"font-weight: 400;\"><b>Technologie und Innovation: <\/b>Bostons Technologiebranche w\u00e4chst rasant und bietet bedeutende M\u00f6glichkeiten in der Softwareentwicklung, Cybersicherheit und Datenanalyse.<\/span><span style=\"font-weight: 400;\">&nbsp;<\/span><\/li>\n\n\n\n<li><b>Gesundheitswesen und Biotechnologie:<\/b><span style=\"font-weight: 400;\"> Die Nachfrage nach fortschrittlichen Gesundheitsl\u00f6sungen und biotechnologischen Innovationen steigt. Unternehmen, die sich auf medizinische Forschung, Arzneimittelentwicklung und Gesundheitstechnologie konzentrieren, k\u00f6nnen im robusten Gesundheitssektor Bostons florieren.<\/span><\/li>\n\n\n\n<li><b>Bildung und Forschung:<\/b><span style=\"font-weight: 400;\"> Bostons renommierte Bildungseinrichtungen bieten Gesch\u00e4ftsm\u00f6glichkeiten in den Bereichen Bildungsdienstleistungen, Forschungspartnerschaften und Technologiekommerzialisierung. Unternehmen k\u00f6nnen mit Universit\u00e4ten zusammenarbeiten, um Innovation und Entwicklung voranzutreiben.<\/span><\/li>\n<\/ul>\n\n\n\n<h2 class=\"wp-block-heading\"><strong>Herausforderungen der Marktforschung in Boston f\u00fcr Unternehmen<\/strong><\/h2>\n\n\n\n<p><span style=\"font-weight: 400;\">W\u00e4hrend Marktforschung in Boston zahlreiche M\u00f6glichkeiten bietet, m\u00fcssen Unternehmen auch einige Herausforderungen meistern, um erfolgreich zu sein. Das Verst\u00e4ndnis dieser Herausforderungen ist entscheidend f\u00fcr die Entwicklung von Strategien, die Risiken mindern und Hindernisse \u00fcberwinden.<\/span><\/p>\n\n\n\n<ul class=\"wp-block-list\">\n<li><b>Hohe Kosten:<\/b><span style=\"font-weight: 400;\"> Die Durchf\u00fchrung umfassender Marktforschung kann kostspielig sein, insbesondere f\u00fcr kleine und mittlere Unternehmen. Unternehmen m\u00fcssen ausreichend Ressourcen bereitstellen, um genaue und aussagekr\u00e4ftige Daten zu sammeln, was das Budget belasten kann.<\/span><\/li>\n\n\n\n<li><b>Wettbewerbsmarkt:<\/b><span style=\"font-weight: 400;\"> Bostons dynamischer Markt ist hart umk\u00e4mpft und bietet zahlreiche etablierte Akteure und aufstrebende Startups. Unternehmen m\u00fcssen st\u00e4ndig innovativ sein und sich differenzieren, um ihren Wettbewerbsvorteil zu erhalten.<\/span><\/li>\n<\/ul>\n\n\n\n<h2 class=\"wp-block-heading\"><strong>Wie die Marktforschung von SIS International in Boston Unternehmen hilft<\/strong><\/h2>\n\n\n\n<p><span style=\"font-weight: 400;\">Die Marktforschungsdienste von SIS International in Boston bieten Unternehmen umfassende Unterst\u00fctzung und helfen ihnen, die Komplexit\u00e4t des Bostoner Marktes zu meistern und ihre strategischen Ziele zu erreichen. Unsere Expertise in der Marktforschung liefert Unternehmen wertvolle Erkenntnisse, die Wachstum und Innovation f\u00f6rdern.<\/span><\/p>\n\n\n\n<p><b>Risikominderung:<\/b><span style=\"font-weight: 400;\">&nbsp;<\/span><\/p>\n\n\n\n<p><a href=\"https:\/\/www.linkedin.com\/company\/sisinternationalresearch\/\" target=\"_blank\" rel=\"noopener\"><span style=\"font-weight: 400;\">SIS International<\/span><\/a><span style=\"font-weight: 400;\"> hilft Unternehmen, potenzielle Risiken zu erkennen und Strategien zu entwickeln, um diese zu mindern. Durch das Verst\u00e4ndnis der Marktdynamik und des Verbraucherverhaltens k\u00f6nnen Unternehmen fundierte Entscheidungen treffen, die Unsicherheiten minimieren und die Stabilit\u00e4t erh\u00f6hen.<\/span><\/p>\n\n\n\n<p><b>Umsatzsteigerung:<\/b><span style=\"font-weight: 400;\">&nbsp;<\/span><\/p>\n\n\n\n<p><span style=\"font-weight: 400;\">Wir erm\u00f6glichen Unternehmen, neue Chancen zu entdecken und ihre Strategien zur Umsatzsteigerung zu optimieren. Durch die Analyse von Markttrends und Kundenpr\u00e4ferenzen liefern wir umsetzbare Erkenntnisse, die Unternehmen dabei helfen, Produkte und Dienstleistungen zu entwickeln, die der Marktnachfrage entsprechen.<\/span><\/p>\n\n\n\n<p><b>Einsparma\u00dfnahmen:<\/b><span style=\"font-weight: 400;\">&nbsp;<\/span><\/p>\n\n\n\n<p><span style=\"font-weight: 400;\">Marktforschung hilft Unternehmen, ihre Betriebsabl\u00e4ufe zu rationalisieren und Ressourcen effizienter einzusetzen. Durch das Verst\u00e4ndnis der Marktbedingungen und der Wettbewerbsdynamik k\u00f6nnen Unternehmen kostspielige Fehler vermeiden und sich auf wirkungsvolle Initiativen konzentrieren, die das Wachstum vorantreiben.<\/span><\/p>\n\n\n\n<p><b>Zeitersparnis:<\/b><span style=\"font-weight: 400;\">&nbsp;<\/span><\/p>\n\n\n\n<p><span style=\"font-weight: 400;\">Das Fachwissen und die Ressourcen von SIS International erm\u00f6glichen es Unternehmen, Marktforschung effizienter durchzuf\u00fchren. Unsere umfassenden Analysen und strategischen Empfehlungen sparen Unternehmen Zeit und Aufwand, sodass sie sich auf ihr Kerngesch\u00e4ft und ihre strategischen Initiativen konzentrieren k\u00f6nnen.<\/span><\/p>\n\n\n\n<p><b>Beschleunigtes Wachstum und Innovation:<\/b><span style=\"font-weight: 400;\">&nbsp;<\/span><\/p>\n\n\n\n<p><span style=\"font-weight: 400;\">Durch die Nutzung der Marktforschungsdienste von SIS k\u00f6nnen Unternehmen Markttrends voraus sein und Innovationen vorantreiben. Unsere Erkenntnisse zu neuen M\u00f6glichkeiten und Verbraucherbed\u00fcrfnissen leiten die Entwicklung neuer Produkte und Dienstleistungen, die das Wachstum ankurbeln und die Wettbewerbsf\u00e4higkeit steigern.<\/span><\/p>\n\n\n\n<p><b>Verbesserter ROI:<\/b><span style=\"font-weight: 400;\">&nbsp;<\/span><\/p>\n\n\n\n<p><span style=\"font-weight: 400;\">Unsere Marktforschung in Boston verschafft Unternehmen eine hohe Kapitalrendite, indem sie umsetzbare Erkenntnisse liefert, die strategische Entscheidungen vorantreiben. Unternehmen k\u00f6nnen ihre Marketing-, Produktentwicklungs- und Betriebsstrategien optimieren, um bessere Ergebnisse und eine h\u00f6here Rentabilit\u00e4t zu erzielen.<\/span><\/p>\n\n\n\n<h2 class=\"wp-block-heading\">\u00dcber Marktforschung in Boston<\/h2>\n\n\n\n<p><a href=\"https:\/\/www.sisinternational.com\/de\/\"><span style=\"font-weight: 400;\">SIS International<\/span><\/a> provides full-service solutions in Consumer, B2B, Industrial, Healthcare, and other industries. We offer Focus Groups, Customer Interviews, Ethnography, Surveys, Online Communities, Competitive Analysis, and <a href=\"https:\/\/www.sisinternational.com\/de\/abdeckung\/die-amerikaner\/usa-berichterstattung\/marktforschung-guam\/\" title=\"Marktforschung in Guam\" data-wpil-monitor-id=\"4245\">Marktchancenforschung<\/a>. SIS can help you stay competitive by delivering full insight into the business landscape.<\/p>\n\n\n\n<p><\/p>\n\n\n\n<h2 class=\"wp-block-heading\">&nbsp;<\/h2>","protected":false},"excerpt":{"rendered":"<p>Boston wird aufgrund seines florierenden Technologiesektors und seiner starken Wirtschaft als Weltstadt bezeichnet. <\/p>","protected":false},"author":1,"featured_media":66602,"parent":19303,"menu_order":3,"comment_status":"closed","ping_status":"closed","template":"","meta":{"footnotes":""},"class_list":["post-16467","page","type-page","status-publish","has-post-thumbnail"],"_links":{"self":[{"href":"https:\/\/www.sisinternational.com\/de\/wp-json\/wp\/v2\/pages\/16467","targetHints":{"allow":["GET"]}}],"collection":[{"href":"https:\/\/www.sisinternational.com\/de\/wp-json\/wp\/v2\/pages"}],"about":[{"href":"https:\/\/www.sisinternational.com\/de\/wp-json\/wp\/v2\/types\/page"}],"author":[{"embeddable":true,"href":"https:\/\/www.sisinternational.com\/de\/wp-json\/wp\/v2\/users\/1"}],"replies":[{"embeddable":true,"href":"https:\/\/www.sisinternational.com\/de\/wp-json\/wp\/v2\/comments?post=16467"}],"version-history":[{"count":13,"href":"https:\/\/www.sisinternational.com\/de\/wp-json\/wp\/v2\/pages\/16467\/revisions"}],"predecessor-version":[{"id":78329,"href":"https:\/\/www.sisinternational.com\/de\/wp-json\/wp\/v2\/pages\/16467\/revisions\/78329"}],"up":[{"embeddable":true,"href":"https:\/\/www.sisinternational.com\/de\/wp-json\/wp\/v2\/pages\/19303"}],"wp:featuredmedia":[{"embeddable":true,"href":"https:\/\/www.sisinternational.com\/de\/wp-json\/wp\/v2\/media\/66602"}],"wp:attachment":[{"href":"https:\/\/www.sisinternational.com\/de\/wp-json\/wp\/v2\/media?parent=16467"}],"curies":[{"name":"wp","href":"https:\/\/api.w.org\/{rel}","templated":true}]}}