{"id":16424,"date":"2015-06-11T01:06:49","date_gmt":"2015-06-11T01:06:49","guid":{"rendered":"https:\/\/www.sisinternational.com\/?page_id=16424"},"modified":"2026-01-27T16:44:18","modified_gmt":"2026-01-27T21:44:18","slug":"marktforschungsunternehmen-in-los-angeles","status":"publish","type":"page","link":"https:\/\/www.sisinternational.com\/de\/abdeckung\/north-america\/usa-berichterstattung\/marktforschungsunternehmen-in-los-angeles\/","title":{"rendered":"Marktforschungsunternehmen in Los Angeles"},"content":{"rendered":"<h1 class=\"wp-block-heading\">Marktforschungsunternehmen in Los Angeles<\/h1>\n\n\n\n<figure class=\"gb-block-image gb-block-image-d7ac7180\"><img loading=\"lazy\" decoding=\"async\" width=\"1456\" height=\"816\" class=\"gb-image gb-image-d7ac7180\" src=\"https:\/\/www.sisinternational.com\/wp-content\/uploads\/2025\/09\/Los-Angeles-3.jpg\" srcset=\"https:\/\/www.sisinternational.com\/wp-content\/uploads\/2025\/09\/Los-Angeles-3.jpg 1456w, https:\/\/www.sisinternational.com\/wp-content\/uploads\/2025\/09\/Los-Angeles-3-300x168.jpg 300w, https:\/\/www.sisinternational.com\/wp-content\/uploads\/2025\/09\/Los-Angeles-3-1024x574.jpg 1024w, https:\/\/www.sisinternational.com\/wp-content\/uploads\/2025\/09\/Los-Angeles-3-768x430.jpg 768w, https:\/\/www.sisinternational.com\/wp-content\/uploads\/2025\/09\/Los-Angeles-3-18x10.jpg 18w\" sizes=\"auto, (max-width: 1456px) 100vw, 1456px\" alt=\"SIS International Marktforschung &amp; Strategie\"><\/figure>\n\n\n\n<p><\/p>\n\n\n\n<h3 class=\"wp-block-heading\">Wie kann Ihnen ein erstklassiges Marktforschungsunternehmen aus Los Angeles dabei helfen, den Wettbewerbsvorteil zu erlangen, den Sie f\u00fcr den Erfolg auf einem der dynamischsten M\u00e4rkte der Welt ben\u00f6tigen?<\/h3>\n\n\n\n<p>Unser vielseitiges und hochqualifiziertes Marktforschungsunternehmen in Los Angeles bietet umfassende Dienstleistungen in den Bereichen Gesch\u00e4ftsstrategie, Produktforschung, Produkttests, Verkaufsstrategie, Verbraucherverhalten und ma\u00dfgeschneiderte Beratungsl\u00f6sungen, die unseren Kunden greifbare Ergebnisse liefern. Wir verstehen die Bed\u00fcrfnisse inl\u00e4ndischer und internationaler Kunden und haben eine Affinit\u00e4t daf\u00fcr, prim\u00e4re und sekund\u00e4re Forschungsmethoden f\u00fcr Unternehmen in Los Angeles nutzbar zu machen.<\/p>\n\n\n\n<h2 class=\"wp-block-heading\">Was zeichnet SIS als f\u00fchrendes Marktforschungsunternehmen in Los Angeles aus?<\/h2>\n\n\n\n<p>The value of specialized local knowledge is key in the sprawling urban expanse of Los Angeles, where industries as diverse as entertainment, technology, and manufacturing intersect. SIS International is a best-in-class Los Angeles <a href=\"https:\/\/www.sisinternational.com\/de\/mehrsprachiges-marktforschungsunternehmen\/\" title=\"Mehrsprachiges Marktforschungs- und Strategieforschungsunternehmen\"  data-wpil-monitor-id=\"1958\">market research firm<\/a> that leverages deep regional insights and global experience. Our firm&#8217;s unique approach involves a blend of advanced analytics, bespoke research methodologies, and real-time data collection that are specifically tailored to the nuances of the Los Angeles marketplace.<\/p>\n\n\n\n<p>Erstens setzt SIS International modernste Technologie zur Datenerfassung und -analyse ein, um sicherzustellen, dass unsere Kunden die genauesten und umsetzbarsten Erkenntnisse erhalten. Dazu geh\u00f6rt die Verwendung von KI-gesteuerten Analysen und ausgefeilten Datenvisualisierungstools, die komplexe Datens\u00e4tze zum Leben erwecken. Dar\u00fcber hinaus besteht unser Team aus Experten, die sich durch quantitative und qualitative Forschung auszeichnen und die wirtschaftliche Landschaft und das kulturelle Milieu von Los Angeles genau kennen.<\/p>\n\n\n\n<p>Dar\u00fcber hinaus erm\u00f6glicht uns SIS Internationals Engagement f\u00fcr Innovationen in der Marktforschung in Los Angeles, Markttrends und -ver\u00e4nderungen vorherzusehen, anstatt nur darauf zu reagieren. Dieser proaktive Ansatz erm\u00f6glicht es unseren Kunden, immer einen Schritt voraus zu sein und strategische Entscheidungen zu treffen, die neue Chancen nutzen.<\/p>\n\n\n\n<h2 class=\"wp-block-heading\">Vorteile der Beauftragung eines f\u00fchrenden Marktforschungsunternehmens in Los Angeles wie SIS<\/h2>\n\n\n\n<h4 class=\"wp-block-heading\">Ein Marktforschungsunternehmen in Los Angeles \u00f6ffnet Ihnen die T\u00fcr zum Verst\u00e4ndnis dieses einzigartigen Marktes und bietet Ihnen die Werkzeuge und Erkenntnisse, die Sie brauchen, um erfolgreich zu sein.<\/h4>\n\n\n\n<p>Choosing a top Los Angeles <a href=\"https:\/\/www.sisinternational.com\/de\/sachverstand\/branchen\/designfirma-marktforschung\/\" title=\"Marktforschung f\u00fcr Designfirmen\"  data-wpil-monitor-id=\"5599\">market research firm<\/a> like ours offers many benefits that extend far beyond basic market understanding. Our comprehensive services enable businesses to identify and fully exploit the potential within the Los Angeles market.<\/p>\n\n\n\n<p><strong>Lokale Einblicke f\u00fcr gezielte Strategien<\/strong>:<\/p>\n\n\n\n<ul class=\"wp-block-list\">\n<li>Unser Unternehmen bietet speziell auf die Region Los Angeles abgestimmte Einblicke, die es Unternehmen erm\u00f6glichen, gezielte Strategien zu entwickeln, die die lokale Bev\u00f6lkerungsstruktur ansprechen. Dieser lokalisierte Ansatz ist in einer Stadt, die f\u00fcr ihre vielf\u00e4ltige und sich entwickelnde Verbraucherbasis bekannt ist, von entscheidender Bedeutung.<\/li>\n<\/ul>\n\n\n\n<p><strong>Wettbewerbsvorteile durch Advanced Analytics<\/strong>:<\/p>\n\n\n\n<ul class=\"wp-block-list\">\n<li>SIS International verwendet fortschrittliche Analysetechniken, um Marktdynamik und Verbraucherverhalten zu analysieren. Diese Analysetiefe verschafft den Kunden einen Wettbewerbsvorteil, da sie Ver\u00e4nderungen der Verbraucherpr\u00e4ferenzen und Marktbedingungen schneller vorhersehen k\u00f6nnen als ihre Konkurrenten.<\/li>\n<\/ul>\n\n\n\n<p><strong>Ma\u00dfgeschneiderte L\u00f6sungen f\u00fcr verschiedene Branchen<\/strong>:<\/p>\n\n\n\n<ul class=\"wp-block-list\">\n<li>Ganz gleich, ob Sie in der Unterhaltungsbranche, im Technologiesektor oder in der Fertigung t\u00e4tig sind, unsere Forschung ist auf die spezifischen Herausforderungen und Chancen Ihrer Branche zugeschnitten. Dieser ma\u00dfgeschneiderte Ansatz stellt sicher, dass die Strategien effektiv und f\u00fcr Ihren Gesch\u00e4ftskontext relevant sind.<\/li>\n<\/ul>\n\n\n\n<p><strong>Langfristige Partnerschaft f\u00fcr kontinuierliches Wachstum<\/strong>:<\/p>\n\n\n\n<ul class=\"wp-block-list\">\n<li>Unser Engagement endet nicht mit einem einzelnen Projekt. SIS International glaubt an den Aufbau langfristiger Partnerschaften und die Bereitstellung fortlaufender Analysen und Unterst\u00fctzung, um Unternehmen dabei zu helfen, sich kontinuierlich anzupassen und auf dem Markt in Los Angeles zu wachsen.<\/li>\n<\/ul>\n\n\n\n<h2 class=\"wp-block-heading\">Wer braucht f\u00fcr einen erfolgreichen Markteintritt ein Marktforschungsunternehmen in Los Angeles?<\/h2>\n\n\n\n<p>Der Markteintritt in Los Angeles bringt einzigartige Herausforderungen und Chancen mit sich, die sich je nach Branche erheblich unterscheiden. Ein Marktforschungsunternehmen in Los Angeles wie SIS International ist f\u00fcr jedes Unternehmen von entscheidender Bedeutung, egal ob Startup, mittelst\u00e4ndisches Unternehmen oder Gro\u00dfkonzern, das in diesem komplexen Umfeld erfolgreich agieren m\u00f6chte.<\/p>\n\n\n\n<p><strong>Startups und Neueinsteiger<\/strong>:<\/p>\n\n\n\n<ul class=\"wp-block-list\">\n<li>F\u00fcr Startups ist es von entscheidender Bedeutung, das lokale Verbraucherverhalten, den Wettbewerbsdruck und das regulatorische Umfeld zu verstehen. Wir k\u00f6nnen diese Einblicke bereitstellen, die mit dem Eintritt in einen neuen Markt verbundenen Risiken deutlich reduzieren und dabei helfen, Produktangebote und Marketingstrategien an lokale Geschm\u00e4cker und Vorlieben anzupassen.<\/li>\n<\/ul>\n\n\n\n<p><strong>Mittelst\u00e4ndische Unternehmen wollen expandieren<\/strong>:<\/p>\n\n\n\n<ul class=\"wp-block-list\">\n<li>Mittelst\u00e4ndische Unternehmen k\u00f6nnen von einer detaillierten Marktanalyse profitieren, um Wachstumschancen im Raum Los Angeles zu identifizieren. Ob es um die Erschlie\u00dfung neuer demografischer Segmente oder die Expansion in neue Produktlinien geht, detaillierte Recherchen helfen dabei, sicherzustellen, dass Expansionsbem\u00fchungen zielgerichtet und effektiv sind.<\/li>\n<\/ul>\n\n\n\n<p><strong>Gro\u00dfe Konzerne wollen konsolidieren<\/strong>:<\/p>\n\n\n\n<ul class=\"wp-block-list\">\n<li>Umfassende Marktforschung ist f\u00fcr gro\u00dfe Unternehmen unerl\u00e4sslich, um ihre Pr\u00e4senz zu festigen und ihre Betriebsabl\u00e4ufe zu optimieren. Detaillierte Studien zur Lieferkettenlogistik, Wettbewerbsanalyse und Kundenzufriedenheit k\u00f6nnen diesen Unternehmen helfen, in einem ges\u00e4ttigten Markt einen Wettbewerbsvorteil zu behalten.<\/li>\n<\/ul>\n\n\n\n<p><strong>Internationale Unternehmen pr\u00fcfen Markteintritt in den USA<\/strong>:<\/p>\n\n\n\n<ul class=\"wp-block-list\">\n<li>International companies considering entry into the U.S. <a href=\"https:\/\/www.sisinternational.com\/de\/produktmeinung-kulturelle-einblicke-markteintritt-von-asien-nach-europa\/\" title=\"Markteintrittsforschung f\u00fcr die Automobilindustrie | Fallstudie\"  data-wpil-monitor-id=\"7051\">market through Los Angeles<\/a> will find a market research firm invaluable for understanding cultural nuances and local business practices. This insight is critical for adapting products and services to fit the local market and navigating the complex regulatory landscape.<\/li>\n<\/ul>\n\n\n\n<h2 class=\"wp-block-heading\">Wir verstehen die Wirtschaftsmacht von Los Angeles.<\/h2>\n\n\n\n<p>Der Markt in Los Angeles tendiert in Richtung Analytik, Cloud Computing, Big Data und Mobilit\u00e4t. Auch soziale Netzwerke und Tools f\u00fcr die Zusammenarbeit machen sich bemerkbar. Diese neuen Technologien ver\u00e4ndern den Markt in Los Angeles schnell und beeinflussen die Art und Weise, wie die Einwohner der Stadt arbeiten, sich vernetzen, taktische Erkenntnisse sammeln und Entscheidungen treffen.<\/p>\n\n\n\n<p>Dar\u00fcber hinaus ver\u00e4ndert und erweitert die Globalisierung die Marktaussichten der neu zusammenwachsenden Medienbranche, w\u00e4hrend die Digitalisierung die Art und Weise ver\u00e4ndert, wie Inhalte \u2013 Informationen, Nachrichten und aufgezeichnete Inhalte \u2013 produziert und verbreitet werden, und ehemals divergierende Bereiche der Medien- und Unterhaltungsbranche zu einem einzigen Medium zusammenwachsen.<\/p>\n\n\n\n<h4 class=\"wp-block-heading\">Kann die Partnerschaft mit einem erfahrenen Marktforschungsunternehmen aus Los Angeles der Schl\u00fcssel zur Erschlie\u00dfung potenzieller Gesch\u00e4ftsm\u00f6glichkeiten und zur Bew\u00e4ltigung der Komplexit\u00e4t dieses pulsierenden Wirtschaftszentrums sein?<\/h4>\n\n\n\n<p>Absolutely! Partnering with a seasoned Los Angeles market <a href=\"https:\/\/www.sisinternational.com\/de\/sachverstand\/branchen\/extreme-persona-forschung\/\" title=\"Extreme Persona-Forschung\"  data-wpil-monitor-id=\"3378\">research firm can be extremely<\/a> helpful for businesses aiming to unlock potential opportunities and navigate the complexities of this energetic economic hub.<\/p>\n\n\n\n<p>Durch die Zusammenarbeit mit einem auf Marktforschung in Los Angeles spezialisierten Unternehmen k\u00f6nnen Unternehmen von ma\u00dfgeschneiderten Datenanalysen, Wettbewerbsinformationen und Verbrauchererkenntnissen profitieren, die speziell auf den regionalen Kontext zugeschnitten sind.<\/p>\n\n\n\n<h2 class=\"wp-block-heading\">Marktforschungsmethoden<\/h2>\n\n\n\n<h4 class=\"wp-block-heading\">In der gesch\u00e4ftigen Wirtschaftslandschaft von Los Angeles z\u00e4hlt jede strategische Gesch\u00e4ftsentscheidung. Die Zusammenarbeit mit einem f\u00fchrenden Marktforschungsunternehmen in Los Angeles bietet mehr als nur Daten; es liefert einen Fahrplan zur Navigation durch die Komplexit\u00e4t des Marktes.<\/h4>\n\n\n\n<ul class=\"wp-block-list\">\n<li>Online-Fokusgruppen<\/li>\n\n\n\n<li>Video-Interviews<\/li>\n\n\n\n<li>Tele-Tiefeninterviews<\/li>\n\n\n\n<li>Umfragen<\/li>\n\n\n\n<li>Schnittpunkte<\/li>\n\n\n\n<li>Pers\u00f6nliche Interviews<\/li>\n<\/ul>\n\n\n\n<h2 class=\"wp-block-heading\">Von uns betreute Gebiete in Los Angeles<\/h2>\n\n\n\n<p>Die Reichweite und Expertise von SIS International erstreckt sich auf den gesamten Gro\u00dfraum Los Angeles. So k\u00f6nnen wir sicherstellen, dass wir Sie abdecken, egal wo Ihr Unternehmen angesiedelt ist oder in der Region expandieren m\u00f6chte. Unser Marktforschungsunternehmen in Los Angeles ist strategisch positioniert, um eine breite Palette von Branchen in allen wichtigen Stadtteilen und Bezirken zu bedienen und umfassende Einblicke zu bieten, die auf die spezifischen Bed\u00fcrfnisse jedes Gebiets zugeschnitten sind.<\/p>\n\n\n\n<p><strong>Innenstadt von Los Angeles<\/strong>: Im Herzen der Stadt helfen unsere Dienstleistungen Unternehmen dabei, die aufstrebenden M\u00e4rkte zu erschlie\u00dfen, die von Hochfinanz, Technologie-Startups und der Kreativwirtschaft beeinflusst werden. Wir bieten Einblicke in Verbrauchertrends und Gesch\u00e4ftsdynamiken, die die Zukunft der Innenstadt von LA pr\u00e4gen.<\/p>\n\n\n\n<p><strong>Strand von Silicon<\/strong>: Silicon Beach is a critical area for tech-focused businesses. Our firm provides targeted <a href=\"https:\/\/www.sisinternational.com\/de\/sachverstand\/branchen\/botanik-marktforschung\/\" title=\"Botanik-Marktforschung\"  data-wpil-monitor-id=\"4259\">research that helps tech companies understand market<\/a> entry strategies, competitive landscape, and consumer technology adoption rates.<\/p>\n\n\n\n<p><strong>Hollywood und Unterhaltungsviertel<\/strong>: Als globales Entertainment-Zentrum erfordert dieser Bereich einen einzigartigen Ansatz f\u00fcr die Marktforschung. Unsere Expertise hilft Unterhaltungs- und Medienunternehmen dabei, die Vorlieben des Publikums, Produkteinf\u00fchrungen und Werbestrategien zu steuern.<\/p>\n\n\n\n<p><strong>San Fernando-Tal<\/strong>: Das Valley ist f\u00fcr seinen Industrie- und Fertigungssektor bekannt und profitiert von unseren Marktanalysen zu Produktionstrends, Lieferkettenlogistik und lokalen Verbraucherm\u00e4rkten.<\/p>\n\n\n\n<p><strong>Westseite<\/strong>: The affluent neighborhoods of the Westside are ideal for <a href=\"https:\/\/www.sisinternational.com\/de\/rabatte-bei-super-luxus-einzelhandlern\/\" title=\"Rabatte bei Luxush\u00e4ndlern\"  data-wpil-monitor-id=\"7536\">luxury brands and high-end retail<\/a>. Our research assists businesses in understanding the purchasing patterns, lifestyle preferences, and demographic shifts that influence market opportunities in these areas.<\/p>\n\n\n\n<p><strong>S\u00fcd-LA und Gateway Cities<\/strong>: South LA und die Gateway Cities bieten einzigartige M\u00f6glichkeiten f\u00fcr Unternehmen, die sich auf vielf\u00e4ltigere und aufstrebende M\u00e4rkte konzentrieren. Unsere Forschung konzentriert sich auf demografische Trends, wirtschaftliche Entwicklung und Einblicke in die Gemeinschaft, die f\u00fcr Unternehmen, die einen positiven Einfluss aus\u00fcben m\u00f6chten, von entscheidender Bedeutung sind.<\/p>\n\n\n\n<p>Indem wir jeden Winkel von Los Angeles abdecken, stellt SIS International sicher, dass unsere Marktforschungsdienste Ihnen, wo auch immer Sie sind oder sein m\u00f6chten, die Einblicke und Beratung bieten, die Sie brauchen, um in dieser dynamischen Stadt erfolgreich zu sein.<\/p>\n\n\n\n<h2 class=\"wp-block-heading\">\u00dcber Marktforschung in Los Angeles<\/h2>\n\n\n\n<p><a href=\"https:\/\/www.linkedin.com\/company\/sisinternationalresearch\/\" target=\"_blank\" rel=\"noopener\"><span style=\"font-weight: 400;\">SIS International<\/span><\/a>, ein Marktforschungsunternehmen aus Los Angeles, bietet Full-Service-L\u00f6sungen f\u00fcr die Bereiche Verbraucher, B2B, Industrie, Gesundheitswesen und andere Branchen. Durch die Bereitstellung umfassender Einblicke in die gesamte Gesch\u00e4ftslandschaft, <a href=\"https:\/\/www.sisinternational.com\/de\/uber-sis-international-research\/contact-sis-international-market-research\/\">SIS<\/a> kann Ihnen helfen, wettbewerbsf\u00e4hig zu bleiben.<\/p>\n\n\n\n<h2 class=\"wp-block-heading\">&nbsp;<\/h2>","protected":false},"excerpt":{"rendered":"<p>SIS International, ein Marktforschungsunternehmen mit Sitz in Los Angeles, bietet Komplettl\u00f6sungen f\u00fcr die Verbraucherbranche, den B2B-Bereich, die Industrie, das Gesundheitswesen und die Automobilindustrie.<\/p>","protected":false},"author":1,"featured_media":66625,"parent":19303,"menu_order":2,"comment_status":"closed","ping_status":"closed","template":"","meta":{"footnotes":""},"class_list":["post-16424","page","type-page","status-publish","has-post-thumbnail"],"_links":{"self":[{"href":"https:\/\/www.sisinternational.com\/de\/wp-json\/wp\/v2\/pages\/16424","targetHints":{"allow":["GET"]}}],"collection":[{"href":"https:\/\/www.sisinternational.com\/de\/wp-json\/wp\/v2\/pages"}],"about":[{"href":"https:\/\/www.sisinternational.com\/de\/wp-json\/wp\/v2\/types\/page"}],"author":[{"embeddable":true,"href":"https:\/\/www.sisinternational.com\/de\/wp-json\/wp\/v2\/users\/1"}],"replies":[{"embeddable":true,"href":"https:\/\/www.sisinternational.com\/de\/wp-json\/wp\/v2\/comments?post=16424"}],"version-history":[{"count":11,"href":"https:\/\/www.sisinternational.com\/de\/wp-json\/wp\/v2\/pages\/16424\/revisions"}],"predecessor-version":[{"id":81162,"href":"https:\/\/www.sisinternational.com\/de\/wp-json\/wp\/v2\/pages\/16424\/revisions\/81162"}],"up":[{"embeddable":true,"href":"https:\/\/www.sisinternational.com\/de\/wp-json\/wp\/v2\/pages\/19303"}],"wp:featuredmedia":[{"embeddable":true,"href":"https:\/\/www.sisinternational.com\/de\/wp-json\/wp\/v2\/media\/66625"}],"wp:attachment":[{"href":"https:\/\/www.sisinternational.com\/de\/wp-json\/wp\/v2\/media?parent=16424"}],"curies":[{"name":"wp","href":"https:\/\/api.w.org\/{rel}","templated":true}]}}