{"id":16318,"date":"2015-06-09T17:08:56","date_gmt":"2015-06-09T17:08:56","guid":{"rendered":"https:\/\/www.sisinternational.com\/?page_id=16318"},"modified":"2025-09-08T12:40:04","modified_gmt":"2025-09-08T16:40:04","slug":"fokusgruppen-marktforschung","status":"publish","type":"page","link":"https:\/\/www.sisinternational.com\/de\/losungen\/fokusgruppen-marktforschung\/","title":{"rendered":"Fokusgruppe Marktforschung"},"content":{"rendered":"<p><\/p>\n\n\n\n<h1 class=\"gb-headline gb-headline-c69d8229 gb-headline-text\">                              Fokusgruppe Marktforschung<\/h1>\n\n\n\n<p><\/p>\n\n\n<div class=\"gb-container gb-container-2a916115\">\n\n<figure class=\"gb-block-image gb-block-image-508fcfd7\"><img loading=\"lazy\" decoding=\"async\" width=\"1456\" height=\"816\" class=\"gb-image gb-image-508fcfd7\" src=\"https:\/\/www.sisinternational.com\/wp-content\/uploads\/2025\/08\/Focus-group-meeting-8.jpg\" alt=\"SIS International Marktforschung &amp; Strategie\" title=\"Focus group &amp; meeting (8)\" srcset=\"https:\/\/www.sisinternational.com\/wp-content\/uploads\/2025\/08\/Focus-group-meeting-8.jpg 1456w, https:\/\/www.sisinternational.com\/wp-content\/uploads\/2025\/08\/Focus-group-meeting-8-300x168.jpg 300w, https:\/\/www.sisinternational.com\/wp-content\/uploads\/2025\/08\/Focus-group-meeting-8-1024x574.jpg 1024w, https:\/\/www.sisinternational.com\/wp-content\/uploads\/2025\/08\/Focus-group-meeting-8-768x430.jpg 768w, https:\/\/www.sisinternational.com\/wp-content\/uploads\/2025\/08\/Focus-group-meeting-8-18x10.jpg 18w\" sizes=\"auto, (max-width: 1456px) 100vw, 1456px\"><\/figure>\n\n\n\n<hr class=\"wp-block-separator has-alpha-channel-opacity is-style-dots\"\/>\n\n\n\n<p>Fokusgruppen-Marktforschung und ausf\u00fchrliche Interviews sind einer der wichtigsten Aspekte von&nbsp;<a href=\"https:\/\/smallbusiness.chron.com\/focus-group-research-method-17464.html\" target=\"_blank\" rel=\"noreferrer noopener\">erfolgreiche qualitative Marktforschung<\/a>. Die Sichtung potenzieller Kandidaten und die Auswahl der Zielgruppe f\u00fcr die Teilnahme sind Schl\u00fcsselkomponenten, die die Qualit\u00e4t des Interviews und damit letztlich auch der gesamten Untersuchung vorhersagen k\u00f6nnen.<\/p>\n\n\n\n<p>The question remains: how and where do you find the right target people? What makes a good respondent? Aside from passing a screening questionnaire, what else demonstrates a genuine respondent? Recruiting potential candidates for studies can be more art than a science.<\/p>\n\n\n\n<h1 class=\"gb-headline gb-headline-a428afc0 gb-headline-text\"><strong>Wen wir f\u00fcr die Fokusgruppen-Marktforschung rekrutieren<\/strong><\/h1>\n\n\n\n<p>We recruit for Focus Groups, Online Communities, In-Depth Interviews, Dyads, Triads, <a href=\"https:\/\/www.sisinternational.com\/de\/losungen\/qualitative-quantitative-forschungslosungen\/zentrale-standorttests-vs-fokusgruppen\/\" title=\"Zentrale Standorttests vs. Fokusgruppen\" data-wpil-monitor-id=\"11009\">Zentrale Standorttests<\/a>, Car Clinics, Product Tests, and some Quantitative research projects.<\/p>\n\n\n\n<p>For each study, we are given a profile of the person we are looking for, in addition to a screening questionnaire.<\/p>\n\n\n\n<p>Vorausgesetzt, die Kandidatin passt zum Profil und beantwortet alle Fragen richtig, sollte sie theoretisch perfekt passen. In vielen F\u00e4llen kann eine solche Strategie gut funktionieren. Es gibt jedoch viele F\u00e4lle, in denen das blo\u00dfe Ausf\u00fcllen eines Screening-Fragebogens nicht ausreicht, um sicherzustellen, dass die Kandidatin geeignet ist. Was kann also sonst noch getan werden?<\/p>\n\n\n\n<p>Um die Qualit\u00e4t der Kandidaten sicherzustellen, kommt es oft darauf an, zwischen den Zeilen zu lesen, und es bedarf Kommunikationsf\u00e4higkeiten.<\/p>\n\n\n\n<h2 class=\"gb-headline gb-headline-8946c37c gb-headline-text\"><strong><strong>Rekrutierungsprozesse f\u00fcr SIS-Fokusgruppen<\/strong><\/strong><\/h2>\n\n\n\n<p>We can use many innovative methods to recruit for our studies, and we tailor our methods to meet each client\u2019s individual needs. We have a custom internal database that we update frequently. People on the database are screened in-depth. One benefit of this is that we can identify potential candidates, then put them through additional screening and evaluate their qualifications for each study.<\/p>\n\n\n\n<p>Other forms of database sampling can include traditional samples as well as other methods such as street intercepts, social media, or custom recruitment outreach. We also have a variety of online social media solutions that can provide high-quality recruits. We then screen those people in-depth several times to ensure they are indeed genuine matches.<\/p>\n\n\n\n<p>To ensure quality, we assign expert <a href=\"https:\/\/www.sisinternational.com\/de\/veroffentlichungen\/frauen-der-70er-und-80er-jahre-stiegen-in-die-fuhrungsebene-auf\/\" title=\"Wie Frauen in den 70er und 80er Jahren in die oberen F\u00fchrungsetagen aufstiegen\" data-wpil-monitor-id=\"11010\">senior<\/a> fieldwork managers to manage the recruitment process at all times. We often screen recruits several times over a period of time to ensure that they are the right candidates. We have strict policies and oversight concerning our on-site staff. The results from recruitment are centralized on-site so that we can schedule and confirm according to quotas our clients need us to fill.<\/p>\n\n\n\n<h3 class=\"gb-headline gb-headline-47756c1f gb-headline-text\"><strong><strong><strong>Globale Marktabdeckung f\u00fcr Au\u00dfendienstdienstleistungen<\/strong><\/strong><\/strong><\/h3>\n\n\n\n<figure class=\"gb-block-image gb-block-image-f7fd4a33\"><img loading=\"lazy\" decoding=\"async\" width=\"1456\" height=\"816\" class=\"gb-image gb-image-f7fd4a33\" src=\"https:\/\/www.sisinternational.com\/wp-content\/uploads\/2025\/08\/Focus-group-meeting-6.jpg\" alt=\"SIS International Marktforschung &amp; Strategie\" title=\"Focus group &amp; meeting (6)\" srcset=\"https:\/\/www.sisinternational.com\/wp-content\/uploads\/2025\/08\/Focus-group-meeting-6.jpg 1456w, https:\/\/www.sisinternational.com\/wp-content\/uploads\/2025\/08\/Focus-group-meeting-6-300x168.jpg 300w, https:\/\/www.sisinternational.com\/wp-content\/uploads\/2025\/08\/Focus-group-meeting-6-1024x574.jpg 1024w, https:\/\/www.sisinternational.com\/wp-content\/uploads\/2025\/08\/Focus-group-meeting-6-768x430.jpg 768w, https:\/\/www.sisinternational.com\/wp-content\/uploads\/2025\/08\/Focus-group-meeting-6-18x10.jpg 18w\" sizes=\"auto, (max-width: 1456px) 100vw, 1456px\"><\/figure>\n\n\n\n<p><\/p>\n\n\n\n<p><strong>Zu den wichtigsten M\u00e4rkten f\u00fcr die Rekrutierung von Fokusgruppen geh\u00f6ren die folgenden St\u00e4dte:<\/strong><\/p>\n\n\n<div class=\"gb-container gb-container-f1fa9d7a\">\n<div class=\"gb-container gb-container-867bfa70\">\n\n<ul class=\"wp-block-list\">\n<li>Amsterdam<\/li>\n\n\n\n<li>Athen<\/li>\n\n\n\n<li>Auckland<\/li>\n\n\n\n<li>Bangkok<\/li>\n\n\n\n<li>Barcelona<\/li>\n\n\n\n<li>Peking<\/li>\n\n\n\n<li>Berlin<\/li>\n\n\n\n<li>Bogot\u00e1<\/li>\n\n\n\n<li>Bratislava<\/li>\n\n\n\n<li>Br\u00fcssel<\/li>\n\n\n\n<li>Bukarest<\/li>\n\n\n\n<li>Budapest<\/li>\n\n\n\n<li>Buenos Aires<\/li>\n\n\n\n<li>Kairo<\/li>\n\n\n\n<li>Caracas<\/li>\n\n\n\n<li>Chicago<\/li>\n\n\n\n<li>Kopenhagen<\/li>\n\n\n\n<li>Delhi<\/li>\n\n\n\n<li>Doha<\/li>\n\n\n\n<li>Dubai<\/li>\n\n\n\n<li>Dublin<\/li>\n\n\n\n<li>Frankfurt<\/li>\n\n\n\n<li>Genf<\/li>\n\n\n\n<li>Helsinki<\/li>\n<\/ul>\n\n<\/div>\n\n<div class=\"gb-container gb-container-a4dc722a\">\n\n<ul class=\"wp-block-list\">\n<li>Hongkong<\/li>\n\n\n\n<li>Hangzhou<\/li>\n\n\n\n<li>Istanbul<\/li>\n\n\n\n<li>Jakarta<\/li>\n\n\n\n<li>Johannesburg<\/li>\n\n\n\n<li>Kiew<\/li>\n\n\n\n<li>Kuala Lumpur: Tagesausflug nach Kuala Lumpur<\/li>\n\n\n\n<li>Lima<\/li>\n\n\n\n<li>Lissabon<\/li>\n\n\n\n<li>Ljubljana<\/li>\n\n\n\n<li>London<\/li>\n\n\n\n<li>London<\/li>\n\n\n\n<li>Los Angeles<\/li>\n\n\n\n<li>Madrid<\/li>\n\n\n\n<li>Manila<\/li>\n\n\n\n<li>Mexiko Stadt<\/li>\n\n\n\n<li>Miami<\/li>\n\n\n\n<li>Mailand<\/li>\n\n\n\n<li>Montreal<\/li>\n\n\n\n<li>Moskau<\/li>\n\n\n\n<li>Mumbai<\/li>\n\n\n\n<li>M\u00fcnchen<\/li>\n\n\n\n<li>New York Stadt<\/li>\n<\/ul>\n\n<\/div>\n\n<div class=\"gb-container gb-container-bb623013\">\n\n<ul class=\"wp-block-list\">\n<li>Nikosia<\/li>\n\n\n\n<li>Oslo<\/li>\n\n\n\n<li>Paris<\/li>\n\n\n\n<li>Prag<\/li>\n\n\n\n<li>Riga<\/li>\n\n\n\n<li><a href=\"https:\/\/www.sisinternational.com\/de\/abdeckung\/die-amerikaner\/marktforschung-in-lateinamerika-2\/marktforschung-rio-de-janeiro\/\" title=\"Marktforschung in Rio de Janeiro\" data-wpil-monitor-id=\"11011\">Rio de Janeiro<\/a><\/li>\n\n\n\n<li>Rom<\/li>\n\n\n\n<li>Santiago<\/li>\n\n\n\n<li>S\u00e3o Paulo<\/li>\n\n\n\n<li>Seoul<\/li>\n\n\n\n<li>Schanghai<\/li>\n\n\n\n<li>Sofia<\/li>\n\n\n\n<li>Stockholm<\/li>\n\n\n\n<li>Sydney<\/li>\n\n\n\n<li>Taipeh<\/li>\n\n\n\n<li>Die Stadt Tallinn<\/li>\n\n\n\n<li>Tel Aviv<\/li>\n\n\n\n<li>Tokio<\/li>\n\n\n\n<li>Toronto<\/li>\n\n\n\n<li>Wien<\/li>\n\n\n\n<li>Wilna<\/li>\n\n\n\n<li>Warschau<\/li>\n\n\n\n<li>Z\u00fcrich<\/li>\n<\/ul>\n\n<\/div>\n<\/div>\n\n\n<h2 class=\"wp-block-heading\">Hervorgehobene Spezialgebiete der Fokusgruppen-Marktforschung<\/h2>\n\n\n<div class=\"gb-container gb-container-0c51f13f\">\n<div class=\"gb-container gb-container-7d4c8f78\">\n\n<ul class=\"wp-block-list\">\n<li>C-Ebene<\/li>\n\n\n\n<li>Betreuer<\/li>\n\n\n\n<li>Verbraucher<\/li>\n\n\n\n<li>Entscheidungstr\u00e4ger<\/li>\n\n\n\n<li>Government&nbsp;officials<\/li>\n\n\n\n<li>Hospital&nbsp;Administrators<\/li>\n\n\n\n<li>Influencer<\/li>\n<\/ul>\n\n<\/div>\n\n<div class=\"gb-container gb-container-5ce24537\">\n\n<ul class=\"wp-block-list\">\n<li>Innovatoren<\/li>\n\n\n\n<li>Absichtserkl\u00e4rungen<\/li>\n\n\n\n<li>Investoren<\/li>\n\n\n\n<li>Nichtregierungsorganisationen<\/li>\n\n\n\n<li>Patienten<\/li>\n\n\n\n<li>Prosumenten<\/li>\n<\/ul>\n\n<\/div>\n<\/div>\n<\/div>\n\n<h2>Unser Standort in New York<\/h2>\n<p><!-- \/wp:post-content --> <!-- wp:html --> <iframe loading=\"lazy\" src=\"https:\/\/www.google.com\/maps\/embed?pb=!1m18!1m12!1m3!1d3022.976188376966!2d-73.99130312499956!3d40.740549471389315!2m3!1f0!2f0!3f0!3m2!1i1024!2i768!4f13.1!3m3!1m2!1s0x89c259a15798c731%3A0xd695d09bdd495f25!2s11%20E%2022nd%20St%20FL%202%2C%20New%20York%2C%20NY%2010010%2C%20USA!5e0!3m2!1sen!2spe!4v1726171763526!5m2!1sen!2spe\" width=\"600\" height=\"450\" allowfullscreen=\"allowfullscreen\" data-mce-fragment=\"1\"><\/iframe> <!-- \/wp:html --> <!-- wp:paragraph --><\/p>\n<h3 class=\"wp-block-heading\">11 E 22nd Street, Floor 2, New York, NY 10010 T: +1(212) 505-6805<\/h3>\n<hr \/>\n<h2><span style=\"font-weight: 400;\">\u00dcber SIS International<\/span><\/h2>\n<p><a href=\"https:\/\/www.sisinternational.com\/de\/\"><span style=\"font-weight: 400;\">SIS International<\/span><\/a><span style=\"font-weight: 400;\"> offers Quantitative, Qualitative, and Strategy Research. We provide data, tools, strategies, reports, and insights for decision-making. We also conduct interviews, surveys, focus groups, and other <a href=\"https:\/\/www.sisinternational.com\/de\/quantitative-market-research-methods-and-techniques\/\" title=\"Quantitative Market Research Methods and Techniques\" data-wpil-monitor-id=\"11008\">Market Research methods<\/a> and approaches.<\/span><a href=\"https:\/\/www.sisinternational.com\/de\/uber-sis-international-research\/contact-sis-international-market-research\/\"><span style=\"font-weight: 400;\"> Kontakt<\/span><\/a><span style=\"font-weight: 400;\"> f\u00fcr Ihr n\u00e4chstes Marktforschungsprojekt.<\/span><\/p>\n<\/p>","protected":false},"excerpt":{"rendered":"<p>Wir bieten die Rekrutierung von Befragten f\u00fcr Fokusgruppen, Tiefeninterviews und qualitative Online-Forschung.<\/p>","protected":false},"author":1,"featured_media":62670,"parent":14457,"menu_order":9,"comment_status":"closed","ping_status":"open","template":"","meta":{"footnotes":""},"class_list":["post-16318","page","type-page","status-publish","has-post-thumbnail"],"_links":{"self":[{"href":"https:\/\/www.sisinternational.com\/de\/wp-json\/wp\/v2\/pages\/16318","targetHints":{"allow":["GET"]}}],"collection":[{"href":"https:\/\/www.sisinternational.com\/de\/wp-json\/wp\/v2\/pages"}],"about":[{"href":"https:\/\/www.sisinternational.com\/de\/wp-json\/wp\/v2\/types\/page"}],"author":[{"embeddable":true,"href":"https:\/\/www.sisinternational.com\/de\/wp-json\/wp\/v2\/users\/1"}],"replies":[{"embeddable":true,"href":"https:\/\/www.sisinternational.com\/de\/wp-json\/wp\/v2\/comments?post=16318"}],"version-history":[{"count":18,"href":"https:\/\/www.sisinternational.com\/de\/wp-json\/wp\/v2\/pages\/16318\/revisions"}],"predecessor-version":[{"id":81802,"href":"https:\/\/www.sisinternational.com\/de\/wp-json\/wp\/v2\/pages\/16318\/revisions\/81802"}],"up":[{"embeddable":true,"href":"https:\/\/www.sisinternational.com\/de\/wp-json\/wp\/v2\/pages\/14457"}],"wp:featuredmedia":[{"embeddable":true,"href":"https:\/\/www.sisinternational.com\/de\/wp-json\/wp\/v2\/media\/62670"}],"wp:attachment":[{"href":"https:\/\/www.sisinternational.com\/de\/wp-json\/wp\/v2\/media?parent=16318"}],"curies":[{"name":"wp","href":"https:\/\/api.w.org\/{rel}","templated":true}]}}