{"id":16214,"date":"2015-06-09T17:34:01","date_gmt":"2015-06-09T17:34:01","guid":{"rendered":"https:\/\/www.sisinternational.com\/?page_id=16214"},"modified":"2026-01-25T19:21:40","modified_gmt":"2026-01-26T00:21:40","slug":"new-yorker-marktforschungsunternehmen","status":"publish","type":"page","link":"https:\/\/www.sisinternational.com\/de\/abdeckung\/north-america\/usa-berichterstattung\/new-yorker-marktforschungsunternehmen\/","title":{"rendered":"Marktforschungsunternehmen in New York"},"content":{"rendered":"<h1 class=\"wp-block-heading\">Marktforschungsunternehmen in New York<\/h1>\n\n\n\n<figure class=\"gb-block-image gb-block-image-a5a21941\"><img loading=\"lazy\" decoding=\"async\" width=\"1456\" height=\"816\" class=\"gb-image gb-image-a5a21941\" src=\"https:\/\/www.sisinternational.com\/wp-content\/uploads\/2025\/08\/NY-2-3.jpg\" srcset=\"https:\/\/www.sisinternational.com\/wp-content\/uploads\/2025\/08\/NY-2-3.jpg 1456w, https:\/\/www.sisinternational.com\/wp-content\/uploads\/2025\/08\/NY-2-3-300x168.jpg 300w, https:\/\/www.sisinternational.com\/wp-content\/uploads\/2025\/08\/NY-2-3-1024x574.jpg 1024w, https:\/\/www.sisinternational.com\/wp-content\/uploads\/2025\/08\/NY-2-3-768x430.jpg 768w, https:\/\/www.sisinternational.com\/wp-content\/uploads\/2025\/08\/NY-2-3-18x10.jpg 18w\" sizes=\"auto, (max-width: 1456px) 100vw, 1456px\" alt=\"SIS International Marktforschung &amp; Strategie\"><\/figure>\n\n\n\n<p><\/p>\n\n\n\n<h2 class=\"wp-block-heading\">SIS International Research ist ein f\u00fchrendes Marktforschungsunternehmen mit Sitz in New York City, das im Gro\u00dfraum New York umfassende qualitative Feldarbeit, quantitative Datenerhebung und strategische Forschungsdienste anbietet.<\/h2>\n\n\n\n<p>Wir sind spezialisiert auf Verbraucher-, B2B-, Medizin-, Automobil-, Niedriginzidenz- und strategische Forschung. Unser L\u00f6sungsangebot f\u00fcr Marktforschung und Strategieintelligenz ist umfangreich und wir passen jedes Projekt individuell an die individuellen Bed\u00fcrfnisse eines bestimmten Kunden an.<\/p>\n\n\n\n<h2 class=\"wp-block-heading\">Was macht uns zu einem f\u00fchrenden Marktforschungsunternehmen in New York?<\/h2>\n\n\n\n<h4 class=\"wp-block-heading\"><span style=\"font-size: inherit; background-color: var(--base-3); color: var(--contrast-2);\">\u2026 Es ist entscheidend, den komplexen, sich st\u00e4ndig weiterentwickelnden New Yorker Markt zu verstehen \u2013 und das richtige Marktforschungsunternehmen in New York kann Ihr Tor zu diesem Wissen sein.<\/span><\/h4>\n\n\n\n<p><span style=\"font-size: inherit; background-color: var(--base-3); color: var(--contrast-2);\">The sheer diversity of NYC&#8217;s population means that consumer behaviors vary dramatically between neighborhoods\u2014even between streets. A local <a href=\"https:\/\/www.sisinternational.com\/de\/mehrsprachiges-marktforschungsunternehmen\/\" title=\"Mehrsprachiges Marktforschungs- und Strategieforschungsunternehmen\"  data-wpil-monitor-id=\"1962\">market research firm<\/a> has the granular knowledge required to dissect these variations, ensuring that businesses can tailor their offerings to meet the specific needs of their target audience. This level of customization is crucial for capturing and retaining customer interest in a market as saturated as New York City.<\/span><\/p>\n\n\n\n<p>Moreover, the regulatory and economic landscape in NYC is constantly evolving. Businesses must stay ahead of changes in laws, economic shifts, and even sociopolitical trends that can impact their operations. An NYC <a href=\"https:\/\/www.sisinternational.com\/de\/sachverstand\/branchen\/designfirma-marktforschung\/\" title=\"Marktforschung f\u00fcr Designfirmen\"  data-wpil-monitor-id=\"5601\">market research firm<\/a> like ours helps you stay abreast of these developments, providing clients with timely, relevant data that supports proactive decision-making.<\/p>\n\n\n\n<h2 class=\"wp-block-heading\">Marktforschungsrekrutierung in NYC<\/h2>\n\n\n\n<h4 class=\"wp-block-heading\">Durch die Partnerschaft mit einem f\u00fchrenden New Yorker Marktforschungsunternehmen wird sichergestellt, dass jede Gesch\u00e4ftsentscheidung durch solide, genaue Daten und ma\u00dfgeschneiderte Erkenntnisse untermauert wird, was einen gr\u00f6\u00dferen Wettbewerbsvorteil erm\u00f6glicht.<\/h4>\n\n\n\n<p class=\"p1\"><span class=\"s1\">SIS hat Zugriff auf einen riesigen Kundenstamm aus Verbrauchern und Unternehmensleitern sowie auf bestens ausgebildete und qualifizierte Mitarbeiter, die sich auf den globalen M\u00e4rkten auskennen. So verbindet SIS eine Leidenschaft f\u00fcr die Forschung mit einem beeindruckenden Lebenslauf qualitativer und quantitativer Projekte, um unseren Kunden strategische Gesch\u00e4ftsl\u00f6sungen zu bieten. <\/span><\/p>\n\n\n\n<p class=\"p1\"><span class=\"s1\">Unser Hauptb\u00fcro ist mit den neuesten Technologien und Forschungsmethoden ausgestattet. Wir f\u00fchren ausf\u00fchrliche Fokusgruppen und Interviews durch \u2013 auch mit F\u00fchrungskr\u00e4ften der obersten F\u00fchrungsebene \u2013, moderieren pers\u00f6nliche und Online-Diskussionsgruppen und Umfragen, f\u00fchren Telefonscreenings und Interviews durch und f\u00fchren eine Vielzahl von Projektaufgaben vor Ort durch. <\/span><\/p>\n\n\n\n<h2 class=\"wp-block-heading\">Ein Top-Marktforschungsunternehmen im Herzen von New York: Einrichtungen f\u00fcr Fokusgruppen<\/h2>\n\n\n\n<h4 class=\"wp-block-heading\">Zu unseren Einrichtungen geh\u00f6ren Full-Service-Fokusgruppen und Testeinrichtungen im Flatiron District von Manhattan.<\/h4>\n\n\n\n<p class=\"p1\"><span class=\"s1\">Wir bieten an <a href=\"https:\/\/www.sisinternational.com\/de\/losungen\/schwerpunktgruppen\/einrichtungen-fur-fokusgruppen-in-nyc\/\">moderne Einrichtungen f\u00fcr Fokusgruppen<\/a> die mit Videokonferenz-, Audio- und Videofunktionen, einem Einwegspiegel und einer Kapazit\u00e4t von 10 Teilnehmern pro Raum ausgestattet sind. Zu unseren Rekrutierungsmitarbeitern und Moderatoren geh\u00f6ren erfahrene und zweisprachige Mitarbeiter.<\/span><\/p>\n\n\n\n<p class=\"p1\"><span class=\"s1\">Unsere hochmodernen Einrichtungen erm\u00f6glichen es unseren Kunden und Forschungsteams, diese Fokusgruppen in unseren hauseigenen Konferenzr\u00e4umen durchzuf\u00fchren. Video- und Audioaufzeichnungen sowie die \u00dcberwachung erfolgen \u00fcber Einwegspiegel und Beobachtungsr\u00e4ume. Dar\u00fcber hinaus kann unser mehrsprachiges Personal bei Transkriptionen, Interviews und Rekrutierungen in mehreren internationalen Sprachen behilflich sein.<\/span><\/p>\n\n\n\n<h2 class=\"wp-block-heading\">NYC-Projektmanagementteam und Moderatoren<\/h2>\n\n\n\n<h4 class=\"wp-block-heading\">Ein erfahrenes Marktforschungsunternehmen aus New York stattet Unternehmen mit den Erkenntnissen aus, die sie ben\u00f6tigen, um in einem der wettbewerbsintensivsten Umfelder der Welt erfolgreich zu sein.<\/h4>\n\n\n\n<p>SIS International Research verf\u00fcgt \u00fcber umfangreiche Erfahrung in den Bereichen Projektmanagement, Business-to-Business-Strategie und Beratung. Das Unternehmen arbeitet eng mit seinen Kunden zusammen, um Projekte an ihre individuellen Bed\u00fcrfnisse anzupassen.<\/p>\n\n\n\n<p>Wir wenden qualitative und quantitative Forschungsmethoden an, f\u00fchren Vor-Ort-Untersuchungen durch und erstellen hochwertige Berichte, die unseren Kunden helfen, die Trends und das Verbraucherverhalten ihrer jeweiligen Branchen besser zu verstehen. Mit den neuesten Forschungstechnologien, darunter sensorische Tests, Eye-Tracking und audiovisuelle F\u00e4higkeiten in Studioqualit\u00e4t, nutzt SIS eine Vielzahl bew\u00e4hrter Methoden, um die Meinung von Verbrauchern und Verwaltungsbeh\u00f6rden einzuholen und verborgene Erkenntnisse \u00fcber sich entwickelnde M\u00e4rkte freizugeben.<\/p>\n\n\n\n<p>We employ various creative techniques to gather consumer insights, from customer satisfaction research and observational studies to in-home usability and on-site taste testing. SIS is committed to creating customized <a href=\"https:\/\/www.sisinternational.com\/de\/sachverstand\/branchen\/botanik-marktforschung\/\" title=\"Botanik-Marktforschung\"  data-wpil-monitor-id=\"4277\">research and marketing<\/a> plans that allow our clients to confidently make critical, research-based business decisions.<\/p>\n\n\n\n<h2 class=\"wp-block-heading\">Unsere Erfahrung<\/h2>\n\n\n\n<h4 class=\"wp-block-heading\">Ein engagiertes Marktforschungsunternehmen aus New York tut mehr, als nur Daten zu sammeln \u2013 es interpretiert sie im Kontext der umfassenderen Marktkr\u00e4fte und bietet strategische Beratung, die sowohl aufschlussreich als auch umsetzbar ist.<\/h4>\n\n\n\n<p class=\"p1\"><span class=\"s1\">Zu unseren bisherigen Projekten in Schl\u00fcsselbranchen z\u00e4hlen die Automobilindustrie, das Gesundheitswesen, die Pharmaindustrie, Sch\u00f6nheits- und Hautpflege sowie die Bildungsforschung. Wir haben lokalen und internationalen Unternehmen geholfen, Marketingstrategien zu entwickeln, Wettbewerbsbedrohungen einzusch\u00e4tzen, neue Produkte und Dienstleistungen zu testen und zu bewerben und sogar ihre Gesch\u00e4fte und B\u00fcros neu zu gestalten, um das Kundenerlebnis zu verbessern.<\/span><\/p>\n\n\n\n<h2 class=\"wp-block-heading\">Vorteile der Marktforschung mit SIS International<\/h2>\n\n\n\n<figure class=\"gb-block-image gb-block-image-4e7229f4\"><img loading=\"lazy\" decoding=\"async\" width=\"1456\" height=\"816\" class=\"gb-image gb-image-4e7229f4\" src=\"https:\/\/www.sisinternational.com\/wp-content\/uploads\/2025\/09\/New-York-9.jpg\" alt=\"SIS International Marktforschung &amp; Strategie\" title=\"New York (9)\" srcset=\"https:\/\/www.sisinternational.com\/wp-content\/uploads\/2025\/09\/New-York-9.jpg 1456w, https:\/\/www.sisinternational.com\/wp-content\/uploads\/2025\/09\/New-York-9-300x168.jpg 300w, https:\/\/www.sisinternational.com\/wp-content\/uploads\/2025\/09\/New-York-9-1024x574.jpg 1024w, https:\/\/www.sisinternational.com\/wp-content\/uploads\/2025\/09\/New-York-9-768x430.jpg 768w, https:\/\/www.sisinternational.com\/wp-content\/uploads\/2025\/09\/New-York-9-18x10.jpg 18w\" sizes=\"auto, (max-width: 1456px) 100vw, 1456px\"><\/figure>\n\n\n\n<p><\/p>\n\n\n\n<h4 class=\"wp-block-heading\">Ein herausragendes New Yorker Marktforschungsunternehmen hilft Ihnen, die Geheimnisse des New Yorker Marktes zu l\u00fcften.<\/h4>\n\n\n\n<p>Wenn Sie sich f\u00fcr SIS International als Dienstleister f\u00fcr Ihre Marktforschung in New York City entscheiden, bietet Ihnen das klare Vorteile, die Ihre strategische Positionierung und betriebliche Effizienz deutlich verbessern k\u00f6nnen. Neben den \u00fcblichen Vorteilen des Verst\u00e4ndnisses von Markttrends und Verbraucherverhalten bietet SIS International spezielle Einblicke, die speziell auf die Dynamik der vielf\u00e4ltigen M\u00e4rkte von New York zugeschnitten sind.<\/p>\n\n\n\n<p><strong>\u2022 Lokale Expertise<\/strong>: SIS International ist stolz auf sein umfassendes Verst\u00e4ndnis des New Yorker Marktes. Dieses lokale Fachwissen erm\u00f6glicht die Entwicklung von Strategien, die genau auf die spezifischen Bed\u00fcrfnisse der Stadtteile von New York abgestimmt sind und Nuancen ber\u00fccksichtigen, die in allgemeinen Marktstudien m\u00f6glicherweise \u00fcbersehen werden.<\/p>\n\n\n\n<p><strong>\u2022 Ma\u00dfgeschneiderte L\u00f6sungen<\/strong>: Jedes Unternehmen ist einzigartig und SIS International tr\u00e4gt dem Rechnung, indem es ma\u00dfgeschneiderte Forschungsl\u00f6sungen anbietet. Ganz gleich, ob Sie in neue Marktsegmente expandieren oder bestehende Abl\u00e4ufe optimieren m\u00f6chten, wir passen unsere Forschungsmethoden so an, dass sie eng mit Ihren Gesch\u00e4ftszielen \u00fcbereinstimmen.<\/p>\n\n\n\n<p><strong>\u2022&nbsp; Competitive Analysis<\/strong>: In einer so wettbewerbsintensiven Stadt wie New York ist es genauso wichtig, die Konkurrenz zu kennen wie die Kunden. SIS bietet detaillierte Analysen der Konkurrenz, einschlie\u00dflich ihrer Strategien, Marktpositionen und Schw\u00e4chen, sodass Sie Strategien entwickeln k\u00f6nnen, mit denen Sie Ihre St\u00e4rken gegen Marktl\u00fccken ausspielen k\u00f6nnen.<\/p>\n\n\n\n<p><strong>\u2022 Trenderkennung<\/strong>: Wer in New York City die Nase vorn haben will, muss auf aktuelle Trends reagieren und zuk\u00fcnftige Trends vorhersehen. SIS International ist hervorragend darin, aufkommende Trends zu erkennen, bevor sie zum Mainstream werden, und verschafft seinen Kunden so einen First-Mover-Vorteil in verschiedenen Sektoren.<\/p>\n\n\n\n<p><strong>\u2022 Verbesserte strategische Planung<\/strong>: <a href=\"https:\/\/www.linkedin.com\/company\/sisinternationalresearch\/\" target=\"_blank\" rel=\"noopener\"><span style=\"font-weight: 400;\">SIS International<\/span><\/a> erm\u00f6glicht es Unternehmen, strategische Pl\u00e4ne zu entwickeln, die nicht nur reaktiv, sondern auch proaktiv sind. Unternehmen k\u00f6nnen Marktver\u00e4nderungen vorhersehen und Strategien anpassen, um sich f\u00fcr den Erfolg im wettbewerbsintensiven New Yorker Marktumfeld zu positionieren.<\/p>\n\n\n\n<p><strong>\u2022 Erh\u00f6hter Umsatz<\/strong>: SIS International hilft Unternehmen dabei, ihre Angebote durch pr\u00e4zises Targeting und Verst\u00e4ndnis der Kundenbed\u00fcrfnisse effektiver anzupassen. Dies f\u00fchrt zu h\u00f6herer Kundenzufriedenheit und -treue, was wiederum zu Umsatzwachstum f\u00fchrt.<\/p>\n\n\n\n<p><strong>\u2022 Risikominderung<\/strong>: Marktforschung verringert die Unsicherheit bei Gesch\u00e4ftsentscheidungen. SIS International liefert Daten, die dabei helfen, die mit der Einf\u00fchrung neuer Produkte, dem Eintritt in neue M\u00e4rkte oder wesentlichen \u00c4nderungen im Gesch\u00e4ftsbetrieb verbundenen Risiken zu mindern.<\/p>\n\n\n\n<p><strong>\u2022 Beschleunigtes Wachstum und Innovation<\/strong>: Erkenntnisse aus der Marktforschung f\u00f6rdern Innovationen, indem sie Marktl\u00fccken und -chancen aufzeigen. SIS International hilft Unternehmen, diese Informationen zu nutzen, um neue Produkte und Dienstleistungen zu entwickeln, die unerf\u00fcllte Kundenbed\u00fcrfnisse erf\u00fcllen und so ein schnelleres und nachhaltigeres Wachstum erm\u00f6glichen.<\/p>\n\n\n\n<p><strong>\u2022 Verbesserter ROI<\/strong>: Forschungsergebnissen zufolge k\u00f6nnen Unternehmen verschiedene Aspekte ihrer Gesch\u00e4ftsabl\u00e4ufe optimieren, um eine h\u00f6here Kapitalrendite zu erzielen, sei es durch effektiveres Marketing, Produktentwicklung oder strategische Positionierung.<\/p>\n\n\n\n<p><strong>\u2022 Strategischer Markteintritt<\/strong>: F\u00fcr Unternehmen, die in den New Yorker Markt einsteigen oder ihre Pr\u00e4senz ausbauen m\u00f6chten, bietet SIS wichtige Daten, die die Entscheidungsfindung hinsichtlich des Orts, des Zeitpunkts und der Art und Weise unterst\u00fctzen, wie der Betrieb effektiv aufgenommen werden kann.<\/p>\n\n\n\n<p><strong>Betriebsoptimierung<\/strong>: Durch das Verst\u00e4ndnis der Betriebslandschaft und der Herausforderungen von NYC k\u00f6nnen Unternehmen ihre Abl\u00e4ufe optimieren, Kosten senken und die Effizienz steigern.<\/p>\n\n\n\n<p><strong>\u2022 Kulturelle Relevanz<\/strong>: SIS hilft Unternehmen, die kulturellen Dynamiken der unterschiedlichen Bev\u00f6lkerungsgruppen von New York City zu verstehen und stellt sicher, dass Produkte, Dienstleistungen und Marketingbem\u00fchungen beim Zielpublikum kulturell Anklang finden.<\/p>\n\n\n\n<h2 class=\"wp-block-heading\">Qualitative Forschung<\/h2>\n\n\n\n<h4 class=\"wp-block-heading\">Unsere qualitative Feldarbeit liefert Einblicke in das Verhalten von Verbrauchern, B2B-Kunden und im Gesundheitswesen. Wir verwenden viele Techniken zur Durchf\u00fchrung qualitativer Forschung, darunter:<\/h4>\n\n\n\n<ul class=\"wp-block-list\">\n<li>Schwerpunktgruppen<\/li>\n\n\n\n<li>Tiefgr\u00fcndige Interviews<\/li>\n\n\n\n<li>Ethnographie<\/li>\n\n\n\n<li>Beobachtungsforschung<\/li>\n\n\n\n<li>Zufallsbasierte Wahrscheinlichkeitsstichproben<\/li>\n\n\n\n<li>Rekrutierung f\u00fcr die Feldarbeit<\/li>\n<\/ul>\n\n\n\n<h2 class=\"wp-block-heading\">Quantitative Forschung<\/h2>\n\n\n\n<h4 class=\"wp-block-heading\">Unsere quantitativen Forschungsl\u00f6sungen erm\u00f6glichen eine gr\u00fcndliche Untersuchung sozialer Ph\u00e4nomene mithilfe statistischer, mathematischer oder rechnergest\u00fctzter Techniken, wie zum Beispiel:<\/h4>\n\n\n\n<ul class=\"wp-block-list\">\n<li>Face-to-Face- und Intercept-Forschung<\/li>\n\n\n\n<li>CATI Telefon<\/li>\n\n\n\n<li>CAPI<\/li>\n\n\n\n<li>PAPI<\/li>\n\n\n\n<li>Umfragen per Post<\/li>\n\n\n\n<li>Online-Umfragen<\/li>\n<\/ul>\n\n\n\n<h2 class=\"wp-block-heading\">Strategische Forschung und Analyse<\/h2>\n\n\n\n<h4 class=\"wp-block-heading\">SIS bietet eine robuste Suite strategischer Marktforschungs- und Analysel\u00f6sungen, um umsetzbare Empfehlungen f\u00fcr die Entscheidungsfindung zu geben:<\/h4>\n\n\n\n<ul class=\"wp-block-list\">\n<li>Kundenanalyse<\/li>\n\n\n\n<li>Auswahlmodellierung<\/li>\n\n\n\n<li>Wettbewerbsanalyse<\/li>\n\n\n\n<li>Risikoanalyse<\/li>\n\n\n\n<li>Marketing-Mix-Modellierung<\/li>\n\n\n\n<li>Marktchancen, Marktdimensionierung und Markteintrittsbeurteilungen<\/li>\n<\/ul>\n\n\n\n<h2 class=\"wp-block-heading\">unsere Position<\/h2>\n\n\n\n<p class=\"p1\"><span class=\"s1\"><strong>Wir sind nur ein paar Schritte vom ikonischen Flatiron-Geb\u00e4ude im Madison Square Park und wenige Blocks vom Union Square Park entfernt<\/strong>. SIS International&#8217;s Focus Group Facility is the ideal place for your next project. SIS International Research is a full-service NYC <a href=\"https:\/\/www.sisinternational.com\/de\/sachverstand\/branchen\/zoologie-marktforschung\/\" title=\"Zoologie Marktforschung\" data-wpil-monitor-id=\"4293\">market<\/a> research firm ready to tackle even the most challenging projects.<\/span><\/p>\n\n\n\n<h2 class=\"wp-block-heading\">Metropolen-Abdeckung<\/h2>\n\n\n\n<h4 class=\"wp-block-heading\">Wir decken die 5 Bezirke von NYC ab, darunter Manhattan, Bronx, Brooklyn, Staten Island und Queens. Zu den wichtigsten Bereichen geh\u00f6ren:<\/h4>\n\n\n\n<div class=\"wp-block-columns is-layout-flex wp-container-core-columns-is-layout-9d6595d7 wp-block-columns-is-layout-flex\">\n<div class=\"wp-block-column is-layout-flow wp-block-column-is-layout-flow\">\n<h3 class=\"wp-block-heading\">Manhattan<\/h3>\n\n\n\n<ul class=\"wp-block-list\">\n<li>Zentrales Harlem<\/li>\n\n\n\n<li>Chelsea und Clinton<\/li>\n\n\n\n<li>Ost-Harlem<\/li>\n\n\n\n<li>Gramercy Park und Murray Hill<\/li>\n\n\n\n<li>Greenwich Village und Soho<\/li>\n\n\n\n<li>Unteres Manhattan<\/li>\n\n\n\n<li>Lower East Side<\/li>\n\n\n\n<li>Upper East Side<\/li>\n\n\n\n<li>Upper West Side<\/li>\n\n\n\n<li>Inwood und Washington Heights<\/li>\n<\/ul>\n<\/div>\n\n\n\n<div class=\"wp-block-column is-layout-flow wp-block-column-is-layout-flow\">\n<h3 class=\"wp-block-heading\">Staten Island<\/h3>\n\n\n\n<ul class=\"wp-block-list\">\n<li>Hafen Richmond<\/li>\n\n\n\n<li>S\u00fcdk\u00fcste<\/li>\n\n\n\n<li>Stapleton und St. George<\/li>\n\n\n\n<li>Inselmitte<\/li>\n<\/ul>\n<\/div>\n<\/div>\n\n\n\n<div class=\"wp-block-columns is-layout-flex wp-container-core-columns-is-layout-9d6595d7 wp-block-columns-is-layout-flex\">\n<div class=\"wp-block-column is-layout-flow wp-block-column-is-layout-flow\">\n<h3 class=\"wp-block-heading\">Brooklyn<\/h3>\n\n\n\n<ul class=\"wp-block-list\">\n<li>Zentral-Brooklyn<\/li>\n\n\n\n<li>S\u00fcdwest-Brooklyn<\/li>\n\n\n\n<li>Stadtpark<\/li>\n\n\n\n<li>Canarsie und Flatlands<\/li>\n\n\n\n<li>S\u00fcd-Brooklyn<\/li>\n\n\n\n<li>Nordwest-Brooklyn<\/li>\n\n\n\n<li>Flatbush<\/li>\n\n\n\n<li>East New York und New Lots<\/li>\n\n\n\n<li>Gr\u00fcner Punkt<\/li>\n\n\n\n<li>Sonnenuntergangspark<\/li>\n\n\n\n<li>Bushwick und Williamsburg<\/li>\n<\/ul>\n<\/div>\n\n\n\n<div class=\"wp-block-column is-layout-flow wp-block-column-is-layout-flow\">\n<h3 class=\"wp-block-heading\">N\u00f6rdliches New Jersey<\/h3>\n\n\n\n<ul class=\"wp-block-list\">\n<li>Bergen County<\/li>\n\n\n\n<li>Grafschaft Essex<\/li>\n\n\n\n<li>Hudson County<\/li>\n\n\n\n<li>Hunterdon County<\/li>\n\n\n\n<li>Morris County<\/li>\n\n\n\n<li>Passaic County<\/li>\n\n\n\n<li>Grafschaft Somerset<\/li>\n\n\n\n<li>Grafschaft Sussex<\/li>\n\n\n\n<li>Union County<\/li>\n\n\n\n<li>Warren County<\/li>\n<\/ul>\n<\/div>\n<\/div>\n\n\n\n<div class=\"wp-block-columns is-layout-flex wp-container-core-columns-is-layout-9d6595d7 wp-block-columns-is-layout-flex\">\n<div class=\"wp-block-column is-layout-flow wp-block-column-is-layout-flow\">\n<h3 class=\"wp-block-heading\">Die Bronx<\/h3>\n\n\n\n<ul class=\"wp-block-list\">\n<li>Zentrale Bronx<\/li>\n\n\n\n<li>Bronx Park und Fordham<\/li>\n\n\n\n<li>High Bridge und Morrisania<\/li>\n\n\n\n<li>Hunts Point und Mott Haven<\/li>\n\n\n\n<li>Kingsbridge und Riverdale<\/li>\n\n\n\n<li>Nordost-Bronx<\/li>\n\n\n\n<li>S\u00fcdost-Bronx<\/li>\n<\/ul>\n<\/div>\n\n\n\n<div class=\"wp-block-column is-layout-flow wp-block-column-is-layout-flow\">\n<h3 class=\"wp-block-heading\">Wichtige St\u00e4dte, Zentral- und S\u00fcd-New Jersey<\/h3>\n\n\n\n<ul class=\"wp-block-list\">\n<li>Newark<\/li>\n\n\n\n<li>Jersey Stadt<\/li>\n\n\n\n<li>Paterson<\/li>\n\n\n\n<li>Union<\/li>\n\n\n\n<li>Wayne<\/li>\n\n\n\n<li>Trenton<\/li>\n\n\n\n<li>Edison<\/li>\n\n\n\n<li>Union<\/li>\n\n\n\n<li>Wayne<\/li>\n\n\n\n<li>Ewing<\/li>\n<\/ul>\n<\/div>\n<\/div>\n\n\n\n<div class=\"wp-block-columns is-layout-flex wp-container-core-columns-is-layout-9d6595d7 wp-block-columns-is-layout-flex\">\n<div class=\"wp-block-column is-layout-flow wp-block-column-is-layout-flow\"><div class=\"gb-container gb-container-d8ce3c71\">\n\n<h3 class=\"wp-block-heading\">Wichtige St\u00e4dte, New York<\/h3>\n\n\n\n<ul class=\"wp-block-list\">\n<li>New Rochelle<\/li>\n\n\n\n<li>Mount Vernon<\/li>\n\n\n\n<li>Wei\u00dfe Ebenen<\/li>\n\n\n\n<li>Yonkers<\/li>\n\n\n\n<li>Nyack<\/li>\n\n\n\n<li>Poughkeepsie<\/li>\n\n\n\n<li>Newburgh<\/li>\n\n\n\n<li>Kingston<\/li>\n<\/ul>\n\n<\/div><\/div>\n\n\n\n<div class=\"wp-block-column is-layout-flow wp-block-column-is-layout-flow\"><div class=\"gb-container gb-container-38289820\">\n\n<h3 class=\"wp-block-heading\">Wichtige St\u00e4dte, Connecticut<\/h3>\n\n\n\n<ul class=\"wp-block-list\">\n<li>Woodbridge<\/li>\n\n\n\n<li>Bridgeport<\/li>\n\n\n\n<li>Stamford<\/li>\n\n\n\n<li>Norwalk<\/li>\n\n\n\n<li>Danbury<\/li>\n\n\n\n<li>Das Hotel liegt in Stratford, nur 10 Gehminuten vom Bahnhof Stratford und 1,7 km vom Einkaufszentrum The Mall entfernt.<\/li>\n\n\n\n<li>Neuer Hafen<\/li>\n\n\n\n<li>Milford<\/li>\n\n\n\n<li>Torrington<\/li>\n\n\n\n<li>Middletown<\/li>\n<\/ul>\n\n<\/div><\/div>\n<\/div>\n\n\n<div class=\"gb-container gb-container-ba871f1f\">\n\n<div class=\"wp-block-columns is-layout-flex wp-container-core-columns-is-layout-9d6595d7 wp-block-columns-is-layout-flex\">\n<div class=\"wp-block-column is-layout-flow wp-block-column-is-layout-flow\">\n<h3 class=\"wp-block-heading\">Queens Nordost-Queens<\/h3>\n\n\n\n<ul class=\"wp-block-list\">\n<li>Nord-Queens<\/li>\n\n\n\n<li>Zentrale Queens<\/li>\n\n\n\n<li>Jamaika<\/li>\n\n\n\n<li>Nordwest-Queens<\/li>\n\n\n\n<li>West-Zentral-Queens<\/li>\n\n\n\n<li>Rockaways<\/li>\n\n\n\n<li>S\u00fcdost-Queens<\/li>\n\n\n\n<li>S\u00fcdwest-Queens<\/li>\n\n\n\n<li>West-Queens<\/li>\n<\/ul>\n<\/div>\n\n\n\n<div class=\"wp-block-column is-layout-flow wp-block-column-is-layout-flow\"><\/div>\n<\/div>\n\n<\/div>\n\n\n<h2 class=\"wp-block-heading\">\u00dcber SIS International<\/h2>\n\n\n\n<p>Als eines der besten Marktforschungsunternehmen in New York, <a href=\"https:\/\/www.sisinternational.com\/de\/\">SIS International<\/a> bietet quantitative, qualitative und strategische Forschung an. Wir liefern Daten, Tools, Strategien, Berichte und Erkenntnisse zur Entscheidungsfindung. Wir f\u00fchren auch Interviews, Umfragen, Fokusgruppen und andere Methoden und Ans\u00e4tze der Marktforschung durch.<a href=\"https:\/\/www.sisinternational.com\/de\/uber-sis-international-research\/contact-sis-international-market-research\/\"> Kontakt<\/a> f\u00fcr Ihr n\u00e4chstes Marktforschungsprojekt.<\/p>\n\n\n\n<p><\/p>","protected":false},"excerpt":{"rendered":"<p>SIS ist ein f\u00fchrendes New Yorker Marktforschungsunternehmen, das umfassende Dienstleistungen in den Bereichen Feldarbeit, Datenerfassung sowie qualitative, quantitative und strategische Forschung anbietet.<\/p>","protected":false},"author":1,"featured_media":62692,"parent":19303,"menu_order":0,"comment_status":"closed","ping_status":"closed","template":"","meta":{"footnotes":""},"class_list":["post-16214","page","type-page","status-publish","has-post-thumbnail"],"_links":{"self":[{"href":"https:\/\/www.sisinternational.com\/de\/wp-json\/wp\/v2\/pages\/16214","targetHints":{"allow":["GET"]}}],"collection":[{"href":"https:\/\/www.sisinternational.com\/de\/wp-json\/wp\/v2\/pages"}],"about":[{"href":"https:\/\/www.sisinternational.com\/de\/wp-json\/wp\/v2\/types\/page"}],"author":[{"embeddable":true,"href":"https:\/\/www.sisinternational.com\/de\/wp-json\/wp\/v2\/users\/1"}],"replies":[{"embeddable":true,"href":"https:\/\/www.sisinternational.com\/de\/wp-json\/wp\/v2\/comments?post=16214"}],"version-history":[{"count":11,"href":"https:\/\/www.sisinternational.com\/de\/wp-json\/wp\/v2\/pages\/16214\/revisions"}],"predecessor-version":[{"id":79331,"href":"https:\/\/www.sisinternational.com\/de\/wp-json\/wp\/v2\/pages\/16214\/revisions\/79331"}],"up":[{"embeddable":true,"href":"https:\/\/www.sisinternational.com\/de\/wp-json\/wp\/v2\/pages\/19303"}],"wp:featuredmedia":[{"embeddable":true,"href":"https:\/\/www.sisinternational.com\/de\/wp-json\/wp\/v2\/media\/62692"}],"wp:attachment":[{"href":"https:\/\/www.sisinternational.com\/de\/wp-json\/wp\/v2\/media?parent=16214"}],"curies":[{"name":"wp","href":"https:\/\/api.w.org\/{rel}","templated":true}]}}