{"id":16145,"date":"2015-06-09T17:26:43","date_gmt":"2015-06-09T17:26:43","guid":{"rendered":"https:\/\/www.sisinternational.com\/?page_id=16145"},"modified":"2026-01-26T17:55:45","modified_gmt":"2026-01-26T22:55:45","slug":"markteintritts-machbarkeits-dimensionierungsstudien","status":"publish","type":"page","link":"https:\/\/www.sisinternational.com\/de\/losungen\/strategieberatung\/markteintritts-machbarkeits-dimensionierungsstudien\/","title":{"rendered":"Markteintritts-, Machbarkeits- und Gr\u00f6\u00dfenstudien"},"content":{"rendered":"<h1 class=\"wp-block-heading\">Markteintritts-, Machbarkeits- und Gr\u00f6\u00dfenstudien<\/h1>\n\n\n\n<figure class=\"gb-block-image gb-block-image-4af0b61f\"><img loading=\"lazy\" decoding=\"async\" width=\"1456\" height=\"816\" class=\"gb-image gb-image-4af0b61f\" src=\"https:\/\/www.sisinternational.com\/wp-content\/uploads\/2025\/08\/Marketing-5.jpg\" srcset=\"https:\/\/www.sisinternational.com\/wp-content\/uploads\/2025\/08\/Marketing-5.jpg 1456w, https:\/\/www.sisinternational.com\/wp-content\/uploads\/2025\/08\/Marketing-5-300x168.jpg 300w, https:\/\/www.sisinternational.com\/wp-content\/uploads\/2025\/08\/Marketing-5-1024x574.jpg 1024w, https:\/\/www.sisinternational.com\/wp-content\/uploads\/2025\/08\/Marketing-5-768x430.jpg 768w, https:\/\/www.sisinternational.com\/wp-content\/uploads\/2025\/08\/Marketing-5-18x10.jpg 18w\" sizes=\"auto, (max-width: 1456px) 100vw, 1456px\" alt=\"SIS International Marktforschung &amp; Strategie\"><\/figure>\n\n\n\n<p><\/p>\n\n\n\n<h2 class=\"wp-block-heading\">Unsere erstklassige Markteintrittsstrategiegruppe<\/h2>\n\n\n\n<p>SIS is a world leader in Market Entry Research studies.&nbsp; We have over 40+ years experience, vast global resources and multiple levels of intelligence for a \u201ccomplete market view\u201d of your company\u2019s Market Entry strategy.<\/p>\n\n\n\n<p>Unsere F\u00fchrungsposition und Pr\u00e4senz auf den globalen M\u00e4rkten erm\u00f6glicht es uns, unseren Kunden neue M\u00e4rkte vorzustellen und sie bei ihrem Markteintritt zu unterst\u00fctzen. Unsere Forschungsspezialisten haben mehrere B\u00fccher zum Thema Markteintritt geschrieben, \u00f6ffentliche Vortr\u00e4ge vor den Medien gehalten und f\u00fcr die gr\u00f6\u00dften Unternehmen der Welt gearbeitet.<\/p>\n\n\n\n<h3 class=\"wp-block-heading\">Auf dem heutigen globalen Markt sind Unternehmen zunehmend auf der Suche nach mehr Umsatz, Markenbekanntheit und Gesch\u00e4ftsstabilit\u00e4t.<\/h3>\n\n\n\n<p>Sie betrachten den Markteintritt h\u00e4ufig als M\u00f6glichkeit, ihre strategischen Ziele zu erreichen. Mithilfe von auf Erkenntnissen basierender Forschung k\u00f6nnen Unternehmen ihre Markteintrittsstrategie im Kontext von Risiken und Chancen bewerten. Mit der Forschung k\u00f6nnen Unternehmen eine Markteintrittsmethode wie ausl\u00e4ndische Direktinvestitionen, Lizenzierung, Franchising und strategische Allianzen sicherer ausw\u00e4hlen.<\/p>\n\n\n\n<p><span style=\"font-weight: 400;\">Durch die Analyse von Marktdynamik, Verbraucherverhalten, Wettbewerbsszenarien und Wirtschaftsindikatoren bieten Markteintritts-, Machbarkeits- und Gr\u00f6\u00dfenstudien ein klares Bild der potenziellen Chancen und Risiken. Sie dienen Unternehmen als Orientierungshilfe und helfen ihnen, fundierte Entscheidungen zu treffen, kostspielige Fehltritte zu vermeiden und sich strategisch auf neuen M\u00e4rkten zu positionieren.<\/span><\/p>\n\n\n\n<h2 class=\"wp-block-heading\"><span style=\"font-weight: 400;\">Markteintritts-, Machbarkeits- und Gr\u00f6\u00dfenstudien verstehen<\/span><\/h2>\n\n\n\n<p><span style=\"font-weight: 400;\">Market entry, feasibility, and sizing studies are comprehensive assessments that businesses undertake to evaluate the potential of entering a new market. These studies serve as a cornerstone for strategic decision-making, offering insights that are critical for a successful <a href=\"https:\/\/www.sisinternational.com\/de\/analyse-des-markteintritts-von-carrefours-dubai\/\" title=\"Carrefours Markteintrittsanalyse in Dubai\"  data-wpil-monitor-id=\"1866\">Markteintrittsstrategie<\/a>. But, what exactly do these studies entail?<\/span><\/p>\n\n\n\n<p><span style=\"font-weight: 400;\">Sie bieten einen ganzheitlichen \u00dcberblick \u00fcber die Chancen und Herausforderungen eines neuen Marktes. Sie helfen Unternehmen, datenbasierte Entscheidungen zu treffen, ihre Produkte oder Dienstleistungen an die spezifischen Bed\u00fcrfnisse des Marktes anzupassen und Strategien zu entwickeln, die auf die Dynamik des lokalen Marktes abgestimmt sind.<\/span><\/p>\n\n\n\n<h2 class=\"wp-block-heading\"><span style=\"font-weight: 400;\">Warum sind Markteintritts-, Machbarkeits- und Gr\u00f6\u00dfenstudien heute so wichtig?<\/span><\/h2>\n\n\n\n<p><span style=\"font-weight: 400;\">The global marketplace is characterized by rapid technological advancements, shifting consumer preferences, and increasing competition. In such a dynamic environment, entering a new <a href=\"https:\/\/www.sisinternational.com\/de\/sachverstand\/branchen\/dip-sauce-marktforschung\/\" title=\"Marktforschung f\u00fcr Dip-Saucen\"  data-wpil-monitor-id=\"5751\">market without thorough research<\/a> and analysis is risky, to say the least. Therefore, market entry, feasibility, and sizing studies provide that map, offering businesses critical insights that guide their strategic decisions.<\/span><\/p>\n\n\n\n<p><span style=\"font-weight: 400;\">Diese Studien sind entscheidend, um nicht nur das \u201eWas\u201c und \u201eWer\u201c eines Marktes zu verstehen, sondern auch das \u201eWie\u201c und \u201eWarum\u201c. Sie gehen \u00fcber oberfl\u00e4chliche Analysen hinaus und tauchen in die Feinheiten der Marktdynamik ein. So helfen sie Unternehmen, die einzigartigen Aspekte jedes Marktes zu verstehen, darunter kulturelle Nuancen, regulatorische Anforderungen und Wettbewerbsdruck.<\/span><\/p>\n\n\n\n<p><span style=\"font-weight: 400;\">Dar\u00fcber hinaus erm\u00f6glichen Markteintritts-, Machbarkeits- und Gr\u00f6\u00dfenstudien Unternehmen, verschiedene M\u00e4rkte systematisch zu bewerten und diejenigen zu identifizieren, die das gr\u00f6\u00dfte Potenzial bieten und gleichzeitig den F\u00e4higkeiten und Wachstumszielen des Unternehmens entsprechen.<\/span><\/p>\n\n\n\n<h2 class=\"wp-block-heading\"><span style=\"font-weight: 400;\">Vorteile von Markteintritts-, Machbarkeits- und Gr\u00f6\u00dfenstudien<\/span><\/h2>\n\n\n\n<p><span style=\"font-weight: 400;\">Die Durchf\u00fchrung von Markteintritts-, Machbarkeits- und Gr\u00f6\u00dfenstudien bringt erhebliche Vorteile. Diese Studien erh\u00f6hen nicht nur die Wahrscheinlichkeit eines erfolgreichen Markteintritts, sondern tragen auch zur allgemeinen strategischen Planung und zum Risikomanagement eines Unternehmens bei. Hier sind einige der wichtigsten Vorteile:<\/span><\/p>\n\n\n\n<p><b>\u2022 Informierte Entscheidungsfindung:<\/b><span style=\"font-weight: 400;\"> Diese Studien bieten detaillierte Einblicke in neue M\u00e4rkte und erm\u00f6glichen es Unternehmen, Entscheidungen auf der Grundlage von Daten und Analysen statt Annahmen zu treffen. Dieser fundierte Ansatz erh\u00f6ht die Chancen auf einen erfolgreichen Markteintritt und eine langfristige Nachhaltigkeit erheblich.<\/span><\/p>\n\n\n\n<p><b>\u2022 Risikominderung: <\/b><span style=\"font-weight: 400;\">Durch eine gr\u00fcndliche Analyse der potenziellen Risiken und Herausforderungen beim Eintritt in einen neuen Markt k\u00f6nnen Unternehmen Strategien zur Minderung dieser Risiken entwickeln. Dieser proaktive Ansatz zum Risikomanagement kann Unternehmen vor kostspieligen Fehlern und unvorhergesehenen Herausforderungen bewahren.<\/span><\/p>\n\n\n\n<p><b>\u2022 Ressourcenoptimierung:<\/b><span style=\"font-weight: 400;\"> Wenn Unternehmen die Machbarkeit und Gr\u00f6\u00dfe eines neuen Marktes kennen, k\u00f6nnen sie ihre Ressourcen effizienter verteilen. So k\u00f6nnen sie ihre Bem\u00fchungen und Investitionen auf die M\u00e4rkte mit dem h\u00f6chsten Erfolgspotenzial konzentrieren und so die Ressourcennutzung optimieren.<\/span><\/p>\n\n\n\n<p><b>\u2022 Wettbewerbsvorteil:<\/b><span style=\"font-weight: 400;\"> Die Durchf\u00fchrung dieser Studien kann einen Wettbewerbsvorteil verschaffen. Durch die Erlangung umfassender Marktkenntnisse k\u00f6nnen Unternehmen ihre Produkte, Dienstleistungen und Marketingstrategien besser an die Bed\u00fcrfnisse der lokalen Verbraucher anpassen und sich so von der Konkurrenz abheben.<\/span><\/p>\n\n\n\n<p><b>\u2022 Strategische Ausrichtung: <\/b>Market entry, feasibility, and sizing <a href=\"https:\/\/www.sisinternational.com\/de\/produktmeinung-kulturelle-einblicke-markteintritt-von-asien-nach-europa\/\" title=\"Markteintrittsforschung f\u00fcr die Automobilindustrie | Fallstudie\"  data-wpil-monitor-id=\"6663\">studies help ensure that market entry<\/a> strategies are aligned with the overall business strategy and objectives. This alignment is crucial for maintaining coherence and focus in business operations.<\/span><\/p>\n\n\n\n<p><b>\u2022 Marktverst\u00e4ndnis:<\/b><span style=\"font-weight: 400;\"> Diese Studien vermitteln ein umfassendes Verst\u00e4ndnis des Marktes, einschlie\u00dflich Kundenpr\u00e4ferenzen, kultureller Nuancen, des regulatorischen Umfelds und der Wettbewerbslandschaft.<\/span><\/p>\n\n\n\n<p><b>\u2022 Pr\u00e4diktive Erkenntnisse:<\/b><span style=\"font-weight: 400;\"> \u00dcber die aktuellen Marktbedingungen hinaus bieten diese Studien h\u00e4ufig auch Erkenntnisse f\u00fcr Prognosen und helfen Unternehmen dabei, zuk\u00fcnftige Trends und Ver\u00e4nderungen auf dem Markt vorherzusehen.&nbsp;<\/span><\/p>\n\n\n\n<h2 class=\"wp-block-heading\"><span style=\"font-weight: 400;\">Aktuelle Trends bei Markteintritts-, Machbarkeits- und Gr\u00f6\u00dfenstudien<\/span><\/h2>\n\n\n\n<p><span style=\"font-weight: 400;\">Die Landschaft der Markteintritts-, Machbarkeits- und Gr\u00f6\u00dfenstudien entwickelt sich st\u00e4ndig weiter und wird durch technologische Fortschritte und sich ver\u00e4ndernde Marktdynamiken beeinflusst. Aus diesem Grund ist es wichtig, diese aktuellen Trends zu verstehen, um diese Studien effektiv durchzuf\u00fchren und relevante Erkenntnisse zu gewinnen. Hier sind einige der wichtigsten Trends, die diese Studien pr\u00e4gen:<\/span><\/p>\n\n\n\n<p><b>\u2022 Erh\u00f6hte Abh\u00e4ngigkeit von Datenanalyse und Big Data:<\/b><span style=\"font-weight: 400;\"> Bei der Durchf\u00fchrung dieser Studien wird zunehmend auf Big Data und moderne Analysetools zur\u00fcckgegriffen. Unternehmen nutzen diese Technologien, um gro\u00dfe Datenmengen zu verarbeiten und tiefere Einblicke in Marktdynamik, Verbraucherverhalten und Wettbewerbslandschaften zu gewinnen.<\/span><\/p>\n\n\n\n<p><b>\u2022 Integration k\u00fcnstlicher Intelligenz (KI): <\/b><span style=\"font-weight: 400;\">KI wird zunehmend genutzt, um Markttrends, Verbraucherpr\u00e4ferenzen und potenzielle Marktgr\u00f6\u00dfen genauer vorherzusagen.<\/span><\/p>\n\n\n\n<p><b>\u2022 Fokus auf Echtzeitdaten und agile Methoden: <\/b><span style=\"font-weight: 400;\">Echtzeit-Datenanalysen und agile Forschungsmethoden werden immer wichtiger. Mit diesem Ansatz k\u00f6nnen Unternehmen ihre Strategien schnell an sich \u00e4ndernde Marktbedingungen anpassen.<\/span><\/p>\n\n\n\n<p><b>\u2022 Emphasis on <\/b><a href=\"https:\/\/www.sisinternational.com\/de\/verbraucheranalyse-hypothetische-fallstudie-von-eharmony\/\" title=\"Verbraucheranalyse: Hypothetische Fallstudie von eHarmony\"  data-wpil-monitor-id=\"4339\">Consumer Experience and Personalization: Studies<\/a> are now more focused on understanding the consumer experience and identifying opportunities for personalized offerings. This trend reflects the increasing importance of customer-centric strategies in market entry.<\/span><\/p>\n\n\n\n<p><b>\u2022 Digitale Transformation und E-Commerce:<\/b><span style=\"font-weight: 400;\"> Die Beschleunigung der digitalen Transformation und das Wachstum des E-Commerce beeinflussen die Markteintrittsstrategien erheblich. Studien konzentrieren sich zunehmend auf digitale Kan\u00e4le, das Online-Verbraucherverhalten und die digitale Bereitschaft der M\u00e4rkte.<\/span><\/p>\n\n\n\n<p><b>\u2022 Risikomanagement in unsicheren Zeiten:<\/b><span style=\"font-weight: 400;\"> Diese Studien legen einen gr\u00f6\u00dferen Schwerpunkt auf die Risikobewertung und das Risikomanagement und helfen Unternehmen, sich auf unvorhersehbare Marktbedingungen vorzubereiten und diese zu meistern.<\/span><\/p>\n\n\n\n<h2 class=\"wp-block-heading\"><span style=\"font-weight: 400;\">Herausforderungen des Markteintritts, Machbarkeits- und Gr\u00f6\u00dfenstudien f\u00fcr Unternehmen<\/span><\/h2>\n\n\n\n<p><span style=\"font-weight: 400;\">Studien zum Markteintritt, zur Machbarkeit und zur Gr\u00f6\u00dfenbestimmung liefern zwar wertvolle Erkenntnisse, bringen aber auch Herausforderungen mit sich. Diese Herausforderungen k\u00f6nnen sich auf die Wirksamkeit der Studien und die erfolgreiche Umsetzung ihrer Ergebnisse auswirken. Zu den wichtigsten Herausforderungen z\u00e4hlen:<\/span><\/p>\n\n\n\n<p><b>\u2022 Komplexit\u00e4t der Marktanalyse: <\/b><span style=\"font-weight: 400;\">Die Analyse neuer M\u00e4rkte, insbesondere in unterschiedlichen geografischen Regionen oder Branchen, kann komplex sein. Die Navigation in unterschiedlichen kulturellen, wirtschaftlichen und regulatorischen Umgebungen erfordert Fachwissen und ein tiefes Verst\u00e4ndnis der lokalen Besonderheiten.<\/span><\/p>\n\n\n\n<p><b>\u2022 Risiko einer Fehlinterpretation: <\/b><span style=\"font-weight: 400;\">Das Risiko einer Fehlinterpretation von Marktdaten und Trends ist immer vorhanden. Eine Fehlinterpretation kann zu falschen Strategien und Entscheidungen f\u00fchren und m\u00f6glicherweise erhebliche R\u00fcckschl\u00e4ge f\u00fcr das Unternehmen nach sich ziehen.<\/span><\/p>\n\n\n\n<p><b>\u2022 Abw\u00e4gung globaler und lokaler Bed\u00fcrfnisse:<\/b><span style=\"font-weight: 400;\"> Im Rahmen der globalen Expansion ist es oft eine Herausforderung, die globale Markenstrategie mit den lokalen Marktanforderungen in Einklang zu bringen. Das Verst\u00e4ndnis und die Anpassung an lokale Vorlieben bei gleichzeitiger Wahrung der Markenkonsistenz ist von entscheidender Bedeutung.<\/span><\/p>\n\n\n\n<h3 class=\"wp-block-heading\">&nbsp;<\/h3>\n\n\n\n<h3 class=\"wp-block-heading\">SIS verwendet bei New Market Entry-Projekten einen umfassenden, integrierten Ansatz.<\/h3>\n\n\n\n<p>Because our clients operate in a rapidly changing world with rapid shifts in global, regional, and local markets, we use a Hybrid Intelligence approach&nbsp; combining Research, Intelligence and Strategy.&nbsp; This full analysis gives data and intelligence for tactical decision making.<\/p>\n\n\n\n<p>Wir bieten einzigartige Daten zur Marktgr\u00f6\u00dfe, Kundeneinblicke, Segmentierungen, Listen, Prognosen, Partnerbeschaffungsdienste und Machbarkeitsanalysen. Unsere Forscher f\u00fchren strategische Analysen durch, um Informationen in umsetzbare Erkenntnisse umzuwandeln. Mit einem vollst\u00e4ndigen Markt\u00fcberblick k\u00f6nnen unsere Kunden ihre Markteintrittsstrategie sicherer planen.<\/p>\n\n\n\n<h2 class=\"wp-block-heading\">Der SIS-Unterschied<\/h2>\n\n\n\n<ul class=\"wp-block-list\">\n<li>Our 35+&nbsp;years expertise in helping many of the world\u2019s most influential companies expand<\/li>\n\n\n\n<li>Unsere renommierten Managementexperten und Autoren<\/li>\n\n\n\n<li>Unser integrierter Forschungsansatz kombiniert mehrere Informationsebenen f\u00fcr einen umfassenden \u00dcberblick \u00fcber die gesamte Marktlandschaft<\/li>\n\n\n\n<li>Unsere Full-Service-Forschungs- und Beratungsleistungen<\/li>\n\n\n\n<li>Unsere globale und US-amerikanische Marktabdeckung<\/li>\n\n\n\n<li>Unser Unternehmenshintergrund basiert auf Marktstrategien<\/li>\n\n\n\n<li>Unser Fokus liegt auf strategischen Analysen und umsetzbaren Erkenntnissen \u00fcber die Daten hinaus<\/li>\n<\/ul>","protected":false},"excerpt":{"rendered":"<p>SIS ist ein weltweit f\u00fchrendes Unternehmen im Bereich Marktchancen-, Gr\u00f6\u00dfen- und strategischer Machbarkeitsstudien.<\/p>","protected":false},"author":1,"featured_media":62841,"parent":14567,"menu_order":8,"comment_status":"open","ping_status":"open","template":"","meta":{"footnotes":""},"class_list":["post-16145","page","type-page","status-publish","has-post-thumbnail"],"_links":{"self":[{"href":"https:\/\/www.sisinternational.com\/de\/wp-json\/wp\/v2\/pages\/16145","targetHints":{"allow":["GET"]}}],"collection":[{"href":"https:\/\/www.sisinternational.com\/de\/wp-json\/wp\/v2\/pages"}],"about":[{"href":"https:\/\/www.sisinternational.com\/de\/wp-json\/wp\/v2\/types\/page"}],"author":[{"embeddable":true,"href":"https:\/\/www.sisinternational.com\/de\/wp-json\/wp\/v2\/users\/1"}],"replies":[{"embeddable":true,"href":"https:\/\/www.sisinternational.com\/de\/wp-json\/wp\/v2\/comments?post=16145"}],"version-history":[{"count":7,"href":"https:\/\/www.sisinternational.com\/de\/wp-json\/wp\/v2\/pages\/16145\/revisions"}],"predecessor-version":[{"id":80243,"href":"https:\/\/www.sisinternational.com\/de\/wp-json\/wp\/v2\/pages\/16145\/revisions\/80243"}],"up":[{"embeddable":true,"href":"https:\/\/www.sisinternational.com\/de\/wp-json\/wp\/v2\/pages\/14567"}],"wp:featuredmedia":[{"embeddable":true,"href":"https:\/\/www.sisinternational.com\/de\/wp-json\/wp\/v2\/media\/62841"}],"wp:attachment":[{"href":"https:\/\/www.sisinternational.com\/de\/wp-json\/wp\/v2\/media?parent=16145"}],"curies":[{"name":"wp","href":"https:\/\/api.w.org\/{rel}","templated":true}]}}