{"id":16134,"date":"2015-06-09T17:40:44","date_gmt":"2015-06-09T17:40:44","guid":{"rendered":"https:\/\/www.sisinternational.com\/?page_id=16134"},"modified":"2025-09-08T12:45:29","modified_gmt":"2025-09-08T16:45:29","slug":"primare-kundenspezifische-forschung-2","status":"publish","type":"page","link":"https:\/\/www.sisinternational.com\/de\/sachverstand\/primare-kundenspezifische-forschung-2\/","title":{"rendered":"Prim\u00e4re Marktforschung"},"content":{"rendered":"<h1 class=\"wp-block-heading\">Prim\u00e4re Marktforschung<\/h1>\n\n\n\n<figure class=\"gb-block-image gb-block-image-dc28f8e2\"><img loading=\"lazy\" decoding=\"async\" width=\"1456\" height=\"816\" class=\"gb-image gb-image-dc28f8e2\" src=\"https:\/\/www.sisinternational.com\/wp-content\/uploads\/2025\/08\/Desk-research-11.jpg\" srcset=\"https:\/\/www.sisinternational.com\/wp-content\/uploads\/2025\/08\/Desk-research-11.jpg 1456w, https:\/\/www.sisinternational.com\/wp-content\/uploads\/2025\/08\/Desk-research-11-300x168.jpg 300w, https:\/\/www.sisinternational.com\/wp-content\/uploads\/2025\/08\/Desk-research-11-1024x574.jpg 1024w, https:\/\/www.sisinternational.com\/wp-content\/uploads\/2025\/08\/Desk-research-11-768x430.jpg 768w, https:\/\/www.sisinternational.com\/wp-content\/uploads\/2025\/08\/Desk-research-11-18x10.jpg 18w\" sizes=\"auto, (max-width: 1456px) 100vw, 1456px\" alt=\"SIS International Marktforschung &amp; Strategie\"><\/figure>\n\n\n\n<p><\/p>\n\n\n\n<hr class=\"wp-block-separator has-alpha-channel-opacity is-style-dots\"\/>\n\n\n\n<h3 class=\"wp-block-heading\">Als Full-Service-Unternehmen f\u00fcr kundenspezifische globale Marktforschung und Marktinformationen nutzt SIS International eine gro\u00dfe Bandbreite prim\u00e4rer Marktforschungsmethoden.<\/h3>\n\n\n\n<p>SIS kommuniziert zun\u00e4chst mit dem Kunden und erarbeitet eine L\u00f6sung. Wir arbeiten mit dem Kunden zusammen, um sicherzustellen, dass die L\u00f6sung sowohl relevant als auch zuverl\u00e4ssig ist. Wir f\u00fchren die Forschung auf der Grundlage unserer \u00fcber 40-j\u00e4hrigen Erfahrung effizient durch und beziehen unseren Kunden in den Fortschritt der Studie ein. Wir liefern fortschrittliche strategische Analysen und Berichte mit der Option auf Nachprojektservices, um den Wert der Forschung unseres Kunden zu maximieren.<\/p>\n\n\n\n<ul class=\"wp-block-list\">\n<li>Analytik &amp; Statistik<\/li>\n\n\n\n<li>CATI-Telefonbefragungen<\/li>\n\n\n\n<li>Direktwerbung<\/li>\n\n\n\n<li>Ethnographie \/ Hausbesuche \/ Interviews vor Ort<\/li>\n\n\n\n<li>Face-to-Face Interviews \/ Store Intercepts \/ Mall Intercepts \/ <a href=\"https:\/\/www.sisinternational.com\/de\/losungen\/qualitative-quantitative-forschungslosungen\/zentrale-standorttests-vs-fokusgruppen\/\" title=\"Zentrale Standorttests vs. Fokusgruppen\"  data-wpil-monitor-id=\"9163\">Zentrale Standorttests<\/a><\/li>\n\n\n\n<li>Schwerpunktgruppen<\/li>\n\n\n\n<li>SIS Globales Expertennetzwerk<\/li>\n\n\n\n<li>Tiefgr\u00fcndige Interviews<\/li>\n\n\n\n<li><a href=\"https:\/\/www.sisinternational.com\/de\/marktforschung-fur-intelligente-mobilitat\/\" title=\"Marktforschung f\u00fcr intelligente Mobilit\u00e4t\"  data-wpil-monitor-id=\"9164\">Mobile Marketing Forschung<\/a><\/li>\n\n\n\n<li>SIS Netnography\u2122 \/ Webanalyse<\/li>\n\n\n\n<li>Neuromarketingforschung<\/li>\n\n\n\n<li>Online-Chatter-Tracking<\/li>\n\n\n\n<li>Online-Umfragen<\/li>\n\n\n\n<li><a href=\"https:\/\/www.sisinternational.com\/de\/losungen\/qualitative-quantitative-forschungslosungen\/online-fokusgruppen-2\/\" title=\"Online-Fokusgruppen\"  data-wpil-monitor-id=\"9162\">Online-Fokusgruppen<\/a> \/ Online Bulletin Boards \/ Online Diaries<\/li>\n\n\n\n<li>Panels und Datenbanken<\/li>\n\n\n\n<li>Video-Ethnographie<\/li>\n\n\n\n<li>Online Insight Communities (MROCs)<\/li>\n<\/ul>\n\n\n\n<h2 class=\"wp-block-heading\"><span style=\"font-weight: 400;\">Was ist Prim\u00e4rforschung?<\/span><\/h2>\n\n\n\n<p><span style=\"font-weight: 400;\">Bei der Prim\u00e4rforschung werden frische und urspr\u00fcngliche Daten direkt aus Quellen gesammelt, anstatt sich auf zuvor zusammengestellte Daten zu verlassen. Diese Forschung ist ma\u00dfgeschneidert und speziell auf die Fragen zugeschnitten, die Unternehmen oder Forscher beantworten m\u00f6chten. Im Gegensatz zur Sekund\u00e4rforschung, bei der vorhandene Daten wiederverwendet werden, bietet die Prim\u00e4rforschung Erkenntnisse aus erster Hand, die f\u00fcr den spezifischen Kontext oder das behandelte Problem direkt relevant sind.&nbsp;<\/span><\/p>\n\n\n\n<h2 class=\"wp-block-heading\"><span style=\"font-weight: 400;\">Warum ist es wichtig?<\/span><\/h2>\n\n\n\n<p><span style=\"font-weight: 400;\">Prim\u00e4rforschung stellt sicher, dass die Informationen speziell auf individuelle Bed\u00fcrfnisse und Fragen zugeschnitten sind. Im Gegensatz zu generischen Daten sind diese Erkenntnisse direkt auf Ihre Gesch\u00e4ftsziele und -fragen ausgerichtet.&nbsp;<\/span><\/p>\n\n\n\n<p><span style=\"font-weight: 400;\">It delivers fresh data that businesses can use against competitors because having data that others might not have access to can carve out unique niches and <a href=\"https:\/\/www.sisinternational.com\/de\/losungen\/strategieberatung\/marktchancenforschung\/\" title=\"Marktchancenforschung\"  data-wpil-monitor-id=\"9167\">opportunities in the market<\/a>. Additionally, it enables businesses to delve deep into the customer psyche, understanding their needs, preferences, and pain points from the source. This kind of firsthand knowledge can greatly enhance customer-centric strategies.<\/span><\/p>\n\n\n\n<p><span style=\"font-weight: 400;\">Es bietet jedoch noch weitere Vorteile, beispielsweise:&nbsp;<\/span><\/p>\n\n\n\n<p><b>\u2022 Unbiased <\/b><a href=\"https:\/\/www.sisinternational.com\/de\/abdeckung\/europa\/marktforschung-liverpool-grosbritannien\/\" title=\"Marktforschung in Liverpool | Fokusgruppen und Datenerfassung in Gro\u00dfbritannien\"  data-wpil-monitor-id=\"9165\">Data Collection: Primary research<\/a> ensures businesses collect data firsthand, without any pre-existing biases or interpretations. This offers a clean slate for understanding the target subject.<\/span><\/p>\n\n\n\n<p><b>\u2022 Flexibilit\u00e4t: <\/b><span style=\"font-weight: 400;\">Diese Untersuchung erm\u00f6glicht es Unternehmen, ihren Ansatz bei der Datenerfassung zu \u00e4ndern. Wenn bestimmte Fragen keine n\u00fctzlichen Erkenntnisse liefern, k\u00f6nnen sie in Echtzeit ge\u00e4ndert oder verfeinert werden.<\/span><\/p>\n\n\n\n<p><b>\u2022 Gesch\u00fctzte Informationen: <\/b><span style=\"font-weight: 400;\">Die Ergebnisse der Prim\u00e4rforschung geh\u00f6ren ausschlie\u00dflich der Organisation, die die Forschung in Auftrag gegeben hat. Diese gesch\u00fctzten Daten k\u00f6nnen einen Wettbewerbsvorteil bieten und Strategien erm\u00f6glichen, die die Konkurrenz m\u00f6glicherweise nicht vorhersieht.<\/span><\/p>\n\n\n\n<p><b>\u2022 Vertrauensw\u00fcrdigkeit schaffen: <\/b><span style=\"font-weight: 400;\">Originelle Daten k\u00f6nnen die Glaubw\u00fcrdigkeit eines Unternehmens st\u00e4rken, insbesondere wenn es versucht, sich als Vordenker in seiner Branche zu positionieren.<\/span><\/p>\n\n\n\n<p><b>\u2022 Kosteneffektivit\u00e4t: <\/b><span style=\"font-weight: 400;\">Diese Art der Forschung mag im Vergleich zur Sekund\u00e4rforschung h\u00f6here Anfangskosten verursachen, doch der langfristige ROI kann betr\u00e4chtlich sein. Ma\u00dfgeschneiderte Erkenntnisse k\u00f6nnen zu effektiveren Strategien f\u00fchren und kostspielige Fehltritte aufgrund verallgemeinerter oder veralteter Daten verhindern.<\/span><\/p>\n\n\n\n<p><b>\u2022 Risikominderung:<\/b><span style=\"font-weight: 400;\"> Before launching a new <a href=\"https:\/\/www.sisinternational.com\/de\/sachverstand\/lebenslaufe\/marktforschung-fur-korperpflegeprodukte\/\" title=\"Marktforschung f\u00fcr K\u00f6rperpflegeprodukte\"  data-wpil-monitor-id=\"9168\">product or entering a new market<\/a>, primary research can offer vital information to gauge potential success and mitigate risks.<\/span><\/p>\n\n\n\n<p><b>\u2022 Innovative M\u00f6glichkeiten:<\/b><span style=\"font-weight: 400;\"> Durch die Identifizierung von Marktl\u00fccken k\u00f6nnen Unternehmen innovative Ideen und Chancen entdecken, die ihnen andernfalls m\u00f6glicherweise entgangen w\u00e4ren.<\/span><\/p>\n\n\n\n<p><b>\u2022 Verschiedene Methoden der Datenerfassung: <\/b>Beyond traditional interviews and surveys, <a href=\"https:\/\/www.sisinternational.com\/de\/soziale-medien-in-kleinen-unternehmen\/\" title=\"Social-Media-Strategien f\u00fcr kleine Unternehmen\"  data-wpil-monitor-id=\"9166\">businesses can leverage social media<\/a>, wearable tech, and IoT devices as sources of primary data.<\/span><\/p>\n\n\n\n<h2 class=\"wp-block-heading\"><span style=\"font-weight: 400;\">Neue Trends in der Prim\u00e4rforschung<\/span><\/h2>\n\n\n\n<p><span style=\"font-weight: 400;\">Da sich die Gesch\u00e4ftswelt und die Technologie weiterentwickeln, muss die Forschung diese \u00c4nderungen ber\u00fccksichtigen und die neuesten Trends verstehen, die die Art und Weise beeinflussen, wie Informationen gesammelt und interpretiert werden.&nbsp;<\/span><\/p>\n\n\n\n<p><b>\u2022 Integration fortschrittlicher Technologien: <\/b><span style=\"font-weight: 400;\">Die Einbindung k\u00fcnstlicher Intelligenz (KI) und maschinellen Lernens (ML) in die Forschung verbessert die Datenerfassung, -analyse und -interpretation. Diese Tools k\u00f6nnen Muster vorhersagen und riesige Datens\u00e4tze effizienter interpretieren als herk\u00f6mmliche Methoden.<\/span><\/p>\n\n\n\n<p><b>\u2022 Virtual Reality (VR) und Augmented Reality (AR) in der Forschung: <\/b><span style=\"font-weight: 400;\">Insbesondere bei Produkttests oder der Bewertung von Ladenlayouts ver\u00e4ndern VR- und AR-Tools die prim\u00e4re Forschungsszene und bieten den Befragten ein intensiveres Erlebnis.<\/span><\/p>\n\n\n\n<p><b>\u2022 Langzeitstudien: <\/b><span style=\"font-weight: 400;\">W\u00e4hrend einmalige Umfragen Momentaufnahmen liefern, gibt es in der Prim\u00e4rforschung einen wachsenden Trend zu L\u00e4ngsschnittstudien, die Einblicke in Ver\u00e4nderungen im Zeitverlauf bieten und dabei dieselbe Gruppe von Befragten verfolgen.<\/span><\/p>\n\n\n\n<p><b>\u2022 Echtzeitanalysen: <\/b><span style=\"font-weight: 400;\">Da Unternehmen sofortige Erkenntnisse suchen, verlagert sich der prim\u00e4re Forschungsbereich in Richtung der Bereitstellung von Echtzeitanalysen, die eine sofortige Entscheidungsfindung erm\u00f6glichen.<\/span><\/p>\n\n\n\n<h2 class=\"wp-block-heading\"><span style=\"font-weight: 400;\">Prim\u00e4rforschung: Fallstudie<\/span><\/h2>\n\n\n\n<p><b>LEGO \u2013 Wiederaufbau einer traditionsreichen Marke<\/b><\/p>\n\n\n\n<p><span style=\"font-weight: 400;\">Anfang der 2000er Jahre sah sich LEGO mit sinkenden Ums\u00e4tzen konfrontiert und stand kurz vor dem Bankrott. Anstatt sich also ausschlie\u00dflich auf Markttrends zu verlassen, wandte sich LEGO seinen Fans zu. Sie begannen mit Prim\u00e4rforschung, indem sie engagierte Benutzergemeinschaften einbezogen, und gingen sogar so weit, Kongresse und Treffen zu veranstalten, um Erkenntnisse direkt von ihren leidenschaftlichsten Benutzern zu sammeln.<\/span><\/p>\n\n\n\n<p><span style=\"font-weight: 400;\">LEGO stellte fest, dass diese Fans eine tiefe emotionale Bindung zur Marke hatten und gab Einblicke in das, was sie an LEGO-Sets liebten. Sie erfuhren auch etwas \u00fcber die Nachfrage nach komplexeren Sets f\u00fcr \u00e4ltere Fans.<\/span><\/p>\n\n\n\n<p><span style=\"font-weight: 400;\">Diese Grundlagenforschung f\u00fchrte zur Einf\u00fchrung fortschrittlicher Modelle wie der LEGO Technic- und LEGO Architecture-Serie. Das Unternehmen arbeitete bei neuen Produkten auch mit Fandesignern zusammen.&nbsp;<\/span><\/p>\n\n\n\n<h2 class=\"wp-block-heading\"><span style=\"font-weight: 400;\">Herausforderungen der Prim\u00e4rforschung<\/span><\/h2>\n\n\n\n<figure class=\"gb-block-image gb-block-image-379e410f\"><img loading=\"lazy\" decoding=\"async\" width=\"1456\" height=\"816\" class=\"gb-image gb-image-379e410f\" src=\"https:\/\/www.sisinternational.com\/wp-content\/uploads\/2025\/09\/Quantitative-research-11.jpg\" alt=\"SIS International Marktforschung &amp; Strategie\" title=\"Quantitative research (11)\" srcset=\"https:\/\/www.sisinternational.com\/wp-content\/uploads\/2025\/09\/Quantitative-research-11.jpg 1456w, https:\/\/www.sisinternational.com\/wp-content\/uploads\/2025\/09\/Quantitative-research-11-300x168.jpg 300w, https:\/\/www.sisinternational.com\/wp-content\/uploads\/2025\/09\/Quantitative-research-11-1024x574.jpg 1024w, https:\/\/www.sisinternational.com\/wp-content\/uploads\/2025\/09\/Quantitative-research-11-768x430.jpg 768w, https:\/\/www.sisinternational.com\/wp-content\/uploads\/2025\/09\/Quantitative-research-11-18x10.jpg 18w\" sizes=\"auto, (max-width: 1456px) 100vw, 1456px\"><\/figure>\n\n\n\n<p><\/p>\n\n\n\n<p><span style=\"font-weight: 400;\">Prim\u00e4rforschung bringt eine Reihe von Herausforderungen mit sich. Unternehmen, die diesen Weg einschlagen m\u00f6chten, m\u00fcssen sich dieser potenziellen Fallstricke bewusst sein, um sich in der Forschungslandschaft effektiv zurechtzufinden:<\/span><\/p>\n\n\n\n<p><b>\u2022 Kostenauswirkungen: <\/b><span style=\"font-weight: 400;\">Aufgrund der f\u00fcr die Konzeption, Durchf\u00fchrung und Analyse der Originalforschung erforderlichen Ressourcen kann sie teurer sein als Sekund\u00e4rforschung. Die Kosten k\u00f6nnen von der Einstellung von Experten bis hin zur Beschaffung der richtigen Tools oder der Bezahlung der Teilnehmer reichen.<\/span><\/p>\n\n\n\n<p><b>\u2022 Zeitaufwendig: <\/b><span style=\"font-weight: 400;\">Das Sammeln von Daten aus erster Hand ist ein zeitintensiver Prozess. Von der Konzeption der Studie bis zum Sammeln und anschlie\u00dfenden Analysieren der Daten kann sich ein langer Zeitraum hinziehen.<\/span><\/p>\n\n\n\n<p><b>\u2022 Risiko einer Voreingenommenheit: <\/b><span style=\"font-weight: 400;\">Ohne sorgf\u00e4ltige Planung kann es bei Prim\u00e4rforschung zu Verzerrungen kommen. Diese k\u00f6nnen durch die Art und Weise der Fragestellung, die demografische Zusammensetzung der Teilnehmer oder sogar das Umfeld, in dem die Forschung durchgef\u00fchrt wird, bedingt sein.<\/span><\/p>\n\n\n\n<p><b>\u2022 Daten\u00fcberlastung: <\/b><span style=\"font-weight: 400;\">Es besteht das Risiko, dass zu viele Daten erfasst werden, was zu einer Analysel\u00e4hmung f\u00fchrt und die Auswertung und das Ableiten sinnvoller Schlussfolgerungen erschwert.<\/span><\/p>\n\n\n\n<p><b>\u2022 Begrenzter Fokus: <\/b><span style=\"font-weight: 400;\">Im Gegensatz zur Sekund\u00e4rforschung, die einen breiteren \u00dcberblick bieten kann, ist die Forschung manchmal zu eng gefasst, konzentriert sich auf ein bestimmtes Thema und \u00fcbersieht m\u00f6glicherweise den Gesamtzusammenhang.<\/span><\/p>\n\n\n\n<p><b>\u2022 Sicherstellung der Authentizit\u00e4t der Teilnehmer: <\/b><span style=\"font-weight: 400;\">Insbesondere bei Online-Umfragen und digitalen Methoden kann es eine Herausforderung sein, sicherzustellen, dass die Teilnehmer authentisch sind und nicht von externen Faktoren beeinflusst werden.<\/span><\/p>\n\n\n\n<p><b>\u2022 Abh\u00e4ngigkeit von externen Faktoren: <\/b>External factors like political events, natural disasters, or <a href=\"https:\/\/www.sisinternational.com\/de\/billigflieger-in-der-luftfahrtindustrie\/\" title=\"Marktforschung f\u00fcr Billigflieger\"  data-wpil-monitor-id=\"9161\">global pandemics can greatly affect the research<\/a> process and its outcomes.<\/span><\/p>\n\n\n\n<p><\/p>","protected":false},"excerpt":{"rendered":"<p>SIS International bietet eine gro\u00dfe Bandbreite an Methoden der prim\u00e4ren Marktforschung.<\/p>","protected":false},"author":1,"featured_media":62808,"parent":14514,"menu_order":20,"comment_status":"closed","ping_status":"open","template":"","meta":{"footnotes":""},"class_list":["post-16134","page","type-page","status-publish","has-post-thumbnail"],"_links":{"self":[{"href":"https:\/\/www.sisinternational.com\/de\/wp-json\/wp\/v2\/pages\/16134","targetHints":{"allow":["GET"]}}],"collection":[{"href":"https:\/\/www.sisinternational.com\/de\/wp-json\/wp\/v2\/pages"}],"about":[{"href":"https:\/\/www.sisinternational.com\/de\/wp-json\/wp\/v2\/types\/page"}],"author":[{"embeddable":true,"href":"https:\/\/www.sisinternational.com\/de\/wp-json\/wp\/v2\/users\/1"}],"replies":[{"embeddable":true,"href":"https:\/\/www.sisinternational.com\/de\/wp-json\/wp\/v2\/comments?post=16134"}],"version-history":[{"count":6,"href":"https:\/\/www.sisinternational.com\/de\/wp-json\/wp\/v2\/pages\/16134\/revisions"}],"predecessor-version":[{"id":81533,"href":"https:\/\/www.sisinternational.com\/de\/wp-json\/wp\/v2\/pages\/16134\/revisions\/81533"}],"up":[{"embeddable":true,"href":"https:\/\/www.sisinternational.com\/de\/wp-json\/wp\/v2\/pages\/14514"}],"wp:featuredmedia":[{"embeddable":true,"href":"https:\/\/www.sisinternational.com\/de\/wp-json\/wp\/v2\/media\/62808"}],"wp:attachment":[{"href":"https:\/\/www.sisinternational.com\/de\/wp-json\/wp\/v2\/media?parent=16134"}],"curies":[{"name":"wp","href":"https:\/\/api.w.org\/{rel}","templated":true}]}}