{"id":15818,"date":"2015-06-02T19:50:37","date_gmt":"2015-06-02T19:50:37","guid":{"rendered":"https:\/\/www.sisinternational.com\/?page_id=15818"},"modified":"2026-03-05T23:37:38","modified_gmt":"2026-03-06T04:37:38","slug":"biometrics-market-research","status":"publish","type":"page","link":"https:\/\/www.sisinternational.com\/de\/expertise\/biometrics-market-research\/","title":{"rendered":"Biometrie-Marktforschung"},"content":{"rendered":"<h1 class=\"wp-block-heading\">Biometrie-Marktforschung<\/h1>\n\n\n\n<figure class=\"gb-block-image gb-block-image-133f170e\"><img loading=\"lazy\" decoding=\"async\" width=\"1456\" height=\"816\" class=\"gb-image gb-image-133f170e\" src=\"https:\/\/www.sisinternational.com\/wp-content\/uploads\/2025\/08\/Cibersecurity-security-9.jpg\" alt=\"SIS International Market Research &amp; Strategy\" title=\"Cibersecurity security (9)\" srcset=\"https:\/\/www.sisinternational.com\/wp-content\/uploads\/2025\/08\/Cibersecurity-security-9.jpg 1456w, https:\/\/www.sisinternational.com\/wp-content\/uploads\/2025\/08\/Cibersecurity-security-9-300x168.jpg 300w, https:\/\/www.sisinternational.com\/wp-content\/uploads\/2025\/08\/Cibersecurity-security-9-1024x574.jpg 1024w, https:\/\/www.sisinternational.com\/wp-content\/uploads\/2025\/08\/Cibersecurity-security-9-768x430.jpg 768w, https:\/\/www.sisinternational.com\/wp-content\/uploads\/2025\/08\/Cibersecurity-security-9-18x10.jpg 18w\" sizes=\"auto, (max-width: 1456px) 100vw, 1456px\"><\/figure>\n\n\n\n<p><\/p>\n\n\n\n<hr class=\"wp-block-separator has-alpha-channel-opacity is-style-dots\"\/>\n\n\n\n<h2 class=\"wp-block-heading\">Biometrie ist ein aufstrebendes Forschungsfeld der Neuromarketing-Marktforschung. Diese Form des Marketings st\u00fctzt sich auf verschiedene biometrische Technologien und Anwendungen, um die kognitiven und emotionalen Reaktionen eines Teilnehmers auf bestimmte Reize zu verstehen. Die Reize k\u00f6nnen alles M\u00f6gliche sein, von Fernsehwerbung bis hin zu Online-Werbung.<\/h2>\n\n\n\n<p>Die Marktforschung mit biometrischen Methoden w\u00e4chst rasant, da sie Forschern die M\u00f6glichkeit bietet, die Reaktionen der Verbraucher auf ein bestimmtes Produkt oder eine bestimmte Dienstleistung zu beobachten, ohne tats\u00e4chlich einzugreifen. Die aus der Forschung gewonnenen Ergebnisse sind in der Regel sehr genau, da die meisten biometrischen Systeme darauf abzielen, den unterbewussten Teil des Geistes zu messen und so eine unverf\u00e4lschte Reaktion zu erzeugen.<\/p>\n\n\n\n<h3 class=\"wp-block-heading\"><strong>fMRT<\/strong> steht f\u00fcr funktionelle Magnetresonanztomographie (FMR), mit der die Aktivit\u00e4t im Gehirn gemessen wird, die durch Ver\u00e4nderungen der Durchblutung verursacht wird.<\/h3>\n\n\n\n<p>Dies ist eine relativ neue Form der biometrischen Marktforschung und erf\u00e4hrt gro\u00dfe Aufmerksamkeit. Diese Technik des Gehirnscannens hilft zu verstehen, wie Reize im Gehirn analysiert werden und welche Forschungstechnik am besten funktioniert, sowie die dahinter stehenden \u00dcberlegungen.<\/p>\n\n\n\n<p>Diese Form der Marktforschung ist jedoch relativ neu und bringt einige methodische und stichprobenbezogene Probleme mit sich. Weitere Informationen erhalten Sie bei SIS International Research.<\/p>\n\n\n\n<h3 class=\"wp-block-heading\"><strong>EEG<\/strong> ist ein Akronym f\u00fcr Elektroenzephalogramm.<\/h3>\n\n\n\n<p>Mit diesem Ger\u00e4t k\u00f6nnen Ver\u00e4nderungen der Gehirnstr\u00f6me gemessen werden. Es ist leicht erh\u00e4ltlich und liefert genaue und zuverl\u00e4ssige Informationen \u00fcber die Funktionsweise des menschlichen Gehirns. Das EEG misst die Gehirnaktivit\u00e4t auf einer unterbewussten Ebene, tief unter der Oberfl\u00e4che, wo \u00e4u\u00dfere Einfl\u00fcsse wie Erziehung, Sprache und andere Einfl\u00fcsse die Reaktionen beeinflussen k\u00f6nnen.<\/p>\n\n\n\n<p>EEG ist kosteng\u00fcnstiger als fMRI und erfordert weniger spezialisierte Einrichtungen, Ausr\u00fcstung und Techniker. Die Daten m\u00fcssen von einem Neurowissenschaftler in Informationen \u00fcbersetzt werden, die f\u00fcr Forscher verst\u00e4ndlich sind.<\/p>\n\n\n\n<h3 class=\"wp-block-heading\"><strong>Beobachtungsanalyse<\/strong> Dabei werden die Reaktionen der Teilnehmer auf bestimmte Reize untersucht.<\/h3>\n\n\n\n<p>Gesichtsausdr\u00fccke, Tonfall, Interaktion mit dem Produkt und andere Faktoren k\u00f6nnen von einem qualifizierten Beobachter analysiert werden. Mithilfe dieser Daten k\u00f6nnen Forscher Erkenntnisse \u00fcber bessere Produkte, Verbraucherverhalten und Marketingtechniken gewinnen.<\/p>\n\n\n\n<h3 class=\"wp-block-heading\"><strong>Herzfrequenz\u00fcberwachung<\/strong> wird h\u00e4ufig mit einem Ger\u00e4t durchgef\u00fchrt, das als Elektrokardiograph (EKG) bezeichnet wird.<\/h3>\n\n\n\n<p>This device is used to measure the condition and health of the human heart. In <a class=\"wpil_keyword_link\" href=\"https:\/\/www.sisinternational.com\/de\/neuromarketing-for-small-businesses\/\"   title=\"Neuromarketing f\u00fcr kleine Unternehmen\" data-wpil-keyword-link=\"linked\"  data-wpil-monitor-id=\"807\">neuromarketing<\/a>, an ECG helps marketers to observe the heart\u2019s physiological responses toward emotional stimuli.<\/p>\n\n\n\n<p>Die emotionalen Reaktionen auf Angst, Erleichterung und Stress werden alle gemessen, um den Vermarktern ein besseres Bild davon zu geben, wie ein Teilnehmer auf einen bestimmten Satz von Variablen reagiert. Dadurch k\u00f6nnen Forscher die Wirkung einer Werbung auf das Unterbewusstsein, das Verbraucherverhalten und die emotionalen Bereiche des Gehirns beobachten.<\/p>\n\n\n\n<h3 class=\"wp-block-heading\"><strong>Gesichtskodierung<\/strong> ist ein Prozess, bei dem die wahren Gesichtsausdr\u00fccke einer Person gelesen und verstanden werden.<\/h3>\n\n\n\n<p>Unter bestimmten Umst\u00e4nden k\u00f6nnen externe Variablen die Reaktion von Menschen auf Reize beeinflussen und ihr Verhalten, ihre emotionalen Reaktionen, ihre Einstellungen und ihre Optionen gegen\u00fcber einem Reiz beeinflussen. Facial Coding hilft dabei, die zugrunde liegende Emotion zu entschl\u00fcsseln, die sich im menschlichen Gesicht widerspiegelt, egal wie kurz sie ist. Der effektive Einsatz von Facial Coding kann Forschern dabei helfen, die wahren Reaktionen der Verbraucher auf das Produkt oder die Dienstleistung eines Unternehmens einzusch\u00e4tzen.<\/p>\n\n\n<h2>Unser Standort in New York<\/h2>\n<p><!-- \/wp:post-content --> <!-- wp:html --> <iframe loading=\"lazy\" src=\"https:\/\/www.google.com\/maps\/embed?pb=!1m18!1m12!1m3!1d3022.976188376966!2d-73.99130312499956!3d40.740549471389315!2m3!1f0!2f0!3f0!3m2!1i1024!2i768!4f13.1!3m3!1m2!1s0x89c259a15798c731%3A0xd695d09bdd495f25!2s11%20E%2022nd%20St%20FL%202%2C%20New%20York%2C%20NY%2010010%2C%20USA!5e0!3m2!1sen!2spe!4v1726171763526!5m2!1sen!2spe\" width=\"600\" height=\"450\" allowfullscreen=\"allowfullscreen\" data-mce-fragment=\"1\"><\/iframe> <!-- \/wp:html --> <!-- wp:paragraph --><\/p>\n<h3 class=\"wp-block-heading\">11 E 22nd Street, Floor 2, New York, NY 10010 T: +1(212) 505-6805<\/h3>\n<hr \/>\n<h2><span style=\"font-weight: 400;\">\u00dcber SIS International<\/span><\/h2>\n<p><a href=\"https:\/\/www.sisinternational.com\/de\/\"><span style=\"font-weight: 400;\">SIS International<\/span><\/a><span style=\"font-weight: 400;\"> bietet quantitative, qualitative und strategische Forschung an. Wir liefern Daten, Tools, Strategien, Berichte und Erkenntnisse zur Entscheidungsfindung. Wir f\u00fchren auch Interviews, Umfragen, Fokusgruppen und andere Methoden und Ans\u00e4tze der Marktforschung durch.<\/span><a href=\"https:\/\/www.sisinternational.com\/de\/about-sis-international-research\/contact-sis-international-market-research\/\"><span style=\"font-weight: 400;\"> Kontakt<\/span><\/a><span style=\"font-weight: 400;\"> f\u00fcr Ihr n\u00e4chstes Marktforschungsprojekt.<\/span><\/p>\n<\/p>","protected":false},"excerpt":{"rendered":"<p>Biometrische Marktforschung ist ein aufstrebendes Feld der Neuromarketingforschung. Sie liefert Daten \u00fcber die Reaktionen der Verbraucher auf Produkte und Dienstleistungen.<\/p>","protected":false},"author":1,"featured_media":0,"parent":14514,"menu_order":19,"comment_status":"closed","ping_status":"closed","template":"","meta":{"footnotes":""},"class_list":["post-15818","page","type-page","status-publish"],"_links":{"self":[{"href":"https:\/\/www.sisinternational.com\/de\/wp-json\/wp\/v2\/pages\/15818","targetHints":{"allow":["GET"]}}],"collection":[{"href":"https:\/\/www.sisinternational.com\/de\/wp-json\/wp\/v2\/pages"}],"about":[{"href":"https:\/\/www.sisinternational.com\/de\/wp-json\/wp\/v2\/types\/page"}],"author":[{"embeddable":true,"href":"https:\/\/www.sisinternational.com\/de\/wp-json\/wp\/v2\/users\/1"}],"replies":[{"embeddable":true,"href":"https:\/\/www.sisinternational.com\/de\/wp-json\/wp\/v2\/comments?post=15818"}],"version-history":[{"count":5,"href":"https:\/\/www.sisinternational.com\/de\/wp-json\/wp\/v2\/pages\/15818\/revisions"}],"predecessor-version":[{"id":75219,"href":"https:\/\/www.sisinternational.com\/de\/wp-json\/wp\/v2\/pages\/15818\/revisions\/75219"}],"up":[{"embeddable":true,"href":"https:\/\/www.sisinternational.com\/de\/wp-json\/wp\/v2\/pages\/14514"}],"wp:attachment":[{"href":"https:\/\/www.sisinternational.com\/de\/wp-json\/wp\/v2\/media?parent=15818"}],"curies":[{"name":"wp","href":"https:\/\/api.w.org\/{rel}","templated":true}]}}