{"id":15432,"date":"2015-04-21T12:48:26","date_gmt":"2015-04-21T12:48:26","guid":{"rendered":"https:\/\/www.sisinternational.com\/?page_id=15432"},"modified":"2025-10-20T01:08:52","modified_gmt":"2025-10-20T05:08:52","slug":"marktforschung-fur-diagnostische-bildgebung","status":"publish","type":"page","link":"https:\/\/www.sisinternational.com\/de\/sachverstand\/marktforschung-fur-diagnostische-bildgebung\/","title":{"rendered":"Marktforschung f\u00fcr diagnostische Bildgebung"},"content":{"rendered":"<h1 class=\"wp-block-heading\">Marktforschung f\u00fcr diagnostische Bildgebung<\/h1>\n\n\n\n<figure class=\"gb-block-image gb-block-image-967c7b70\"><img loading=\"lazy\" decoding=\"async\" width=\"1456\" height=\"816\" class=\"gb-image gb-image-967c7b70\" src=\"https:\/\/www.sisinternational.com\/wp-content\/uploads\/2025\/08\/Diagnostic-Imaging-3.jpg\" srcset=\"https:\/\/www.sisinternational.com\/wp-content\/uploads\/2025\/08\/Diagnostic-Imaging-3.jpg 1456w, https:\/\/www.sisinternational.com\/wp-content\/uploads\/2025\/08\/Diagnostic-Imaging-3-300x168.jpg 300w, https:\/\/www.sisinternational.com\/wp-content\/uploads\/2025\/08\/Diagnostic-Imaging-3-1024x574.jpg 1024w, https:\/\/www.sisinternational.com\/wp-content\/uploads\/2025\/08\/Diagnostic-Imaging-3-768x430.jpg 768w, https:\/\/www.sisinternational.com\/wp-content\/uploads\/2025\/08\/Diagnostic-Imaging-3-18x10.jpg 18w\" sizes=\"auto, (max-width: 1456px) 100vw, 1456px\" alt=\"SIS International Marktforschung &amp; Strategie\"><\/figure>\n\n\n\n<p><\/p>\n\n\n\n<h2 class=\"wp-block-heading p1\">Die Branche der medizinischen und diagnostischen Bildgebung wird in den kommenden Jahren voraussichtlich weiter wachsen, da eine alternde Bev\u00f6lkerung diese wichtigen Dienste immer mehr ben\u00f6tigt. Ein verbesserter Zugang zur Krankenversicherung f\u00fcr viele Amerikaner wird auch den Zugang zu diesen Diensten verbessern.<\/h2>\n\n\n\n<p class=\"p1\"><span class=\"s1\">Diagnostic imaging is a big business worldwide, generating billions in revenue.&nbsp; Diagnostic Market Research provides insight into market opportunities and positioning. <\/span><\/p>\n\n\n\n<p class=\"p1\"><span class=\"s1\">MRT, Ultraschall,<span class=\"Apple-converted-space\">&nbsp;E<\/span>lastography, and Thermology are becoming increasingly familiar to patients as these sought-after services provide tangible and beneficial medical results.&nbsp; <a href=\"https:\/\/www.sisinternational.com\/de\/kontaktieren-sie-sis-international-market-research\/\" title=\"Kontaktiere uns\"  data-wpil-monitor-id=\"8516\">SIS International Forschung<\/a> assists companies and new entrants in understanding the markets they are already in, and those they wish to penetrate. <\/span><\/p>\n\n\n\n<p class=\"p1\"><span class=\"s1\">We provide cutting-edge data, market insights, <a href=\"https:\/\/www.sisinternational.com\/de\/abdeckung\/marktforschung-asien\/wettbewerbsanalyse-china\/\" title=\"Wettbewerbsanalyse in China\"  data-wpil-monitor-id=\"8522\">competitive intelligence services, and expert analysis<\/a> that provide actionable insight for decision making.<\/span><\/p>\n\n\n\n<h3 class=\"wp-block-heading p1\">SIS International Research bietet Einblicke in die Einstellungen, Vorlieben und Gewohnheiten der Zielkunden. Ausf\u00fchrliche Interviews mit Gesundheitsexperten \u00f6ffnen zus\u00e4tzliche Einblicke in die Funktionsweise des sich schnell entwickelnden und lukrativen Bereichs der diagnostischen Bildgebung.<\/h3>\n\n\n\n<h2 class=\"wp-block-heading\">\u00dcber Diagnostic Imaging Market Research<\/h2>\n\n\n\n<p>Wir <a href=\"https:\/\/www.sisinternational.com\/de\/how-to-conduct-in-depth-interviews-for-market-insights\/\" title=\"So f\u00fchren Sie ausf\u00fchrliche Interviews durch, um Markteinblicke zu gewinnen\"  data-wpil-monitor-id=\"8524\">conduct Surveys and Interviews<\/a> with a variety of Decision Makers to provide data, insights and strategies.&nbsp; We speak with industry professionals including:<\/p>\n\n\n\n<ul class=\"wp-block-list\">\n<li>Leiter klinischer Labore<\/li>\n\n\n\n<li>Zytotechnologen<\/li>\n\n\n\n<li>Diagnostische Radiologen<\/li>\n\n\n\n<li>Mammographietechniker<\/li>\n\n\n\n<li>Direktoren f\u00fcr muskuloskelettale Bildgebung<\/li>\n\n\n\n<li>Ultraschalltechniker<\/li>\n\n\n\n<li>R\u00f6ntgentechniker<\/li>\n\n\n\n<li>Mitarbeiter der Patientenbetreuung<\/li>\n\n\n\n<li>Medizinische Empfangsdamen<\/li>\n\n\n\n<li>PVL-Technologen<\/li>\n\n\n\n<li>Cybersicherheitsmanager<\/li>\n\n\n\n<li>Biochemiker<\/li>\n\n\n\n<li>PET\/CT-Techniker<\/li>\n<\/ul>\n\n\n\n<p>SIS can give you a better <a href=\"https:\/\/www.sisinternational.com\/de\/abdeckung\/marktforschung-afrika\/marktforschung-in-mauretanien-afrika\/\" title=\"Marktforschung in Mauretanien, Afrika \u2013 ein \u00dcberblick\"  data-wpil-monitor-id=\"8518\">overview of target markets<\/a>, your competition, and the evolving trends that shape and transform this growing industry. Take advantage of what our 40+ years of <a href=\"https:\/\/www.sisinternational.com\/de\/sachverstand\/lebenslaufe\/lebenslauf-mit-erfahrungen-im-bereich-ethnographie\/\" title=\"Ethnographie Marktforschung Erfahrung\"  data-wpil-monitor-id=\"8520\">experience in marketing research<\/a> can do for you today.<\/p>\n\n\n\n<p><\/p>","protected":false},"excerpt":{"rendered":"<p>SIS bietet Strategieforschung und Kundeneinblicke f\u00fcr Unternehmen, die eine f\u00fchrende Rolle in der Branche der diagnostischen Bildgebung anstreben.  <\/p>","protected":false},"author":1,"featured_media":64774,"parent":14514,"menu_order":18,"comment_status":"open","ping_status":"open","template":"","meta":{"footnotes":""},"class_list":["post-15432","page","type-page","status-publish","has-post-thumbnail"],"_links":{"self":[{"href":"https:\/\/www.sisinternational.com\/de\/wp-json\/wp\/v2\/pages\/15432","targetHints":{"allow":["GET"]}}],"collection":[{"href":"https:\/\/www.sisinternational.com\/de\/wp-json\/wp\/v2\/pages"}],"about":[{"href":"https:\/\/www.sisinternational.com\/de\/wp-json\/wp\/v2\/types\/page"}],"author":[{"embeddable":true,"href":"https:\/\/www.sisinternational.com\/de\/wp-json\/wp\/v2\/users\/1"}],"replies":[{"embeddable":true,"href":"https:\/\/www.sisinternational.com\/de\/wp-json\/wp\/v2\/comments?post=15432"}],"version-history":[{"count":4,"href":"https:\/\/www.sisinternational.com\/de\/wp-json\/wp\/v2\/pages\/15432\/revisions"}],"predecessor-version":[{"id":81430,"href":"https:\/\/www.sisinternational.com\/de\/wp-json\/wp\/v2\/pages\/15432\/revisions\/81430"}],"up":[{"embeddable":true,"href":"https:\/\/www.sisinternational.com\/de\/wp-json\/wp\/v2\/pages\/14514"}],"wp:featuredmedia":[{"embeddable":true,"href":"https:\/\/www.sisinternational.com\/de\/wp-json\/wp\/v2\/media\/64774"}],"wp:attachment":[{"href":"https:\/\/www.sisinternational.com\/de\/wp-json\/wp\/v2\/media?parent=15432"}],"curies":[{"name":"wp","href":"https:\/\/api.w.org\/{rel}","templated":true}]}}