{"id":15242,"date":"2015-04-12T11:07:17","date_gmt":"2015-04-12T11:07:17","guid":{"rendered":"https:\/\/www.sisinternational.com\/?page_id=15242"},"modified":"2026-01-25T18:50:55","modified_gmt":"2026-01-25T23:50:55","slug":"spielzeugmarktforschung","status":"publish","type":"page","link":"https:\/\/www.sisinternational.com\/de\/sachverstand\/spielzeugmarktforschung\/","title":{"rendered":"Spielzeugmarktforschung"},"content":{"rendered":"<h1 class=\"wp-block-heading\">Spielzeugmarktforschung<\/h1>\n\n\n\n<figure class=\"gb-block-image gb-block-image-01584bb9\"><img loading=\"lazy\" decoding=\"async\" width=\"1456\" height=\"816\" class=\"gb-image gb-image-01584bb9\" src=\"https:\/\/www.sisinternational.com\/wp-content\/uploads\/2025\/08\/Toy-5.jpg\" alt=\"SIS International Marktforschung &amp; Strategie\" title=\"Toy (5)\" srcset=\"https:\/\/www.sisinternational.com\/wp-content\/uploads\/2025\/08\/Toy-5.jpg 1456w, https:\/\/www.sisinternational.com\/wp-content\/uploads\/2025\/08\/Toy-5-300x168.jpg 300w, https:\/\/www.sisinternational.com\/wp-content\/uploads\/2025\/08\/Toy-5-1024x574.jpg 1024w, https:\/\/www.sisinternational.com\/wp-content\/uploads\/2025\/08\/Toy-5-768x430.jpg 768w, https:\/\/www.sisinternational.com\/wp-content\/uploads\/2025\/08\/Toy-5-18x10.jpg 18w\" sizes=\"auto, (max-width: 1456px) 100vw, 1456px\"><\/figure>\n\n\n\n<p><\/p>\n\n\n\n<h3 class=\"wp-block-heading p1\">Heutzutage wandern Spielzeuge in die digitale Welt ab, und es gibt immer mehr digitalbasierte Spielzeuge f\u00fcr Kinder.<\/h3>\n\n\n\n<p class=\"p1\">The toy industry&nbsp;has experienced significant growth in the number of play options for kids.<\/p>\n\n\n\n<p class=\"p1\">Die Nachfrage nach Spielsachen kann saison- und preisabh\u00e4ngig sein, was f\u00fcr Unternehmen, die den wechselnden Kundengeschm\u00e4ckern und Modeprodukten immer einen Schritt voraus sein wollen, eine Herausforderung darstellt.<\/p>\n\n\n\n<p class=\"p1\">Toy store shelves and online sites are stocked with the latest, most innovative items. With so many customer touchpoints today, new <a href=\"https:\/\/www.sisinternational.com\/de\/der-datenschatz-der-sozialen-netzwerke-fur-marketingforscher\/\" title=\"Marktforschung zu sozialen Netzwerken: Chancen und Herausforderungen\"  data-wpil-monitor-id=\"10787\">opportunities and challenges<\/a> exist in the toy industry.<\/p>\n\n\n\n<p>SIS International Research has over 40+ years experience in <a href=\"https:\/\/www.sisinternational.com\/de\/sachverstand\/branchen\/marktforschung-fur-backwaren\/\" title=\"Marktforschung f\u00fcr Backwaren\"  data-wpil-monitor-id=\"5210\">Toy<\/a> market research experience, making us a go-to for major toy makers, advertisers and product managers.<\/p>\n\n\n\n<p>We provide Youth &amp; Children&#8217;s research, <a href=\"https:\/\/www.sisinternational.com\/de\/losungen\/branding-und-kundenforschungslosungen\/produkttests-marktforschung\/new-product-concept-testing-methods\/\" title=\"New Product Concept Testing Methods\"  data-wpil-monitor-id=\"10775\">Product Concept Testing<\/a>, regulation insights, Market Opportunity studies, Point-of-Sale data, and Decision Maker research.<\/p>\n\n\n\n<p>Unsere Marktforschungs- und Strategiel\u00f6sungen liefern unseren Kunden die neuesten Erkenntnisse, die sie zum Erreichen ihrer strategischen Ziele ben\u00f6tigen.<\/p>\n\n\n\n<h2 class=\"wp-block-heading\">L\u00f6sungen zur Spielzeugmarktforschung<\/h2>\n\n\n\n<p>Wir bieten an <a href=\"https:\/\/www.sisinternational.com\/de\/losungen\/stimme-des-kunden\/\" title=\"Stimme der Kundenforschung\"  data-wpil-monitor-id=\"10783\">research into Customers<\/a>, Competitors, Supply Chains, Market Context and Cultures.&nbsp; Important today are insights into the Digital Landscape including Omnichannel behavior, Customer Loyalty, Online Shopper Habits, and Willingness to Purchase.<\/p>\n\n\n\n<p>Our Qualitative Research <a href=\"https:\/\/www.sisinternational.com\/de\/focus-group-solutions-the-modern-approach\/\" title=\"Focus Group Solutions: The Modern Approach\"  data-wpil-monitor-id=\"10776\">solutions include Focus Groups<\/a>, In-Depth Interviews, Ethnography, Co-Creation and Video Interviews.&nbsp; Our Quantitative <a href=\"https:\/\/www.sisinternational.com\/de\/losungen\/marktforschungsunternehmen-mit-online-umfragen\/\" title=\"Online Umfrage Sampling Marktforschungsunternehmen\"  data-wpil-monitor-id=\"10778\">Research solutions include Mobile and Online Surveys<\/a> and Mall Intercepts.&nbsp; Our Strategy <a href=\"https:\/\/www.sisinternational.com\/de\/losungen\/qualitative-quantitative-forschungslosungen\/desk-research-for-competitive-analysis\/\" title=\"Desk Research for Competitive Analysis\"  data-wpil-monitor-id=\"10780\">Research solutions include Competitive Analysis<\/a>, Channel Intelligence, and Market Opportunity, Entry and Sizing Assessments.&nbsp; These solutions provide full insight into the entire business landscape.<\/p>\n\n\n\n<h2 class=\"wp-block-heading p1\">\u00dcber SIS Toy Market Research<\/h2>\n\n\n\n<p class=\"p1\">We incorporate focus groups, product testing, and concept testing techniques that provide our clients with the insight, data, and market analysis to make confident decisions about their <a href=\"https:\/\/www.sisinternational.com\/de\/losungen\/geschmackstest\/produkttestdienste-in-new-york\/\" title=\"Produkttestdienste in New York\"  data-wpil-monitor-id=\"10785\">products and services<\/a>. Research methodologies such as \u201cmall intercepts\u201d shed bright point-of-purchase light on consumer preferences, behaviors, and attitudes.<\/p>\n\n\n\n<h2 class=\"wp-block-heading\"><a href=\"https:\/\/www.sisinternational.com\/de\/about-sis\/contact-sis-international-market-research\/\">Kontaktieren Sie uns f\u00fcr Ihr n\u00e4chstes Spielzeugmarktforschungsprojekt.<\/a><\/h2>","protected":false},"excerpt":{"rendered":"<p>Erfahren Sie mehr \u00fcber unsere Erkenntnisse, Daten und Beratungsl\u00f6sungen aus der Spielwarenmarktforschung.<\/p>","protected":false},"author":1,"featured_media":63760,"parent":14514,"menu_order":17,"comment_status":"open","ping_status":"open","template":"","meta":{"footnotes":""},"class_list":["post-15242","page","type-page","status-publish","has-post-thumbnail"],"_links":{"self":[{"href":"https:\/\/www.sisinternational.com\/de\/wp-json\/wp\/v2\/pages\/15242","targetHints":{"allow":["GET"]}}],"collection":[{"href":"https:\/\/www.sisinternational.com\/de\/wp-json\/wp\/v2\/pages"}],"about":[{"href":"https:\/\/www.sisinternational.com\/de\/wp-json\/wp\/v2\/types\/page"}],"author":[{"embeddable":true,"href":"https:\/\/www.sisinternational.com\/de\/wp-json\/wp\/v2\/users\/1"}],"replies":[{"embeddable":true,"href":"https:\/\/www.sisinternational.com\/de\/wp-json\/wp\/v2\/comments?post=15242"}],"version-history":[{"count":4,"href":"https:\/\/www.sisinternational.com\/de\/wp-json\/wp\/v2\/pages\/15242\/revisions"}],"predecessor-version":[{"id":81768,"href":"https:\/\/www.sisinternational.com\/de\/wp-json\/wp\/v2\/pages\/15242\/revisions\/81768"}],"up":[{"embeddable":true,"href":"https:\/\/www.sisinternational.com\/de\/wp-json\/wp\/v2\/pages\/14514"}],"wp:featuredmedia":[{"embeddable":true,"href":"https:\/\/www.sisinternational.com\/de\/wp-json\/wp\/v2\/media\/63760"}],"wp:attachment":[{"href":"https:\/\/www.sisinternational.com\/de\/wp-json\/wp\/v2\/media?parent=15242"}],"curies":[{"name":"wp","href":"https:\/\/api.w.org\/{rel}","templated":true}]}}