{"id":15236,"date":"2015-04-10T04:31:18","date_gmt":"2015-04-10T04:31:18","guid":{"rendered":"https:\/\/www.sisinternational.com\/?page_id=15236"},"modified":"2026-03-12T12:48:05","modified_gmt":"2026-03-12T16:48:05","slug":"marktforschung-im-bereich-augenpflege","status":"publish","type":"page","link":"https:\/\/www.sisinternational.com\/de\/losungen\/marktforschung-im-gesundheitswesen-2\/marktforschung-im-bereich-augenpflege\/","title":{"rendered":"Marktforschung im Bereich Augenpflege"},"content":{"rendered":"<h1 class=\"wp-block-heading\">Marktforschung im Bereich Augenpflege<\/h1>\n\n\n\n<figure class=\"gb-block-image gb-block-image-5f35e46b\"><img loading=\"lazy\" decoding=\"async\" width=\"1456\" height=\"816\" class=\"gb-image gb-image-5f35e46b\" src=\"https:\/\/www.sisinternational.com\/wp-content\/uploads\/2025\/08\/Eyecare-6.jpg\" alt=\"SIS International Marktforschung &amp; Strategie\" title=\"Eyecare (6)\" srcset=\"https:\/\/www.sisinternational.com\/wp-content\/uploads\/2025\/08\/Eyecare-6.jpg 1456w, https:\/\/www.sisinternational.com\/wp-content\/uploads\/2025\/08\/Eyecare-6-300x168.jpg 300w, https:\/\/www.sisinternational.com\/wp-content\/uploads\/2025\/08\/Eyecare-6-1024x574.jpg 1024w, https:\/\/www.sisinternational.com\/wp-content\/uploads\/2025\/08\/Eyecare-6-768x430.jpg 768w, https:\/\/www.sisinternational.com\/wp-content\/uploads\/2025\/08\/Eyecare-6-18x10.jpg 18w\" sizes=\"auto, (max-width: 1456px) 100vw, 1456px\"><\/figure>\n\n\n<div class=\"wp-block-image\">\n<figure class=\"alignleft\"><img decoding=\"async\" src=\"https:\/\/www.sisinternational.com\/wp-content\/uploads\/2015\/04\/sis-market-research-vision-eyewear.jpg\" alt=\"sis-Marktforschung-Vision-Brillen-Optik-Augenpflege\" class=\"wp-image-15237\"\/><\/figure>\n<\/div>\n\n\n<p><\/p>\n\n\n\n<h2 class=\"wp-block-heading p1\">SIS International Research has an eye on the optical&nbsp;world, and our vision is 20\/20 when it comes to providing optical companies, eye care professionals, and leisure eyewear businesses with market research insight, data, intelligence, and analysis.<\/h2>\n\n\n\n<p><span style=\"font-weight: 400;\">In einer Welt, in der die Augengesundheit aufgrund von Faktoren wie Bildschirmzeit und alternder Bev\u00f6lkerung immer wichtiger wird, ist es unerl\u00e4sslich, die Dynamik des Marktes f\u00fcr Augenpflege zu verstehen. Wie k\u00f6nnen Unternehmen sich in diesem komplexen Umfeld zurechtfinden, um optimale L\u00f6sungen f\u00fcr die Augenpflege anzubieten? Marktforschung im Bereich Augenpflege ist f\u00fcr Unternehmen in der Regel das beste Instrument, um in diesem Markt erfolgreich zu sein.<\/span><\/p>\n\n\n\n<h2 class=\"wp-block-heading\"><span style=\"font-weight: 400;\">Was ist Marktforschung im Bereich Augenpflege?<\/span><\/h2>\n\n\n\n<p><span style=\"font-weight: 400;\">Eye <a href=\"https:\/\/www.sisinternational.com\/de\/sachverstand\/branchen\/marktforschung-zur-wundversorgung\/\" title=\"Marktforschung zur Wundversorgung\"  data-wpil-monitor-id=\"3167\">care market research<\/a> involves gathering and analyzing data related to consumer preferences, market trends, technological advancements, regulatory landscapes, and competitive dynamics within the eye care sector. The goal of <a href=\"https:\/\/www.sisinternational.com\/de\/ein-blick-auf-die-arabische-welt-von-ahmed-nassef-prasident-von-maktoob-research\/\" title=\"Ein Blick auf die arabische Welt von Ahmed Nassef, Pr\u00e4sident von Maktoob Research\"  data-wpil-monitor-id=\"4417\">Marktforschung im Bereich Augenpflege<\/a> is to provide stakeholders, including eye care providers, manufacturers, policymakers, and investors, with actionable insights that inform strategic decision-making and drive innovation in developing and delivering eye care products and services.<\/span><\/p>\n\n\n\n<h2 class=\"wp-block-heading\"><span style=\"font-weight: 400;\">Warum ben\u00f6tigen Unternehmen Marktforschung im Bereich Augenpflege?<\/span><\/h2>\n\n\n\n<p><span style=\"font-weight: 400;\">Eye <a href=\"https:\/\/www.sisinternational.com\/de\/sachverstand\/branchen\/marktforschung-fur-heimtierpflege\/\" title=\"Marktforschung f\u00fcr Heimtierpflege\"  data-wpil-monitor-id=\"6312\">care market research<\/a> helps businesses understand consumers&#8217; evolving needs and preferences regarding eye health products and services. With an in-depth understanding of factors such as demographic trends, lifestyle changes, and emerging health concerns, businesses can tailor their offerings to better meet the needs of their target audience, driving customer satisfaction and loyalty.<\/span><\/p>\n\n\n\n<p><span style=\"font-weight: 400;\">Mithilfe von Marktforschung k\u00f6nnen Unternehmen diese Trends verfolgen, indem sie Marktentwicklungen, Aktivit\u00e4ten der Konkurrenz und technologische Fortschritte verfolgen. Durch die fr\u00fchzeitige Erkennung neuer Trends k\u00f6nnen Unternehmen Chancen nutzen und der Konkurrenz einen Schritt voraus sein.<\/span><\/p>\n\n\n\n<p><span style=\"font-weight: 400;\">Moreover, eye care market research provides businesses with insights into competitor positioning, product offerings, pricing strategies, and marketing tactics. However, it delivers&nbsp; a range of additional benefits that contribute to their success in the industry, including:<\/span><\/p>\n\n\n\n<ul class=\"wp-block-list\">\n<li><b>Einblick in Verbraucherpr\u00e4ferenzen<\/b><span style=\"font-weight: 400;\">: Durch die Durchf\u00fchrung von Marktforschung erhalten Unternehmen wertvolle Einblicke in die Vorlieben, Verhaltensweisen und Einstellungen der Verbraucher in Bezug auf Produkte und Dienstleistungen im Bereich der Augenpflege.\u00a0<\/span><\/li>\n\n\n\n<li><b>Identifizierung von Marktchancen<\/b><span style=\"font-weight: 400;\">: Marktforschung hilft Unternehmen, ungenutzte Marktchancen in der Augenpflegebranche zu identifizieren. Dieser proaktive Ansatz erm\u00f6glicht es Unternehmen, Marktchancen zu nutzen, bevor die Konkurrenz es tut, und sich so einen Wettbewerbsvorteil zu verschaffen.<\/span><\/li>\n\n\n\n<li><b>Risikominimierung<\/b><span style=\"font-weight: 400;\">: Diese Marktforschung erm\u00f6glicht es Unternehmen, die potenziellen Risiken und Herausforderungen zu bewerten, die mit der Markteinf\u00fchrung neuer Produkte, der Markterweiterung oder strategischen Initiativen verbunden sind.\u00a0<\/span><\/li>\n\n\n\n<li><b>Strategische Entscheidungsfindung<\/b><span style=\"font-weight: 400;\">: Marktforschung im Bereich Augenheilkunde liefert Unternehmen die Daten und Erkenntnisse, die sie f\u00fcr strategische Entscheidungen ben\u00f6tigen, die das Unternehmenswachstum und die Rentabilit\u00e4t f\u00f6rdern. Indem sie ihre Entscheidungen auf empirische Beweise und Marktinformationen st\u00fctzen, k\u00f6nnen Unternehmen Unsicherheiten minimieren, die Ressourcenzuweisung optimieren und den Return on Investment maximieren.<\/span><\/li>\n<\/ul>\n\n\n\n<h2 class=\"wp-block-heading\"><span style=\"font-weight: 400;\">Wer nutzt Marktforschung im Bereich Augenpflege?<\/span><\/h2>\n\n\n\n<p><b>Anbieter von Augenpflege<\/b><span style=\"font-weight: 400;\"> Verlassen Sie sich auf Marktforschung, um \u00fcber Branchentrends, neue Technologien und Patientenpr\u00e4ferenzen auf dem Laufenden zu bleiben. Mit den Erkenntnissen aus dieser Marktforschung k\u00f6nnen Augen\u00e4rzte ihre Dienstleistungen, Behandlungen und Praxismanagementstrategien anpassen, um den Patientenbed\u00fcrfnissen besser gerecht zu werden und in der Branche wettbewerbsf\u00e4hig zu bleiben.<\/span><\/p>\n\n\n\n<p><a href=\"https:\/\/www.sisinternational.com\/de\/sachverstand\/branchen\/marktforschung-fur-medizinische-gerate\/\" title=\"Marktforschung f\u00fcr medizinische Ger\u00e4te\"  data-wpil-monitor-id=\"3166\">Medical Device Manufacturers use market research<\/a> to guide product development, innovation, and commercialization efforts. By conducting market assessments, competitor analyses, and consumer studies, they can identify unmet needs, assess market demand, and prioritize product features that address market gaps.&nbsp;<\/span><\/p>\n\n\n\n<p><a href=\"https:\/\/www.sisinternational.com\/de\/sachverstand\/branchen\/pharmamarktforschung\/\" title=\"Pharmazeutische Marktforschung\"  data-wpil-monitor-id=\"6300\">Pharmaceutical Companies use market research<\/a> to inform their drug development pipeline, regulatory strategy, and commercialization efforts. This enables them to develop targeted therapies that address specific patient populations and gain regulatory approval.<\/span><\/p>\n\n\n\n<p><b>Investoren und Finanzanalysten<\/b><span style=\"font-weight: 400;\"> Nutzen Sie Marktforschung, um Investitionsm\u00f6glichkeiten zu bewerten und die finanzielle Leistungsf\u00e4higkeit von Unternehmen der Augenpflegebranche zu beurteilen. So k\u00f6nnen Sie Kapital in Unternehmen mit starkem Wachstumspotenzial und Wertsch\u00f6pfungsm\u00f6glichkeiten im dynamischen Augenpflegemarkt investieren.<\/span><\/p>\n\n\n\n<h2 class=\"wp-block-heading\"><span style=\"font-weight: 400;\">Wann sollte eine Marktforschung im Bereich Augenpflege durchgef\u00fchrt werden?<\/span><\/h2>\n\n\n\n<figure class=\"gb-block-image gb-block-image-c407778d\"><img loading=\"lazy\" decoding=\"async\" width=\"1456\" height=\"816\" class=\"gb-image gb-image-c407778d\" src=\"https:\/\/www.sisinternational.com\/wp-content\/uploads\/2025\/08\/Eyecare-4.jpg\" alt=\"SIS International Marktforschung &amp; Strategie\" title=\"Eyecare (4)\" srcset=\"https:\/\/www.sisinternational.com\/wp-content\/uploads\/2025\/08\/Eyecare-4.jpg 1456w, https:\/\/www.sisinternational.com\/wp-content\/uploads\/2025\/08\/Eyecare-4-300x168.jpg 300w, https:\/\/www.sisinternational.com\/wp-content\/uploads\/2025\/08\/Eyecare-4-1024x574.jpg 1024w, https:\/\/www.sisinternational.com\/wp-content\/uploads\/2025\/08\/Eyecare-4-768x430.jpg 768w, https:\/\/www.sisinternational.com\/wp-content\/uploads\/2025\/08\/Eyecare-4-18x10.jpg 18w\" sizes=\"auto, (max-width: 1456px) 100vw, 1456px\"><\/figure>\n\n\n\n<p><\/p>\n\n\n\n<p><span style=\"font-weight: 400;\">Marktforschung im Bereich Augenpflege sollte an strategischen Punkten im gesamten Produktlebenszyklus und als Reaktion auf spezifische Gesch\u00e4ftsziele durchgef\u00fchrt werden. Hier sind wichtige F\u00e4lle, in denen Marktforschung im Bereich Augenpflege besonders vorteilhaft ist:<\/span><\/p>\n\n\n\n<ul class=\"wp-block-list\">\n<li><b>Neue Produktentwicklung<\/b><span style=\"font-weight: 400;\">: Bevor mit der Entwicklung eines neuen Produkts oder einer neuen Dienstleistung im Bereich der Augenpflege begonnen wird, ist es unbedingt erforderlich, eine Marktforschung durchzuf\u00fchren, um die Marktnachfrage einzusch\u00e4tzen, unerf\u00fcllte Bed\u00fcrfnisse zu ermitteln und die Vorlieben der Verbraucher zu verstehen.\u00a0<\/span><\/li>\n\n\n\n<li><b>Markteintritt oder -erweiterung<\/b><span style=\"font-weight: 400;\">: Beim Eintritt in einen neuen geografischen Markt oder der Expansion in ein neues Segment der Augenpflegebranche ist Marktforschung unerl\u00e4sslich, um die lokale Marktdynamik, die gesetzlichen Anforderungen und das Wettbewerbsumfeld zu verstehen.\u00a0<\/span><\/li>\n\n\n\n<li><b>Wettbewerbsanalyse<\/b><span style=\"font-weight: 400;\">: Um in der Augenheilkundebranche wettbewerbsf\u00e4hig zu bleiben, ist es wichtig, die Aktivit\u00e4ten der Konkurrenz und Markttrends regelm\u00e4\u00dfig zu \u00fcberwachen. Durch die Durchf\u00fchrung fortlaufender Wettbewerbsanalysen k\u00f6nnen Unternehmen neue Konkurrenten identifizieren, ihre Strategien verfolgen und ihre Leistung mit der ihrer Mitbewerber in der Branche vergleichen.\u00a0<\/span><\/li>\n\n\n\n<li><b>Verbrauchereinblicke<\/b><span style=\"font-weight: 400;\">: Das Sammeln von Einblicken in die Vorlieben, Verhaltensweisen und Wahrnehmungen der Verbraucher ist f\u00fcr die Entwicklung von Produkten und Dienstleistungen im Bereich Augenpflege, die bei der Zielgruppe Anklang finden, unerl\u00e4sslich. Durch die Durchf\u00fchrung von Verbraucherstudien, Umfragen und Fokusgruppen k\u00f6nnen Unternehmen Feedback zu Produktkonzepten, Verpackungsdesigns, Preisstrategien und Marketingbotschaften sammeln.\u00a0<\/span><\/li>\n<\/ul>\n\n\n\n<h2 class=\"wp-block-heading\"><span style=\"font-weight: 400;\">F\u00fchrende Akteure auf dem Markt f\u00fcr Augenpflege<\/span><\/h2>\n\n\n\n<p><span style=\"font-weight: 400;\">Der Markt f\u00fcr Augenpflege umfasst mehrere wichtige Akteure in verschiedenen Segmenten, darunter Pharmazeutika, medizinische Ger\u00e4te, Brillen und Gesundheitsdienstleistungen. Einige der Hauptakteure in der Augenpflegebranche sind:<\/span><\/p>\n\n\n\n<ul class=\"wp-block-list\">\n<li><b>Novartis AG<\/b><span style=\"font-weight: 400;\">: Novartis ist ein multinationales Pharmaunternehmen mit bedeutender Pr\u00e4senz im Augenpflegemarkt. Der Unternehmensbereich Alcon konzentriert sich auf die Entwicklung und Herstellung einer breiten Palette von ophthalmischen Arzneimitteln, chirurgischen Ger\u00e4ten und Produkten zur Sehpflege.\u00a0<\/span><\/li>\n\n\n\n<li><b>Johnson &amp; Johnson Vision<\/b><span style=\"font-weight: 400;\">: Johnson &amp; Johnson Vision ist ein f\u00fchrender Anbieter von Kontaktlinsen, Intraokularlinsen und Produkten f\u00fcr die Augenchirurgie. Das Portfolio des Unternehmens umfasst beliebte Kontaktlinsenmarken wie Acuvue und chirurgische Ger\u00e4te f\u00fcr Eingriffe wie Kataraktoperationen und refraktive Chirurgie.\u00a0<\/span><\/li>\n\n\n\n<li><b>EssilorLuxottica<\/b><span style=\"font-weight: 400;\">: EssilorLuxottica ist ein f\u00fchrender Anbieter auf dem Brillenmarkt und hat sich auf Design, Herstellung und Vertrieb von Brillengl\u00e4sern, Brillengestellen und Sonnenbrillen spezialisiert. Zu den Marken des Unternehmens z\u00e4hlen unter anderem Essilor, Varilux, Transitions, Ray-Ban und Oakley.\u00a0<\/span><\/li>\n<\/ul>\n\n\n\n<h2 class=\"wp-block-heading\"><span style=\"font-weight: 400;\">Chancen im Markt f\u00fcr Augenheilkunde&nbsp;<\/span><\/h2>\n\n\n\n<p><span style=\"font-weight: 400;\">Unternehmen der Augenheilkundebranche k\u00f6nnen mithilfe der Marktforschung zahlreiche Wachstums- und Innovationsm\u00f6glichkeiten nutzen:<\/span><\/p>\n\n\n\n<ul class=\"wp-block-list\">\n<li><b>Schwellenl\u00e4nder<\/b><span style=\"font-weight: 400;\">: Marktforschung hilft Unternehmen dabei, Expansionsm\u00f6glichkeiten in Schwellenm\u00e4rkte mit steigender Nachfrage nach Produkten und Dienstleistungen im Bereich der Augenpflege zu erkennen. Durch die Analyse demografischer Trends, der Gesundheitsinfrastruktur und des regulatorischen Umfelds k\u00f6nnen Unternehmen ma\u00dfgeschneiderte Strategien entwickeln, um in neue M\u00e4rkte einzutreten, Pr\u00e4senz zu zeigen und Marktanteile zu gewinnen.<\/span><\/li>\n\n\n\n<li><b>Technologische Fortschritte<\/b><span style=\"font-weight: 400;\">: Die Augenheilkundebranche erlebt rasante technologische Fortschritte, darunter Innovationen bei Diagnoseinstrumenten, Operationstechniken und therapeutischen Eingriffen. Durch Marktforschung k\u00f6nnen Unternehmen diese Entwicklungen verfolgen, die Marktnachfrage nach neuen Technologien einsch\u00e4tzen und M\u00f6glichkeiten f\u00fcr Investitionen oder Partnerschaften identifizieren.\u00a0<\/span><\/li>\n\n\n\n<li><b>Personalisierte Medizin<\/b><span style=\"font-weight: 400;\">: Marktforschung erleichtert die Einf\u00fchrung personalisierter medizinischer Ans\u00e4tze in der Augenheilkundebranche und erm\u00f6glicht Unternehmen die Entwicklung gezielter Therapien und Eingriffe auf der Grundlage individueller Patientenmerkmale und genetischer Profile.\u00a0<\/span><\/li>\n\n\n\n<li><b>Telemedizin und Fern\u00fcberwachung<\/b>: The rise of telemedicine and remote monitoring technologies presents opportunities for businesses to deliver <a href=\"https:\/\/www.sisinternational.com\/de\/unternehmensgrundung-in-der-turkei\/\" title=\"Unternehmensgr\u00fcndung in der T\u00fcrkei\"  data-wpil-monitor-id=\"3889\">eye care<\/a> services beyond traditional clinical settings. Market research helps businesses assess consumer attitudes toward telemedicine, identify barriers to adoption, and understand regulatory considerations.\u00a0<\/span><\/li>\n<\/ul>\n\n\n\n<h2 class=\"wp-block-heading\"><span style=\"font-weight: 400;\">Wie die Marktforschung von SIS International im Bereich Augenpflege Unternehmen hilft<\/span><\/h2>\n\n\n\n<p><a href=\"https:\/\/www.linkedin.com\/company\/sisinternationalresearch\/\" target=\"_blank\" rel=\"noopener\"><span style=\"font-weight: 400;\">SIS International<\/span><\/a> <span style=\"font-weight: 400;\">bietet spezialisierte Marktforschungsdienste f\u00fcr die Augenheilkunde an, um Unternehmen mit umsetzbaren Erkenntnissen und strategischer Beratung zu versorgen. So kann die Expertise von SIS International Unternehmen dabei helfen, in der Augenheilkundebranche erfolgreich zu sein:<\/span><\/p>\n\n\n\n<p><b>Umfassendes Branchenwissen<\/b><span style=\"font-weight: 400;\">: Das Forschungsteam von SIS International verf\u00fcgt \u00fcber umfassende Erfahrung und Fachkenntnisse in der Augenheilkundebranche. Mit einem umfassenden Verst\u00e4ndnis der Marktdynamik, der regulatorischen Rahmenbedingungen und der technologischen Trends bietet SIS International seinen Kunden wertvolle Einblicke, die strategische Entscheidungen unterst\u00fctzen und das Gesch\u00e4ftswachstum vorantreiben.<\/span><\/p>\n\n\n\n<p><b>Ma\u00dfgeschneiderte Forschungsl\u00f6sungen<\/b><span style=\"font-weight: 400;\">: SIS bietet ma\u00dfgeschneiderte Forschungsl\u00f6sungen, die auf die individuellen Bed\u00fcrfnisse und Ziele jedes Kunden zugeschnitten sind. Von Marktbewertungen und Wettbewerbsanalysen bis hin zu Verbraucherstudien und Produkttests liefert SIS International seinen Kunden die Daten und Erkenntnisse, die sie ben\u00f6tigen, um fundierte Entscheidungen zu treffen und ihre Gesch\u00e4ftsziele zu erreichen.<\/span><\/p>\n\n\n\n<p><b>Globale Reichweite und Expertise<\/b><span style=\"font-weight: 400;\">: Mit einem globalen Netzwerk aus Forschungsexperten und Branchenexperten bieten wir Unternehmen Zugang zu lokalisierten Marktinformationen und Brancheneinblicken in verschiedenen geografischen Regionen. Die globale Reichweite von SIS International erm\u00f6glicht es den Kunden, ein umfassendes Verst\u00e4ndnis der Verbraucherpr\u00e4ferenzen, Markttrends und Wettbewerbsdynamiken zu erlangen, was eine fundierte Entscheidungsfindung und die Entwicklung von Marktstrategien erleichtert.<\/span><\/p>\n\n\n\n<p><b>Fortschrittliche Technologien und Werkzeuge<\/b><span style=\"font-weight: 400;\">: Unsere Berater nutzen fortschrittliche Technologien und Tools, um die Effizienz, Genauigkeit und Tiefe der Marktforschung im Bereich Augenpflege zu verbessern. Von Online-Umfragen und Fokusgruppen bis hin zu Virtual-Reality-Simulationen und Eye-Tracking-Technologie verwenden wir innovative Ans\u00e4tze, um Verbraucherfeedback zu sammeln, Marktdaten zu analysieren und umsetzbare Erkenntnisse abzuleiten.<\/span><\/p>\n\n\n\n<p><b>Strategische Leitlinien und Empfehlungen<\/b><span style=\"font-weight: 400;\">: SIS bietet seinen Kunden strategische Beratung und Empfehlungen auf der Grundlage von Forschungsergebnissen, sodass Unternehmen Erkenntnisse in konkrete Gesch\u00e4ftsergebnisse umsetzen k\u00f6nnen. Durch die Nutzung der Expertise und Erkenntnisse von SIS International k\u00f6nnen Unternehmen die Komplexit\u00e4t des Marktes meistern, Chancen nutzen und ihre Gesch\u00e4ftsziele in der wettbewerbsintensiven Augenpflegebranche erreichen.<\/span><\/p>\n\n\n\n<h2 class=\"wp-block-heading\">Marktforschungsl\u00f6sungen f\u00fcr die Augenpflege<\/h2>\n\n\n\n<p>Unsere Marktforschungsl\u00f6sungen umfassen:<\/p>\n\n\n\n<ul class=\"wp-block-list\">\n<li>Schwerpunktgruppen<\/li>\n\n\n\n<li>Patienteninterviews<\/li>\n\n\n\n<li>Anwendungstests zu Hause<\/li>\n\n\n\n<li>Online-Communitys<\/li>\n\n\n\n<li>Umfragen<\/li>\n\n\n\n<li>Wettbewerbsanalyse<\/li>\n\n\n\n<li>Markteintritts- und Chancenbewertungen<\/li>\n<\/ul>\n\n\n\n<p class=\"p1\">Im In- und Ausland gibt es in der Augenheilkunde zahlreiche M\u00f6glichkeiten. Die Forschungs- und Strategieteams von SIS International verschaffen Unternehmen den Wettbewerbsvorteil, den sie f\u00fcr ihren Erfolg ben\u00f6tigen.<\/p>","protected":false},"excerpt":{"rendered":"<p>SIS International Research hat ein Auge auf die optische Welt und unsere Vision ist 20\/20. Erfahren Sie mehr \u00fcber unsere Marktforschungsl\u00f6sungen im Bereich Augenpflege.<\/p>","protected":false},"author":1,"featured_media":64502,"parent":11294,"menu_order":16,"comment_status":"closed","ping_status":"closed","template":"","meta":{"footnotes":""},"class_list":["post-15236","page","type-page","status-publish","has-post-thumbnail"],"_links":{"self":[{"href":"https:\/\/www.sisinternational.com\/de\/wp-json\/wp\/v2\/pages\/15236","targetHints":{"allow":["GET"]}}],"collection":[{"href":"https:\/\/www.sisinternational.com\/de\/wp-json\/wp\/v2\/pages"}],"about":[{"href":"https:\/\/www.sisinternational.com\/de\/wp-json\/wp\/v2\/types\/page"}],"author":[{"embeddable":true,"href":"https:\/\/www.sisinternational.com\/de\/wp-json\/wp\/v2\/users\/1"}],"replies":[{"embeddable":true,"href":"https:\/\/www.sisinternational.com\/de\/wp-json\/wp\/v2\/comments?post=15236"}],"version-history":[{"count":10,"href":"https:\/\/www.sisinternational.com\/de\/wp-json\/wp\/v2\/pages\/15236\/revisions"}],"predecessor-version":[{"id":79895,"href":"https:\/\/www.sisinternational.com\/de\/wp-json\/wp\/v2\/pages\/15236\/revisions\/79895"}],"up":[{"embeddable":true,"href":"https:\/\/www.sisinternational.com\/de\/wp-json\/wp\/v2\/pages\/11294"}],"wp:featuredmedia":[{"embeddable":true,"href":"https:\/\/www.sisinternational.com\/de\/wp-json\/wp\/v2\/media\/64502"}],"wp:attachment":[{"href":"https:\/\/www.sisinternational.com\/de\/wp-json\/wp\/v2\/media?parent=15236"}],"curies":[{"name":"wp","href":"https:\/\/api.w.org\/{rel}","templated":true}]}}