{"id":15230,"date":"2015-04-09T22:53:29","date_gmt":"2015-04-09T22:53:29","guid":{"rendered":"https:\/\/www.sisinternational.com\/?page_id=15230"},"modified":"2026-01-25T17:34:48","modified_gmt":"2026-01-25T22:34:48","slug":"modemarktforschung","status":"publish","type":"page","link":"https:\/\/www.sisinternational.com\/de\/sachverstand\/modemarktforschung\/","title":{"rendered":"Marktforschung f\u00fcr Mode und Bekleidung"},"content":{"rendered":"<h1 class=\"wp-block-heading\">Marktforschung f\u00fcr Mode und Bekleidung<\/h1>\n\n\n\n<figure class=\"gb-block-image gb-block-image-5b0afa6b\"><img loading=\"lazy\" decoding=\"async\" width=\"1456\" height=\"816\" class=\"gb-image gb-image-5b0afa6b\" src=\"https:\/\/www.sisinternational.com\/wp-content\/uploads\/2025\/08\/Menswear-apparel-fashion-2.jpg\" srcset=\"https:\/\/www.sisinternational.com\/wp-content\/uploads\/2025\/08\/Menswear-apparel-fashion-2.jpg 1456w, https:\/\/www.sisinternational.com\/wp-content\/uploads\/2025\/08\/Menswear-apparel-fashion-2-300x168.jpg 300w, https:\/\/www.sisinternational.com\/wp-content\/uploads\/2025\/08\/Menswear-apparel-fashion-2-1024x574.jpg 1024w, https:\/\/www.sisinternational.com\/wp-content\/uploads\/2025\/08\/Menswear-apparel-fashion-2-768x430.jpg 768w, https:\/\/www.sisinternational.com\/wp-content\/uploads\/2025\/08\/Menswear-apparel-fashion-2-18x10.jpg 18w\" sizes=\"auto, (max-width: 1456px) 100vw, 1456px\" alt=\"SIS International Marktforschung &amp; Strategie\"><\/figure>\n\n\n\n<p><\/p>\n\n\n\n<h2 class=\"wp-block-heading p1\">Wir leben in einem datenintensiven Zeitalter, in dem erfolgreiche Unternehmen sofortige Informationen ben\u00f6tigen, um fundierte Entscheidungen treffen zu k\u00f6nnen. Fashion Market Research bietet Ihnen die Einblicke, Informationen, Daten und Analysen, die Sie f\u00fcr fundierte Entscheidungen ben\u00f6tigen.<\/h2>\n\n\n\n<h3 class=\"wp-block-heading\">Wir bieten an:<\/h3>\n\n\n\n<ul class=\"wp-block-list\">\n<li>Forschung zu Millennials und Generation Z<\/li>\n\n\n\n<li>Fokusgruppen mit Kunden und Nicht-Kunden<\/li>\n\n\n\n<li>Wohlhabende Marktforschung<\/li>\n\n\n\n<li>Wettbewerbsintelligenz<\/li>\n\n\n\n<li><a href=\"https:\/\/www.sisinternational.com\/de\/losungen\/fintech-strategieberatung-forschung\/marktforschung-im-bereich-supply-chain-finance\/\" title=\"Marktforschung f\u00fcr Supply Chain Finance\"  data-wpil-monitor-id=\"8180\">Lieferkettenforschung<\/a><\/li>\n\n\n\n<li>Trendeinblicke<\/li>\n\n\n\n<li><a href=\"https:\/\/www.sisinternational.com\/de\/sachverstand\/branchen\/digitale-kundenerfahrung-cx-marktforschung\/\" title=\"Marktforschung zur digitalen Kundenerfahrung (CX)\"  data-wpil-monitor-id=\"8181\">Kundenerfahrungs- und Loyalit\u00e4tsforschung<\/a><\/li>\n\n\n\n<li><a href=\"https:\/\/www.sisinternational.com\/de\/sachverstand\/bric-marktforschung\/\" title=\"BRIC-Marktforschung (Brasilien, Russland, Indien und China)\"  data-wpil-monitor-id=\"8182\">BRIC Emerging Markets<\/a> Apparel Insights<\/li>\n<\/ul>\n\n\n\n<h2 class=\"wp-block-heading\">Forschungsl\u00f6sungen f\u00fcr die Bekleidungsbranche<\/h2>\n\n\n\n<p>SIS International <a href=\"https:\/\/www.sisinternational.com\/de\/sachverstand\/branchen\/zoologie-marktforschung\/\" title=\"Zoologie Marktforschung\"  data-wpil-monitor-id=\"4301\">Research for our experience in comprehensive Market<\/a> Assessments, Consumer Behavioral and Attitudinal studies, Omnichannel Insights, Competitive Intelligence campaigns, Mall Intercepts, Focus Groups, Grey Goods studies and more.<\/p>\n\n\n\n<p>We are also skilled in the &#8220;Fast Fashion&#8221; <a href=\"https:\/\/www.sisinternational.com\/de\/losungen\/verbrauchermarktforschung\/\" title=\"Consumer Market Research Services for Smarter Business Decisions\"  data-wpil-monitor-id=\"8184\">business model and new fashion subscription service<\/a> models.<\/p>\n\n\n\n<p>Unsere Methoden der Marktforschung liefern innovative Strategien zur Maximierung Ihrer Effizienz und Effektivit\u00e4t auf dem Markt und erschlie\u00dfen die Daten und Kenntnisse, die Sie f\u00fcr den Aufbau von Wettbewerbsvorteilen ben\u00f6tigen.<\/p>\n\n\n\n<h2 class=\"wp-block-heading p1\"><span class=\"s1\">Ziele der Bekleidungsmarktforschung<\/span><\/h2>\n\n\n\n<ul class=\"wp-block-list\">\n<li><span class=\"s1\">Sammeln Sie Erkenntnisse zum Verhalten und zur Einstellung der Verbraucher gegen\u00fcber Bekleidung und wichtigen Marken.<\/span><\/li>\n\n\n\n<li><span class=\"s1\">Gewinnen Sie Einblicke in die allgemeinen Modebed\u00fcrfnisse der Zielkonsumenten f\u00fcr verschiedene Anl\u00e4sse und Lebensstile und erfahren Sie, wie sich dies auf ihren \u201eAnteil am Geldbeutel f\u00fcr Bekleidung\u201c auswirkt.<\/span><\/li>\n\n\n\n<li><span class=\"s1\">Gewinnen Sie Einblicke in die Einstellung und Interaktion der Verbraucher mit Bekleidung im Massensegment im Vergleich zu Premium- und Luxusmarken.<\/span><\/li>\n\n\n\n<li><span class=\"s1\">Verstehen Sie die Wahrnehmung von und die Beziehung zu wichtigen Marken, um Folgendes zu bestimmen:<\/span>\n<ul class=\"wp-block-list\">\n<li><span class=\"s1\">Markenwahrnehmung und Selbstbeziehung<\/span><\/li>\n\n\n\n<li><span class=\"s1\">potenzielle Dynamik und Eigenkapitalwachstum<\/span><\/li>\n\n\n\n<li><span class=\"s1\">Identifizieren Sie die wichtigsten Treiber der Markenzugeh\u00f6rigkeit <\/span><\/li>\n<\/ul>\n<\/li>\n\n\n\n<li><span class=\"s1\">Gain insights into <a href=\"https:\/\/www.sisinternational.com\/de\/veroffentlichungen\/kauferverhalten-nach-corona-neue-verbraucher\/\" title=\"K\u00e4uferverhalten nach Corona \u2013 Verbrauchermarktforschung\"  data-wpil-monitor-id=\"8183\">consumers\u2019 cross-channel purchase behavior<\/a> including a focus on digital and emerging channels.<\/span><\/li>\n<\/ul>\n\n\n\n<h2 class=\"wp-block-heading\"><b><\/b>Face-to-Face-Bekleidungsforschung<\/h2>\n\n\n\n<ul class=\"wp-block-list ul1\">\n<li><span class=\"s1\">Ausdruck der von den Befragten gemachten \u201eSelfies\u201c (als Anregung verwenden)<\/span><\/li>\n\n\n\n<li><span class=\"s1\">Print out <a href=\"https:\/\/www.sisinternational.com\/de\/brand-audit-in-new-york-the-complete-guide-to-strengthening-your-brand\/\" title=\"Brand Audit in New York: The Complete Guide to Strengthening Your Brand\"  data-wpil-monitor-id=\"8185\">Brand Association Self Completion<\/a> forms (for distribution)<\/span><\/li>\n\n\n\n<li><span class=\"s1\">Zum Aufzeichnen der Gruppensitzung ist WLAN erforderlich&nbsp;<\/span><\/li>\n\n\n\n<li><span class=\"s1\">Eine Audioaufzeichnung der Sitzung.<span class=\"Apple-converted-space\"> &nbsp;<\/span><\/span><\/li>\n\n\n\n<li><span class=\"s1\">Flipcharts<\/span><\/li>\n\n\n\n<li><span class=\"s1\">Post-Its oder kleine Notizkarten<\/span><\/li>\n\n\n\n<li><span class=\"s1\">Schreibmaterialien<\/span><\/li>\n<\/ul>\n\n\n\n<h2 class=\"wp-block-heading\"><b><\/b><span class=\"s4\">Selfie-Recherche und Hausaufgaben<\/span><\/h2>\n\n\n\n<p><span class=\"s1\">Die Teilnehmer k\u00f6nnen \u00fcber einen Zeitraum von 7 aufeinanderfolgenden Tagen mithilfe von \u201eSelfies\u201c ein Tagebuch ihrer Outfits f\u00fchren.<span class=\"Apple-converted-space\">&nbsp; <\/span>Diese Selfies werden drei Tage vor ihrer Gruppensitzung an die Moderatoren gesendet.<\/span><\/p>\n\n\n\n<h2 class=\"wp-block-heading\"><span class=\"s1\">Einblicke in Einstellung und Verhalten<\/span><\/h2>\n\n\n\n<ul class=\"wp-block-list\">\n<li>Hemden<\/li>\n\n\n\n<li>Hose<\/li>\n\n\n\n<li>Sport\/ Fitnessstudio\/ \u201eAthleisure\u201c<\/li>\n\n\n\n<li>Schuhwerk<\/li>\n\n\n\n<li>Lederwaren zB Taschen, Geldb\u00f6rsen, G\u00fcrtel<\/li>\n\n\n\n<li>Zubeh\u00f6r<\/li>\n\n\n\n<li>Sch\u00f6nheit<\/li>\n<\/ul>\n\n\n\n<h2 class=\"wp-block-heading\">Kanaleinblicke<\/h2>\n\n\n\n<ul class=\"wp-block-list\">\n<li>Warenh\u00e4user<\/li>\n\n\n\n<li>Premium-Marken-Fachgesch\u00e4ft<\/li>\n\n\n\n<li>Multilabel-Boutiquen<\/li>\n\n\n\n<li>Fast-Fashion-L\u00e4den (Einzelhandel\/Online)<\/li>\n\n\n\n<li>\u201eOff Price\u201c \/ Discountl\u00e4den<\/li>\n\n\n\n<li>Websites zum Online-Modeeinkauf<\/li>\n\n\n\n<li>Peer-to-Peer\/ Soziale Medien<\/li>\n<\/ul>\n\n\n\n<h2 class=\"wp-block-heading\">Informationsbereiche<\/h2>\n\n\n\n<ul class=\"wp-block-list\">\n<li>Anteil der Garderobe<\/li>\n\n\n\n<li>Frequenz<\/li>\n\n\n\n<li>Kundenbed\u00fcrfnisse<\/li>\n\n\n\n<li>Anl\u00e4sse<\/li>\n\n\n\n<li>Informationsquellen<\/li>\n\n\n\n<li>J\u00e4hrliche Ausgaben<\/li>\n\n\n\n<li>Anteil am Geldbeutel<\/li>\n\n\n\n<li>Voraussichtliche Ausgaben<\/li>\n\n\n\n<li>Massenmarke vs. Premiummarke<\/li>\n\n\n\n<li>Bewusstsein<\/li>\n\n\n\n<li>Affinit\u00e4t<\/li>\n\n\n\n<li>Relevanz<\/li>\n\n\n\n<li>Wettbewerbsf\u00e4higes Set<\/li>\n\n\n\n<li>L\u00f6st aus<\/li>\n\n\n\n<li>Sensorisch<\/li>\n\n\n\n<li>Online-Kan\u00e4le<\/li>\n\n\n\n<li>Eleganz<\/li>\n\n\n\n<li>Produktvielfalt<\/li>\n\n\n\n<li>Preis-Leistungs-Verh\u00e4ltnis<\/li>\n<\/ul>\n\n\n\n<p class=\"p1\">&nbsp;<\/p>","protected":false},"excerpt":{"rendered":"<p>SIS ist ein f\u00fchrendes globales Marktforschungs- und Strategieforschungsunternehmen. Erfahren Sie mehr \u00fcber Marktforschung im Bereich Mode und Bekleidung.<\/p>","protected":false},"author":1,"featured_media":63945,"parent":14514,"menu_order":15,"comment_status":"open","ping_status":"open","template":"","meta":{"footnotes":""},"class_list":["post-15230","page","type-page","status-publish","has-post-thumbnail"],"_links":{"self":[{"href":"https:\/\/www.sisinternational.com\/de\/wp-json\/wp\/v2\/pages\/15230","targetHints":{"allow":["GET"]}}],"collection":[{"href":"https:\/\/www.sisinternational.com\/de\/wp-json\/wp\/v2\/pages"}],"about":[{"href":"https:\/\/www.sisinternational.com\/de\/wp-json\/wp\/v2\/types\/page"}],"author":[{"embeddable":true,"href":"https:\/\/www.sisinternational.com\/de\/wp-json\/wp\/v2\/users\/1"}],"replies":[{"embeddable":true,"href":"https:\/\/www.sisinternational.com\/de\/wp-json\/wp\/v2\/comments?post=15230"}],"version-history":[{"count":6,"href":"https:\/\/www.sisinternational.com\/de\/wp-json\/wp\/v2\/pages\/15230\/revisions"}],"predecessor-version":[{"id":81375,"href":"https:\/\/www.sisinternational.com\/de\/wp-json\/wp\/v2\/pages\/15230\/revisions\/81375"}],"up":[{"embeddable":true,"href":"https:\/\/www.sisinternational.com\/de\/wp-json\/wp\/v2\/pages\/14514"}],"wp:featuredmedia":[{"embeddable":true,"href":"https:\/\/www.sisinternational.com\/de\/wp-json\/wp\/v2\/media\/63945"}],"wp:attachment":[{"href":"https:\/\/www.sisinternational.com\/de\/wp-json\/wp\/v2\/media?parent=15230"}],"curies":[{"name":"wp","href":"https:\/\/api.w.org\/{rel}","templated":true}]}}