{"id":15225,"date":"2015-04-09T21:42:37","date_gmt":"2015-04-09T21:42:37","guid":{"rendered":"https:\/\/www.sisinternational.com\/?page_id=15225"},"modified":"2025-09-07T18:40:11","modified_gmt":"2025-09-07T22:40:11","slug":"sicherheitsmarktforschung","status":"publish","type":"page","link":"https:\/\/www.sisinternational.com\/de\/sachverstand\/sicherheitsmarktforschung\/","title":{"rendered":"Sicherheitsmarktforschung"},"content":{"rendered":"<h1 class=\"wp-block-heading\">Sicherheitsmarktforschung<\/h1>\n\n\n\n<figure class=\"gb-block-image gb-block-image-26d728a3\"><img loading=\"lazy\" decoding=\"async\" width=\"1456\" height=\"816\" class=\"gb-image gb-image-26d728a3\" src=\"https:\/\/www.sisinternational.com\/wp-content\/uploads\/2025\/08\/Cibersecurity-security-7.jpg\" alt=\"SIS International Marktforschung &amp; Strategie\" title=\"Cibersecurity security (7)\" srcset=\"https:\/\/www.sisinternational.com\/wp-content\/uploads\/2025\/08\/Cibersecurity-security-7.jpg 1456w, https:\/\/www.sisinternational.com\/wp-content\/uploads\/2025\/08\/Cibersecurity-security-7-300x168.jpg 300w, https:\/\/www.sisinternational.com\/wp-content\/uploads\/2025\/08\/Cibersecurity-security-7-1024x574.jpg 1024w, https:\/\/www.sisinternational.com\/wp-content\/uploads\/2025\/08\/Cibersecurity-security-7-768x430.jpg 768w, https:\/\/www.sisinternational.com\/wp-content\/uploads\/2025\/08\/Cibersecurity-security-7-18x10.jpg 18w\" sizes=\"auto, (max-width: 1456px) 100vw, 1456px\"><\/figure>\n\n\n\n<p>&nbsp;<\/p>\n\n\n\n<h2 class=\"wp-block-heading p1\">Angesichts der weltweiten terroristischen Aktivit\u00e4ten, des Hacktivismus und der zunehmenden Internetkriminalit\u00e4t war die Notwendigkeit erh\u00f6hter Sicherheitsma\u00dfnahmen f\u00fcr Unternehmen noch nie so klar und vorausschauend.<\/h2>\n\n\n\n<p>SIS International Research hat umfangreiche Forschungen zu Unternehmenssicherheit, Cybersicherheit und physischer Sicherheit in Echtzeit durchgef\u00fchrt, die sich auf den Schutz von Verm\u00f6genswerten, geistigem Eigentum und dem Ruf eines Unternehmens beziehen. Ganz gleich, ob Sie ein Sicherheitsunternehmen sind oder die Vorteile verbesserter Sicherheit erkunden m\u00f6chten, wir k\u00f6nnen Sie mit Daten, Forschung, Erkenntnissen und Strategien unterst\u00fctzen.<\/p>\n\n\n\n<h2 class=\"wp-block-heading p1\">Marktforschungsmethoden<\/h2>\n\n\n\n<p class=\"p1\">Recently, we\u2019ve undertaken channel <a href=\"https:\/\/www.sisinternational.com\/de\/nachhaltigkeitsstrategien-fur-unternehmen-eine-fallstudie-von-siemens\/\" title=\"Nachhaltigkeitsstrategien f\u00fcr Unternehmen: Eine Siemens-Fallstudie\"  data-wpil-monitor-id=\"10786\">studies for corporate<\/a> and industrial security projects in North America. We\u2019ve utilized <a href=\"https:\/\/www.sisinternational.com\/de\/global-competitive-intelligence-blueprint-von-ruth-stanat-competitive-intelligence-magazine\/\" title=\"Globales Competitive Intelligence-Unternehmen\"  data-wpil-monitor-id=\"10779\">Competitive Intelligence techniques to explore global<\/a> cybersecurity measures in-depth. Sophisticated phone studies incorporating the CATI <a href=\"https:\/\/www.sisinternational.com\/de\/sachverstand\/branchen\/computergestutzte-telefoninterviews-zur-marktforschung\/\" title=\"Computergest\u00fctzte telefonische Befragung Marktforschung\"  data-wpil-monitor-id=\"10781\">Telephone Survey methodology have assisted<\/a> in the evaluation of product features, consumer needs, and potential pricing.<\/p>\n\n\n\n<p class=\"p1\">New <a href=\"https:\/\/www.sisinternational.com\/de\/losungen\/branding-und-kundenforschungslosungen\/produkttests-marktforschung\/\" title=\"Produkttests Marktforschung\"  data-wpil-monitor-id=\"10777\">Product Testing research<\/a>, Customer Interviews, Focus Groups, Market Trend \/ Response studies, B2B Executive Interviews, and Low Incidence research \u2026 these approaches can provide insight, which can make your business safer and more successful.<\/p>\n\n\n\n<h2 class=\"wp-block-heading\">L\u00f6sungen f\u00fcr die Sicherheitsmarktforschung<\/h2>\n\n\n\n<p><a href=\"https:\/\/www.sisinternational.com\/de\/kontaktieren-sie-sis-international-market-research\/\" title=\"Kontaktiere uns\"  data-wpil-monitor-id=\"10774\">SIS International Forschung<\/a> has focused on household and business security systems for small and mid-size business owners and on international cybersecurity efforts. Our results-oriented research is particularly helpful for SMB managers who manage company security functions. If you\u2019re business is exploring potential security solutions, effective market <a href=\"https:\/\/www.sisinternational.com\/de\/cybersicherheit-im-gesundheitswesen\/\" title=\"Marktforschung zur Cybersicherheit im Gesundheitswesen\"  data-wpil-monitor-id=\"7259\">Forschung<\/a> can guide you towards obtaining the professional security protection you need in the 21st Century. For security companies, we\u2019ll help you understand markets and clients in <a href=\"https:\/\/www.sisinternational.com\/de\/veroffentlichungen\/skalierbare-geschaftsmarktforschung-7-moglichkeiten-zum-aufbau-eines-skalierbaren-geschafts\/\" title=\"Marktforschung f\u00fcr skalierbare Unternehmen: 7 M\u00f6glichkeiten zum Aufbau eines skalierbaren Unternehmens\"  data-wpil-monitor-id=\"10784\">ways<\/a> that brighten your business outlook and ensure your success.<\/p>\n\n\n\n<h2 class=\"wp-block-heading\"><a href=\"https:\/\/www.sisinternational.com\/de\/about-sis\/contact-sis-international-market-research\/\">Kontaktieren Sie uns f\u00fcr Ihr n\u00e4chstes Sicherheitsmarktforschungsprojekt.<\/a><\/h2>","protected":false},"excerpt":{"rendered":"<p>SIS stellt Unternehmen Erkenntnisse, Daten und Strategien aus der Marktforschung zu Chancen, Bedrohungen und Technologien im Bereich Sicherheit zur Verf\u00fcgung.<\/p>","protected":false},"author":1,"featured_media":64042,"parent":14514,"menu_order":14,"comment_status":"open","ping_status":"open","template":"","meta":{"footnotes":""},"class_list":["post-15225","page","type-page","status-publish","has-post-thumbnail"],"_links":{"self":[{"href":"https:\/\/www.sisinternational.com\/de\/wp-json\/wp\/v2\/pages\/15225","targetHints":{"allow":["GET"]}}],"collection":[{"href":"https:\/\/www.sisinternational.com\/de\/wp-json\/wp\/v2\/pages"}],"about":[{"href":"https:\/\/www.sisinternational.com\/de\/wp-json\/wp\/v2\/types\/page"}],"author":[{"embeddable":true,"href":"https:\/\/www.sisinternational.com\/de\/wp-json\/wp\/v2\/users\/1"}],"replies":[{"embeddable":true,"href":"https:\/\/www.sisinternational.com\/de\/wp-json\/wp\/v2\/comments?post=15225"}],"version-history":[{"count":7,"href":"https:\/\/www.sisinternational.com\/de\/wp-json\/wp\/v2\/pages\/15225\/revisions"}],"predecessor-version":[{"id":67336,"href":"https:\/\/www.sisinternational.com\/de\/wp-json\/wp\/v2\/pages\/15225\/revisions\/67336"}],"up":[{"embeddable":true,"href":"https:\/\/www.sisinternational.com\/de\/wp-json\/wp\/v2\/pages\/14514"}],"wp:featuredmedia":[{"embeddable":true,"href":"https:\/\/www.sisinternational.com\/de\/wp-json\/wp\/v2\/media\/64042"}],"wp:attachment":[{"href":"https:\/\/www.sisinternational.com\/de\/wp-json\/wp\/v2\/media?parent=15225"}],"curies":[{"name":"wp","href":"https:\/\/api.w.org\/{rel}","templated":true}]}}