{"id":15205,"date":"2015-04-09T09:44:31","date_gmt":"2015-04-09T09:44:31","guid":{"rendered":"https:\/\/www.sisinternational.com\/?page_id=15205"},"modified":"2026-01-25T17:34:49","modified_gmt":"2026-01-25T22:34:49","slug":"internationale-forschung-zum-geistigen-eigentum","status":"publish","type":"page","link":"https:\/\/www.sisinternational.com\/de\/losungen\/sis-globales-wachstum\/internationale-forschung-zum-geistigen-eigentum\/","title":{"rendered":"Marktforschung zum geistigen Eigentum"},"content":{"rendered":"<h1 class=\"wp-block-heading\">Marktforschung zum geistigen Eigentum<\/h1>\n\n\n\n<figure class=\"gb-block-image gb-block-image-5493aa1d\"><img loading=\"lazy\" decoding=\"async\" width=\"1024\" height=\"574\" class=\"gb-image gb-image-5493aa1d\" src=\"https:\/\/www.sisinternational.com\/wp-content\/uploads\/2025\/08\/RegTech-5-1024x574.jpg\" alt=\"SIS International Marktforschung &amp; Strategie\" title=\"RegTech (5)\" srcset=\"https:\/\/www.sisinternational.com\/wp-content\/uploads\/2025\/08\/RegTech-5-1024x574.jpg 1024w, https:\/\/www.sisinternational.com\/wp-content\/uploads\/2025\/08\/RegTech-5-300x168.jpg 300w, https:\/\/www.sisinternational.com\/wp-content\/uploads\/2025\/08\/RegTech-5-768x430.jpg 768w, https:\/\/www.sisinternational.com\/wp-content\/uploads\/2025\/08\/RegTech-5-18x10.jpg 18w, https:\/\/www.sisinternational.com\/wp-content\/uploads\/2025\/08\/RegTech-5.jpg 1456w\" sizes=\"auto, (max-width: 1024px) 100vw, 1024px\"><\/figure>\n\n\n\n<p><\/p>\n\n\n\n<hr class=\"wp-block-separator has-alpha-channel-opacity is-style-dots\"\/>\n\n\n\n<h2 class=\"wp-block-heading p1\">International intellectual property law involves bilateral and multilateral agreements that seek to augment domestic rules that govern and protect intellectual property (IP). Most cross-border IP issues are addressed through the World Intellectual Property Organization (WIPO).<\/h2>\n\n\n\n<p class=\"p1\">In the world of business, intellectual property issues are increasingly being encountered given its highly globalized environment wherein thousands of companies participate. Given the level of competition resulting from this climate, companies realize the importance of protecting their intellectual properties. IP includes a broad range of concepts including trade names (such as &#8220;Starbuck&#8217;s&#8221;), an industry report conducted by a research firm, movies, images, books, cooking recipes, medicines, trade secrets, manufacturing processes, and architectural design.<\/p>\n\n\n\n<p class=\"p1\">Die h\u00e4ufigsten Themen, die oft zu teuren und schmerzhaften Rechtsstreitigkeiten f\u00fchren, sind Vorw\u00fcrfe von Patent-, Urheberrechts- und Markenrechtsverletzungen. Neben der technologischen Infrastruktur, auf der moderne Unternehmen heute florieren, sind auch Eigentumsrechte an digitalen Inhalten, Softwaredesign, Dom\u00e4nennamen und Datenbanken Brennpunkte der Konfrontation. Dies macht geistiges Eigentum zu einem wichtigen Bestandteil jedes Unternehmens, das auf der globalen B\u00fchne erfolgreich sein will.<\/p>\n\n\n\n<p class=\"p1\">For managers, knowledge of IP fundamentals will not only help protect their companies&#8217; intellectual assets but also help steer their companies away from hostile legal suits arising from allegations of IP infringements. The sheer abundance of players, products, and services in just about any business sector increases the risk of companies from having their intellectual assets misappropriated by other entities. While some infringements are unintentional, others are calculated and committed by unethical business entities.<\/p>\n\n\n\n<p class=\"p1\">Dennoch sind die Manager von Organisationen, die sich an die Best Practices des globalen Gesch\u00e4fts halten, verpflichtet, international anerkannte Gesetze zum Schutz geistigen Eigentums zu befolgen und umzusetzen. Die Verfolgung geistiger Eigentumsrechte (IPR) liegt in ihrem besten Interesse, weil:<\/p>\n\n\n\n<ol class=\"wp-block-list\">\n<li>Es sch\u00fctzt die Verm\u00f6genswerte, die Unternehmen einen Wettbewerbsvorteil verschaffen<\/li>\n\n\n\n<li>Es verbessert das Branding<\/li>\n\n\n\n<li>Es h\u00e4lt Unternehmen davon ab, bestehende Rechte zu verletzen<\/li>\n\n\n\n<li>Es kann als Einnahmequelle durch Lizenzierung oder Technologietransfer genutzt werden<\/li>\n\n\n\n<li>Es steigert den Marktwert eines Unternehmens<\/li>\n<\/ol>\n\n\n\n<h2 class=\"wp-block-heading\">\u00dcber Intellectual Property Market Research<\/h2>\n\n\n\n<p>Marktforschung liefert Erkenntnisse, Informationen und Strategien zum Schutz geistigen Eigentums. Im Folgenden finden Sie unsere L\u00f6sungen:<\/p>\n\n\n\n<ul class=\"wp-block-list\">\n<li>Sekund\u00e4rforschung zu Verletzungen gesch\u00fctzten geistigen Eigentums<\/li>\n\n\n\n<li>Kundenforschung<\/li>\n\n\n\n<li>Trademark <a href=\"https:\/\/www.sisinternational.com\/de\/sachverstand\/branchen\/zoologie-marktforschung\/\" title=\"Zoologie Marktforschung\"  data-wpil-monitor-id=\"4307\">Market Confusion research<\/a><\/li>\n\n\n\n<li>Schwellenl\u00e4nderforschung<\/li>\n\n\n\n<li>Marktforschung f\u00fcr China<\/li>\n\n\n\n<li>Key Opinion Leader-Forschung<\/li>\n\n\n\n<li>Marktforschung f\u00fcr Grauwaren<\/li>\n\n\n\n<li>H\u00e4ndlerforschung<\/li>\n\n\n\n<li>Meinungsf\u00fchrer-Interviews<\/li>\n\n\n\n<li>Sachverst\u00e4ndigenbeschaffung<\/li>\n<\/ul>\n\n\n<h2>Unser Standort in New York<\/h2>\n<p><iframe loading=\"lazy\" src=\"https:\/\/www.google.com\/maps\/embed?pb=!1m18!1m12!1m3!1d3022.976188376966!2d-73.99130312499956!3d40.740549471389315!2m3!1f0!2f0!3f0!3m2!1i1024!2i768!4f13.1!3m3!1m2!1s0x89c259a15798c731%3A0xd695d09bdd495f25!2s11%20E%2022nd%20St%20FL%202%2C%20New%20York%2C%20NY%2010010%2C%20USA!5e0!3m2!1sen!2spe!4v1726171763526!5m2!1sen!2spe\" width=\"600\" height=\"450\" allowfullscreen=\"allowfullscreen\" data-mce-fragment=\"1\"><\/iframe><\/p>\n<h3 class=\"wp-block-heading\">11 E 22nd Street, Floor 2, New York, NY 10010 T: +1(212) 505-6805<\/h3>\n<hr \/>\n<h2><span style=\"font-weight: 400;\">\u00dcber SIS International<\/span><\/h2>\n<p><a href=\"https:\/\/www.sisinternational.com\/de\/\"><span style=\"font-weight: 400;\">SIS International<\/span><\/a><span style=\"font-weight: 400;\">\u00a0bietet quantitative, qualitative und strategische Forschung an. Wir liefern Daten, Tools, Strategien, Berichte und Erkenntnisse zur Entscheidungsfindung. Wir f\u00fchren auch Interviews, Umfragen, Fokusgruppen und andere Methoden und Ans\u00e4tze der Marktforschung durch.<\/span><a href=\"https:\/\/www.sisinternational.com\/de\/uber-sis-international-research\/contact-sis-international-market-research\/\"><span style=\"font-weight: 400;\">\u00a0Kontakt<\/span><\/a><span style=\"font-weight: 400;\">\u00a0f\u00fcr Ihr n\u00e4chstes Marktforschungsprojekt.<\/span><\/p>\n<\/p>","protected":false},"excerpt":{"rendered":"<p>Entdecken Sie, wie Marktforschung Ihren Bedarf im Bereich geistiges Eigentum decken kann.<\/p>","protected":false},"author":1,"featured_media":64865,"parent":22092,"menu_order":0,"comment_status":"open","ping_status":"open","template":"","meta":{"footnotes":""},"class_list":["post-15205","page","type-page","status-publish","has-post-thumbnail"],"_links":{"self":[{"href":"https:\/\/www.sisinternational.com\/de\/wp-json\/wp\/v2\/pages\/15205","targetHints":{"allow":["GET"]}}],"collection":[{"href":"https:\/\/www.sisinternational.com\/de\/wp-json\/wp\/v2\/pages"}],"about":[{"href":"https:\/\/www.sisinternational.com\/de\/wp-json\/wp\/v2\/types\/page"}],"author":[{"embeddable":true,"href":"https:\/\/www.sisinternational.com\/de\/wp-json\/wp\/v2\/users\/1"}],"replies":[{"embeddable":true,"href":"https:\/\/www.sisinternational.com\/de\/wp-json\/wp\/v2\/comments?post=15205"}],"version-history":[{"count":6,"href":"https:\/\/www.sisinternational.com\/de\/wp-json\/wp\/v2\/pages\/15205\/revisions"}],"predecessor-version":[{"id":78364,"href":"https:\/\/www.sisinternational.com\/de\/wp-json\/wp\/v2\/pages\/15205\/revisions\/78364"}],"up":[{"embeddable":true,"href":"https:\/\/www.sisinternational.com\/de\/wp-json\/wp\/v2\/pages\/22092"}],"wp:featuredmedia":[{"embeddable":true,"href":"https:\/\/www.sisinternational.com\/de\/wp-json\/wp\/v2\/media\/64865"}],"wp:attachment":[{"href":"https:\/\/www.sisinternational.com\/de\/wp-json\/wp\/v2\/media?parent=15205"}],"curies":[{"name":"wp","href":"https:\/\/api.w.org\/{rel}","templated":true}]}}