{"id":15166,"date":"2015-04-08T12:47:43","date_gmt":"2015-04-08T12:47:43","guid":{"rendered":"https:\/\/www.sisinternational.com\/?page_id=15166"},"modified":"2025-09-07T20:59:48","modified_gmt":"2025-09-08T00:59:48","slug":"marktintelligenz","status":"publish","type":"page","link":"https:\/\/www.sisinternational.com\/de\/losungen\/strategieberatung\/marktintelligenz\/","title":{"rendered":"Marktintelligenz"},"content":{"rendered":"<h1 class=\"wp-block-heading\">Marktforschungsunternehmen<\/h1>\n\n\n\n<figure class=\"gb-block-image gb-block-image-68cf6f57\"><img loading=\"lazy\" decoding=\"async\" width=\"1456\" height=\"816\" class=\"gb-image gb-image-68cf6f57\" src=\"https:\/\/www.sisinternational.com\/wp-content\/uploads\/2025\/08\/Desk-research-1.jpg\" srcset=\"https:\/\/www.sisinternational.com\/wp-content\/uploads\/2025\/08\/Desk-research-1.jpg 1456w, https:\/\/www.sisinternational.com\/wp-content\/uploads\/2025\/08\/Desk-research-1-300x168.jpg 300w, https:\/\/www.sisinternational.com\/wp-content\/uploads\/2025\/08\/Desk-research-1-1024x574.jpg 1024w, https:\/\/www.sisinternational.com\/wp-content\/uploads\/2025\/08\/Desk-research-1-768x430.jpg 768w, https:\/\/www.sisinternational.com\/wp-content\/uploads\/2025\/08\/Desk-research-1-18x10.jpg 18w\" sizes=\"auto, (max-width: 1456px) 100vw, 1456px\" alt=\"SIS International Marktforschung &amp; Strategie\"><\/figure>\n\n\n\n<p><\/p>\n\n\n\n<h2 class=\"wp-block-heading\">Was ist Marktintelligenz?<\/h2>\n\n\n\n<p>Marktintelligenz ist ein Prozess, bei dem alle f\u00fcr die M\u00e4rkte eines Unternehmens relevanten Informationen gesammelt und analysiert werden, um bessere Entscheidungen zu unterst\u00fctzen und zu treffen.<\/p>\n\n\n\n<p>To be successful, a company must know its market inside and out.&nbsp; With this insight, companies are able to rapidly&nbsp;launch products or services, determine profitable customer segments, adjust pricing, evaluate the supply chain and distribution channels, and make many other important decisions.<\/p>\n\n\n\n<p>W\u00e4hrend das Konzept der Marktintelligenz intuitiv und unkompliziert ist, ist der Aufwand, der dahinter steckt, komplex und endlos.<\/p>\n\n\n\n<h2 class=\"wp-block-heading\">Wann wird Marktintelligenz eingesetzt?<\/h2>\n\n\n\n<p>MI is often used when a company is seeking to enter a new market, or <a href=\"https:\/\/www.sisinternational.com\/de\/erweiterung-der-marktreichweite-durch-eine-vielschichtige-marketingstrategie\/\" title=\"Erweiterung der Marktreichweite durch eine vielschichtige Marketingstrategie\"  data-wpil-monitor-id=\"8542\">expand into an existing market<\/a>.<\/p>\n\n\n\n<p>Eine einfache 2\u00d72-Matrix bietet eine hilfreiche visuelle Hilfe:<\/p>\n\n\n\n<figure class=\"wp-block-table\"><table class=\"has-fixed-layout\"><tbody><tr><td>&nbsp;<\/td><td>BESTEHENDE M\u00e4rkte<\/td><td>Neuer Markt<\/td><\/tr><tr><td>Existierendes Produkt<\/td><td>&nbsp;<\/td><td>&nbsp;<\/td><\/tr><tr><td>Neues Produkt<\/td><td>&nbsp;<\/td><td>&nbsp;<\/td><\/tr><\/tbody><\/table><\/figure>\n\n\n\n<p>Je nachdem, welche der vier Zellen markiert sind, sollten sich die Richtung und die Anforderungen des Prozesses ergeben.<\/p>\n\n\n\n<h2 class=\"wp-block-heading\">Wie wird Marktintelligenz durchgef\u00fchrt?<\/h2>\n\n\n\n<p>MI sollte immer mit einer klaren Zielsetzung beginnen, gefolgt von einer Reihe von Fragen, deren Antworten den Benutzern die richtigen Ma\u00dfnahmen aufzeigen. Fragen sollten im Idealfall nur gestellt werden, wenn bereits sorgf\u00e4ltig \u00fcberlegt wurde, wie jede Antwort zu einer Entscheidung beitr\u00e4gt.<\/p>\n\n\n\n<p>Hier ist ein Beispiel f\u00fcr Ziele und Beispielfragen.<\/p>\n\n\n\n<ul class=\"wp-block-list\">\n<li><strong>Gelegenheiten<\/strong>\n<ul class=\"wp-block-list\">\n<li>Gibt es auf dem Markt unerf\u00fcllte Bed\u00fcrfnisse?<\/li>\n\n\n\n<li>Gibt es alternative Produkte\/Dienstleistungen?<\/li>\n\n\n\n<li>Is the <a href=\"https:\/\/www.sisinternational.com\/de\/billigflieger-in-der-luftfahrtindustrie\/\" title=\"Marktforschung f\u00fcr Billigflieger\"  data-wpil-monitor-id=\"8537\">market national or global<\/a> in scope?<\/li>\n\n\n\n<li>What is the current <a href=\"https:\/\/www.sisinternational.com\/de\/losungen\/strategieberatung\/markteintritts-machbarkeits-dimensionierungsstudien\/\" title=\"Markteintritts-, Machbarkeits- und Gr\u00f6\u00dfenstudien\"  data-wpil-monitor-id=\"8543\">size of the market<\/a>?<\/li>\n\n\n\n<li>What is the estimated <a href=\"https:\/\/www.sisinternational.com\/de\/losungen\/internationale-unternehmenswachstumsmarktforschung\/\" title=\"Internationale Marktforschung zum Unternehmenswachstum\"  data-wpil-monitor-id=\"8540\">growth of the market<\/a>?<\/li>\n\n\n\n<li>Welche Cross-Marketing-M\u00f6glichkeiten gibt es, wenn \u00fcberhaupt?<\/li>\n<\/ul>\n<\/li>\n\n\n\n<li><strong>Bedrohungen<\/strong>\n<ul class=\"wp-block-list\">\n<li>Was kann Ihre Ziele gef\u00e4hrden?<\/li>\n<\/ul>\n<\/li>\n\n\n\n<li><strong>Trends<\/strong>\n<ul class=\"wp-block-list\">\n<li>Welche Neuigkeiten k\u00f6nnten sich auf den Erfolg auswirken?<\/li>\n<\/ul>\n<\/li>\n\n\n\n<li><strong>Aktuelle und potenzielle Wettbewerber<\/strong>\n<ul class=\"wp-block-list\">\n<li>Wer sind sie\/wer k\u00f6nnten sie sein?<\/li>\n<\/ul>\n<\/li>\n\n\n\n<li><strong>Neue Lieferanten oder Distributoren<\/strong>\n<ul class=\"wp-block-list\">\n<li>Besteht Bedarf an alternativen Quellen?<\/li>\n\n\n\n<li>Wer und wo sind sie?<\/li>\n<\/ul>\n<\/li>\n\n\n\n<li><strong>Kunden<\/strong>\n<ul class=\"wp-block-list\">\n<li>Werden sie dieselben sein oder neue Interessenten einschlie\u00dfen?<\/li>\n\n\n\n<li>Welche Preispunkte sind oder werden akzeptabel sein?<\/li>\n<\/ul>\n<\/li>\n\n\n\n<li><strong><a href=\"https:\/\/www.sisinternational.com\/de\/b2b-markteintrittsstrategien\/\" title=\"B2B-Markteintrittsstrategien\"  data-wpil-monitor-id=\"8541\">Markteintritts- und Durchdringungsstrategien<\/a><\/strong>\n<ul class=\"wp-block-list\">\n<li>Wie werden sie aussehen und worin unterscheiden sie sich von den jetzigen?<\/li>\n<\/ul>\n<\/li>\n<\/ul>\n\n\n\n<h2 class=\"wp-block-heading\">Market Intelligence-Ans\u00e4tze<\/h2>\n\n\n\n<p>Sobald die Ziele gekl\u00e4rt und vereinbart sind, kann ein Plan ausgearbeitet werden, um die Werkzeuge zur Informationsbeschaffung optimal mit einer Methode zur Integration und Analyse der Ergebnisse zu kombinieren.<\/p>\n\n\n\n<ul class=\"wp-block-list\">\n<li><strong>Sekund\u00e4rforschung<\/strong> Die Einbeziehung leicht zug\u00e4nglicher \u00f6ffentlicher Quellen wie Nachrichtenartikel, Pressemitteilungen, Finanzberichte und sogar Stellen- oder Immobilienanzeigen kann einen n\u00fctzlichen Ausgangspunkt mit einem \u00dcberblick \u00fcber den Markt, Trends, wichtige Unternehmen und Einzelpersonen bieten.<\/li>\n\n\n\n<li><strong>Soziale Medien und Big Data<\/strong> are gaining popularity as additional sources of information that may be incorporated into an overall <a href=\"https:\/\/www.sisinternational.com\/de\/losungen\/branding-und-kundenforschungslosungen\/was-ist-influencer-marketing\/\" title=\"Was ist Influencer-Marketing? Social-Media-Marketing?\"  data-wpil-monitor-id=\"8544\">market<\/a> analysis, although it may be a challenge to determine how to extract meaning from them.<\/li>\n\n\n\n<li><strong>Konferenzen und Messen<\/strong> also offer fertile ground for quickly gaining <a href=\"https:\/\/www.sisinternational.com\/de\/how-to-conduct-in-depth-interviews-for-market-insights\/\" title=\"So f\u00fchren Sie ausf\u00fchrliche Interviews durch, um Markteinblicke zu gewinnen\"  data-wpil-monitor-id=\"8539\">insights into a market<\/a>, competitors, customer needs and trends.<\/li>\n\n\n\n<li><strong>Business Intelligence (BI), Competitive Intelligence (CI) und Marktforschung (MR)<\/strong> \u00fcberschneiden sich h\u00e4ufig und k\u00f6nnen gleichzeitig mit MI verwendet werden, um ein umfassenderes Bild des Marktes, seiner wichtigsten Akteure\/Konkurrenten und potenziellen Kunden zu erhalten.\n<ul class=\"wp-block-list\">\n<li>Business intelligence tends to involve internally collected data, e.g. sales, production, budgets, while CI focuses externally, on specific competitors, and MR on <a href=\"https:\/\/www.sisinternational.com\/de\/sachverstand\/branchen\/marktforschung-zu-stimme-des-kunden-im-lebensmittel-und-getrankebereich\/\" title=\"Marktforschung zur Stimme des Kunden im Lebensmittel- und Getr\u00e4nkebereich\"  data-wpil-monitor-id=\"8538\">customers and the environment of the market<\/a>.<\/li>\n<\/ul>\n<\/li>\n<\/ul>\n\n\n\n<h2 class=\"wp-block-heading\">&nbsp;<\/h2>\n\n\n\n<h2 class=\"wp-block-heading\">Marktintelligenz verwalten<\/h2>\n\n\n\n<p>Den \u00dcberblick \u00fcber s\u00e4mtliche in der Marktintelligenz enthaltenen Informationen zu behalten, kann zeitaufw\u00e4ndig und \u00fcberw\u00e4ltigend sein.<\/p>\n\n\n\n<ul class=\"wp-block-list\">\n<li><strong>Festlegen von Priorit\u00e4ten<\/strong> In Kombination mit Regeln oder Filtern kann die Informationsflut organisiert und reduziert und so besser handhabbar gemacht werden.<\/li>\n\n\n\n<li><strong>Software und Online-Tools<\/strong> existieren, um Sie bei der Erfassung, Analyse und Speicherung Ihrer Marktinformationen zu unterst\u00fctzen. Dennoch lohnt es sich oft, bestimmte Aufgaben an ein Drittunternehmen auszulagern, das alle diese Anforderungen erf\u00fcllen und unvoreingenommenes Feedback zu optimalen Ma\u00dfnahmen liefern kann.\n<ul class=\"wp-block-list\">\n<li>Mehrere externe Firmen stellen einen Mix aus MR-, BI-, CI- und MI-Tools bereit und erm\u00f6glichen Ihnen die Verwaltung dieser Tools. Diese k\u00f6nnen Ihnen daher sowohl bei der Erfassung als auch bei der Analyse von Informationen hilfreich sein.<\/li>\n\n\n\n<li>Dar\u00fcber hinaus k\u00f6nnen solche erfahrenen Unternehmen Ihnen den R\u00fccken st\u00e4rken und daf\u00fcr sorgen, dass Sie und Ihre Kollegen an alle wichtigen Informationsbereiche gedacht haben, die Sie ben\u00f6tigen, sowie an einen Rahmen f\u00fcr deren Integration.<\/li>\n<\/ul>\n<\/li>\n\n\n\n<li>Eine hohe Qualit\u00e4t und Quantit\u00e4t der Informationen reicht nicht aus. <strong>Geschickte Analyse<\/strong> ist es wichtig, diese in Informationen umzuwandeln, die die Grundlage f\u00fcr optimale Entscheidungen bilden.<\/li>\n<\/ul>","protected":false},"excerpt":{"rendered":"<p>Erfahren Sie mehr \u00fcber Market Intelligence und wie Sie davon die Strategie und Leistung Ihres Unternehmens verbessern k\u00f6nnen.<\/p>","protected":false},"author":1,"featured_media":62798,"parent":14567,"menu_order":3,"comment_status":"open","ping_status":"open","template":"","meta":{"footnotes":""},"class_list":["post-15166","page","type-page","status-publish","has-post-thumbnail"],"_links":{"self":[{"href":"https:\/\/www.sisinternational.com\/de\/wp-json\/wp\/v2\/pages\/15166","targetHints":{"allow":["GET"]}}],"collection":[{"href":"https:\/\/www.sisinternational.com\/de\/wp-json\/wp\/v2\/pages"}],"about":[{"href":"https:\/\/www.sisinternational.com\/de\/wp-json\/wp\/v2\/types\/page"}],"author":[{"embeddable":true,"href":"https:\/\/www.sisinternational.com\/de\/wp-json\/wp\/v2\/users\/1"}],"replies":[{"embeddable":true,"href":"https:\/\/www.sisinternational.com\/de\/wp-json\/wp\/v2\/comments?post=15166"}],"version-history":[{"count":5,"href":"https:\/\/www.sisinternational.com\/de\/wp-json\/wp\/v2\/pages\/15166\/revisions"}],"predecessor-version":[{"id":81432,"href":"https:\/\/www.sisinternational.com\/de\/wp-json\/wp\/v2\/pages\/15166\/revisions\/81432"}],"up":[{"embeddable":true,"href":"https:\/\/www.sisinternational.com\/de\/wp-json\/wp\/v2\/pages\/14567"}],"wp:featuredmedia":[{"embeddable":true,"href":"https:\/\/www.sisinternational.com\/de\/wp-json\/wp\/v2\/media\/62798"}],"wp:attachment":[{"href":"https:\/\/www.sisinternational.com\/de\/wp-json\/wp\/v2\/media?parent=15166"}],"curies":[{"name":"wp","href":"https:\/\/api.w.org\/{rel}","templated":true}]}}