{"id":15125,"date":"2015-04-01T18:31:05","date_gmt":"2015-04-01T18:31:05","guid":{"rendered":"https:\/\/www.sisinternational.com\/?page_id=15125"},"modified":"2026-01-26T17:10:35","modified_gmt":"2026-01-26T22:10:35","slug":"nahrungsmittel-und-getranke-im-asien-pazifik-raum","status":"publish","type":"page","link":"https:\/\/www.sisinternational.com\/de\/sachverstand\/lebenslaufe\/nahrungsmittel-und-getranke-im-asien-pazifik-raum\/","title":{"rendered":"Lebensmittel- und Getr\u00e4nkemarktforschung in Asien"},"content":{"rendered":"<h1 class=\"wp-block-heading\">Lebensmittel- und Getr\u00e4nkemarktforschung in Asien<\/h1>\n\n\n\n<figure class=\"gb-block-image gb-block-image-6c08cd34\"><img loading=\"lazy\" decoding=\"async\" width=\"1456\" height=\"816\" class=\"gb-image gb-image-6c08cd34\" src=\"https:\/\/www.sisinternational.com\/wp-content\/uploads\/2025\/09\/Asian-food-55-1.jpg\" alt=\"SIS International Marktforschung &amp; Strategie\" title=\"Asian food 55 (1)\" srcset=\"https:\/\/www.sisinternational.com\/wp-content\/uploads\/2025\/09\/Asian-food-55-1.jpg 1456w, https:\/\/www.sisinternational.com\/wp-content\/uploads\/2025\/09\/Asian-food-55-1-300x168.jpg 300w, https:\/\/www.sisinternational.com\/wp-content\/uploads\/2025\/09\/Asian-food-55-1-1024x574.jpg 1024w, https:\/\/www.sisinternational.com\/wp-content\/uploads\/2025\/09\/Asian-food-55-1-768x430.jpg 768w, https:\/\/www.sisinternational.com\/wp-content\/uploads\/2025\/09\/Asian-food-55-1-18x10.jpg 18w\" sizes=\"auto, (max-width: 1456px) 100vw, 1456px\"><\/figure>\n\n\n\n<p><\/p>\n\n\n\n<h2 class=\"wp-block-heading\">SIS ist ein f\u00fchrendes globales Marktforschungsunternehmen. Entdecken Sie unsere Erfahrung.<\/h2>\n\n\n\n<h2 class=\"wp-block-heading\">China<\/h2>\n\n\n\n<ul class=\"wp-block-list\">\n<li>Durchf\u00fchrung einer Studie zu japanischen Sake-Etiketten in Shanghai<\/li>\n\n\n\n<li>Durchf\u00fchrung eines Projekts zu alkoholischen Getr\u00e4nken in China (und Frankreich)<\/li>\n<\/ul>\n\n\n\n<h2 class=\"wp-block-heading\">S\u00fcdkorea<\/h2>\n\n\n\n<ul class=\"wp-block-list\">\n<li>Durchf\u00fchrung einer Studie zum Erfolg koreanischer Lebensmittelmessen<\/li>\n\n\n\n<li>Durchf\u00fchrung einer Marktchancenstudie in Korea<\/li>\n\n\n\n<li>Rekrutierte Teilnehmer f\u00fcr In-Home-Interviews in Seoul, S\u00fcdkorea<\/li>\n<\/ul>\n\n\n\n<h2 class=\"wp-block-heading\">Sonstiger Asien-Pazifik-Raum<\/h2>\n\n\n\n<ul class=\"wp-block-list\">\n<li>Durchf\u00fchrung einer pers\u00f6nlichen Interviewstudie in Tokio, einschlie\u00dflich eines Produkttests<\/li>\n\n\n\n<li>Durchf\u00fchrung einer ausf\u00fchrlichen Interviewstudie in Bangkok<\/li>\n\n\n\n<li><a href=\"https:\/\/www.sisinternational.com\/de\/fokusgruppen-in-asien\/\" title=\"Fokusgruppen in Asien\"  data-wpil-monitor-id=\"2464\">Focus group study in Asia<\/a> regarding brand research<\/li>\n\n\n\n<li>Interviews mit H\u00e4ndlern f\u00fcr landwirtschaftliche Ger\u00e4te in Vietnam<\/li>\n\n\n\n<li>Durchf\u00fchrung einer Marktforschungsstudie zum Vertriebsmarkt in Japan<\/li>\n\n\n\n<li>Durchf\u00fchrung einer Fokusgruppe in Jakarta, Indonesien<\/li>\n\n\n\n<li>Durchgef\u00fchrte Forschungsstudie zur Honig-Zitronen-Tee-Industrie in Singapur<\/li>\n<\/ul>\n\n\n\n<h2 class=\"wp-block-heading\">Allgemein<\/h2>\n\n\n\n<ul class=\"wp-block-list\">\n<li>Durchf\u00fchrung einer Wettbewerbsanalyse f\u00fcr eine Fast-Food-Kette in Mexiko<\/li>\n\n\n\n<li><a href=\"https:\/\/www.sisinternational.com\/de\/sachverstand\/branchen\/snacks-marktforschung\/\" title=\"Snacks Marktforschung\"  data-wpil-monitor-id=\"6442\">Snack food desk research<\/a> Studie<\/li>\n\n\n\n<li>Durchf\u00fchrung einer qualitativen Studie zum Testen neuer Men\u00fckonzepte f\u00fcr Fast Food in drei verschiedenen M\u00e4rkten<\/li>\n\n\n\n<li>Durchf\u00fchrung von Fokusgruppen in \u00fcber 14 L\u00e4ndern zur Festlegung einer globalen Werbekampagne<\/li>\n\n\n\n<li>Durchf\u00fchrung von zwei Fokusgruppen zur Geschmackspr\u00fcfung einer Reihe von Fr\u00fchst\u00fccksbr\u00f6tchen<\/li>\n\n\n\n<li>Durchf\u00fchrung einer Fokusgruppe f\u00fcr Smoothie-Konsumenten in LA und NY<\/li>\n\n\n\n<li>Durchf\u00fchrung mehrerer Standortauswahlstudien f\u00fcr eine Fast-Food-Kette in Mexiko<\/li>\n\n\n\n<li>Durchf\u00fchrung von Befragungen von Verbrauchern in Burger King-Filialen, um deren Zufriedenheit mit dem Service an bestimmten Standorten in Indiana zu ermitteln<\/li>\n\n\n\n<li>Conducted a global menu change study in over 14 countries covering Western, Central, and Eastern Europe, Asia and Latin America<\/li>\n\n\n\n<li>Conducted a market feasibility study for site locations in select countries in <a href=\"https:\/\/www.sisinternational.com\/de\/marktforschung-im-nahen-osten\/\" title=\"Marktforschung im Nahen Osten\"  data-wpil-monitor-id=\"2944\">Asia and in the Middle East<\/a><\/li>\n\n\n\n<li>Conducted a site location study in Greece, Jakarta, Indonesia, and Manila, Philippines for the potential for fast food outlets<\/li>\n\n\n\n<li>Durchf\u00fchrung von Fokusgruppen mit Kindern zur Bestimmung von Werbeartikeln f\u00fcr eine Fast-Food-Kette<\/li>\n\n\n\n<li>Durchf\u00fchrung einer Studie zu den Ausgaben f\u00fcr Informationstechnologie in der Lebensmittel- und Fastfood-Industrie<\/li>\n\n\n\n<li>Durchf\u00fchrung von Fokusgruppen im Nahen Osten, um Men\u00fc\u00e4nderungen f\u00fcr ein Fast-Food-Unternehmen festzulegen<\/li>\n\n\n\n<li>Durchf\u00fchrung eines Forschungsprojekts zu Chips und Pommes Frites mit Schwerpunkt auf Markenpositionierung und Markenlinien<\/li>\n\n\n\n<li>Durchf\u00fchrung einer Forschungsstudie zu d\u00e4nischem K\u00e4se<\/li>\n<\/ul>","protected":false},"excerpt":{"rendered":"<p>Durchgef\u00fchrte Forschungsstudie \u00fcber die Honig-Zitronen-Tee-Industrie in<br \/>\nSingapur<\/p>","protected":false},"author":1,"featured_media":63207,"parent":15106,"menu_order":1,"comment_status":"open","ping_status":"open","template":"","meta":{"footnotes":""},"class_list":["post-15125","page","type-page","status-publish","has-post-thumbnail"],"_links":{"self":[{"href":"https:\/\/www.sisinternational.com\/de\/wp-json\/wp\/v2\/pages\/15125","targetHints":{"allow":["GET"]}}],"collection":[{"href":"https:\/\/www.sisinternational.com\/de\/wp-json\/wp\/v2\/pages"}],"about":[{"href":"https:\/\/www.sisinternational.com\/de\/wp-json\/wp\/v2\/types\/page"}],"author":[{"embeddable":true,"href":"https:\/\/www.sisinternational.com\/de\/wp-json\/wp\/v2\/users\/1"}],"replies":[{"embeddable":true,"href":"https:\/\/www.sisinternational.com\/de\/wp-json\/wp\/v2\/comments?post=15125"}],"version-history":[{"count":6,"href":"https:\/\/www.sisinternational.com\/de\/wp-json\/wp\/v2\/pages\/15125\/revisions"}],"predecessor-version":[{"id":80025,"href":"https:\/\/www.sisinternational.com\/de\/wp-json\/wp\/v2\/pages\/15125\/revisions\/80025"}],"up":[{"embeddable":true,"href":"https:\/\/www.sisinternational.com\/de\/wp-json\/wp\/v2\/pages\/15106"}],"wp:featuredmedia":[{"embeddable":true,"href":"https:\/\/www.sisinternational.com\/de\/wp-json\/wp\/v2\/media\/63207"}],"wp:attachment":[{"href":"https:\/\/www.sisinternational.com\/de\/wp-json\/wp\/v2\/media?parent=15125"}],"curies":[{"name":"wp","href":"https:\/\/api.w.org\/{rel}","templated":true}]}}